{"id":7101,"date":"2021-12-30T21:01:07","date_gmt":"2021-12-30T21:01:07","guid":{"rendered":"https:\/\/iberoid.com\/?post_type=product&#038;p=7101"},"modified":"2025-08-17T11:42:58","modified_gmt":"2025-08-17T11:42:58","slug":"norditropin-nordiflex-45iu-15-mg-pen","status":"publish","type":"product","link":"https:\/\/iberoid.com\/pt\/product\/norditropin-nordiflex-45iu-15-mg-pen\/","title":{"rendered":"Norditropin NordiFlex 45iu (15 Mg) Pen"},"content":{"rendered":"<p>Norditropin Simplexx \u00e9 fabricado pela Novo Nordisk, Dinamarca. Norditropin Simplexx fabricado usando tecnologia de DNA recombinante no sistema de express\u00e3o de secre\u00e7\u00e3o de E.coli. Norditropin Simplexx \u00e9 embalado em cartuchos de 15mg (45iu)\/1,5ml de formula\u00e7\u00e3o l\u00edquida de horm\u00f4nio de crescimento para ser usado com caneta.<\/p>\n<p>A maioria dos outros horm\u00f4nios de crescimento deve ser refrigerada o tempo todo, mas n\u00e3o Norditropin\u00ae. Pode ser mantido \u00e0 temperatura ambiente (at\u00e9 25 \u00b0 C &#8211; 77 \u00b0 F) se voc\u00ea for us\u00e1-los dentro de 21 dias. (Se voc\u00ea precisar manter a caneta por at\u00e9 4 semanas, guarde-a na geladeira) Isso pode permitir maior flexibilidade sem ter que planejar a refrigera\u00e7\u00e3o do Norditropin durante visitas noturnas, f\u00e9rias e at\u00e9 viagens de \u00faltima hora.<\/p>","protected":false},"excerpt":{"rendered":"<p>Norditropin Simplexx \u00e9 fabricado pela Novo Nordisk, Dinamarca. Norditropin Simplexx fabricado usando tecnologia de DNA recombinante no sistema de express\u00e3o<\/p>\n","protected":false},"featured_media":7102,"comment_status":"open","ping_status":"closed","template":"","meta":[],"product_brand":[],"product_cat":[76,3474],"product_tag":[],"class_list":{"0":"post-7101","1":"product","2":"type-product","3":"status-publish","4":"has-post-thumbnail","6":"product_cat-hgh_peptido","7":"product_cat-packs","9":"first","10":"outofstock","11":"sale","12":"shipping-taxable","13":"purchasable","14":"product-type-simple"},"yoast_head":"<!-- This site is optimized with the Yoast SEO Premium plugin v24.4 (Yoast SEO v27.0) - https:\/\/yoast.com\/product\/yoast-seo-premium-wordpress\/ -->\n<title>Norditropin NordiFlex 45iu (15 Mg) Pen - Ester\u00f3ides Online<\/title>\n<meta name=\"description\" content=\"Norditropin Simplexx: Horm\u00f4nio de crescimento l\u00edquido em cartucho para caneta. Est\u00e1vel \u00e0 temp. ambiente (at\u00e9 25\u00b0C) por 21 dias. Da Novo Nordisk.\" \/>\n<meta name=\"robots\" content=\"index, follow, max-snippet:-1, max-image-preview:large, max-video-preview:-1\" \/>\n<link rel=\"canonical\" href=\"https:\/\/iberoid.com\/pt\/product\/norditropin-nordiflex-45iu-15-mg-pen\/\" \/>\n<meta property=\"og:locale\" content=\"pt_PT\" \/>\n<meta property=\"og:type\" content=\"article\" \/>\n<meta property=\"og:title\" content=\"Norditropin NordiFlex 45iu (15 Mg) Pen\" \/>\n<meta property=\"og:description\" content=\"Norditropin Simplexx: Horm\u00f4nio de crescimento l\u00edquido em cartucho para caneta. Est\u00e1vel \u00e0 temp. ambiente (at\u00e9 25\u00b0C) por 21 dias. Da Novo Nordisk.\" \/>\n<meta property=\"og:url\" content=\"https:\/\/iberoid.com\/pt\/product\/norditropin-nordiflex-45iu-15-mg-pen\/\" \/>\n<meta property=\"og:site_name\" content=\"Ester\u00f3ides Online\" \/>\n<meta property=\"article:modified_time\" content=\"2025-08-17T11:42:58+00:00\" \/>\n<meta property=\"og:image\" content=\"https:\/\/iberoid.com\/wp-content\/uploads\/2021\/12\/nordi15-1.jpg?v=1678119938\" \/>\n\t<meta property=\"og:image:width\" content=\"1023\" \/>\n\t<meta property=\"og:image:height\" content=\"768\" \/>\n\t<meta property=\"og:image:type\" content=\"image\/jpeg\" \/>\n<meta name=\"twitter:card\" content=\"summary_large_image\" \/>\n<meta name=\"twitter:label1\" content=\"pre\u00e7o\" \/>\n\t<meta name=\"twitter:data1\" content=\"&euro;80.00\" \/>\n\t<meta name=\"twitter:label2\" content=\"Disponibilidade\" \/>\n\t<meta name=\"twitter:data2\" content=\"Esgotado\" \/>\n<script type=\"application\/ld+json\" class=\"yoast-schema-graph\">{\"@context\":\"https:\/\/schema.org\",\"@graph\":[{\"@type\":\"WebPage\",\"@id\":\"https:\/\/iberoid.com\/pt\/product\/norditropin-nordiflex-45iu-15-mg-pen\/\",\"url\":\"https:\/\/iberoid.com\/pt\/product\/norditropin-nordiflex-45iu-15-mg-pen\/\",\"name\":\"Norditropin NordiFlex 45iu (15 Mg) Pen - Ester\u00f3ides Online\",\"isPartOf\":{\"@id\":\"https:\/\/iberoid-shop.com\/#website\"},\"primaryImageOfPage\":{\"@id\":\"https:\/\/iberoid.com\/pt\/product\/norditropin-nordiflex-45iu-15-mg-pen\/#primaryimage\"},\"image\":{\"@id\":\"https:\/\/iberoid.com\/pt\/product\/norditropin-nordiflex-45iu-15-mg-pen\/#primaryimage\"},\"thumbnailUrl\":\"https:\/\/iberoid.com\/wp-content\/uploads\/2021\/12\/nordi15-1.jpg?v=1678119938\",\"datePublished\":\"2021-12-30T21:01:07+00:00\",\"dateModified\":\"2025-08-17T11:42:58+00:00\",\"description\":\"Norditropin Simplexx: Horm\u00f4nio de crescimento l\u00edquido em cartucho para caneta. Est\u00e1vel \u00e0 temp. ambiente (at\u00e9 25\u00b0C) por 21 dias. Da Novo Nordisk.\",\"breadcrumb\":{\"@id\":\"https:\/\/iberoid.com\/pt\/product\/norditropin-nordiflex-45iu-15-mg-pen\/#breadcrumb\"},\"inLanguage\":\"pt-PT\",\"potentialAction\":[{\"@type\":\"ReadAction\",\"target\":[[\"https:\/\/iberoid.com\/pt\/product\/norditropin-nordiflex-45iu-15-mg-pen\/\"]]}]},{\"@type\":\"ImageObject\",\"inLanguage\":\"pt-PT\",\"@id\":\"https:\/\/iberoid.com\/pt\/product\/norditropin-nordiflex-45iu-15-mg-pen\/#primaryimage\",\"url\":\"https:\/\/iberoid.com\/wp-content\/uploads\/2021\/12\/nordi15-1.jpg?v=1678119938\",\"contentUrl\":\"https:\/\/iberoid.com\/wp-content\/uploads\/2021\/12\/nordi15-1.jpg?v=1678119938\",\"width\":1023,\"height\":768},{\"@type\":\"BreadcrumbList\",\"@id\":\"https:\/\/iberoid.com\/pt\/product\/norditropin-nordiflex-45iu-15-mg-pen\/#breadcrumb\",\"itemListElement\":[{\"@type\":\"ListItem\",\"position\":1,\"name\":\"Portada\",\"item\":\"https:\/\/iberoid.com\/pt\/\"},{\"@type\":\"ListItem\",\"position\":2,\"name\":\"Loja\",\"item\":\"https:\/\/iberoid.com\/pt\/shop\/\"},{\"@type\":\"ListItem\",\"position\":3,\"name\":\"Norditropin NordiFlex 45iu (15 Mg) Pen\"}]},{\"@type\":\"WebSite\",\"@id\":\"https:\/\/iberoid-shop.com\/#website\",\"url\":\"https:\/\/iberoid-shop.com\/\",\"name\":\"Ester\u00f3ides Online\",\"description\":\"Compre ester\u00f3ides online hoje em Espanha e Portugal. Temos o melhor servi\u00e7o ao cliente do setor e produtos da mais alta qualidade\",\"potentialAction\":[{\"@type\":\"SearchAction\",\"target\":{\"@type\":\"EntryPoint\",\"urlTemplate\":\"https:\/\/iberoid-shop.com\/?s={search_term_string}\"},\"query-input\":{\"@type\":\"PropertyValueSpecification\",\"valueRequired\":true,\"valueName\":\"search_term_string\"}}],\"inLanguage\":\"pt-PT\"}]}<\/script>\n<meta property=\"product:brand\" content=\"Novo Nordisk\" \/>\n<meta property=\"product:price:amount\" content=\"80.00\" \/>\n<meta property=\"product:price:currency\" content=\"EUR\" \/>\n<meta property=\"og:availability\" content=\"out of stock\" \/>\n<meta property=\"product:availability\" content=\"out of stock\" \/>\n<meta property=\"product:condition\" content=\"new\" \/>\n<!-- \/ Yoast SEO Premium plugin. -->","yoast_head_json":{"title":"Norditropin NordiFlex 45iu (15 Mg) Pen - Ester\u00f3ides Online","description":"Norditropin Simplexx: Horm\u00f4nio de crescimento l\u00edquido em cartucho para caneta. Est\u00e1vel \u00e0 temp. ambiente (at\u00e9 25\u00b0C) por 21 dias. Da Novo Nordisk.","robots":{"index":"index","follow":"follow","max-snippet":"max-snippet:-1","max-image-preview":"max-image-preview:large","max-video-preview":"max-video-preview:-1"},"canonical":"https:\/\/iberoid.com\/pt\/product\/norditropin-nordiflex-45iu-15-mg-pen\/","og_locale":"pt_PT","og_type":"article","og_title":"Norditropin NordiFlex 45iu (15 Mg) Pen","og_description":"Norditropin Simplexx: Horm\u00f4nio de crescimento l\u00edquido em cartucho para caneta. Est\u00e1vel \u00e0 temp. ambiente (at\u00e9 25\u00b0C) por 21 dias. Da Novo Nordisk.","og_url":"https:\/\/iberoid.com\/pt\/product\/norditropin-nordiflex-45iu-15-mg-pen\/","og_site_name":"Ester\u00f3ides Online","article_modified_time":"2025-08-17T11:42:58+00:00","og_image":[{"width":1023,"height":768,"url":"https:\/\/iberoid.com\/wp-content\/uploads\/2021\/12\/nordi15-1.jpg?v=1678119938","type":"image\/jpeg"}],"twitter_card":"summary_large_image","twitter_misc":{"pre\u00e7o":"&euro;80.00","Disponibilidade":"Esgotado"},"schema":{"@context":"https:\/\/schema.org","@graph":[{"@type":"WebPage","@id":"https:\/\/iberoid.com\/pt\/product\/norditropin-nordiflex-45iu-15-mg-pen\/","url":"https:\/\/iberoid.com\/pt\/product\/norditropin-nordiflex-45iu-15-mg-pen\/","name":"Norditropin NordiFlex 45iu (15 Mg) Pen - Ester\u00f3ides Online","isPartOf":{"@id":"https:\/\/iberoid-shop.com\/#website"},"primaryImageOfPage":{"@id":"https:\/\/iberoid.com\/pt\/product\/norditropin-nordiflex-45iu-15-mg-pen\/#primaryimage"},"image":{"@id":"https:\/\/iberoid.com\/pt\/product\/norditropin-nordiflex-45iu-15-mg-pen\/#primaryimage"},"thumbnailUrl":"https:\/\/iberoid.com\/wp-content\/uploads\/2021\/12\/nordi15-1.jpg?v=1678119938","datePublished":"2021-12-30T21:01:07+00:00","dateModified":"2025-08-17T11:42:58+00:00","description":"Norditropin Simplexx: Horm\u00f4nio de crescimento l\u00edquido em cartucho para caneta. Est\u00e1vel \u00e0 temp. ambiente (at\u00e9 25\u00b0C) por 21 dias. Da Novo Nordisk.","breadcrumb":{"@id":"https:\/\/iberoid.com\/pt\/product\/norditropin-nordiflex-45iu-15-mg-pen\/#breadcrumb"},"inLanguage":"pt-PT","potentialAction":[{"@type":"ReadAction","target":[["https:\/\/iberoid.com\/pt\/product\/norditropin-nordiflex-45iu-15-mg-pen\/"]]}]},{"@type":"ImageObject","inLanguage":"pt-PT","@id":"https:\/\/iberoid.com\/pt\/product\/norditropin-nordiflex-45iu-15-mg-pen\/#primaryimage","url":"https:\/\/iberoid.com\/wp-content\/uploads\/2021\/12\/nordi15-1.jpg?v=1678119938","contentUrl":"https:\/\/iberoid.com\/wp-content\/uploads\/2021\/12\/nordi15-1.jpg?v=1678119938","width":1023,"height":768},{"@type":"BreadcrumbList","@id":"https:\/\/iberoid.com\/pt\/product\/norditropin-nordiflex-45iu-15-mg-pen\/#breadcrumb","itemListElement":[{"@type":"ListItem","position":1,"name":"Portada","item":"https:\/\/iberoid.com\/pt\/"},{"@type":"ListItem","position":2,"name":"Loja","item":"https:\/\/iberoid.com\/pt\/shop\/"},{"@type":"ListItem","position":3,"name":"Norditropin NordiFlex 45iu (15 Mg) Pen"}]},{"@type":"WebSite","@id":"https:\/\/iberoid-shop.com\/#website","url":"https:\/\/iberoid-shop.com\/","name":"Ester\u00f3ides Online","description":"Compre ester\u00f3ides online hoje em Espanha e Portugal. Temos o melhor servi\u00e7o ao cliente do setor e produtos da mais alta qualidade","potentialAction":[{"@type":"SearchAction","target":{"@type":"EntryPoint","urlTemplate":"https:\/\/iberoid-shop.com\/?s={search_term_string}"},"query-input":{"@type":"PropertyValueSpecification","valueRequired":true,"valueName":"search_term_string"}}],"inLanguage":"pt-PT"}]},"product_brand":"Novo Nordisk","product_price_amount":"80.00","product_price_currency":"EUR","og_availability":"out of stock","product_availability":"out of stock","product_condition":"new"},"_links":{"self":[{"href":"https:\/\/iberoid.com\/pt\/wp-json\/wp\/v2\/product\/7101","targetHints":{"allow":["GET"]}}],"collection":[{"href":"https:\/\/iberoid.com\/pt\/wp-json\/wp\/v2\/product"}],"about":[{"href":"https:\/\/iberoid.com\/pt\/wp-json\/wp\/v2\/types\/product"}],"replies":[{"embeddable":true,"href":"https:\/\/iberoid.com\/pt\/wp-json\/wp\/v2\/comments?post=7101"}],"wp:featuredmedia":[{"embeddable":true,"href":"https:\/\/iberoid.com\/pt\/wp-json\/wp\/v2\/media\/7102"}],"wp:attachment":[{"href":"https:\/\/iberoid.com\/pt\/wp-json\/wp\/v2\/media?parent=7101"}],"wp:term":[{"taxonomy":"product_brand","embeddable":true,"href":"https:\/\/iberoid.com\/pt\/wp-json\/wp\/v2\/product_brand?post=7101"},{"taxonomy":"product_cat","embeddable":true,"href":"https:\/\/iberoid.com\/pt\/wp-json\/wp\/v2\/product_cat?post=7101"},{"taxonomy":"product_tag","embeddable":true,"href":"https:\/\/iberoid.com\/pt\/wp-json\/wp\/v2\/product_tag?post=7101"}],"curies":[{"name":"wp","href":"https:\/\/api.w.org\/{rel}","templated":true}]}}