{"id":7181,"date":"2022-01-17T18:21:07","date_gmt":"2022-01-17T18:21:07","guid":{"rendered":"https:\/\/iberoid.com\/?post_type=product&#038;p=7181"},"modified":"2026-03-24T21:11:16","modified_gmt":"2026-03-24T21:11:16","slug":"pack-3-testobol-e300-pharmabol","status":"publish","type":"product","link":"https:\/\/iberoid.com\/pt\/product\/pack-3-testobol-e300-pharmabol\/","title":{"rendered":"TESTOBOL E300 &#8211; 3PACK"},"content":{"rendered":"<p>O Test-E 300\u00a0\u00e9 um\u00a0ester\u00f3ide injet\u00e1vel\u00a0baseado em testosterona com o \u00e9ster de a\u00e7\u00e3o prolongada Enantato. Enantato de testosterona, ou qualquer tipo de testosterona sem d\u00favida, \u00e9 o ester\u00f3ide mais b\u00e1sico de um ciclo. \u201cTest E\u201d \u00e9 usado como ester\u00f3ide base enquanto empilha diferentes ester\u00f3ides no topo.<\/p>\n<p>Em um n\u00edvel importante, este ester\u00f3ide \u00e9 incrivelmente grande para aqueles que experimentam baixa testosterona. As pessoas que experimentam os efeitos dissimulados dessa condi\u00e7\u00e3o compreendem que o corpo n\u00e3o transmite mais o suficiente desse andr\u00f3geno essencial isoladamente. As mulheres tamb\u00e9m podem experimentar os efeitos dos baixos n\u00edveis de testosterona e podem usar o enantato de testosterona para tratar essa condi\u00e7\u00e3o em qualquer caso. Voltando aos homens, v\u00e1rios sinais podem ocorrer em n\u00edvel psicol\u00f3gico, f\u00edsico e sexual se os n\u00edveis de testosterona forem consideravelmente baixos. Como o Enantato de Testosterona \u00e9 t\u00e3o f\u00e1cil de regular, torna-se incrivelmente ben\u00e9fico tratar essa condi\u00e7\u00e3o.<\/p>\n<p>Quais s\u00e3o os efeitos?<\/p>\n<p>H\u00e1 uma longa lista de efeitos positivos do uso de Enantato de Testosterona em um ciclo. Abaixo tentamos reduzir a lista apenas para os principais:<\/p>\n<p>Aumento dos par\u00e2metros f\u00edsicos.<br \/>\nGanho de massa de qualidade r\u00e1pida.<br \/>\nAumento da taxa de produ\u00e7\u00e3o de prote\u00ednas.<br \/>\nAumento do equil\u00edbrio de nitrog\u00eanio e f\u00f3sforo.<br \/>\nSupress\u00e3o de dores articulares.<br \/>\nAcelera\u00e7\u00e3o de rea\u00e7\u00f5es regenerativas.<br \/>\nAumento da concentra\u00e7\u00e3o de gl\u00f3bulos vermelhos no sangue.<br \/>\nAumento do desejo sexual.<br \/>\nMelhoria do tom geral.<br \/>\nSupress\u00e3o dos sintomas de overtraining.<\/p>","protected":false},"excerpt":{"rendered":"<p>O Test-E 300\u00a0\u00e9 um\u00a0ester\u00f3ide injet\u00e1vel\u00a0baseado em testosterona com o \u00e9ster de a\u00e7\u00e3o prolongada Enantato. Enantato de testosterona, ou qualquer tipo<\/p>\n","protected":false},"featured_media":8475,"comment_status":"open","ping_status":"closed","template":"","meta":[],"product_brand":[],"product_cat":[69,3474],"product_tag":[],"class_list":{"0":"post-7181","1":"product","2":"type-product","3":"status-publish","4":"has-post-thumbnail","6":"product_cat-esteroides_inyectables","7":"product_cat-packs","9":"first","10":"instock","11":"sale","12":"shipping-taxable","13":"purchasable","14":"product-type-simple"},"yoast_head":"<!-- This site is optimized with the Yoast SEO Premium plugin v24.4 (Yoast SEO v27.0) - https:\/\/yoast.com\/product\/yoast-seo-premium-wordpress\/ -->\n<title>TESTOBOL E300 - 3PACK - Ester\u00f3ides Online<\/title>\n<meta name=\"description\" content=\"Test-E 300 (Enantato de Testosterona) \u00e9 um esteroide injet\u00e1vel fundamental para ciclos, aumentando massa muscular, for\u00e7a, recupera\u00e7\u00e3o e tratando baixa testosterona.\" \/>\n<meta name=\"robots\" content=\"index, follow, max-snippet:-1, max-image-preview:large, max-video-preview:-1\" \/>\n<link rel=\"canonical\" href=\"https:\/\/iberoid.com\/pt\/product\/pack-3-testobol-e300-pharmabol\/\" \/>\n<meta property=\"og:locale\" content=\"pt_PT\" \/>\n<meta property=\"og:type\" content=\"article\" \/>\n<meta property=\"og:title\" content=\"TESTOBOL E300 - 3PACK\" \/>\n<meta property=\"og:description\" content=\"Test-E 300 (Enantato de Testosterona) \u00e9 um esteroide injet\u00e1vel fundamental para ciclos, aumentando massa muscular, for\u00e7a, recupera\u00e7\u00e3o e tratando baixa testosterona.\" \/>\n<meta property=\"og:url\" content=\"https:\/\/iberoid.com\/pt\/product\/pack-3-testobol-e300-pharmabol\/\" \/>\n<meta property=\"og:site_name\" content=\"Ester\u00f3ides Online\" \/>\n<meta property=\"article:modified_time\" content=\"2026-03-24T21:11:16+00:00\" \/>\n<meta property=\"og:image\" content=\"https:\/\/iberoid.com\/wp-content\/uploads\/2021\/04\/te.jpg?v=1682954421\" \/>\n\t<meta property=\"og:image:width\" content=\"2500\" \/>\n\t<meta property=\"og:image:height\" content=\"2500\" \/>\n\t<meta property=\"og:image:type\" content=\"image\/jpeg\" \/>\n<meta name=\"twitter:card\" content=\"summary_large_image\" \/>\n<meta name=\"twitter:label1\" content=\"pre\u00e7o\" \/>\n\t<meta name=\"twitter:data1\" content=\"&euro;55.00\" \/>\n\t<meta name=\"twitter:label2\" content=\"Disponibilidade\" \/>\n\t<meta name=\"twitter:data2\" content=\"Em stock\" \/>\n<script type=\"application\/ld+json\" class=\"yoast-schema-graph\">{\"@context\":\"https:\/\/schema.org\",\"@graph\":[{\"@type\":\"WebPage\",\"@id\":\"https:\/\/iberoid.com\/pt\/product\/pack-3-testobol-e300-pharmabol\/\",\"url\":\"https:\/\/iberoid.com\/pt\/product\/pack-3-testobol-e300-pharmabol\/\",\"name\":\"TESTOBOL E300 - 3PACK - Ester\u00f3ides Online\",\"isPartOf\":{\"@id\":\"https:\/\/iberoid.com\/pt\/#website\"},\"primaryImageOfPage\":{\"@id\":\"https:\/\/iberoid.com\/pt\/product\/pack-3-testobol-e300-pharmabol\/#primaryimage\"},\"image\":{\"@id\":\"https:\/\/iberoid.com\/pt\/product\/pack-3-testobol-e300-pharmabol\/#primaryimage\"},\"thumbnailUrl\":\"https:\/\/iberoid.com\/wp-content\/uploads\/2021\/04\/te.jpg?v=1682954421\",\"datePublished\":\"2022-01-17T18:21:07+00:00\",\"dateModified\":\"2026-03-24T21:11:16+00:00\",\"description\":\"Test-E 300 (Enantato de Testosterona) \u00e9 um esteroide injet\u00e1vel fundamental para ciclos, aumentando massa muscular, for\u00e7a, recupera\u00e7\u00e3o e tratando baixa testosterona.\",\"breadcrumb\":{\"@id\":\"https:\/\/iberoid.com\/pt\/product\/pack-3-testobol-e300-pharmabol\/#breadcrumb\"},\"inLanguage\":\"pt-PT\",\"potentialAction\":[{\"@type\":\"ReadAction\",\"target\":[[\"https:\/\/iberoid.com\/pt\/product\/pack-3-testobol-e300-pharmabol\/\"]]}]},{\"@type\":\"ImageObject\",\"inLanguage\":\"pt-PT\",\"@id\":\"https:\/\/iberoid.com\/pt\/product\/pack-3-testobol-e300-pharmabol\/#primaryimage\",\"url\":\"https:\/\/iberoid.com\/wp-content\/uploads\/2021\/04\/te.jpg?v=1682954421\",\"contentUrl\":\"https:\/\/iberoid.com\/wp-content\/uploads\/2021\/04\/te.jpg?v=1682954421\",\"width\":2500,\"height\":2500},{\"@type\":\"BreadcrumbList\",\"@id\":\"https:\/\/iberoid.com\/pt\/product\/pack-3-testobol-e300-pharmabol\/#breadcrumb\",\"itemListElement\":[{\"@type\":\"ListItem\",\"position\":1,\"name\":\"Portada\",\"item\":\"https:\/\/iberoid.com\/pt\/\"},{\"@type\":\"ListItem\",\"position\":2,\"name\":\"Loja\",\"item\":\"https:\/\/iberoid.com\/pt\/shop\/\"},{\"@type\":\"ListItem\",\"position\":3,\"name\":\"TESTOBOL E300 &#8211; 3PACK\"}]},{\"@type\":\"WebSite\",\"@id\":\"https:\/\/iberoid.com\/pt\/#website\",\"url\":\"https:\/\/iberoid.com\/pt\/\",\"name\":\"Ester\u00f3ides Online\",\"description\":\"Compre ester\u00f3ides online hoje em Espanha e Portugal. Temos o melhor servi\u00e7o ao cliente do setor e produtos da mais alta qualidade\",\"potentialAction\":[{\"@type\":\"SearchAction\",\"target\":{\"@type\":\"EntryPoint\",\"urlTemplate\":\"https:\/\/iberoid.com\/pt\/?s={search_term_string}\"},\"query-input\":{\"@type\":\"PropertyValueSpecification\",\"valueRequired\":true,\"valueName\":\"search_term_string\"}}],\"inLanguage\":\"pt-PT\"}]}<\/script>\n<meta property=\"product:brand\" content=\"Pharmabol\" \/>\n<meta property=\"product:price:amount\" content=\"55.00\" \/>\n<meta property=\"product:price:currency\" content=\"EUR\" \/>\n<meta property=\"og:availability\" content=\"instock\" \/>\n<meta property=\"product:availability\" content=\"instock\" \/>\n<meta property=\"product:condition\" content=\"new\" \/>\n<!-- \/ Yoast SEO Premium plugin. -->","yoast_head_json":{"title":"TESTOBOL E300 - 3PACK - Ester\u00f3ides Online","description":"Test-E 300 (Enantato de Testosterona) \u00e9 um esteroide injet\u00e1vel fundamental para ciclos, aumentando massa muscular, for\u00e7a, recupera\u00e7\u00e3o e tratando baixa testosterona.","robots":{"index":"index","follow":"follow","max-snippet":"max-snippet:-1","max-image-preview":"max-image-preview:large","max-video-preview":"max-video-preview:-1"},"canonical":"https:\/\/iberoid.com\/pt\/product\/pack-3-testobol-e300-pharmabol\/","og_locale":"pt_PT","og_type":"article","og_title":"TESTOBOL E300 - 3PACK","og_description":"Test-E 300 (Enantato de Testosterona) \u00e9 um esteroide injet\u00e1vel fundamental para ciclos, aumentando massa muscular, for\u00e7a, recupera\u00e7\u00e3o e tratando baixa testosterona.","og_url":"https:\/\/iberoid.com\/pt\/product\/pack-3-testobol-e300-pharmabol\/","og_site_name":"Ester\u00f3ides Online","article_modified_time":"2026-03-24T21:11:16+00:00","og_image":[{"width":2500,"height":2500,"url":"https:\/\/iberoid.com\/wp-content\/uploads\/2021\/04\/te.jpg?v=1682954421","type":"image\/jpeg"}],"twitter_card":"summary_large_image","twitter_misc":{"pre\u00e7o":"&euro;55.00","Disponibilidade":"Em stock"},"schema":{"@context":"https:\/\/schema.org","@graph":[{"@type":"WebPage","@id":"https:\/\/iberoid.com\/pt\/product\/pack-3-testobol-e300-pharmabol\/","url":"https:\/\/iberoid.com\/pt\/product\/pack-3-testobol-e300-pharmabol\/","name":"TESTOBOL E300 - 3PACK - Ester\u00f3ides Online","isPartOf":{"@id":"https:\/\/iberoid.com\/pt\/#website"},"primaryImageOfPage":{"@id":"https:\/\/iberoid.com\/pt\/product\/pack-3-testobol-e300-pharmabol\/#primaryimage"},"image":{"@id":"https:\/\/iberoid.com\/pt\/product\/pack-3-testobol-e300-pharmabol\/#primaryimage"},"thumbnailUrl":"https:\/\/iberoid.com\/wp-content\/uploads\/2021\/04\/te.jpg?v=1682954421","datePublished":"2022-01-17T18:21:07+00:00","dateModified":"2026-03-24T21:11:16+00:00","description":"Test-E 300 (Enantato de Testosterona) \u00e9 um esteroide injet\u00e1vel fundamental para ciclos, aumentando massa muscular, for\u00e7a, recupera\u00e7\u00e3o e tratando baixa testosterona.","breadcrumb":{"@id":"https:\/\/iberoid.com\/pt\/product\/pack-3-testobol-e300-pharmabol\/#breadcrumb"},"inLanguage":"pt-PT","potentialAction":[{"@type":"ReadAction","target":[["https:\/\/iberoid.com\/pt\/product\/pack-3-testobol-e300-pharmabol\/"]]}]},{"@type":"ImageObject","inLanguage":"pt-PT","@id":"https:\/\/iberoid.com\/pt\/product\/pack-3-testobol-e300-pharmabol\/#primaryimage","url":"https:\/\/iberoid.com\/wp-content\/uploads\/2021\/04\/te.jpg?v=1682954421","contentUrl":"https:\/\/iberoid.com\/wp-content\/uploads\/2021\/04\/te.jpg?v=1682954421","width":2500,"height":2500},{"@type":"BreadcrumbList","@id":"https:\/\/iberoid.com\/pt\/product\/pack-3-testobol-e300-pharmabol\/#breadcrumb","itemListElement":[{"@type":"ListItem","position":1,"name":"Portada","item":"https:\/\/iberoid.com\/pt\/"},{"@type":"ListItem","position":2,"name":"Loja","item":"https:\/\/iberoid.com\/pt\/shop\/"},{"@type":"ListItem","position":3,"name":"TESTOBOL E300 &#8211; 3PACK"}]},{"@type":"WebSite","@id":"https:\/\/iberoid.com\/pt\/#website","url":"https:\/\/iberoid.com\/pt\/","name":"Ester\u00f3ides Online","description":"Compre ester\u00f3ides online hoje em Espanha e Portugal. Temos o melhor servi\u00e7o ao cliente do setor e produtos da mais alta qualidade","potentialAction":[{"@type":"SearchAction","target":{"@type":"EntryPoint","urlTemplate":"https:\/\/iberoid.com\/pt\/?s={search_term_string}"},"query-input":{"@type":"PropertyValueSpecification","valueRequired":true,"valueName":"search_term_string"}}],"inLanguage":"pt-PT"}]},"product_brand":"Pharmabol","product_price_amount":"55.00","product_price_currency":"EUR","og_availability":"instock","product_availability":"instock","product_condition":"new"},"_links":{"self":[{"href":"https:\/\/iberoid.com\/pt\/wp-json\/wp\/v2\/product\/7181","targetHints":{"allow":["GET"]}}],"collection":[{"href":"https:\/\/iberoid.com\/pt\/wp-json\/wp\/v2\/product"}],"about":[{"href":"https:\/\/iberoid.com\/pt\/wp-json\/wp\/v2\/types\/product"}],"replies":[{"embeddable":true,"href":"https:\/\/iberoid.com\/pt\/wp-json\/wp\/v2\/comments?post=7181"}],"wp:featuredmedia":[{"embeddable":true,"href":"https:\/\/iberoid.com\/pt\/wp-json\/wp\/v2\/media\/8475"}],"wp:attachment":[{"href":"https:\/\/iberoid.com\/pt\/wp-json\/wp\/v2\/media?parent=7181"}],"wp:term":[{"taxonomy":"product_brand","embeddable":true,"href":"https:\/\/iberoid.com\/pt\/wp-json\/wp\/v2\/product_brand?post=7181"},{"taxonomy":"product_cat","embeddable":true,"href":"https:\/\/iberoid.com\/pt\/wp-json\/wp\/v2\/product_cat?post=7181"},{"taxonomy":"product_tag","embeddable":true,"href":"https:\/\/iberoid.com\/pt\/wp-json\/wp\/v2\/product_tag?post=7181"}],"curies":[{"name":"wp","href":"https:\/\/api.w.org\/{rel}","templated":true}]}}