{"id":7204,"date":"2022-01-27T12:46:18","date_gmt":"2022-01-27T12:46:18","guid":{"rendered":"https:\/\/iberoid.com\/?post_type=product&#038;p=7204"},"modified":"2026-03-01T13:58:59","modified_gmt":"2026-03-01T13:58:59","slug":"evogene-alleygh","status":"publish","type":"product","link":"https:\/\/iberoid.com\/pt\/product\/evogene-alleygh\/","title":{"rendered":"EVOGENE ALLEY GH 10X10IU GH"},"content":{"rendered":"<p>A somatropina \u00e9 uma forma de horm\u00f4nio de crescimento humano. O HGH \u00e9 importante para o crescimento dos ossos e m\u00fasculos, e \u00e9 usado para tratar a defici\u00eancia de crescimento em crian\u00e7as e adultos sem HGH natural, e naqueles com insufici\u00eancia renal cr\u00f4nica, s\u00edndrome de Noonan, s\u00edndrome de Turner, s\u00edndrome de Prader-Willi, baixa estatura ao nascer com nenhum crescimento de recupera\u00e7\u00e3o e outras causas. A somatropina tamb\u00e9m \u00e9 usada para prevenir a perda de peso grave em pessoas com AIDS ou para tratar a s\u00edndrome do intestino curto.<\/p>\n<p>Contra-indica\u00e7\u00f5es<\/p>\n<p>A somatropina \u00e9 contraindicada em pacientes al\u00e9rgicos, bem como naqueles com:<\/p>\n<p>Retinopatia diab\u00e9tica<br \/>\nC\u00e2ncer<br \/>\nS\u00edndrome de Prader-Willi com excesso de peso, apn\u00e9ia do sono ou problemas respirat\u00f3rios (pulm\u00e3o) graves<br \/>\ncomplica\u00e7\u00f5es ap\u00f3s cirurgia de cora\u00e7\u00e3o ou est\u00f4mago aberto<br \/>\ntrauma ou outra emerg\u00eancia m\u00e9dica<br \/>\nproblemas respirat\u00f3rios (como insufici\u00eancia pulmonar)<br \/>\ndoen\u00e7a hep\u00e1tica<br \/>\ndoen\u00e7a renal (ou est\u00e1 em di\u00e1lise)<br \/>\ndiabetes<br \/>\num dist\u00farbio da gl\u00e2ndula pituit\u00e1ria<br \/>\nescoliose<br \/>\nhipertens\u00e3o<br \/>\num dist\u00farbio do p\u00e2ncreas<br \/>\numa hist\u00f3ria de c\u00e2ncer<br \/>\ns\u00edndrome do t\u00fanel carpal<br \/>\ntire\u00f3ide hipoativa<br \/>\num tumor cerebral ou les\u00e3o<\/p>\n<p>Pacientes com s\u00edndrome de Prader-Willi devem procurar assist\u00eancia m\u00e9dica na presen\u00e7a de quaisquer sinais de problemas pulmonares ou respirat\u00f3rios: falta de ar, tosse ou ronco novo ou aumentado. Procure ajuda m\u00e9dica de emerg\u00eancia se ocorrer algum dos sinais de uma rea\u00e7\u00e3o al\u00e9rgica: urtic\u00e1ria; respira\u00e7\u00e3o dif\u00edcil; incha\u00e7o da face, l\u00e1bios, l\u00edngua ou garganta.<\/p>","protected":false},"excerpt":{"rendered":"<p>A somatropina \u00e9 uma forma de horm\u00f4nio de crescimento humano. O HGH \u00e9 importante para o crescimento dos ossos e<\/p>\n","protected":false},"featured_media":7205,"comment_status":"open","ping_status":"closed","template":"","meta":[],"product_brand":[],"product_cat":[76],"product_tag":[],"class_list":{"0":"post-7204","1":"product","2":"type-product","3":"status-publish","4":"has-post-thumbnail","6":"product_cat-hgh_peptido","8":"first","9":"instock","10":"sale","11":"shipping-taxable","12":"purchasable","13":"product-type-simple"},"yoast_head":"<!-- This site is optimized with the Yoast SEO Premium plugin v24.4 (Yoast SEO v27.3) - https:\/\/yoast.com\/product\/yoast-seo-premium-wordpress\/ -->\n<title>EVOGENE ALLEY GH 10X10IU GH - Ester\u00f3ides Online<\/title>\n<meta name=\"description\" content=\"A somatropina (HGH) trata a defici\u00eancia de crescimento em crian\u00e7as e adultos devido a v\u00e1rias condi\u00e7\u00f5es\" \/>\n<meta name=\"robots\" content=\"index, follow, max-snippet:-1, max-image-preview:large, max-video-preview:-1\" \/>\n<link rel=\"canonical\" href=\"https:\/\/iberoid.com\/pt\/product\/evogene-alleygh\/\" \/>\n<meta property=\"og:locale\" content=\"pt_PT\" \/>\n<meta property=\"og:type\" content=\"article\" \/>\n<meta property=\"og:title\" content=\"EVOGENE ALLEY GH 10X10IU GH\" \/>\n<meta property=\"og:description\" content=\"A somatropina (HGH) trata a defici\u00eancia de crescimento em crian\u00e7as e adultos devido a v\u00e1rias condi\u00e7\u00f5es\" \/>\n<meta property=\"og:url\" content=\"https:\/\/iberoid.com\/pt\/product\/evogene-alleygh\/\" \/>\n<meta property=\"og:site_name\" content=\"Ester\u00f3ides Online\" \/>\n<meta property=\"article:modified_time\" content=\"2026-03-01T13:58:59+00:00\" \/>\n<meta property=\"og:image\" content=\"https:\/\/iberoid.com\/wp-content\/uploads\/2022\/01\/evo.jpg?v=1763660031\" \/>\n\t<meta property=\"og:image:width\" content=\"500\" \/>\n\t<meta property=\"og:image:height\" content=\"500\" \/>\n\t<meta property=\"og:image:type\" content=\"image\/jpeg\" \/>\n<meta name=\"twitter:card\" content=\"summary_large_image\" \/>\n<meta name=\"twitter:label1\" content=\"pre\u00e7o\" \/>\n\t<meta name=\"twitter:data1\" content=\"&euro;150.00\" \/>\n\t<meta name=\"twitter:label2\" content=\"Disponibilidade\" \/>\n\t<meta name=\"twitter:data2\" content=\"Em stock\" \/>\n<script type=\"application\/ld+json\" class=\"yoast-schema-graph\">{\"@context\":\"https:\\\/\\\/schema.org\",\"@graph\":[{\"@type\":\"WebPage\",\"@id\":\"https:\\\/\\\/iberoid.com\\\/pt\\\/product\\\/evogene-alleygh\\\/\",\"url\":\"https:\\\/\\\/iberoid.com\\\/pt\\\/product\\\/evogene-alleygh\\\/\",\"name\":\"EVOGENE ALLEY GH 10X10IU GH - Ester\u00f3ides Online\",\"isPartOf\":{\"@id\":\"https:\\\/\\\/iberoid-shop.com\\\/#website\"},\"primaryImageOfPage\":{\"@id\":\"https:\\\/\\\/iberoid.com\\\/pt\\\/product\\\/evogene-alleygh\\\/#primaryimage\"},\"image\":{\"@id\":\"https:\\\/\\\/iberoid.com\\\/pt\\\/product\\\/evogene-alleygh\\\/#primaryimage\"},\"thumbnailUrl\":\"https:\\\/\\\/iberoid.com\\\/wp-content\\\/uploads\\\/2022\\\/01\\\/evo.jpg?v=1763660031\",\"datePublished\":\"2022-01-27T12:46:18+00:00\",\"dateModified\":\"2026-03-01T13:58:59+00:00\",\"description\":\"A somatropina (HGH) trata a defici\u00eancia de crescimento em crian\u00e7as e adultos devido a v\u00e1rias condi\u00e7\u00f5es\",\"breadcrumb\":{\"@id\":\"https:\\\/\\\/iberoid.com\\\/pt\\\/product\\\/evogene-alleygh\\\/#breadcrumb\"},\"inLanguage\":\"pt-PT\",\"potentialAction\":[{\"@type\":\"ReadAction\",\"target\":[[\"https:\\\/\\\/iberoid.com\\\/pt\\\/product\\\/evogene-alleygh\\\/\"]]}]},{\"@type\":\"ImageObject\",\"inLanguage\":\"pt-PT\",\"@id\":\"https:\\\/\\\/iberoid.com\\\/pt\\\/product\\\/evogene-alleygh\\\/#primaryimage\",\"url\":\"https:\\\/\\\/iberoid.com\\\/wp-content\\\/uploads\\\/2022\\\/01\\\/evo.jpg?v=1763660031\",\"contentUrl\":\"https:\\\/\\\/iberoid.com\\\/wp-content\\\/uploads\\\/2022\\\/01\\\/evo.jpg?v=1763660031\",\"width\":500,\"height\":500},{\"@type\":\"BreadcrumbList\",\"@id\":\"https:\\\/\\\/iberoid.com\\\/pt\\\/product\\\/evogene-alleygh\\\/#breadcrumb\",\"itemListElement\":[{\"@type\":\"ListItem\",\"position\":1,\"name\":\"Portada\",\"item\":\"https:\\\/\\\/iberoid.com\\\/pt\\\/\"},{\"@type\":\"ListItem\",\"position\":2,\"name\":\"Loja\",\"item\":\"https:\\\/\\\/iberoid.com\\\/pt\\\/shop\\\/\"},{\"@type\":\"ListItem\",\"position\":3,\"name\":\"EVOGENE ALLEY GH 10X10IU GH\"}]},{\"@type\":\"WebSite\",\"@id\":\"https:\\\/\\\/iberoid-shop.com\\\/#website\",\"url\":\"https:\\\/\\\/iberoid-shop.com\\\/\",\"name\":\"Ester\u00f3ides Online\",\"description\":\"Compre ester\u00f3ides online hoje em Espanha e Portugal. Temos o melhor servi\u00e7o ao cliente do setor e produtos da mais alta qualidade\",\"potentialAction\":[{\"@type\":\"SearchAction\",\"target\":{\"@type\":\"EntryPoint\",\"urlTemplate\":\"https:\\\/\\\/iberoid-shop.com\\\/?s={search_term_string}\"},\"query-input\":{\"@type\":\"PropertyValueSpecification\",\"valueRequired\":true,\"valueName\":\"search_term_string\"}}],\"inLanguage\":\"pt-PT\"}]}<\/script>\n<meta property=\"product:brand\" content=\"Alley Gh\" \/>\n<meta property=\"product:price:amount\" content=\"150.00\" \/>\n<meta property=\"product:price:currency\" content=\"EUR\" \/>\n<meta property=\"og:availability\" content=\"instock\" \/>\n<meta property=\"product:availability\" content=\"instock\" \/>\n<meta property=\"product:condition\" content=\"new\" \/>\n<!-- \/ Yoast SEO Premium plugin. -->","yoast_head_json":{"title":"EVOGENE ALLEY GH 10X10IU GH - Ester\u00f3ides Online","description":"A somatropina (HGH) trata a defici\u00eancia de crescimento em crian\u00e7as e adultos devido a v\u00e1rias condi\u00e7\u00f5es","robots":{"index":"index","follow":"follow","max-snippet":"max-snippet:-1","max-image-preview":"max-image-preview:large","max-video-preview":"max-video-preview:-1"},"canonical":"https:\/\/iberoid.com\/pt\/product\/evogene-alleygh\/","og_locale":"pt_PT","og_type":"article","og_title":"EVOGENE ALLEY GH 10X10IU GH","og_description":"A somatropina (HGH) trata a defici\u00eancia de crescimento em crian\u00e7as e adultos devido a v\u00e1rias condi\u00e7\u00f5es","og_url":"https:\/\/iberoid.com\/pt\/product\/evogene-alleygh\/","og_site_name":"Ester\u00f3ides Online","article_modified_time":"2026-03-01T13:58:59+00:00","og_image":[{"width":500,"height":500,"url":"https:\/\/iberoid.com\/wp-content\/uploads\/2022\/01\/evo.jpg?v=1763660031","type":"image\/jpeg"}],"twitter_card":"summary_large_image","twitter_misc":{"pre\u00e7o":"&euro;150.00","Disponibilidade":"Em stock"},"schema":{"@context":"https:\/\/schema.org","@graph":[{"@type":"WebPage","@id":"https:\/\/iberoid.com\/pt\/product\/evogene-alleygh\/","url":"https:\/\/iberoid.com\/pt\/product\/evogene-alleygh\/","name":"EVOGENE ALLEY GH 10X10IU GH - Ester\u00f3ides Online","isPartOf":{"@id":"https:\/\/iberoid-shop.com\/#website"},"primaryImageOfPage":{"@id":"https:\/\/iberoid.com\/pt\/product\/evogene-alleygh\/#primaryimage"},"image":{"@id":"https:\/\/iberoid.com\/pt\/product\/evogene-alleygh\/#primaryimage"},"thumbnailUrl":"https:\/\/iberoid.com\/wp-content\/uploads\/2022\/01\/evo.jpg?v=1763660031","datePublished":"2022-01-27T12:46:18+00:00","dateModified":"2026-03-01T13:58:59+00:00","description":"A somatropina (HGH) trata a defici\u00eancia de crescimento em crian\u00e7as e adultos devido a v\u00e1rias condi\u00e7\u00f5es","breadcrumb":{"@id":"https:\/\/iberoid.com\/pt\/product\/evogene-alleygh\/#breadcrumb"},"inLanguage":"pt-PT","potentialAction":[{"@type":"ReadAction","target":[["https:\/\/iberoid.com\/pt\/product\/evogene-alleygh\/"]]}]},{"@type":"ImageObject","inLanguage":"pt-PT","@id":"https:\/\/iberoid.com\/pt\/product\/evogene-alleygh\/#primaryimage","url":"https:\/\/iberoid.com\/wp-content\/uploads\/2022\/01\/evo.jpg?v=1763660031","contentUrl":"https:\/\/iberoid.com\/wp-content\/uploads\/2022\/01\/evo.jpg?v=1763660031","width":500,"height":500},{"@type":"BreadcrumbList","@id":"https:\/\/iberoid.com\/pt\/product\/evogene-alleygh\/#breadcrumb","itemListElement":[{"@type":"ListItem","position":1,"name":"Portada","item":"https:\/\/iberoid.com\/pt\/"},{"@type":"ListItem","position":2,"name":"Loja","item":"https:\/\/iberoid.com\/pt\/shop\/"},{"@type":"ListItem","position":3,"name":"EVOGENE ALLEY GH 10X10IU GH"}]},{"@type":"WebSite","@id":"https:\/\/iberoid-shop.com\/#website","url":"https:\/\/iberoid-shop.com\/","name":"Ester\u00f3ides Online","description":"Compre ester\u00f3ides online hoje em Espanha e Portugal. Temos o melhor servi\u00e7o ao cliente do setor e produtos da mais alta qualidade","potentialAction":[{"@type":"SearchAction","target":{"@type":"EntryPoint","urlTemplate":"https:\/\/iberoid-shop.com\/?s={search_term_string}"},"query-input":{"@type":"PropertyValueSpecification","valueRequired":true,"valueName":"search_term_string"}}],"inLanguage":"pt-PT"}]},"product_brand":"Alley Gh","product_price_amount":"150.00","product_price_currency":"EUR","og_availability":"instock","product_availability":"instock","product_condition":"new"},"_links":{"self":[{"href":"https:\/\/iberoid.com\/pt\/wp-json\/wp\/v2\/product\/7204","targetHints":{"allow":["GET"]}}],"collection":[{"href":"https:\/\/iberoid.com\/pt\/wp-json\/wp\/v2\/product"}],"about":[{"href":"https:\/\/iberoid.com\/pt\/wp-json\/wp\/v2\/types\/product"}],"replies":[{"embeddable":true,"href":"https:\/\/iberoid.com\/pt\/wp-json\/wp\/v2\/comments?post=7204"}],"wp:featuredmedia":[{"embeddable":true,"href":"https:\/\/iberoid.com\/pt\/wp-json\/wp\/v2\/media\/7205"}],"wp:attachment":[{"href":"https:\/\/iberoid.com\/pt\/wp-json\/wp\/v2\/media?parent=7204"}],"wp:term":[{"taxonomy":"product_brand","embeddable":true,"href":"https:\/\/iberoid.com\/pt\/wp-json\/wp\/v2\/product_brand?post=7204"},{"taxonomy":"product_cat","embeddable":true,"href":"https:\/\/iberoid.com\/pt\/wp-json\/wp\/v2\/product_cat?post=7204"},{"taxonomy":"product_tag","embeddable":true,"href":"https:\/\/iberoid.com\/pt\/wp-json\/wp\/v2\/product_tag?post=7204"}],"curies":[{"name":"wp","href":"https:\/\/api.w.org\/{rel}","templated":true}]}}