{"id":7231,"date":"2022-01-31T21:12:22","date_gmt":"2022-01-31T21:12:22","guid":{"rendered":"https:\/\/iberoid.com\/?post_type=product&#038;p=7231"},"modified":"2026-04-20T18:50:37","modified_gmt":"2026-04-20T18:50:37","slug":"pack-3-sustanon-pharmabol","status":"publish","type":"product","link":"https:\/\/iberoid.com\/pt\/product\/pack-3-sustanon-pharmabol\/","title":{"rendered":"PACK 3 SUSTANON\/SUSTABOL250"},"content":{"rendered":"<p>Sustanon \u00a0\u00e9 um ester\u00f3ide anabolizante muito popular, que \u00e9 uma mistura de quatro tipos de testosterona:\u00a0Propionato, Decanoato, Fenilpropionato e Isocaproato. A droga encontrou seu lugar na ind\u00fastria do fisiculturismo para efetivamente construir e aumentar a for\u00e7a. Este ester\u00f3ide \u00e9 um favorito indiscut\u00edvel entre os fisiculturistas mais velhos, pois \u00e9 um dos ester\u00f3ides mais seguros at\u00e9 hoje. Vale ressaltar que o Sustanon tamb\u00e9m reduz a gordura corporal, melhora o tempo de recupera\u00e7\u00e3o ap\u00f3s o treino e aumenta a libido.<\/p>\n<p>Dosagem: A dosagem recomendada de Sustanon para fisiculturistas \u00e9 de 500mg por semana. Atletas profissionais podem usar at\u00e9 1000mg por semana, mas essas dosagens mais altas s\u00e3o realizadas com experi\u00eancia e c\u00e1tion.<\/p>\n<p>Ciclo de volume:\u00a0Se seu objetivo principal \u00e9 aumentar a massa e a for\u00e7a muscular, para maior efeito, voc\u00ea pode adicionar ester\u00f3ides orais, como\u00a0Anadrol\u00a0ou\u00a0Dianabol, ao seu ciclo de Sustanon.<\/p>\n<p>Ciclo de corte: para secagem, Sustanon pode ser combinado com Masteron,\u00a0Primobolan Depot,\u00a0Winstrol Depot\u00a0e\u00a0Equipoise.<\/p>\n<p>PCT ap\u00f3s Sustanon<\/p>\n<p>As caracter\u00edsticas da Terapia P\u00f3s-Ciclo ap\u00f3s a conclus\u00e3o da administra\u00e7\u00e3o do\u00a0sustanon\u00a0\u00e0 venda\u00a0dependem da dura\u00e7\u00e3o do ciclo e tamb\u00e9m da dosagem que foi usada. Com um ciclo que n\u00e3o exceda 10 semanas de dura\u00e7\u00e3o e n\u00e3o exceda uma dosagem de 250mg por semana. Recomenda-se um regime &#8220;m\u00e9dio&#8221;, de 50mg de\u00a0Citrato de Clomifeno\u00a0por quatorze dias e depois 25mg por mais quatorze dias. Se o curso excedeu os par\u00e2metros que acabamos de mencionar, o Clomid \u00e9 usado nos primeiros quatorze dias na dosagem de 100mg por dia, 50mg por dia nos quatorze dias seguintes e depois mais 14 dias a 25 mg por dia. Este per\u00edodo mais longo de PCT junto com as doses mais altas de Clomid ser\u00e3o necess\u00e1rios para recuperar os n\u00edveis naturais de testosterona que foram suprimidos ainda mais pelas dosagens mais altas usadas e tamb\u00e9m pela maior dura\u00e7\u00e3o do ciclo.<\/p>\n<p>Sustanon \u00e9 a marca de um arranjo \u00e0 base de \u00f3leo que \u00e9 uma mistura de quatro \u00e9steres de testosterona distintos.<\/p>\n<p>Os quatro diferentes \u00e9steres de testosterona encontrados no Sustanon s\u00e3o:<\/p>\n<p>Propionato de testosterona \u2013 30mg (\u00e9ster curto)<br \/>\nFenilpropionato de testosterona \u2013 60mg (\u00e9ster curto)<br \/>\nIsocaproato de testosterona \u2013 60mg (\u00e9ster m\u00e9dio)<br \/>\nDecanoato de testosterona \u2013 100mg (\u00e9ster longo)<br \/>\nUsos do Sustanon<\/p>\n<p>Sustanon \u00e9 usado para tratar a insufici\u00eancia de testosterona afirmada em homens. As subst\u00e2ncias din\u00e2micas do Sustanon s\u00e3o transformadas em testosterona pelo seu corpo.<\/p>\n<p>A testosterona \u00e9 o horm\u00f4nio masculino caracter\u00edstico conhecido como andr\u00f3geno. Nos homens, a testosterona \u00e9 criada e liberada principalmente pelos test\u00edculos. \u00c9 essencial para o desenvolvimento, aperfei\u00e7oamento e capacidade dos \u00f3rg\u00e3os sexuais masculinos e para os atributos sexuais masculinos auxiliares. \u00c9 fundamental para o desenvolvimento dos p\u00ealos do corpo, o avan\u00e7o dos ossos e m\u00fasculos, e anima a produ\u00e7\u00e3o de gl\u00f3bulos vermelhos. Da mesma forma, faz com que as vozes dos homens se desenvolvam. Arranjos contendo testosterona s\u00e3o utilizados para suplantar a testosterona em um indiv\u00edduo que tem baixa ou nenhuma produ\u00e7\u00e3o natural de testosterona (uma condi\u00e7\u00e3o conhecida como hipogonadismo).<\/p>\n<p>Melhor dosagem para Sustanon<\/p>\n<p>Uma dose eficaz para homens que est\u00e3o usando Sustanon pode come\u00e7ar em 500mg por semana e ir at\u00e9 2000mg por semana para clientes de ponta que t\u00eam vasta experi\u00eancia com este composto. Os novatos s\u00e3o constantemente encorajados a come\u00e7ar com a dose efetiva mais reduzida e, para alguns, isso pode at\u00e9 chegar a 300mg por semana. Ao combin\u00e1-lo com diferentes misturas, 500mg por semana \u00e9 bastante Sustanon suficiente para ter um resultado ben\u00e9fico e obter \u00f3timos resultados.<\/p>\n<p>Os clientes impulsionados s\u00e3o conhecidos por aumentar a medi\u00e7\u00e3o em qualquer lugar na faixa de 1000mg e 2000mg por semana, mas isso \u00e9 de vez em quando quando a situa\u00e7\u00e3o ao usar diferentes misturas est\u00e1 sendo utilizada, e doses t\u00e3o altas por clientes de ponta s\u00e3o muitas vezes feitas quando Sustanon est\u00e1 sendo utilizado sozinho. Essas doses mais altas aumentar\u00e3o consideravelmente o risco de rea\u00e7\u00f5es graves.<\/p>","protected":false},"excerpt":{"rendered":"<p>Sustanon \u00a0\u00e9 um ester\u00f3ide anabolizante muito popular, que \u00e9 uma mistura de quatro tipos de testosterona:\u00a0Propionato, Decanoato, Fenilpropionato e Isocaproato.<\/p>\n","protected":false},"featured_media":7232,"comment_status":"open","ping_status":"closed","template":"","meta":[],"product_brand":[3526],"product_cat":[69,3474],"product_tag":[],"class_list":{"0":"post-7231","1":"product","2":"type-product","3":"status-publish","4":"has-post-thumbnail","6":"product_brand-pharmabol","7":"product_cat-esteroides_inyectables","8":"product_cat-packs","10":"first","11":"instock","12":"shipping-taxable","13":"purchasable","14":"product-type-simple"},"yoast_head":"<!-- This site is optimized with the Yoast SEO Premium plugin v24.4 (Yoast SEO v27.3) - https:\/\/yoast.com\/product\/yoast-seo-premium-wordpress\/ -->\n<title>PACK 3 SUSTANON\/SUSTABOL250 - Ester\u00f3ides Online<\/title>\n<meta name=\"description\" content=\"Sustanon: Ester\u00f3ide anabolizante popular, mistura de 4 \u00e9steres de testosterona para crescimento muscular, for\u00e7a, perda de gordura e aumento da libido.\" \/>\n<meta name=\"robots\" content=\"index, follow, max-snippet:-1, max-image-preview:large, max-video-preview:-1\" \/>\n<link rel=\"canonical\" href=\"https:\/\/iberoid.com\/pt\/product\/pack-3-sustanon-pharmabol\/\" \/>\n<meta property=\"og:locale\" content=\"pt_PT\" \/>\n<meta property=\"og:type\" content=\"article\" \/>\n<meta property=\"og:title\" content=\"PACK 3 SUSTANON\/SUSTABOL250\" \/>\n<meta property=\"og:description\" content=\"Sustanon: Ester\u00f3ide anabolizante popular, mistura de 4 \u00e9steres de testosterona para crescimento muscular, for\u00e7a, perda de gordura e aumento da libido.\" \/>\n<meta property=\"og:url\" content=\"https:\/\/iberoid.com\/pt\/product\/pack-3-sustanon-pharmabol\/\" \/>\n<meta property=\"og:site_name\" content=\"Ester\u00f3ides Online\" \/>\n<meta property=\"article:modified_time\" content=\"2026-04-20T18:50:37+00:00\" \/>\n<meta property=\"og:image\" content=\"https:\/\/iberoid.com\/wp-content\/uploads\/2022\/01\/3-sust-pb.jpg?v=1698649054\" \/>\n\t<meta property=\"og:image:width\" content=\"1080\" \/>\n\t<meta property=\"og:image:height\" content=\"1027\" \/>\n\t<meta property=\"og:image:type\" content=\"image\/jpeg\" \/>\n<meta name=\"twitter:card\" content=\"summary_large_image\" \/>\n<meta name=\"twitter:label1\" content=\"pre\u00e7o\" \/>\n\t<meta name=\"twitter:data1\" content=\"&euro;65.00\" \/>\n\t<meta name=\"twitter:label2\" content=\"Disponibilidade\" \/>\n\t<meta name=\"twitter:data2\" content=\"Em stock\" \/>\n<script type=\"application\/ld+json\" class=\"yoast-schema-graph\">{\"@context\":\"https:\\\/\\\/schema.org\",\"@graph\":[{\"@type\":\"WebPage\",\"@id\":\"https:\\\/\\\/iberoid.com\\\/pt\\\/product\\\/pack-3-sustanon-pharmabol\\\/\",\"url\":\"https:\\\/\\\/iberoid.com\\\/pt\\\/product\\\/pack-3-sustanon-pharmabol\\\/\",\"name\":\"PACK 3 SUSTANON\\\/SUSTABOL250 - Ester\u00f3ides Online\",\"isPartOf\":{\"@id\":\"https:\\\/\\\/iberoid-shop.com\\\/#website\"},\"primaryImageOfPage\":{\"@id\":\"https:\\\/\\\/iberoid.com\\\/pt\\\/product\\\/pack-3-sustanon-pharmabol\\\/#primaryimage\"},\"image\":{\"@id\":\"https:\\\/\\\/iberoid.com\\\/pt\\\/product\\\/pack-3-sustanon-pharmabol\\\/#primaryimage\"},\"thumbnailUrl\":\"https:\\\/\\\/iberoid.com\\\/wp-content\\\/uploads\\\/2022\\\/01\\\/3-sust-pb.jpg?v=1698649054\",\"datePublished\":\"2022-01-31T21:12:22+00:00\",\"dateModified\":\"2026-04-20T18:50:37+00:00\",\"description\":\"Sustanon: Ester\u00f3ide anabolizante popular, mistura de 4 \u00e9steres de testosterona para crescimento muscular, for\u00e7a, perda de gordura e aumento da libido.\",\"breadcrumb\":{\"@id\":\"https:\\\/\\\/iberoid.com\\\/pt\\\/product\\\/pack-3-sustanon-pharmabol\\\/#breadcrumb\"},\"inLanguage\":\"pt-PT\",\"potentialAction\":[{\"@type\":\"ReadAction\",\"target\":[[\"https:\\\/\\\/iberoid.com\\\/pt\\\/product\\\/pack-3-sustanon-pharmabol\\\/\"]]}]},{\"@type\":\"ImageObject\",\"inLanguage\":\"pt-PT\",\"@id\":\"https:\\\/\\\/iberoid.com\\\/pt\\\/product\\\/pack-3-sustanon-pharmabol\\\/#primaryimage\",\"url\":\"https:\\\/\\\/iberoid.com\\\/wp-content\\\/uploads\\\/2022\\\/01\\\/3-sust-pb.jpg?v=1698649054\",\"contentUrl\":\"https:\\\/\\\/iberoid.com\\\/wp-content\\\/uploads\\\/2022\\\/01\\\/3-sust-pb.jpg?v=1698649054\",\"width\":1080,\"height\":1027},{\"@type\":\"BreadcrumbList\",\"@id\":\"https:\\\/\\\/iberoid.com\\\/pt\\\/product\\\/pack-3-sustanon-pharmabol\\\/#breadcrumb\",\"itemListElement\":[{\"@type\":\"ListItem\",\"position\":1,\"name\":\"Portada\",\"item\":\"https:\\\/\\\/iberoid.com\\\/pt\\\/\"},{\"@type\":\"ListItem\",\"position\":2,\"name\":\"Loja\",\"item\":\"https:\\\/\\\/iberoid.com\\\/pt\\\/shop\\\/\"},{\"@type\":\"ListItem\",\"position\":3,\"name\":\"PACK 3 SUSTANON\\\/SUSTABOL250\"}]},{\"@type\":\"WebSite\",\"@id\":\"https:\\\/\\\/iberoid-shop.com\\\/#website\",\"url\":\"https:\\\/\\\/iberoid-shop.com\\\/\",\"name\":\"Ester\u00f3ides Online\",\"description\":\"Compre ester\u00f3ides online hoje em Espanha e Portugal. Temos o melhor servi\u00e7o ao cliente do setor e produtos da mais alta qualidade\",\"potentialAction\":[{\"@type\":\"SearchAction\",\"target\":{\"@type\":\"EntryPoint\",\"urlTemplate\":\"https:\\\/\\\/iberoid-shop.com\\\/?s={search_term_string}\"},\"query-input\":{\"@type\":\"PropertyValueSpecification\",\"valueRequired\":true,\"valueName\":\"search_term_string\"}}],\"inLanguage\":\"pt-PT\"}]}<\/script>\n<meta property=\"product:brand\" content=\"Pharmabol\" \/>\n<meta property=\"product:price:amount\" content=\"65.00\" \/>\n<meta property=\"product:price:currency\" content=\"EUR\" \/>\n<meta property=\"og:availability\" content=\"instock\" \/>\n<meta property=\"product:availability\" content=\"instock\" \/>\n<meta property=\"product:condition\" content=\"new\" \/>\n<!-- \/ Yoast SEO Premium plugin. -->","yoast_head_json":{"title":"PACK 3 SUSTANON\/SUSTABOL250 - Ester\u00f3ides Online","description":"Sustanon: Ester\u00f3ide anabolizante popular, mistura de 4 \u00e9steres de testosterona para crescimento muscular, for\u00e7a, perda de gordura e aumento da libido.","robots":{"index":"index","follow":"follow","max-snippet":"max-snippet:-1","max-image-preview":"max-image-preview:large","max-video-preview":"max-video-preview:-1"},"canonical":"https:\/\/iberoid.com\/pt\/product\/pack-3-sustanon-pharmabol\/","og_locale":"pt_PT","og_type":"article","og_title":"PACK 3 SUSTANON\/SUSTABOL250","og_description":"Sustanon: Ester\u00f3ide anabolizante popular, mistura de 4 \u00e9steres de testosterona para crescimento muscular, for\u00e7a, perda de gordura e aumento da libido.","og_url":"https:\/\/iberoid.com\/pt\/product\/pack-3-sustanon-pharmabol\/","og_site_name":"Ester\u00f3ides Online","article_modified_time":"2026-04-20T18:50:37+00:00","og_image":[{"width":1080,"height":1027,"url":"https:\/\/iberoid.com\/wp-content\/uploads\/2022\/01\/3-sust-pb.jpg?v=1698649054","type":"image\/jpeg"}],"twitter_card":"summary_large_image","twitter_misc":{"pre\u00e7o":"&euro;65.00","Disponibilidade":"Em stock"},"schema":{"@context":"https:\/\/schema.org","@graph":[{"@type":"WebPage","@id":"https:\/\/iberoid.com\/pt\/product\/pack-3-sustanon-pharmabol\/","url":"https:\/\/iberoid.com\/pt\/product\/pack-3-sustanon-pharmabol\/","name":"PACK 3 SUSTANON\/SUSTABOL250 - Ester\u00f3ides Online","isPartOf":{"@id":"https:\/\/iberoid-shop.com\/#website"},"primaryImageOfPage":{"@id":"https:\/\/iberoid.com\/pt\/product\/pack-3-sustanon-pharmabol\/#primaryimage"},"image":{"@id":"https:\/\/iberoid.com\/pt\/product\/pack-3-sustanon-pharmabol\/#primaryimage"},"thumbnailUrl":"https:\/\/iberoid.com\/wp-content\/uploads\/2022\/01\/3-sust-pb.jpg?v=1698649054","datePublished":"2022-01-31T21:12:22+00:00","dateModified":"2026-04-20T18:50:37+00:00","description":"Sustanon: Ester\u00f3ide anabolizante popular, mistura de 4 \u00e9steres de testosterona para crescimento muscular, for\u00e7a, perda de gordura e aumento da libido.","breadcrumb":{"@id":"https:\/\/iberoid.com\/pt\/product\/pack-3-sustanon-pharmabol\/#breadcrumb"},"inLanguage":"pt-PT","potentialAction":[{"@type":"ReadAction","target":[["https:\/\/iberoid.com\/pt\/product\/pack-3-sustanon-pharmabol\/"]]}]},{"@type":"ImageObject","inLanguage":"pt-PT","@id":"https:\/\/iberoid.com\/pt\/product\/pack-3-sustanon-pharmabol\/#primaryimage","url":"https:\/\/iberoid.com\/wp-content\/uploads\/2022\/01\/3-sust-pb.jpg?v=1698649054","contentUrl":"https:\/\/iberoid.com\/wp-content\/uploads\/2022\/01\/3-sust-pb.jpg?v=1698649054","width":1080,"height":1027},{"@type":"BreadcrumbList","@id":"https:\/\/iberoid.com\/pt\/product\/pack-3-sustanon-pharmabol\/#breadcrumb","itemListElement":[{"@type":"ListItem","position":1,"name":"Portada","item":"https:\/\/iberoid.com\/pt\/"},{"@type":"ListItem","position":2,"name":"Loja","item":"https:\/\/iberoid.com\/pt\/shop\/"},{"@type":"ListItem","position":3,"name":"PACK 3 SUSTANON\/SUSTABOL250"}]},{"@type":"WebSite","@id":"https:\/\/iberoid-shop.com\/#website","url":"https:\/\/iberoid-shop.com\/","name":"Ester\u00f3ides Online","description":"Compre ester\u00f3ides online hoje em Espanha e Portugal. Temos o melhor servi\u00e7o ao cliente do setor e produtos da mais alta qualidade","potentialAction":[{"@type":"SearchAction","target":{"@type":"EntryPoint","urlTemplate":"https:\/\/iberoid-shop.com\/?s={search_term_string}"},"query-input":{"@type":"PropertyValueSpecification","valueRequired":true,"valueName":"search_term_string"}}],"inLanguage":"pt-PT"}]},"product_brand":"Pharmabol","product_price_amount":"65.00","product_price_currency":"EUR","og_availability":"instock","product_availability":"instock","product_condition":"new"},"_links":{"self":[{"href":"https:\/\/iberoid.com\/pt\/wp-json\/wp\/v2\/product\/7231","targetHints":{"allow":["GET"]}}],"collection":[{"href":"https:\/\/iberoid.com\/pt\/wp-json\/wp\/v2\/product"}],"about":[{"href":"https:\/\/iberoid.com\/pt\/wp-json\/wp\/v2\/types\/product"}],"replies":[{"embeddable":true,"href":"https:\/\/iberoid.com\/pt\/wp-json\/wp\/v2\/comments?post=7231"}],"wp:featuredmedia":[{"embeddable":true,"href":"https:\/\/iberoid.com\/pt\/wp-json\/wp\/v2\/media\/7232"}],"wp:attachment":[{"href":"https:\/\/iberoid.com\/pt\/wp-json\/wp\/v2\/media?parent=7231"}],"wp:term":[{"taxonomy":"product_brand","embeddable":true,"href":"https:\/\/iberoid.com\/pt\/wp-json\/wp\/v2\/product_brand?post=7231"},{"taxonomy":"product_cat","embeddable":true,"href":"https:\/\/iberoid.com\/pt\/wp-json\/wp\/v2\/product_cat?post=7231"},{"taxonomy":"product_tag","embeddable":true,"href":"https:\/\/iberoid.com\/pt\/wp-json\/wp\/v2\/product_tag?post=7231"}],"curies":[{"name":"wp","href":"https:\/\/api.w.org\/{rel}","templated":true}]}}