{"id":7352,"date":"2022-02-26T15:30:06","date_gmt":"2022-02-26T15:30:06","guid":{"rendered":"https:\/\/iberoid.com\/?post_type=product&#038;p=7352"},"modified":"2024-12-05T21:37:30","modified_gmt":"2024-12-05T21:37:30","slug":"pack3-norditropin-nordiflex-45iu-15-mg-pen","status":"publish","type":"product","link":"https:\/\/iberoid.com\/pt\/product\/pack3-norditropin-nordiflex-45iu-15-mg-pen\/","title":{"rendered":"PACK3-NORDITROPIN 45IU(15MG)"},"content":{"rendered":"<p><strong>NORDITROPIN 45IU(15MG) HGH\u00a0 NORDIFLEX PEN<\/strong><\/p>\n<p>Norditropin \u00e9 uma forma de horm\u00f4nio de crescimento humano. O HGH \u00e9 importante para o crescimento dos ossos e m\u00fasculos, e \u00e9 usado para tratar a defici\u00eancia de crescimento em crian\u00e7as e adultos sem HGH natural, e naqueles com insufici\u00eancia renal cr\u00f4nica, s\u00edndrome de Noonan, s\u00edndrome de Turner, s\u00edndrome de Prader-Willi, baixa estatura ao nascer com nenhum crescimento de recupera\u00e7\u00e3o e outras causas. A somatropina tamb\u00e9m \u00e9 usada para prevenir a perda de peso grave em pessoas com AIDS ou para tratar a s\u00edndrome do intestino curto.<\/p>\n<p><strong>Dosagem de Norditropina;<\/strong><\/p>\n<p>A dosagem de HGH para adultos depende de quais objetivos ser\u00e3o usados. Para queima de gordura, a dosagem deve ser de 2-3 UI por dia, para constru\u00e7\u00e3o muscular e queima de gordura 4-10 UI por dia. Para benef\u00edcio m\u00e1ximo, HGH pode ser combinado com testosterona.<\/p>\n<p><strong>Benef\u00edcios da Norditropin;<\/strong><\/p>\n<ul>\n<li>\nNorditropin ajuda a aumentar o processo de regenera\u00e7\u00e3o celular no corpo. Novas c\u00e9lulas s\u00e3o os blocos de constru\u00e7\u00e3o da vida e, neste caso, s\u00e3o necess\u00e1rias para ajudar.<\/li>\n<li>Manter a integridade dos sistemas muscular e esquel\u00e9tico do corpo.<\/li>\n<li>Norditropin tamb\u00e9m ajuda a fortalecer o sistema imunol\u00f3gico tornando o corpo menos suscet\u00edvel a resfriados e v\u00edrus.<\/li>\n<li>Desempenho sexual, maior resist\u00eancia e n\u00edveis de energia mais altos s\u00e3o benef\u00edcios adicionais de Norditropin para adultos.<\/li>\n<li>Um risco aumentado de dem\u00eancia e doen\u00e7a de Alzheimer \u00e9 poss\u00edvel em casos de decl\u00ednio do horm\u00f4nio do crescimento humano.<\/li>\n<li>A maioria das pessoas relata mudan\u00e7as positivas no humor e nas perspectivas dentro de tr\u00eas semanas ap\u00f3s o in\u00edcio das inje\u00e7\u00f5es de Norditropin.<\/li>\n<li>Promove o crescimento muscular<\/li>\n<li>A\u00e7\u00e3o anti-catab\u00f3lica &#8211; inibe a degrada\u00e7\u00e3o muscular<\/li>\n<li>Reduz a gordura corporal<\/li>\n<li>Regula o consumo de energia<\/li>\n<li>Acelera a cicatriza\u00e7\u00e3o de feridas<\/li>\n<\/ul>\n<p><\/p>","protected":false},"excerpt":{"rendered":"<p>NORDITROPIN 45IU(15MG) HGH\u00a0 NORDIFLEX PEN Norditropin \u00e9 uma forma de horm\u00f4nio de crescimento humano. O HGH \u00e9 importante para o<\/p>\n","protected":false},"featured_media":7353,"comment_status":"open","ping_status":"closed","template":"","meta":[],"product_brand":[],"product_cat":[76,3474],"product_tag":[],"class_list":{"0":"post-7352","1":"product","2":"type-product","3":"status-publish","4":"has-post-thumbnail","6":"product_cat-hgh_peptido","7":"product_cat-packs","9":"first","10":"outofstock","11":"sale","12":"shipping-taxable","13":"purchasable","14":"product-type-simple"},"yoast_head":"<!-- This site is optimized with the Yoast SEO Premium plugin v24.4 (Yoast SEO v27.3) - https:\/\/yoast.com\/product\/yoast-seo-premium-wordpress\/ -->\n<title>PACK3-NORDITROPIN 45IU(15MG) - Ester\u00f3ides Online<\/title>\n<meta name=\"robots\" content=\"index, follow, max-snippet:-1, max-image-preview:large, max-video-preview:-1\" \/>\n<link rel=\"canonical\" href=\"https:\/\/iberoid.com\/pt\/product\/pack3-norditropin-nordiflex-45iu-15-mg-pen\/\" \/>\n<meta property=\"og:locale\" content=\"pt_PT\" \/>\n<meta property=\"og:type\" content=\"article\" \/>\n<meta property=\"og:title\" content=\"PACK3-NORDITROPIN 45IU(15MG)\" \/>\n<meta property=\"og:description\" content=\"NORDITROPIN 45IU(15MG) HGH\u00a0 NORDIFLEX PEN Norditropin \u00e9 uma forma de horm\u00f4nio de crescimento humano. O HGH \u00e9 importante para o\" \/>\n<meta property=\"og:url\" content=\"https:\/\/iberoid.com\/pt\/product\/pack3-norditropin-nordiflex-45iu-15-mg-pen\/\" \/>\n<meta property=\"og:site_name\" content=\"Ester\u00f3ides Online\" \/>\n<meta property=\"article:modified_time\" content=\"2024-12-05T21:37:30+00:00\" \/>\n<meta property=\"og:image\" content=\"https:\/\/iberoid.com\/wp-content\/uploads\/2022\/02\/nordi15-1.webp\" \/>\n\t<meta property=\"og:image:width\" content=\"1023\" \/>\n\t<meta property=\"og:image:height\" content=\"768\" \/>\n\t<meta property=\"og:image:type\" content=\"image\/webp\" \/>\n<meta name=\"twitter:card\" content=\"summary_large_image\" \/>\n<meta name=\"twitter:label1\" content=\"pre\u00e7o\" \/>\n\t<meta name=\"twitter:data1\" content=\"&euro;350.00\" \/>\n\t<meta name=\"twitter:label2\" content=\"Disponibilidade\" \/>\n\t<meta name=\"twitter:data2\" content=\"Esgotado\" \/>\n<script type=\"application\/ld+json\" class=\"yoast-schema-graph\">{\"@context\":\"https:\\\/\\\/schema.org\",\"@graph\":[{\"@type\":\"WebPage\",\"@id\":\"https:\\\/\\\/iberoid.com\\\/pt\\\/product\\\/pack3-norditropin-nordiflex-45iu-15-mg-pen\\\/\",\"url\":\"https:\\\/\\\/iberoid.com\\\/pt\\\/product\\\/pack3-norditropin-nordiflex-45iu-15-mg-pen\\\/\",\"name\":\"PACK3-NORDITROPIN 45IU(15MG) - Ester\u00f3ides Online\",\"isPartOf\":{\"@id\":\"https:\\\/\\\/iberoid-shop.com\\\/#website\"},\"primaryImageOfPage\":{\"@id\":\"https:\\\/\\\/iberoid.com\\\/pt\\\/product\\\/pack3-norditropin-nordiflex-45iu-15-mg-pen\\\/#primaryimage\"},\"image\":{\"@id\":\"https:\\\/\\\/iberoid.com\\\/pt\\\/product\\\/pack3-norditropin-nordiflex-45iu-15-mg-pen\\\/#primaryimage\"},\"thumbnailUrl\":\"https:\\\/\\\/iberoid.com\\\/wp-content\\\/uploads\\\/2022\\\/02\\\/nordi15-1.webp\",\"datePublished\":\"2022-02-26T15:30:06+00:00\",\"dateModified\":\"2024-12-05T21:37:30+00:00\",\"breadcrumb\":{\"@id\":\"https:\\\/\\\/iberoid.com\\\/pt\\\/product\\\/pack3-norditropin-nordiflex-45iu-15-mg-pen\\\/#breadcrumb\"},\"inLanguage\":\"pt-PT\",\"potentialAction\":[{\"@type\":\"ReadAction\",\"target\":[[\"https:\\\/\\\/iberoid.com\\\/pt\\\/product\\\/pack3-norditropin-nordiflex-45iu-15-mg-pen\\\/\"]]}]},{\"@type\":\"ImageObject\",\"inLanguage\":\"pt-PT\",\"@id\":\"https:\\\/\\\/iberoid.com\\\/pt\\\/product\\\/pack3-norditropin-nordiflex-45iu-15-mg-pen\\\/#primaryimage\",\"url\":\"https:\\\/\\\/iberoid.com\\\/wp-content\\\/uploads\\\/2022\\\/02\\\/nordi15-1.webp\",\"contentUrl\":\"https:\\\/\\\/iberoid.com\\\/wp-content\\\/uploads\\\/2022\\\/02\\\/nordi15-1.webp\",\"width\":1023,\"height\":768},{\"@type\":\"BreadcrumbList\",\"@id\":\"https:\\\/\\\/iberoid.com\\\/pt\\\/product\\\/pack3-norditropin-nordiflex-45iu-15-mg-pen\\\/#breadcrumb\",\"itemListElement\":[{\"@type\":\"ListItem\",\"position\":1,\"name\":\"Portada\",\"item\":\"https:\\\/\\\/iberoid.com\\\/pt\\\/\"},{\"@type\":\"ListItem\",\"position\":2,\"name\":\"Loja\",\"item\":\"https:\\\/\\\/iberoid.com\\\/pt\\\/shop\\\/\"},{\"@type\":\"ListItem\",\"position\":3,\"name\":\"PACK3-NORDITROPIN 45IU(15MG)\"}]},{\"@type\":\"WebSite\",\"@id\":\"https:\\\/\\\/iberoid-shop.com\\\/#website\",\"url\":\"https:\\\/\\\/iberoid-shop.com\\\/\",\"name\":\"Ester\u00f3ides Online\",\"description\":\"Compre ester\u00f3ides online hoje em Espanha e Portugal. Temos o melhor servi\u00e7o ao cliente do setor e produtos da mais alta qualidade\",\"potentialAction\":[{\"@type\":\"SearchAction\",\"target\":{\"@type\":\"EntryPoint\",\"urlTemplate\":\"https:\\\/\\\/iberoid-shop.com\\\/?s={search_term_string}\"},\"query-input\":{\"@type\":\"PropertyValueSpecification\",\"valueRequired\":true,\"valueName\":\"search_term_string\"}}],\"inLanguage\":\"pt-PT\"}]}<\/script>\n<meta property=\"product:price:amount\" content=\"350.00\" \/>\n<meta property=\"product:price:currency\" content=\"EUR\" \/>\n<meta property=\"og:availability\" content=\"out of stock\" \/>\n<meta property=\"product:availability\" content=\"out of stock\" \/>\n<meta property=\"product:condition\" content=\"new\" \/>\n<!-- \/ Yoast SEO Premium plugin. -->","yoast_head_json":{"title":"PACK3-NORDITROPIN 45IU(15MG) - Ester\u00f3ides Online","robots":{"index":"index","follow":"follow","max-snippet":"max-snippet:-1","max-image-preview":"max-image-preview:large","max-video-preview":"max-video-preview:-1"},"canonical":"https:\/\/iberoid.com\/pt\/product\/pack3-norditropin-nordiflex-45iu-15-mg-pen\/","og_locale":"pt_PT","og_type":"article","og_title":"PACK3-NORDITROPIN 45IU(15MG)","og_description":"NORDITROPIN 45IU(15MG) HGH\u00a0 NORDIFLEX PEN Norditropin \u00e9 uma forma de horm\u00f4nio de crescimento humano. O HGH \u00e9 importante para o","og_url":"https:\/\/iberoid.com\/pt\/product\/pack3-norditropin-nordiflex-45iu-15-mg-pen\/","og_site_name":"Ester\u00f3ides Online","article_modified_time":"2024-12-05T21:37:30+00:00","og_image":[{"width":1023,"height":768,"url":"https:\/\/iberoid.com\/wp-content\/uploads\/2022\/02\/nordi15-1.webp","type":"image\/webp"}],"twitter_card":"summary_large_image","twitter_misc":{"pre\u00e7o":"&euro;350.00","Disponibilidade":"Esgotado"},"schema":{"@context":"https:\/\/schema.org","@graph":[{"@type":"WebPage","@id":"https:\/\/iberoid.com\/pt\/product\/pack3-norditropin-nordiflex-45iu-15-mg-pen\/","url":"https:\/\/iberoid.com\/pt\/product\/pack3-norditropin-nordiflex-45iu-15-mg-pen\/","name":"PACK3-NORDITROPIN 45IU(15MG) - Ester\u00f3ides Online","isPartOf":{"@id":"https:\/\/iberoid-shop.com\/#website"},"primaryImageOfPage":{"@id":"https:\/\/iberoid.com\/pt\/product\/pack3-norditropin-nordiflex-45iu-15-mg-pen\/#primaryimage"},"image":{"@id":"https:\/\/iberoid.com\/pt\/product\/pack3-norditropin-nordiflex-45iu-15-mg-pen\/#primaryimage"},"thumbnailUrl":"https:\/\/iberoid.com\/wp-content\/uploads\/2022\/02\/nordi15-1.webp","datePublished":"2022-02-26T15:30:06+00:00","dateModified":"2024-12-05T21:37:30+00:00","breadcrumb":{"@id":"https:\/\/iberoid.com\/pt\/product\/pack3-norditropin-nordiflex-45iu-15-mg-pen\/#breadcrumb"},"inLanguage":"pt-PT","potentialAction":[{"@type":"ReadAction","target":[["https:\/\/iberoid.com\/pt\/product\/pack3-norditropin-nordiflex-45iu-15-mg-pen\/"]]}]},{"@type":"ImageObject","inLanguage":"pt-PT","@id":"https:\/\/iberoid.com\/pt\/product\/pack3-norditropin-nordiflex-45iu-15-mg-pen\/#primaryimage","url":"https:\/\/iberoid.com\/wp-content\/uploads\/2022\/02\/nordi15-1.webp","contentUrl":"https:\/\/iberoid.com\/wp-content\/uploads\/2022\/02\/nordi15-1.webp","width":1023,"height":768},{"@type":"BreadcrumbList","@id":"https:\/\/iberoid.com\/pt\/product\/pack3-norditropin-nordiflex-45iu-15-mg-pen\/#breadcrumb","itemListElement":[{"@type":"ListItem","position":1,"name":"Portada","item":"https:\/\/iberoid.com\/pt\/"},{"@type":"ListItem","position":2,"name":"Loja","item":"https:\/\/iberoid.com\/pt\/shop\/"},{"@type":"ListItem","position":3,"name":"PACK3-NORDITROPIN 45IU(15MG)"}]},{"@type":"WebSite","@id":"https:\/\/iberoid-shop.com\/#website","url":"https:\/\/iberoid-shop.com\/","name":"Ester\u00f3ides Online","description":"Compre ester\u00f3ides online hoje em Espanha e Portugal. Temos o melhor servi\u00e7o ao cliente do setor e produtos da mais alta qualidade","potentialAction":[{"@type":"SearchAction","target":{"@type":"EntryPoint","urlTemplate":"https:\/\/iberoid-shop.com\/?s={search_term_string}"},"query-input":{"@type":"PropertyValueSpecification","valueRequired":true,"valueName":"search_term_string"}}],"inLanguage":"pt-PT"}]},"product_price_amount":"350.00","product_price_currency":"EUR","og_availability":"out of stock","product_availability":"out of stock","product_condition":"new"},"_links":{"self":[{"href":"https:\/\/iberoid.com\/pt\/wp-json\/wp\/v2\/product\/7352","targetHints":{"allow":["GET"]}}],"collection":[{"href":"https:\/\/iberoid.com\/pt\/wp-json\/wp\/v2\/product"}],"about":[{"href":"https:\/\/iberoid.com\/pt\/wp-json\/wp\/v2\/types\/product"}],"replies":[{"embeddable":true,"href":"https:\/\/iberoid.com\/pt\/wp-json\/wp\/v2\/comments?post=7352"}],"wp:featuredmedia":[{"embeddable":true,"href":"https:\/\/iberoid.com\/pt\/wp-json\/wp\/v2\/media\/7353"}],"wp:attachment":[{"href":"https:\/\/iberoid.com\/pt\/wp-json\/wp\/v2\/media?parent=7352"}],"wp:term":[{"taxonomy":"product_brand","embeddable":true,"href":"https:\/\/iberoid.com\/pt\/wp-json\/wp\/v2\/product_brand?post=7352"},{"taxonomy":"product_cat","embeddable":true,"href":"https:\/\/iberoid.com\/pt\/wp-json\/wp\/v2\/product_cat?post=7352"},{"taxonomy":"product_tag","embeddable":true,"href":"https:\/\/iberoid.com\/pt\/wp-json\/wp\/v2\/product_tag?post=7352"}],"curies":[{"name":"wp","href":"https:\/\/api.w.org\/{rel}","templated":true}]}}