{"id":7356,"date":"2022-02-27T13:05:54","date_gmt":"2022-02-27T13:05:54","guid":{"rendered":"https:\/\/iberoid.com\/?post_type=product&#038;p=7356"},"modified":"2024-05-25T17:08:46","modified_gmt":"2024-05-25T17:08:46","slug":"biotech","status":"publish","type":"product","link":"https:\/\/iberoid.com\/pt\/product\/biotech\/","title":{"rendered":"AGUA BACETREOESTATICA-10 ML"},"content":{"rendered":"<p><strong>\u00c1GUA BACETREOESTATICA-10 ML<\/strong><\/p>\n<p>A \u00e1gua bacteriost\u00e1tica \u00e9 \u00e1gua esterilizada e preservada para uso de inje\u00e7\u00e3o m\u00faltipla. Usado para reconstituir, misturar ou diluir produtos farmac\u00eauticos antes da inje\u00e7\u00e3o. A \u00e1gua bacteriost\u00e1tica cont\u00e9m 0,9% de \u00e1lcool benz\u00edlico como conservante, o que garante a esterilidade quando usado para fins de inje\u00e7\u00e3o m\u00faltipla. Depois de aberto, voc\u00ea tem at\u00e9 45 dias para us\u00e1-lo antes de descartar.<\/p>\n<p>Sempre higienize a veda\u00e7\u00e3o de borracha superior com uma almofada de prepara\u00e7\u00e3o de \u00e1lcool como precau\u00e7\u00e3o extra para remover quaisquer contaminantes antes de cada uso.<\/p>","protected":false},"excerpt":{"rendered":"<p>\u00c1GUA BACETREOESTATICA-10 ML A \u00e1gua bacteriost\u00e1tica \u00e9 \u00e1gua esterilizada e preservada para uso de inje\u00e7\u00e3o m\u00faltipla. Usado para reconstituir, misturar<\/p>\n","protected":false},"featured_media":9121,"comment_status":"open","ping_status":"closed","template":"","meta":[],"product_brand":[],"product_cat":[76],"product_tag":[],"class_list":{"0":"post-7356","1":"product","2":"type-product","3":"status-publish","4":"has-post-thumbnail","6":"product_cat-hgh_peptido","8":"first","9":"outofstock","10":"shipping-taxable","11":"purchasable","12":"product-type-simple"},"yoast_head":"<!-- This site is optimized with the Yoast SEO Premium plugin v24.4 (Yoast SEO v27.3) - https:\/\/yoast.com\/product\/yoast-seo-premium-wordpress\/ -->\n<title>AGUA BACETREOESTATICA-10 ML - Ester\u00f3ides Online<\/title>\n<meta name=\"robots\" content=\"index, follow, max-snippet:-1, max-image-preview:large, max-video-preview:-1\" \/>\n<link rel=\"canonical\" href=\"https:\/\/iberoid.com\/pt\/product\/biotech\/\" \/>\n<meta property=\"og:locale\" content=\"pt_PT\" \/>\n<meta property=\"og:type\" content=\"article\" \/>\n<meta property=\"og:title\" content=\"AGUA BACETREOESTATICA-10 ML\" \/>\n<meta property=\"og:description\" content=\"\u00c1GUA BACETREOESTATICA-10 ML A \u00e1gua bacteriost\u00e1tica \u00e9 \u00e1gua esterilizada e preservada para uso de inje\u00e7\u00e3o m\u00faltipla. Usado para reconstituir, misturar\" \/>\n<meta property=\"og:url\" content=\"https:\/\/iberoid.com\/pt\/product\/biotech\/\" \/>\n<meta property=\"og:site_name\" content=\"Ester\u00f3ides Online\" \/>\n<meta property=\"article:modified_time\" content=\"2024-05-25T17:08:46+00:00\" \/>\n<meta property=\"og:image\" content=\"https:\/\/iberoid.com\/wp-content\/uploads\/2022\/02\/mediamodifier_image.png?v=1703278595\" \/>\n\t<meta property=\"og:image:width\" content=\"1400\" \/>\n\t<meta property=\"og:image:height\" content=\"1400\" \/>\n\t<meta property=\"og:image:type\" content=\"image\/png\" \/>\n<meta name=\"twitter:card\" content=\"summary_large_image\" \/>\n<meta name=\"twitter:label1\" content=\"pre\u00e7o\" \/>\n\t<meta name=\"twitter:data1\" content=\"&euro;8.00\" \/>\n\t<meta name=\"twitter:label2\" content=\"Disponibilidade\" \/>\n\t<meta name=\"twitter:data2\" content=\"Esgotado\" \/>\n<script type=\"application\/ld+json\" class=\"yoast-schema-graph\">{\"@context\":\"https:\\\/\\\/schema.org\",\"@graph\":[{\"@type\":\"WebPage\",\"@id\":\"https:\\\/\\\/iberoid.com\\\/pt\\\/product\\\/biotech\\\/\",\"url\":\"https:\\\/\\\/iberoid.com\\\/pt\\\/product\\\/biotech\\\/\",\"name\":\"AGUA BACETREOESTATICA-10 ML - Ester\u00f3ides Online\",\"isPartOf\":{\"@id\":\"https:\\\/\\\/iberoid.com\\\/pt\\\/#website\"},\"primaryImageOfPage\":{\"@id\":\"https:\\\/\\\/iberoid.com\\\/pt\\\/product\\\/biotech\\\/#primaryimage\"},\"image\":{\"@id\":\"https:\\\/\\\/iberoid.com\\\/pt\\\/product\\\/biotech\\\/#primaryimage\"},\"thumbnailUrl\":\"https:\\\/\\\/iberoid.com\\\/wp-content\\\/uploads\\\/2022\\\/02\\\/mediamodifier_image.png?v=1703278595\",\"datePublished\":\"2022-02-27T13:05:54+00:00\",\"dateModified\":\"2024-05-25T17:08:46+00:00\",\"breadcrumb\":{\"@id\":\"https:\\\/\\\/iberoid.com\\\/pt\\\/product\\\/biotech\\\/#breadcrumb\"},\"inLanguage\":\"pt-PT\",\"potentialAction\":[{\"@type\":\"ReadAction\",\"target\":[[\"https:\\\/\\\/iberoid.com\\\/pt\\\/product\\\/biotech\\\/\"]]}]},{\"@type\":\"ImageObject\",\"inLanguage\":\"pt-PT\",\"@id\":\"https:\\\/\\\/iberoid.com\\\/pt\\\/product\\\/biotech\\\/#primaryimage\",\"url\":\"https:\\\/\\\/iberoid.com\\\/wp-content\\\/uploads\\\/2022\\\/02\\\/mediamodifier_image.png?v=1703278595\",\"contentUrl\":\"https:\\\/\\\/iberoid.com\\\/wp-content\\\/uploads\\\/2022\\\/02\\\/mediamodifier_image.png?v=1703278595\",\"width\":1400,\"height\":1400},{\"@type\":\"BreadcrumbList\",\"@id\":\"https:\\\/\\\/iberoid.com\\\/pt\\\/product\\\/biotech\\\/#breadcrumb\",\"itemListElement\":[{\"@type\":\"ListItem\",\"position\":1,\"name\":\"Portada\",\"item\":\"https:\\\/\\\/iberoid.com\\\/pt\\\/\"},{\"@type\":\"ListItem\",\"position\":2,\"name\":\"Loja\",\"item\":\"https:\\\/\\\/iberoid.com\\\/pt\\\/shop\\\/\"},{\"@type\":\"ListItem\",\"position\":3,\"name\":\"AGUA BACETREOESTATICA-10 ML\"}]},{\"@type\":\"WebSite\",\"@id\":\"https:\\\/\\\/iberoid.com\\\/pt\\\/#website\",\"url\":\"https:\\\/\\\/iberoid.com\\\/pt\\\/\",\"name\":\"Ester\u00f3ides Online\",\"description\":\"Compre ester\u00f3ides online hoje em Espanha e Portugal. Temos o melhor servi\u00e7o ao cliente do setor e produtos da mais alta qualidade\",\"potentialAction\":[{\"@type\":\"SearchAction\",\"target\":{\"@type\":\"EntryPoint\",\"urlTemplate\":\"https:\\\/\\\/iberoid.com\\\/pt\\\/?s={search_term_string}\"},\"query-input\":{\"@type\":\"PropertyValueSpecification\",\"valueRequired\":true,\"valueName\":\"search_term_string\"}}],\"inLanguage\":\"pt-PT\"}]}<\/script>\n<meta property=\"product:brand\" content=\"Golden Dragon\" \/>\n<meta property=\"product:price:amount\" content=\"8.00\" \/>\n<meta property=\"product:price:currency\" content=\"EUR\" \/>\n<meta property=\"og:availability\" content=\"out of stock\" \/>\n<meta property=\"product:availability\" content=\"out of stock\" \/>\n<meta property=\"product:condition\" content=\"new\" \/>\n<!-- \/ Yoast SEO Premium plugin. -->","yoast_head_json":{"title":"AGUA BACETREOESTATICA-10 ML - Ester\u00f3ides Online","robots":{"index":"index","follow":"follow","max-snippet":"max-snippet:-1","max-image-preview":"max-image-preview:large","max-video-preview":"max-video-preview:-1"},"canonical":"https:\/\/iberoid.com\/pt\/product\/biotech\/","og_locale":"pt_PT","og_type":"article","og_title":"AGUA BACETREOESTATICA-10 ML","og_description":"\u00c1GUA BACETREOESTATICA-10 ML A \u00e1gua bacteriost\u00e1tica \u00e9 \u00e1gua esterilizada e preservada para uso de inje\u00e7\u00e3o m\u00faltipla. Usado para reconstituir, misturar","og_url":"https:\/\/iberoid.com\/pt\/product\/biotech\/","og_site_name":"Ester\u00f3ides Online","article_modified_time":"2024-05-25T17:08:46+00:00","og_image":[{"width":1400,"height":1400,"url":"https:\/\/iberoid.com\/wp-content\/uploads\/2022\/02\/mediamodifier_image.png?v=1703278595","type":"image\/png"}],"twitter_card":"summary_large_image","twitter_misc":{"pre\u00e7o":"&euro;8.00","Disponibilidade":"Esgotado"},"schema":{"@context":"https:\/\/schema.org","@graph":[{"@type":"WebPage","@id":"https:\/\/iberoid.com\/pt\/product\/biotech\/","url":"https:\/\/iberoid.com\/pt\/product\/biotech\/","name":"AGUA BACETREOESTATICA-10 ML - Ester\u00f3ides Online","isPartOf":{"@id":"https:\/\/iberoid.com\/pt\/#website"},"primaryImageOfPage":{"@id":"https:\/\/iberoid.com\/pt\/product\/biotech\/#primaryimage"},"image":{"@id":"https:\/\/iberoid.com\/pt\/product\/biotech\/#primaryimage"},"thumbnailUrl":"https:\/\/iberoid.com\/wp-content\/uploads\/2022\/02\/mediamodifier_image.png?v=1703278595","datePublished":"2022-02-27T13:05:54+00:00","dateModified":"2024-05-25T17:08:46+00:00","breadcrumb":{"@id":"https:\/\/iberoid.com\/pt\/product\/biotech\/#breadcrumb"},"inLanguage":"pt-PT","potentialAction":[{"@type":"ReadAction","target":[["https:\/\/iberoid.com\/pt\/product\/biotech\/"]]}]},{"@type":"ImageObject","inLanguage":"pt-PT","@id":"https:\/\/iberoid.com\/pt\/product\/biotech\/#primaryimage","url":"https:\/\/iberoid.com\/wp-content\/uploads\/2022\/02\/mediamodifier_image.png?v=1703278595","contentUrl":"https:\/\/iberoid.com\/wp-content\/uploads\/2022\/02\/mediamodifier_image.png?v=1703278595","width":1400,"height":1400},{"@type":"BreadcrumbList","@id":"https:\/\/iberoid.com\/pt\/product\/biotech\/#breadcrumb","itemListElement":[{"@type":"ListItem","position":1,"name":"Portada","item":"https:\/\/iberoid.com\/pt\/"},{"@type":"ListItem","position":2,"name":"Loja","item":"https:\/\/iberoid.com\/pt\/shop\/"},{"@type":"ListItem","position":3,"name":"AGUA BACETREOESTATICA-10 ML"}]},{"@type":"WebSite","@id":"https:\/\/iberoid.com\/pt\/#website","url":"https:\/\/iberoid.com\/pt\/","name":"Ester\u00f3ides Online","description":"Compre ester\u00f3ides online hoje em Espanha e Portugal. Temos o melhor servi\u00e7o ao cliente do setor e produtos da mais alta qualidade","potentialAction":[{"@type":"SearchAction","target":{"@type":"EntryPoint","urlTemplate":"https:\/\/iberoid.com\/pt\/?s={search_term_string}"},"query-input":{"@type":"PropertyValueSpecification","valueRequired":true,"valueName":"search_term_string"}}],"inLanguage":"pt-PT"}]},"product_brand":"Golden Dragon","product_price_amount":"8.00","product_price_currency":"EUR","og_availability":"out of stock","product_availability":"out of stock","product_condition":"new"},"_links":{"self":[{"href":"https:\/\/iberoid.com\/pt\/wp-json\/wp\/v2\/product\/7356","targetHints":{"allow":["GET"]}}],"collection":[{"href":"https:\/\/iberoid.com\/pt\/wp-json\/wp\/v2\/product"}],"about":[{"href":"https:\/\/iberoid.com\/pt\/wp-json\/wp\/v2\/types\/product"}],"replies":[{"embeddable":true,"href":"https:\/\/iberoid.com\/pt\/wp-json\/wp\/v2\/comments?post=7356"}],"wp:featuredmedia":[{"embeddable":true,"href":"https:\/\/iberoid.com\/pt\/wp-json\/wp\/v2\/media\/9121"}],"wp:attachment":[{"href":"https:\/\/iberoid.com\/pt\/wp-json\/wp\/v2\/media?parent=7356"}],"wp:term":[{"taxonomy":"product_brand","embeddable":true,"href":"https:\/\/iberoid.com\/pt\/wp-json\/wp\/v2\/product_brand?post=7356"},{"taxonomy":"product_cat","embeddable":true,"href":"https:\/\/iberoid.com\/pt\/wp-json\/wp\/v2\/product_cat?post=7356"},{"taxonomy":"product_tag","embeddable":true,"href":"https:\/\/iberoid.com\/pt\/wp-json\/wp\/v2\/product_tag?post=7356"}],"curies":[{"name":"wp","href":"https:\/\/api.w.org\/{rel}","templated":true}]}}