{"id":7379,"date":"2022-03-04T20:12:04","date_gmt":"2022-03-04T20:12:04","guid":{"rendered":"https:\/\/iberoid.com\/?post_type=product&#038;p=7379"},"modified":"2022-05-27T13:39:00","modified_gmt":"2022-05-27T13:39:00","slug":"strombaject-10ml-balkan-pharmaceuticals","status":"publish","type":"product","link":"https:\/\/iberoid.com\/pt\/product\/strombaject-10ml-balkan-pharmaceuticals\/","title":{"rendered":"Strombaject Aqua"},"content":{"rendered":"<p><strong>Strombaject<\/strong> \u00e9 uma poderosa droga androg\u00eanica-anab\u00f3lica com curta dura\u00e7\u00e3o de a\u00e7\u00e3o. Eficaz para um ciclo de secagem, gra\u00e7as ao qual Winstrol \u00e9 recomendado para comprar pelos atletas de muscula\u00e7\u00e3o mais experientes.<\/p>\n<p><strong>Caracter\u00edsticas da droga<\/strong><\/p>\n<p>A empresa farmac\u00eautica esportiva Balkan da Mold\u00e1via \u00e9 um dos melhores fabricantes de ester\u00f3ides. Strombaject aqua \u00e9 uma prepara\u00e7\u00e3o r\u00e1pida e poderosa com alta atividade anab\u00f3lica e baixa androg\u00eanica. Dispon\u00edvel em frasco de 10 ml. 1 ml cont\u00e9m 50 mg de subst\u00e2ncia ativa. \u00c9 uma suspens\u00e3o aquosa para inje\u00e7\u00e3o intramuscular.<\/p>\n<p><strong>Armazenamento dom\u00e9stico<\/strong><\/p>\n<p>\u00c9 melhor armazenar o ester\u00f3ide na geladeira a 2-8 \u00b0 C graus. Antes da inje\u00e7\u00e3o, a solu\u00e7\u00e3o \u00e9 levada \u00e0 temperatura ambiente. N\u00e3o congele. Se o armazenamento n\u00e3o ocorrer na geladeira, \u00e9 necess\u00e1rio em local escuro e seco a uma temperatura n\u00e3o superior a 25 \u00b0 C graus.<\/p>\n<p><strong>Efeito farmacol\u00f3gico<\/strong><\/p>\n<p>Anabolic tem uma meia-vida curta. Para manter uma alta concentra\u00e7\u00e3o em um n\u00edvel constante, \u00e9 necess\u00e1rio injetar um ester\u00f3ide todos os dias.<\/p>\n<p><strong>Strombaject aqua<\/strong> n\u00e3o tem efeito no aumento do crescimento das fibras musculares. A a\u00e7\u00e3o da droga visa queimar o excesso de peso, a manifesta\u00e7\u00e3o do tra\u00e7ado dos m\u00fasculos, tudo para uma secagem de alta qualidade.<\/p>\n<p><strong>Efeito da aplica\u00e7\u00e3o<\/strong><br \/>\nAl\u00edvio;<br \/>\nSecar o corpo;<br \/>\nRemo\u00e7\u00e3o do excesso de l\u00edquido;<br \/>\nAumento do apetite;<br \/>\nAumento da for\u00e7a e resist\u00eancia f\u00edsica.<\/p>\n<p><strong>Efeitos colaterais<\/strong><\/p>\n<p>O esteroide n\u00e3o aromatiza, ou seja, n\u00e3o sofre convers\u00e3o em estrog\u00eanio. Mas pode mostrar efeitos colaterais androg\u00eanicos e outros:<\/p>\n<p>Press\u00e3o alta;<br \/>\nColesterol alto;<br \/>\nDor de inje\u00e7\u00f5es;<br \/>\nDor nas articula\u00e7\u00f5es;<br \/>\nCalv\u00edcie;<br \/>\nAcne;<br \/>\nSupress\u00e3o da secre\u00e7\u00e3o de testosterona.<\/p>\n<p><strong>Inscri\u00e7\u00e3o<\/strong><\/p>\n<p>D\u00ea uma inje\u00e7\u00e3o de Winstrol 30-50 mg por dia. O curso dura 4-6 semanas.<\/p>","protected":false},"excerpt":{"rendered":"<p>Strombaject \u00e9 uma poderosa droga androg\u00eanica-anab\u00f3lica com curta dura\u00e7\u00e3o de a\u00e7\u00e3o. Eficaz para um ciclo de secagem, gra\u00e7as ao qual<\/p>\n","protected":false},"featured_media":7380,"comment_status":"open","ping_status":"closed","template":"","meta":[],"product_brand":[],"product_cat":[69],"product_tag":[],"class_list":{"0":"post-7379","1":"product","2":"type-product","3":"status-publish","4":"has-post-thumbnail","6":"product_cat-esteroides_inyectables","8":"first","9":"outofstock","10":"sale","11":"shipping-taxable","12":"purchasable","13":"product-type-simple"},"yoast_head":"<!-- This site is optimized with the Yoast SEO Premium plugin v24.4 (Yoast SEO v27.3) - https:\/\/yoast.com\/product\/yoast-seo-premium-wordpress\/ -->\n<title>Strombaject Aqua - Ester\u00f3ides Online<\/title>\n<meta name=\"robots\" content=\"index, follow, max-snippet:-1, max-image-preview:large, max-video-preview:-1\" \/>\n<link rel=\"canonical\" href=\"https:\/\/iberoid.com\/pt\/product\/strombaject-10ml-balkan-pharmaceuticals\/\" \/>\n<meta property=\"og:locale\" content=\"pt_PT\" \/>\n<meta property=\"og:type\" content=\"article\" \/>\n<meta property=\"og:title\" content=\"Strombaject Aqua\" \/>\n<meta property=\"og:description\" content=\"Strombaject \u00e9 uma poderosa droga androg\u00eanica-anab\u00f3lica com curta dura\u00e7\u00e3o de a\u00e7\u00e3o. Eficaz para um ciclo de secagem, gra\u00e7as ao qual\" \/>\n<meta property=\"og:url\" content=\"https:\/\/iberoid.com\/pt\/product\/strombaject-10ml-balkan-pharmaceuticals\/\" \/>\n<meta property=\"og:site_name\" content=\"Ester\u00f3ides Online\" \/>\n<meta property=\"article:modified_time\" content=\"2022-05-27T13:39:00+00:00\" \/>\n<meta property=\"og:image\" content=\"https:\/\/iberoid.com\/wp-content\/uploads\/2022\/03\/STRMB.jpg?v=1678119914\" \/>\n\t<meta property=\"og:image:width\" content=\"768\" \/>\n\t<meta property=\"og:image:height\" content=\"768\" \/>\n\t<meta property=\"og:image:type\" content=\"image\/jpeg\" \/>\n<meta name=\"twitter:card\" content=\"summary_large_image\" \/>\n<meta name=\"twitter:label1\" content=\"pre\u00e7o\" \/>\n\t<meta name=\"twitter:data1\" content=\"&euro;50.00\" \/>\n\t<meta name=\"twitter:label2\" content=\"Disponibilidade\" \/>\n\t<meta name=\"twitter:data2\" content=\"Esgotado\" \/>\n<script type=\"application\/ld+json\" class=\"yoast-schema-graph\">{\"@context\":\"https:\\\/\\\/schema.org\",\"@graph\":[{\"@type\":\"WebPage\",\"@id\":\"https:\\\/\\\/iberoid.com\\\/pt\\\/product\\\/strombaject-10ml-balkan-pharmaceuticals\\\/\",\"url\":\"https:\\\/\\\/iberoid.com\\\/pt\\\/product\\\/strombaject-10ml-balkan-pharmaceuticals\\\/\",\"name\":\"Strombaject Aqua - Ester\u00f3ides Online\",\"isPartOf\":{\"@id\":\"https:\\\/\\\/iberoid-shop.com\\\/#website\"},\"primaryImageOfPage\":{\"@id\":\"https:\\\/\\\/iberoid.com\\\/pt\\\/product\\\/strombaject-10ml-balkan-pharmaceuticals\\\/#primaryimage\"},\"image\":{\"@id\":\"https:\\\/\\\/iberoid.com\\\/pt\\\/product\\\/strombaject-10ml-balkan-pharmaceuticals\\\/#primaryimage\"},\"thumbnailUrl\":\"https:\\\/\\\/iberoid.com\\\/wp-content\\\/uploads\\\/2022\\\/03\\\/STRMB.jpg?v=1678119914\",\"datePublished\":\"2022-03-04T20:12:04+00:00\",\"dateModified\":\"2022-05-27T13:39:00+00:00\",\"breadcrumb\":{\"@id\":\"https:\\\/\\\/iberoid.com\\\/pt\\\/product\\\/strombaject-10ml-balkan-pharmaceuticals\\\/#breadcrumb\"},\"inLanguage\":\"pt-PT\",\"potentialAction\":[{\"@type\":\"ReadAction\",\"target\":[[\"https:\\\/\\\/iberoid.com\\\/pt\\\/product\\\/strombaject-10ml-balkan-pharmaceuticals\\\/\"]]}]},{\"@type\":\"ImageObject\",\"inLanguage\":\"pt-PT\",\"@id\":\"https:\\\/\\\/iberoid.com\\\/pt\\\/product\\\/strombaject-10ml-balkan-pharmaceuticals\\\/#primaryimage\",\"url\":\"https:\\\/\\\/iberoid.com\\\/wp-content\\\/uploads\\\/2022\\\/03\\\/STRMB.jpg?v=1678119914\",\"contentUrl\":\"https:\\\/\\\/iberoid.com\\\/wp-content\\\/uploads\\\/2022\\\/03\\\/STRMB.jpg?v=1678119914\",\"width\":768,\"height\":768},{\"@type\":\"BreadcrumbList\",\"@id\":\"https:\\\/\\\/iberoid.com\\\/pt\\\/product\\\/strombaject-10ml-balkan-pharmaceuticals\\\/#breadcrumb\",\"itemListElement\":[{\"@type\":\"ListItem\",\"position\":1,\"name\":\"Portada\",\"item\":\"https:\\\/\\\/iberoid.com\\\/pt\\\/\"},{\"@type\":\"ListItem\",\"position\":2,\"name\":\"Loja\",\"item\":\"https:\\\/\\\/iberoid.com\\\/pt\\\/shop\\\/\"},{\"@type\":\"ListItem\",\"position\":3,\"name\":\"Strombaject Aqua\"}]},{\"@type\":\"WebSite\",\"@id\":\"https:\\\/\\\/iberoid-shop.com\\\/#website\",\"url\":\"https:\\\/\\\/iberoid-shop.com\\\/\",\"name\":\"Ester\u00f3ides Online\",\"description\":\"Compre ester\u00f3ides online hoje em Espanha e Portugal. Temos o melhor servi\u00e7o ao cliente do setor e produtos da mais alta qualidade\",\"potentialAction\":[{\"@type\":\"SearchAction\",\"target\":{\"@type\":\"EntryPoint\",\"urlTemplate\":\"https:\\\/\\\/iberoid-shop.com\\\/?s={search_term_string}\"},\"query-input\":{\"@type\":\"PropertyValueSpecification\",\"valueRequired\":true,\"valueName\":\"search_term_string\"}}],\"inLanguage\":\"pt-PT\"}]}<\/script>\n<meta property=\"product:brand\" content=\"Balkan Pharmaceuticals\" \/>\n<meta property=\"product:price:amount\" content=\"50.00\" \/>\n<meta property=\"product:price:currency\" content=\"EUR\" \/>\n<meta property=\"og:availability\" content=\"out of stock\" \/>\n<meta property=\"product:availability\" content=\"out of stock\" \/>\n<meta property=\"product:condition\" content=\"new\" \/>\n<!-- \/ Yoast SEO Premium plugin. -->","yoast_head_json":{"title":"Strombaject Aqua - Ester\u00f3ides Online","robots":{"index":"index","follow":"follow","max-snippet":"max-snippet:-1","max-image-preview":"max-image-preview:large","max-video-preview":"max-video-preview:-1"},"canonical":"https:\/\/iberoid.com\/pt\/product\/strombaject-10ml-balkan-pharmaceuticals\/","og_locale":"pt_PT","og_type":"article","og_title":"Strombaject Aqua","og_description":"Strombaject \u00e9 uma poderosa droga androg\u00eanica-anab\u00f3lica com curta dura\u00e7\u00e3o de a\u00e7\u00e3o. Eficaz para um ciclo de secagem, gra\u00e7as ao qual","og_url":"https:\/\/iberoid.com\/pt\/product\/strombaject-10ml-balkan-pharmaceuticals\/","og_site_name":"Ester\u00f3ides Online","article_modified_time":"2022-05-27T13:39:00+00:00","og_image":[{"width":768,"height":768,"url":"https:\/\/iberoid.com\/wp-content\/uploads\/2022\/03\/STRMB.jpg?v=1678119914","type":"image\/jpeg"}],"twitter_card":"summary_large_image","twitter_misc":{"pre\u00e7o":"&euro;50.00","Disponibilidade":"Esgotado"},"schema":{"@context":"https:\/\/schema.org","@graph":[{"@type":"WebPage","@id":"https:\/\/iberoid.com\/pt\/product\/strombaject-10ml-balkan-pharmaceuticals\/","url":"https:\/\/iberoid.com\/pt\/product\/strombaject-10ml-balkan-pharmaceuticals\/","name":"Strombaject Aqua - Ester\u00f3ides Online","isPartOf":{"@id":"https:\/\/iberoid-shop.com\/#website"},"primaryImageOfPage":{"@id":"https:\/\/iberoid.com\/pt\/product\/strombaject-10ml-balkan-pharmaceuticals\/#primaryimage"},"image":{"@id":"https:\/\/iberoid.com\/pt\/product\/strombaject-10ml-balkan-pharmaceuticals\/#primaryimage"},"thumbnailUrl":"https:\/\/iberoid.com\/wp-content\/uploads\/2022\/03\/STRMB.jpg?v=1678119914","datePublished":"2022-03-04T20:12:04+00:00","dateModified":"2022-05-27T13:39:00+00:00","breadcrumb":{"@id":"https:\/\/iberoid.com\/pt\/product\/strombaject-10ml-balkan-pharmaceuticals\/#breadcrumb"},"inLanguage":"pt-PT","potentialAction":[{"@type":"ReadAction","target":[["https:\/\/iberoid.com\/pt\/product\/strombaject-10ml-balkan-pharmaceuticals\/"]]}]},{"@type":"ImageObject","inLanguage":"pt-PT","@id":"https:\/\/iberoid.com\/pt\/product\/strombaject-10ml-balkan-pharmaceuticals\/#primaryimage","url":"https:\/\/iberoid.com\/wp-content\/uploads\/2022\/03\/STRMB.jpg?v=1678119914","contentUrl":"https:\/\/iberoid.com\/wp-content\/uploads\/2022\/03\/STRMB.jpg?v=1678119914","width":768,"height":768},{"@type":"BreadcrumbList","@id":"https:\/\/iberoid.com\/pt\/product\/strombaject-10ml-balkan-pharmaceuticals\/#breadcrumb","itemListElement":[{"@type":"ListItem","position":1,"name":"Portada","item":"https:\/\/iberoid.com\/pt\/"},{"@type":"ListItem","position":2,"name":"Loja","item":"https:\/\/iberoid.com\/pt\/shop\/"},{"@type":"ListItem","position":3,"name":"Strombaject Aqua"}]},{"@type":"WebSite","@id":"https:\/\/iberoid-shop.com\/#website","url":"https:\/\/iberoid-shop.com\/","name":"Ester\u00f3ides Online","description":"Compre ester\u00f3ides online hoje em Espanha e Portugal. Temos o melhor servi\u00e7o ao cliente do setor e produtos da mais alta qualidade","potentialAction":[{"@type":"SearchAction","target":{"@type":"EntryPoint","urlTemplate":"https:\/\/iberoid-shop.com\/?s={search_term_string}"},"query-input":{"@type":"PropertyValueSpecification","valueRequired":true,"valueName":"search_term_string"}}],"inLanguage":"pt-PT"}]},"product_brand":"Balkan Pharmaceuticals","product_price_amount":"50.00","product_price_currency":"EUR","og_availability":"out of stock","product_availability":"out of stock","product_condition":"new"},"_links":{"self":[{"href":"https:\/\/iberoid.com\/pt\/wp-json\/wp\/v2\/product\/7379","targetHints":{"allow":["GET"]}}],"collection":[{"href":"https:\/\/iberoid.com\/pt\/wp-json\/wp\/v2\/product"}],"about":[{"href":"https:\/\/iberoid.com\/pt\/wp-json\/wp\/v2\/types\/product"}],"replies":[{"embeddable":true,"href":"https:\/\/iberoid.com\/pt\/wp-json\/wp\/v2\/comments?post=7379"}],"wp:featuredmedia":[{"embeddable":true,"href":"https:\/\/iberoid.com\/pt\/wp-json\/wp\/v2\/media\/7380"}],"wp:attachment":[{"href":"https:\/\/iberoid.com\/pt\/wp-json\/wp\/v2\/media?parent=7379"}],"wp:term":[{"taxonomy":"product_brand","embeddable":true,"href":"https:\/\/iberoid.com\/pt\/wp-json\/wp\/v2\/product_brand?post=7379"},{"taxonomy":"product_cat","embeddable":true,"href":"https:\/\/iberoid.com\/pt\/wp-json\/wp\/v2\/product_cat?post=7379"},{"taxonomy":"product_tag","embeddable":true,"href":"https:\/\/iberoid.com\/pt\/wp-json\/wp\/v2\/product_tag?post=7379"}],"curies":[{"name":"wp","href":"https:\/\/api.w.org\/{rel}","templated":true}]}}