{"id":7412,"date":"2022-03-12T13:50:20","date_gmt":"2022-03-12T13:50:20","guid":{"rendered":"https:\/\/iberoid.com\/?post_type=product&#038;p=7412"},"modified":"2023-02-13T11:02:38","modified_gmt":"2023-02-13T11:02:38","slug":"ghrp6-pharmagen","status":"publish","type":"product","link":"https:\/\/iberoid.com\/pt\/product\/ghrp6-pharmagen\/","title":{"rendered":"GHRP6 -PHARMA GEN"},"content":{"rendered":"<p>O GHRP-6 (Hexapept\u00eddeo de Libera\u00e7\u00e3o do Horm\u00f4nio do Crescimento) \u00e9 um horm\u00f4nio pept\u00eddico da classe do Horm\u00f4nio do Crescimento. O objetivo do GHRP-6 \u00e9 aumentar a quantidade de produ\u00e7\u00e3o natural do horm\u00f4nio do crescimento no corpo. O aumento do horm\u00f4nio do crescimento pode ser ben\u00e9fico para o anabolismo, perda de gordura, recupera\u00e7\u00e3o e bem-estar geral, al\u00e9m de servir para poss\u00edveis prop\u00f3sitos antienvelhecimento.<\/p>\n<p>O GHRP-6 pode fornecer benef\u00edcios de melhoria de desempenho, mas mostrar\u00e1 benef\u00edcios muito maiores quando usado como parte de um plano antienvelhecimento de longo prazo (Terapia de Reposi\u00e7\u00e3o Hormonal (TRH)) ou em conjunto com outros medicamentos usados \u200b\u200bpara melhorar o desempenho.<\/p>\n<p><strong>Efeitos colaterais<\/strong><br \/>\nOs efeitos colaterais do GHRP-6 devem ser semelhantes, se n\u00e3o id\u00eanticos, a qualquer pept\u00eddeo ou horm\u00f4nio relacionado ao horm\u00f4nio do crescimento e, na maioria dos casos, devem ser evit\u00e1veis \u200b\u200bou adapt\u00e1veis, exceto em casos raros.<\/p>\n<p>Alguns usu\u00e1rios podem encontrar pequenas irrita\u00e7\u00f5es na \u00e1rea injetada (vis\u00e3o de inje\u00e7\u00e3o). Na maioria dos casos, mover os locais de inje\u00e7\u00e3o para outras \u00e1reas do corpo resolver\u00e1 o problema.<\/p>\n<p>Alguns usu\u00e1rios de produtos de horm\u00f4nio do crescimento podem notar uma sensa\u00e7\u00e3o de formigamento em suas m\u00e3os e\/ou p\u00e9s. Isso \u00e9 mais comumente associado a altas doses e doses muito altas de n\u00edveis de horm\u00f4nio do crescimento no corpo, mas pode ocorrer mesmo com doses baixas a moderadas em alguns casos. A maioria dos usu\u00e1rios deve achar que isso desaparece \u00e0 medida que o uso continua, mas isso pode n\u00e3o acontecer em alguns casos raros.<\/p>\n<p>Os efeitos colaterais do GHRP-6 podem incluir uma dor de cabe\u00e7a decente em alguns usu\u00e1rios devido a uma forte queda no a\u00e7\u00facar no sangue. Os ajustes na dieta geralmente remediam o problema, mas \u00e9 importante lembrar que o uso em jejum \u00e9 o \u00fanico uso realmente ben\u00e9fico. Os efeitos colaterais do GHRP-6 podem incluir ginecomastia em casos muito raros devido ao pept\u00eddeo possivelmente aumentar os n\u00edveis de prolactina.<\/p>\n<p><strong>Administra\u00e7\u00e3o<\/strong><br \/>\nO GHRP-6 vem em forma de p\u00f3 seco e requer mistura com \u00e1gua bacteriost\u00e1tica. O GHRP-6 deve ser mantido refrigerado ap\u00f3s a mistura. O GHRP-6 perder\u00e1 pot\u00eancia em menos de quatro semanas ap\u00f3s a mistura.<\/p>\n<p>As inje\u00e7\u00f5es de GHRP-6 podem ser administradas por via intramuscular (no m\u00fasculo) ou subcut\u00e2nea (sob a pele).<\/p>\n<p>As doses devem ser administradas diariamente, no m\u00ednimo, com 2-3 doses sendo muito mais ideais. As doses di\u00e1rias totais podem variar de 50-500mcg por inje\u00e7\u00e3o, dependendo da necessidade individual. Se outro horm\u00f4nio liberador de horm\u00f4nio do crescimento (GHRH) for usado, como Mod GRF 1-29, a quantidade total de GHRP-6 necess\u00e1ria ser\u00e1 reduzida com uma faixa de 50-150mcg por dose sendo ideal.<\/p>\n<p>O GHRP-6 deve ser administrado quando os n\u00edveis de a\u00e7\u00facar no sangue estiverem baixos. Os alimentos n\u00e3o devem ser consumidos por 30 a 60 minutos ap\u00f3s a administra\u00e7\u00e3o do GHRP-6.<\/p>","protected":false},"excerpt":{"rendered":"<p>O GHRP-6 (Hexapept\u00eddeo de Libera\u00e7\u00e3o do Horm\u00f4nio do Crescimento) \u00e9 um horm\u00f4nio pept\u00eddico da classe do Horm\u00f4nio do Crescimento. O<\/p>\n","protected":false},"featured_media":7413,"comment_status":"open","ping_status":"closed","template":"","meta":[],"product_brand":[],"product_cat":[76],"product_tag":[],"class_list":{"0":"post-7412","1":"product","2":"type-product","3":"status-publish","4":"has-post-thumbnail","6":"product_cat-hgh_peptido","8":"first","9":"outofstock","10":"shipping-taxable","11":"purchasable","12":"product-type-simple"},"yoast_head":"<!-- This site is optimized with the Yoast SEO Premium plugin v24.4 (Yoast SEO v27.0) - https:\/\/yoast.com\/product\/yoast-seo-premium-wordpress\/ -->\n<title>GHRP6 -PHARMA GEN - Ester\u00f3ides Online<\/title>\n<meta name=\"robots\" content=\"index, follow, max-snippet:-1, max-image-preview:large, max-video-preview:-1\" \/>\n<link rel=\"canonical\" href=\"https:\/\/iberoid.com\/pt\/product\/ghrp6-pharmagen\/\" \/>\n<meta property=\"og:locale\" content=\"pt_PT\" \/>\n<meta property=\"og:type\" content=\"article\" \/>\n<meta property=\"og:title\" content=\"GHRP6 -PHARMA GEN\" \/>\n<meta property=\"og:description\" content=\"O GHRP-6 (Hexapept\u00eddeo de Libera\u00e7\u00e3o do Horm\u00f4nio do Crescimento) \u00e9 um horm\u00f4nio pept\u00eddico da classe do Horm\u00f4nio do Crescimento. O\" \/>\n<meta property=\"og:url\" content=\"https:\/\/iberoid.com\/pt\/product\/ghrp6-pharmagen\/\" \/>\n<meta property=\"og:site_name\" content=\"Ester\u00f3ides Online\" \/>\n<meta property=\"article:modified_time\" content=\"2023-02-13T11:02:38+00:00\" \/>\n<meta property=\"og:image\" content=\"https:\/\/iberoid.com\/wp-content\/uploads\/2022\/03\/GHRP-6-pgen.jpg?v=1678119912\" \/>\n\t<meta property=\"og:image:width\" content=\"2000\" \/>\n\t<meta property=\"og:image:height\" content=\"1334\" \/>\n\t<meta property=\"og:image:type\" content=\"image\/jpeg\" \/>\n<meta name=\"twitter:card\" content=\"summary_large_image\" \/>\n<meta name=\"twitter:label1\" content=\"pre\u00e7o\" \/>\n\t<meta name=\"twitter:data1\" content=\"&euro;30.00\" \/>\n\t<meta name=\"twitter:label2\" content=\"Disponibilidade\" \/>\n\t<meta name=\"twitter:data2\" content=\"Esgotado\" \/>\n<script type=\"application\/ld+json\" class=\"yoast-schema-graph\">{\"@context\":\"https:\/\/schema.org\",\"@graph\":[{\"@type\":\"WebPage\",\"@id\":\"https:\/\/iberoid.com\/pt\/product\/ghrp6-pharmagen\/\",\"url\":\"https:\/\/iberoid.com\/pt\/product\/ghrp6-pharmagen\/\",\"name\":\"GHRP6 -PHARMA GEN - Ester\u00f3ides Online\",\"isPartOf\":{\"@id\":\"https:\/\/iberoid.com\/pt\/#website\"},\"primaryImageOfPage\":{\"@id\":\"https:\/\/iberoid.com\/pt\/product\/ghrp6-pharmagen\/#primaryimage\"},\"image\":{\"@id\":\"https:\/\/iberoid.com\/pt\/product\/ghrp6-pharmagen\/#primaryimage\"},\"thumbnailUrl\":\"https:\/\/iberoid.com\/wp-content\/uploads\/2022\/03\/GHRP-6-pgen.jpg?v=1678119912\",\"datePublished\":\"2022-03-12T13:50:20+00:00\",\"dateModified\":\"2023-02-13T11:02:38+00:00\",\"breadcrumb\":{\"@id\":\"https:\/\/iberoid.com\/pt\/product\/ghrp6-pharmagen\/#breadcrumb\"},\"inLanguage\":\"pt-PT\",\"potentialAction\":[{\"@type\":\"ReadAction\",\"target\":[[\"https:\/\/iberoid.com\/pt\/product\/ghrp6-pharmagen\/\"]]}]},{\"@type\":\"ImageObject\",\"inLanguage\":\"pt-PT\",\"@id\":\"https:\/\/iberoid.com\/pt\/product\/ghrp6-pharmagen\/#primaryimage\",\"url\":\"https:\/\/iberoid.com\/wp-content\/uploads\/2022\/03\/GHRP-6-pgen.jpg?v=1678119912\",\"contentUrl\":\"https:\/\/iberoid.com\/wp-content\/uploads\/2022\/03\/GHRP-6-pgen.jpg?v=1678119912\",\"width\":2000,\"height\":1334},{\"@type\":\"BreadcrumbList\",\"@id\":\"https:\/\/iberoid.com\/pt\/product\/ghrp6-pharmagen\/#breadcrumb\",\"itemListElement\":[{\"@type\":\"ListItem\",\"position\":1,\"name\":\"Portada\",\"item\":\"https:\/\/iberoid.com\/pt\/\"},{\"@type\":\"ListItem\",\"position\":2,\"name\":\"Loja\",\"item\":\"https:\/\/iberoid.com\/pt\/shop\/\"},{\"@type\":\"ListItem\",\"position\":3,\"name\":\"GHRP6 -PHARMA GEN\"}]},{\"@type\":\"WebSite\",\"@id\":\"https:\/\/iberoid.com\/pt\/#website\",\"url\":\"https:\/\/iberoid.com\/pt\/\",\"name\":\"Ester\u00f3ides Online\",\"description\":\"Compre ester\u00f3ides online hoje em Espanha e Portugal. Temos o melhor servi\u00e7o ao cliente do setor e produtos da mais alta qualidade\",\"potentialAction\":[{\"@type\":\"SearchAction\",\"target\":{\"@type\":\"EntryPoint\",\"urlTemplate\":\"https:\/\/iberoid.com\/pt\/?s={search_term_string}\"},\"query-input\":{\"@type\":\"PropertyValueSpecification\",\"valueRequired\":true,\"valueName\":\"search_term_string\"}}],\"inLanguage\":\"pt-PT\"}]}<\/script>\n<meta property=\"product:brand\" content=\"Pharma Gen\" \/>\n<meta property=\"product:price:amount\" content=\"30.00\" \/>\n<meta property=\"product:price:currency\" content=\"EUR\" \/>\n<meta property=\"og:availability\" content=\"out of stock\" \/>\n<meta property=\"product:availability\" content=\"out of stock\" \/>\n<meta property=\"product:condition\" content=\"new\" \/>\n<!-- \/ Yoast SEO Premium plugin. -->","yoast_head_json":{"title":"GHRP6 -PHARMA GEN - Ester\u00f3ides Online","robots":{"index":"index","follow":"follow","max-snippet":"max-snippet:-1","max-image-preview":"max-image-preview:large","max-video-preview":"max-video-preview:-1"},"canonical":"https:\/\/iberoid.com\/pt\/product\/ghrp6-pharmagen\/","og_locale":"pt_PT","og_type":"article","og_title":"GHRP6 -PHARMA GEN","og_description":"O GHRP-6 (Hexapept\u00eddeo de Libera\u00e7\u00e3o do Horm\u00f4nio do Crescimento) \u00e9 um horm\u00f4nio pept\u00eddico da classe do Horm\u00f4nio do Crescimento. O","og_url":"https:\/\/iberoid.com\/pt\/product\/ghrp6-pharmagen\/","og_site_name":"Ester\u00f3ides Online","article_modified_time":"2023-02-13T11:02:38+00:00","og_image":[{"width":2000,"height":1334,"url":"https:\/\/iberoid.com\/wp-content\/uploads\/2022\/03\/GHRP-6-pgen.jpg?v=1678119912","type":"image\/jpeg"}],"twitter_card":"summary_large_image","twitter_misc":{"pre\u00e7o":"&euro;30.00","Disponibilidade":"Esgotado"},"schema":{"@context":"https:\/\/schema.org","@graph":[{"@type":"WebPage","@id":"https:\/\/iberoid.com\/pt\/product\/ghrp6-pharmagen\/","url":"https:\/\/iberoid.com\/pt\/product\/ghrp6-pharmagen\/","name":"GHRP6 -PHARMA GEN - Ester\u00f3ides Online","isPartOf":{"@id":"https:\/\/iberoid.com\/pt\/#website"},"primaryImageOfPage":{"@id":"https:\/\/iberoid.com\/pt\/product\/ghrp6-pharmagen\/#primaryimage"},"image":{"@id":"https:\/\/iberoid.com\/pt\/product\/ghrp6-pharmagen\/#primaryimage"},"thumbnailUrl":"https:\/\/iberoid.com\/wp-content\/uploads\/2022\/03\/GHRP-6-pgen.jpg?v=1678119912","datePublished":"2022-03-12T13:50:20+00:00","dateModified":"2023-02-13T11:02:38+00:00","breadcrumb":{"@id":"https:\/\/iberoid.com\/pt\/product\/ghrp6-pharmagen\/#breadcrumb"},"inLanguage":"pt-PT","potentialAction":[{"@type":"ReadAction","target":[["https:\/\/iberoid.com\/pt\/product\/ghrp6-pharmagen\/"]]}]},{"@type":"ImageObject","inLanguage":"pt-PT","@id":"https:\/\/iberoid.com\/pt\/product\/ghrp6-pharmagen\/#primaryimage","url":"https:\/\/iberoid.com\/wp-content\/uploads\/2022\/03\/GHRP-6-pgen.jpg?v=1678119912","contentUrl":"https:\/\/iberoid.com\/wp-content\/uploads\/2022\/03\/GHRP-6-pgen.jpg?v=1678119912","width":2000,"height":1334},{"@type":"BreadcrumbList","@id":"https:\/\/iberoid.com\/pt\/product\/ghrp6-pharmagen\/#breadcrumb","itemListElement":[{"@type":"ListItem","position":1,"name":"Portada","item":"https:\/\/iberoid.com\/pt\/"},{"@type":"ListItem","position":2,"name":"Loja","item":"https:\/\/iberoid.com\/pt\/shop\/"},{"@type":"ListItem","position":3,"name":"GHRP6 -PHARMA GEN"}]},{"@type":"WebSite","@id":"https:\/\/iberoid.com\/pt\/#website","url":"https:\/\/iberoid.com\/pt\/","name":"Ester\u00f3ides Online","description":"Compre ester\u00f3ides online hoje em Espanha e Portugal. Temos o melhor servi\u00e7o ao cliente do setor e produtos da mais alta qualidade","potentialAction":[{"@type":"SearchAction","target":{"@type":"EntryPoint","urlTemplate":"https:\/\/iberoid.com\/pt\/?s={search_term_string}"},"query-input":{"@type":"PropertyValueSpecification","valueRequired":true,"valueName":"search_term_string"}}],"inLanguage":"pt-PT"}]},"product_brand":"Pharma Gen","product_price_amount":"30.00","product_price_currency":"EUR","og_availability":"out of stock","product_availability":"out of stock","product_condition":"new"},"_links":{"self":[{"href":"https:\/\/iberoid.com\/pt\/wp-json\/wp\/v2\/product\/7412","targetHints":{"allow":["GET"]}}],"collection":[{"href":"https:\/\/iberoid.com\/pt\/wp-json\/wp\/v2\/product"}],"about":[{"href":"https:\/\/iberoid.com\/pt\/wp-json\/wp\/v2\/types\/product"}],"replies":[{"embeddable":true,"href":"https:\/\/iberoid.com\/pt\/wp-json\/wp\/v2\/comments?post=7412"}],"wp:featuredmedia":[{"embeddable":true,"href":"https:\/\/iberoid.com\/pt\/wp-json\/wp\/v2\/media\/7413"}],"wp:attachment":[{"href":"https:\/\/iberoid.com\/pt\/wp-json\/wp\/v2\/media?parent=7412"}],"wp:term":[{"taxonomy":"product_brand","embeddable":true,"href":"https:\/\/iberoid.com\/pt\/wp-json\/wp\/v2\/product_brand?post=7412"},{"taxonomy":"product_cat","embeddable":true,"href":"https:\/\/iberoid.com\/pt\/wp-json\/wp\/v2\/product_cat?post=7412"},{"taxonomy":"product_tag","embeddable":true,"href":"https:\/\/iberoid.com\/pt\/wp-json\/wp\/v2\/product_tag?post=7412"}],"curies":[{"name":"wp","href":"https:\/\/api.w.org\/{rel}","templated":true}]}}