{"id":7414,"date":"2022-03-12T13:52:56","date_gmt":"2022-03-12T13:52:56","guid":{"rendered":"https:\/\/iberoid.com\/?post_type=product&#038;p=7414"},"modified":"2022-11-23T21:17:08","modified_gmt":"2022-11-23T21:17:08","slug":"igf-1-des-1-mg-pharmagen","status":"publish","type":"product","link":"https:\/\/iberoid.com\/pt\/product\/igf-1-des-1-mg-pharmagen\/","title":{"rendered":"IGF 1 DES- 1 MG"},"content":{"rendered":"<p>O IGF 1 DES- 1 MG \u00e9 um horm\u00f4nio altamente anab\u00f3lico que afeta in\u00fameras \u00e1reas do corpo humano. Ele tamb\u00e9m compartilha uma rela\u00e7\u00e3o importante com o horm\u00f4nio do crescimento humano (HGH), e em uma base estrutural \u00e9 semelhante \u00e0 insulina.<\/p>\n<p>O IGF 1 DES-1 MG demonstrou aumentar muito o n\u00famero de c\u00e9lulas no m\u00fasculo esquel\u00e9tico, o que, por sua vez, pode levar a um aumento no crescimento do tecido magro. N\u00e3o s\u00f3 pode promover o crescimento muscular, mas por este modo de a\u00e7\u00e3o tamb\u00e9m pode promover o crescimento \u00f3sseo e, at\u00e9 certo ponto, o crescimento de nossos \u00f3rg\u00e3os internos.<\/p>\n<p>O IGF 1 DES- 1 MG tamb\u00e9m \u00e9 conhecido como neuroprotetor e neuropromotor, o que poderia levar a uma melhora da fun\u00e7\u00e3o mental.<\/p>\n<p>Efeitos colaterais<\/p>\n<p>Dados cl\u00ednicos mostraram que mais de 40% de todos os que receberam terapia com IGF-1 sofreram hipoglicemia em um n\u00edvel ou outro. Felizmente, evitar um estado hipoglic\u00eamico ao usar o IGF-1 \u00e9 f\u00e1cil. Antes de administrar seu IGF-1, voc\u00ea deve consumir a\u00e7\u00facares simples sempre, juntamente com uma quantidade adequada de alimentos, especificamente prote\u00ednas e uma mistura de carboidratos simples e complexos. Isso deve ocorrer aproximadamente 15 a 20 minutos antes de voc\u00ea administrar seu IGF-1. Uma vez injetado, se os sintomas de hipoglicemia come\u00e7arem a aparecer, consuma imediatamente mais a\u00e7\u00facares simples e continue a consumi-los at\u00e9 que os sintomas desapare\u00e7am.<\/p>\n<p>Se os sintomas de hipoglicemia come\u00e7arem a ocorrer imediatamente, consuma carboidratos de a\u00e7\u00e3o r\u00e1pida, como barras de chocolate, ou qualquer tipo de alimento cheio de a\u00e7\u00facar ou uma bebida ou suco de carboidratos; suco de uva \u00e9 uma escolha fant\u00e1stica. Se ignorado, isso pode e, em muitos casos, levar\u00e1 a hipoglicemia grave, que tem o potencial de ser fatal. A hipoglicemia grave completa pode levar a desorienta\u00e7\u00e3o grave, convuls\u00e3o e inconsci\u00eancia, mas, como discutido, n\u00e3o h\u00e1 raz\u00e3o para isso ocorrer se o IGF-1 for usado adequadamente.<\/p>\n<p>Alguns usu\u00e1rios de IGF-1 podem sentir dor ou desconforto nas articula\u00e7\u00f5es, apesar de normalmente ter um impacto positivo nas articula\u00e7\u00f5es. Alguns relatos indicaram o crescimento das am\u00edgdalas, o que pode levar o indiv\u00edduo a se tornar um roncador extremo. O crescimento acentuado dos \u00f3rg\u00e3os tamb\u00e9m foi observado em alguns pacientes, particularmente os rins e o ba\u00e7o.<\/p>\n<p>O IGF-1 pode aumentar os n\u00edveis de colesterol; no entanto, isso \u00e9 muito gerenci\u00e1vel com uma dieta saud\u00e1vel. A dieta do indiv\u00edduo deve ser rica em \u00e1cidos graxos \u00f4mega. Recomenda-se a suplementa\u00e7\u00e3o di\u00e1ria de \u00f3leo de peixe. Tamb\u00e9m \u00e9 aconselh\u00e1vel que voc\u00ea incorpore muita atividade cardiovascular em sua rotina di\u00e1ria. Alguns tamb\u00e9m podem achar um suplemento antioxidante de colesterol ben\u00e9fico.<\/p>\n<p>O IGF-1 tamb\u00e9m pode engrossar o tecido mole facial. Altas doses do horm\u00f4nio t\u00eam sido associadas ao crescimento da estrutura facial, principalmente na mand\u00edbula e testa com poss\u00edvel crescimento nas m\u00e3os, p\u00e9s e cotovelos.<\/p>","protected":false},"excerpt":{"rendered":"<p>O IGF 1 DES- 1 MG \u00e9 um horm\u00f4nio altamente anab\u00f3lico que afeta in\u00fameras \u00e1reas do corpo humano. Ele tamb\u00e9m<\/p>\n","protected":false},"featured_media":7415,"comment_status":"open","ping_status":"closed","template":"","meta":[],"product_brand":[],"product_cat":[69],"product_tag":[],"class_list":{"0":"post-7414","1":"product","2":"type-product","3":"status-publish","4":"has-post-thumbnail","6":"product_cat-esteroides_inyectables","8":"first","9":"outofstock","10":"sale","11":"shipping-taxable","12":"purchasable","13":"product-type-simple"},"yoast_head":"<!-- This site is optimized with the Yoast SEO Premium plugin v24.4 (Yoast SEO v27.0) - https:\/\/yoast.com\/product\/yoast-seo-premium-wordpress\/ -->\n<title>IGF 1 DES- 1 MG - Ester\u00f3ides Online<\/title>\n<meta name=\"robots\" content=\"index, follow, max-snippet:-1, max-image-preview:large, max-video-preview:-1\" \/>\n<link rel=\"canonical\" href=\"https:\/\/iberoid.com\/pt\/product\/igf-1-des-1-mg-pharmagen\/\" \/>\n<meta property=\"og:locale\" content=\"pt_PT\" \/>\n<meta property=\"og:type\" content=\"article\" \/>\n<meta property=\"og:title\" content=\"IGF 1 DES- 1 MG\" \/>\n<meta property=\"og:description\" content=\"O IGF 1 DES- 1 MG \u00e9 um horm\u00f4nio altamente anab\u00f3lico que afeta in\u00fameras \u00e1reas do corpo humano. Ele tamb\u00e9m\" \/>\n<meta property=\"og:url\" content=\"https:\/\/iberoid.com\/pt\/product\/igf-1-des-1-mg-pharmagen\/\" \/>\n<meta property=\"og:site_name\" content=\"Ester\u00f3ides Online\" \/>\n<meta property=\"article:modified_time\" content=\"2022-11-23T21:17:08+00:00\" \/>\n<meta property=\"og:image\" content=\"https:\/\/iberoid.com\/wp-content\/uploads\/2022\/03\/IGF-1-DES.jpg?v=1678119911\" \/>\n\t<meta property=\"og:image:width\" content=\"2000\" \/>\n\t<meta property=\"og:image:height\" content=\"1334\" \/>\n\t<meta property=\"og:image:type\" content=\"image\/jpeg\" \/>\n<meta name=\"twitter:card\" content=\"summary_large_image\" \/>\n<meta name=\"twitter:label1\" content=\"pre\u00e7o\" \/>\n\t<meta name=\"twitter:data1\" content=\"&euro;30.00\" \/>\n\t<meta name=\"twitter:label2\" content=\"Disponibilidade\" \/>\n\t<meta name=\"twitter:data2\" content=\"Esgotado\" \/>\n<script type=\"application\/ld+json\" class=\"yoast-schema-graph\">{\"@context\":\"https:\/\/schema.org\",\"@graph\":[{\"@type\":\"WebPage\",\"@id\":\"https:\/\/iberoid.com\/pt\/product\/igf-1-des-1-mg-pharmagen\/\",\"url\":\"https:\/\/iberoid.com\/pt\/product\/igf-1-des-1-mg-pharmagen\/\",\"name\":\"IGF 1 DES- 1 MG - Ester\u00f3ides Online\",\"isPartOf\":{\"@id\":\"https:\/\/iberoid-shop.com\/#website\"},\"primaryImageOfPage\":{\"@id\":\"https:\/\/iberoid.com\/pt\/product\/igf-1-des-1-mg-pharmagen\/#primaryimage\"},\"image\":{\"@id\":\"https:\/\/iberoid.com\/pt\/product\/igf-1-des-1-mg-pharmagen\/#primaryimage\"},\"thumbnailUrl\":\"https:\/\/iberoid.com\/wp-content\/uploads\/2022\/03\/IGF-1-DES.jpg?v=1678119911\",\"datePublished\":\"2022-03-12T13:52:56+00:00\",\"dateModified\":\"2022-11-23T21:17:08+00:00\",\"breadcrumb\":{\"@id\":\"https:\/\/iberoid.com\/pt\/product\/igf-1-des-1-mg-pharmagen\/#breadcrumb\"},\"inLanguage\":\"pt-PT\",\"potentialAction\":[{\"@type\":\"ReadAction\",\"target\":[[\"https:\/\/iberoid.com\/pt\/product\/igf-1-des-1-mg-pharmagen\/\"]]}]},{\"@type\":\"ImageObject\",\"inLanguage\":\"pt-PT\",\"@id\":\"https:\/\/iberoid.com\/pt\/product\/igf-1-des-1-mg-pharmagen\/#primaryimage\",\"url\":\"https:\/\/iberoid.com\/wp-content\/uploads\/2022\/03\/IGF-1-DES.jpg?v=1678119911\",\"contentUrl\":\"https:\/\/iberoid.com\/wp-content\/uploads\/2022\/03\/IGF-1-DES.jpg?v=1678119911\",\"width\":2000,\"height\":1334},{\"@type\":\"BreadcrumbList\",\"@id\":\"https:\/\/iberoid.com\/pt\/product\/igf-1-des-1-mg-pharmagen\/#breadcrumb\",\"itemListElement\":[{\"@type\":\"ListItem\",\"position\":1,\"name\":\"Portada\",\"item\":\"https:\/\/iberoid.com\/pt\/\"},{\"@type\":\"ListItem\",\"position\":2,\"name\":\"Loja\",\"item\":\"https:\/\/iberoid.com\/pt\/shop\/\"},{\"@type\":\"ListItem\",\"position\":3,\"name\":\"IGF 1 DES- 1 MG\"}]},{\"@type\":\"WebSite\",\"@id\":\"https:\/\/iberoid-shop.com\/#website\",\"url\":\"https:\/\/iberoid-shop.com\/\",\"name\":\"Ester\u00f3ides Online\",\"description\":\"Compre ester\u00f3ides online hoje em Espanha e Portugal. Temos o melhor servi\u00e7o ao cliente do setor e produtos da mais alta qualidade\",\"potentialAction\":[{\"@type\":\"SearchAction\",\"target\":{\"@type\":\"EntryPoint\",\"urlTemplate\":\"https:\/\/iberoid-shop.com\/?s={search_term_string}\"},\"query-input\":{\"@type\":\"PropertyValueSpecification\",\"valueRequired\":true,\"valueName\":\"search_term_string\"}}],\"inLanguage\":\"pt-PT\"}]}<\/script>\n<meta property=\"product:brand\" content=\"Pharma Gen\" \/>\n<meta property=\"product:price:amount\" content=\"30.00\" \/>\n<meta property=\"product:price:currency\" content=\"EUR\" \/>\n<meta property=\"og:availability\" content=\"out of stock\" \/>\n<meta property=\"product:availability\" content=\"out of stock\" \/>\n<meta property=\"product:condition\" content=\"new\" \/>\n<!-- \/ Yoast SEO Premium plugin. -->","yoast_head_json":{"title":"IGF 1 DES- 1 MG - Ester\u00f3ides Online","robots":{"index":"index","follow":"follow","max-snippet":"max-snippet:-1","max-image-preview":"max-image-preview:large","max-video-preview":"max-video-preview:-1"},"canonical":"https:\/\/iberoid.com\/pt\/product\/igf-1-des-1-mg-pharmagen\/","og_locale":"pt_PT","og_type":"article","og_title":"IGF 1 DES- 1 MG","og_description":"O IGF 1 DES- 1 MG \u00e9 um horm\u00f4nio altamente anab\u00f3lico que afeta in\u00fameras \u00e1reas do corpo humano. Ele tamb\u00e9m","og_url":"https:\/\/iberoid.com\/pt\/product\/igf-1-des-1-mg-pharmagen\/","og_site_name":"Ester\u00f3ides Online","article_modified_time":"2022-11-23T21:17:08+00:00","og_image":[{"width":2000,"height":1334,"url":"https:\/\/iberoid.com\/wp-content\/uploads\/2022\/03\/IGF-1-DES.jpg?v=1678119911","type":"image\/jpeg"}],"twitter_card":"summary_large_image","twitter_misc":{"pre\u00e7o":"&euro;30.00","Disponibilidade":"Esgotado"},"schema":{"@context":"https:\/\/schema.org","@graph":[{"@type":"WebPage","@id":"https:\/\/iberoid.com\/pt\/product\/igf-1-des-1-mg-pharmagen\/","url":"https:\/\/iberoid.com\/pt\/product\/igf-1-des-1-mg-pharmagen\/","name":"IGF 1 DES- 1 MG - Ester\u00f3ides Online","isPartOf":{"@id":"https:\/\/iberoid-shop.com\/#website"},"primaryImageOfPage":{"@id":"https:\/\/iberoid.com\/pt\/product\/igf-1-des-1-mg-pharmagen\/#primaryimage"},"image":{"@id":"https:\/\/iberoid.com\/pt\/product\/igf-1-des-1-mg-pharmagen\/#primaryimage"},"thumbnailUrl":"https:\/\/iberoid.com\/wp-content\/uploads\/2022\/03\/IGF-1-DES.jpg?v=1678119911","datePublished":"2022-03-12T13:52:56+00:00","dateModified":"2022-11-23T21:17:08+00:00","breadcrumb":{"@id":"https:\/\/iberoid.com\/pt\/product\/igf-1-des-1-mg-pharmagen\/#breadcrumb"},"inLanguage":"pt-PT","potentialAction":[{"@type":"ReadAction","target":[["https:\/\/iberoid.com\/pt\/product\/igf-1-des-1-mg-pharmagen\/"]]}]},{"@type":"ImageObject","inLanguage":"pt-PT","@id":"https:\/\/iberoid.com\/pt\/product\/igf-1-des-1-mg-pharmagen\/#primaryimage","url":"https:\/\/iberoid.com\/wp-content\/uploads\/2022\/03\/IGF-1-DES.jpg?v=1678119911","contentUrl":"https:\/\/iberoid.com\/wp-content\/uploads\/2022\/03\/IGF-1-DES.jpg?v=1678119911","width":2000,"height":1334},{"@type":"BreadcrumbList","@id":"https:\/\/iberoid.com\/pt\/product\/igf-1-des-1-mg-pharmagen\/#breadcrumb","itemListElement":[{"@type":"ListItem","position":1,"name":"Portada","item":"https:\/\/iberoid.com\/pt\/"},{"@type":"ListItem","position":2,"name":"Loja","item":"https:\/\/iberoid.com\/pt\/shop\/"},{"@type":"ListItem","position":3,"name":"IGF 1 DES- 1 MG"}]},{"@type":"WebSite","@id":"https:\/\/iberoid-shop.com\/#website","url":"https:\/\/iberoid-shop.com\/","name":"Ester\u00f3ides Online","description":"Compre ester\u00f3ides online hoje em Espanha e Portugal. Temos o melhor servi\u00e7o ao cliente do setor e produtos da mais alta qualidade","potentialAction":[{"@type":"SearchAction","target":{"@type":"EntryPoint","urlTemplate":"https:\/\/iberoid-shop.com\/?s={search_term_string}"},"query-input":{"@type":"PropertyValueSpecification","valueRequired":true,"valueName":"search_term_string"}}],"inLanguage":"pt-PT"}]},"product_brand":"Pharma Gen","product_price_amount":"30.00","product_price_currency":"EUR","og_availability":"out of stock","product_availability":"out of stock","product_condition":"new"},"_links":{"self":[{"href":"https:\/\/iberoid.com\/pt\/wp-json\/wp\/v2\/product\/7414","targetHints":{"allow":["GET"]}}],"collection":[{"href":"https:\/\/iberoid.com\/pt\/wp-json\/wp\/v2\/product"}],"about":[{"href":"https:\/\/iberoid.com\/pt\/wp-json\/wp\/v2\/types\/product"}],"replies":[{"embeddable":true,"href":"https:\/\/iberoid.com\/pt\/wp-json\/wp\/v2\/comments?post=7414"}],"wp:featuredmedia":[{"embeddable":true,"href":"https:\/\/iberoid.com\/pt\/wp-json\/wp\/v2\/media\/7415"}],"wp:attachment":[{"href":"https:\/\/iberoid.com\/pt\/wp-json\/wp\/v2\/media?parent=7414"}],"wp:term":[{"taxonomy":"product_brand","embeddable":true,"href":"https:\/\/iberoid.com\/pt\/wp-json\/wp\/v2\/product_brand?post=7414"},{"taxonomy":"product_cat","embeddable":true,"href":"https:\/\/iberoid.com\/pt\/wp-json\/wp\/v2\/product_cat?post=7414"},{"taxonomy":"product_tag","embeddable":true,"href":"https:\/\/iberoid.com\/pt\/wp-json\/wp\/v2\/product_tag?post=7414"}],"curies":[{"name":"wp","href":"https:\/\/api.w.org\/{rel}","templated":true}]}}