{"id":7416,"date":"2022-03-12T13:55:01","date_gmt":"2022-03-12T13:55:01","guid":{"rendered":"https:\/\/iberoid.com\/?post_type=product&#038;p=7416"},"modified":"2023-02-02T16:30:53","modified_gmt":"2023-02-02T16:30:53","slug":"7416","status":"publish","type":"product","link":"https:\/\/iberoid.com\/pt\/product\/7416\/","title":{"rendered":"IGF-1 LR3"},"content":{"rendered":"<p>O IGF-1 \u00e9 um pept\u00eddeo biologicamente ativo produzido principalmente no f\u00edgado e nos m\u00fasculos; \u00e9 um importante mediador do horm\u00f4nio do crescimento. Tem um efeito anab\u00f3lico e desencadeia a hiperplasia muscular. A mol\u00e9cula de IGF-1 \u00e9 composta por 70 amino\u00e1cidos e tem uma meia-vida curta no organismo (cerca de 10-20 minutos); \u00e9 por isso que tem um curto per\u00edodo de a\u00e7\u00e3o.<\/p>\n<p>Como o IGF-1 tem meia-vida curta, sua mol\u00e9cula foi modificada e recebeu uma forma de a\u00e7\u00e3o prolongada (IGF-1 LR3), com meia-vida de 20-30 horas e atividade mais de duas vezes maior. O IGF-1 LR3 inibe de forma mais eficaz a capta\u00e7\u00e3o celular de glicose, fazendo com que o corpo queime gorduras para obter energia.<\/p>\n<p>IGF-1 LR3 \u00e9 ideal para quem deseja aumentar a massa muscular magra. Este pept\u00eddeo funciona incrivelmente r\u00e1pido, ent\u00e3o voc\u00ea ver\u00e1 os resultados imediatamente.<\/p>\n<p>IGF-1 LR3 tem um alto \u00edndice anab\u00f3lico. O principal efeito \u00e9 expresso na hiperplasia muscular (aumento das fibras musculares). Como os estudos mostraram, a hiperplasia se manifesta mesmo em atletas mais velhos.<\/p>\n<p>O efeito da droga no corpo humano \u00e9 semelhante ao do horm\u00f4nio do crescimento; 100 microgramas de IGF-1 LR3 equivalem a 16,25-25 UI do horm\u00f4nio do crescimento.<\/p>\n<p>Os principais efeitos do uso de IGF-1 LR3 s\u00e3o os seguintes:<\/p>\n<p>Estimula a hiperplasia das fibras musculares;<br \/>\nReduz os dep\u00f3sitos de gordura;<br \/>\nAumenta as reservas de energia do corpo;<br \/>\nMelhora o transporte de glicose e amino\u00e1cidos.<br \/>\nO IGF-1 LR3 supera a a\u00e7\u00e3o do horm\u00f4nio de crescimento artificial nas propriedades de queima de gordura.<\/p>","protected":false},"excerpt":{"rendered":"<p>O IGF-1 \u00e9 um pept\u00eddeo biologicamente ativo produzido principalmente no f\u00edgado e nos m\u00fasculos; \u00e9 um importante mediador do horm\u00f4nio<\/p>\n","protected":false},"featured_media":7417,"comment_status":"open","ping_status":"closed","template":"","meta":[],"product_brand":[],"product_cat":[76],"product_tag":[],"class_list":{"0":"post-7416","1":"product","2":"type-product","3":"status-publish","4":"has-post-thumbnail","6":"product_cat-hgh_peptido","8":"first","9":"outofstock","10":"shipping-taxable","11":"purchasable","12":"product-type-simple"},"yoast_head":"<!-- This site is optimized with the Yoast SEO Premium plugin v24.4 (Yoast SEO v27.0) - https:\/\/yoast.com\/product\/yoast-seo-premium-wordpress\/ -->\n<title>IGF-1 LR3 - Ester\u00f3ides Online<\/title>\n<meta name=\"robots\" content=\"index, follow, max-snippet:-1, max-image-preview:large, max-video-preview:-1\" \/>\n<link rel=\"canonical\" href=\"https:\/\/iberoid.com\/pt\/product\/7416\/\" \/>\n<meta property=\"og:locale\" content=\"pt_PT\" \/>\n<meta property=\"og:type\" content=\"article\" \/>\n<meta property=\"og:title\" content=\"IGF-1 LR3\" \/>\n<meta property=\"og:description\" content=\"O IGF-1 \u00e9 um pept\u00eddeo biologicamente ativo produzido principalmente no f\u00edgado e nos m\u00fasculos; \u00e9 um importante mediador do horm\u00f4nio\" \/>\n<meta property=\"og:url\" content=\"https:\/\/iberoid.com\/pt\/product\/7416\/\" \/>\n<meta property=\"og:site_name\" content=\"Ester\u00f3ides Online\" \/>\n<meta property=\"article:modified_time\" content=\"2023-02-02T16:30:53+00:00\" \/>\n<meta property=\"og:image\" content=\"https:\/\/iberoid.com\/wp-content\/uploads\/2022\/03\/IGF-1-LR3.jpg?v=1678119910\" \/>\n\t<meta property=\"og:image:width\" content=\"2000\" \/>\n\t<meta property=\"og:image:height\" content=\"1334\" \/>\n\t<meta property=\"og:image:type\" content=\"image\/jpeg\" \/>\n<meta name=\"twitter:card\" content=\"summary_large_image\" \/>\n<meta name=\"twitter:label1\" content=\"pre\u00e7o\" \/>\n\t<meta name=\"twitter:data1\" content=\"&euro;50.00\" \/>\n\t<meta name=\"twitter:label2\" content=\"Disponibilidade\" \/>\n\t<meta name=\"twitter:data2\" content=\"Esgotado\" \/>\n<script type=\"application\/ld+json\" class=\"yoast-schema-graph\">{\"@context\":\"https:\/\/schema.org\",\"@graph\":[{\"@type\":\"WebPage\",\"@id\":\"https:\/\/iberoid.com\/pt\/product\/7416\/\",\"url\":\"https:\/\/iberoid.com\/pt\/product\/7416\/\",\"name\":\"IGF-1 LR3 - Ester\u00f3ides Online\",\"isPartOf\":{\"@id\":\"https:\/\/iberoid-shop.com\/#website\"},\"primaryImageOfPage\":{\"@id\":\"https:\/\/iberoid.com\/pt\/product\/7416\/#primaryimage\"},\"image\":{\"@id\":\"https:\/\/iberoid.com\/pt\/product\/7416\/#primaryimage\"},\"thumbnailUrl\":\"https:\/\/iberoid.com\/wp-content\/uploads\/2022\/03\/IGF-1-LR3.jpg?v=1678119910\",\"datePublished\":\"2022-03-12T13:55:01+00:00\",\"dateModified\":\"2023-02-02T16:30:53+00:00\",\"breadcrumb\":{\"@id\":\"https:\/\/iberoid.com\/pt\/product\/7416\/#breadcrumb\"},\"inLanguage\":\"pt-PT\",\"potentialAction\":[{\"@type\":\"ReadAction\",\"target\":[[\"https:\/\/iberoid.com\/pt\/product\/7416\/\"]]}]},{\"@type\":\"ImageObject\",\"inLanguage\":\"pt-PT\",\"@id\":\"https:\/\/iberoid.com\/pt\/product\/7416\/#primaryimage\",\"url\":\"https:\/\/iberoid.com\/wp-content\/uploads\/2022\/03\/IGF-1-LR3.jpg?v=1678119910\",\"contentUrl\":\"https:\/\/iberoid.com\/wp-content\/uploads\/2022\/03\/IGF-1-LR3.jpg?v=1678119910\",\"width\":2000,\"height\":1334},{\"@type\":\"BreadcrumbList\",\"@id\":\"https:\/\/iberoid.com\/pt\/product\/7416\/#breadcrumb\",\"itemListElement\":[{\"@type\":\"ListItem\",\"position\":1,\"name\":\"Portada\",\"item\":\"https:\/\/iberoid.com\/pt\/\"},{\"@type\":\"ListItem\",\"position\":2,\"name\":\"Loja\",\"item\":\"https:\/\/iberoid.com\/pt\/shop\/\"},{\"@type\":\"ListItem\",\"position\":3,\"name\":\"IGF-1 LR3\"}]},{\"@type\":\"WebSite\",\"@id\":\"https:\/\/iberoid-shop.com\/#website\",\"url\":\"https:\/\/iberoid-shop.com\/\",\"name\":\"Ester\u00f3ides Online\",\"description\":\"Compre ester\u00f3ides online hoje em Espanha e Portugal. Temos o melhor servi\u00e7o ao cliente do setor e produtos da mais alta qualidade\",\"potentialAction\":[{\"@type\":\"SearchAction\",\"target\":{\"@type\":\"EntryPoint\",\"urlTemplate\":\"https:\/\/iberoid-shop.com\/?s={search_term_string}\"},\"query-input\":{\"@type\":\"PropertyValueSpecification\",\"valueRequired\":true,\"valueName\":\"search_term_string\"}}],\"inLanguage\":\"pt-PT\"}]}<\/script>\n<meta property=\"product:brand\" content=\"Pharma Gen\" \/>\n<meta property=\"product:price:amount\" content=\"50.00\" \/>\n<meta property=\"product:price:currency\" content=\"EUR\" \/>\n<meta property=\"og:availability\" content=\"out of stock\" \/>\n<meta property=\"product:availability\" content=\"out of stock\" \/>\n<meta property=\"product:condition\" content=\"new\" \/>\n<!-- \/ Yoast SEO Premium plugin. -->","yoast_head_json":{"title":"IGF-1 LR3 - Ester\u00f3ides Online","robots":{"index":"index","follow":"follow","max-snippet":"max-snippet:-1","max-image-preview":"max-image-preview:large","max-video-preview":"max-video-preview:-1"},"canonical":"https:\/\/iberoid.com\/pt\/product\/7416\/","og_locale":"pt_PT","og_type":"article","og_title":"IGF-1 LR3","og_description":"O IGF-1 \u00e9 um pept\u00eddeo biologicamente ativo produzido principalmente no f\u00edgado e nos m\u00fasculos; \u00e9 um importante mediador do horm\u00f4nio","og_url":"https:\/\/iberoid.com\/pt\/product\/7416\/","og_site_name":"Ester\u00f3ides Online","article_modified_time":"2023-02-02T16:30:53+00:00","og_image":[{"width":2000,"height":1334,"url":"https:\/\/iberoid.com\/wp-content\/uploads\/2022\/03\/IGF-1-LR3.jpg?v=1678119910","type":"image\/jpeg"}],"twitter_card":"summary_large_image","twitter_misc":{"pre\u00e7o":"&euro;50.00","Disponibilidade":"Esgotado"},"schema":{"@context":"https:\/\/schema.org","@graph":[{"@type":"WebPage","@id":"https:\/\/iberoid.com\/pt\/product\/7416\/","url":"https:\/\/iberoid.com\/pt\/product\/7416\/","name":"IGF-1 LR3 - Ester\u00f3ides Online","isPartOf":{"@id":"https:\/\/iberoid-shop.com\/#website"},"primaryImageOfPage":{"@id":"https:\/\/iberoid.com\/pt\/product\/7416\/#primaryimage"},"image":{"@id":"https:\/\/iberoid.com\/pt\/product\/7416\/#primaryimage"},"thumbnailUrl":"https:\/\/iberoid.com\/wp-content\/uploads\/2022\/03\/IGF-1-LR3.jpg?v=1678119910","datePublished":"2022-03-12T13:55:01+00:00","dateModified":"2023-02-02T16:30:53+00:00","breadcrumb":{"@id":"https:\/\/iberoid.com\/pt\/product\/7416\/#breadcrumb"},"inLanguage":"pt-PT","potentialAction":[{"@type":"ReadAction","target":[["https:\/\/iberoid.com\/pt\/product\/7416\/"]]}]},{"@type":"ImageObject","inLanguage":"pt-PT","@id":"https:\/\/iberoid.com\/pt\/product\/7416\/#primaryimage","url":"https:\/\/iberoid.com\/wp-content\/uploads\/2022\/03\/IGF-1-LR3.jpg?v=1678119910","contentUrl":"https:\/\/iberoid.com\/wp-content\/uploads\/2022\/03\/IGF-1-LR3.jpg?v=1678119910","width":2000,"height":1334},{"@type":"BreadcrumbList","@id":"https:\/\/iberoid.com\/pt\/product\/7416\/#breadcrumb","itemListElement":[{"@type":"ListItem","position":1,"name":"Portada","item":"https:\/\/iberoid.com\/pt\/"},{"@type":"ListItem","position":2,"name":"Loja","item":"https:\/\/iberoid.com\/pt\/shop\/"},{"@type":"ListItem","position":3,"name":"IGF-1 LR3"}]},{"@type":"WebSite","@id":"https:\/\/iberoid-shop.com\/#website","url":"https:\/\/iberoid-shop.com\/","name":"Ester\u00f3ides Online","description":"Compre ester\u00f3ides online hoje em Espanha e Portugal. Temos o melhor servi\u00e7o ao cliente do setor e produtos da mais alta qualidade","potentialAction":[{"@type":"SearchAction","target":{"@type":"EntryPoint","urlTemplate":"https:\/\/iberoid-shop.com\/?s={search_term_string}"},"query-input":{"@type":"PropertyValueSpecification","valueRequired":true,"valueName":"search_term_string"}}],"inLanguage":"pt-PT"}]},"product_brand":"Pharma Gen","product_price_amount":"50.00","product_price_currency":"EUR","og_availability":"out of stock","product_availability":"out of stock","product_condition":"new"},"_links":{"self":[{"href":"https:\/\/iberoid.com\/pt\/wp-json\/wp\/v2\/product\/7416","targetHints":{"allow":["GET"]}}],"collection":[{"href":"https:\/\/iberoid.com\/pt\/wp-json\/wp\/v2\/product"}],"about":[{"href":"https:\/\/iberoid.com\/pt\/wp-json\/wp\/v2\/types\/product"}],"replies":[{"embeddable":true,"href":"https:\/\/iberoid.com\/pt\/wp-json\/wp\/v2\/comments?post=7416"}],"wp:featuredmedia":[{"embeddable":true,"href":"https:\/\/iberoid.com\/pt\/wp-json\/wp\/v2\/media\/7417"}],"wp:attachment":[{"href":"https:\/\/iberoid.com\/pt\/wp-json\/wp\/v2\/media?parent=7416"}],"wp:term":[{"taxonomy":"product_brand","embeddable":true,"href":"https:\/\/iberoid.com\/pt\/wp-json\/wp\/v2\/product_brand?post=7416"},{"taxonomy":"product_cat","embeddable":true,"href":"https:\/\/iberoid.com\/pt\/wp-json\/wp\/v2\/product_cat?post=7416"},{"taxonomy":"product_tag","embeddable":true,"href":"https:\/\/iberoid.com\/pt\/wp-json\/wp\/v2\/product_tag?post=7416"}],"curies":[{"name":"wp","href":"https:\/\/api.w.org\/{rel}","templated":true}]}}