{"id":7419,"date":"2022-03-12T14:08:39","date_gmt":"2022-03-12T14:08:39","guid":{"rendered":"https:\/\/iberoid.com\/?post_type=product&#038;p=7419"},"modified":"2024-04-16T18:46:21","modified_gmt":"2024-04-16T18:46:21","slug":"pack3-cajas-testosterone-enanthate-250mg-pharmagen","status":"publish","type":"product","link":"https:\/\/iberoid.com\/pt\/product\/pack3-cajas-testosterone-enanthate-250mg-pharmagen\/","title":{"rendered":"PACK3 CAJAS Testosterone Enanthate &#8211; 250mg\/30 ampollas"},"content":{"rendered":"<p>Compre Enantato de Testosterona \u2013 Considerado o mais antigo de todos os produtos produtores de testosterona. Al\u00e9m disso, este produto \u00e9 um dos primeiros a ter uma longa cadeia de \u00e9ster ligada a ele. Al\u00e9m disso, \u00e9 usado muito comumente para o tratamento de baixos n\u00edveis de testosterona.<\/p>\n<p>Efeitos:<\/p>\n<p>Os efeitos do Enantato de Testosterona dependem de cada pessoa. Quando usado por algu\u00e9m com baixos n\u00edveis de testosterona, este produto se sai bem. Tamb\u00e9m a principal fun\u00e7\u00e3o do produto \u00e9 aumentar o n\u00edvel de testosterona. Propriedades de melhoria de desempenho usadas por atletas.<\/p>\n<p>Benef\u00edcios:<\/p>\n<p>Acelera a s\u00edntese de prote\u00ednas<\/p>\n<p>A testosterona \u00e9 um dos principais andr\u00f3genos no corpo masculino. Como tal, uma diminui\u00e7\u00e3o em seu n\u00edvel pode causar v\u00e1rias anormalidades, tanto f\u00edsicas quanto mentais, no corpo masculino. Tamb\u00e9m a s\u00edntese de prote\u00ednas \u00e9 muito importante para a constru\u00e7\u00e3o de tecidos musculares e repara\u00e7\u00e3o de tecidos danificados.<\/p>\n<p>Aumenta o ganho de massa muscular:<\/p>\n<p>O produto possui propriedades de reten\u00e7\u00e3o de nitrog\u00eanio, o que cria um ambiente adequado para a constru\u00e7\u00e3o do tecido. Tamb\u00e9m sabemos que 16% do nitrog\u00eanio \u00e9 encontrado em toda a massa muscular magra. A reten\u00e7\u00e3o de nitrog\u00eanio leva \u00e0 prote\u00e7\u00e3o da massa muscular.<\/p>\n<p>Melhora a produ\u00e7\u00e3o de RBC<\/p>\n<p>O produto tem propriedades de aumentar a contagem de gl\u00f3bulos vermelhos. Os gl\u00f3bulos vermelhos transportam oxig\u00eanio. E o aumento da oxigena\u00e7\u00e3o cria resist\u00eancia e for\u00e7a. Este produto tamb\u00e9m controla os horm\u00f4nios produtores de estresse e leva a um ambiente est\u00e1vel. Se os horm\u00f4nios do estresse aumentarem al\u00e9m de um certo n\u00edvel, eles podem causar problemas card\u00edacos e outros problemas de sa\u00fade.<\/p>\n<p>Dosagem:<\/p>\n<p>Para iniciantes, recomendamos entre 100-200mg por semana.<\/p>\n<p>Para melhorar o desempenho, recomendamos doses de 200-250mg. Esta dosagem \u00e9 por semana.<\/p>\n<p>A dura\u00e7\u00e3o m\u00e9dia da administra\u00e7\u00e3o \u00e9 de 8-12 semanas.<\/p>\n<p>Testosterona E ou Enantato de Testosterona \u00e9 um suprimento artificial do horm\u00f4nio testosterona.<\/p>\n<p>A droga \u00e9 tomada normalmente para aumentar o n\u00edvel de testosterona no corpo e geralmente \u00e9 o primeiro ester\u00f3ide prescrito por m\u00e9dicos para aqueles com baixos n\u00edveis de Teste E.<\/p>\n<p>A testosterona E altera a apar\u00eancia e o tamanho dos tecidos musculares. Tendo propriedades androg\u00eanicas, protege a constru\u00e7\u00e3o mantida de ser quebrada pelo processo de catabolismo.<\/p>\n<p>A testosterona funciona estimulando as c\u00e9lulas musculares a armazenar mais prote\u00ednas no corpo. Esta prote\u00edna \u00e9 posteriormente utilizada para o refor\u00e7o das fibras musculares.<\/p>\n<p>O efeito da testosterona \u00e9 visto ainda causando um aumento na produ\u00e7\u00e3o de gl\u00f3bulos vermelhos no f\u00edgado. Esse aumento nos gl\u00f3bulos vermelhos aumenta a resist\u00eancia do corpo e o ajuda a se recuperar mais rapidamente de qualquer esfor\u00e7o f\u00edsico.<\/p>\n<p>Devido aos poderosos efeitos deste horm\u00f4nio, deve ser tomado uma vez ou no m\u00e1ximo, duas vezes por m\u00eas.<\/p>\n<p>Os fisiculturistas aproveitam as caracter\u00edsticas anab\u00f3licas da testosterona E e geralmente injetam uma dosagem suficiente de cerca de 200-400mg\/m\u00eas.<\/p>\n<p>A droga geralmente \u00e9 tomada fora de temporada, pois sua meia-vida \u00e9 mais curta do que outras drogas anabolizantes. A droga em si tem resposta lenta. Muitas vezes \u00e9 tomado em combina\u00e7\u00e3o com outros medicamentos para aumentar seus efeitos e reduzir os poss\u00edveis efeitos colaterais.<\/p>\n<p>Uma s\u00e9rie de vantagens da testosterona E s\u00e3o:<\/p>\n<p>\u2981 Torna a pessoa saud\u00e1vel e fresca<br \/>\n\u2981 Permite que o usu\u00e1rio fa\u00e7a mais exerc\u00edcios<br \/>\n\u2981 Fornece equil\u00edbrio nutricional<br \/>\n\u2981 Aumenta a massa muscular e resulta na perda de gordura<br \/>\n\u2981 Aumenta o n\u00edvel de resist\u00eancia e for\u00e7a e paci\u00eancia do corpo<br \/>\n\u2981 Usado para tratar c\u00e2ncer de mama em mulheres<\/p>","protected":false},"excerpt":{"rendered":"<p>Compre Enantato de Testosterona \u2013 Considerado o mais antigo de todos os produtos produtores de testosterona. Al\u00e9m disso, este produto<\/p>\n","protected":false},"featured_media":6140,"comment_status":"open","ping_status":"closed","template":"","meta":[],"product_brand":[],"product_cat":[69,3474],"product_tag":[],"class_list":{"0":"post-7419","1":"product","2":"type-product","3":"status-publish","4":"has-post-thumbnail","6":"product_cat-esteroides_inyectables","7":"product_cat-packs","9":"first","10":"outofstock","11":"shipping-taxable","12":"purchasable","13":"product-type-simple"},"yoast_head":"<!-- This site is optimized with the Yoast SEO Premium plugin v24.4 (Yoast SEO v27.3) - https:\/\/yoast.com\/product\/yoast-seo-premium-wordpress\/ -->\n<title>PACK3 CAJAS Testosterone Enanthate - 250mg\/30 ampollas - Ester\u00f3ides Online<\/title>\n<meta name=\"robots\" content=\"index, follow, max-snippet:-1, max-image-preview:large, max-video-preview:-1\" \/>\n<link rel=\"canonical\" href=\"https:\/\/iberoid.com\/pt\/product\/pack3-cajas-testosterone-enanthate-250mg-pharmagen\/\" \/>\n<meta property=\"og:locale\" content=\"pt_PT\" \/>\n<meta property=\"og:type\" content=\"article\" \/>\n<meta property=\"og:title\" content=\"PACK3 CAJAS Testosterone Enanthate - 250mg\/30 ampollas\" \/>\n<meta property=\"og:description\" content=\"Compre Enantato de Testosterona \u2013 Considerado o mais antigo de todos os produtos produtores de testosterona. Al\u00e9m disso, este produto\" \/>\n<meta property=\"og:url\" content=\"https:\/\/iberoid.com\/pt\/product\/pack3-cajas-testosterone-enanthate-250mg-pharmagen\/\" \/>\n<meta property=\"og:site_name\" content=\"Ester\u00f3ides Online\" \/>\n<meta property=\"article:modified_time\" content=\"2024-04-16T18:46:21+00:00\" \/>\n<meta property=\"og:image\" content=\"https:\/\/iberoid.com\/wp-content\/uploads\/2021\/05\/Testosterone-E-2PG.jpg?v=1698142115\" \/>\n\t<meta property=\"og:image:width\" content=\"1000\" \/>\n\t<meta property=\"og:image:height\" content=\"1000\" \/>\n\t<meta property=\"og:image:type\" content=\"image\/jpeg\" \/>\n<meta name=\"twitter:card\" content=\"summary_large_image\" \/>\n<meta name=\"twitter:label1\" content=\"pre\u00e7o\" \/>\n\t<meta name=\"twitter:data1\" content=\"&euro;100.00\" \/>\n\t<meta name=\"twitter:label2\" content=\"Disponibilidade\" \/>\n\t<meta name=\"twitter:data2\" content=\"Esgotado\" \/>\n<script type=\"application\/ld+json\" class=\"yoast-schema-graph\">{\"@context\":\"https:\\\/\\\/schema.org\",\"@graph\":[{\"@type\":\"WebPage\",\"@id\":\"https:\\\/\\\/iberoid.com\\\/pt\\\/product\\\/pack3-cajas-testosterone-enanthate-250mg-pharmagen\\\/\",\"url\":\"https:\\\/\\\/iberoid.com\\\/pt\\\/product\\\/pack3-cajas-testosterone-enanthate-250mg-pharmagen\\\/\",\"name\":\"PACK3 CAJAS Testosterone Enanthate - 250mg\\\/30 ampollas - Ester\u00f3ides Online\",\"isPartOf\":{\"@id\":\"https:\\\/\\\/iberoid.com\\\/pt\\\/#website\"},\"primaryImageOfPage\":{\"@id\":\"https:\\\/\\\/iberoid.com\\\/pt\\\/product\\\/pack3-cajas-testosterone-enanthate-250mg-pharmagen\\\/#primaryimage\"},\"image\":{\"@id\":\"https:\\\/\\\/iberoid.com\\\/pt\\\/product\\\/pack3-cajas-testosterone-enanthate-250mg-pharmagen\\\/#primaryimage\"},\"thumbnailUrl\":\"https:\\\/\\\/iberoid.com\\\/wp-content\\\/uploads\\\/2021\\\/05\\\/Testosterone-E-2PG.jpg?v=1698142115\",\"datePublished\":\"2022-03-12T14:08:39+00:00\",\"dateModified\":\"2024-04-16T18:46:21+00:00\",\"breadcrumb\":{\"@id\":\"https:\\\/\\\/iberoid.com\\\/pt\\\/product\\\/pack3-cajas-testosterone-enanthate-250mg-pharmagen\\\/#breadcrumb\"},\"inLanguage\":\"pt-PT\",\"potentialAction\":[{\"@type\":\"ReadAction\",\"target\":[[\"https:\\\/\\\/iberoid.com\\\/pt\\\/product\\\/pack3-cajas-testosterone-enanthate-250mg-pharmagen\\\/\"]]}]},{\"@type\":\"ImageObject\",\"inLanguage\":\"pt-PT\",\"@id\":\"https:\\\/\\\/iberoid.com\\\/pt\\\/product\\\/pack3-cajas-testosterone-enanthate-250mg-pharmagen\\\/#primaryimage\",\"url\":\"https:\\\/\\\/iberoid.com\\\/wp-content\\\/uploads\\\/2021\\\/05\\\/Testosterone-E-2PG.jpg?v=1698142115\",\"contentUrl\":\"https:\\\/\\\/iberoid.com\\\/wp-content\\\/uploads\\\/2021\\\/05\\\/Testosterone-E-2PG.jpg?v=1698142115\",\"width\":1000,\"height\":1000},{\"@type\":\"BreadcrumbList\",\"@id\":\"https:\\\/\\\/iberoid.com\\\/pt\\\/product\\\/pack3-cajas-testosterone-enanthate-250mg-pharmagen\\\/#breadcrumb\",\"itemListElement\":[{\"@type\":\"ListItem\",\"position\":1,\"name\":\"Portada\",\"item\":\"https:\\\/\\\/iberoid.com\\\/pt\\\/\"},{\"@type\":\"ListItem\",\"position\":2,\"name\":\"Loja\",\"item\":\"https:\\\/\\\/iberoid.com\\\/pt\\\/shop\\\/\"},{\"@type\":\"ListItem\",\"position\":3,\"name\":\"PACK3 CAJAS Testosterone Enanthate &#8211; 250mg\\\/30 ampollas\"}]},{\"@type\":\"WebSite\",\"@id\":\"https:\\\/\\\/iberoid.com\\\/pt\\\/#website\",\"url\":\"https:\\\/\\\/iberoid.com\\\/pt\\\/\",\"name\":\"Ester\u00f3ides Online\",\"description\":\"Compre ester\u00f3ides online hoje em Espanha e Portugal. Temos o melhor servi\u00e7o ao cliente do setor e produtos da mais alta qualidade\",\"potentialAction\":[{\"@type\":\"SearchAction\",\"target\":{\"@type\":\"EntryPoint\",\"urlTemplate\":\"https:\\\/\\\/iberoid.com\\\/pt\\\/?s={search_term_string}\"},\"query-input\":{\"@type\":\"PropertyValueSpecification\",\"valueRequired\":true,\"valueName\":\"search_term_string\"}}],\"inLanguage\":\"pt-PT\"}]}<\/script>\n<meta property=\"product:brand\" content=\"Pharma Gen\" \/>\n<meta property=\"product:price:amount\" content=\"100.00\" \/>\n<meta property=\"product:price:currency\" content=\"EUR\" \/>\n<meta property=\"og:availability\" content=\"out of stock\" \/>\n<meta property=\"product:availability\" content=\"out of stock\" \/>\n<meta property=\"product:condition\" content=\"new\" \/>\n<!-- \/ Yoast SEO Premium plugin. -->","yoast_head_json":{"title":"PACK3 CAJAS Testosterone Enanthate - 250mg\/30 ampollas - Ester\u00f3ides Online","robots":{"index":"index","follow":"follow","max-snippet":"max-snippet:-1","max-image-preview":"max-image-preview:large","max-video-preview":"max-video-preview:-1"},"canonical":"https:\/\/iberoid.com\/pt\/product\/pack3-cajas-testosterone-enanthate-250mg-pharmagen\/","og_locale":"pt_PT","og_type":"article","og_title":"PACK3 CAJAS Testosterone Enanthate - 250mg\/30 ampollas","og_description":"Compre Enantato de Testosterona \u2013 Considerado o mais antigo de todos os produtos produtores de testosterona. Al\u00e9m disso, este produto","og_url":"https:\/\/iberoid.com\/pt\/product\/pack3-cajas-testosterone-enanthate-250mg-pharmagen\/","og_site_name":"Ester\u00f3ides Online","article_modified_time":"2024-04-16T18:46:21+00:00","og_image":[{"width":1000,"height":1000,"url":"https:\/\/iberoid.com\/wp-content\/uploads\/2021\/05\/Testosterone-E-2PG.jpg?v=1698142115","type":"image\/jpeg"}],"twitter_card":"summary_large_image","twitter_misc":{"pre\u00e7o":"&euro;100.00","Disponibilidade":"Esgotado"},"schema":{"@context":"https:\/\/schema.org","@graph":[{"@type":"WebPage","@id":"https:\/\/iberoid.com\/pt\/product\/pack3-cajas-testosterone-enanthate-250mg-pharmagen\/","url":"https:\/\/iberoid.com\/pt\/product\/pack3-cajas-testosterone-enanthate-250mg-pharmagen\/","name":"PACK3 CAJAS Testosterone Enanthate - 250mg\/30 ampollas - Ester\u00f3ides Online","isPartOf":{"@id":"https:\/\/iberoid.com\/pt\/#website"},"primaryImageOfPage":{"@id":"https:\/\/iberoid.com\/pt\/product\/pack3-cajas-testosterone-enanthate-250mg-pharmagen\/#primaryimage"},"image":{"@id":"https:\/\/iberoid.com\/pt\/product\/pack3-cajas-testosterone-enanthate-250mg-pharmagen\/#primaryimage"},"thumbnailUrl":"https:\/\/iberoid.com\/wp-content\/uploads\/2021\/05\/Testosterone-E-2PG.jpg?v=1698142115","datePublished":"2022-03-12T14:08:39+00:00","dateModified":"2024-04-16T18:46:21+00:00","breadcrumb":{"@id":"https:\/\/iberoid.com\/pt\/product\/pack3-cajas-testosterone-enanthate-250mg-pharmagen\/#breadcrumb"},"inLanguage":"pt-PT","potentialAction":[{"@type":"ReadAction","target":[["https:\/\/iberoid.com\/pt\/product\/pack3-cajas-testosterone-enanthate-250mg-pharmagen\/"]]}]},{"@type":"ImageObject","inLanguage":"pt-PT","@id":"https:\/\/iberoid.com\/pt\/product\/pack3-cajas-testosterone-enanthate-250mg-pharmagen\/#primaryimage","url":"https:\/\/iberoid.com\/wp-content\/uploads\/2021\/05\/Testosterone-E-2PG.jpg?v=1698142115","contentUrl":"https:\/\/iberoid.com\/wp-content\/uploads\/2021\/05\/Testosterone-E-2PG.jpg?v=1698142115","width":1000,"height":1000},{"@type":"BreadcrumbList","@id":"https:\/\/iberoid.com\/pt\/product\/pack3-cajas-testosterone-enanthate-250mg-pharmagen\/#breadcrumb","itemListElement":[{"@type":"ListItem","position":1,"name":"Portada","item":"https:\/\/iberoid.com\/pt\/"},{"@type":"ListItem","position":2,"name":"Loja","item":"https:\/\/iberoid.com\/pt\/shop\/"},{"@type":"ListItem","position":3,"name":"PACK3 CAJAS Testosterone Enanthate &#8211; 250mg\/30 ampollas"}]},{"@type":"WebSite","@id":"https:\/\/iberoid.com\/pt\/#website","url":"https:\/\/iberoid.com\/pt\/","name":"Ester\u00f3ides Online","description":"Compre ester\u00f3ides online hoje em Espanha e Portugal. Temos o melhor servi\u00e7o ao cliente do setor e produtos da mais alta qualidade","potentialAction":[{"@type":"SearchAction","target":{"@type":"EntryPoint","urlTemplate":"https:\/\/iberoid.com\/pt\/?s={search_term_string}"},"query-input":{"@type":"PropertyValueSpecification","valueRequired":true,"valueName":"search_term_string"}}],"inLanguage":"pt-PT"}]},"product_brand":"Pharma Gen","product_price_amount":"100.00","product_price_currency":"EUR","og_availability":"out of stock","product_availability":"out of stock","product_condition":"new"},"_links":{"self":[{"href":"https:\/\/iberoid.com\/pt\/wp-json\/wp\/v2\/product\/7419","targetHints":{"allow":["GET"]}}],"collection":[{"href":"https:\/\/iberoid.com\/pt\/wp-json\/wp\/v2\/product"}],"about":[{"href":"https:\/\/iberoid.com\/pt\/wp-json\/wp\/v2\/types\/product"}],"replies":[{"embeddable":true,"href":"https:\/\/iberoid.com\/pt\/wp-json\/wp\/v2\/comments?post=7419"}],"wp:featuredmedia":[{"embeddable":true,"href":"https:\/\/iberoid.com\/pt\/wp-json\/wp\/v2\/media\/6140"}],"wp:attachment":[{"href":"https:\/\/iberoid.com\/pt\/wp-json\/wp\/v2\/media?parent=7419"}],"wp:term":[{"taxonomy":"product_brand","embeddable":true,"href":"https:\/\/iberoid.com\/pt\/wp-json\/wp\/v2\/product_brand?post=7419"},{"taxonomy":"product_cat","embeddable":true,"href":"https:\/\/iberoid.com\/pt\/wp-json\/wp\/v2\/product_cat?post=7419"},{"taxonomy":"product_tag","embeddable":true,"href":"https:\/\/iberoid.com\/pt\/wp-json\/wp\/v2\/product_tag?post=7419"}],"curies":[{"name":"wp","href":"https:\/\/api.w.org\/{rel}","templated":true}]}}