{"id":7444,"date":"2022-03-16T13:37:59","date_gmt":"2022-03-16T13:37:59","guid":{"rendered":"https:\/\/iberoid.com\/?post_type=product&#038;p=7444"},"modified":"2023-04-23T13:39:42","modified_gmt":"2023-04-23T13:39:42","slug":"testosterone-mix-300mg-ml-cygnus-pharma","status":"publish","type":"product","link":"https:\/\/iberoid.com\/pt\/product\/testosterone-mix-300mg-ml-cygnus-pharma\/","title":{"rendered":"Testosterone Mix 300 mg\/ml 10 ml"},"content":{"rendered":"<p>Mistura de testosterona farmac\u00eautica Cygnus 300 mg\/ml 10 ml<\/p>\n<p>A testosterona sint\u00e9tica foi sintetizada em 1935 pelo bioqu\u00edmico alem\u00e3o Adolf Butenandt e pelo qu\u00edmico su\u00ed\u00e7o Leopold Ruzicka, que receberam o Pr\u00eamio Nobel por seu trabalho.<\/p>\n<p>A testosterona\u00a0\u00e9 o principal horm\u00f4nio sexual masculino sintetizado e secretado pelos test\u00edculos. Estimula o crescimento e desenvolvimento dos \u00f3rg\u00e3os genitais masculinos e caracter\u00edsticas sexuais secund\u00e1rias (matura\u00e7\u00e3o da pr\u00f3stata, ves\u00edculas seminais, p\u00eanis e escroto), distribui\u00e7\u00e3o de pelos masculinos na face, p\u00fabis, t\u00f3rax), desenvolvimento lar\u00edngeo, m\u00fasculos e gordura corporal distribui\u00e7\u00e3o. Det\u00e9m nitrog\u00eanio, s\u00f3dio, pot\u00e1ssio e f\u00f3sforo, aumenta o anabolismo e reduz o catabolismo de prote\u00ednas. Um aumento prematuro da concentra\u00e7\u00e3o plasm\u00e1tica de testosterona no per\u00edodo antes da puberdade causa fechamento das ep\u00edfises e retardo do crescimento. Estimula a produ\u00e7\u00e3o de eritropoietina e gl\u00f3bulos vermelhos. Pelo mecanismo de feedback negativo (feedback) inibe a secre\u00e7\u00e3o de horm\u00f4nios luteinizantes e fol\u00edculo-estimulantes da gl\u00e2ndula pituit\u00e1ria e inibe a espermatog\u00eanese.<\/p>\n<p>Em alguns casos, a testosterona tem um efeito positivo na hipertrofia da pr\u00f3stata: a condi\u00e7\u00e3o geral melhora, os dist\u00farbios da mic\u00e7\u00e3o diminuem, etc. A testosterona tamb\u00e9m pode ter um efeito positivo no angioedema da angina. O efeito positivo est\u00e1 associado \u00e0 melhora da circula\u00e7\u00e3o sangu\u00ednea e dos processos metab\u00f3licos no m\u00fasculo card\u00edaco; h\u00e1 tamb\u00e9m mudan\u00e7as favor\u00e1veis \u200b\u200bna propor\u00e7\u00e3o lip\u00eddica no sangue, um aumento na propor\u00e7\u00e3o lecitina \/ colesterol.<\/p>\n<p>A testosterona \u00e9 altamente favorecida pelos atletas por sua capacidade de promover fortes aumentos na massa e for\u00e7a muscular. Como um horm\u00f4nio natural, continua sendo o ester\u00f3ide anabolizante mais popular e normalmente \u00e9 usado como base de todos os ciclos e pilhas.<\/p>","protected":false},"excerpt":{"rendered":"<p>Mistura de testosterona farmac\u00eautica Cygnus 300 mg\/ml 10 ml A testosterona sint\u00e9tica foi sintetizada em 1935 pelo bioqu\u00edmico alem\u00e3o Adolf<\/p>\n","protected":false},"featured_media":7445,"comment_status":"open","ping_status":"closed","template":"","meta":[],"product_brand":[],"product_cat":[69],"product_tag":[],"class_list":{"0":"post-7444","1":"product","2":"type-product","3":"status-publish","4":"has-post-thumbnail","6":"product_cat-esteroides_inyectables","8":"first","9":"outofstock","10":"sale","11":"shipping-taxable","12":"purchasable","13":"product-type-simple"},"yoast_head":"<!-- This site is optimized with the Yoast SEO Premium plugin v24.4 (Yoast SEO v27.3) - https:\/\/yoast.com\/product\/yoast-seo-premium-wordpress\/ -->\n<title>Testosterone Mix 300 mg\/ml 10 ml - Ester\u00f3ides Online<\/title>\n<meta name=\"robots\" content=\"index, follow, max-snippet:-1, max-image-preview:large, max-video-preview:-1\" \/>\n<link rel=\"canonical\" href=\"https:\/\/iberoid.com\/pt\/product\/testosterone-mix-300mg-ml-cygnus-pharma\/\" \/>\n<meta property=\"og:locale\" content=\"pt_PT\" \/>\n<meta property=\"og:type\" content=\"article\" \/>\n<meta property=\"og:title\" content=\"Testosterone Mix 300 mg\/ml 10 ml\" \/>\n<meta property=\"og:description\" content=\"Mistura de testosterona farmac\u00eautica Cygnus 300 mg\/ml 10 ml A testosterona sint\u00e9tica foi sintetizada em 1935 pelo bioqu\u00edmico alem\u00e3o Adolf\" \/>\n<meta property=\"og:url\" content=\"https:\/\/iberoid.com\/pt\/product\/testosterone-mix-300mg-ml-cygnus-pharma\/\" \/>\n<meta property=\"og:site_name\" content=\"Ester\u00f3ides Online\" \/>\n<meta property=\"article:modified_time\" content=\"2023-04-23T13:39:42+00:00\" \/>\n<meta property=\"og:image\" content=\"https:\/\/iberoid.com\/wp-content\/uploads\/2022\/03\/Testosterone-mix-300.jpg?v=1678119908\" \/>\n\t<meta property=\"og:image:width\" content=\"1000\" \/>\n\t<meta property=\"og:image:height\" content=\"698\" \/>\n\t<meta property=\"og:image:type\" content=\"image\/jpeg\" \/>\n<meta name=\"twitter:card\" content=\"summary_large_image\" \/>\n<meta name=\"twitter:label1\" content=\"pre\u00e7o\" \/>\n\t<meta name=\"twitter:data1\" content=\"&euro;50.00\" \/>\n\t<meta name=\"twitter:label2\" content=\"Disponibilidade\" \/>\n\t<meta name=\"twitter:data2\" content=\"Esgotado\" \/>\n<script type=\"application\/ld+json\" class=\"yoast-schema-graph\">{\"@context\":\"https:\\\/\\\/schema.org\",\"@graph\":[{\"@type\":\"WebPage\",\"@id\":\"https:\\\/\\\/iberoid.com\\\/pt\\\/product\\\/testosterone-mix-300mg-ml-cygnus-pharma\\\/\",\"url\":\"https:\\\/\\\/iberoid.com\\\/pt\\\/product\\\/testosterone-mix-300mg-ml-cygnus-pharma\\\/\",\"name\":\"Testosterone Mix 300 mg\\\/ml 10 ml - Ester\u00f3ides Online\",\"isPartOf\":{\"@id\":\"https:\\\/\\\/iberoid.com\\\/pt\\\/#website\"},\"primaryImageOfPage\":{\"@id\":\"https:\\\/\\\/iberoid.com\\\/pt\\\/product\\\/testosterone-mix-300mg-ml-cygnus-pharma\\\/#primaryimage\"},\"image\":{\"@id\":\"https:\\\/\\\/iberoid.com\\\/pt\\\/product\\\/testosterone-mix-300mg-ml-cygnus-pharma\\\/#primaryimage\"},\"thumbnailUrl\":\"https:\\\/\\\/iberoid.com\\\/wp-content\\\/uploads\\\/2022\\\/03\\\/Testosterone-mix-300.jpg?v=1678119908\",\"datePublished\":\"2022-03-16T13:37:59+00:00\",\"dateModified\":\"2023-04-23T13:39:42+00:00\",\"breadcrumb\":{\"@id\":\"https:\\\/\\\/iberoid.com\\\/pt\\\/product\\\/testosterone-mix-300mg-ml-cygnus-pharma\\\/#breadcrumb\"},\"inLanguage\":\"pt-PT\",\"potentialAction\":[{\"@type\":\"ReadAction\",\"target\":[[\"https:\\\/\\\/iberoid.com\\\/pt\\\/product\\\/testosterone-mix-300mg-ml-cygnus-pharma\\\/\"]]}]},{\"@type\":\"ImageObject\",\"inLanguage\":\"pt-PT\",\"@id\":\"https:\\\/\\\/iberoid.com\\\/pt\\\/product\\\/testosterone-mix-300mg-ml-cygnus-pharma\\\/#primaryimage\",\"url\":\"https:\\\/\\\/iberoid.com\\\/wp-content\\\/uploads\\\/2022\\\/03\\\/Testosterone-mix-300.jpg?v=1678119908\",\"contentUrl\":\"https:\\\/\\\/iberoid.com\\\/wp-content\\\/uploads\\\/2022\\\/03\\\/Testosterone-mix-300.jpg?v=1678119908\",\"width\":1000,\"height\":698},{\"@type\":\"BreadcrumbList\",\"@id\":\"https:\\\/\\\/iberoid.com\\\/pt\\\/product\\\/testosterone-mix-300mg-ml-cygnus-pharma\\\/#breadcrumb\",\"itemListElement\":[{\"@type\":\"ListItem\",\"position\":1,\"name\":\"Portada\",\"item\":\"https:\\\/\\\/iberoid.com\\\/pt\\\/\"},{\"@type\":\"ListItem\",\"position\":2,\"name\":\"Loja\",\"item\":\"https:\\\/\\\/iberoid.com\\\/pt\\\/shop\\\/\"},{\"@type\":\"ListItem\",\"position\":3,\"name\":\"Testosterone Mix 300 mg\\\/ml 10 ml\"}]},{\"@type\":\"WebSite\",\"@id\":\"https:\\\/\\\/iberoid.com\\\/pt\\\/#website\",\"url\":\"https:\\\/\\\/iberoid.com\\\/pt\\\/\",\"name\":\"Ester\u00f3ides Online\",\"description\":\"Compre ester\u00f3ides online hoje em Espanha e Portugal. Temos o melhor servi\u00e7o ao cliente do setor e produtos da mais alta qualidade\",\"potentialAction\":[{\"@type\":\"SearchAction\",\"target\":{\"@type\":\"EntryPoint\",\"urlTemplate\":\"https:\\\/\\\/iberoid.com\\\/pt\\\/?s={search_term_string}\"},\"query-input\":{\"@type\":\"PropertyValueSpecification\",\"valueRequired\":true,\"valueName\":\"search_term_string\"}}],\"inLanguage\":\"pt-PT\"}]}<\/script>\n<meta property=\"product:brand\" content=\"Cygnus Pharmaceutical\" \/>\n<meta property=\"product:price:amount\" content=\"50.00\" \/>\n<meta property=\"product:price:currency\" content=\"EUR\" \/>\n<meta property=\"og:availability\" content=\"out of stock\" \/>\n<meta property=\"product:availability\" content=\"out of stock\" \/>\n<meta property=\"product:condition\" content=\"new\" \/>\n<!-- \/ Yoast SEO Premium plugin. -->","yoast_head_json":{"title":"Testosterone Mix 300 mg\/ml 10 ml - Ester\u00f3ides Online","robots":{"index":"index","follow":"follow","max-snippet":"max-snippet:-1","max-image-preview":"max-image-preview:large","max-video-preview":"max-video-preview:-1"},"canonical":"https:\/\/iberoid.com\/pt\/product\/testosterone-mix-300mg-ml-cygnus-pharma\/","og_locale":"pt_PT","og_type":"article","og_title":"Testosterone Mix 300 mg\/ml 10 ml","og_description":"Mistura de testosterona farmac\u00eautica Cygnus 300 mg\/ml 10 ml A testosterona sint\u00e9tica foi sintetizada em 1935 pelo bioqu\u00edmico alem\u00e3o Adolf","og_url":"https:\/\/iberoid.com\/pt\/product\/testosterone-mix-300mg-ml-cygnus-pharma\/","og_site_name":"Ester\u00f3ides Online","article_modified_time":"2023-04-23T13:39:42+00:00","og_image":[{"width":1000,"height":698,"url":"https:\/\/iberoid.com\/wp-content\/uploads\/2022\/03\/Testosterone-mix-300.jpg?v=1678119908","type":"image\/jpeg"}],"twitter_card":"summary_large_image","twitter_misc":{"pre\u00e7o":"&euro;50.00","Disponibilidade":"Esgotado"},"schema":{"@context":"https:\/\/schema.org","@graph":[{"@type":"WebPage","@id":"https:\/\/iberoid.com\/pt\/product\/testosterone-mix-300mg-ml-cygnus-pharma\/","url":"https:\/\/iberoid.com\/pt\/product\/testosterone-mix-300mg-ml-cygnus-pharma\/","name":"Testosterone Mix 300 mg\/ml 10 ml - Ester\u00f3ides Online","isPartOf":{"@id":"https:\/\/iberoid.com\/pt\/#website"},"primaryImageOfPage":{"@id":"https:\/\/iberoid.com\/pt\/product\/testosterone-mix-300mg-ml-cygnus-pharma\/#primaryimage"},"image":{"@id":"https:\/\/iberoid.com\/pt\/product\/testosterone-mix-300mg-ml-cygnus-pharma\/#primaryimage"},"thumbnailUrl":"https:\/\/iberoid.com\/wp-content\/uploads\/2022\/03\/Testosterone-mix-300.jpg?v=1678119908","datePublished":"2022-03-16T13:37:59+00:00","dateModified":"2023-04-23T13:39:42+00:00","breadcrumb":{"@id":"https:\/\/iberoid.com\/pt\/product\/testosterone-mix-300mg-ml-cygnus-pharma\/#breadcrumb"},"inLanguage":"pt-PT","potentialAction":[{"@type":"ReadAction","target":[["https:\/\/iberoid.com\/pt\/product\/testosterone-mix-300mg-ml-cygnus-pharma\/"]]}]},{"@type":"ImageObject","inLanguage":"pt-PT","@id":"https:\/\/iberoid.com\/pt\/product\/testosterone-mix-300mg-ml-cygnus-pharma\/#primaryimage","url":"https:\/\/iberoid.com\/wp-content\/uploads\/2022\/03\/Testosterone-mix-300.jpg?v=1678119908","contentUrl":"https:\/\/iberoid.com\/wp-content\/uploads\/2022\/03\/Testosterone-mix-300.jpg?v=1678119908","width":1000,"height":698},{"@type":"BreadcrumbList","@id":"https:\/\/iberoid.com\/pt\/product\/testosterone-mix-300mg-ml-cygnus-pharma\/#breadcrumb","itemListElement":[{"@type":"ListItem","position":1,"name":"Portada","item":"https:\/\/iberoid.com\/pt\/"},{"@type":"ListItem","position":2,"name":"Loja","item":"https:\/\/iberoid.com\/pt\/shop\/"},{"@type":"ListItem","position":3,"name":"Testosterone Mix 300 mg\/ml 10 ml"}]},{"@type":"WebSite","@id":"https:\/\/iberoid.com\/pt\/#website","url":"https:\/\/iberoid.com\/pt\/","name":"Ester\u00f3ides Online","description":"Compre ester\u00f3ides online hoje em Espanha e Portugal. Temos o melhor servi\u00e7o ao cliente do setor e produtos da mais alta qualidade","potentialAction":[{"@type":"SearchAction","target":{"@type":"EntryPoint","urlTemplate":"https:\/\/iberoid.com\/pt\/?s={search_term_string}"},"query-input":{"@type":"PropertyValueSpecification","valueRequired":true,"valueName":"search_term_string"}}],"inLanguage":"pt-PT"}]},"product_brand":"Cygnus Pharmaceutical","product_price_amount":"50.00","product_price_currency":"EUR","og_availability":"out of stock","product_availability":"out of stock","product_condition":"new"},"_links":{"self":[{"href":"https:\/\/iberoid.com\/pt\/wp-json\/wp\/v2\/product\/7444","targetHints":{"allow":["GET"]}}],"collection":[{"href":"https:\/\/iberoid.com\/pt\/wp-json\/wp\/v2\/product"}],"about":[{"href":"https:\/\/iberoid.com\/pt\/wp-json\/wp\/v2\/types\/product"}],"replies":[{"embeddable":true,"href":"https:\/\/iberoid.com\/pt\/wp-json\/wp\/v2\/comments?post=7444"}],"wp:featuredmedia":[{"embeddable":true,"href":"https:\/\/iberoid.com\/pt\/wp-json\/wp\/v2\/media\/7445"}],"wp:attachment":[{"href":"https:\/\/iberoid.com\/pt\/wp-json\/wp\/v2\/media?parent=7444"}],"wp:term":[{"taxonomy":"product_brand","embeddable":true,"href":"https:\/\/iberoid.com\/pt\/wp-json\/wp\/v2\/product_brand?post=7444"},{"taxonomy":"product_cat","embeddable":true,"href":"https:\/\/iberoid.com\/pt\/wp-json\/wp\/v2\/product_cat?post=7444"},{"taxonomy":"product_tag","embeddable":true,"href":"https:\/\/iberoid.com\/pt\/wp-json\/wp\/v2\/product_tag?post=7444"}],"curies":[{"name":"wp","href":"https:\/\/api.w.org\/{rel}","templated":true}]}}