{"id":7448,"date":"2022-03-16T13:43:07","date_gmt":"2022-03-16T13:43:07","guid":{"rendered":"https:\/\/iberoid.com\/?post_type=product&#038;p=7448"},"modified":"2022-12-09T13:34:21","modified_gmt":"2022-12-09T13:34:21","slug":"oldenone-undecylenate-300mg-cygnus","status":"publish","type":"product","link":"https:\/\/iberoid.com\/pt\/product\/oldenone-undecylenate-300mg-cygnus\/","title":{"rendered":"Boldenone Undecylenate"},"content":{"rendered":"<p>Descri\u00e7\u00e3o<br \/>\nBoldenone\u00a0(tamb\u00e9m conhecido como Equipoise) foi desenvolvido como uma vers\u00e3o longa da metandienona e patenteado pela Ciba como um ester\u00f3ide anabolizante sint\u00e9tico em 1949. No entanto, o resultado foi um ester\u00f3ide com propriedades totalmente diferentes, apesar da semelhan\u00e7a qu\u00edmica. A boldenona foi desenvolvida principalmente para o tratamento da distrofia e para aumentar o peso e a densidade \u00f3ssea na osteoporose.<\/p>\n<p>Boldenona \u00e9 um ester\u00f3ide injet\u00e1vel de longo prazo que exibe fortes propriedades anab\u00f3licas e moderadamente androg\u00eanicas. As baixas propriedades androg\u00eanicas permitem que a boldenona seja usada pelas mulheres. A viriliza\u00e7\u00e3o ocorre raramente, em compara\u00e7\u00e3o com outros ester\u00f3ides. Boldenona \u00e9 uma das poucas drogas injet\u00e1veis \u200b\u200bque podem ser tomadas por atletas do sexo feminino quase sem risco de efeitos colaterais.<\/p>\n<p>Boldenona\u00a0estimula muito a hematopoiese. N\u00edveis elevados de gl\u00f3bulos vermelhos melhoram a entrega de oxig\u00eanio aos m\u00fasculos. Isso torna este ester\u00f3ide atraente para atletas de atletismo.<\/p>\n<p>Atletas que tomam boldenona geralmente relatam um crescimento muscular lento, mas alto. Todos os efeitos positivos da droga tornam-se aparentes em ciclos longos (12 semanas ou mais). Os m\u00fasculos no ciclo da boldenona ser\u00e3o mais densos do que os m\u00fasculos da testosterona. A boldenona n\u00e3o ret\u00e9m \u00e1gua nos m\u00fasculos, portanto seu volume ap\u00f3s o ciclo deve ser o mesmo do ciclo. A droga aumenta a taxa de energia e aumenta significativamente o apetite.<\/p>","protected":false},"excerpt":{"rendered":"<p>Descri\u00e7\u00e3o Boldenone\u00a0(tamb\u00e9m conhecido como Equipoise) foi desenvolvido como uma vers\u00e3o longa da metandienona e patenteado pela Ciba como um ester\u00f3ide<\/p>\n","protected":false},"featured_media":7449,"comment_status":"open","ping_status":"closed","template":"","meta":[],"product_brand":[],"product_cat":[69],"product_tag":[],"class_list":{"0":"post-7448","1":"product","2":"type-product","3":"status-publish","4":"has-post-thumbnail","6":"product_cat-esteroides_inyectables","8":"first","9":"outofstock","10":"sale","11":"shipping-taxable","12":"purchasable","13":"product-type-simple"},"yoast_head":"<!-- This site is optimized with the Yoast SEO Premium plugin v24.4 (Yoast SEO v27.3) - https:\/\/yoast.com\/product\/yoast-seo-premium-wordpress\/ -->\n<title>Boldenone Undecylenate - Ester\u00f3ides Online<\/title>\n<meta name=\"robots\" content=\"index, follow, max-snippet:-1, max-image-preview:large, max-video-preview:-1\" \/>\n<link rel=\"canonical\" href=\"https:\/\/iberoid.com\/pt\/product\/oldenone-undecylenate-300mg-cygnus\/\" \/>\n<meta property=\"og:locale\" content=\"pt_PT\" \/>\n<meta property=\"og:type\" content=\"article\" \/>\n<meta property=\"og:title\" content=\"Boldenone Undecylenate\" \/>\n<meta property=\"og:description\" content=\"Descri\u00e7\u00e3o Boldenone\u00a0(tamb\u00e9m conhecido como Equipoise) foi desenvolvido como uma vers\u00e3o longa da metandienona e patenteado pela Ciba como um ester\u00f3ide\" \/>\n<meta property=\"og:url\" content=\"https:\/\/iberoid.com\/pt\/product\/oldenone-undecylenate-300mg-cygnus\/\" \/>\n<meta property=\"og:site_name\" content=\"Ester\u00f3ides Online\" \/>\n<meta property=\"article:modified_time\" content=\"2022-12-09T13:34:21+00:00\" \/>\n<meta property=\"og:image\" content=\"https:\/\/iberoid.com\/wp-content\/uploads\/2022\/03\/Boldenone-undecylenate-300.jpg?v=1678119907\" \/>\n\t<meta property=\"og:image:width\" content=\"1000\" \/>\n\t<meta property=\"og:image:height\" content=\"698\" \/>\n\t<meta property=\"og:image:type\" content=\"image\/jpeg\" \/>\n<meta name=\"twitter:card\" content=\"summary_large_image\" \/>\n<meta name=\"twitter:label1\" content=\"pre\u00e7o\" \/>\n\t<meta name=\"twitter:data1\" content=\"&euro;70.00\" \/>\n\t<meta name=\"twitter:label2\" content=\"Disponibilidade\" \/>\n\t<meta name=\"twitter:data2\" content=\"Esgotado\" \/>\n<script type=\"application\/ld+json\" class=\"yoast-schema-graph\">{\"@context\":\"https:\\\/\\\/schema.org\",\"@graph\":[{\"@type\":\"WebPage\",\"@id\":\"https:\\\/\\\/iberoid.com\\\/pt\\\/product\\\/oldenone-undecylenate-300mg-cygnus\\\/\",\"url\":\"https:\\\/\\\/iberoid.com\\\/pt\\\/product\\\/oldenone-undecylenate-300mg-cygnus\\\/\",\"name\":\"Boldenone Undecylenate - Ester\u00f3ides Online\",\"isPartOf\":{\"@id\":\"https:\\\/\\\/iberoid-shop.com\\\/#website\"},\"primaryImageOfPage\":{\"@id\":\"https:\\\/\\\/iberoid.com\\\/pt\\\/product\\\/oldenone-undecylenate-300mg-cygnus\\\/#primaryimage\"},\"image\":{\"@id\":\"https:\\\/\\\/iberoid.com\\\/pt\\\/product\\\/oldenone-undecylenate-300mg-cygnus\\\/#primaryimage\"},\"thumbnailUrl\":\"https:\\\/\\\/iberoid.com\\\/wp-content\\\/uploads\\\/2022\\\/03\\\/Boldenone-undecylenate-300.jpg?v=1678119907\",\"datePublished\":\"2022-03-16T13:43:07+00:00\",\"dateModified\":\"2022-12-09T13:34:21+00:00\",\"breadcrumb\":{\"@id\":\"https:\\\/\\\/iberoid.com\\\/pt\\\/product\\\/oldenone-undecylenate-300mg-cygnus\\\/#breadcrumb\"},\"inLanguage\":\"pt-PT\",\"potentialAction\":[{\"@type\":\"ReadAction\",\"target\":[[\"https:\\\/\\\/iberoid.com\\\/pt\\\/product\\\/oldenone-undecylenate-300mg-cygnus\\\/\"]]}]},{\"@type\":\"ImageObject\",\"inLanguage\":\"pt-PT\",\"@id\":\"https:\\\/\\\/iberoid.com\\\/pt\\\/product\\\/oldenone-undecylenate-300mg-cygnus\\\/#primaryimage\",\"url\":\"https:\\\/\\\/iberoid.com\\\/wp-content\\\/uploads\\\/2022\\\/03\\\/Boldenone-undecylenate-300.jpg?v=1678119907\",\"contentUrl\":\"https:\\\/\\\/iberoid.com\\\/wp-content\\\/uploads\\\/2022\\\/03\\\/Boldenone-undecylenate-300.jpg?v=1678119907\",\"width\":1000,\"height\":698},{\"@type\":\"BreadcrumbList\",\"@id\":\"https:\\\/\\\/iberoid.com\\\/pt\\\/product\\\/oldenone-undecylenate-300mg-cygnus\\\/#breadcrumb\",\"itemListElement\":[{\"@type\":\"ListItem\",\"position\":1,\"name\":\"Portada\",\"item\":\"https:\\\/\\\/iberoid.com\\\/pt\\\/\"},{\"@type\":\"ListItem\",\"position\":2,\"name\":\"Loja\",\"item\":\"https:\\\/\\\/iberoid.com\\\/pt\\\/shop\\\/\"},{\"@type\":\"ListItem\",\"position\":3,\"name\":\"Boldenone Undecylenate\"}]},{\"@type\":\"WebSite\",\"@id\":\"https:\\\/\\\/iberoid-shop.com\\\/#website\",\"url\":\"https:\\\/\\\/iberoid-shop.com\\\/\",\"name\":\"Ester\u00f3ides Online\",\"description\":\"Compre ester\u00f3ides online hoje em Espanha e Portugal. Temos o melhor servi\u00e7o ao cliente do setor e produtos da mais alta qualidade\",\"potentialAction\":[{\"@type\":\"SearchAction\",\"target\":{\"@type\":\"EntryPoint\",\"urlTemplate\":\"https:\\\/\\\/iberoid-shop.com\\\/?s={search_term_string}\"},\"query-input\":{\"@type\":\"PropertyValueSpecification\",\"valueRequired\":true,\"valueName\":\"search_term_string\"}}],\"inLanguage\":\"pt-PT\"}]}<\/script>\n<meta property=\"product:price:amount\" content=\"70.00\" \/>\n<meta property=\"product:price:currency\" content=\"EUR\" \/>\n<meta property=\"og:availability\" content=\"out of stock\" \/>\n<meta property=\"product:availability\" content=\"out of stock\" \/>\n<meta property=\"product:condition\" content=\"new\" \/>\n<!-- \/ Yoast SEO Premium plugin. -->","yoast_head_json":{"title":"Boldenone Undecylenate - Ester\u00f3ides Online","robots":{"index":"index","follow":"follow","max-snippet":"max-snippet:-1","max-image-preview":"max-image-preview:large","max-video-preview":"max-video-preview:-1"},"canonical":"https:\/\/iberoid.com\/pt\/product\/oldenone-undecylenate-300mg-cygnus\/","og_locale":"pt_PT","og_type":"article","og_title":"Boldenone Undecylenate","og_description":"Descri\u00e7\u00e3o Boldenone\u00a0(tamb\u00e9m conhecido como Equipoise) foi desenvolvido como uma vers\u00e3o longa da metandienona e patenteado pela Ciba como um ester\u00f3ide","og_url":"https:\/\/iberoid.com\/pt\/product\/oldenone-undecylenate-300mg-cygnus\/","og_site_name":"Ester\u00f3ides Online","article_modified_time":"2022-12-09T13:34:21+00:00","og_image":[{"width":1000,"height":698,"url":"https:\/\/iberoid.com\/wp-content\/uploads\/2022\/03\/Boldenone-undecylenate-300.jpg?v=1678119907","type":"image\/jpeg"}],"twitter_card":"summary_large_image","twitter_misc":{"pre\u00e7o":"&euro;70.00","Disponibilidade":"Esgotado"},"schema":{"@context":"https:\/\/schema.org","@graph":[{"@type":"WebPage","@id":"https:\/\/iberoid.com\/pt\/product\/oldenone-undecylenate-300mg-cygnus\/","url":"https:\/\/iberoid.com\/pt\/product\/oldenone-undecylenate-300mg-cygnus\/","name":"Boldenone Undecylenate - Ester\u00f3ides Online","isPartOf":{"@id":"https:\/\/iberoid-shop.com\/#website"},"primaryImageOfPage":{"@id":"https:\/\/iberoid.com\/pt\/product\/oldenone-undecylenate-300mg-cygnus\/#primaryimage"},"image":{"@id":"https:\/\/iberoid.com\/pt\/product\/oldenone-undecylenate-300mg-cygnus\/#primaryimage"},"thumbnailUrl":"https:\/\/iberoid.com\/wp-content\/uploads\/2022\/03\/Boldenone-undecylenate-300.jpg?v=1678119907","datePublished":"2022-03-16T13:43:07+00:00","dateModified":"2022-12-09T13:34:21+00:00","breadcrumb":{"@id":"https:\/\/iberoid.com\/pt\/product\/oldenone-undecylenate-300mg-cygnus\/#breadcrumb"},"inLanguage":"pt-PT","potentialAction":[{"@type":"ReadAction","target":[["https:\/\/iberoid.com\/pt\/product\/oldenone-undecylenate-300mg-cygnus\/"]]}]},{"@type":"ImageObject","inLanguage":"pt-PT","@id":"https:\/\/iberoid.com\/pt\/product\/oldenone-undecylenate-300mg-cygnus\/#primaryimage","url":"https:\/\/iberoid.com\/wp-content\/uploads\/2022\/03\/Boldenone-undecylenate-300.jpg?v=1678119907","contentUrl":"https:\/\/iberoid.com\/wp-content\/uploads\/2022\/03\/Boldenone-undecylenate-300.jpg?v=1678119907","width":1000,"height":698},{"@type":"BreadcrumbList","@id":"https:\/\/iberoid.com\/pt\/product\/oldenone-undecylenate-300mg-cygnus\/#breadcrumb","itemListElement":[{"@type":"ListItem","position":1,"name":"Portada","item":"https:\/\/iberoid.com\/pt\/"},{"@type":"ListItem","position":2,"name":"Loja","item":"https:\/\/iberoid.com\/pt\/shop\/"},{"@type":"ListItem","position":3,"name":"Boldenone Undecylenate"}]},{"@type":"WebSite","@id":"https:\/\/iberoid-shop.com\/#website","url":"https:\/\/iberoid-shop.com\/","name":"Ester\u00f3ides Online","description":"Compre ester\u00f3ides online hoje em Espanha e Portugal. Temos o melhor servi\u00e7o ao cliente do setor e produtos da mais alta qualidade","potentialAction":[{"@type":"SearchAction","target":{"@type":"EntryPoint","urlTemplate":"https:\/\/iberoid-shop.com\/?s={search_term_string}"},"query-input":{"@type":"PropertyValueSpecification","valueRequired":true,"valueName":"search_term_string"}}],"inLanguage":"pt-PT"}]},"product_price_amount":"70.00","product_price_currency":"EUR","og_availability":"out of stock","product_availability":"out of stock","product_condition":"new"},"_links":{"self":[{"href":"https:\/\/iberoid.com\/pt\/wp-json\/wp\/v2\/product\/7448","targetHints":{"allow":["GET"]}}],"collection":[{"href":"https:\/\/iberoid.com\/pt\/wp-json\/wp\/v2\/product"}],"about":[{"href":"https:\/\/iberoid.com\/pt\/wp-json\/wp\/v2\/types\/product"}],"replies":[{"embeddable":true,"href":"https:\/\/iberoid.com\/pt\/wp-json\/wp\/v2\/comments?post=7448"}],"wp:featuredmedia":[{"embeddable":true,"href":"https:\/\/iberoid.com\/pt\/wp-json\/wp\/v2\/media\/7449"}],"wp:attachment":[{"href":"https:\/\/iberoid.com\/pt\/wp-json\/wp\/v2\/media?parent=7448"}],"wp:term":[{"taxonomy":"product_brand","embeddable":true,"href":"https:\/\/iberoid.com\/pt\/wp-json\/wp\/v2\/product_brand?post=7448"},{"taxonomy":"product_cat","embeddable":true,"href":"https:\/\/iberoid.com\/pt\/wp-json\/wp\/v2\/product_cat?post=7448"},{"taxonomy":"product_tag","embeddable":true,"href":"https:\/\/iberoid.com\/pt\/wp-json\/wp\/v2\/product_tag?post=7448"}],"curies":[{"name":"wp","href":"https:\/\/api.w.org\/{rel}","templated":true}]}}