{"id":7451,"date":"2022-03-16T13:46:01","date_gmt":"2022-03-16T13:46:01","guid":{"rendered":"https:\/\/iberoid.com\/?post_type=product&#038;p=7451"},"modified":"2022-06-14T18:59:19","modified_gmt":"2022-06-14T18:59:19","slug":"stanozolol-injectable-cygnus","status":"publish","type":"product","link":"https:\/\/iberoid.com\/pt\/product\/stanozolol-injectable-cygnus\/","title":{"rendered":"Stanozolol Injectable"},"content":{"rendered":"<p>Estanozolol Injet\u00e1vel<br \/>\nO estanozolol pode ajudar a evitar que o tecido magro seja destru\u00eddo durante um ciclo de corte. No entanto, tamb\u00e9m pode ter seu lugar em um ciclo de volume quando empilhado com outros ester\u00f3ides anabolizantes.<br \/>\nDescri\u00e7\u00e3o<br \/>\nO estanozolol\u00a0(tamb\u00e9m conhecido como winstrol) \u00e9 um derivado 17-alfa-alquilado da diidrotestosterona (DHT) com baixas qualidades androg\u00eanicas, mas altamente anab\u00f3lico. Foi desenvolvido pela primeira vez em 1962 pela empresa farmac\u00eautica global americana Sterling-Winthrop Laboratories.<\/p>\n<p>O estanozolol \u00e9 um anabolizante esteroide. Penetrando no n\u00facleo da c\u00e9lula, ativa o aparato gen\u00e9tico da c\u00e9lula, o que leva a um aumento na s\u00edntese de DNA, RNA e prote\u00ednas estruturais, ativa\u00e7\u00e3o de enzimas da cadeia respirat\u00f3ria tecidual e aumento da respira\u00e7\u00e3o tecidual, fosforila\u00e7\u00e3o oxidativa, s\u00edntese de ATP e ac\u00famulo de macroergs dentro da c\u00e9lula. Estimula os anabolizantes e suprime os processos catab\u00f3licos causados \u200b\u200bpelos glicocortic\u00f3ides. Leva a um aumento da massa muscular, redu\u00e7\u00e3o dos dep\u00f3sitos de gordura, melhora o trofismo tecidual, promove a deposi\u00e7\u00e3o de c\u00e1lcio nos ossos, ret\u00e9m nitrog\u00eanio, f\u00f3sforo, enxofre, pot\u00e1ssio, s\u00f3dio e \u00e1gua no corpo. A a\u00e7\u00e3o hematopoi\u00e9tica est\u00e1 associada a um aumento na s\u00edntese de eritropoietina.<\/p>","protected":false},"excerpt":{"rendered":"<p>Estanozolol Injet\u00e1vel O estanozolol pode ajudar a evitar que o tecido magro seja destru\u00eddo durante um ciclo de corte. No<\/p>\n","protected":false},"featured_media":7452,"comment_status":"open","ping_status":"closed","template":"","meta":[],"product_brand":[],"product_cat":[69],"product_tag":[],"class_list":{"0":"post-7451","1":"product","2":"type-product","3":"status-publish","4":"has-post-thumbnail","6":"product_cat-esteroides_inyectables","8":"first","9":"outofstock","10":"shipping-taxable","11":"purchasable","12":"product-type-simple"},"yoast_head":"<!-- This site is optimized with the Yoast SEO Premium plugin v24.4 (Yoast SEO v27.3) - https:\/\/yoast.com\/product\/yoast-seo-premium-wordpress\/ -->\n<title>Stanozolol Injectable - Ester\u00f3ides Online<\/title>\n<meta name=\"robots\" content=\"index, follow, max-snippet:-1, max-image-preview:large, max-video-preview:-1\" \/>\n<link rel=\"canonical\" href=\"https:\/\/iberoid.com\/pt\/product\/stanozolol-injectable-cygnus\/\" \/>\n<meta property=\"og:locale\" content=\"pt_PT\" \/>\n<meta property=\"og:type\" content=\"article\" \/>\n<meta property=\"og:title\" content=\"Stanozolol Injectable\" \/>\n<meta property=\"og:description\" content=\"Estanozolol Injet\u00e1vel O estanozolol pode ajudar a evitar que o tecido magro seja destru\u00eddo durante um ciclo de corte. No\" \/>\n<meta property=\"og:url\" content=\"https:\/\/iberoid.com\/pt\/product\/stanozolol-injectable-cygnus\/\" \/>\n<meta property=\"og:site_name\" content=\"Ester\u00f3ides Online\" \/>\n<meta property=\"article:modified_time\" content=\"2022-06-14T18:59:19+00:00\" \/>\n<meta property=\"og:image\" content=\"https:\/\/iberoid.com\/wp-content\/uploads\/2022\/03\/Stanozolol-50.jpg?v=1678119906\" \/>\n\t<meta property=\"og:image:width\" content=\"1000\" \/>\n\t<meta property=\"og:image:height\" content=\"698\" \/>\n\t<meta property=\"og:image:type\" content=\"image\/jpeg\" \/>\n<meta name=\"twitter:card\" content=\"summary_large_image\" \/>\n<meta name=\"twitter:label1\" content=\"pre\u00e7o\" \/>\n\t<meta name=\"twitter:data1\" content=\"&euro;50.00\" \/>\n\t<meta name=\"twitter:label2\" content=\"Disponibilidade\" \/>\n\t<meta name=\"twitter:data2\" content=\"Esgotado\" \/>\n<script type=\"application\/ld+json\" class=\"yoast-schema-graph\">{\"@context\":\"https:\\\/\\\/schema.org\",\"@graph\":[{\"@type\":\"WebPage\",\"@id\":\"https:\\\/\\\/iberoid.com\\\/pt\\\/product\\\/stanozolol-injectable-cygnus\\\/\",\"url\":\"https:\\\/\\\/iberoid.com\\\/pt\\\/product\\\/stanozolol-injectable-cygnus\\\/\",\"name\":\"Stanozolol Injectable - Ester\u00f3ides Online\",\"isPartOf\":{\"@id\":\"https:\\\/\\\/iberoid-shop.com\\\/#website\"},\"primaryImageOfPage\":{\"@id\":\"https:\\\/\\\/iberoid.com\\\/pt\\\/product\\\/stanozolol-injectable-cygnus\\\/#primaryimage\"},\"image\":{\"@id\":\"https:\\\/\\\/iberoid.com\\\/pt\\\/product\\\/stanozolol-injectable-cygnus\\\/#primaryimage\"},\"thumbnailUrl\":\"https:\\\/\\\/iberoid.com\\\/wp-content\\\/uploads\\\/2022\\\/03\\\/Stanozolol-50.jpg?v=1678119906\",\"datePublished\":\"2022-03-16T13:46:01+00:00\",\"dateModified\":\"2022-06-14T18:59:19+00:00\",\"breadcrumb\":{\"@id\":\"https:\\\/\\\/iberoid.com\\\/pt\\\/product\\\/stanozolol-injectable-cygnus\\\/#breadcrumb\"},\"inLanguage\":\"pt-PT\",\"potentialAction\":[{\"@type\":\"ReadAction\",\"target\":[[\"https:\\\/\\\/iberoid.com\\\/pt\\\/product\\\/stanozolol-injectable-cygnus\\\/\"]]}]},{\"@type\":\"ImageObject\",\"inLanguage\":\"pt-PT\",\"@id\":\"https:\\\/\\\/iberoid.com\\\/pt\\\/product\\\/stanozolol-injectable-cygnus\\\/#primaryimage\",\"url\":\"https:\\\/\\\/iberoid.com\\\/wp-content\\\/uploads\\\/2022\\\/03\\\/Stanozolol-50.jpg?v=1678119906\",\"contentUrl\":\"https:\\\/\\\/iberoid.com\\\/wp-content\\\/uploads\\\/2022\\\/03\\\/Stanozolol-50.jpg?v=1678119906\",\"width\":1000,\"height\":698},{\"@type\":\"BreadcrumbList\",\"@id\":\"https:\\\/\\\/iberoid.com\\\/pt\\\/product\\\/stanozolol-injectable-cygnus\\\/#breadcrumb\",\"itemListElement\":[{\"@type\":\"ListItem\",\"position\":1,\"name\":\"Portada\",\"item\":\"https:\\\/\\\/iberoid.com\\\/pt\\\/\"},{\"@type\":\"ListItem\",\"position\":2,\"name\":\"Loja\",\"item\":\"https:\\\/\\\/iberoid.com\\\/pt\\\/shop\\\/\"},{\"@type\":\"ListItem\",\"position\":3,\"name\":\"Stanozolol Injectable\"}]},{\"@type\":\"WebSite\",\"@id\":\"https:\\\/\\\/iberoid-shop.com\\\/#website\",\"url\":\"https:\\\/\\\/iberoid-shop.com\\\/\",\"name\":\"Ester\u00f3ides Online\",\"description\":\"Compre ester\u00f3ides online hoje em Espanha e Portugal. Temos o melhor servi\u00e7o ao cliente do setor e produtos da mais alta qualidade\",\"potentialAction\":[{\"@type\":\"SearchAction\",\"target\":{\"@type\":\"EntryPoint\",\"urlTemplate\":\"https:\\\/\\\/iberoid-shop.com\\\/?s={search_term_string}\"},\"query-input\":{\"@type\":\"PropertyValueSpecification\",\"valueRequired\":true,\"valueName\":\"search_term_string\"}}],\"inLanguage\":\"pt-PT\"}]}<\/script>\n<meta property=\"product:brand\" content=\"Cygnus Pharmaceutical\" \/>\n<meta property=\"product:price:amount\" content=\"50.00\" \/>\n<meta property=\"product:price:currency\" content=\"EUR\" \/>\n<meta property=\"og:availability\" content=\"out of stock\" \/>\n<meta property=\"product:availability\" content=\"out of stock\" \/>\n<meta property=\"product:condition\" content=\"new\" \/>\n<!-- \/ Yoast SEO Premium plugin. -->","yoast_head_json":{"title":"Stanozolol Injectable - Ester\u00f3ides Online","robots":{"index":"index","follow":"follow","max-snippet":"max-snippet:-1","max-image-preview":"max-image-preview:large","max-video-preview":"max-video-preview:-1"},"canonical":"https:\/\/iberoid.com\/pt\/product\/stanozolol-injectable-cygnus\/","og_locale":"pt_PT","og_type":"article","og_title":"Stanozolol Injectable","og_description":"Estanozolol Injet\u00e1vel O estanozolol pode ajudar a evitar que o tecido magro seja destru\u00eddo durante um ciclo de corte. No","og_url":"https:\/\/iberoid.com\/pt\/product\/stanozolol-injectable-cygnus\/","og_site_name":"Ester\u00f3ides Online","article_modified_time":"2022-06-14T18:59:19+00:00","og_image":[{"width":1000,"height":698,"url":"https:\/\/iberoid.com\/wp-content\/uploads\/2022\/03\/Stanozolol-50.jpg?v=1678119906","type":"image\/jpeg"}],"twitter_card":"summary_large_image","twitter_misc":{"pre\u00e7o":"&euro;50.00","Disponibilidade":"Esgotado"},"schema":{"@context":"https:\/\/schema.org","@graph":[{"@type":"WebPage","@id":"https:\/\/iberoid.com\/pt\/product\/stanozolol-injectable-cygnus\/","url":"https:\/\/iberoid.com\/pt\/product\/stanozolol-injectable-cygnus\/","name":"Stanozolol Injectable - Ester\u00f3ides Online","isPartOf":{"@id":"https:\/\/iberoid-shop.com\/#website"},"primaryImageOfPage":{"@id":"https:\/\/iberoid.com\/pt\/product\/stanozolol-injectable-cygnus\/#primaryimage"},"image":{"@id":"https:\/\/iberoid.com\/pt\/product\/stanozolol-injectable-cygnus\/#primaryimage"},"thumbnailUrl":"https:\/\/iberoid.com\/wp-content\/uploads\/2022\/03\/Stanozolol-50.jpg?v=1678119906","datePublished":"2022-03-16T13:46:01+00:00","dateModified":"2022-06-14T18:59:19+00:00","breadcrumb":{"@id":"https:\/\/iberoid.com\/pt\/product\/stanozolol-injectable-cygnus\/#breadcrumb"},"inLanguage":"pt-PT","potentialAction":[{"@type":"ReadAction","target":[["https:\/\/iberoid.com\/pt\/product\/stanozolol-injectable-cygnus\/"]]}]},{"@type":"ImageObject","inLanguage":"pt-PT","@id":"https:\/\/iberoid.com\/pt\/product\/stanozolol-injectable-cygnus\/#primaryimage","url":"https:\/\/iberoid.com\/wp-content\/uploads\/2022\/03\/Stanozolol-50.jpg?v=1678119906","contentUrl":"https:\/\/iberoid.com\/wp-content\/uploads\/2022\/03\/Stanozolol-50.jpg?v=1678119906","width":1000,"height":698},{"@type":"BreadcrumbList","@id":"https:\/\/iberoid.com\/pt\/product\/stanozolol-injectable-cygnus\/#breadcrumb","itemListElement":[{"@type":"ListItem","position":1,"name":"Portada","item":"https:\/\/iberoid.com\/pt\/"},{"@type":"ListItem","position":2,"name":"Loja","item":"https:\/\/iberoid.com\/pt\/shop\/"},{"@type":"ListItem","position":3,"name":"Stanozolol Injectable"}]},{"@type":"WebSite","@id":"https:\/\/iberoid-shop.com\/#website","url":"https:\/\/iberoid-shop.com\/","name":"Ester\u00f3ides Online","description":"Compre ester\u00f3ides online hoje em Espanha e Portugal. Temos o melhor servi\u00e7o ao cliente do setor e produtos da mais alta qualidade","potentialAction":[{"@type":"SearchAction","target":{"@type":"EntryPoint","urlTemplate":"https:\/\/iberoid-shop.com\/?s={search_term_string}"},"query-input":{"@type":"PropertyValueSpecification","valueRequired":true,"valueName":"search_term_string"}}],"inLanguage":"pt-PT"}]},"product_brand":"Cygnus Pharmaceutical","product_price_amount":"50.00","product_price_currency":"EUR","og_availability":"out of stock","product_availability":"out of stock","product_condition":"new"},"_links":{"self":[{"href":"https:\/\/iberoid.com\/pt\/wp-json\/wp\/v2\/product\/7451","targetHints":{"allow":["GET"]}}],"collection":[{"href":"https:\/\/iberoid.com\/pt\/wp-json\/wp\/v2\/product"}],"about":[{"href":"https:\/\/iberoid.com\/pt\/wp-json\/wp\/v2\/types\/product"}],"replies":[{"embeddable":true,"href":"https:\/\/iberoid.com\/pt\/wp-json\/wp\/v2\/comments?post=7451"}],"wp:featuredmedia":[{"embeddable":true,"href":"https:\/\/iberoid.com\/pt\/wp-json\/wp\/v2\/media\/7452"}],"wp:attachment":[{"href":"https:\/\/iberoid.com\/pt\/wp-json\/wp\/v2\/media?parent=7451"}],"wp:term":[{"taxonomy":"product_brand","embeddable":true,"href":"https:\/\/iberoid.com\/pt\/wp-json\/wp\/v2\/product_brand?post=7451"},{"taxonomy":"product_cat","embeddable":true,"href":"https:\/\/iberoid.com\/pt\/wp-json\/wp\/v2\/product_cat?post=7451"},{"taxonomy":"product_tag","embeddable":true,"href":"https:\/\/iberoid.com\/pt\/wp-json\/wp\/v2\/product_tag?post=7451"}],"curies":[{"name":"wp","href":"https:\/\/api.w.org\/{rel}","templated":true}]}}