{"id":7477,"date":"2022-03-21T20:01:52","date_gmt":"2022-03-21T20:01:52","guid":{"rendered":"https:\/\/iberoid.com\/?post_type=product&#038;p=7477"},"modified":"2026-04-15T17:46:31","modified_gmt":"2026-04-15T17:46:31","slug":"parabolan-trenbolone-hexahydrobenzylcarbonate-100-mg","status":"publish","type":"product","link":"https:\/\/iberoid.com\/pt\/product\/parabolan-trenbolone-hexahydrobenzylcarbonate-100-mg\/","title":{"rendered":"PARABOLAN 100 MG"},"content":{"rendered":"<p>PARABOLAN<\/p>\n<p>Subst\u00e2ncia ativa\u00a0&#8211; Hexahidrobenzilcarbonato de trembolona (Parabolan)<\/p>\n<p>Parabolan \u00e9 um poderoso esteroide de natureza anab\u00f3lica e androg\u00eanica. O produto qu\u00edmico ativo \u00e9 Trembolona Hexahidrobenzilcarbonato. Parabolan n\u00e3o \u00e9 aromatizado no corpo e pode impedir que outros ester\u00f3ides tamb\u00e9m tenham esse problema. Anteriormente, o ester\u00f3ide era usado para aumentar a massa muscular e o apetite em animais (gado). Na sua forma original, a trembolona praticamente n\u00e3o \u00e9 usada, pois tem uma dura\u00e7\u00e3o de a\u00e7\u00e3o muito longa. Normalmente, s\u00e3o utilizados seus derivados esterificados como Enantato ou Acetato.<\/p>\n<p>Efeito do Parabolan no curso<br \/>\nR\u00e1pido ganho de massa muscular pura. Em um curso, voc\u00ea pode ganhar at\u00e9 10 quilos;<br \/>\nAumento nos indicadores de for\u00e7a e pot\u00eancia;<br \/>\nEstimula\u00e7\u00e3o da secre\u00e7\u00e3o do horm\u00f4nio do crescimento;<br \/>\nEfeitos r\u00e1pidos de queima de gordura observados durante o ciclo;<br \/>\nUm aumento significativo nos n\u00edveis de desejo sexual e libido;<br \/>\nAumento de duas vezes nos fatores de crescimento semelhantes \u00e0 insulina.<\/p>\n<p>Pela sua origem, a trembolona \u00e9 um derivado da testosterona (devido \u00e0 atividade da progesterona e mecanismo de feedback). Parabolan \u00e9 propenso a receptores androg\u00eanicos e \u00e9 5 vezes mais forte que a testosterona, tanto em androg\u00eanio quanto em sua classifica\u00e7\u00e3o anab\u00f3lica, que tamb\u00e9m \u00e9 5 vezes maior que a testosterona. Ao aumentar os desempenhos de massa muscular e for\u00e7a, Parabolan \u00e9 praticamente inigual\u00e1vel por qualquer outra subst\u00e2ncia gra\u00e7as ao poder final que esta subst\u00e2ncia fornece. A droga ganhou grande popularidade, uma vez que n\u00e3o se converte em estrog\u00eanios sob a influ\u00eancia da aromatase. N\u00e3o permite que o corpo retenha o excesso de l\u00edquido e n\u00e3o leva \u00e0 ginecomastia estrog\u00eanica. Esta \u00e9 uma grande vantagem para aqueles que s\u00e3o sens\u00edveis aos efeitos estrog\u00eanicos.<\/p>\n<p>Como tomar Parabolan?<\/p>\n<p>O curso de Parabolan n\u00e3o deve exceder 8-10 semanas, se a ingest\u00e3o de medicamentos adicionais de gonadotropina n\u00e3o estiver inclu\u00edda no curso. Dada a capacidade pronunciada da trembolona de suprimir a secre\u00e7\u00e3o de testosterona do pr\u00f3prio corpo, \u00e9 aconselh\u00e1vel injetar drogas gonadotrofinas, como hCG, uma vez por semana, ou uma vez a cada 3-4 dias, a partir da segunda semana do curso at\u00e9 o final (em dosagens de 500 a 1.000UI). A terapia p\u00f3s-ciclo tamb\u00e9m \u00e9 necess\u00e1ria. Quanto \u00e0s dosagens de Parabolan, para aumentar a massa muscular, recomenda-se administrar de 100-300mg do medicamento por semana. Voc\u00ea pode dividir a dose semanal em duas inje\u00e7\u00f5es, para que suas dosagens sejam mais consistentes e mais est\u00e1veis \u200b\u200bno sangue, mas uma vez por semana ser\u00e1 mais que suficiente para a maioria dos usu\u00e1rios. Embora o curso solo em si d\u00ea um aumento significativo de massa e for\u00e7a, para potencializar ainda mais o efeito, as combina\u00e7\u00f5es de outros ester\u00f3ides que combinam bem em um curso s\u00e3o: Oxandrolona, \u200b\u200bWinstrol, Dianabol, Primobolan, Boldenona ou Oximetolona, \u200b\u200bcom \u00e9steres de testosterona como os ester\u00f3ides de base dentro do ciclo. Parabolan \u00e9 compat\u00edvel com quase todos os ester\u00f3ides anabolizantes. Observe que a combina\u00e7\u00e3o desses ester\u00f3ides \u00e9 selecionada com base nos objetivos espec\u00edficos do atleta, por exemplo. para ciclos de volume ou corte. Para obter mais informa\u00e7\u00f5es sobre qual ciclo combinado \u00e9 mais adequado para voc\u00ea, entre em contato com nossa equipe de especialistas para obter mais informa\u00e7\u00f5es.<\/p>\n<p>Efeitos colaterais<\/p>\n<p>Os efeitos colaterais podem ocorrer com bastante frequ\u00eancia quando a dosagem recomendada ou a dura\u00e7\u00e3o do curso \u00e9 excedida e podem causar; ins\u00f4nia, press\u00e3o alta, agressividade excessiva, calv\u00edcie, acne, ere\u00e7\u00e3o lenta e diminui\u00e7\u00e3o da libido. \u00c9 muito importante tomar Cabergolina e Gonadotrofinas durante o uso de Parabolan, pois esta droga \u00e9 progestina \u00e0 base de sua natureza. O f\u00edgado tem um efeito t\u00f3xico moderado. Os efeitos estrog\u00eanicos n\u00e3o s\u00e3o observados e os efeitos androg\u00eanicos s\u00e3o extremamente raros. A combina\u00e7\u00e3o de Parabolan com efedrina e\u00a0Clenbuterol\u00a0tamb\u00e9m n\u00e3o \u00e9 recomendada. Para comprar esses medicamentos necess\u00e1rios que s\u00e3o necess\u00e1rios no decorrer do mais importante na fase de recupera\u00e7\u00e3o, pesquise em nosso site e voc\u00ea encontrar\u00e1 uma sele\u00e7\u00e3o completa dessas subst\u00e2ncias necess\u00e1rias.<\/p>","protected":false},"excerpt":{"rendered":"<p>PARABOLAN Subst\u00e2ncia ativa\u00a0&#8211; Hexahidrobenzilcarbonato de trembolona (Parabolan) Parabolan \u00e9 um poderoso esteroide de natureza anab\u00f3lica e androg\u00eanica. O produto qu\u00edmico<\/p>\n","protected":false},"featured_media":7478,"comment_status":"open","ping_status":"closed","template":"","meta":[],"product_brand":[],"product_cat":[69],"product_tag":[],"class_list":{"0":"post-7477","1":"product","2":"type-product","3":"status-publish","4":"has-post-thumbnail","6":"product_cat-esteroides_inyectables","8":"first","9":"instock","10":"sale","11":"shipping-taxable","12":"purchasable","13":"product-type-simple"},"yoast_head":"<!-- This site is optimized with the Yoast SEO Premium plugin v24.4 (Yoast SEO v27.3) - https:\/\/yoast.com\/product\/yoast-seo-premium-wordpress\/ -->\n<title>PARABOLAN 100 MG - Ester\u00f3ides Online<\/title>\n<meta name=\"description\" content=\"Parabolan (Tren Hex): Ester\u00f3ide potente n\u00e3o aromatizante para grande ganho de m\u00fasculo\/for\u00e7a, perda de gordura e aumento da libido. 5x mais forte que testo.\" \/>\n<meta name=\"robots\" content=\"index, follow, max-snippet:-1, max-image-preview:large, max-video-preview:-1\" \/>\n<link rel=\"canonical\" href=\"https:\/\/iberoid.com\/pt\/product\/parabolan-trenbolone-hexahydrobenzylcarbonate-100-mg\/\" \/>\n<meta property=\"og:locale\" content=\"pt_PT\" \/>\n<meta property=\"og:type\" content=\"article\" \/>\n<meta property=\"og:title\" content=\"PARABOLAN 100 MG\" \/>\n<meta property=\"og:description\" content=\"Parabolan (Tren Hex): Ester\u00f3ide potente n\u00e3o aromatizante para grande ganho de m\u00fasculo\/for\u00e7a, perda de gordura e aumento da libido. 5x mais forte que testo.\" \/>\n<meta property=\"og:url\" content=\"https:\/\/iberoid.com\/pt\/product\/parabolan-trenbolone-hexahydrobenzylcarbonate-100-mg\/\" \/>\n<meta property=\"og:site_name\" content=\"Ester\u00f3ides Online\" \/>\n<meta property=\"article:modified_time\" content=\"2026-04-15T17:46:31+00:00\" \/>\n<meta property=\"og:image\" content=\"https:\/\/iberoid.com\/wp-content\/uploads\/2022\/03\/para.jpg?v=1692348233\" \/>\n\t<meta property=\"og:image:width\" content=\"1024\" \/>\n\t<meta property=\"og:image:height\" content=\"768\" \/>\n\t<meta property=\"og:image:type\" content=\"image\/jpeg\" \/>\n<meta name=\"twitter:card\" content=\"summary_large_image\" \/>\n<meta name=\"twitter:label1\" content=\"pre\u00e7o\" \/>\n\t<meta name=\"twitter:data1\" content=\"&euro;55.00\" \/>\n\t<meta name=\"twitter:label2\" content=\"Disponibilidade\" \/>\n\t<meta name=\"twitter:data2\" content=\"Em stock\" \/>\n<script type=\"application\/ld+json\" class=\"yoast-schema-graph\">{\"@context\":\"https:\\\/\\\/schema.org\",\"@graph\":[{\"@type\":\"WebPage\",\"@id\":\"https:\\\/\\\/iberoid.com\\\/pt\\\/product\\\/parabolan-trenbolone-hexahydrobenzylcarbonate-100-mg\\\/\",\"url\":\"https:\\\/\\\/iberoid.com\\\/pt\\\/product\\\/parabolan-trenbolone-hexahydrobenzylcarbonate-100-mg\\\/\",\"name\":\"PARABOLAN 100 MG - Ester\u00f3ides Online\",\"isPartOf\":{\"@id\":\"https:\\\/\\\/iberoid-shop.com\\\/#website\"},\"primaryImageOfPage\":{\"@id\":\"https:\\\/\\\/iberoid.com\\\/pt\\\/product\\\/parabolan-trenbolone-hexahydrobenzylcarbonate-100-mg\\\/#primaryimage\"},\"image\":{\"@id\":\"https:\\\/\\\/iberoid.com\\\/pt\\\/product\\\/parabolan-trenbolone-hexahydrobenzylcarbonate-100-mg\\\/#primaryimage\"},\"thumbnailUrl\":\"https:\\\/\\\/iberoid.com\\\/wp-content\\\/uploads\\\/2022\\\/03\\\/para.jpg?v=1692348233\",\"datePublished\":\"2022-03-21T20:01:52+00:00\",\"dateModified\":\"2026-04-15T17:46:31+00:00\",\"description\":\"Parabolan (Tren Hex): Ester\u00f3ide potente n\u00e3o aromatizante para grande ganho de m\u00fasculo\\\/for\u00e7a, perda de gordura e aumento da libido. 5x mais forte que testo.\",\"breadcrumb\":{\"@id\":\"https:\\\/\\\/iberoid.com\\\/pt\\\/product\\\/parabolan-trenbolone-hexahydrobenzylcarbonate-100-mg\\\/#breadcrumb\"},\"inLanguage\":\"pt-PT\",\"potentialAction\":[{\"@type\":\"ReadAction\",\"target\":[[\"https:\\\/\\\/iberoid.com\\\/pt\\\/product\\\/parabolan-trenbolone-hexahydrobenzylcarbonate-100-mg\\\/\"]]}]},{\"@type\":\"ImageObject\",\"inLanguage\":\"pt-PT\",\"@id\":\"https:\\\/\\\/iberoid.com\\\/pt\\\/product\\\/parabolan-trenbolone-hexahydrobenzylcarbonate-100-mg\\\/#primaryimage\",\"url\":\"https:\\\/\\\/iberoid.com\\\/wp-content\\\/uploads\\\/2022\\\/03\\\/para.jpg?v=1692348233\",\"contentUrl\":\"https:\\\/\\\/iberoid.com\\\/wp-content\\\/uploads\\\/2022\\\/03\\\/para.jpg?v=1692348233\",\"width\":1024,\"height\":768},{\"@type\":\"BreadcrumbList\",\"@id\":\"https:\\\/\\\/iberoid.com\\\/pt\\\/product\\\/parabolan-trenbolone-hexahydrobenzylcarbonate-100-mg\\\/#breadcrumb\",\"itemListElement\":[{\"@type\":\"ListItem\",\"position\":1,\"name\":\"Portada\",\"item\":\"https:\\\/\\\/iberoid.com\\\/pt\\\/\"},{\"@type\":\"ListItem\",\"position\":2,\"name\":\"Loja\",\"item\":\"https:\\\/\\\/iberoid.com\\\/pt\\\/shop\\\/\"},{\"@type\":\"ListItem\",\"position\":3,\"name\":\"PARABOLAN 100 MG\"}]},{\"@type\":\"WebSite\",\"@id\":\"https:\\\/\\\/iberoid-shop.com\\\/#website\",\"url\":\"https:\\\/\\\/iberoid-shop.com\\\/\",\"name\":\"Ester\u00f3ides Online\",\"description\":\"Compre ester\u00f3ides online hoje em Espanha e Portugal. Temos o melhor servi\u00e7o ao cliente do setor e produtos da mais alta qualidade\",\"potentialAction\":[{\"@type\":\"SearchAction\",\"target\":{\"@type\":\"EntryPoint\",\"urlTemplate\":\"https:\\\/\\\/iberoid-shop.com\\\/?s={search_term_string}\"},\"query-input\":{\"@type\":\"PropertyValueSpecification\",\"valueRequired\":true,\"valueName\":\"search_term_string\"}}],\"inLanguage\":\"pt-PT\"}]}<\/script>\n<meta property=\"product:brand\" content=\"Euro Prime Pharmaceuticals (EPF)\" \/>\n<meta property=\"product:price:amount\" content=\"55.00\" \/>\n<meta property=\"product:price:currency\" content=\"EUR\" \/>\n<meta property=\"og:availability\" content=\"instock\" \/>\n<meta property=\"product:availability\" content=\"instock\" \/>\n<meta property=\"product:condition\" content=\"new\" \/>\n<!-- \/ Yoast SEO Premium plugin. -->","yoast_head_json":{"title":"PARABOLAN 100 MG - Ester\u00f3ides Online","description":"Parabolan (Tren Hex): Ester\u00f3ide potente n\u00e3o aromatizante para grande ganho de m\u00fasculo\/for\u00e7a, perda de gordura e aumento da libido. 5x mais forte que testo.","robots":{"index":"index","follow":"follow","max-snippet":"max-snippet:-1","max-image-preview":"max-image-preview:large","max-video-preview":"max-video-preview:-1"},"canonical":"https:\/\/iberoid.com\/pt\/product\/parabolan-trenbolone-hexahydrobenzylcarbonate-100-mg\/","og_locale":"pt_PT","og_type":"article","og_title":"PARABOLAN 100 MG","og_description":"Parabolan (Tren Hex): Ester\u00f3ide potente n\u00e3o aromatizante para grande ganho de m\u00fasculo\/for\u00e7a, perda de gordura e aumento da libido. 5x mais forte que testo.","og_url":"https:\/\/iberoid.com\/pt\/product\/parabolan-trenbolone-hexahydrobenzylcarbonate-100-mg\/","og_site_name":"Ester\u00f3ides Online","article_modified_time":"2026-04-15T17:46:31+00:00","og_image":[{"width":1024,"height":768,"url":"https:\/\/iberoid.com\/wp-content\/uploads\/2022\/03\/para.jpg?v=1692348233","type":"image\/jpeg"}],"twitter_card":"summary_large_image","twitter_misc":{"pre\u00e7o":"&euro;55.00","Disponibilidade":"Em stock"},"schema":{"@context":"https:\/\/schema.org","@graph":[{"@type":"WebPage","@id":"https:\/\/iberoid.com\/pt\/product\/parabolan-trenbolone-hexahydrobenzylcarbonate-100-mg\/","url":"https:\/\/iberoid.com\/pt\/product\/parabolan-trenbolone-hexahydrobenzylcarbonate-100-mg\/","name":"PARABOLAN 100 MG - Ester\u00f3ides Online","isPartOf":{"@id":"https:\/\/iberoid-shop.com\/#website"},"primaryImageOfPage":{"@id":"https:\/\/iberoid.com\/pt\/product\/parabolan-trenbolone-hexahydrobenzylcarbonate-100-mg\/#primaryimage"},"image":{"@id":"https:\/\/iberoid.com\/pt\/product\/parabolan-trenbolone-hexahydrobenzylcarbonate-100-mg\/#primaryimage"},"thumbnailUrl":"https:\/\/iberoid.com\/wp-content\/uploads\/2022\/03\/para.jpg?v=1692348233","datePublished":"2022-03-21T20:01:52+00:00","dateModified":"2026-04-15T17:46:31+00:00","description":"Parabolan (Tren Hex): Ester\u00f3ide potente n\u00e3o aromatizante para grande ganho de m\u00fasculo\/for\u00e7a, perda de gordura e aumento da libido. 5x mais forte que testo.","breadcrumb":{"@id":"https:\/\/iberoid.com\/pt\/product\/parabolan-trenbolone-hexahydrobenzylcarbonate-100-mg\/#breadcrumb"},"inLanguage":"pt-PT","potentialAction":[{"@type":"ReadAction","target":[["https:\/\/iberoid.com\/pt\/product\/parabolan-trenbolone-hexahydrobenzylcarbonate-100-mg\/"]]}]},{"@type":"ImageObject","inLanguage":"pt-PT","@id":"https:\/\/iberoid.com\/pt\/product\/parabolan-trenbolone-hexahydrobenzylcarbonate-100-mg\/#primaryimage","url":"https:\/\/iberoid.com\/wp-content\/uploads\/2022\/03\/para.jpg?v=1692348233","contentUrl":"https:\/\/iberoid.com\/wp-content\/uploads\/2022\/03\/para.jpg?v=1692348233","width":1024,"height":768},{"@type":"BreadcrumbList","@id":"https:\/\/iberoid.com\/pt\/product\/parabolan-trenbolone-hexahydrobenzylcarbonate-100-mg\/#breadcrumb","itemListElement":[{"@type":"ListItem","position":1,"name":"Portada","item":"https:\/\/iberoid.com\/pt\/"},{"@type":"ListItem","position":2,"name":"Loja","item":"https:\/\/iberoid.com\/pt\/shop\/"},{"@type":"ListItem","position":3,"name":"PARABOLAN 100 MG"}]},{"@type":"WebSite","@id":"https:\/\/iberoid-shop.com\/#website","url":"https:\/\/iberoid-shop.com\/","name":"Ester\u00f3ides Online","description":"Compre ester\u00f3ides online hoje em Espanha e Portugal. Temos o melhor servi\u00e7o ao cliente do setor e produtos da mais alta qualidade","potentialAction":[{"@type":"SearchAction","target":{"@type":"EntryPoint","urlTemplate":"https:\/\/iberoid-shop.com\/?s={search_term_string}"},"query-input":{"@type":"PropertyValueSpecification","valueRequired":true,"valueName":"search_term_string"}}],"inLanguage":"pt-PT"}]},"product_brand":"Euro Prime Pharmaceuticals (EPF)","product_price_amount":"55.00","product_price_currency":"EUR","og_availability":"instock","product_availability":"instock","product_condition":"new"},"_links":{"self":[{"href":"https:\/\/iberoid.com\/pt\/wp-json\/wp\/v2\/product\/7477","targetHints":{"allow":["GET"]}}],"collection":[{"href":"https:\/\/iberoid.com\/pt\/wp-json\/wp\/v2\/product"}],"about":[{"href":"https:\/\/iberoid.com\/pt\/wp-json\/wp\/v2\/types\/product"}],"replies":[{"embeddable":true,"href":"https:\/\/iberoid.com\/pt\/wp-json\/wp\/v2\/comments?post=7477"}],"wp:featuredmedia":[{"embeddable":true,"href":"https:\/\/iberoid.com\/pt\/wp-json\/wp\/v2\/media\/7478"}],"wp:attachment":[{"href":"https:\/\/iberoid.com\/pt\/wp-json\/wp\/v2\/media?parent=7477"}],"wp:term":[{"taxonomy":"product_brand","embeddable":true,"href":"https:\/\/iberoid.com\/pt\/wp-json\/wp\/v2\/product_brand?post=7477"},{"taxonomy":"product_cat","embeddable":true,"href":"https:\/\/iberoid.com\/pt\/wp-json\/wp\/v2\/product_cat?post=7477"},{"taxonomy":"product_tag","embeddable":true,"href":"https:\/\/iberoid.com\/pt\/wp-json\/wp\/v2\/product_tag?post=7477"}],"curies":[{"name":"wp","href":"https:\/\/api.w.org\/{rel}","templated":true}]}}