{"id":7522,"date":"2022-04-02T14:19:56","date_gmt":"2022-04-02T14:19:56","guid":{"rendered":"https:\/\/iberoid.com\/?post_type=product&#038;p=7522"},"modified":"2023-12-06T15:25:39","modified_gmt":"2023-12-06T15:25:39","slug":"boldenon-generics-pharma","status":"publish","type":"product","link":"https:\/\/iberoid.com\/pt\/product\/boldenon-generics-pharma\/","title":{"rendered":"BOLDENONE 200"},"content":{"rendered":"<p>Boldenone Undecylenate\u00a0de nossa loja tem 200mg por ml do agente. A ampola cont\u00e9m 10ml de Boldenona. \u00c9 um ester\u00f3ide muito delicado e tamb\u00e9m liberado por um longo tempo. O efeito pode ser visto cerca de 3 semanas ap\u00f3s a primeira inje\u00e7\u00e3o.<\/p>\n<p>A\u00e7\u00e3o de Boldenona Undecilenato:<\/p>\n<p>Boldenona Undecilenato\u00a0aumenta o n\u00edvel geral do metabolismo corporal e aumenta significativamente o apetite. Afeta significativamente a efici\u00eancia do corpo. Melhora a vasculariza\u00e7\u00e3o. Ao usar o \u00e9ster apropriado, o agente libera por um longo tempo, ent\u00e3o os resultados podem ser vistos bem tarde, mas eles s\u00e3o muito bons em ciclos de massa.<br \/>\nBoldenona\u00a0tem uma meia-vida muito longa, ent\u00e3o voc\u00ea precisa us\u00e1-la por no m\u00ednimo 12 semanas para sentir o efeito do agente. O agente \u00e9 \u00f3timo para massa, mas tamb\u00e9m pode ser usado para redu\u00e7\u00e3o. \u00c9 \u00f3timo porque ganhamos massa muscular seca.<\/p>\n<p>No ciclo de redu\u00e7\u00e3o n\u00e3o \u00e9 uma boa ideia usar\u00a0Boldenone\u00a0porque pode aumentar nosso apetite e nos impedir de reduzi-lo adequadamente. Este agente aromatiza fracamente, pelo contr\u00e1rio, pode reduzir a quantidade de estrog\u00eanio no sangue, por isso \u00e9 recomend\u00e1vel testar esse horm\u00f4nio no meio para n\u00e3o t\u00ea-lo muito baixo e sentir efeitos colaterais. Ao usar qualquer meio, recomendamos o uso do\u00a0HCG\u00a0para facilitar o desbloqueio do corpo.<\/p>\n<p>Efeitos colaterais do Boldenona Undecilenato:<\/p>\n<p>Boldenone Undecylenate\u00a0n\u00e3o causa efeitos colaterais significativos e \u00e9 \u00f3timo para construir massa corporal magra. Pode causar uma diminui\u00e7\u00e3o do estrog\u00eanio, por isso recomendamos testes hormonais ao usar este rem\u00e9dio. Outros efeitos colaterais que a boldenona podem causar incluem acne, aumento da press\u00e3o arterial, perda de cabelo e aumento do hem\u00f3crito.<\/p>\n<p>Dosagem de Boldenon:<\/p>\n<p>Mulheres: 50-100mg uma vez por semana<br \/>\nHomens: 200-600mg uma vez por semana<\/p>","protected":false},"excerpt":{"rendered":"<p>Boldenone Undecylenate\u00a0de nossa loja tem 200mg por ml do agente. A ampola cont\u00e9m 10ml de Boldenona. \u00c9 um ester\u00f3ide muito<\/p>\n","protected":false},"featured_media":7523,"comment_status":"open","ping_status":"closed","template":"","meta":[],"product_brand":[],"product_cat":[69],"product_tag":[],"class_list":{"0":"post-7522","1":"product","2":"type-product","3":"status-publish","4":"has-post-thumbnail","6":"product_cat-esteroides_inyectables","8":"first","9":"outofstock","10":"shipping-taxable","11":"purchasable","12":"product-type-simple"},"yoast_head":"<!-- This site is optimized with the Yoast SEO Premium plugin v24.4 (Yoast SEO v27.0) - https:\/\/yoast.com\/product\/yoast-seo-premium-wordpress\/ -->\n<title>BOLDENONE 200 - Ester\u00f3ides Online<\/title>\n<meta name=\"robots\" content=\"index, follow, max-snippet:-1, max-image-preview:large, max-video-preview:-1\" \/>\n<link rel=\"canonical\" href=\"https:\/\/iberoid.com\/pt\/product\/boldenon-generics-pharma\/\" \/>\n<meta property=\"og:locale\" content=\"pt_PT\" \/>\n<meta property=\"og:type\" content=\"article\" \/>\n<meta property=\"og:title\" content=\"BOLDENONE 200\" \/>\n<meta property=\"og:description\" content=\"Boldenone Undecylenate\u00a0de nossa loja tem 200mg por ml do agente. A ampola cont\u00e9m 10ml de Boldenona. \u00c9 um ester\u00f3ide muito\" \/>\n<meta property=\"og:url\" content=\"https:\/\/iberoid.com\/pt\/product\/boldenon-generics-pharma\/\" \/>\n<meta property=\"og:site_name\" content=\"Ester\u00f3ides Online\" \/>\n<meta property=\"article:modified_time\" content=\"2023-12-06T15:25:39+00:00\" \/>\n<meta property=\"og:image\" content=\"https:\/\/iberoid.com\/wp-content\/uploads\/2022\/04\/bolde.jpg?v=1694094347\" \/>\n\t<meta property=\"og:image:width\" content=\"355\" \/>\n\t<meta property=\"og:image:height\" content=\"333\" \/>\n\t<meta property=\"og:image:type\" content=\"image\/jpeg\" \/>\n<meta name=\"twitter:card\" content=\"summary_large_image\" \/>\n<meta name=\"twitter:label1\" content=\"pre\u00e7o\" \/>\n\t<meta name=\"twitter:data1\" content=\"&euro;50.00\" \/>\n\t<meta name=\"twitter:label2\" content=\"Disponibilidade\" \/>\n\t<meta name=\"twitter:data2\" content=\"Esgotado\" \/>\n<script type=\"application\/ld+json\" class=\"yoast-schema-graph\">{\"@context\":\"https:\/\/schema.org\",\"@graph\":[{\"@type\":\"WebPage\",\"@id\":\"https:\/\/iberoid.com\/pt\/product\/boldenon-generics-pharma\/\",\"url\":\"https:\/\/iberoid.com\/pt\/product\/boldenon-generics-pharma\/\",\"name\":\"BOLDENONE 200 - Ester\u00f3ides Online\",\"isPartOf\":{\"@id\":\"https:\/\/iberoid-shop.com\/#website\"},\"primaryImageOfPage\":{\"@id\":\"https:\/\/iberoid.com\/pt\/product\/boldenon-generics-pharma\/#primaryimage\"},\"image\":{\"@id\":\"https:\/\/iberoid.com\/pt\/product\/boldenon-generics-pharma\/#primaryimage\"},\"thumbnailUrl\":\"https:\/\/iberoid.com\/wp-content\/uploads\/2022\/04\/bolde.jpg?v=1694094347\",\"datePublished\":\"2022-04-02T14:19:56+00:00\",\"dateModified\":\"2023-12-06T15:25:39+00:00\",\"breadcrumb\":{\"@id\":\"https:\/\/iberoid.com\/pt\/product\/boldenon-generics-pharma\/#breadcrumb\"},\"inLanguage\":\"pt-PT\",\"potentialAction\":[{\"@type\":\"ReadAction\",\"target\":[[\"https:\/\/iberoid.com\/pt\/product\/boldenon-generics-pharma\/\"]]}]},{\"@type\":\"ImageObject\",\"inLanguage\":\"pt-PT\",\"@id\":\"https:\/\/iberoid.com\/pt\/product\/boldenon-generics-pharma\/#primaryimage\",\"url\":\"https:\/\/iberoid.com\/wp-content\/uploads\/2022\/04\/bolde.jpg?v=1694094347\",\"contentUrl\":\"https:\/\/iberoid.com\/wp-content\/uploads\/2022\/04\/bolde.jpg?v=1694094347\",\"width\":355,\"height\":333},{\"@type\":\"BreadcrumbList\",\"@id\":\"https:\/\/iberoid.com\/pt\/product\/boldenon-generics-pharma\/#breadcrumb\",\"itemListElement\":[{\"@type\":\"ListItem\",\"position\":1,\"name\":\"Portada\",\"item\":\"https:\/\/iberoid.com\/pt\/\"},{\"@type\":\"ListItem\",\"position\":2,\"name\":\"Loja\",\"item\":\"https:\/\/iberoid.com\/pt\/shop\/\"},{\"@type\":\"ListItem\",\"position\":3,\"name\":\"BOLDENONE 200\"}]},{\"@type\":\"WebSite\",\"@id\":\"https:\/\/iberoid-shop.com\/#website\",\"url\":\"https:\/\/iberoid-shop.com\/\",\"name\":\"Ester\u00f3ides Online\",\"description\":\"Compre ester\u00f3ides online hoje em Espanha e Portugal. Temos o melhor servi\u00e7o ao cliente do setor e produtos da mais alta qualidade\",\"potentialAction\":[{\"@type\":\"SearchAction\",\"target\":{\"@type\":\"EntryPoint\",\"urlTemplate\":\"https:\/\/iberoid-shop.com\/?s={search_term_string}\"},\"query-input\":{\"@type\":\"PropertyValueSpecification\",\"valueRequired\":true,\"valueName\":\"search_term_string\"}}],\"inLanguage\":\"pt-PT\"}]}<\/script>\n<meta property=\"product:brand\" content=\"Generics Pharma\" \/>\n<meta property=\"product:price:amount\" content=\"50.00\" \/>\n<meta property=\"product:price:currency\" content=\"EUR\" \/>\n<meta property=\"og:availability\" content=\"out of stock\" \/>\n<meta property=\"product:availability\" content=\"out of stock\" \/>\n<meta property=\"product:condition\" content=\"new\" \/>\n<!-- \/ Yoast SEO Premium plugin. -->","yoast_head_json":{"title":"BOLDENONE 200 - Ester\u00f3ides Online","robots":{"index":"index","follow":"follow","max-snippet":"max-snippet:-1","max-image-preview":"max-image-preview:large","max-video-preview":"max-video-preview:-1"},"canonical":"https:\/\/iberoid.com\/pt\/product\/boldenon-generics-pharma\/","og_locale":"pt_PT","og_type":"article","og_title":"BOLDENONE 200","og_description":"Boldenone Undecylenate\u00a0de nossa loja tem 200mg por ml do agente. A ampola cont\u00e9m 10ml de Boldenona. \u00c9 um ester\u00f3ide muito","og_url":"https:\/\/iberoid.com\/pt\/product\/boldenon-generics-pharma\/","og_site_name":"Ester\u00f3ides Online","article_modified_time":"2023-12-06T15:25:39+00:00","og_image":[{"width":355,"height":333,"url":"https:\/\/iberoid.com\/wp-content\/uploads\/2022\/04\/bolde.jpg?v=1694094347","type":"image\/jpeg"}],"twitter_card":"summary_large_image","twitter_misc":{"pre\u00e7o":"&euro;50.00","Disponibilidade":"Esgotado"},"schema":{"@context":"https:\/\/schema.org","@graph":[{"@type":"WebPage","@id":"https:\/\/iberoid.com\/pt\/product\/boldenon-generics-pharma\/","url":"https:\/\/iberoid.com\/pt\/product\/boldenon-generics-pharma\/","name":"BOLDENONE 200 - Ester\u00f3ides Online","isPartOf":{"@id":"https:\/\/iberoid-shop.com\/#website"},"primaryImageOfPage":{"@id":"https:\/\/iberoid.com\/pt\/product\/boldenon-generics-pharma\/#primaryimage"},"image":{"@id":"https:\/\/iberoid.com\/pt\/product\/boldenon-generics-pharma\/#primaryimage"},"thumbnailUrl":"https:\/\/iberoid.com\/wp-content\/uploads\/2022\/04\/bolde.jpg?v=1694094347","datePublished":"2022-04-02T14:19:56+00:00","dateModified":"2023-12-06T15:25:39+00:00","breadcrumb":{"@id":"https:\/\/iberoid.com\/pt\/product\/boldenon-generics-pharma\/#breadcrumb"},"inLanguage":"pt-PT","potentialAction":[{"@type":"ReadAction","target":[["https:\/\/iberoid.com\/pt\/product\/boldenon-generics-pharma\/"]]}]},{"@type":"ImageObject","inLanguage":"pt-PT","@id":"https:\/\/iberoid.com\/pt\/product\/boldenon-generics-pharma\/#primaryimage","url":"https:\/\/iberoid.com\/wp-content\/uploads\/2022\/04\/bolde.jpg?v=1694094347","contentUrl":"https:\/\/iberoid.com\/wp-content\/uploads\/2022\/04\/bolde.jpg?v=1694094347","width":355,"height":333},{"@type":"BreadcrumbList","@id":"https:\/\/iberoid.com\/pt\/product\/boldenon-generics-pharma\/#breadcrumb","itemListElement":[{"@type":"ListItem","position":1,"name":"Portada","item":"https:\/\/iberoid.com\/pt\/"},{"@type":"ListItem","position":2,"name":"Loja","item":"https:\/\/iberoid.com\/pt\/shop\/"},{"@type":"ListItem","position":3,"name":"BOLDENONE 200"}]},{"@type":"WebSite","@id":"https:\/\/iberoid-shop.com\/#website","url":"https:\/\/iberoid-shop.com\/","name":"Ester\u00f3ides Online","description":"Compre ester\u00f3ides online hoje em Espanha e Portugal. Temos o melhor servi\u00e7o ao cliente do setor e produtos da mais alta qualidade","potentialAction":[{"@type":"SearchAction","target":{"@type":"EntryPoint","urlTemplate":"https:\/\/iberoid-shop.com\/?s={search_term_string}"},"query-input":{"@type":"PropertyValueSpecification","valueRequired":true,"valueName":"search_term_string"}}],"inLanguage":"pt-PT"}]},"product_brand":"Generics Pharma","product_price_amount":"50.00","product_price_currency":"EUR","og_availability":"out of stock","product_availability":"out of stock","product_condition":"new"},"_links":{"self":[{"href":"https:\/\/iberoid.com\/pt\/wp-json\/wp\/v2\/product\/7522","targetHints":{"allow":["GET"]}}],"collection":[{"href":"https:\/\/iberoid.com\/pt\/wp-json\/wp\/v2\/product"}],"about":[{"href":"https:\/\/iberoid.com\/pt\/wp-json\/wp\/v2\/types\/product"}],"replies":[{"embeddable":true,"href":"https:\/\/iberoid.com\/pt\/wp-json\/wp\/v2\/comments?post=7522"}],"wp:featuredmedia":[{"embeddable":true,"href":"https:\/\/iberoid.com\/pt\/wp-json\/wp\/v2\/media\/7523"}],"wp:attachment":[{"href":"https:\/\/iberoid.com\/pt\/wp-json\/wp\/v2\/media?parent=7522"}],"wp:term":[{"taxonomy":"product_brand","embeddable":true,"href":"https:\/\/iberoid.com\/pt\/wp-json\/wp\/v2\/product_brand?post=7522"},{"taxonomy":"product_cat","embeddable":true,"href":"https:\/\/iberoid.com\/pt\/wp-json\/wp\/v2\/product_cat?post=7522"},{"taxonomy":"product_tag","embeddable":true,"href":"https:\/\/iberoid.com\/pt\/wp-json\/wp\/v2\/product_tag?post=7522"}],"curies":[{"name":"wp","href":"https:\/\/api.w.org\/{rel}","templated":true}]}}