{"id":7524,"date":"2022-04-02T14:23:34","date_gmt":"2022-04-02T14:23:34","guid":{"rendered":"https:\/\/iberoid.com\/?post_type=product&#038;p=7524"},"modified":"2023-06-02T13:12:18","modified_gmt":"2023-06-02T13:12:18","slug":"deacnoate-generics-pharma","status":"publish","type":"product","link":"https:\/\/iberoid.com\/pt\/product\/deacnoate-generics-pharma\/","title":{"rendered":"DEACNOATE 200"},"content":{"rendered":"<p>Nandrolone Deca \u00e9 um ester\u00f3ide anabolizante favorito para fisiculturistas para o aumento muscular, intensidade \u00f3ssea, estimula\u00e7\u00e3o do apetite e produ\u00e7\u00e3o desenvolvida de gl\u00f3bulos vermelhos. Obt\u00e9m ganhos de for\u00e7a enquanto diminui a gordura corporal. Com Deca, as c\u00e9lulas musculares conservam mais nitrog\u00eanio do que revelam, desta forma \u00e9 alcan\u00e7ado um balan\u00e7o positivo de nitrog\u00eanio. Ou seja, um balan\u00e7o positivo de nitrog\u00eanio significa crescimento muscular. A c\u00e9lula muscular economiza mais prote\u00edna do que o normal.<\/p>\n<p>Devido \u00e0 baixa aromatiza\u00e7\u00e3o, Deca Durabolin \u00e9 preferido como um ester\u00f3ide confi\u00e1vel pelos usu\u00e1rios de ester\u00f3ides que s\u00e3o sens\u00edveis aos efeitos colaterais estrog\u00eanicos. Somente em altas dosagens a aromatiza\u00e7\u00e3o \u00e9 produzida. Deca Durabolin causa reten\u00e7\u00e3o de \u00e1gua, mas menos que a testosterona e tamb\u00e9m em altas dosagens surge uma apar\u00eancia suave e aquosa.<\/p>\n<p>Deca, como boldenon, d\u00e1 bons resultados quando usado tanto em ciclos de &#8220;volume&#8221; quanto de &#8220;corte&#8221;. A maioria dos fisiculturistas combina Deca com diferentes Testosteronas em seu ciclo de volume. E tamb\u00e9m a Deca est\u00e1 em sintonia com o Winstrol para alguns atletas. Este ester\u00f3ide \u00e9 pr\u00e1tico e pode ser empilhado com muitos outros ester\u00f3ides para o crescimento muscular. A combina\u00e7\u00e3o com Danabol e enantato de testosterona, Deca apresenta bons resultados para o desenvolvimento muscular de forma r\u00e1pida. Para obter bons resultados, os fisiculturistas costumam usar 15-40 mg de Dianabol por dia e 200-400 mg de Deca por semana. E tamb\u00e9m com 400 mg de Deca por semana e 500 mg de Sustanon por semana pode-se obter resultados mais r\u00e1pidos. Propomos um ciclo com Deca, Enantato de Testosterona e Dianabol para alcan\u00e7ar pot\u00eancia e massa muscular amplamente eficazes.<\/p>\n<p>Dosagem de Nandrolona Deca:<\/p>\n<p>200mg-600mg semanalmente<\/p>","protected":false},"excerpt":{"rendered":"<p>Nandrolone Deca \u00e9 um ester\u00f3ide anabolizante favorito para fisiculturistas para o aumento muscular, intensidade \u00f3ssea, estimula\u00e7\u00e3o do apetite e produ\u00e7\u00e3o<\/p>\n","protected":false},"featured_media":7525,"comment_status":"open","ping_status":"closed","template":"","meta":[],"product_brand":[],"product_cat":[69],"product_tag":[3483],"class_list":{"0":"post-7524","1":"product","2":"type-product","3":"status-publish","4":"has-post-thumbnail","6":"product_cat-esteroides_inyectables","7":"product_tag-nandrolon-decanoate-200","9":"first","10":"outofstock","11":"sale","12":"shipping-taxable","13":"purchasable","14":"product-type-simple"},"yoast_head":"<!-- This site is optimized with the Yoast SEO Premium plugin v24.4 (Yoast SEO v27.0) - https:\/\/yoast.com\/product\/yoast-seo-premium-wordpress\/ -->\n<title>DEACNOATE 200 - Ester\u00f3ides Online<\/title>\n<meta name=\"robots\" content=\"index, follow, max-snippet:-1, max-image-preview:large, max-video-preview:-1\" \/>\n<link rel=\"canonical\" href=\"https:\/\/iberoid.com\/pt\/product\/deacnoate-generics-pharma\/\" \/>\n<meta property=\"og:locale\" content=\"pt_PT\" \/>\n<meta property=\"og:type\" content=\"article\" \/>\n<meta property=\"og:title\" content=\"DEACNOATE 200\" \/>\n<meta property=\"og:description\" content=\"Nandrolone Deca \u00e9 um ester\u00f3ide anabolizante favorito para fisiculturistas para o aumento muscular, intensidade \u00f3ssea, estimula\u00e7\u00e3o do apetite e produ\u00e7\u00e3o\" \/>\n<meta property=\"og:url\" content=\"https:\/\/iberoid.com\/pt\/product\/deacnoate-generics-pharma\/\" \/>\n<meta property=\"og:site_name\" content=\"Ester\u00f3ides Online\" \/>\n<meta property=\"article:modified_time\" content=\"2023-06-02T13:12:18+00:00\" \/>\n<meta property=\"og:image\" content=\"https:\/\/iberoid.com\/wp-content\/uploads\/2022\/04\/decanoate.jpg?v=1678119898\" \/>\n\t<meta property=\"og:image:width\" content=\"277\" \/>\n\t<meta property=\"og:image:height\" content=\"315\" \/>\n\t<meta property=\"og:image:type\" content=\"image\/jpeg\" \/>\n<meta name=\"twitter:card\" content=\"summary_large_image\" \/>\n<meta name=\"twitter:label1\" content=\"pre\u00e7o\" \/>\n\t<meta name=\"twitter:data1\" content=\"&euro;35.00\" \/>\n\t<meta name=\"twitter:label2\" content=\"Disponibilidade\" \/>\n\t<meta name=\"twitter:data2\" content=\"Esgotado\" \/>\n<script type=\"application\/ld+json\" class=\"yoast-schema-graph\">{\"@context\":\"https:\/\/schema.org\",\"@graph\":[{\"@type\":\"WebPage\",\"@id\":\"https:\/\/iberoid.com\/pt\/product\/deacnoate-generics-pharma\/\",\"url\":\"https:\/\/iberoid.com\/pt\/product\/deacnoate-generics-pharma\/\",\"name\":\"DEACNOATE 200 - Ester\u00f3ides Online\",\"isPartOf\":{\"@id\":\"https:\/\/iberoid-shop.com\/#website\"},\"primaryImageOfPage\":{\"@id\":\"https:\/\/iberoid.com\/pt\/product\/deacnoate-generics-pharma\/#primaryimage\"},\"image\":{\"@id\":\"https:\/\/iberoid.com\/pt\/product\/deacnoate-generics-pharma\/#primaryimage\"},\"thumbnailUrl\":\"https:\/\/iberoid.com\/wp-content\/uploads\/2022\/04\/decanoate.jpg?v=1678119898\",\"datePublished\":\"2022-04-02T14:23:34+00:00\",\"dateModified\":\"2023-06-02T13:12:18+00:00\",\"breadcrumb\":{\"@id\":\"https:\/\/iberoid.com\/pt\/product\/deacnoate-generics-pharma\/#breadcrumb\"},\"inLanguage\":\"pt-PT\",\"potentialAction\":[{\"@type\":\"ReadAction\",\"target\":[[\"https:\/\/iberoid.com\/pt\/product\/deacnoate-generics-pharma\/\"]]}]},{\"@type\":\"ImageObject\",\"inLanguage\":\"pt-PT\",\"@id\":\"https:\/\/iberoid.com\/pt\/product\/deacnoate-generics-pharma\/#primaryimage\",\"url\":\"https:\/\/iberoid.com\/wp-content\/uploads\/2022\/04\/decanoate.jpg?v=1678119898\",\"contentUrl\":\"https:\/\/iberoid.com\/wp-content\/uploads\/2022\/04\/decanoate.jpg?v=1678119898\",\"width\":277,\"height\":315},{\"@type\":\"BreadcrumbList\",\"@id\":\"https:\/\/iberoid.com\/pt\/product\/deacnoate-generics-pharma\/#breadcrumb\",\"itemListElement\":[{\"@type\":\"ListItem\",\"position\":1,\"name\":\"Portada\",\"item\":\"https:\/\/iberoid.com\/pt\/\"},{\"@type\":\"ListItem\",\"position\":2,\"name\":\"Loja\",\"item\":\"https:\/\/iberoid.com\/pt\/shop\/\"},{\"@type\":\"ListItem\",\"position\":3,\"name\":\"DEACNOATE 200\"}]},{\"@type\":\"WebSite\",\"@id\":\"https:\/\/iberoid-shop.com\/#website\",\"url\":\"https:\/\/iberoid-shop.com\/\",\"name\":\"Ester\u00f3ides Online\",\"description\":\"Compre ester\u00f3ides online hoje em Espanha e Portugal. Temos o melhor servi\u00e7o ao cliente do setor e produtos da mais alta qualidade\",\"potentialAction\":[{\"@type\":\"SearchAction\",\"target\":{\"@type\":\"EntryPoint\",\"urlTemplate\":\"https:\/\/iberoid-shop.com\/?s={search_term_string}\"},\"query-input\":{\"@type\":\"PropertyValueSpecification\",\"valueRequired\":true,\"valueName\":\"search_term_string\"}}],\"inLanguage\":\"pt-PT\"}]}<\/script>\n<meta property=\"product:brand\" content=\"Generics Pharma\" \/>\n<meta property=\"product:price:amount\" content=\"35.00\" \/>\n<meta property=\"product:price:currency\" content=\"EUR\" \/>\n<meta property=\"og:availability\" content=\"out of stock\" \/>\n<meta property=\"product:availability\" content=\"out of stock\" \/>\n<meta property=\"product:condition\" content=\"new\" \/>\n<!-- \/ Yoast SEO Premium plugin. -->","yoast_head_json":{"title":"DEACNOATE 200 - Ester\u00f3ides Online","robots":{"index":"index","follow":"follow","max-snippet":"max-snippet:-1","max-image-preview":"max-image-preview:large","max-video-preview":"max-video-preview:-1"},"canonical":"https:\/\/iberoid.com\/pt\/product\/deacnoate-generics-pharma\/","og_locale":"pt_PT","og_type":"article","og_title":"DEACNOATE 200","og_description":"Nandrolone Deca \u00e9 um ester\u00f3ide anabolizante favorito para fisiculturistas para o aumento muscular, intensidade \u00f3ssea, estimula\u00e7\u00e3o do apetite e produ\u00e7\u00e3o","og_url":"https:\/\/iberoid.com\/pt\/product\/deacnoate-generics-pharma\/","og_site_name":"Ester\u00f3ides Online","article_modified_time":"2023-06-02T13:12:18+00:00","og_image":[{"width":277,"height":315,"url":"https:\/\/iberoid.com\/wp-content\/uploads\/2022\/04\/decanoate.jpg?v=1678119898","type":"image\/jpeg"}],"twitter_card":"summary_large_image","twitter_misc":{"pre\u00e7o":"&euro;35.00","Disponibilidade":"Esgotado"},"schema":{"@context":"https:\/\/schema.org","@graph":[{"@type":"WebPage","@id":"https:\/\/iberoid.com\/pt\/product\/deacnoate-generics-pharma\/","url":"https:\/\/iberoid.com\/pt\/product\/deacnoate-generics-pharma\/","name":"DEACNOATE 200 - Ester\u00f3ides Online","isPartOf":{"@id":"https:\/\/iberoid-shop.com\/#website"},"primaryImageOfPage":{"@id":"https:\/\/iberoid.com\/pt\/product\/deacnoate-generics-pharma\/#primaryimage"},"image":{"@id":"https:\/\/iberoid.com\/pt\/product\/deacnoate-generics-pharma\/#primaryimage"},"thumbnailUrl":"https:\/\/iberoid.com\/wp-content\/uploads\/2022\/04\/decanoate.jpg?v=1678119898","datePublished":"2022-04-02T14:23:34+00:00","dateModified":"2023-06-02T13:12:18+00:00","breadcrumb":{"@id":"https:\/\/iberoid.com\/pt\/product\/deacnoate-generics-pharma\/#breadcrumb"},"inLanguage":"pt-PT","potentialAction":[{"@type":"ReadAction","target":[["https:\/\/iberoid.com\/pt\/product\/deacnoate-generics-pharma\/"]]}]},{"@type":"ImageObject","inLanguage":"pt-PT","@id":"https:\/\/iberoid.com\/pt\/product\/deacnoate-generics-pharma\/#primaryimage","url":"https:\/\/iberoid.com\/wp-content\/uploads\/2022\/04\/decanoate.jpg?v=1678119898","contentUrl":"https:\/\/iberoid.com\/wp-content\/uploads\/2022\/04\/decanoate.jpg?v=1678119898","width":277,"height":315},{"@type":"BreadcrumbList","@id":"https:\/\/iberoid.com\/pt\/product\/deacnoate-generics-pharma\/#breadcrumb","itemListElement":[{"@type":"ListItem","position":1,"name":"Portada","item":"https:\/\/iberoid.com\/pt\/"},{"@type":"ListItem","position":2,"name":"Loja","item":"https:\/\/iberoid.com\/pt\/shop\/"},{"@type":"ListItem","position":3,"name":"DEACNOATE 200"}]},{"@type":"WebSite","@id":"https:\/\/iberoid-shop.com\/#website","url":"https:\/\/iberoid-shop.com\/","name":"Ester\u00f3ides Online","description":"Compre ester\u00f3ides online hoje em Espanha e Portugal. Temos o melhor servi\u00e7o ao cliente do setor e produtos da mais alta qualidade","potentialAction":[{"@type":"SearchAction","target":{"@type":"EntryPoint","urlTemplate":"https:\/\/iberoid-shop.com\/?s={search_term_string}"},"query-input":{"@type":"PropertyValueSpecification","valueRequired":true,"valueName":"search_term_string"}}],"inLanguage":"pt-PT"}]},"product_brand":"Generics Pharma","product_price_amount":"35.00","product_price_currency":"EUR","og_availability":"out of stock","product_availability":"out of stock","product_condition":"new"},"_links":{"self":[{"href":"https:\/\/iberoid.com\/pt\/wp-json\/wp\/v2\/product\/7524","targetHints":{"allow":["GET"]}}],"collection":[{"href":"https:\/\/iberoid.com\/pt\/wp-json\/wp\/v2\/product"}],"about":[{"href":"https:\/\/iberoid.com\/pt\/wp-json\/wp\/v2\/types\/product"}],"replies":[{"embeddable":true,"href":"https:\/\/iberoid.com\/pt\/wp-json\/wp\/v2\/comments?post=7524"}],"wp:featuredmedia":[{"embeddable":true,"href":"https:\/\/iberoid.com\/pt\/wp-json\/wp\/v2\/media\/7525"}],"wp:attachment":[{"href":"https:\/\/iberoid.com\/pt\/wp-json\/wp\/v2\/media?parent=7524"}],"wp:term":[{"taxonomy":"product_brand","embeddable":true,"href":"https:\/\/iberoid.com\/pt\/wp-json\/wp\/v2\/product_brand?post=7524"},{"taxonomy":"product_cat","embeddable":true,"href":"https:\/\/iberoid.com\/pt\/wp-json\/wp\/v2\/product_cat?post=7524"},{"taxonomy":"product_tag","embeddable":true,"href":"https:\/\/iberoid.com\/pt\/wp-json\/wp\/v2\/product_tag?post=7524"}],"curies":[{"name":"wp","href":"https:\/\/api.w.org\/{rel}","templated":true}]}}