{"id":7527,"date":"2022-04-02T14:29:15","date_gmt":"2022-04-02T14:29:15","guid":{"rendered":"https:\/\/iberoid.com\/?post_type=product&#038;p=7527"},"modified":"2024-02-11T18:36:20","modified_gmt":"2024-02-11T18:36:20","slug":"sustanon-generics-pharm","status":"publish","type":"product","link":"https:\/\/iberoid.com\/pt\/product\/sustanon-generics-pharm\/","title":{"rendered":"SUSTENON \/SUSTANON\/TESTOSTERON MIX"},"content":{"rendered":"<p>Sustanon 250 \u00e9 uma mistura de diferentes \u00e9steres de testosterona. O produto inclui 4 formas de testosterona:<\/p>\n<p>30mg &#8211;\u00a0Propionato de Testosterona<br \/>\n60mg \u2013 Fenilpropionato de testosterona<br \/>\n60mg \u2013 Isocaproato de testosterona<br \/>\n100mg \u2013 Decanoato de testosterona<br \/>\n\u00d3leo (mais frequentemente amendoim) como solvente<br \/>\n\u00c1lcool benz\u00edlico como conservante e antiss\u00e9ptico<\/p>\n<p>Cada forma de testosterona inclu\u00edda no sustanon 250 \u00e0 venda tem uma taxa de absor\u00e7\u00e3o diferente, o que permite manter um n\u00edvel constantemente alto de horm\u00f4nios anab\u00f3licos no sangue por um m\u00eas. N\u00e3o h\u00e1 necessidade de inje\u00e7\u00f5es frequentes, o produto \u00e9 colocado apenas uma vez a cada tr\u00eas semanas (para fins m\u00e9dicos). Alguns acreditam que o Sustanon 250 \u00e9 um ciclo combinado em um frasco, mas esse n\u00e3o \u00e9 o caso, porque cada componente do medicamento \u00e9 convertido no corpo apenas em testosterona.<\/p>\n<p>Efeitos do Sustanon 250<\/p>\n<p>Sustanon 250 atua exatamente como qualquer outra forma de testosterona. Isso significa que os principais efeitos do Sustanon 250 s\u00e3o:<\/p>\n<p>Aumento da massa muscular (m\u00e9dia de 6 kg por m\u00eas)<br \/>\nA\u00e7\u00e3o anti-catab\u00f3lica<br \/>\nAumento do apetite<br \/>\nAumento da hematopoiese \u2013 aumentar o n\u00famero de gl\u00f3bulos vermelhos no sangue proporciona um melhor transporte de oxig\u00eanio, aumentando assim a resist\u00eancia.<br \/>\nAumento da libido (durante a ingest\u00e3o de Sustanon 250)<br \/>\nO tempo de detec\u00e7\u00e3o da droga \u00e9 de at\u00e9 3 meses.<br \/>\nCiclo Sustanon 250<\/p>\n<p>Sustanon 250 \u00e9 recomendado apenas para homens para ganho de massa muscular, sem contraindica\u00e7\u00f5es ao uso de esteroides anabolizantes.<\/p>\n<p>O ciclo de Sustanon dura at\u00e9 10 semanas. Quando \u00e9 necess\u00e1ria uma dura\u00e7\u00e3o mais longa, a introdu\u00e7\u00e3o de gonadotrofina.<\/p>\n<p>As inje\u00e7\u00f5es da droga s\u00e3o realizadas uma vez por semana na dose de 250-500 mg por via intramuscular (\u00e9 desej\u00e1vel introduzir Sustanon 250 nos m\u00fasculos gl\u00fateos).<\/p>\n<p>A partir da segunda semana do ciclo, comece a tomar inibidores de aromatase sob o controle de testes de estrog\u00eanio (geralmente use\u00a0anastrozol\u00a0de 0,5 mg em dias alternados). Interrompa ia 1-2 semanas ap\u00f3s a \u00faltima inje\u00e7\u00e3o.<\/p>\n<p>Ap\u00f3s 3 semanas ap\u00f3s a \u00faltima inje\u00e7\u00e3o, a\u00a0Terapia P\u00f3s-Ciclo\u00a0come\u00e7a, os refor\u00e7os de testosterona s\u00e3o tomados por 3-4 semanas para restaurar a produ\u00e7\u00e3o de sua pr\u00f3pria testosterona.<\/p>\n<p>Para m\u00e1xima efici\u00eancia do ciclo, tome um complexo de nutri\u00e7\u00e3o esportiva para ganhar massa muscular e siga uma dieta para ganhar massa muscular.<\/p>","protected":false},"excerpt":{"rendered":"<p>Sustanon 250 \u00e9 uma mistura de diferentes \u00e9steres de testosterona. O produto inclui 4 formas de testosterona: 30mg &#8211;\u00a0Propionato de<\/p>\n","protected":false},"featured_media":7528,"comment_status":"open","ping_status":"closed","template":"","meta":[],"product_brand":[],"product_cat":[69],"product_tag":[3481],"class_list":{"0":"post-7527","1":"product","2":"type-product","3":"status-publish","4":"has-post-thumbnail","6":"product_cat-esteroides_inyectables","7":"product_tag-sustanon","9":"first","10":"outofstock","11":"shipping-taxable","12":"purchasable","13":"product-type-simple"},"yoast_head":"<!-- This site is optimized with the Yoast SEO Premium plugin v24.4 (Yoast SEO v27.0) - https:\/\/yoast.com\/product\/yoast-seo-premium-wordpress\/ -->\n<title>SUSTENON \/SUSTANON\/TESTOSTERON MIX - Ester\u00f3ides Online<\/title>\n<meta name=\"robots\" content=\"index, follow, max-snippet:-1, max-image-preview:large, max-video-preview:-1\" \/>\n<link rel=\"canonical\" href=\"https:\/\/iberoid.com\/pt\/product\/sustanon-generics-pharm\/\" \/>\n<meta property=\"og:locale\" content=\"pt_PT\" \/>\n<meta property=\"og:type\" content=\"article\" \/>\n<meta property=\"og:title\" content=\"SUSTENON \/SUSTANON\/TESTOSTERON MIX\" \/>\n<meta property=\"og:description\" content=\"Sustanon 250 \u00e9 uma mistura de diferentes \u00e9steres de testosterona. O produto inclui 4 formas de testosterona: 30mg &#8211;\u00a0Propionato de\" \/>\n<meta property=\"og:url\" content=\"https:\/\/iberoid.com\/pt\/product\/sustanon-generics-pharm\/\" \/>\n<meta property=\"og:site_name\" content=\"Ester\u00f3ides Online\" \/>\n<meta property=\"article:modified_time\" content=\"2024-02-11T18:36:20+00:00\" \/>\n<meta property=\"og:image\" content=\"https:\/\/iberoid.com\/wp-content\/uploads\/2022\/04\/susta.jpg?v=1690929355\" \/>\n\t<meta property=\"og:image:width\" content=\"600\" \/>\n\t<meta property=\"og:image:height\" content=\"455\" \/>\n\t<meta property=\"og:image:type\" content=\"image\/jpeg\" \/>\n<meta name=\"twitter:card\" content=\"summary_large_image\" \/>\n<meta name=\"twitter:label1\" content=\"pre\u00e7o\" \/>\n\t<meta name=\"twitter:data1\" content=\"&euro;40.00\" \/>\n\t<meta name=\"twitter:label2\" content=\"Disponibilidade\" \/>\n\t<meta name=\"twitter:data2\" content=\"Esgotado\" \/>\n<script type=\"application\/ld+json\" class=\"yoast-schema-graph\">{\"@context\":\"https:\/\/schema.org\",\"@graph\":[{\"@type\":\"WebPage\",\"@id\":\"https:\/\/iberoid.com\/pt\/product\/sustanon-generics-pharm\/\",\"url\":\"https:\/\/iberoid.com\/pt\/product\/sustanon-generics-pharm\/\",\"name\":\"SUSTENON \/SUSTANON\/TESTOSTERON MIX - Ester\u00f3ides Online\",\"isPartOf\":{\"@id\":\"https:\/\/iberoid-shop.com\/#website\"},\"primaryImageOfPage\":{\"@id\":\"https:\/\/iberoid.com\/pt\/product\/sustanon-generics-pharm\/#primaryimage\"},\"image\":{\"@id\":\"https:\/\/iberoid.com\/pt\/product\/sustanon-generics-pharm\/#primaryimage\"},\"thumbnailUrl\":\"https:\/\/iberoid.com\/wp-content\/uploads\/2022\/04\/susta.jpg?v=1690929355\",\"datePublished\":\"2022-04-02T14:29:15+00:00\",\"dateModified\":\"2024-02-11T18:36:20+00:00\",\"breadcrumb\":{\"@id\":\"https:\/\/iberoid.com\/pt\/product\/sustanon-generics-pharm\/#breadcrumb\"},\"inLanguage\":\"pt-PT\",\"potentialAction\":[{\"@type\":\"ReadAction\",\"target\":[[\"https:\/\/iberoid.com\/pt\/product\/sustanon-generics-pharm\/\"]]}]},{\"@type\":\"ImageObject\",\"inLanguage\":\"pt-PT\",\"@id\":\"https:\/\/iberoid.com\/pt\/product\/sustanon-generics-pharm\/#primaryimage\",\"url\":\"https:\/\/iberoid.com\/wp-content\/uploads\/2022\/04\/susta.jpg?v=1690929355\",\"contentUrl\":\"https:\/\/iberoid.com\/wp-content\/uploads\/2022\/04\/susta.jpg?v=1690929355\",\"width\":600,\"height\":455},{\"@type\":\"BreadcrumbList\",\"@id\":\"https:\/\/iberoid.com\/pt\/product\/sustanon-generics-pharm\/#breadcrumb\",\"itemListElement\":[{\"@type\":\"ListItem\",\"position\":1,\"name\":\"Portada\",\"item\":\"https:\/\/iberoid.com\/pt\/\"},{\"@type\":\"ListItem\",\"position\":2,\"name\":\"Loja\",\"item\":\"https:\/\/iberoid.com\/pt\/shop\/\"},{\"@type\":\"ListItem\",\"position\":3,\"name\":\"SUSTENON \/SUSTANON\/TESTOSTERON MIX\"}]},{\"@type\":\"WebSite\",\"@id\":\"https:\/\/iberoid-shop.com\/#website\",\"url\":\"https:\/\/iberoid-shop.com\/\",\"name\":\"Ester\u00f3ides Online\",\"description\":\"Compre ester\u00f3ides online hoje em Espanha e Portugal. Temos o melhor servi\u00e7o ao cliente do setor e produtos da mais alta qualidade\",\"potentialAction\":[{\"@type\":\"SearchAction\",\"target\":{\"@type\":\"EntryPoint\",\"urlTemplate\":\"https:\/\/iberoid-shop.com\/?s={search_term_string}\"},\"query-input\":{\"@type\":\"PropertyValueSpecification\",\"valueRequired\":true,\"valueName\":\"search_term_string\"}}],\"inLanguage\":\"pt-PT\"}]}<\/script>\n<meta property=\"product:brand\" content=\"Generics Pharma\" \/>\n<meta property=\"product:price:amount\" content=\"40.00\" \/>\n<meta property=\"product:price:currency\" content=\"EUR\" \/>\n<meta property=\"og:availability\" content=\"out of stock\" \/>\n<meta property=\"product:availability\" content=\"out of stock\" \/>\n<meta property=\"product:condition\" content=\"new\" \/>\n<!-- \/ Yoast SEO Premium plugin. -->","yoast_head_json":{"title":"SUSTENON \/SUSTANON\/TESTOSTERON MIX - Ester\u00f3ides Online","robots":{"index":"index","follow":"follow","max-snippet":"max-snippet:-1","max-image-preview":"max-image-preview:large","max-video-preview":"max-video-preview:-1"},"canonical":"https:\/\/iberoid.com\/pt\/product\/sustanon-generics-pharm\/","og_locale":"pt_PT","og_type":"article","og_title":"SUSTENON \/SUSTANON\/TESTOSTERON MIX","og_description":"Sustanon 250 \u00e9 uma mistura de diferentes \u00e9steres de testosterona. O produto inclui 4 formas de testosterona: 30mg &#8211;\u00a0Propionato de","og_url":"https:\/\/iberoid.com\/pt\/product\/sustanon-generics-pharm\/","og_site_name":"Ester\u00f3ides Online","article_modified_time":"2024-02-11T18:36:20+00:00","og_image":[{"width":600,"height":455,"url":"https:\/\/iberoid.com\/wp-content\/uploads\/2022\/04\/susta.jpg?v=1690929355","type":"image\/jpeg"}],"twitter_card":"summary_large_image","twitter_misc":{"pre\u00e7o":"&euro;40.00","Disponibilidade":"Esgotado"},"schema":{"@context":"https:\/\/schema.org","@graph":[{"@type":"WebPage","@id":"https:\/\/iberoid.com\/pt\/product\/sustanon-generics-pharm\/","url":"https:\/\/iberoid.com\/pt\/product\/sustanon-generics-pharm\/","name":"SUSTENON \/SUSTANON\/TESTOSTERON MIX - Ester\u00f3ides Online","isPartOf":{"@id":"https:\/\/iberoid-shop.com\/#website"},"primaryImageOfPage":{"@id":"https:\/\/iberoid.com\/pt\/product\/sustanon-generics-pharm\/#primaryimage"},"image":{"@id":"https:\/\/iberoid.com\/pt\/product\/sustanon-generics-pharm\/#primaryimage"},"thumbnailUrl":"https:\/\/iberoid.com\/wp-content\/uploads\/2022\/04\/susta.jpg?v=1690929355","datePublished":"2022-04-02T14:29:15+00:00","dateModified":"2024-02-11T18:36:20+00:00","breadcrumb":{"@id":"https:\/\/iberoid.com\/pt\/product\/sustanon-generics-pharm\/#breadcrumb"},"inLanguage":"pt-PT","potentialAction":[{"@type":"ReadAction","target":[["https:\/\/iberoid.com\/pt\/product\/sustanon-generics-pharm\/"]]}]},{"@type":"ImageObject","inLanguage":"pt-PT","@id":"https:\/\/iberoid.com\/pt\/product\/sustanon-generics-pharm\/#primaryimage","url":"https:\/\/iberoid.com\/wp-content\/uploads\/2022\/04\/susta.jpg?v=1690929355","contentUrl":"https:\/\/iberoid.com\/wp-content\/uploads\/2022\/04\/susta.jpg?v=1690929355","width":600,"height":455},{"@type":"BreadcrumbList","@id":"https:\/\/iberoid.com\/pt\/product\/sustanon-generics-pharm\/#breadcrumb","itemListElement":[{"@type":"ListItem","position":1,"name":"Portada","item":"https:\/\/iberoid.com\/pt\/"},{"@type":"ListItem","position":2,"name":"Loja","item":"https:\/\/iberoid.com\/pt\/shop\/"},{"@type":"ListItem","position":3,"name":"SUSTENON \/SUSTANON\/TESTOSTERON MIX"}]},{"@type":"WebSite","@id":"https:\/\/iberoid-shop.com\/#website","url":"https:\/\/iberoid-shop.com\/","name":"Ester\u00f3ides Online","description":"Compre ester\u00f3ides online hoje em Espanha e Portugal. Temos o melhor servi\u00e7o ao cliente do setor e produtos da mais alta qualidade","potentialAction":[{"@type":"SearchAction","target":{"@type":"EntryPoint","urlTemplate":"https:\/\/iberoid-shop.com\/?s={search_term_string}"},"query-input":{"@type":"PropertyValueSpecification","valueRequired":true,"valueName":"search_term_string"}}],"inLanguage":"pt-PT"}]},"product_brand":"Generics Pharma","product_price_amount":"40.00","product_price_currency":"EUR","og_availability":"out of stock","product_availability":"out of stock","product_condition":"new"},"_links":{"self":[{"href":"https:\/\/iberoid.com\/pt\/wp-json\/wp\/v2\/product\/7527","targetHints":{"allow":["GET"]}}],"collection":[{"href":"https:\/\/iberoid.com\/pt\/wp-json\/wp\/v2\/product"}],"about":[{"href":"https:\/\/iberoid.com\/pt\/wp-json\/wp\/v2\/types\/product"}],"replies":[{"embeddable":true,"href":"https:\/\/iberoid.com\/pt\/wp-json\/wp\/v2\/comments?post=7527"}],"wp:featuredmedia":[{"embeddable":true,"href":"https:\/\/iberoid.com\/pt\/wp-json\/wp\/v2\/media\/7528"}],"wp:attachment":[{"href":"https:\/\/iberoid.com\/pt\/wp-json\/wp\/v2\/media?parent=7527"}],"wp:term":[{"taxonomy":"product_brand","embeddable":true,"href":"https:\/\/iberoid.com\/pt\/wp-json\/wp\/v2\/product_brand?post=7527"},{"taxonomy":"product_cat","embeddable":true,"href":"https:\/\/iberoid.com\/pt\/wp-json\/wp\/v2\/product_cat?post=7527"},{"taxonomy":"product_tag","embeddable":true,"href":"https:\/\/iberoid.com\/pt\/wp-json\/wp\/v2\/product_tag?post=7527"}],"curies":[{"name":"wp","href":"https:\/\/api.w.org\/{rel}","templated":true}]}}