{"id":7671,"date":"2022-05-18T11:34:57","date_gmt":"2022-05-18T11:34:57","guid":{"rendered":"https:\/\/iberoid.com\/?post_type=product&#038;p=7671"},"modified":"2026-02-18T17:20:22","modified_gmt":"2026-02-18T17:20:22","slug":"7671","status":"publish","type":"product","link":"https:\/\/iberoid.com\/pt\/product\/7671\/","title":{"rendered":"PACK3 TESTOGED E PREMIUM\/testosteron enanthate\/EPF"},"content":{"rendered":"<p>O enantato de testosterona \u00e9 uma forma injet\u00e1vel de a\u00e7\u00e3o lenta da testosterona androg\u00eanica. Ap\u00f3s inje\u00e7\u00e3o intramuscular profunda, a droga \u00e9 projetada para fornecer uma libera\u00e7\u00e3o sustentada de testosterona na corrente sangu\u00ednea por aproximadamente 2 a 3 semanas. Para manter os n\u00edveis fisiol\u00f3gicos normais de testosterona durante as terapias de reposi\u00e7\u00e3o androg\u00eanica, as inje\u00e7\u00f5es de enantato de testosterona geralmente s\u00e3o necess\u00e1rias pelo menos a cada duas semanas, embora m\u00e9dicos mais meticulosos administrem a droga semanalmente. Tal como acontece com todos os injet\u00e1veis de testosterona, o enantato de testosterona \u00e9 altamente preferido pelos atletas por sua capacidade de promover fortes aumentos na massa e for\u00e7a muscular.<\/p>","protected":false},"excerpt":{"rendered":"<p>O enantato de testosterona \u00e9 uma forma injet\u00e1vel de a\u00e7\u00e3o lenta da testosterona androg\u00eanica. Ap\u00f3s inje\u00e7\u00e3o intramuscular profunda, a droga<\/p>\n","protected":false},"featured_media":9264,"comment_status":"open","ping_status":"closed","template":"","meta":[],"product_brand":[],"product_cat":[3474],"product_tag":[],"class_list":{"0":"post-7671","1":"product","2":"type-product","3":"status-publish","4":"has-post-thumbnail","6":"product_cat-packs","8":"first","9":"instock","10":"sale","11":"shipping-taxable","12":"purchasable","13":"product-type-simple"},"yoast_head":"<!-- This site is optimized with the Yoast SEO Premium plugin v24.4 (Yoast SEO v27.0) - https:\/\/yoast.com\/product\/yoast-seo-premium-wordpress\/ -->\n<title>PACK3 TESTOGED E PREMIUM\/testosteron enanthate\/EPF - Ester\u00f3ides Online<\/title>\n<meta name=\"robots\" content=\"index, follow, max-snippet:-1, max-image-preview:large, max-video-preview:-1\" \/>\n<link rel=\"canonical\" href=\"https:\/\/iberoid.com\/pt\/product\/7671\/\" \/>\n<meta property=\"og:locale\" content=\"pt_PT\" \/>\n<meta property=\"og:type\" content=\"article\" \/>\n<meta property=\"og:title\" content=\"PACK3 TESTOGED E PREMIUM\/testosteron enanthate\/EPF\" \/>\n<meta property=\"og:description\" content=\"O enantato de testosterona \u00e9 uma forma injet\u00e1vel de a\u00e7\u00e3o lenta da testosterona androg\u00eanica. Ap\u00f3s inje\u00e7\u00e3o intramuscular profunda, a droga\" \/>\n<meta property=\"og:url\" content=\"https:\/\/iberoid.com\/pt\/product\/7671\/\" \/>\n<meta property=\"og:site_name\" content=\"Ester\u00f3ides Online\" \/>\n<meta property=\"article:modified_time\" content=\"2026-02-18T17:20:22+00:00\" \/>\n<meta property=\"og:image\" content=\"https:\/\/iberoid.com\/wp-content\/uploads\/2022\/05\/TE-2.jpg?v=1709930092\" \/>\n\t<meta property=\"og:image:width\" content=\"1080\" \/>\n\t<meta property=\"og:image:height\" content=\"1080\" \/>\n\t<meta property=\"og:image:type\" content=\"image\/jpeg\" \/>\n<meta name=\"twitter:card\" content=\"summary_large_image\" \/>\n<meta name=\"twitter:label1\" content=\"pre\u00e7o\" \/>\n\t<meta name=\"twitter:data1\" content=\"&euro;55.00\" \/>\n\t<meta name=\"twitter:label2\" content=\"Disponibilidade\" \/>\n\t<meta name=\"twitter:data2\" content=\"Em stock\" \/>\n<script type=\"application\/ld+json\" class=\"yoast-schema-graph\">{\"@context\":\"https:\/\/schema.org\",\"@graph\":[{\"@type\":\"WebPage\",\"@id\":\"https:\/\/iberoid.com\/pt\/product\/7671\/\",\"url\":\"https:\/\/iberoid.com\/pt\/product\/7671\/\",\"name\":\"PACK3 TESTOGED E PREMIUM\/testosteron enanthate\/EPF - Ester\u00f3ides Online\",\"isPartOf\":{\"@id\":\"https:\/\/iberoid-shop.com\/#website\"},\"primaryImageOfPage\":{\"@id\":\"https:\/\/iberoid.com\/pt\/product\/7671\/#primaryimage\"},\"image\":{\"@id\":\"https:\/\/iberoid.com\/pt\/product\/7671\/#primaryimage\"},\"thumbnailUrl\":\"https:\/\/iberoid.com\/wp-content\/uploads\/2022\/05\/TE-2.jpg?v=1709930092\",\"datePublished\":\"2022-05-18T11:34:57+00:00\",\"dateModified\":\"2026-02-18T17:20:22+00:00\",\"breadcrumb\":{\"@id\":\"https:\/\/iberoid.com\/pt\/product\/7671\/#breadcrumb\"},\"inLanguage\":\"pt-PT\",\"potentialAction\":[{\"@type\":\"ReadAction\",\"target\":[[\"https:\/\/iberoid.com\/pt\/product\/7671\/\"]]}]},{\"@type\":\"ImageObject\",\"inLanguage\":\"pt-PT\",\"@id\":\"https:\/\/iberoid.com\/pt\/product\/7671\/#primaryimage\",\"url\":\"https:\/\/iberoid.com\/wp-content\/uploads\/2022\/05\/TE-2.jpg?v=1709930092\",\"contentUrl\":\"https:\/\/iberoid.com\/wp-content\/uploads\/2022\/05\/TE-2.jpg?v=1709930092\",\"width\":1080,\"height\":1080,\"caption\":\"TESTOGED E\"},{\"@type\":\"BreadcrumbList\",\"@id\":\"https:\/\/iberoid.com\/pt\/product\/7671\/#breadcrumb\",\"itemListElement\":[{\"@type\":\"ListItem\",\"position\":1,\"name\":\"Portada\",\"item\":\"https:\/\/iberoid.com\/pt\/\"},{\"@type\":\"ListItem\",\"position\":2,\"name\":\"Loja\",\"item\":\"https:\/\/iberoid.com\/pt\/shop\/\"},{\"@type\":\"ListItem\",\"position\":3,\"name\":\"PACK3 TESTOGED E PREMIUM\/testosteron enanthate\/EPF\"}]},{\"@type\":\"WebSite\",\"@id\":\"https:\/\/iberoid-shop.com\/#website\",\"url\":\"https:\/\/iberoid-shop.com\/\",\"name\":\"Ester\u00f3ides Online\",\"description\":\"Compre ester\u00f3ides online hoje em Espanha e Portugal. Temos o melhor servi\u00e7o ao cliente do setor e produtos da mais alta qualidade\",\"potentialAction\":[{\"@type\":\"SearchAction\",\"target\":{\"@type\":\"EntryPoint\",\"urlTemplate\":\"https:\/\/iberoid-shop.com\/?s={search_term_string}\"},\"query-input\":{\"@type\":\"PropertyValueSpecification\",\"valueRequired\":true,\"valueName\":\"search_term_string\"}}],\"inLanguage\":\"pt-PT\"}]}<\/script>\n<meta property=\"product:brand\" content=\"Euro Prime Pharmaceuticals (EPF)\" \/>\n<meta property=\"product:price:amount\" content=\"55.00\" \/>\n<meta property=\"product:price:currency\" content=\"EUR\" \/>\n<meta property=\"og:availability\" content=\"instock\" \/>\n<meta property=\"product:availability\" content=\"instock\" \/>\n<meta property=\"product:condition\" content=\"new\" \/>\n<!-- \/ Yoast SEO Premium plugin. -->","yoast_head_json":{"title":"PACK3 TESTOGED E PREMIUM\/testosteron enanthate\/EPF - Ester\u00f3ides Online","robots":{"index":"index","follow":"follow","max-snippet":"max-snippet:-1","max-image-preview":"max-image-preview:large","max-video-preview":"max-video-preview:-1"},"canonical":"https:\/\/iberoid.com\/pt\/product\/7671\/","og_locale":"pt_PT","og_type":"article","og_title":"PACK3 TESTOGED E PREMIUM\/testosteron enanthate\/EPF","og_description":"O enantato de testosterona \u00e9 uma forma injet\u00e1vel de a\u00e7\u00e3o lenta da testosterona androg\u00eanica. Ap\u00f3s inje\u00e7\u00e3o intramuscular profunda, a droga","og_url":"https:\/\/iberoid.com\/pt\/product\/7671\/","og_site_name":"Ester\u00f3ides Online","article_modified_time":"2026-02-18T17:20:22+00:00","og_image":[{"width":1080,"height":1080,"url":"https:\/\/iberoid.com\/wp-content\/uploads\/2022\/05\/TE-2.jpg?v=1709930092","type":"image\/jpeg"}],"twitter_card":"summary_large_image","twitter_misc":{"pre\u00e7o":"&euro;55.00","Disponibilidade":"Em stock"},"schema":{"@context":"https:\/\/schema.org","@graph":[{"@type":"WebPage","@id":"https:\/\/iberoid.com\/pt\/product\/7671\/","url":"https:\/\/iberoid.com\/pt\/product\/7671\/","name":"PACK3 TESTOGED E PREMIUM\/testosteron enanthate\/EPF - Ester\u00f3ides Online","isPartOf":{"@id":"https:\/\/iberoid-shop.com\/#website"},"primaryImageOfPage":{"@id":"https:\/\/iberoid.com\/pt\/product\/7671\/#primaryimage"},"image":{"@id":"https:\/\/iberoid.com\/pt\/product\/7671\/#primaryimage"},"thumbnailUrl":"https:\/\/iberoid.com\/wp-content\/uploads\/2022\/05\/TE-2.jpg?v=1709930092","datePublished":"2022-05-18T11:34:57+00:00","dateModified":"2026-02-18T17:20:22+00:00","breadcrumb":{"@id":"https:\/\/iberoid.com\/pt\/product\/7671\/#breadcrumb"},"inLanguage":"pt-PT","potentialAction":[{"@type":"ReadAction","target":[["https:\/\/iberoid.com\/pt\/product\/7671\/"]]}]},{"@type":"ImageObject","inLanguage":"pt-PT","@id":"https:\/\/iberoid.com\/pt\/product\/7671\/#primaryimage","url":"https:\/\/iberoid.com\/wp-content\/uploads\/2022\/05\/TE-2.jpg?v=1709930092","contentUrl":"https:\/\/iberoid.com\/wp-content\/uploads\/2022\/05\/TE-2.jpg?v=1709930092","width":1080,"height":1080,"caption":"TESTOGED E"},{"@type":"BreadcrumbList","@id":"https:\/\/iberoid.com\/pt\/product\/7671\/#breadcrumb","itemListElement":[{"@type":"ListItem","position":1,"name":"Portada","item":"https:\/\/iberoid.com\/pt\/"},{"@type":"ListItem","position":2,"name":"Loja","item":"https:\/\/iberoid.com\/pt\/shop\/"},{"@type":"ListItem","position":3,"name":"PACK3 TESTOGED E PREMIUM\/testosteron enanthate\/EPF"}]},{"@type":"WebSite","@id":"https:\/\/iberoid-shop.com\/#website","url":"https:\/\/iberoid-shop.com\/","name":"Ester\u00f3ides Online","description":"Compre ester\u00f3ides online hoje em Espanha e Portugal. Temos o melhor servi\u00e7o ao cliente do setor e produtos da mais alta qualidade","potentialAction":[{"@type":"SearchAction","target":{"@type":"EntryPoint","urlTemplate":"https:\/\/iberoid-shop.com\/?s={search_term_string}"},"query-input":{"@type":"PropertyValueSpecification","valueRequired":true,"valueName":"search_term_string"}}],"inLanguage":"pt-PT"}]},"product_brand":"Euro Prime Pharmaceuticals (EPF)","product_price_amount":"55.00","product_price_currency":"EUR","og_availability":"instock","product_availability":"instock","product_condition":"new"},"_links":{"self":[{"href":"https:\/\/iberoid.com\/pt\/wp-json\/wp\/v2\/product\/7671","targetHints":{"allow":["GET"]}}],"collection":[{"href":"https:\/\/iberoid.com\/pt\/wp-json\/wp\/v2\/product"}],"about":[{"href":"https:\/\/iberoid.com\/pt\/wp-json\/wp\/v2\/types\/product"}],"replies":[{"embeddable":true,"href":"https:\/\/iberoid.com\/pt\/wp-json\/wp\/v2\/comments?post=7671"}],"wp:featuredmedia":[{"embeddable":true,"href":"https:\/\/iberoid.com\/pt\/wp-json\/wp\/v2\/media\/9264"}],"wp:attachment":[{"href":"https:\/\/iberoid.com\/pt\/wp-json\/wp\/v2\/media?parent=7671"}],"wp:term":[{"taxonomy":"product_brand","embeddable":true,"href":"https:\/\/iberoid.com\/pt\/wp-json\/wp\/v2\/product_brand?post=7671"},{"taxonomy":"product_cat","embeddable":true,"href":"https:\/\/iberoid.com\/pt\/wp-json\/wp\/v2\/product_cat?post=7671"},{"taxonomy":"product_tag","embeddable":true,"href":"https:\/\/iberoid.com\/pt\/wp-json\/wp\/v2\/product_tag?post=7671"}],"curies":[{"name":"wp","href":"https:\/\/api.w.org\/{rel}","templated":true}]}}