{"id":7688,"date":"2022-05-22T13:40:54","date_gmt":"2022-05-22T13:40:54","guid":{"rendered":"https:\/\/iberoid.com\/?post_type=product&#038;p=7688"},"modified":"2023-04-10T19:47:35","modified_gmt":"2023-04-10T19:47:35","slug":"jintropin-120-ui","status":"publish","type":"product","link":"https:\/\/iberoid.com\/pt\/product\/jintropin-120-ui\/","title":{"rendered":"JINTROPIN-120-UI"},"content":{"rendered":"<p>JINTROPIN-120-UI, GH (horm\u00f4nio do crescimento humano) \u00e9 um horm\u00f4nio natural secretado pela gl\u00e2ndula pituit\u00e1ria de uma pessoa. Tamb\u00e9m \u00e9 chamado de somatropina. HGH \u00e9 secretado ao longo da vida de uma pessoa e \u00e9 respons\u00e1vel pela fun\u00e7\u00e3o saud\u00e1vel do corpo humano. Os n\u00edveis de HGH atingem o pico na idade adulta durante a puberdade e desempenham um papel importante na altura de uma pessoa. O crescimento de ossos longos e cartilagens em nosso corpo \u00e9 desencadeado devido \u00e0 produ\u00e7\u00e3o de HGH. O aumento dos n\u00edveis de HGH leva ao r\u00e1pido crescimento dos ossos longos do nosso corpo, o que determina diretamente nossa altura. N\u00edveis anormalmente altos de HGH no corpo podem levar ao gigantismo, onde a pessoa ser\u00e1 anormalmente alta, enquanto n\u00edveis muito baixos de HGH podem levar ao nanismo, onde a pessoa ser\u00e1 anormalmente baixa.<\/p>\n<p>Benef\u00edcios do Jintropin HGH:<\/p>\n<p>O horm\u00f4nio do crescimento foi estudado em v\u00e1rios ensaios cl\u00ednicos em animais e humanos, mas MayoClinic.com observa que n\u00e3o h\u00e1 muita evid\u00eancia para mostrar que o HGH pode ajudar adultos saud\u00e1veis \u200b\u200ba recuperar sua juventude e vitalidade. No entanto, o HGH tem benef\u00edcios se voc\u00ea tiver uma verdadeira defici\u00eancia de horm\u00f4nio do crescimento n\u00e3o relacionada ao envelhecimento. Esta condi\u00e7\u00e3o \u00e9 rara, muitas vezes causada por um tumor pituit\u00e1rio, e o HGH ajuda a aumentar a densidade \u00f3ssea, a massa muscular e a capacidade de exerc\u00edcio enquanto diminui a gordura corporal nesses pacientes. O horm\u00f4nio do crescimento humano tamb\u00e9m \u00e9 aprovado para o tratamento da perda de massa muscular em pacientes com HIV ou AIDS.<\/p>\n<p>Efeitos colaterais:<\/p>\n<p>Se voc\u00ea \u00e9 um adulto saud\u00e1vel tomando Jintropin ou outro produto de horm\u00f4nio de crescimento humano, voc\u00ea pode experimentar s\u00edndrome do t\u00fanel do carpo, incha\u00e7o dos bra\u00e7os e pernas, dores nas articula\u00e7\u00f5es e nos m\u00fasculos ou aumento do tecido mam\u00e1rio masculino, chamado ginecomastia. HGH tamb\u00e9m pode ser um fator que contribui para o desenvolvimento de diabetes e doen\u00e7as card\u00edacas. O horm\u00f4nio do crescimento humano pode levar a uma condi\u00e7\u00e3o conhecida como acromegalia, crescimento anormal das m\u00e3os e p\u00e9s. O uso de HGH em crian\u00e7as tamb\u00e9m tem sido associado a um risco maior de c\u00e2ncer nos \u00faltimos anos.<\/p>\n<p>Identifica\u00e7\u00e3o:<\/p>\n<p>Jintropin foi desenvolvido pelo cientista chin\u00eas Dr. Lei Jin, que o nomeou em sua homenagem. Ele foi criado usando a tecnologia de DNA recombinante a partir de um processo metab\u00f3lico encontrado na bact\u00e9ria E.coli e tem a mesma sequ\u00eancia de amino\u00e1cidos que o horm\u00f4nio de crescimento humano nativo, ou HGH, produzido no corpo. O HGH \u00e9 um horm\u00f4nio importante secretado pela gl\u00e2ndula pituit\u00e1ria que estimula o crescimento muscular e \u00f3sseo, ajuda a regular o metabolismo e influencia o prazer sexual. A produ\u00e7\u00e3o de HGH diminui com o envelhecimento.<\/p>\n<p>Dosagem:<br \/>\nHomens 4-6UI\/dia<br \/>\nMulheres 2U\/dia<br \/>\nPer\u00edodo 3-6 meses<br \/>\nM\u00ednimo 3 meses<\/p>","protected":false},"excerpt":{"rendered":"<p>JINTROPIN-120-UI, GH (horm\u00f4nio do crescimento humano) \u00e9 um horm\u00f4nio natural secretado pela gl\u00e2ndula pituit\u00e1ria de uma pessoa. Tamb\u00e9m \u00e9 chamado<\/p>\n","protected":false},"featured_media":7689,"comment_status":"open","ping_status":"closed","template":"","meta":[],"product_brand":[],"product_cat":[76],"product_tag":[],"class_list":{"0":"post-7688","1":"product","2":"type-product","3":"status-publish","4":"has-post-thumbnail","6":"product_cat-hgh_peptido","8":"first","9":"outofstock","10":"sale","11":"shipping-taxable","12":"purchasable","13":"product-type-simple"},"yoast_head":"<!-- This site is optimized with the Yoast SEO Premium plugin v24.4 (Yoast SEO v27.0) - https:\/\/yoast.com\/product\/yoast-seo-premium-wordpress\/ -->\n<title>JINTROPIN-120-UI - Ester\u00f3ides Online<\/title>\n<meta name=\"robots\" content=\"index, follow, max-snippet:-1, max-image-preview:large, max-video-preview:-1\" \/>\n<link rel=\"canonical\" href=\"https:\/\/iberoid-shop.com\/product\/jintropin-120-ui\/\" \/>\n<meta property=\"og:locale\" content=\"pt_PT\" \/>\n<meta property=\"og:type\" content=\"article\" \/>\n<meta property=\"og:title\" content=\"JINTROPIN-120-UI\" \/>\n<meta property=\"og:description\" content=\"JINTROPIN-120-UI, GH (horm\u00f4nio do crescimento humano) \u00e9 um horm\u00f4nio natural secretado pela gl\u00e2ndula pituit\u00e1ria de uma pessoa. Tamb\u00e9m \u00e9 chamado\" \/>\n<meta property=\"og:url\" content=\"https:\/\/iberoid-shop.com\/product\/jintropin-120-ui\/\" \/>\n<meta property=\"og:site_name\" content=\"Ester\u00f3ides Online\" \/>\n<meta property=\"article:modified_time\" content=\"2023-04-10T19:47:35+00:00\" \/>\n<meta property=\"og:image\" content=\"https:\/\/iberoid-shop.com\/wp-content\/uploads\/2022\/05\/Jintropin-12-iu.jpg?v=1678119890\" \/>\n\t<meta property=\"og:image:width\" content=\"500\" \/>\n\t<meta property=\"og:image:height\" content=\"500\" \/>\n\t<meta property=\"og:image:type\" content=\"image\/jpeg\" \/>\n<meta name=\"twitter:card\" content=\"summary_large_image\" \/>\n<meta name=\"twitter:label1\" content=\"pre\u00e7o\" \/>\n\t<meta name=\"twitter:data1\" content=\"&euro;100.00\" \/>\n\t<meta name=\"twitter:label2\" content=\"Disponibilidade\" \/>\n\t<meta name=\"twitter:data2\" content=\"Esgotado\" \/>\n<script type=\"application\/ld+json\" class=\"yoast-schema-graph\">{\"@context\":\"https:\/\/schema.org\",\"@graph\":[{\"@type\":\"WebPage\",\"@id\":\"https:\/\/iberoid-shop.com\/product\/jintropin-120-ui\/\",\"url\":\"https:\/\/iberoid-shop.com\/product\/jintropin-120-ui\/\",\"name\":\"JINTROPIN-120-UI - Ester\u00f3ides Online\",\"isPartOf\":{\"@id\":\"https:\/\/iberoid-shop.com\/#website\"},\"primaryImageOfPage\":{\"@id\":\"https:\/\/iberoid-shop.com\/product\/jintropin-120-ui\/#primaryimage\"},\"image\":{\"@id\":\"https:\/\/iberoid-shop.com\/product\/jintropin-120-ui\/#primaryimage\"},\"thumbnailUrl\":\"https:\/\/iberoid.com\/wp-content\/uploads\/2022\/05\/Jintropin-12-iu.jpg?v=1678119890\",\"datePublished\":\"2022-05-22T13:40:54+00:00\",\"dateModified\":\"2023-04-10T19:47:35+00:00\",\"breadcrumb\":{\"@id\":\"https:\/\/iberoid-shop.com\/product\/jintropin-120-ui\/#breadcrumb\"},\"inLanguage\":\"pt-PT\",\"potentialAction\":[{\"@type\":\"ReadAction\",\"target\":[[\"https:\/\/iberoid-shop.com\/product\/jintropin-120-ui\/\"]]}]},{\"@type\":\"ImageObject\",\"inLanguage\":\"pt-PT\",\"@id\":\"https:\/\/iberoid-shop.com\/product\/jintropin-120-ui\/#primaryimage\",\"url\":\"https:\/\/iberoid.com\/wp-content\/uploads\/2022\/05\/Jintropin-12-iu.jpg?v=1678119890\",\"contentUrl\":\"https:\/\/iberoid.com\/wp-content\/uploads\/2022\/05\/Jintropin-12-iu.jpg?v=1678119890\",\"width\":500,\"height\":500},{\"@type\":\"BreadcrumbList\",\"@id\":\"https:\/\/iberoid-shop.com\/product\/jintropin-120-ui\/#breadcrumb\",\"itemListElement\":[{\"@type\":\"ListItem\",\"position\":1,\"name\":\"Portada\",\"item\":\"https:\/\/iberoid.com\/pt\/\"},{\"@type\":\"ListItem\",\"position\":2,\"name\":\"Loja\",\"item\":\"https:\/\/iberoid.com\/pt\/shop\/\"},{\"@type\":\"ListItem\",\"position\":3,\"name\":\"JINTROPIN-120-UI\"}]},{\"@type\":\"WebSite\",\"@id\":\"https:\/\/iberoid-shop.com\/#website\",\"url\":\"https:\/\/iberoid-shop.com\/\",\"name\":\"Ester\u00f3ides Online\",\"description\":\"Compre ester\u00f3ides online hoje em Espanha e Portugal. Temos o melhor servi\u00e7o ao cliente do setor e produtos da mais alta qualidade\",\"potentialAction\":[{\"@type\":\"SearchAction\",\"target\":{\"@type\":\"EntryPoint\",\"urlTemplate\":\"https:\/\/iberoid-shop.com\/?s={search_term_string}\"},\"query-input\":{\"@type\":\"PropertyValueSpecification\",\"valueRequired\":true,\"valueName\":\"search_term_string\"}}],\"inLanguage\":\"pt-PT\"}]}<\/script>\n<meta property=\"product:brand\" content=\"GeneScience Pharmaceuticals Ltd\" \/>\n<meta property=\"product:price:amount\" content=\"100.00\" \/>\n<meta property=\"product:price:currency\" content=\"EUR\" \/>\n<meta property=\"og:availability\" content=\"out of stock\" \/>\n<meta property=\"product:availability\" content=\"out of stock\" \/>\n<meta property=\"product:condition\" content=\"new\" \/>\n<!-- \/ Yoast SEO Premium plugin. -->","yoast_head_json":{"title":"JINTROPIN-120-UI - Ester\u00f3ides Online","robots":{"index":"index","follow":"follow","max-snippet":"max-snippet:-1","max-image-preview":"max-image-preview:large","max-video-preview":"max-video-preview:-1"},"canonical":"https:\/\/iberoid-shop.com\/product\/jintropin-120-ui\/","og_locale":"pt_PT","og_type":"article","og_title":"JINTROPIN-120-UI","og_description":"JINTROPIN-120-UI, GH (horm\u00f4nio do crescimento humano) \u00e9 um horm\u00f4nio natural secretado pela gl\u00e2ndula pituit\u00e1ria de uma pessoa. Tamb\u00e9m \u00e9 chamado","og_url":"https:\/\/iberoid-shop.com\/product\/jintropin-120-ui\/","og_site_name":"Ester\u00f3ides Online","article_modified_time":"2023-04-10T19:47:35+00:00","og_image":[{"width":500,"height":500,"url":"https:\/\/iberoid-shop.com\/wp-content\/uploads\/2022\/05\/Jintropin-12-iu.jpg?v=1678119890","type":"image\/jpeg"}],"twitter_card":"summary_large_image","twitter_misc":{"pre\u00e7o":"&euro;100.00","Disponibilidade":"Esgotado"},"schema":{"@context":"https:\/\/schema.org","@graph":[{"@type":"WebPage","@id":"https:\/\/iberoid-shop.com\/product\/jintropin-120-ui\/","url":"https:\/\/iberoid-shop.com\/product\/jintropin-120-ui\/","name":"JINTROPIN-120-UI - Ester\u00f3ides Online","isPartOf":{"@id":"https:\/\/iberoid-shop.com\/#website"},"primaryImageOfPage":{"@id":"https:\/\/iberoid-shop.com\/product\/jintropin-120-ui\/#primaryimage"},"image":{"@id":"https:\/\/iberoid-shop.com\/product\/jintropin-120-ui\/#primaryimage"},"thumbnailUrl":"https:\/\/iberoid.com\/wp-content\/uploads\/2022\/05\/Jintropin-12-iu.jpg?v=1678119890","datePublished":"2022-05-22T13:40:54+00:00","dateModified":"2023-04-10T19:47:35+00:00","breadcrumb":{"@id":"https:\/\/iberoid-shop.com\/product\/jintropin-120-ui\/#breadcrumb"},"inLanguage":"pt-PT","potentialAction":[{"@type":"ReadAction","target":[["https:\/\/iberoid-shop.com\/product\/jintropin-120-ui\/"]]}]},{"@type":"ImageObject","inLanguage":"pt-PT","@id":"https:\/\/iberoid-shop.com\/product\/jintropin-120-ui\/#primaryimage","url":"https:\/\/iberoid.com\/wp-content\/uploads\/2022\/05\/Jintropin-12-iu.jpg?v=1678119890","contentUrl":"https:\/\/iberoid.com\/wp-content\/uploads\/2022\/05\/Jintropin-12-iu.jpg?v=1678119890","width":500,"height":500},{"@type":"BreadcrumbList","@id":"https:\/\/iberoid-shop.com\/product\/jintropin-120-ui\/#breadcrumb","itemListElement":[{"@type":"ListItem","position":1,"name":"Portada","item":"https:\/\/iberoid.com\/pt\/"},{"@type":"ListItem","position":2,"name":"Loja","item":"https:\/\/iberoid.com\/pt\/shop\/"},{"@type":"ListItem","position":3,"name":"JINTROPIN-120-UI"}]},{"@type":"WebSite","@id":"https:\/\/iberoid-shop.com\/#website","url":"https:\/\/iberoid-shop.com\/","name":"Ester\u00f3ides Online","description":"Compre ester\u00f3ides online hoje em Espanha e Portugal. Temos o melhor servi\u00e7o ao cliente do setor e produtos da mais alta qualidade","potentialAction":[{"@type":"SearchAction","target":{"@type":"EntryPoint","urlTemplate":"https:\/\/iberoid-shop.com\/?s={search_term_string}"},"query-input":{"@type":"PropertyValueSpecification","valueRequired":true,"valueName":"search_term_string"}}],"inLanguage":"pt-PT"}]},"product_brand":"GeneScience Pharmaceuticals Ltd","product_price_amount":"100.00","product_price_currency":"EUR","og_availability":"out of stock","product_availability":"out of stock","product_condition":"new"},"_links":{"self":[{"href":"https:\/\/iberoid.com\/pt\/wp-json\/wp\/v2\/product\/7688","targetHints":{"allow":["GET"]}}],"collection":[{"href":"https:\/\/iberoid.com\/pt\/wp-json\/wp\/v2\/product"}],"about":[{"href":"https:\/\/iberoid.com\/pt\/wp-json\/wp\/v2\/types\/product"}],"replies":[{"embeddable":true,"href":"https:\/\/iberoid.com\/pt\/wp-json\/wp\/v2\/comments?post=7688"}],"wp:featuredmedia":[{"embeddable":true,"href":"https:\/\/iberoid.com\/pt\/wp-json\/wp\/v2\/media\/7689"}],"wp:attachment":[{"href":"https:\/\/iberoid.com\/pt\/wp-json\/wp\/v2\/media?parent=7688"}],"wp:term":[{"taxonomy":"product_brand","embeddable":true,"href":"https:\/\/iberoid.com\/pt\/wp-json\/wp\/v2\/product_brand?post=7688"},{"taxonomy":"product_cat","embeddable":true,"href":"https:\/\/iberoid.com\/pt\/wp-json\/wp\/v2\/product_cat?post=7688"},{"taxonomy":"product_tag","embeddable":true,"href":"https:\/\/iberoid.com\/pt\/wp-json\/wp\/v2\/product_tag?post=7688"}],"curies":[{"name":"wp","href":"https:\/\/api.w.org\/{rel}","templated":true}]}}