{"id":7691,"date":"2022-05-22T13:42:10","date_gmt":"2022-05-22T13:42:10","guid":{"rendered":"https:\/\/iberoid.com\/?post_type=product&#038;p=7691"},"modified":"2024-07-11T09:36:46","modified_gmt":"2024-07-11T09:36:46","slug":"kigtropin-200-ui","status":"publish","type":"product","link":"https:\/\/iberoid.com\/pt\/product\/kigtropin-200-ui\/","title":{"rendered":"KIGTROPIN-200 UI"},"content":{"rendered":"<p>Kigtropin \u2014 com inteziro vanny por t\u00e9cnicas recombinantes somatropin id\u00eantico ao horm\u00f4nio de crescimento humano. Consiste em 191 amino\u00e1cidos. A droga estimula o crescimento esquel\u00e9tico e som\u00e1tico e tamb\u00e9m tem um efeito pronunciado nos processos metab\u00f3licos.<\/p>\n<p>O horm\u00f4nio do crescimento humano aumenta o t\u00f4nus \u200b\u200be o metabolismo, ent\u00e3o voc\u00ea se sente mais ativo e a massa gorda diminui. Na verdade, o peso que voc\u00ea ganha com o horm\u00f4nio do crescimento \u00e9 puramente muscular. Ao contr\u00e1rio dos ester\u00f3ides, o ganho de peso \u00e9 lento &#8211; normalmente 0,5 a 1 kg de massa muscular para cada duas a tr\u00eas semanas de uso. Quando voc\u00ea usa ester\u00f3ides, voc\u00ea ganha peso em grande parte aumentando a quantidade de l\u00edquido em seu corpo. Aplicando o mesmo horm\u00f4nio do crescimento, voc\u00ea ganha exclusivamente massa muscular. O horm\u00f4nio do crescimento tamb\u00e9m come\u00e7a a queimar gordura para obter a energia necess\u00e1ria. Portanto, os fisiculturistas podem comer o quanto quiserem sem ganhar peso do tecido adiposo.<\/p>\n<p>O horm\u00f4nio do crescimento humano aumenta a for\u00e7a, auxilia no ganho de peso saud\u00e1vel e na perda de gordura e reduz a perda muscular durante as pausas no treinamento. Esses efeitos colaterais do uso do horm\u00f4nio do crescimento s\u00e3o m\u00ednimos e muito raros. Aqueles que usaram esta droga testemunham a conquista de seus objetivos. Kigtropin n\u00e3o causa crescimento \u00f3sseo anormal (acromegalia) porque os ossos param de crescer ap\u00f3s a puberdade.<\/p>\n<p>Como funciona o pept\u00eddeo Kitropin?<br \/>\nRedu\u00e7\u00e3o da gordura corporal (redu\u00e7\u00e3o da gordura abdominal).<br \/>\nAumento da massa muscular e for\u00e7a f\u00edsica.<br \/>\nSensa\u00e7\u00e3o de bem-estar geral.<br \/>\nMelhorar o sistema cardiovascular.<br \/>\nMelhorando a atividade cerebral.<br \/>\nRetomada da regenera\u00e7\u00e3o e crescimento de tecidos de alguns \u00f3rg\u00e3os internos, que atrofiam com a idade.<br \/>\nReduzindo a probabilidade de voc\u00ea passar os \u00faltimos anos de sua vida em um lar de idosos.<br \/>\nMelhoria da pele &#8211; redu\u00e7\u00e3o das rugas da pele &#8211; renova\u00e7\u00e3o da pele &#8211; preven\u00e7\u00e3o do envelhecimento.<br \/>\nEstimula a produ\u00e7\u00e3o de c\u00e9lulas da medula \u00f3ssea que produzem gl\u00f3bulos vermelhos.<br \/>\nMelhorar o tecido \u00f3sseo e fortalecer a imunidade.<br \/>\nIndica\u00e7\u00f5es para o uso de Kigtropin<\/p>\n<p>Para crian\u00e7as &#8211; retardo de crescimento devido \u00e0 secre\u00e7\u00e3o insuficiente de horm\u00f4nio do crescimento; retardo de crescimento em meninas com disgenesia gonadal (s\u00edndrome de Shereshevsky-Turner); retardo de crescimento em crian\u00e7as pr\u00e9-p\u00faberes devido a insufici\u00eancia renal cr\u00f4nica.<\/p>\n<p>Para adultos &#8211; defici\u00eancia cong\u00eanita ou adquirida de horm\u00f4nio do crescimento confirmada (como terapia de reposi\u00e7\u00e3o).<\/p>\n<p>A droga Kigtropin estimula o crescimento esquel\u00e9tico e som\u00e1tico e tamb\u00e9m tem um efeito pronunciado nos processos metab\u00f3licos; contribui para a normaliza\u00e7\u00e3o da estrutura corporal, aumentando a massa muscular e reduzindo a gordura corporal.<\/p>","protected":false},"excerpt":{"rendered":"<p>Kigtropin \u2014 com inteziro vanny por t\u00e9cnicas recombinantes somatropin id\u00eantico ao horm\u00f4nio de crescimento humano. Consiste em 191 amino\u00e1cidos. A<\/p>\n","protected":false},"featured_media":7692,"comment_status":"open","ping_status":"closed","template":"","meta":[],"product_brand":[],"product_cat":[76],"product_tag":[],"class_list":{"0":"post-7691","1":"product","2":"type-product","3":"status-publish","4":"has-post-thumbnail","6":"product_cat-hgh_peptido","8":"first","9":"outofstock","10":"sale","11":"shipping-taxable","12":"purchasable","13":"product-type-simple"},"yoast_head":"<!-- This site is optimized with the Yoast SEO Premium plugin v24.4 (Yoast SEO v27.3) - https:\/\/yoast.com\/product\/yoast-seo-premium-wordpress\/ -->\n<title>KIGTROPIN-200 UI - Ester\u00f3ides Online<\/title>\n<meta name=\"robots\" content=\"index, follow, max-snippet:-1, max-image-preview:large, max-video-preview:-1\" \/>\n<link rel=\"canonical\" href=\"https:\/\/iberoid.com\/pt\/product\/kigtropin-200-ui\/\" \/>\n<meta property=\"og:locale\" content=\"pt_PT\" \/>\n<meta property=\"og:type\" content=\"article\" \/>\n<meta property=\"og:title\" content=\"KIGTROPIN-200 UI\" \/>\n<meta property=\"og:description\" content=\"Kigtropin \u2014 com inteziro vanny por t\u00e9cnicas recombinantes somatropin id\u00eantico ao horm\u00f4nio de crescimento humano. Consiste em 191 amino\u00e1cidos. A\" \/>\n<meta property=\"og:url\" content=\"https:\/\/iberoid.com\/pt\/product\/kigtropin-200-ui\/\" \/>\n<meta property=\"og:site_name\" content=\"Ester\u00f3ides Online\" \/>\n<meta property=\"article:modified_time\" content=\"2024-07-11T09:36:46+00:00\" \/>\n<meta property=\"og:image\" content=\"https:\/\/iberoid.com\/wp-content\/uploads\/2022\/05\/kigtropin20-iu.png?v=1694094346\" \/>\n\t<meta property=\"og:image:width\" content=\"500\" \/>\n\t<meta property=\"og:image:height\" content=\"500\" \/>\n\t<meta property=\"og:image:type\" content=\"image\/png\" \/>\n<meta name=\"twitter:card\" content=\"summary_large_image\" \/>\n<meta name=\"twitter:label1\" content=\"pre\u00e7o\" \/>\n\t<meta name=\"twitter:data1\" content=\"&euro;90.00\" \/>\n\t<meta name=\"twitter:label2\" content=\"Disponibilidade\" \/>\n\t<meta name=\"twitter:data2\" content=\"Esgotado\" \/>\n<script type=\"application\/ld+json\" class=\"yoast-schema-graph\">{\"@context\":\"https:\\\/\\\/schema.org\",\"@graph\":[{\"@type\":\"WebPage\",\"@id\":\"https:\\\/\\\/iberoid.com\\\/pt\\\/product\\\/kigtropin-200-ui\\\/\",\"url\":\"https:\\\/\\\/iberoid.com\\\/pt\\\/product\\\/kigtropin-200-ui\\\/\",\"name\":\"KIGTROPIN-200 UI - Ester\u00f3ides Online\",\"isPartOf\":{\"@id\":\"https:\\\/\\\/iberoid-shop.com\\\/#website\"},\"primaryImageOfPage\":{\"@id\":\"https:\\\/\\\/iberoid.com\\\/pt\\\/product\\\/kigtropin-200-ui\\\/#primaryimage\"},\"image\":{\"@id\":\"https:\\\/\\\/iberoid.com\\\/pt\\\/product\\\/kigtropin-200-ui\\\/#primaryimage\"},\"thumbnailUrl\":\"https:\\\/\\\/iberoid.com\\\/wp-content\\\/uploads\\\/2022\\\/05\\\/kigtropin20-iu.png?v=1694094346\",\"datePublished\":\"2022-05-22T13:42:10+00:00\",\"dateModified\":\"2024-07-11T09:36:46+00:00\",\"breadcrumb\":{\"@id\":\"https:\\\/\\\/iberoid.com\\\/pt\\\/product\\\/kigtropin-200-ui\\\/#breadcrumb\"},\"inLanguage\":\"pt-PT\",\"potentialAction\":[{\"@type\":\"ReadAction\",\"target\":[[\"https:\\\/\\\/iberoid.com\\\/pt\\\/product\\\/kigtropin-200-ui\\\/\"]]}]},{\"@type\":\"ImageObject\",\"inLanguage\":\"pt-PT\",\"@id\":\"https:\\\/\\\/iberoid.com\\\/pt\\\/product\\\/kigtropin-200-ui\\\/#primaryimage\",\"url\":\"https:\\\/\\\/iberoid.com\\\/wp-content\\\/uploads\\\/2022\\\/05\\\/kigtropin20-iu.png?v=1694094346\",\"contentUrl\":\"https:\\\/\\\/iberoid.com\\\/wp-content\\\/uploads\\\/2022\\\/05\\\/kigtropin20-iu.png?v=1694094346\",\"width\":500,\"height\":500},{\"@type\":\"BreadcrumbList\",\"@id\":\"https:\\\/\\\/iberoid.com\\\/pt\\\/product\\\/kigtropin-200-ui\\\/#breadcrumb\",\"itemListElement\":[{\"@type\":\"ListItem\",\"position\":1,\"name\":\"Portada\",\"item\":\"https:\\\/\\\/iberoid.com\\\/pt\\\/\"},{\"@type\":\"ListItem\",\"position\":2,\"name\":\"Loja\",\"item\":\"https:\\\/\\\/iberoid.com\\\/pt\\\/shop\\\/\"},{\"@type\":\"ListItem\",\"position\":3,\"name\":\"KIGTROPIN-200 UI\"}]},{\"@type\":\"WebSite\",\"@id\":\"https:\\\/\\\/iberoid-shop.com\\\/#website\",\"url\":\"https:\\\/\\\/iberoid-shop.com\\\/\",\"name\":\"Ester\u00f3ides Online\",\"description\":\"Compre ester\u00f3ides online hoje em Espanha e Portugal. Temos o melhor servi\u00e7o ao cliente do setor e produtos da mais alta qualidade\",\"potentialAction\":[{\"@type\":\"SearchAction\",\"target\":{\"@type\":\"EntryPoint\",\"urlTemplate\":\"https:\\\/\\\/iberoid-shop.com\\\/?s={search_term_string}\"},\"query-input\":{\"@type\":\"PropertyValueSpecification\",\"valueRequired\":true,\"valueName\":\"search_term_string\"}}],\"inLanguage\":\"pt-PT\"}]}<\/script>\n<meta property=\"product:price:amount\" content=\"90.00\" \/>\n<meta property=\"product:price:currency\" content=\"EUR\" \/>\n<meta property=\"og:availability\" content=\"out of stock\" \/>\n<meta property=\"product:availability\" content=\"out of stock\" \/>\n<meta property=\"product:condition\" content=\"new\" \/>\n<!-- \/ Yoast SEO Premium plugin. -->","yoast_head_json":{"title":"KIGTROPIN-200 UI - Ester\u00f3ides Online","robots":{"index":"index","follow":"follow","max-snippet":"max-snippet:-1","max-image-preview":"max-image-preview:large","max-video-preview":"max-video-preview:-1"},"canonical":"https:\/\/iberoid.com\/pt\/product\/kigtropin-200-ui\/","og_locale":"pt_PT","og_type":"article","og_title":"KIGTROPIN-200 UI","og_description":"Kigtropin \u2014 com inteziro vanny por t\u00e9cnicas recombinantes somatropin id\u00eantico ao horm\u00f4nio de crescimento humano. Consiste em 191 amino\u00e1cidos. A","og_url":"https:\/\/iberoid.com\/pt\/product\/kigtropin-200-ui\/","og_site_name":"Ester\u00f3ides Online","article_modified_time":"2024-07-11T09:36:46+00:00","og_image":[{"width":500,"height":500,"url":"https:\/\/iberoid.com\/wp-content\/uploads\/2022\/05\/kigtropin20-iu.png?v=1694094346","type":"image\/png"}],"twitter_card":"summary_large_image","twitter_misc":{"pre\u00e7o":"&euro;90.00","Disponibilidade":"Esgotado"},"schema":{"@context":"https:\/\/schema.org","@graph":[{"@type":"WebPage","@id":"https:\/\/iberoid.com\/pt\/product\/kigtropin-200-ui\/","url":"https:\/\/iberoid.com\/pt\/product\/kigtropin-200-ui\/","name":"KIGTROPIN-200 UI - Ester\u00f3ides Online","isPartOf":{"@id":"https:\/\/iberoid-shop.com\/#website"},"primaryImageOfPage":{"@id":"https:\/\/iberoid.com\/pt\/product\/kigtropin-200-ui\/#primaryimage"},"image":{"@id":"https:\/\/iberoid.com\/pt\/product\/kigtropin-200-ui\/#primaryimage"},"thumbnailUrl":"https:\/\/iberoid.com\/wp-content\/uploads\/2022\/05\/kigtropin20-iu.png?v=1694094346","datePublished":"2022-05-22T13:42:10+00:00","dateModified":"2024-07-11T09:36:46+00:00","breadcrumb":{"@id":"https:\/\/iberoid.com\/pt\/product\/kigtropin-200-ui\/#breadcrumb"},"inLanguage":"pt-PT","potentialAction":[{"@type":"ReadAction","target":[["https:\/\/iberoid.com\/pt\/product\/kigtropin-200-ui\/"]]}]},{"@type":"ImageObject","inLanguage":"pt-PT","@id":"https:\/\/iberoid.com\/pt\/product\/kigtropin-200-ui\/#primaryimage","url":"https:\/\/iberoid.com\/wp-content\/uploads\/2022\/05\/kigtropin20-iu.png?v=1694094346","contentUrl":"https:\/\/iberoid.com\/wp-content\/uploads\/2022\/05\/kigtropin20-iu.png?v=1694094346","width":500,"height":500},{"@type":"BreadcrumbList","@id":"https:\/\/iberoid.com\/pt\/product\/kigtropin-200-ui\/#breadcrumb","itemListElement":[{"@type":"ListItem","position":1,"name":"Portada","item":"https:\/\/iberoid.com\/pt\/"},{"@type":"ListItem","position":2,"name":"Loja","item":"https:\/\/iberoid.com\/pt\/shop\/"},{"@type":"ListItem","position":3,"name":"KIGTROPIN-200 UI"}]},{"@type":"WebSite","@id":"https:\/\/iberoid-shop.com\/#website","url":"https:\/\/iberoid-shop.com\/","name":"Ester\u00f3ides Online","description":"Compre ester\u00f3ides online hoje em Espanha e Portugal. Temos o melhor servi\u00e7o ao cliente do setor e produtos da mais alta qualidade","potentialAction":[{"@type":"SearchAction","target":{"@type":"EntryPoint","urlTemplate":"https:\/\/iberoid-shop.com\/?s={search_term_string}"},"query-input":{"@type":"PropertyValueSpecification","valueRequired":true,"valueName":"search_term_string"}}],"inLanguage":"pt-PT"}]},"product_price_amount":"90.00","product_price_currency":"EUR","og_availability":"out of stock","product_availability":"out of stock","product_condition":"new"},"_links":{"self":[{"href":"https:\/\/iberoid.com\/pt\/wp-json\/wp\/v2\/product\/7691","targetHints":{"allow":["GET"]}}],"collection":[{"href":"https:\/\/iberoid.com\/pt\/wp-json\/wp\/v2\/product"}],"about":[{"href":"https:\/\/iberoid.com\/pt\/wp-json\/wp\/v2\/types\/product"}],"replies":[{"embeddable":true,"href":"https:\/\/iberoid.com\/pt\/wp-json\/wp\/v2\/comments?post=7691"}],"wp:featuredmedia":[{"embeddable":true,"href":"https:\/\/iberoid.com\/pt\/wp-json\/wp\/v2\/media\/7692"}],"wp:attachment":[{"href":"https:\/\/iberoid.com\/pt\/wp-json\/wp\/v2\/media?parent=7691"}],"wp:term":[{"taxonomy":"product_brand","embeddable":true,"href":"https:\/\/iberoid.com\/pt\/wp-json\/wp\/v2\/product_brand?post=7691"},{"taxonomy":"product_cat","embeddable":true,"href":"https:\/\/iberoid.com\/pt\/wp-json\/wp\/v2\/product_cat?post=7691"},{"taxonomy":"product_tag","embeddable":true,"href":"https:\/\/iberoid.com\/pt\/wp-json\/wp\/v2\/product_tag?post=7691"}],"curies":[{"name":"wp","href":"https:\/\/api.w.org\/{rel}","templated":true}]}}