{"id":7725,"date":"2022-06-06T13:10:17","date_gmt":"2022-06-06T13:10:17","guid":{"rendered":"https:\/\/iberoid.com\/?post_type=product&#038;p=7725"},"modified":"2022-07-12T10:13:10","modified_gmt":"2022-07-12T10:13:10","slug":"oxandrolon-balkan-60-pastillas","status":"publish","type":"product","link":"https:\/\/iberoid.com\/pt\/product\/oxandrolon-balkan-60-pastillas\/","title":{"rendered":"OXANDROLON"},"content":{"rendered":"<p>Oxandrolona (anavar) \u00e9 um ester\u00f3ide que n\u00e3o causa quase nenhum efeito colateral em compara\u00e7\u00e3o com outros medicamentos neste setor. Al\u00e9m dessa caracter\u00edstica deste ester\u00f3ide, ele tem muitos benef\u00edcios quando usado. Provavelmente, a raz\u00e3o mais importante pela qual \u00e9 preferido \u00e9 que n\u00e3o causa nenhum dano ao f\u00edgado. Al\u00e9m disso, n\u00e3o funciona por ac\u00famulo de \u00e1gua nos m\u00fasculos como outros ester\u00f3ides e n\u00e3o afeta a excre\u00e7\u00e3o de horm\u00f4nios do corpo. Os benef\u00edcios deste ester\u00f3ide n\u00e3o se limitam a estes. Perder gordura \u00e9 o desejo de muitas pessoas e a Oxandrolona (anavar) pode ser preferida por essas pessoas com seguran\u00e7a porque funciona reduzindo o apetite para que os usu\u00e1rios n\u00e3o percam peso repentinamente e esta \u00e9 a maneira saud\u00e1vel. Este ester\u00f3ide tamb\u00e9m aumenta a for\u00e7a do corpo de forma r\u00e1pida e eficaz, por esta raz\u00e3o \u00e9 mais preferido por atletas e outros desportistas e comparado com outros ester\u00f3ides, n\u00e3o causa diminui\u00e7\u00e3o repentina de pot\u00eancia e massa muscular quando o uso deste est\u00e1 parado. O \u00faltimo ponto que deve ser especificado \u00e9 que n\u00e3o causa nenhum efeito colateral \u00e0s mulheres, por isso pode ser usado com seguran\u00e7a por elas.<\/p>","protected":false},"excerpt":{"rendered":"<p>Oxandrolona (anavar) \u00e9 um ester\u00f3ide que n\u00e3o causa quase nenhum efeito colateral em compara\u00e7\u00e3o com outros medicamentos neste setor. Al\u00e9m<\/p>\n","protected":false},"featured_media":7726,"comment_status":"open","ping_status":"closed","template":"","meta":[],"product_brand":[],"product_cat":[73],"product_tag":[],"class_list":{"0":"post-7725","1":"product","2":"type-product","3":"status-publish","4":"has-post-thumbnail","6":"product_cat-ssteroides_orales","8":"first","9":"outofstock","10":"sale","11":"shipping-taxable","12":"purchasable","13":"product-type-simple"},"yoast_head":"<!-- This site is optimized with the Yoast SEO Premium plugin v24.4 (Yoast SEO v27.3) - https:\/\/yoast.com\/product\/yoast-seo-premium-wordpress\/ -->\n<title>OXANDROLON - Ester\u00f3ides Online<\/title>\n<meta name=\"robots\" content=\"index, follow, max-snippet:-1, max-image-preview:large, max-video-preview:-1\" \/>\n<link rel=\"canonical\" href=\"https:\/\/iberoid.com\/pt\/product\/oxandrolon-balkan-60-pastillas\/\" \/>\n<meta property=\"og:locale\" content=\"pt_PT\" \/>\n<meta property=\"og:type\" content=\"article\" \/>\n<meta property=\"og:title\" content=\"OXANDROLON\" \/>\n<meta property=\"og:description\" content=\"Oxandrolona (anavar) \u00e9 um ester\u00f3ide que n\u00e3o causa quase nenhum efeito colateral em compara\u00e7\u00e3o com outros medicamentos neste setor. Al\u00e9m\" \/>\n<meta property=\"og:url\" content=\"https:\/\/iberoid.com\/pt\/product\/oxandrolon-balkan-60-pastillas\/\" \/>\n<meta property=\"og:site_name\" content=\"Ester\u00f3ides Online\" \/>\n<meta property=\"article:modified_time\" content=\"2022-07-12T10:13:10+00:00\" \/>\n<meta property=\"og:image\" content=\"https:\/\/iberoid.com\/wp-content\/uploads\/2022\/06\/oxandrolona.webp\" \/>\n\t<meta property=\"og:image:width\" content=\"1000\" \/>\n\t<meta property=\"og:image:height\" content=\"1000\" \/>\n\t<meta property=\"og:image:type\" content=\"image\/webp\" \/>\n<meta name=\"twitter:card\" content=\"summary_large_image\" \/>\n<meta name=\"twitter:label1\" content=\"pre\u00e7o\" \/>\n\t<meta name=\"twitter:data1\" content=\"&euro;50.00\" \/>\n\t<meta name=\"twitter:label2\" content=\"Disponibilidade\" \/>\n\t<meta name=\"twitter:data2\" content=\"Esgotado\" \/>\n<script type=\"application\/ld+json\" class=\"yoast-schema-graph\">{\"@context\":\"https:\\\/\\\/schema.org\",\"@graph\":[{\"@type\":\"WebPage\",\"@id\":\"https:\\\/\\\/iberoid.com\\\/pt\\\/product\\\/oxandrolon-balkan-60-pastillas\\\/\",\"url\":\"https:\\\/\\\/iberoid.com\\\/pt\\\/product\\\/oxandrolon-balkan-60-pastillas\\\/\",\"name\":\"OXANDROLON - Ester\u00f3ides Online\",\"isPartOf\":{\"@id\":\"https:\\\/\\\/iberoid-shop.com\\\/#website\"},\"primaryImageOfPage\":{\"@id\":\"https:\\\/\\\/iberoid.com\\\/pt\\\/product\\\/oxandrolon-balkan-60-pastillas\\\/#primaryimage\"},\"image\":{\"@id\":\"https:\\\/\\\/iberoid.com\\\/pt\\\/product\\\/oxandrolon-balkan-60-pastillas\\\/#primaryimage\"},\"thumbnailUrl\":\"https:\\\/\\\/iberoid.com\\\/wp-content\\\/uploads\\\/2022\\\/06\\\/oxandrolona.webp\",\"datePublished\":\"2022-06-06T13:10:17+00:00\",\"dateModified\":\"2022-07-12T10:13:10+00:00\",\"breadcrumb\":{\"@id\":\"https:\\\/\\\/iberoid.com\\\/pt\\\/product\\\/oxandrolon-balkan-60-pastillas\\\/#breadcrumb\"},\"inLanguage\":\"pt-PT\",\"potentialAction\":[{\"@type\":\"ReadAction\",\"target\":[[\"https:\\\/\\\/iberoid.com\\\/pt\\\/product\\\/oxandrolon-balkan-60-pastillas\\\/\"]]}]},{\"@type\":\"ImageObject\",\"inLanguage\":\"pt-PT\",\"@id\":\"https:\\\/\\\/iberoid.com\\\/pt\\\/product\\\/oxandrolon-balkan-60-pastillas\\\/#primaryimage\",\"url\":\"https:\\\/\\\/iberoid.com\\\/wp-content\\\/uploads\\\/2022\\\/06\\\/oxandrolona.webp\",\"contentUrl\":\"https:\\\/\\\/iberoid.com\\\/wp-content\\\/uploads\\\/2022\\\/06\\\/oxandrolona.webp\",\"width\":1000,\"height\":1000},{\"@type\":\"BreadcrumbList\",\"@id\":\"https:\\\/\\\/iberoid.com\\\/pt\\\/product\\\/oxandrolon-balkan-60-pastillas\\\/#breadcrumb\",\"itemListElement\":[{\"@type\":\"ListItem\",\"position\":1,\"name\":\"Portada\",\"item\":\"https:\\\/\\\/iberoid.com\\\/pt\\\/\"},{\"@type\":\"ListItem\",\"position\":2,\"name\":\"Loja\",\"item\":\"https:\\\/\\\/iberoid.com\\\/pt\\\/shop\\\/\"},{\"@type\":\"ListItem\",\"position\":3,\"name\":\"OXANDROLON\"}]},{\"@type\":\"WebSite\",\"@id\":\"https:\\\/\\\/iberoid-shop.com\\\/#website\",\"url\":\"https:\\\/\\\/iberoid-shop.com\\\/\",\"name\":\"Ester\u00f3ides Online\",\"description\":\"Compre ester\u00f3ides online hoje em Espanha e Portugal. Temos o melhor servi\u00e7o ao cliente do setor e produtos da mais alta qualidade\",\"potentialAction\":[{\"@type\":\"SearchAction\",\"target\":{\"@type\":\"EntryPoint\",\"urlTemplate\":\"https:\\\/\\\/iberoid-shop.com\\\/?s={search_term_string}\"},\"query-input\":{\"@type\":\"PropertyValueSpecification\",\"valueRequired\":true,\"valueName\":\"search_term_string\"}}],\"inLanguage\":\"pt-PT\"}]}<\/script>\n<meta property=\"product:brand\" content=\"Balkan Pharmaceuticals\" \/>\n<meta property=\"product:price:amount\" content=\"50.00\" \/>\n<meta property=\"product:price:currency\" content=\"EUR\" \/>\n<meta property=\"og:availability\" content=\"out of stock\" \/>\n<meta property=\"product:availability\" content=\"out of stock\" \/>\n<meta property=\"product:condition\" content=\"new\" \/>\n<!-- \/ Yoast SEO Premium plugin. -->","yoast_head_json":{"title":"OXANDROLON - Ester\u00f3ides Online","robots":{"index":"index","follow":"follow","max-snippet":"max-snippet:-1","max-image-preview":"max-image-preview:large","max-video-preview":"max-video-preview:-1"},"canonical":"https:\/\/iberoid.com\/pt\/product\/oxandrolon-balkan-60-pastillas\/","og_locale":"pt_PT","og_type":"article","og_title":"OXANDROLON","og_description":"Oxandrolona (anavar) \u00e9 um ester\u00f3ide que n\u00e3o causa quase nenhum efeito colateral em compara\u00e7\u00e3o com outros medicamentos neste setor. Al\u00e9m","og_url":"https:\/\/iberoid.com\/pt\/product\/oxandrolon-balkan-60-pastillas\/","og_site_name":"Ester\u00f3ides Online","article_modified_time":"2022-07-12T10:13:10+00:00","og_image":[{"width":1000,"height":1000,"url":"https:\/\/iberoid.com\/wp-content\/uploads\/2022\/06\/oxandrolona.webp","type":"image\/webp"}],"twitter_card":"summary_large_image","twitter_misc":{"pre\u00e7o":"&euro;50.00","Disponibilidade":"Esgotado"},"schema":{"@context":"https:\/\/schema.org","@graph":[{"@type":"WebPage","@id":"https:\/\/iberoid.com\/pt\/product\/oxandrolon-balkan-60-pastillas\/","url":"https:\/\/iberoid.com\/pt\/product\/oxandrolon-balkan-60-pastillas\/","name":"OXANDROLON - Ester\u00f3ides Online","isPartOf":{"@id":"https:\/\/iberoid-shop.com\/#website"},"primaryImageOfPage":{"@id":"https:\/\/iberoid.com\/pt\/product\/oxandrolon-balkan-60-pastillas\/#primaryimage"},"image":{"@id":"https:\/\/iberoid.com\/pt\/product\/oxandrolon-balkan-60-pastillas\/#primaryimage"},"thumbnailUrl":"https:\/\/iberoid.com\/wp-content\/uploads\/2022\/06\/oxandrolona.webp","datePublished":"2022-06-06T13:10:17+00:00","dateModified":"2022-07-12T10:13:10+00:00","breadcrumb":{"@id":"https:\/\/iberoid.com\/pt\/product\/oxandrolon-balkan-60-pastillas\/#breadcrumb"},"inLanguage":"pt-PT","potentialAction":[{"@type":"ReadAction","target":[["https:\/\/iberoid.com\/pt\/product\/oxandrolon-balkan-60-pastillas\/"]]}]},{"@type":"ImageObject","inLanguage":"pt-PT","@id":"https:\/\/iberoid.com\/pt\/product\/oxandrolon-balkan-60-pastillas\/#primaryimage","url":"https:\/\/iberoid.com\/wp-content\/uploads\/2022\/06\/oxandrolona.webp","contentUrl":"https:\/\/iberoid.com\/wp-content\/uploads\/2022\/06\/oxandrolona.webp","width":1000,"height":1000},{"@type":"BreadcrumbList","@id":"https:\/\/iberoid.com\/pt\/product\/oxandrolon-balkan-60-pastillas\/#breadcrumb","itemListElement":[{"@type":"ListItem","position":1,"name":"Portada","item":"https:\/\/iberoid.com\/pt\/"},{"@type":"ListItem","position":2,"name":"Loja","item":"https:\/\/iberoid.com\/pt\/shop\/"},{"@type":"ListItem","position":3,"name":"OXANDROLON"}]},{"@type":"WebSite","@id":"https:\/\/iberoid-shop.com\/#website","url":"https:\/\/iberoid-shop.com\/","name":"Ester\u00f3ides Online","description":"Compre ester\u00f3ides online hoje em Espanha e Portugal. Temos o melhor servi\u00e7o ao cliente do setor e produtos da mais alta qualidade","potentialAction":[{"@type":"SearchAction","target":{"@type":"EntryPoint","urlTemplate":"https:\/\/iberoid-shop.com\/?s={search_term_string}"},"query-input":{"@type":"PropertyValueSpecification","valueRequired":true,"valueName":"search_term_string"}}],"inLanguage":"pt-PT"}]},"product_brand":"Balkan Pharmaceuticals","product_price_amount":"50.00","product_price_currency":"EUR","og_availability":"out of stock","product_availability":"out of stock","product_condition":"new"},"_links":{"self":[{"href":"https:\/\/iberoid.com\/pt\/wp-json\/wp\/v2\/product\/7725","targetHints":{"allow":["GET"]}}],"collection":[{"href":"https:\/\/iberoid.com\/pt\/wp-json\/wp\/v2\/product"}],"about":[{"href":"https:\/\/iberoid.com\/pt\/wp-json\/wp\/v2\/types\/product"}],"replies":[{"embeddable":true,"href":"https:\/\/iberoid.com\/pt\/wp-json\/wp\/v2\/comments?post=7725"}],"wp:featuredmedia":[{"embeddable":true,"href":"https:\/\/iberoid.com\/pt\/wp-json\/wp\/v2\/media\/7726"}],"wp:attachment":[{"href":"https:\/\/iberoid.com\/pt\/wp-json\/wp\/v2\/media?parent=7725"}],"wp:term":[{"taxonomy":"product_brand","embeddable":true,"href":"https:\/\/iberoid.com\/pt\/wp-json\/wp\/v2\/product_brand?post=7725"},{"taxonomy":"product_cat","embeddable":true,"href":"https:\/\/iberoid.com\/pt\/wp-json\/wp\/v2\/product_cat?post=7725"},{"taxonomy":"product_tag","embeddable":true,"href":"https:\/\/iberoid.com\/pt\/wp-json\/wp\/v2\/product_tag?post=7725"}],"curies":[{"name":"wp","href":"https:\/\/api.w.org\/{rel}","templated":true}]}}