{"id":7833,"date":"2022-07-17T11:37:06","date_gmt":"2022-07-17T11:37:06","guid":{"rendered":"https:\/\/iberoid.com\/?post_type=product&#038;p=7833"},"modified":"2025-12-04T17:47:16","modified_gmt":"2025-12-04T17:47:16","slug":"clenbuterol-inyectable-100mcg-10ampollas","status":"publish","type":"product","link":"https:\/\/iberoid.com\/pt\/product\/clenbuterol-inyectable-100mcg-10ampollas\/","title":{"rendered":"CLENBUTEROL"},"content":{"rendered":"<p><\/p>\n<h1 class=\"product_title entry-title\">Clenbuterol<\/h1>\n<p>Injet\u00e1vel CLENBUTEROL-100 MCG\/10 AMPOLAS<\/p>\n<p><strong>O que \u00e9 Clenbuterol?<\/strong><\/p>\n<p>O <strong>Clenbuterol <\/strong>\u00e9 uma subst\u00e2ncia que tem efeitos semelhantes aos ester\u00f3ides e \u00e9 classificado como um agonista beta2-adren\u00e9rgico. Isso significa que estimula os receptores beta2-adren\u00e9rgicos na garganta. O medicamento ajuda a relaxar os m\u00fasculos e os pulm\u00f5es, facilitando a respira\u00e7\u00e3o se voc\u00ea tiver asma ou outra condi\u00e7\u00e3o respirat\u00f3ria. Pode permanecer em seu corpo por at\u00e9 39 horas depois de tom\u00e1-lo.<\/p>\n<p><strong>Clenbuterol para muscula\u00e7\u00e3o<\/strong><\/p>\n<p>No entanto, o clenbuterol \u2013 tamb\u00e9m chamado de clen \u2013 \u00e9 abusado por atletas e fisiculturistas por sua capacidade de queimar gordura. Os mesmos receptores que s\u00e3o ativados ao tomar clenbuterol para a asma tamb\u00e9m ajudam a queimar gordura e aumentar a massa muscular magra. Atletas que usam clenbuterol diariamente normalmente tomam de 60 a 120 miligramas por dia. Normalmente, isso \u00e9 tomado em combina\u00e7\u00e3o com outros medicamentos para melhorar o desempenho ou ester\u00f3ides anabolizantes.\u200c<\/p>\n<p>Clenbuterol aumenta a temperatura do corpo atrav\u00e9s de um processo chamado termog\u00eanese. Uma vez que a temperatura do seu corpo est\u00e1 alta, seu metabolismo \u00e9 preparado para queimar mais calorias. Como a gordura \u00e9 armazenada no corpo como energia, seu corpo pode usar as calorias que voc\u00ea j\u00e1 armazenou. Isso pode diminuir sua gordura corporal e diminuir seu peso geral.\u200c<\/p>\n<p>&nbsp;<\/p>\n<p>Como o clenbuterol \u00e9 um broncodilatador, ele abre as vias a\u00e9reas quando voc\u00ea o toma. Isso \u00e9 \u00fatil para aqueles com asma. Para os atletas, isso permite que eles aumentem sua resist\u00eancia ao ter mais fluxo de ar se movendo ao redor do corpo. Mais oxig\u00eanio est\u00e1 dispon\u00edvel, para que voc\u00ea possa ter um desempenho melhor e mais dif\u00edcil.<\/p>\n<p><strong>Benef\u00edcios do uso de Clenbuterol<\/strong><\/p>\n<p>Menos efeitos colaterais androg\u00eanicos. Pensa-se que o clenbuterol \u00e9 mais popular do que os ester\u00f3ides anabolizantes com fisiculturistas porque h\u00e1 menos efeitos colaterais androg\u00eanicos. Os ester\u00f3ides geralmente causam efeitos colaterais, como aumento de pelos faciais ou engrossamento da voz. Clenbuterol n\u00e3o \u00e9 conhecido por causar isso.\u200c<\/p>\n<p>Perda de peso r\u00e1pida. Como observado, o clenbuterol funciona aumentando seu metabolismo, ajudando voc\u00ea a queimar gordura. Um estudo envolveu dois grupos de homens com excesso de peso que foram colocados na mesma dieta rigorosa. Um grupo recebeu clenbuterol e outro n\u00e3o. Ao longo de dez semanas, o grupo que recebeu clenbuterol perdeu uma m\u00e9dia de 11,4 quilos de gordura e o grupo controle perdeu 8,7 quilos de gordura. \u200c<\/p>\n<p>Supress\u00e3o do apetite. Muitos fisiculturistas confiam no clenbuterol antes de uma pr\u00f3xima apresenta\u00e7\u00e3o ou competi\u00e7\u00e3o para eliminar a gordura extra. Um efeito secund\u00e1rio deste medicamento \u00e9 que ele ajuda a reduzir o apetite para que voc\u00ea ingira menos calorias. Nem todas as pessoas experimentam esse efeito, no entanto.<\/p>\n<p><strong>Riscos e efeitos colaterais<\/strong><\/p>\n<p>Muitos atletas e fisiculturistas usam clenbuterol por seus benef\u00edcios \u2013 mas existem v\u00e1rios efeitos colaterais perigosos a serem observados.<\/p>\n<p>Alguns dos efeitos colaterais mais comuns incluem:<\/p>\n<ul>\n<li>palpita\u00e7\u00f5es do cora\u00e7\u00e3o<\/li>\n<li>Tremores<\/li>\n<li>Aumento da frequ\u00eancia card\u00edaca (taquicardia)<\/li>\n<li>Pot\u00e1ssio sangu\u00edneo reduzido (hipocalemia)<\/li>\n<li>A\u00e7\u00facar elevado no sangue (hiperglicemia)<\/li>\n<li>ansiedade<\/li>\n<li>agita\u00e7\u00e3o<\/li>\n<li>sudorese<\/li>\n<li>paragem card\u00edaca<\/li>\n<li>Sensa\u00e7\u00e3o de calor ou calor<\/li>\n<li>ins\u00f4nia<\/li>\n<li>c\u00e3ibras musculares<\/li>\n<\/ul>\n<p>\u00c9 mais prov\u00e1vel que voc\u00ea tenha esses efeitos colaterais se tomar doses mais altas de clenbuterol para obter seus efeitos de perda de peso. Como esta droga permanece em seu corpo por um bom tempo, voc\u00ea pode ter efeitos colaterais de um a oito dias.<\/p>","protected":false},"excerpt":{"rendered":"<p>Clenbuterol Injet\u00e1vel CLENBUTEROL-100 MCG\/10 AMPOLAS O que \u00e9 Clenbuterol? O Clenbuterol \u00e9 uma subst\u00e2ncia que tem efeitos semelhantes aos ester\u00f3ides<\/p>\n","protected":false},"featured_media":7834,"comment_status":"open","ping_status":"closed","template":"","meta":[],"product_brand":[],"product_cat":[69],"product_tag":[],"class_list":{"0":"post-7833","1":"product","2":"type-product","3":"status-publish","4":"has-post-thumbnail","6":"product_cat-esteroides_inyectables","8":"first","9":"outofstock","10":"shipping-taxable","11":"purchasable","12":"product-type-simple"},"yoast_head":"<!-- This site is optimized with the Yoast SEO Premium plugin v24.4 (Yoast SEO v27.3) - https:\/\/yoast.com\/product\/yoast-seo-premium-wordpress\/ -->\n<title>CLENBUTEROL - Ester\u00f3ides Online<\/title>\n<meta name=\"robots\" content=\"index, follow, max-snippet:-1, max-image-preview:large, max-video-preview:-1\" \/>\n<link rel=\"canonical\" href=\"https:\/\/iberoid.com\/pt\/product\/clenbuterol-inyectable-100mcg-10ampollas\/\" \/>\n<meta property=\"og:locale\" content=\"pt_PT\" \/>\n<meta property=\"og:type\" content=\"article\" \/>\n<meta property=\"og:title\" content=\"CLENBUTEROL\" \/>\n<meta property=\"og:description\" content=\"Clenbuterol Injet\u00e1vel CLENBUTEROL-100 MCG\/10 AMPOLAS O que \u00e9 Clenbuterol? O Clenbuterol \u00e9 uma subst\u00e2ncia que tem efeitos semelhantes aos ester\u00f3ides\" \/>\n<meta property=\"og:url\" content=\"https:\/\/iberoid.com\/pt\/product\/clenbuterol-inyectable-100mcg-10ampollas\/\" \/>\n<meta property=\"og:site_name\" content=\"Ester\u00f3ides Online\" \/>\n<meta property=\"article:modified_time\" content=\"2025-12-04T17:47:16+00:00\" \/>\n<meta property=\"og:image\" content=\"https:\/\/iberoid.com\/wp-content\/uploads\/2022\/07\/CLN.jpg?v=1694094346\" \/>\n\t<meta property=\"og:image:width\" content=\"600\" \/>\n\t<meta property=\"og:image:height\" content=\"400\" \/>\n\t<meta property=\"og:image:type\" content=\"image\/jpeg\" \/>\n<meta name=\"twitter:card\" content=\"summary_large_image\" \/>\n<meta name=\"twitter:label1\" content=\"pre\u00e7o\" \/>\n\t<meta name=\"twitter:data1\" content=\"&euro;30.00\" \/>\n\t<meta name=\"twitter:label2\" content=\"Disponibilidade\" \/>\n\t<meta name=\"twitter:data2\" content=\"Esgotado\" \/>\n<script type=\"application\/ld+json\" class=\"yoast-schema-graph\">{\"@context\":\"https:\\\/\\\/schema.org\",\"@graph\":[{\"@type\":\"WebPage\",\"@id\":\"https:\\\/\\\/iberoid.com\\\/pt\\\/product\\\/clenbuterol-inyectable-100mcg-10ampollas\\\/\",\"url\":\"https:\\\/\\\/iberoid.com\\\/pt\\\/product\\\/clenbuterol-inyectable-100mcg-10ampollas\\\/\",\"name\":\"CLENBUTEROL - Ester\u00f3ides Online\",\"isPartOf\":{\"@id\":\"https:\\\/\\\/iberoid.com\\\/pt\\\/#website\"},\"primaryImageOfPage\":{\"@id\":\"https:\\\/\\\/iberoid.com\\\/pt\\\/product\\\/clenbuterol-inyectable-100mcg-10ampollas\\\/#primaryimage\"},\"image\":{\"@id\":\"https:\\\/\\\/iberoid.com\\\/pt\\\/product\\\/clenbuterol-inyectable-100mcg-10ampollas\\\/#primaryimage\"},\"thumbnailUrl\":\"https:\\\/\\\/iberoid.com\\\/wp-content\\\/uploads\\\/2022\\\/07\\\/CLN.jpg?v=1694094346\",\"datePublished\":\"2022-07-17T11:37:06+00:00\",\"dateModified\":\"2025-12-04T17:47:16+00:00\",\"breadcrumb\":{\"@id\":\"https:\\\/\\\/iberoid.com\\\/pt\\\/product\\\/clenbuterol-inyectable-100mcg-10ampollas\\\/#breadcrumb\"},\"inLanguage\":\"pt-PT\",\"potentialAction\":[{\"@type\":\"ReadAction\",\"target\":[[\"https:\\\/\\\/iberoid.com\\\/pt\\\/product\\\/clenbuterol-inyectable-100mcg-10ampollas\\\/\"]]}]},{\"@type\":\"ImageObject\",\"inLanguage\":\"pt-PT\",\"@id\":\"https:\\\/\\\/iberoid.com\\\/pt\\\/product\\\/clenbuterol-inyectable-100mcg-10ampollas\\\/#primaryimage\",\"url\":\"https:\\\/\\\/iberoid.com\\\/wp-content\\\/uploads\\\/2022\\\/07\\\/CLN.jpg?v=1694094346\",\"contentUrl\":\"https:\\\/\\\/iberoid.com\\\/wp-content\\\/uploads\\\/2022\\\/07\\\/CLN.jpg?v=1694094346\",\"width\":600,\"height\":400},{\"@type\":\"BreadcrumbList\",\"@id\":\"https:\\\/\\\/iberoid.com\\\/pt\\\/product\\\/clenbuterol-inyectable-100mcg-10ampollas\\\/#breadcrumb\",\"itemListElement\":[{\"@type\":\"ListItem\",\"position\":1,\"name\":\"Portada\",\"item\":\"https:\\\/\\\/iberoid.com\\\/pt\\\/\"},{\"@type\":\"ListItem\",\"position\":2,\"name\":\"Loja\",\"item\":\"https:\\\/\\\/iberoid.com\\\/pt\\\/shop\\\/\"},{\"@type\":\"ListItem\",\"position\":3,\"name\":\"CLENBUTEROL\"}]},{\"@type\":\"WebSite\",\"@id\":\"https:\\\/\\\/iberoid.com\\\/pt\\\/#website\",\"url\":\"https:\\\/\\\/iberoid.com\\\/pt\\\/\",\"name\":\"Ester\u00f3ides Online\",\"description\":\"Compre ester\u00f3ides online hoje em Espanha e Portugal. Temos o melhor servi\u00e7o ao cliente do setor e produtos da mais alta qualidade\",\"potentialAction\":[{\"@type\":\"SearchAction\",\"target\":{\"@type\":\"EntryPoint\",\"urlTemplate\":\"https:\\\/\\\/iberoid.com\\\/pt\\\/?s={search_term_string}\"},\"query-input\":{\"@type\":\"PropertyValueSpecification\",\"valueRequired\":true,\"valueName\":\"search_term_string\"}}],\"inLanguage\":\"pt-PT\"}]}<\/script>\n<meta property=\"product:brand\" content=\"Pharma Gen\" \/>\n<meta property=\"product:price:amount\" content=\"30.00\" \/>\n<meta property=\"product:price:currency\" content=\"EUR\" \/>\n<meta property=\"og:availability\" content=\"out of stock\" \/>\n<meta property=\"product:availability\" content=\"out of stock\" \/>\n<meta property=\"product:condition\" content=\"new\" \/>\n<!-- \/ Yoast SEO Premium plugin. -->","yoast_head_json":{"title":"CLENBUTEROL - Ester\u00f3ides Online","robots":{"index":"index","follow":"follow","max-snippet":"max-snippet:-1","max-image-preview":"max-image-preview:large","max-video-preview":"max-video-preview:-1"},"canonical":"https:\/\/iberoid.com\/pt\/product\/clenbuterol-inyectable-100mcg-10ampollas\/","og_locale":"pt_PT","og_type":"article","og_title":"CLENBUTEROL","og_description":"Clenbuterol Injet\u00e1vel CLENBUTEROL-100 MCG\/10 AMPOLAS O que \u00e9 Clenbuterol? O Clenbuterol \u00e9 uma subst\u00e2ncia que tem efeitos semelhantes aos ester\u00f3ides","og_url":"https:\/\/iberoid.com\/pt\/product\/clenbuterol-inyectable-100mcg-10ampollas\/","og_site_name":"Ester\u00f3ides Online","article_modified_time":"2025-12-04T17:47:16+00:00","og_image":[{"width":600,"height":400,"url":"https:\/\/iberoid.com\/wp-content\/uploads\/2022\/07\/CLN.jpg?v=1694094346","type":"image\/jpeg"}],"twitter_card":"summary_large_image","twitter_misc":{"pre\u00e7o":"&euro;30.00","Disponibilidade":"Esgotado"},"schema":{"@context":"https:\/\/schema.org","@graph":[{"@type":"WebPage","@id":"https:\/\/iberoid.com\/pt\/product\/clenbuterol-inyectable-100mcg-10ampollas\/","url":"https:\/\/iberoid.com\/pt\/product\/clenbuterol-inyectable-100mcg-10ampollas\/","name":"CLENBUTEROL - Ester\u00f3ides Online","isPartOf":{"@id":"https:\/\/iberoid.com\/pt\/#website"},"primaryImageOfPage":{"@id":"https:\/\/iberoid.com\/pt\/product\/clenbuterol-inyectable-100mcg-10ampollas\/#primaryimage"},"image":{"@id":"https:\/\/iberoid.com\/pt\/product\/clenbuterol-inyectable-100mcg-10ampollas\/#primaryimage"},"thumbnailUrl":"https:\/\/iberoid.com\/wp-content\/uploads\/2022\/07\/CLN.jpg?v=1694094346","datePublished":"2022-07-17T11:37:06+00:00","dateModified":"2025-12-04T17:47:16+00:00","breadcrumb":{"@id":"https:\/\/iberoid.com\/pt\/product\/clenbuterol-inyectable-100mcg-10ampollas\/#breadcrumb"},"inLanguage":"pt-PT","potentialAction":[{"@type":"ReadAction","target":[["https:\/\/iberoid.com\/pt\/product\/clenbuterol-inyectable-100mcg-10ampollas\/"]]}]},{"@type":"ImageObject","inLanguage":"pt-PT","@id":"https:\/\/iberoid.com\/pt\/product\/clenbuterol-inyectable-100mcg-10ampollas\/#primaryimage","url":"https:\/\/iberoid.com\/wp-content\/uploads\/2022\/07\/CLN.jpg?v=1694094346","contentUrl":"https:\/\/iberoid.com\/wp-content\/uploads\/2022\/07\/CLN.jpg?v=1694094346","width":600,"height":400},{"@type":"BreadcrumbList","@id":"https:\/\/iberoid.com\/pt\/product\/clenbuterol-inyectable-100mcg-10ampollas\/#breadcrumb","itemListElement":[{"@type":"ListItem","position":1,"name":"Portada","item":"https:\/\/iberoid.com\/pt\/"},{"@type":"ListItem","position":2,"name":"Loja","item":"https:\/\/iberoid.com\/pt\/shop\/"},{"@type":"ListItem","position":3,"name":"CLENBUTEROL"}]},{"@type":"WebSite","@id":"https:\/\/iberoid.com\/pt\/#website","url":"https:\/\/iberoid.com\/pt\/","name":"Ester\u00f3ides Online","description":"Compre ester\u00f3ides online hoje em Espanha e Portugal. Temos o melhor servi\u00e7o ao cliente do setor e produtos da mais alta qualidade","potentialAction":[{"@type":"SearchAction","target":{"@type":"EntryPoint","urlTemplate":"https:\/\/iberoid.com\/pt\/?s={search_term_string}"},"query-input":{"@type":"PropertyValueSpecification","valueRequired":true,"valueName":"search_term_string"}}],"inLanguage":"pt-PT"}]},"product_brand":"Pharma Gen","product_price_amount":"30.00","product_price_currency":"EUR","og_availability":"out of stock","product_availability":"out of stock","product_condition":"new"},"_links":{"self":[{"href":"https:\/\/iberoid.com\/pt\/wp-json\/wp\/v2\/product\/7833","targetHints":{"allow":["GET"]}}],"collection":[{"href":"https:\/\/iberoid.com\/pt\/wp-json\/wp\/v2\/product"}],"about":[{"href":"https:\/\/iberoid.com\/pt\/wp-json\/wp\/v2\/types\/product"}],"replies":[{"embeddable":true,"href":"https:\/\/iberoid.com\/pt\/wp-json\/wp\/v2\/comments?post=7833"}],"wp:featuredmedia":[{"embeddable":true,"href":"https:\/\/iberoid.com\/pt\/wp-json\/wp\/v2\/media\/7834"}],"wp:attachment":[{"href":"https:\/\/iberoid.com\/pt\/wp-json\/wp\/v2\/media?parent=7833"}],"wp:term":[{"taxonomy":"product_brand","embeddable":true,"href":"https:\/\/iberoid.com\/pt\/wp-json\/wp\/v2\/product_brand?post=7833"},{"taxonomy":"product_cat","embeddable":true,"href":"https:\/\/iberoid.com\/pt\/wp-json\/wp\/v2\/product_cat?post=7833"},{"taxonomy":"product_tag","embeddable":true,"href":"https:\/\/iberoid.com\/pt\/wp-json\/wp\/v2\/product_tag?post=7833"}],"curies":[{"name":"wp","href":"https:\/\/api.w.org\/{rel}","templated":true}]}}