{"id":7887,"date":"2022-08-17T11:36:38","date_gmt":"2022-08-17T11:36:38","guid":{"rendered":"https:\/\/iberoid.com\/?post_type=product&#038;p=7887"},"modified":"2024-07-09T19:28:58","modified_gmt":"2024-07-09T19:28:58","slug":"diapronate-100-mg-ml-testosterone-propionate-diamond","status":"publish","type":"product","link":"https:\/\/iberoid.com\/pt\/product\/diapronate-100-mg-ml-testosterone-propionate-diamond\/","title":{"rendered":"Diapronate 100 mg\/ml"},"content":{"rendered":"<p>Diapronate 100 mg\/ml-testosterone propionate diamond.<\/p>\n<p>O propionato de testosterona \u00e9 o ester\u00f3ide de testosterona de menor \u00e9ster. \u00c9 um composto injet\u00e1vel com uma taxa de libera\u00e7\u00e3o mais lenta do que a testosterona n\u00e3o esterificada, mas uma taxa de libera\u00e7\u00e3o mais r\u00e1pida do que todo o resto das testosteronas esterificadas.<\/p>\n<p>Existem algumas vantagens e desvantagens para o \u00e9ster de a\u00e7\u00e3o curta. A principal desvantagem \u00e9 que os usu\u00e1rios precisam injetar propionato de testosterona no m\u00ednimo a cada dois dias ao longo do ciclo para obter resultados adequados. As vantagens, no entanto, s\u00e3o o controle mais f\u00e1cil e a preven\u00e7\u00e3o de potenciais efeitos colaterais.<\/p>\n<p>Tamb\u00e9m porque h\u00e1 menos \u00e9ster por frasco, h\u00e1 mais testosterona real por inje\u00e7\u00e3o, o que produz melhores resultados. O \u00e9ster propionato expande a meia-vida da testosterona para cerca de 4 dias e meio.<\/p>","protected":false},"excerpt":{"rendered":"<p>Diapronate 100 mg\/ml-testosterone propionate diamond. O propionato de testosterona \u00e9 o ester\u00f3ide de testosterona de menor \u00e9ster. \u00c9 um composto<\/p>\n","protected":false},"featured_media":7888,"comment_status":"open","ping_status":"closed","template":"","meta":[],"product_brand":[],"product_cat":[69],"product_tag":[],"class_list":{"0":"post-7887","1":"product","2":"type-product","3":"status-publish","4":"has-post-thumbnail","6":"product_cat-esteroides_inyectables","8":"first","9":"outofstock","10":"sale","11":"shipping-taxable","12":"purchasable","13":"product-type-simple"},"yoast_head":"<!-- This site is optimized with the Yoast SEO Premium plugin v24.4 (Yoast SEO v27.0) - https:\/\/yoast.com\/product\/yoast-seo-premium-wordpress\/ -->\n<title>Diapronate 100 mg\/ml - Ester\u00f3ides Online<\/title>\n<meta name=\"robots\" content=\"index, follow, max-snippet:-1, max-image-preview:large, max-video-preview:-1\" \/>\n<link rel=\"canonical\" href=\"https:\/\/iberoid.com\/pt\/product\/diapronate-100-mg-ml-testosterone-propionate-diamond\/\" \/>\n<meta property=\"og:locale\" content=\"pt_PT\" \/>\n<meta property=\"og:type\" content=\"article\" \/>\n<meta property=\"og:title\" content=\"Diapronate 100 mg\/ml\" \/>\n<meta property=\"og:description\" content=\"Diapronate 100 mg\/ml-testosterone propionate diamond. O propionato de testosterona \u00e9 o ester\u00f3ide de testosterona de menor \u00e9ster. \u00c9 um composto\" \/>\n<meta property=\"og:url\" content=\"https:\/\/iberoid.com\/pt\/product\/diapronate-100-mg-ml-testosterone-propionate-diamond\/\" \/>\n<meta property=\"og:site_name\" content=\"Ester\u00f3ides Online\" \/>\n<meta property=\"article:modified_time\" content=\"2024-07-09T19:28:58+00:00\" \/>\n<meta property=\"og:image\" content=\"https:\/\/iberoid.com\/wp-content\/uploads\/2022\/08\/Diapronate-100.png?v=1694606594\" \/>\n\t<meta property=\"og:image:width\" content=\"553\" \/>\n\t<meta property=\"og:image:height\" content=\"553\" \/>\n\t<meta property=\"og:image:type\" content=\"image\/png\" \/>\n<meta name=\"twitter:card\" content=\"summary_large_image\" \/>\n<meta name=\"twitter:label1\" content=\"pre\u00e7o\" \/>\n\t<meta name=\"twitter:data1\" content=\"&euro;30.00\" \/>\n\t<meta name=\"twitter:label2\" content=\"Disponibilidade\" \/>\n\t<meta name=\"twitter:data2\" content=\"Esgotado\" \/>\n<script type=\"application\/ld+json\" class=\"yoast-schema-graph\">{\"@context\":\"https:\/\/schema.org\",\"@graph\":[{\"@type\":\"WebPage\",\"@id\":\"https:\/\/iberoid.com\/pt\/product\/diapronate-100-mg-ml-testosterone-propionate-diamond\/\",\"url\":\"https:\/\/iberoid.com\/pt\/product\/diapronate-100-mg-ml-testosterone-propionate-diamond\/\",\"name\":\"Diapronate 100 mg\/ml - Ester\u00f3ides Online\",\"isPartOf\":{\"@id\":\"https:\/\/iberoid.com\/pt\/#website\"},\"primaryImageOfPage\":{\"@id\":\"https:\/\/iberoid.com\/pt\/product\/diapronate-100-mg-ml-testosterone-propionate-diamond\/#primaryimage\"},\"image\":{\"@id\":\"https:\/\/iberoid.com\/pt\/product\/diapronate-100-mg-ml-testosterone-propionate-diamond\/#primaryimage\"},\"thumbnailUrl\":\"https:\/\/iberoid.com\/wp-content\/uploads\/2022\/08\/Diapronate-100.png?v=1694606594\",\"datePublished\":\"2022-08-17T11:36:38+00:00\",\"dateModified\":\"2024-07-09T19:28:58+00:00\",\"breadcrumb\":{\"@id\":\"https:\/\/iberoid.com\/pt\/product\/diapronate-100-mg-ml-testosterone-propionate-diamond\/#breadcrumb\"},\"inLanguage\":\"pt-PT\",\"potentialAction\":[{\"@type\":\"ReadAction\",\"target\":[[\"https:\/\/iberoid.com\/pt\/product\/diapronate-100-mg-ml-testosterone-propionate-diamond\/\"]]}]},{\"@type\":\"ImageObject\",\"inLanguage\":\"pt-PT\",\"@id\":\"https:\/\/iberoid.com\/pt\/product\/diapronate-100-mg-ml-testosterone-propionate-diamond\/#primaryimage\",\"url\":\"https:\/\/iberoid.com\/wp-content\/uploads\/2022\/08\/Diapronate-100.png?v=1694606594\",\"contentUrl\":\"https:\/\/iberoid.com\/wp-content\/uploads\/2022\/08\/Diapronate-100.png?v=1694606594\",\"width\":553,\"height\":553},{\"@type\":\"BreadcrumbList\",\"@id\":\"https:\/\/iberoid.com\/pt\/product\/diapronate-100-mg-ml-testosterone-propionate-diamond\/#breadcrumb\",\"itemListElement\":[{\"@type\":\"ListItem\",\"position\":1,\"name\":\"Portada\",\"item\":\"https:\/\/iberoid.com\/pt\/\"},{\"@type\":\"ListItem\",\"position\":2,\"name\":\"Loja\",\"item\":\"https:\/\/iberoid.com\/pt\/shop\/\"},{\"@type\":\"ListItem\",\"position\":3,\"name\":\"Diapronate 100 mg\/ml\"}]},{\"@type\":\"WebSite\",\"@id\":\"https:\/\/iberoid.com\/pt\/#website\",\"url\":\"https:\/\/iberoid.com\/pt\/\",\"name\":\"Ester\u00f3ides Online\",\"description\":\"Compre ester\u00f3ides online hoje em Espanha e Portugal. Temos o melhor servi\u00e7o ao cliente do setor e produtos da mais alta qualidade\",\"potentialAction\":[{\"@type\":\"SearchAction\",\"target\":{\"@type\":\"EntryPoint\",\"urlTemplate\":\"https:\/\/iberoid.com\/pt\/?s={search_term_string}\"},\"query-input\":{\"@type\":\"PropertyValueSpecification\",\"valueRequired\":true,\"valueName\":\"search_term_string\"}}],\"inLanguage\":\"pt-PT\"}]}<\/script>\n<meta property=\"product:brand\" content=\"Diamond Pharma\" \/>\n<meta property=\"product:price:amount\" content=\"30.00\" \/>\n<meta property=\"product:price:currency\" content=\"EUR\" \/>\n<meta property=\"og:availability\" content=\"out of stock\" \/>\n<meta property=\"product:availability\" content=\"out of stock\" \/>\n<meta property=\"product:condition\" content=\"new\" \/>\n<!-- \/ Yoast SEO Premium plugin. -->","yoast_head_json":{"title":"Diapronate 100 mg\/ml - Ester\u00f3ides Online","robots":{"index":"index","follow":"follow","max-snippet":"max-snippet:-1","max-image-preview":"max-image-preview:large","max-video-preview":"max-video-preview:-1"},"canonical":"https:\/\/iberoid.com\/pt\/product\/diapronate-100-mg-ml-testosterone-propionate-diamond\/","og_locale":"pt_PT","og_type":"article","og_title":"Diapronate 100 mg\/ml","og_description":"Diapronate 100 mg\/ml-testosterone propionate diamond. O propionato de testosterona \u00e9 o ester\u00f3ide de testosterona de menor \u00e9ster. \u00c9 um composto","og_url":"https:\/\/iberoid.com\/pt\/product\/diapronate-100-mg-ml-testosterone-propionate-diamond\/","og_site_name":"Ester\u00f3ides Online","article_modified_time":"2024-07-09T19:28:58+00:00","og_image":[{"width":553,"height":553,"url":"https:\/\/iberoid.com\/wp-content\/uploads\/2022\/08\/Diapronate-100.png?v=1694606594","type":"image\/png"}],"twitter_card":"summary_large_image","twitter_misc":{"pre\u00e7o":"&euro;30.00","Disponibilidade":"Esgotado"},"schema":{"@context":"https:\/\/schema.org","@graph":[{"@type":"WebPage","@id":"https:\/\/iberoid.com\/pt\/product\/diapronate-100-mg-ml-testosterone-propionate-diamond\/","url":"https:\/\/iberoid.com\/pt\/product\/diapronate-100-mg-ml-testosterone-propionate-diamond\/","name":"Diapronate 100 mg\/ml - Ester\u00f3ides Online","isPartOf":{"@id":"https:\/\/iberoid.com\/pt\/#website"},"primaryImageOfPage":{"@id":"https:\/\/iberoid.com\/pt\/product\/diapronate-100-mg-ml-testosterone-propionate-diamond\/#primaryimage"},"image":{"@id":"https:\/\/iberoid.com\/pt\/product\/diapronate-100-mg-ml-testosterone-propionate-diamond\/#primaryimage"},"thumbnailUrl":"https:\/\/iberoid.com\/wp-content\/uploads\/2022\/08\/Diapronate-100.png?v=1694606594","datePublished":"2022-08-17T11:36:38+00:00","dateModified":"2024-07-09T19:28:58+00:00","breadcrumb":{"@id":"https:\/\/iberoid.com\/pt\/product\/diapronate-100-mg-ml-testosterone-propionate-diamond\/#breadcrumb"},"inLanguage":"pt-PT","potentialAction":[{"@type":"ReadAction","target":[["https:\/\/iberoid.com\/pt\/product\/diapronate-100-mg-ml-testosterone-propionate-diamond\/"]]}]},{"@type":"ImageObject","inLanguage":"pt-PT","@id":"https:\/\/iberoid.com\/pt\/product\/diapronate-100-mg-ml-testosterone-propionate-diamond\/#primaryimage","url":"https:\/\/iberoid.com\/wp-content\/uploads\/2022\/08\/Diapronate-100.png?v=1694606594","contentUrl":"https:\/\/iberoid.com\/wp-content\/uploads\/2022\/08\/Diapronate-100.png?v=1694606594","width":553,"height":553},{"@type":"BreadcrumbList","@id":"https:\/\/iberoid.com\/pt\/product\/diapronate-100-mg-ml-testosterone-propionate-diamond\/#breadcrumb","itemListElement":[{"@type":"ListItem","position":1,"name":"Portada","item":"https:\/\/iberoid.com\/pt\/"},{"@type":"ListItem","position":2,"name":"Loja","item":"https:\/\/iberoid.com\/pt\/shop\/"},{"@type":"ListItem","position":3,"name":"Diapronate 100 mg\/ml"}]},{"@type":"WebSite","@id":"https:\/\/iberoid.com\/pt\/#website","url":"https:\/\/iberoid.com\/pt\/","name":"Ester\u00f3ides Online","description":"Compre ester\u00f3ides online hoje em Espanha e Portugal. Temos o melhor servi\u00e7o ao cliente do setor e produtos da mais alta qualidade","potentialAction":[{"@type":"SearchAction","target":{"@type":"EntryPoint","urlTemplate":"https:\/\/iberoid.com\/pt\/?s={search_term_string}"},"query-input":{"@type":"PropertyValueSpecification","valueRequired":true,"valueName":"search_term_string"}}],"inLanguage":"pt-PT"}]},"product_brand":"Diamond Pharma","product_price_amount":"30.00","product_price_currency":"EUR","og_availability":"out of stock","product_availability":"out of stock","product_condition":"new"},"_links":{"self":[{"href":"https:\/\/iberoid.com\/pt\/wp-json\/wp\/v2\/product\/7887","targetHints":{"allow":["GET"]}}],"collection":[{"href":"https:\/\/iberoid.com\/pt\/wp-json\/wp\/v2\/product"}],"about":[{"href":"https:\/\/iberoid.com\/pt\/wp-json\/wp\/v2\/types\/product"}],"replies":[{"embeddable":true,"href":"https:\/\/iberoid.com\/pt\/wp-json\/wp\/v2\/comments?post=7887"}],"wp:featuredmedia":[{"embeddable":true,"href":"https:\/\/iberoid.com\/pt\/wp-json\/wp\/v2\/media\/7888"}],"wp:attachment":[{"href":"https:\/\/iberoid.com\/pt\/wp-json\/wp\/v2\/media?parent=7887"}],"wp:term":[{"taxonomy":"product_brand","embeddable":true,"href":"https:\/\/iberoid.com\/pt\/wp-json\/wp\/v2\/product_brand?post=7887"},{"taxonomy":"product_cat","embeddable":true,"href":"https:\/\/iberoid.com\/pt\/wp-json\/wp\/v2\/product_cat?post=7887"},{"taxonomy":"product_tag","embeddable":true,"href":"https:\/\/iberoid.com\/pt\/wp-json\/wp\/v2\/product_tag?post=7887"}],"curies":[{"name":"wp","href":"https:\/\/api.w.org\/{rel}","templated":true}]}}