{"id":8056,"date":"2022-11-08T15:17:39","date_gmt":"2022-11-08T15:17:39","guid":{"rendered":"https:\/\/iberoid.com\/?post_type=product&#038;p=8056"},"modified":"2026-01-25T14:29:41","modified_gmt":"2026-01-25T14:29:41","slug":"pack3-clenoged-epf-premium","status":"publish","type":"product","link":"https:\/\/iberoid.com\/pt\/product\/pack3-clenoged-epf-premium\/","title":{"rendered":"PACK3 &#8211; CLENOGED"},"content":{"rendered":"<p><\/p>\n<p class=\"\" data-start=\"0\" data-end=\"79\"><strong data-start=\"0\" data-end=\"79\">Informa\u00e7\u00f5es para quem deseja comprar Clenoged da Euro Prime Pharmaceuticals<\/strong><\/p>\n<p class=\"\" data-start=\"81\" data-end=\"655\">Clenoged (Clenbuterol 40 mcg) da Euro Prime Pharmaceuticals refere-se aos beta2-adrenomim\u00e9ticos (que estimulam os receptores beta2-adren\u00e9rgicos) e \u00e9 utilizado em muitos pa\u00edses como rem\u00e9dio para asma br\u00f4nquica e outras doen\u00e7as pulmonares. Devido \u00e0 sua longa meia-vida, o clenbuterol n\u00e3o foi aprovado pela FDA para uso m\u00e9dico. Como estimulante do sistema nervoso central, age de maneira semelhante \u00e0 epinefrina, possuindo muitas semelhan\u00e7as com outros estimulantes do SNC, como a efedrina. Apesar da cren\u00e7a popular, o clenbuterol tem uma meia-vida de 35 horas, e n\u00e3o 48 horas.<\/p>\n<p class=\"\" data-start=\"657\" data-end=\"731\"><strong data-start=\"657\" data-end=\"731\">Principais benef\u00edcios do uso de Clenoged da Euro Prime Pharmaceuticals<\/strong><\/p>\n<ul data-start=\"732\" data-end=\"919\">\n<li class=\"\" data-start=\"732\" data-end=\"805\">\n<p class=\"\" data-start=\"734\" data-end=\"805\">Est\u00edmulo dos receptores beta-adren\u00e9rgicos, levando \u00e0 queima de gordura;<\/p>\n<\/li>\n<li class=\"\" data-start=\"806\" data-end=\"848\">\n<p class=\"\" data-start=\"808\" data-end=\"848\">Acelera\u00e7\u00e3o significativa do metabolismo;<\/p>\n<\/li>\n<li class=\"\" data-start=\"849\" data-end=\"919\">\n<p class=\"\" data-start=\"851\" data-end=\"919\">Est\u00edmulo dos queimadores naturais de gordura: horm\u00f4nios da tireoide.<\/p>\n<\/li>\n<\/ul>\n<p class=\"\" data-start=\"921\" data-end=\"974\"><strong data-start=\"921\" data-end=\"974\">Como tomar Clenoged da Euro Prime Pharmaceuticals<\/strong><\/p>\n<p class=\"\" data-start=\"976\" data-end=\"1258\">O clenbuterol est\u00e1 dispon\u00edvel em comprimidos de 40 mcg, embora tamb\u00e9m seja aceit\u00e1vel na forma de xarope e solu\u00e7\u00e3o para inala\u00e7\u00e3o. As doses dependem de como o usu\u00e1rio reage aos efeitos colaterais, mas geralmente s\u00e3o 3-4 comprimidos\/dia para homens e 1-2 comprimidos\/dia para mulheres.<\/p>\n<p class=\"\" data-start=\"1260\" data-end=\"1737\">O clenbuterol perde seu efeito termog\u00eanico ap\u00f3s 6-8 semanas de uso, quando a temperatura corporal retorna ao normal. Suas propriedades anab\u00f3licas\/anticatab\u00f3licas desaparecem ap\u00f3s cerca de 18 dias de uso. O uso de medicamentos de a\u00e7\u00e3o prolongada levou \u00e0 conclus\u00e3o de que o clenbuterol \u00e9 mais eficaz quando usado ciclicamente, com 2 semanas de uso seguidas de 2 semanas de descanso, e n\u00e3o mais do que 12 semanas. \u00c9 poss\u00edvel usar efedrina nas semanas de &#8220;descanso&#8221; do clenbuterol.<\/p>\n<p class=\"\" data-start=\"1739\" data-end=\"1907\">Comparando os efeitos colaterais, o clenbuterol, sem d\u00favida, \u00e9 mais suave do que o DNP, diria que at\u00e9 mais suave do que a combina\u00e7\u00e3o de EKA (efedrina-cafe\u00edna-aspirina).<\/p>\n<p class=\"\" data-start=\"1909\" data-end=\"1931\"><strong data-start=\"1909\" data-end=\"1931\">Efeitos colaterais<\/strong><\/p>\n<ul data-start=\"1932\" data-end=\"2105\">\n<li class=\"\" data-start=\"1932\" data-end=\"1940\">\n<p class=\"\" data-start=\"1934\" data-end=\"1940\">N\u00e1usea<\/p>\n<\/li>\n<li class=\"\" data-start=\"1941\" data-end=\"1949\">\n<p class=\"\" data-start=\"1943\" data-end=\"1949\">V\u00f4mito<\/p>\n<\/li>\n<li class=\"\" data-start=\"1950\" data-end=\"1971\">\n<p class=\"\" data-start=\"1952\" data-end=\"1971\">Tremores, boca seca<\/p>\n<\/li>\n<li class=\"\" data-start=\"1972\" data-end=\"1982\">\n<p class=\"\" data-start=\"1974\" data-end=\"1982\">Agita\u00e7\u00e3o<\/p>\n<\/li>\n<li class=\"\" data-start=\"1983\" data-end=\"1996\">\n<p class=\"\" data-start=\"1985\" data-end=\"1996\">Palpita\u00e7\u00f5es<\/p>\n<\/li>\n<li class=\"\" data-start=\"1997\" data-end=\"2026\">\n<p class=\"\" data-start=\"1999\" data-end=\"2026\">Aumento da press\u00e3o arterial<\/p>\n<\/li>\n<li class=\"\" data-start=\"2027\" data-end=\"2042\">\n<p class=\"\" data-start=\"2029\" data-end=\"2042\">Dor de cabe\u00e7a<\/p>\n<\/li>\n<li class=\"\" data-start=\"2043\" data-end=\"2052\">\n<p class=\"\" data-start=\"2045\" data-end=\"2052\">Tontura<\/p>\n<\/li>\n<li class=\"\" data-start=\"2053\" data-end=\"2062\">\n<p class=\"\" data-start=\"2055\" data-end=\"2062\">Ins\u00f4nia<\/p>\n<\/li>\n<li class=\"\" data-start=\"2063\" data-end=\"2083\">\n<p class=\"\" data-start=\"2065\" data-end=\"2083\">C\u00e3ibras musculares<\/p>\n<\/li>\n<li class=\"\" data-start=\"2084\" data-end=\"2105\">\n<p class=\"\" data-start=\"2086\" data-end=\"2105\">Aumento da sudorese<\/p>\n<\/li>\n<\/ul>\n<p class=\"\" data-start=\"2107\" data-end=\"2165\"><strong data-start=\"2107\" data-end=\"2165\">Combina\u00e7\u00e3o de Clenoged 0,04 mg com outros medicamentos<\/strong><\/p>\n<p class=\"\" data-start=\"2167\" data-end=\"2256\">Para minimizar os efeitos colaterais, o clenbuterol deve ser tomado junto com ketotifeno.<\/p>\n<p class=\"\" data-start=\"2258\" data-end=\"2314\"><strong data-start=\"2258\" data-end=\"2314\">Avalia\u00e7\u00f5es de Clenoged por atletas e fisiculturistas<\/strong><\/p>\n<p class=\"\" data-start=\"2316\" data-end=\"3041\">De acordo com os atletas, durante o per\u00edodo de secagem, o Clenoged da Euro Prime Pharmaceuticals ajuda especialmente. H\u00e1 um aumento na taxa de queima de gordura, e durante o per\u00edodo de duas semanas de uso, pode-se perder at\u00e9 5 quilos de massa gorda. Um momento agrad\u00e1vel \u00e9 o aumento de energia que acompanha o uso, especialmente apreciado durante dietas de baixo carboidrato. Ao mesmo tempo, tamb\u00e9m existem efeitos colaterais fortes. Geralmente, tremores e agita\u00e7\u00e3o acompanham os primeiros dias do ciclo, independentemente de o atleta estar usando clenbuterol pela primeira vez. Claro que a lip\u00f3lise acelerada vale a pena! Especialmente para atletas que acabaram de voltar de um per\u00edodo de descanso e precisam secar um pouco.<\/p>\n<p><\/p>","protected":false},"excerpt":{"rendered":"<p>Informa\u00e7\u00f5es para quem deseja comprar Clenoged da Euro Prime Pharmaceuticals Clenoged (Clenbuterol 40 mcg) da Euro Prime Pharmaceuticals refere-se aos<\/p>\n","protected":false},"featured_media":8057,"comment_status":"open","ping_status":"closed","template":"","meta":[],"product_brand":[],"product_cat":[73,3474],"product_tag":[],"class_list":{"0":"post-8056","1":"product","2":"type-product","3":"status-publish","4":"has-post-thumbnail","6":"product_cat-ssteroides_orales","7":"product_cat-packs","9":"first","10":"outofstock","11":"sale","12":"shipping-taxable","13":"purchasable","14":"product-type-simple"},"yoast_head":"<!-- This site is optimized with the Yoast SEO Premium plugin v24.4 (Yoast SEO v27.0) - https:\/\/yoast.com\/product\/yoast-seo-premium-wordpress\/ -->\n<title>PACK3 - CLENOGED - Ester\u00f3ides Online<\/title>\n<meta name=\"description\" content=\"Clenoged (Clembuterol): Agonista beta2 para queima de gordura e aumento do metabolismo. Estimulante do SNC, inicialmente para asma.\" \/>\n<meta name=\"robots\" content=\"index, follow, max-snippet:-1, max-image-preview:large, max-video-preview:-1\" \/>\n<link rel=\"canonical\" href=\"https:\/\/iberoid.com\/pt\/product\/pack3-clenoged-epf-premium\/\" \/>\n<meta property=\"og:locale\" content=\"pt_PT\" \/>\n<meta property=\"og:type\" content=\"article\" \/>\n<meta property=\"og:title\" content=\"PACK3 - CLENOGED\" \/>\n<meta property=\"og:description\" content=\"Clenoged (Clembuterol): Agonista beta2 para queima de gordura e aumento do metabolismo. Estimulante do SNC, inicialmente para asma.\" \/>\n<meta property=\"og:url\" content=\"https:\/\/iberoid.com\/pt\/product\/pack3-clenoged-epf-premium\/\" \/>\n<meta property=\"og:site_name\" content=\"Ester\u00f3ides Online\" \/>\n<meta property=\"article:modified_time\" content=\"2026-01-25T14:29:41+00:00\" \/>\n<meta property=\"og:image\" content=\"https:\/\/iberoid.com\/wp-content\/uploads\/2022\/11\/clen-epf-3.jpg?v=1751975723\" \/>\n\t<meta property=\"og:image:width\" content=\"1167\" \/>\n\t<meta property=\"og:image:height\" content=\"2045\" \/>\n\t<meta property=\"og:image:type\" content=\"image\/jpeg\" \/>\n<meta name=\"twitter:card\" content=\"summary_large_image\" \/>\n<meta name=\"twitter:label1\" content=\"pre\u00e7o\" \/>\n\t<meta name=\"twitter:data1\" content=\"&euro;75.00\" \/>\n\t<meta name=\"twitter:label2\" content=\"Disponibilidade\" \/>\n\t<meta name=\"twitter:data2\" content=\"Esgotado\" \/>\n<script type=\"application\/ld+json\" class=\"yoast-schema-graph\">{\"@context\":\"https:\/\/schema.org\",\"@graph\":[{\"@type\":\"WebPage\",\"@id\":\"https:\/\/iberoid.com\/pt\/product\/pack3-clenoged-epf-premium\/\",\"url\":\"https:\/\/iberoid.com\/pt\/product\/pack3-clenoged-epf-premium\/\",\"name\":\"PACK3 - CLENOGED - Ester\u00f3ides Online\",\"isPartOf\":{\"@id\":\"https:\/\/iberoid-shop.com\/#website\"},\"primaryImageOfPage\":{\"@id\":\"https:\/\/iberoid.com\/pt\/product\/pack3-clenoged-epf-premium\/#primaryimage\"},\"image\":{\"@id\":\"https:\/\/iberoid.com\/pt\/product\/pack3-clenoged-epf-premium\/#primaryimage\"},\"thumbnailUrl\":\"https:\/\/iberoid.com\/wp-content\/uploads\/2022\/11\/clen-epf-3.jpg?v=1751975723\",\"datePublished\":\"2022-11-08T15:17:39+00:00\",\"dateModified\":\"2026-01-25T14:29:41+00:00\",\"description\":\"Clenoged (Clembuterol): Agonista beta2 para queima de gordura e aumento do metabolismo. Estimulante do SNC, inicialmente para asma.\",\"breadcrumb\":{\"@id\":\"https:\/\/iberoid.com\/pt\/product\/pack3-clenoged-epf-premium\/#breadcrumb\"},\"inLanguage\":\"pt-PT\",\"potentialAction\":[{\"@type\":\"ReadAction\",\"target\":[[\"https:\/\/iberoid.com\/pt\/product\/pack3-clenoged-epf-premium\/\"]]}]},{\"@type\":\"ImageObject\",\"inLanguage\":\"pt-PT\",\"@id\":\"https:\/\/iberoid.com\/pt\/product\/pack3-clenoged-epf-premium\/#primaryimage\",\"url\":\"https:\/\/iberoid.com\/wp-content\/uploads\/2022\/11\/clen-epf-3.jpg?v=1751975723\",\"contentUrl\":\"https:\/\/iberoid.com\/wp-content\/uploads\/2022\/11\/clen-epf-3.jpg?v=1751975723\",\"width\":1167,\"height\":2045},{\"@type\":\"BreadcrumbList\",\"@id\":\"https:\/\/iberoid.com\/pt\/product\/pack3-clenoged-epf-premium\/#breadcrumb\",\"itemListElement\":[{\"@type\":\"ListItem\",\"position\":1,\"name\":\"Portada\",\"item\":\"https:\/\/iberoid.com\/pt\/\"},{\"@type\":\"ListItem\",\"position\":2,\"name\":\"Loja\",\"item\":\"https:\/\/iberoid.com\/pt\/shop\/\"},{\"@type\":\"ListItem\",\"position\":3,\"name\":\"PACK3 &#8211; CLENOGED\"}]},{\"@type\":\"WebSite\",\"@id\":\"https:\/\/iberoid-shop.com\/#website\",\"url\":\"https:\/\/iberoid-shop.com\/\",\"name\":\"Ester\u00f3ides Online\",\"description\":\"Compre ester\u00f3ides online hoje em Espanha e Portugal. Temos o melhor servi\u00e7o ao cliente do setor e produtos da mais alta qualidade\",\"potentialAction\":[{\"@type\":\"SearchAction\",\"target\":{\"@type\":\"EntryPoint\",\"urlTemplate\":\"https:\/\/iberoid-shop.com\/?s={search_term_string}\"},\"query-input\":{\"@type\":\"PropertyValueSpecification\",\"valueRequired\":true,\"valueName\":\"search_term_string\"}}],\"inLanguage\":\"pt-PT\"}]}<\/script>\n<meta property=\"product:price:amount\" content=\"75.00\" \/>\n<meta property=\"product:price:currency\" content=\"EUR\" \/>\n<meta property=\"og:availability\" content=\"out of stock\" \/>\n<meta property=\"product:availability\" content=\"out of stock\" \/>\n<meta property=\"product:condition\" content=\"new\" \/>\n<!-- \/ Yoast SEO Premium plugin. -->","yoast_head_json":{"title":"PACK3 - CLENOGED - Ester\u00f3ides Online","description":"Clenoged (Clembuterol): Agonista beta2 para queima de gordura e aumento do metabolismo. Estimulante do SNC, inicialmente para asma.","robots":{"index":"index","follow":"follow","max-snippet":"max-snippet:-1","max-image-preview":"max-image-preview:large","max-video-preview":"max-video-preview:-1"},"canonical":"https:\/\/iberoid.com\/pt\/product\/pack3-clenoged-epf-premium\/","og_locale":"pt_PT","og_type":"article","og_title":"PACK3 - CLENOGED","og_description":"Clenoged (Clembuterol): Agonista beta2 para queima de gordura e aumento do metabolismo. Estimulante do SNC, inicialmente para asma.","og_url":"https:\/\/iberoid.com\/pt\/product\/pack3-clenoged-epf-premium\/","og_site_name":"Ester\u00f3ides Online","article_modified_time":"2026-01-25T14:29:41+00:00","og_image":[{"width":1167,"height":2045,"url":"https:\/\/iberoid.com\/wp-content\/uploads\/2022\/11\/clen-epf-3.jpg?v=1751975723","type":"image\/jpeg"}],"twitter_card":"summary_large_image","twitter_misc":{"pre\u00e7o":"&euro;75.00","Disponibilidade":"Esgotado"},"schema":{"@context":"https:\/\/schema.org","@graph":[{"@type":"WebPage","@id":"https:\/\/iberoid.com\/pt\/product\/pack3-clenoged-epf-premium\/","url":"https:\/\/iberoid.com\/pt\/product\/pack3-clenoged-epf-premium\/","name":"PACK3 - CLENOGED - Ester\u00f3ides Online","isPartOf":{"@id":"https:\/\/iberoid-shop.com\/#website"},"primaryImageOfPage":{"@id":"https:\/\/iberoid.com\/pt\/product\/pack3-clenoged-epf-premium\/#primaryimage"},"image":{"@id":"https:\/\/iberoid.com\/pt\/product\/pack3-clenoged-epf-premium\/#primaryimage"},"thumbnailUrl":"https:\/\/iberoid.com\/wp-content\/uploads\/2022\/11\/clen-epf-3.jpg?v=1751975723","datePublished":"2022-11-08T15:17:39+00:00","dateModified":"2026-01-25T14:29:41+00:00","description":"Clenoged (Clembuterol): Agonista beta2 para queima de gordura e aumento do metabolismo. Estimulante do SNC, inicialmente para asma.","breadcrumb":{"@id":"https:\/\/iberoid.com\/pt\/product\/pack3-clenoged-epf-premium\/#breadcrumb"},"inLanguage":"pt-PT","potentialAction":[{"@type":"ReadAction","target":[["https:\/\/iberoid.com\/pt\/product\/pack3-clenoged-epf-premium\/"]]}]},{"@type":"ImageObject","inLanguage":"pt-PT","@id":"https:\/\/iberoid.com\/pt\/product\/pack3-clenoged-epf-premium\/#primaryimage","url":"https:\/\/iberoid.com\/wp-content\/uploads\/2022\/11\/clen-epf-3.jpg?v=1751975723","contentUrl":"https:\/\/iberoid.com\/wp-content\/uploads\/2022\/11\/clen-epf-3.jpg?v=1751975723","width":1167,"height":2045},{"@type":"BreadcrumbList","@id":"https:\/\/iberoid.com\/pt\/product\/pack3-clenoged-epf-premium\/#breadcrumb","itemListElement":[{"@type":"ListItem","position":1,"name":"Portada","item":"https:\/\/iberoid.com\/pt\/"},{"@type":"ListItem","position":2,"name":"Loja","item":"https:\/\/iberoid.com\/pt\/shop\/"},{"@type":"ListItem","position":3,"name":"PACK3 &#8211; CLENOGED"}]},{"@type":"WebSite","@id":"https:\/\/iberoid-shop.com\/#website","url":"https:\/\/iberoid-shop.com\/","name":"Ester\u00f3ides Online","description":"Compre ester\u00f3ides online hoje em Espanha e Portugal. Temos o melhor servi\u00e7o ao cliente do setor e produtos da mais alta qualidade","potentialAction":[{"@type":"SearchAction","target":{"@type":"EntryPoint","urlTemplate":"https:\/\/iberoid-shop.com\/?s={search_term_string}"},"query-input":{"@type":"PropertyValueSpecification","valueRequired":true,"valueName":"search_term_string"}}],"inLanguage":"pt-PT"}]},"product_price_amount":"75.00","product_price_currency":"EUR","og_availability":"out of stock","product_availability":"out of stock","product_condition":"new"},"_links":{"self":[{"href":"https:\/\/iberoid.com\/pt\/wp-json\/wp\/v2\/product\/8056","targetHints":{"allow":["GET"]}}],"collection":[{"href":"https:\/\/iberoid.com\/pt\/wp-json\/wp\/v2\/product"}],"about":[{"href":"https:\/\/iberoid.com\/pt\/wp-json\/wp\/v2\/types\/product"}],"replies":[{"embeddable":true,"href":"https:\/\/iberoid.com\/pt\/wp-json\/wp\/v2\/comments?post=8056"}],"wp:featuredmedia":[{"embeddable":true,"href":"https:\/\/iberoid.com\/pt\/wp-json\/wp\/v2\/media\/8057"}],"wp:attachment":[{"href":"https:\/\/iberoid.com\/pt\/wp-json\/wp\/v2\/media?parent=8056"}],"wp:term":[{"taxonomy":"product_brand","embeddable":true,"href":"https:\/\/iberoid.com\/pt\/wp-json\/wp\/v2\/product_brand?post=8056"},{"taxonomy":"product_cat","embeddable":true,"href":"https:\/\/iberoid.com\/pt\/wp-json\/wp\/v2\/product_cat?post=8056"},{"taxonomy":"product_tag","embeddable":true,"href":"https:\/\/iberoid.com\/pt\/wp-json\/wp\/v2\/product_tag?post=8056"}],"curies":[{"name":"wp","href":"https:\/\/api.w.org\/{rel}","templated":true}]}}