{"id":8064,"date":"2022-11-10T19:11:39","date_gmt":"2022-11-10T19:11:39","guid":{"rendered":"https:\/\/iberoid.com\/?post_type=product&#038;p=8064"},"modified":"2026-01-25T14:29:26","modified_gmt":"2026-01-25T14:29:26","slug":"clenoged-premium-clenbuterol-epf","status":"publish","type":"product","link":"https:\/\/iberoid.com\/pt\/product\/clenoged-premium-clenbuterol-epf\/","title":{"rendered":"CLENOGED PREMIUM (CLENBUTEROL)"},"content":{"rendered":"<p><\/p>\n<p class=\"\" data-start=\"0\" data-end=\"1516\"><strong data-start=\"0\" data-end=\"12\">CLENOGED<\/strong> \u00e9 um composto sint\u00e9tico desenvolvido originalmente para o tratamento de doen\u00e7as respirat\u00f3rias como asma, bronquite cr\u00f4nica e outros dist\u00farbios acompanhados de espasmos br\u00f4nquicos. Seu mecanismo de a\u00e7\u00e3o envolve o relaxamento dos m\u00fasculos lisos dos br\u00f4nquios, facilitando a respira\u00e7\u00e3o. Na medicina humana, o clembuterol \u00e9 aprovado para uso em alguns pa\u00edses, enquanto em outros seu uso \u00e9 restrito \u00e0 medicina veterin\u00e1ria. Apesar disso, a subst\u00e2ncia ganhou ampla popularidade nas comunidades de fitness e muscula\u00e7\u00e3o devido \u00e0s suas potentes propriedades lipol\u00edticas. Ele acelera o metabolismo, promove a quebra de c\u00e9lulas de gordura e aumenta a temperatura corporal central, estimulando o corpo a gastar mais energia mesmo em repouso. Uma das principais vantagens do clembuterol \u00e9 sua capacidade de queimar gordura sem comprometer a massa muscular, sendo especialmente valioso durante fases de defini\u00e7\u00e3o. Tamb\u00e9m melhora a resist\u00eancia e a for\u00e7a, tornando-o adequado para atletas em prepara\u00e7\u00e3o para competi\u00e7\u00f5es. Por essas caracter\u00edsticas, o clembuterol tornou-se um agente popular em programas de perda de peso e transforma\u00e7\u00e3o corporal. Est\u00e1 dispon\u00edvel em comprimidos, permitindo administra\u00e7\u00e3o flex\u00edvel adaptada aos objetivos e prefer\u00eancias pessoais. Devido \u00e0 sua alta pot\u00eancia, a dosagem deve ser escolhida individualmente, com titula\u00e7\u00e3o gradual. Embora seja utilizado fora de indica\u00e7\u00e3o m\u00e9dica, muitos usu\u00e1rios relatam efeitos percept\u00edveis quando seguem corretamente os protocolos de dosagem e hor\u00e1rios de uso.<\/p>\n<p class=\"\" data-start=\"1518\" data-end=\"1577\"><strong data-start=\"1518\" data-end=\"1577\">Por que o CLENOGED \u00e9 necess\u00e1rio e para quem \u00e9 indicado?<\/strong><\/p>\n<p class=\"\" data-start=\"1579\" data-end=\"3349\">CLENOGED \u00e9 procurado principalmente como um poderoso estimulante lipol\u00edtico utilizado em pr\u00e1ticas esportivas e est\u00e9ticas. Sua fun\u00e7\u00e3o principal \u00e9 ativar processos metab\u00f3licos e promover r\u00e1pida perda de gordura subcut\u00e2nea, tornando-o atraente para pessoas que desejam reduzir o peso corporal, melhorar a defini\u00e7\u00e3o e otimizar a composi\u00e7\u00e3o corporal. \u00c9 especialmente relevante para atletas profissionais, fisiculturistas e para quem se prepara para sess\u00f5es de fotos, competi\u00e7\u00f5es ou busca resultados vis\u00edveis mais r\u00e1pidos, em combina\u00e7\u00e3o com uma dieta e treino estruturados. CLENOGED tamb\u00e9m \u00e9 comumente usado por mulheres que desejam reduzir dep\u00f3sitos localizados de gordura, especialmente na cintura, quadris e abd\u00f4men, sem perder massa muscular. Gra\u00e7as \u00e0 sua capacidade de preservar o m\u00fasculo durante restri\u00e7\u00f5es cal\u00f3ricas, \u00e9 frequentemente inclu\u00eddo em programas de defini\u00e7\u00e3o e prepara\u00e7\u00e3o pr\u00e9-competi\u00e7\u00e3o. Para al\u00e9m de fins est\u00e9ticos, o clembuterol pode ser usado em protocolos de reabilita\u00e7\u00e3o, por exemplo, para ajudar na recupera\u00e7\u00e3o ap\u00f3s doen\u00e7as prolongadas associadas \u00e0 perda muscular e redu\u00e7\u00e3o da atividade f\u00edsica. Nesses casos, seus efeitos sobre o sistema nervoso central e metabolismo contribuem para uma recupera\u00e7\u00e3o mais r\u00e1pida. Tamb\u00e9m pode ser \u00fatil para pessoas com metabolismo lento, especialmente durante plat\u00f4s de perda de peso em que dietas e exerc\u00edcios convencionais deixam de ser eficazes. \u00c9 importante reconhecer que o clembuterol n\u00e3o \u00e9 uma solu\u00e7\u00e3o m\u00e1gica nem substitui a atividade f\u00edsica e a nutri\u00e7\u00e3o adequada. Em vez disso, \u00e9 uma ferramenta que funciona melhor dentro de um sistema disciplinado. \u00c9 utilizado por aqueles que j\u00e1 seguem um estilo de vida estruturado e desejam melhorar a efici\u00eancia da rotina \u2014 n\u00e3o por quem procura atalhos f\u00e1ceis para emagrecer.<\/p>\n<p class=\"\" data-start=\"3351\" data-end=\"3429\"><strong data-start=\"3351\" data-end=\"3429\">Quais s\u00e3o as vantagens do CLENOGED em rela\u00e7\u00e3o a outros produtos similares?<\/strong><\/p>\n<p class=\"\" data-start=\"3431\" data-end=\"5134\">CLENOGED se destaca de outros agentes termog\u00eanicos em v\u00e1rios aspectos importantes. Em primeiro lugar, sua capacidade de preservar massa muscular durante a queima intensa de gordura o diferencia de muitos termog\u00eanicos que levam ao catabolismo. Ele n\u00e3o apenas ativa os receptores \u03b22 para promover a lip\u00f3lise, mas tamb\u00e9m protege as fibras musculares, sendo indispens\u00e1vel durante ciclos de defini\u00e7\u00e3o. Em segundo lugar, o clembuterol n\u00e3o cont\u00e9m estimulantes comuns como cafe\u00edna, efedrina ou ioimbina, conhecidos por causar altera\u00e7\u00f5es na press\u00e3o arterial, ansiedade e ins\u00f4nia. Isso torna seu uso mais toler\u00e1vel e percebido como uma abordagem mais limpa e control\u00e1vel para o controle de peso. Em terceiro lugar, sua longa meia-vida (at\u00e9 36 horas) garante um efeito est\u00e1vel ao longo do dia, ao contr\u00e1rio de compostos de a\u00e7\u00e3o curta cuja efic\u00e1cia se dissipa em poucas horas. Isso permite uma estimula\u00e7\u00e3o metab\u00f3lica constante, sem picos e quedas de energia. Em quarto lugar, ele fornece est\u00edmulo adicional ao sistema nervoso central, aumentando o foco, a resist\u00eancia e a motiva\u00e7\u00e3o \u2014 especialmente durante fases de d\u00e9ficit cal\u00f3rico, quando os n\u00edveis de energia tendem a cair. Tamb\u00e9m \u00e9 importante destacar que, ao contr\u00e1rio de esteroides anabolizantes, o clembuterol n\u00e3o afeta diretamente o sistema hormonal e n\u00e3o exige terapia p\u00f3s-ciclo para restaura\u00e7\u00e3o de testosterona. \u00c9 considerado uma op\u00e7\u00e3o \u201cleve\u201d entre as subst\u00e2ncias de transforma\u00e7\u00e3o corporal, o que aumenta seu apelo entre os iniciantes. Por fim, o clembuterol \u00e9 adequado tanto para homens quanto para mulheres devido ao seu perfil de a\u00e7\u00e3o neutro e \u00e0 possibilidade de ajustar as doses com flexibilidade, de acordo com o peso corporal e os objetivos do ciclo.<\/p>\n<p><\/p>","protected":false},"excerpt":{"rendered":"<p>CLENOGED \u00e9 um composto sint\u00e9tico desenvolvido originalmente para o tratamento de doen\u00e7as respirat\u00f3rias como asma, bronquite cr\u00f4nica e outros dist\u00farbios<\/p>\n","protected":false},"featured_media":8065,"comment_status":"open","ping_status":"closed","template":"","meta":[],"product_brand":[],"product_cat":[73],"product_tag":[],"class_list":{"0":"post-8064","1":"product","2":"type-product","3":"status-publish","4":"has-post-thumbnail","6":"product_cat-ssteroides_orales","8":"first","9":"outofstock","10":"sale","11":"shipping-taxable","12":"purchasable","13":"product-type-simple"},"yoast_head":"<!-- This site is optimized with the Yoast SEO Premium plugin v24.4 (Yoast SEO v27.0) - https:\/\/yoast.com\/product\/yoast-seo-premium-wordpress\/ -->\n<title>CLENOGED PREMIUM (CLENBUTEROL) - Ester\u00f3ides Online<\/title>\n<meta name=\"description\" content=\"CLENOGED \u00e9 um potente agente lipol\u00edtico que queima gordura, acelera o metabolismo e preserva a massa muscular, aumentando a defini\u00e7\u00e3o e a resist\u00eancia f\u00edsica.\" \/>\n<meta name=\"robots\" content=\"index, follow, max-snippet:-1, max-image-preview:large, max-video-preview:-1\" \/>\n<link rel=\"canonical\" href=\"https:\/\/iberoid.com\/pt\/product\/clenoged-premium-clenbuterol-epf\/\" \/>\n<meta property=\"og:locale\" content=\"pt_PT\" \/>\n<meta property=\"og:type\" content=\"article\" \/>\n<meta property=\"og:title\" content=\"CLENOGED PREMIUM (CLENBUTEROL)\" \/>\n<meta property=\"og:description\" content=\"CLENOGED \u00e9 um potente agente lipol\u00edtico que queima gordura, acelera o metabolismo e preserva a massa muscular, aumentando a defini\u00e7\u00e3o e a resist\u00eancia f\u00edsica.\" \/>\n<meta property=\"og:url\" content=\"https:\/\/iberoid.com\/pt\/product\/clenoged-premium-clenbuterol-epf\/\" \/>\n<meta property=\"og:site_name\" content=\"Ester\u00f3ides Online\" \/>\n<meta property=\"article:modified_time\" content=\"2026-01-25T14:29:26+00:00\" \/>\n<meta property=\"og:image\" content=\"https:\/\/iberoid.com\/wp-content\/uploads\/2022\/11\/epfcln1.jpg?v=1751975718\" \/>\n\t<meta property=\"og:image:width\" content=\"406\" \/>\n\t<meta property=\"og:image:height\" content=\"482\" \/>\n\t<meta property=\"og:image:type\" content=\"image\/jpeg\" \/>\n<meta name=\"twitter:card\" content=\"summary_large_image\" \/>\n<meta name=\"twitter:label1\" content=\"pre\u00e7o\" \/>\n\t<meta name=\"twitter:data1\" content=\"&euro;30.00\" \/>\n\t<meta name=\"twitter:label2\" content=\"Disponibilidade\" \/>\n\t<meta name=\"twitter:data2\" content=\"Esgotado\" \/>\n<script type=\"application\/ld+json\" class=\"yoast-schema-graph\">{\"@context\":\"https:\/\/schema.org\",\"@graph\":[{\"@type\":\"WebPage\",\"@id\":\"https:\/\/iberoid.com\/pt\/product\/clenoged-premium-clenbuterol-epf\/\",\"url\":\"https:\/\/iberoid.com\/pt\/product\/clenoged-premium-clenbuterol-epf\/\",\"name\":\"CLENOGED PREMIUM (CLENBUTEROL) - Ester\u00f3ides Online\",\"isPartOf\":{\"@id\":\"https:\/\/iberoid.com\/pt\/#website\"},\"primaryImageOfPage\":{\"@id\":\"https:\/\/iberoid.com\/pt\/product\/clenoged-premium-clenbuterol-epf\/#primaryimage\"},\"image\":{\"@id\":\"https:\/\/iberoid.com\/pt\/product\/clenoged-premium-clenbuterol-epf\/#primaryimage\"},\"thumbnailUrl\":\"https:\/\/iberoid.com\/wp-content\/uploads\/2022\/11\/epfcln1.jpg?v=1751975718\",\"datePublished\":\"2022-11-10T19:11:39+00:00\",\"dateModified\":\"2026-01-25T14:29:26+00:00\",\"description\":\"CLENOGED \u00e9 um potente agente lipol\u00edtico que queima gordura, acelera o metabolismo e preserva a massa muscular, aumentando a defini\u00e7\u00e3o e a resist\u00eancia f\u00edsica.\",\"breadcrumb\":{\"@id\":\"https:\/\/iberoid.com\/pt\/product\/clenoged-premium-clenbuterol-epf\/#breadcrumb\"},\"inLanguage\":\"pt-PT\",\"potentialAction\":[{\"@type\":\"ReadAction\",\"target\":[[\"https:\/\/iberoid.com\/pt\/product\/clenoged-premium-clenbuterol-epf\/\"]]}]},{\"@type\":\"ImageObject\",\"inLanguage\":\"pt-PT\",\"@id\":\"https:\/\/iberoid.com\/pt\/product\/clenoged-premium-clenbuterol-epf\/#primaryimage\",\"url\":\"https:\/\/iberoid.com\/wp-content\/uploads\/2022\/11\/epfcln1.jpg?v=1751975718\",\"contentUrl\":\"https:\/\/iberoid.com\/wp-content\/uploads\/2022\/11\/epfcln1.jpg?v=1751975718\",\"width\":406,\"height\":482},{\"@type\":\"BreadcrumbList\",\"@id\":\"https:\/\/iberoid.com\/pt\/product\/clenoged-premium-clenbuterol-epf\/#breadcrumb\",\"itemListElement\":[{\"@type\":\"ListItem\",\"position\":1,\"name\":\"Portada\",\"item\":\"https:\/\/iberoid.com\/pt\/\"},{\"@type\":\"ListItem\",\"position\":2,\"name\":\"Loja\",\"item\":\"https:\/\/iberoid.com\/pt\/shop\/\"},{\"@type\":\"ListItem\",\"position\":3,\"name\":\"CLENOGED PREMIUM (CLENBUTEROL)\"}]},{\"@type\":\"WebSite\",\"@id\":\"https:\/\/iberoid.com\/pt\/#website\",\"url\":\"https:\/\/iberoid.com\/pt\/\",\"name\":\"Ester\u00f3ides Online\",\"description\":\"Compre ester\u00f3ides online hoje em Espanha e Portugal. Temos o melhor servi\u00e7o ao cliente do setor e produtos da mais alta qualidade\",\"potentialAction\":[{\"@type\":\"SearchAction\",\"target\":{\"@type\":\"EntryPoint\",\"urlTemplate\":\"https:\/\/iberoid.com\/pt\/?s={search_term_string}\"},\"query-input\":{\"@type\":\"PropertyValueSpecification\",\"valueRequired\":true,\"valueName\":\"search_term_string\"}}],\"inLanguage\":\"pt-PT\"}]}<\/script>\n<meta property=\"product:brand\" content=\"Euro Prime Pharmaceuticals (EPF)\" \/>\n<meta property=\"product:price:amount\" content=\"30.00\" \/>\n<meta property=\"product:price:currency\" content=\"EUR\" \/>\n<meta property=\"og:availability\" content=\"out of stock\" \/>\n<meta property=\"product:availability\" content=\"out of stock\" \/>\n<meta property=\"product:condition\" content=\"new\" \/>\n<!-- \/ Yoast SEO Premium plugin. -->","yoast_head_json":{"title":"CLENOGED PREMIUM (CLENBUTEROL) - Ester\u00f3ides Online","description":"CLENOGED \u00e9 um potente agente lipol\u00edtico que queima gordura, acelera o metabolismo e preserva a massa muscular, aumentando a defini\u00e7\u00e3o e a resist\u00eancia f\u00edsica.","robots":{"index":"index","follow":"follow","max-snippet":"max-snippet:-1","max-image-preview":"max-image-preview:large","max-video-preview":"max-video-preview:-1"},"canonical":"https:\/\/iberoid.com\/pt\/product\/clenoged-premium-clenbuterol-epf\/","og_locale":"pt_PT","og_type":"article","og_title":"CLENOGED PREMIUM (CLENBUTEROL)","og_description":"CLENOGED \u00e9 um potente agente lipol\u00edtico que queima gordura, acelera o metabolismo e preserva a massa muscular, aumentando a defini\u00e7\u00e3o e a resist\u00eancia f\u00edsica.","og_url":"https:\/\/iberoid.com\/pt\/product\/clenoged-premium-clenbuterol-epf\/","og_site_name":"Ester\u00f3ides Online","article_modified_time":"2026-01-25T14:29:26+00:00","og_image":[{"width":406,"height":482,"url":"https:\/\/iberoid.com\/wp-content\/uploads\/2022\/11\/epfcln1.jpg?v=1751975718","type":"image\/jpeg"}],"twitter_card":"summary_large_image","twitter_misc":{"pre\u00e7o":"&euro;30.00","Disponibilidade":"Esgotado"},"schema":{"@context":"https:\/\/schema.org","@graph":[{"@type":"WebPage","@id":"https:\/\/iberoid.com\/pt\/product\/clenoged-premium-clenbuterol-epf\/","url":"https:\/\/iberoid.com\/pt\/product\/clenoged-premium-clenbuterol-epf\/","name":"CLENOGED PREMIUM (CLENBUTEROL) - Ester\u00f3ides Online","isPartOf":{"@id":"https:\/\/iberoid.com\/pt\/#website"},"primaryImageOfPage":{"@id":"https:\/\/iberoid.com\/pt\/product\/clenoged-premium-clenbuterol-epf\/#primaryimage"},"image":{"@id":"https:\/\/iberoid.com\/pt\/product\/clenoged-premium-clenbuterol-epf\/#primaryimage"},"thumbnailUrl":"https:\/\/iberoid.com\/wp-content\/uploads\/2022\/11\/epfcln1.jpg?v=1751975718","datePublished":"2022-11-10T19:11:39+00:00","dateModified":"2026-01-25T14:29:26+00:00","description":"CLENOGED \u00e9 um potente agente lipol\u00edtico que queima gordura, acelera o metabolismo e preserva a massa muscular, aumentando a defini\u00e7\u00e3o e a resist\u00eancia f\u00edsica.","breadcrumb":{"@id":"https:\/\/iberoid.com\/pt\/product\/clenoged-premium-clenbuterol-epf\/#breadcrumb"},"inLanguage":"pt-PT","potentialAction":[{"@type":"ReadAction","target":[["https:\/\/iberoid.com\/pt\/product\/clenoged-premium-clenbuterol-epf\/"]]}]},{"@type":"ImageObject","inLanguage":"pt-PT","@id":"https:\/\/iberoid.com\/pt\/product\/clenoged-premium-clenbuterol-epf\/#primaryimage","url":"https:\/\/iberoid.com\/wp-content\/uploads\/2022\/11\/epfcln1.jpg?v=1751975718","contentUrl":"https:\/\/iberoid.com\/wp-content\/uploads\/2022\/11\/epfcln1.jpg?v=1751975718","width":406,"height":482},{"@type":"BreadcrumbList","@id":"https:\/\/iberoid.com\/pt\/product\/clenoged-premium-clenbuterol-epf\/#breadcrumb","itemListElement":[{"@type":"ListItem","position":1,"name":"Portada","item":"https:\/\/iberoid.com\/pt\/"},{"@type":"ListItem","position":2,"name":"Loja","item":"https:\/\/iberoid.com\/pt\/shop\/"},{"@type":"ListItem","position":3,"name":"CLENOGED PREMIUM (CLENBUTEROL)"}]},{"@type":"WebSite","@id":"https:\/\/iberoid.com\/pt\/#website","url":"https:\/\/iberoid.com\/pt\/","name":"Ester\u00f3ides Online","description":"Compre ester\u00f3ides online hoje em Espanha e Portugal. Temos o melhor servi\u00e7o ao cliente do setor e produtos da mais alta qualidade","potentialAction":[{"@type":"SearchAction","target":{"@type":"EntryPoint","urlTemplate":"https:\/\/iberoid.com\/pt\/?s={search_term_string}"},"query-input":{"@type":"PropertyValueSpecification","valueRequired":true,"valueName":"search_term_string"}}],"inLanguage":"pt-PT"}]},"product_brand":"Euro Prime Pharmaceuticals (EPF)","product_price_amount":"30.00","product_price_currency":"EUR","og_availability":"out of stock","product_availability":"out of stock","product_condition":"new"},"_links":{"self":[{"href":"https:\/\/iberoid.com\/pt\/wp-json\/wp\/v2\/product\/8064","targetHints":{"allow":["GET"]}}],"collection":[{"href":"https:\/\/iberoid.com\/pt\/wp-json\/wp\/v2\/product"}],"about":[{"href":"https:\/\/iberoid.com\/pt\/wp-json\/wp\/v2\/types\/product"}],"replies":[{"embeddable":true,"href":"https:\/\/iberoid.com\/pt\/wp-json\/wp\/v2\/comments?post=8064"}],"wp:featuredmedia":[{"embeddable":true,"href":"https:\/\/iberoid.com\/pt\/wp-json\/wp\/v2\/media\/8065"}],"wp:attachment":[{"href":"https:\/\/iberoid.com\/pt\/wp-json\/wp\/v2\/media?parent=8064"}],"wp:term":[{"taxonomy":"product_brand","embeddable":true,"href":"https:\/\/iberoid.com\/pt\/wp-json\/wp\/v2\/product_brand?post=8064"},{"taxonomy":"product_cat","embeddable":true,"href":"https:\/\/iberoid.com\/pt\/wp-json\/wp\/v2\/product_cat?post=8064"},{"taxonomy":"product_tag","embeddable":true,"href":"https:\/\/iberoid.com\/pt\/wp-json\/wp\/v2\/product_tag?post=8064"}],"curies":[{"name":"wp","href":"https:\/\/api.w.org\/{rel}","templated":true}]}}