{"id":8230,"date":"2023-02-07T21:27:47","date_gmt":"2023-02-07T21:27:47","guid":{"rendered":"https:\/\/iberoid.com\/?post_type=product&#038;p=8230"},"modified":"2023-04-15T12:02:44","modified_gmt":"2023-04-15T12:02:44","slug":"primobolan-methenolone-enanthate-cygnus-pharma","status":"publish","type":"product","link":"https:\/\/iberoid.com\/pt\/product\/primobolan-methenolone-enanthate-cygnus-pharma\/","title":{"rendered":"PRIMOBOLAN\/Methenolone Enanthate"},"content":{"rendered":"<p><strong>PRIMOBOLAN\/Methenolone Enanthate<\/strong> \u00e9 um esteroide anabolizante, modifica\u00e7\u00e3o da di-hidrotestosterona (DHT) com atividade androg\u00eanica fraca e efeito anab\u00f3lico moderado. O horm\u00f4nio metenolona tamb\u00e9m demonstrou ter um efeito positivo no sistema imunol\u00f3gico.<\/p>\n<p>O enantato de metenolona\u00a0(tamb\u00e9m conhecido como primobolan) foi descrito em 1960. A Squibb Company come\u00e7ou a produzir drogas injet\u00e1veis em 1962. A metenolona foi originalmente prescrita em caso de perda muscular ap\u00f3s opera\u00e7\u00f5es, infec\u00e7\u00f5es, doen\u00e7as de longo prazo, terapia agressiva com cortic\u00f3ides ou desnutri\u00e7\u00e3o e em alguns casos, foi usado para tratar osteoporose e c\u00e2ncer de mama. A metenolona era comumente usada para promover o ganho de peso em lactentes, pesando menos que o normal, sem quaisquer efeitos colaterais.<\/p>\n<p>A metenolona\u00a0\u00e9 um esteroide anabolizante, modifica\u00e7\u00e3o da di-hidrotestosterona (DHT) com atividade androg\u00eanica fraca e efeito anab\u00f3lico moderado. Uma caracter\u00edstica not\u00e1vel da metenolona \u00e9 que ela pode se ligar firmemente aos receptores de andr\u00f3genos, mais fortes que a testosterona.<\/p>\n<p>O horm\u00f4nio metenolona tamb\u00e9m demonstrou ter um efeito positivo no sistema imunol\u00f3gico. Em casos de perda de massa muscular e problemas imunol\u00f3gicos, como na AIDS, o Primobolan provou ser muito \u00fatil. Pode muito bem n\u00e3o ser o \u00fanico ester\u00f3ide usado em tais casos. Como n\u00e3o promover\u00e1 fortes caracter\u00edsticas de massa, provavelmente n\u00e3o ser\u00e1 o \u00fanico prescrito. No entanto, a natureza anab\u00f3lica moderada, juntamente com o aprimoramento imunol\u00f3gico, o torna a melhor escolha nesses casos.<\/p>","protected":false},"excerpt":{"rendered":"<p>PRIMOBOLAN\/Methenolone Enanthate \u00e9 um esteroide anabolizante, modifica\u00e7\u00e3o da di-hidrotestosterona (DHT) com atividade androg\u00eanica fraca e efeito anab\u00f3lico moderado. O horm\u00f4nio<\/p>\n","protected":false},"featured_media":8231,"comment_status":"open","ping_status":"closed","template":"","meta":[],"product_brand":[],"product_cat":[69],"product_tag":[],"class_list":{"0":"post-8230","1":"product","2":"type-product","3":"status-publish","4":"has-post-thumbnail","6":"product_cat-esteroides_inyectables","8":"first","9":"outofstock","10":"shipping-taxable","11":"purchasable","12":"product-type-simple"},"yoast_head":"<!-- This site is optimized with the Yoast SEO Premium plugin v24.4 (Yoast SEO v27.3) - https:\/\/yoast.com\/product\/yoast-seo-premium-wordpress\/ -->\n<title>PRIMOBOLAN\/Methenolone Enanthate - Ester\u00f3ides Online<\/title>\n<meta name=\"robots\" content=\"index, follow, max-snippet:-1, max-image-preview:large, max-video-preview:-1\" \/>\n<link rel=\"canonical\" href=\"https:\/\/iberoid.com\/pt\/product\/primobolan-methenolone-enanthate-cygnus-pharma\/\" \/>\n<meta property=\"og:locale\" content=\"pt_PT\" \/>\n<meta property=\"og:type\" content=\"article\" \/>\n<meta property=\"og:title\" content=\"PRIMOBOLAN\/Methenolone Enanthate\" \/>\n<meta property=\"og:description\" content=\"PRIMOBOLAN\/Methenolone Enanthate \u00e9 um esteroide anabolizante, modifica\u00e7\u00e3o da di-hidrotestosterona (DHT) com atividade androg\u00eanica fraca e efeito anab\u00f3lico moderado. O horm\u00f4nio\" \/>\n<meta property=\"og:url\" content=\"https:\/\/iberoid.com\/pt\/product\/primobolan-methenolone-enanthate-cygnus-pharma\/\" \/>\n<meta property=\"og:site_name\" content=\"Ester\u00f3ides Online\" \/>\n<meta property=\"article:modified_time\" content=\"2023-04-15T12:02:44+00:00\" \/>\n<meta property=\"og:image\" content=\"https:\/\/iberoid.com\/wp-content\/uploads\/2023\/02\/Methenolone_Enanthate.png?v=1678119836\" \/>\n\t<meta property=\"og:image:width\" content=\"1000\" \/>\n\t<meta property=\"og:image:height\" content=\"831\" \/>\n\t<meta property=\"og:image:type\" content=\"image\/png\" \/>\n<meta name=\"twitter:card\" content=\"summary_large_image\" \/>\n<meta name=\"twitter:label1\" content=\"pre\u00e7o\" \/>\n\t<meta name=\"twitter:data1\" content=\"&euro;75.00\" \/>\n\t<meta name=\"twitter:label2\" content=\"Disponibilidade\" \/>\n\t<meta name=\"twitter:data2\" content=\"Esgotado\" \/>\n<script type=\"application\/ld+json\" class=\"yoast-schema-graph\">{\"@context\":\"https:\\\/\\\/schema.org\",\"@graph\":[{\"@type\":\"WebPage\",\"@id\":\"https:\\\/\\\/iberoid.com\\\/pt\\\/product\\\/primobolan-methenolone-enanthate-cygnus-pharma\\\/\",\"url\":\"https:\\\/\\\/iberoid.com\\\/pt\\\/product\\\/primobolan-methenolone-enanthate-cygnus-pharma\\\/\",\"name\":\"PRIMOBOLAN\\\/Methenolone Enanthate - Ester\u00f3ides Online\",\"isPartOf\":{\"@id\":\"https:\\\/\\\/iberoid.com\\\/pt\\\/#website\"},\"primaryImageOfPage\":{\"@id\":\"https:\\\/\\\/iberoid.com\\\/pt\\\/product\\\/primobolan-methenolone-enanthate-cygnus-pharma\\\/#primaryimage\"},\"image\":{\"@id\":\"https:\\\/\\\/iberoid.com\\\/pt\\\/product\\\/primobolan-methenolone-enanthate-cygnus-pharma\\\/#primaryimage\"},\"thumbnailUrl\":\"https:\\\/\\\/iberoid.com\\\/wp-content\\\/uploads\\\/2023\\\/02\\\/Methenolone_Enanthate.png?v=1678119836\",\"datePublished\":\"2023-02-07T21:27:47+00:00\",\"dateModified\":\"2023-04-15T12:02:44+00:00\",\"breadcrumb\":{\"@id\":\"https:\\\/\\\/iberoid.com\\\/pt\\\/product\\\/primobolan-methenolone-enanthate-cygnus-pharma\\\/#breadcrumb\"},\"inLanguage\":\"pt-PT\",\"potentialAction\":[{\"@type\":\"ReadAction\",\"target\":[[\"https:\\\/\\\/iberoid.com\\\/pt\\\/product\\\/primobolan-methenolone-enanthate-cygnus-pharma\\\/\"]]}]},{\"@type\":\"ImageObject\",\"inLanguage\":\"pt-PT\",\"@id\":\"https:\\\/\\\/iberoid.com\\\/pt\\\/product\\\/primobolan-methenolone-enanthate-cygnus-pharma\\\/#primaryimage\",\"url\":\"https:\\\/\\\/iberoid.com\\\/wp-content\\\/uploads\\\/2023\\\/02\\\/Methenolone_Enanthate.png?v=1678119836\",\"contentUrl\":\"https:\\\/\\\/iberoid.com\\\/wp-content\\\/uploads\\\/2023\\\/02\\\/Methenolone_Enanthate.png?v=1678119836\",\"width\":1000,\"height\":831},{\"@type\":\"BreadcrumbList\",\"@id\":\"https:\\\/\\\/iberoid.com\\\/pt\\\/product\\\/primobolan-methenolone-enanthate-cygnus-pharma\\\/#breadcrumb\",\"itemListElement\":[{\"@type\":\"ListItem\",\"position\":1,\"name\":\"Portada\",\"item\":\"https:\\\/\\\/iberoid.com\\\/pt\\\/\"},{\"@type\":\"ListItem\",\"position\":2,\"name\":\"Loja\",\"item\":\"https:\\\/\\\/iberoid.com\\\/pt\\\/shop\\\/\"},{\"@type\":\"ListItem\",\"position\":3,\"name\":\"PRIMOBOLAN\\\/Methenolone Enanthate\"}]},{\"@type\":\"WebSite\",\"@id\":\"https:\\\/\\\/iberoid.com\\\/pt\\\/#website\",\"url\":\"https:\\\/\\\/iberoid.com\\\/pt\\\/\",\"name\":\"Ester\u00f3ides Online\",\"description\":\"Compre ester\u00f3ides online hoje em Espanha e Portugal. Temos o melhor servi\u00e7o ao cliente do setor e produtos da mais alta qualidade\",\"potentialAction\":[{\"@type\":\"SearchAction\",\"target\":{\"@type\":\"EntryPoint\",\"urlTemplate\":\"https:\\\/\\\/iberoid.com\\\/pt\\\/?s={search_term_string}\"},\"query-input\":{\"@type\":\"PropertyValueSpecification\",\"valueRequired\":true,\"valueName\":\"search_term_string\"}}],\"inLanguage\":\"pt-PT\"}]}<\/script>\n<meta property=\"product:brand\" content=\"Cygnus Pharmaceutical\" \/>\n<meta property=\"product:price:amount\" content=\"75.00\" \/>\n<meta property=\"product:price:currency\" content=\"EUR\" \/>\n<meta property=\"og:availability\" content=\"out of stock\" \/>\n<meta property=\"product:availability\" content=\"out of stock\" \/>\n<meta property=\"product:condition\" content=\"new\" \/>\n<!-- \/ Yoast SEO Premium plugin. -->","yoast_head_json":{"title":"PRIMOBOLAN\/Methenolone Enanthate - Ester\u00f3ides Online","robots":{"index":"index","follow":"follow","max-snippet":"max-snippet:-1","max-image-preview":"max-image-preview:large","max-video-preview":"max-video-preview:-1"},"canonical":"https:\/\/iberoid.com\/pt\/product\/primobolan-methenolone-enanthate-cygnus-pharma\/","og_locale":"pt_PT","og_type":"article","og_title":"PRIMOBOLAN\/Methenolone Enanthate","og_description":"PRIMOBOLAN\/Methenolone Enanthate \u00e9 um esteroide anabolizante, modifica\u00e7\u00e3o da di-hidrotestosterona (DHT) com atividade androg\u00eanica fraca e efeito anab\u00f3lico moderado. O horm\u00f4nio","og_url":"https:\/\/iberoid.com\/pt\/product\/primobolan-methenolone-enanthate-cygnus-pharma\/","og_site_name":"Ester\u00f3ides Online","article_modified_time":"2023-04-15T12:02:44+00:00","og_image":[{"width":1000,"height":831,"url":"https:\/\/iberoid.com\/wp-content\/uploads\/2023\/02\/Methenolone_Enanthate.png?v=1678119836","type":"image\/png"}],"twitter_card":"summary_large_image","twitter_misc":{"pre\u00e7o":"&euro;75.00","Disponibilidade":"Esgotado"},"schema":{"@context":"https:\/\/schema.org","@graph":[{"@type":"WebPage","@id":"https:\/\/iberoid.com\/pt\/product\/primobolan-methenolone-enanthate-cygnus-pharma\/","url":"https:\/\/iberoid.com\/pt\/product\/primobolan-methenolone-enanthate-cygnus-pharma\/","name":"PRIMOBOLAN\/Methenolone Enanthate - Ester\u00f3ides Online","isPartOf":{"@id":"https:\/\/iberoid.com\/pt\/#website"},"primaryImageOfPage":{"@id":"https:\/\/iberoid.com\/pt\/product\/primobolan-methenolone-enanthate-cygnus-pharma\/#primaryimage"},"image":{"@id":"https:\/\/iberoid.com\/pt\/product\/primobolan-methenolone-enanthate-cygnus-pharma\/#primaryimage"},"thumbnailUrl":"https:\/\/iberoid.com\/wp-content\/uploads\/2023\/02\/Methenolone_Enanthate.png?v=1678119836","datePublished":"2023-02-07T21:27:47+00:00","dateModified":"2023-04-15T12:02:44+00:00","breadcrumb":{"@id":"https:\/\/iberoid.com\/pt\/product\/primobolan-methenolone-enanthate-cygnus-pharma\/#breadcrumb"},"inLanguage":"pt-PT","potentialAction":[{"@type":"ReadAction","target":[["https:\/\/iberoid.com\/pt\/product\/primobolan-methenolone-enanthate-cygnus-pharma\/"]]}]},{"@type":"ImageObject","inLanguage":"pt-PT","@id":"https:\/\/iberoid.com\/pt\/product\/primobolan-methenolone-enanthate-cygnus-pharma\/#primaryimage","url":"https:\/\/iberoid.com\/wp-content\/uploads\/2023\/02\/Methenolone_Enanthate.png?v=1678119836","contentUrl":"https:\/\/iberoid.com\/wp-content\/uploads\/2023\/02\/Methenolone_Enanthate.png?v=1678119836","width":1000,"height":831},{"@type":"BreadcrumbList","@id":"https:\/\/iberoid.com\/pt\/product\/primobolan-methenolone-enanthate-cygnus-pharma\/#breadcrumb","itemListElement":[{"@type":"ListItem","position":1,"name":"Portada","item":"https:\/\/iberoid.com\/pt\/"},{"@type":"ListItem","position":2,"name":"Loja","item":"https:\/\/iberoid.com\/pt\/shop\/"},{"@type":"ListItem","position":3,"name":"PRIMOBOLAN\/Methenolone Enanthate"}]},{"@type":"WebSite","@id":"https:\/\/iberoid.com\/pt\/#website","url":"https:\/\/iberoid.com\/pt\/","name":"Ester\u00f3ides Online","description":"Compre ester\u00f3ides online hoje em Espanha e Portugal. Temos o melhor servi\u00e7o ao cliente do setor e produtos da mais alta qualidade","potentialAction":[{"@type":"SearchAction","target":{"@type":"EntryPoint","urlTemplate":"https:\/\/iberoid.com\/pt\/?s={search_term_string}"},"query-input":{"@type":"PropertyValueSpecification","valueRequired":true,"valueName":"search_term_string"}}],"inLanguage":"pt-PT"}]},"product_brand":"Cygnus Pharmaceutical","product_price_amount":"75.00","product_price_currency":"EUR","og_availability":"out of stock","product_availability":"out of stock","product_condition":"new"},"_links":{"self":[{"href":"https:\/\/iberoid.com\/pt\/wp-json\/wp\/v2\/product\/8230","targetHints":{"allow":["GET"]}}],"collection":[{"href":"https:\/\/iberoid.com\/pt\/wp-json\/wp\/v2\/product"}],"about":[{"href":"https:\/\/iberoid.com\/pt\/wp-json\/wp\/v2\/types\/product"}],"replies":[{"embeddable":true,"href":"https:\/\/iberoid.com\/pt\/wp-json\/wp\/v2\/comments?post=8230"}],"wp:featuredmedia":[{"embeddable":true,"href":"https:\/\/iberoid.com\/pt\/wp-json\/wp\/v2\/media\/8231"}],"wp:attachment":[{"href":"https:\/\/iberoid.com\/pt\/wp-json\/wp\/v2\/media?parent=8230"}],"wp:term":[{"taxonomy":"product_brand","embeddable":true,"href":"https:\/\/iberoid.com\/pt\/wp-json\/wp\/v2\/product_brand?post=8230"},{"taxonomy":"product_cat","embeddable":true,"href":"https:\/\/iberoid.com\/pt\/wp-json\/wp\/v2\/product_cat?post=8230"},{"taxonomy":"product_tag","embeddable":true,"href":"https:\/\/iberoid.com\/pt\/wp-json\/wp\/v2\/product_tag?post=8230"}],"curies":[{"name":"wp","href":"https:\/\/api.w.org\/{rel}","templated":true}]}}