{"id":8282,"date":"2023-02-20T21:52:05","date_gmt":"2023-02-20T21:52:05","guid":{"rendered":"https:\/\/iberoid.com\/?post_type=product&#038;p=8282"},"modified":"2023-07-28T11:17:45","modified_gmt":"2023-07-28T11:17:45","slug":"primobolan-diamod-pharma-group","status":"publish","type":"product","link":"https:\/\/iberoid.com\/pt\/product\/primobolan-diamod-pharma-group\/","title":{"rendered":"PRIMOBOLAN\/10"},"content":{"rendered":"<p><strong>PRIMOBOLAN<\/strong><\/p>\n<p>Primobolan tem um pequeno efeito androg\u00eanico e ao administrar o ester\u00f3ide voc\u00ea n\u00e3o ter\u00e1 um aumento r\u00e1pido de massa ou for\u00e7a muscular e \u00e9 necess\u00e1rio administr\u00e1-lo por um per\u00edodo de tempo mais longo. A massa muscular obtida com primobolan ser\u00e1 de alta qualidade e ser\u00e1 preservada mesmo ap\u00f3s a interrup\u00e7\u00e3o da administra\u00e7\u00e3o.<\/p>\n<p>Primobolan tamb\u00e9m contribui para a queima de gordura e a dose recomendada \u00e9 de 200-400 mg de dose m\u00e9dia por semana. Primobolan pode ser administrado com outros ester\u00f3ides, pois \u00e9 um ester\u00f3ide leve. Inje\u00e7\u00e3o de Primobolan 100 mg\/ml.<\/p>","protected":false},"excerpt":{"rendered":"<p>PRIMOBOLAN Primobolan tem um pequeno efeito androg\u00eanico e ao administrar o ester\u00f3ide voc\u00ea n\u00e3o ter\u00e1 um aumento r\u00e1pido de massa<\/p>\n","protected":false},"featured_media":8283,"comment_status":"open","ping_status":"closed","template":"","meta":[],"product_brand":[],"product_cat":[69],"product_tag":[],"class_list":{"0":"post-8282","1":"product","2":"type-product","3":"status-publish","4":"has-post-thumbnail","6":"product_cat-esteroides_inyectables","8":"first","9":"outofstock","10":"shipping-taxable","11":"purchasable","12":"product-type-simple"},"yoast_head":"<!-- This site is optimized with the Yoast SEO Premium plugin v24.4 (Yoast SEO v27.3) - https:\/\/yoast.com\/product\/yoast-seo-premium-wordpress\/ -->\n<title>PRIMOBOLAN\/10  - Ester\u00f3ides Online<\/title>\n<meta name=\"robots\" content=\"index, follow, max-snippet:-1, max-image-preview:large, max-video-preview:-1\" \/>\n<link rel=\"canonical\" href=\"https:\/\/iberoid.com\/pt\/product\/primobolan-diamod-pharma-group\/\" \/>\n<meta property=\"og:locale\" content=\"pt_PT\" \/>\n<meta property=\"og:type\" content=\"article\" \/>\n<meta property=\"og:title\" content=\"PRIMOBOLAN\/10\" \/>\n<meta property=\"og:description\" content=\"PRIMOBOLAN Primobolan tem um pequeno efeito androg\u00eanico e ao administrar o ester\u00f3ide voc\u00ea n\u00e3o ter\u00e1 um aumento r\u00e1pido de massa\" \/>\n<meta property=\"og:url\" content=\"https:\/\/iberoid.com\/pt\/product\/primobolan-diamod-pharma-group\/\" \/>\n<meta property=\"og:site_name\" content=\"Ester\u00f3ides Online\" \/>\n<meta property=\"article:modified_time\" content=\"2023-07-28T11:17:45+00:00\" \/>\n<meta property=\"og:image\" content=\"https:\/\/iberoid.com\/wp-content\/uploads\/2023\/02\/Diaprim-100.png?v=1688372886\" \/>\n\t<meta property=\"og:image:width\" content=\"553\" \/>\n\t<meta property=\"og:image:height\" content=\"553\" \/>\n\t<meta property=\"og:image:type\" content=\"image\/png\" \/>\n<meta name=\"twitter:card\" content=\"summary_large_image\" \/>\n<meta name=\"twitter:label1\" content=\"pre\u00e7o\" \/>\n\t<meta name=\"twitter:data1\" content=\"&euro;75.00\" \/>\n\t<meta name=\"twitter:label2\" content=\"Disponibilidade\" \/>\n\t<meta name=\"twitter:data2\" content=\"Esgotado\" \/>\n<script type=\"application\/ld+json\" class=\"yoast-schema-graph\">{\"@context\":\"https:\\\/\\\/schema.org\",\"@graph\":[{\"@type\":\"WebPage\",\"@id\":\"https:\\\/\\\/iberoid.com\\\/pt\\\/product\\\/primobolan-diamod-pharma-group\\\/\",\"url\":\"https:\\\/\\\/iberoid.com\\\/pt\\\/product\\\/primobolan-diamod-pharma-group\\\/\",\"name\":\"PRIMOBOLAN\\\/10  - Ester\u00f3ides Online\",\"isPartOf\":{\"@id\":\"https:\\\/\\\/iberoid.com\\\/pt\\\/#website\"},\"primaryImageOfPage\":{\"@id\":\"https:\\\/\\\/iberoid.com\\\/pt\\\/product\\\/primobolan-diamod-pharma-group\\\/#primaryimage\"},\"image\":{\"@id\":\"https:\\\/\\\/iberoid.com\\\/pt\\\/product\\\/primobolan-diamod-pharma-group\\\/#primaryimage\"},\"thumbnailUrl\":\"https:\\\/\\\/iberoid.com\\\/wp-content\\\/uploads\\\/2023\\\/02\\\/Diaprim-100.png?v=1688372886\",\"datePublished\":\"2023-02-20T21:52:05+00:00\",\"dateModified\":\"2023-07-28T11:17:45+00:00\",\"breadcrumb\":{\"@id\":\"https:\\\/\\\/iberoid.com\\\/pt\\\/product\\\/primobolan-diamod-pharma-group\\\/#breadcrumb\"},\"inLanguage\":\"pt-PT\",\"potentialAction\":[{\"@type\":\"ReadAction\",\"target\":[[\"https:\\\/\\\/iberoid.com\\\/pt\\\/product\\\/primobolan-diamod-pharma-group\\\/\"]]}]},{\"@type\":\"ImageObject\",\"inLanguage\":\"pt-PT\",\"@id\":\"https:\\\/\\\/iberoid.com\\\/pt\\\/product\\\/primobolan-diamod-pharma-group\\\/#primaryimage\",\"url\":\"https:\\\/\\\/iberoid.com\\\/wp-content\\\/uploads\\\/2023\\\/02\\\/Diaprim-100.png?v=1688372886\",\"contentUrl\":\"https:\\\/\\\/iberoid.com\\\/wp-content\\\/uploads\\\/2023\\\/02\\\/Diaprim-100.png?v=1688372886\",\"width\":553,\"height\":553},{\"@type\":\"BreadcrumbList\",\"@id\":\"https:\\\/\\\/iberoid.com\\\/pt\\\/product\\\/primobolan-diamod-pharma-group\\\/#breadcrumb\",\"itemListElement\":[{\"@type\":\"ListItem\",\"position\":1,\"name\":\"Portada\",\"item\":\"https:\\\/\\\/iberoid.com\\\/pt\\\/\"},{\"@type\":\"ListItem\",\"position\":2,\"name\":\"Loja\",\"item\":\"https:\\\/\\\/iberoid.com\\\/pt\\\/shop\\\/\"},{\"@type\":\"ListItem\",\"position\":3,\"name\":\"PRIMOBOLAN\\\/10\"}]},{\"@type\":\"WebSite\",\"@id\":\"https:\\\/\\\/iberoid.com\\\/pt\\\/#website\",\"url\":\"https:\\\/\\\/iberoid.com\\\/pt\\\/\",\"name\":\"Ester\u00f3ides Online\",\"description\":\"Compre ester\u00f3ides online hoje em Espanha e Portugal. Temos o melhor servi\u00e7o ao cliente do setor e produtos da mais alta qualidade\",\"potentialAction\":[{\"@type\":\"SearchAction\",\"target\":{\"@type\":\"EntryPoint\",\"urlTemplate\":\"https:\\\/\\\/iberoid.com\\\/pt\\\/?s={search_term_string}\"},\"query-input\":{\"@type\":\"PropertyValueSpecification\",\"valueRequired\":true,\"valueName\":\"search_term_string\"}}],\"inLanguage\":\"pt-PT\"}]}<\/script>\n<meta property=\"product:brand\" content=\"Diamond Pharma\" \/>\n<meta property=\"product:price:amount\" content=\"75.00\" \/>\n<meta property=\"product:price:currency\" content=\"EUR\" \/>\n<meta property=\"og:availability\" content=\"out of stock\" \/>\n<meta property=\"product:availability\" content=\"out of stock\" \/>\n<meta property=\"product:condition\" content=\"new\" \/>\n<!-- \/ Yoast SEO Premium plugin. -->","yoast_head_json":{"title":"PRIMOBOLAN\/10  - Ester\u00f3ides Online","robots":{"index":"index","follow":"follow","max-snippet":"max-snippet:-1","max-image-preview":"max-image-preview:large","max-video-preview":"max-video-preview:-1"},"canonical":"https:\/\/iberoid.com\/pt\/product\/primobolan-diamod-pharma-group\/","og_locale":"pt_PT","og_type":"article","og_title":"PRIMOBOLAN\/10","og_description":"PRIMOBOLAN Primobolan tem um pequeno efeito androg\u00eanico e ao administrar o ester\u00f3ide voc\u00ea n\u00e3o ter\u00e1 um aumento r\u00e1pido de massa","og_url":"https:\/\/iberoid.com\/pt\/product\/primobolan-diamod-pharma-group\/","og_site_name":"Ester\u00f3ides Online","article_modified_time":"2023-07-28T11:17:45+00:00","og_image":[{"width":553,"height":553,"url":"https:\/\/iberoid.com\/wp-content\/uploads\/2023\/02\/Diaprim-100.png?v=1688372886","type":"image\/png"}],"twitter_card":"summary_large_image","twitter_misc":{"pre\u00e7o":"&euro;75.00","Disponibilidade":"Esgotado"},"schema":{"@context":"https:\/\/schema.org","@graph":[{"@type":"WebPage","@id":"https:\/\/iberoid.com\/pt\/product\/primobolan-diamod-pharma-group\/","url":"https:\/\/iberoid.com\/pt\/product\/primobolan-diamod-pharma-group\/","name":"PRIMOBOLAN\/10  - Ester\u00f3ides Online","isPartOf":{"@id":"https:\/\/iberoid.com\/pt\/#website"},"primaryImageOfPage":{"@id":"https:\/\/iberoid.com\/pt\/product\/primobolan-diamod-pharma-group\/#primaryimage"},"image":{"@id":"https:\/\/iberoid.com\/pt\/product\/primobolan-diamod-pharma-group\/#primaryimage"},"thumbnailUrl":"https:\/\/iberoid.com\/wp-content\/uploads\/2023\/02\/Diaprim-100.png?v=1688372886","datePublished":"2023-02-20T21:52:05+00:00","dateModified":"2023-07-28T11:17:45+00:00","breadcrumb":{"@id":"https:\/\/iberoid.com\/pt\/product\/primobolan-diamod-pharma-group\/#breadcrumb"},"inLanguage":"pt-PT","potentialAction":[{"@type":"ReadAction","target":[["https:\/\/iberoid.com\/pt\/product\/primobolan-diamod-pharma-group\/"]]}]},{"@type":"ImageObject","inLanguage":"pt-PT","@id":"https:\/\/iberoid.com\/pt\/product\/primobolan-diamod-pharma-group\/#primaryimage","url":"https:\/\/iberoid.com\/wp-content\/uploads\/2023\/02\/Diaprim-100.png?v=1688372886","contentUrl":"https:\/\/iberoid.com\/wp-content\/uploads\/2023\/02\/Diaprim-100.png?v=1688372886","width":553,"height":553},{"@type":"BreadcrumbList","@id":"https:\/\/iberoid.com\/pt\/product\/primobolan-diamod-pharma-group\/#breadcrumb","itemListElement":[{"@type":"ListItem","position":1,"name":"Portada","item":"https:\/\/iberoid.com\/pt\/"},{"@type":"ListItem","position":2,"name":"Loja","item":"https:\/\/iberoid.com\/pt\/shop\/"},{"@type":"ListItem","position":3,"name":"PRIMOBOLAN\/10"}]},{"@type":"WebSite","@id":"https:\/\/iberoid.com\/pt\/#website","url":"https:\/\/iberoid.com\/pt\/","name":"Ester\u00f3ides Online","description":"Compre ester\u00f3ides online hoje em Espanha e Portugal. Temos o melhor servi\u00e7o ao cliente do setor e produtos da mais alta qualidade","potentialAction":[{"@type":"SearchAction","target":{"@type":"EntryPoint","urlTemplate":"https:\/\/iberoid.com\/pt\/?s={search_term_string}"},"query-input":{"@type":"PropertyValueSpecification","valueRequired":true,"valueName":"search_term_string"}}],"inLanguage":"pt-PT"}]},"product_brand":"Diamond Pharma","product_price_amount":"75.00","product_price_currency":"EUR","og_availability":"out of stock","product_availability":"out of stock","product_condition":"new"},"_links":{"self":[{"href":"https:\/\/iberoid.com\/pt\/wp-json\/wp\/v2\/product\/8282","targetHints":{"allow":["GET"]}}],"collection":[{"href":"https:\/\/iberoid.com\/pt\/wp-json\/wp\/v2\/product"}],"about":[{"href":"https:\/\/iberoid.com\/pt\/wp-json\/wp\/v2\/types\/product"}],"replies":[{"embeddable":true,"href":"https:\/\/iberoid.com\/pt\/wp-json\/wp\/v2\/comments?post=8282"}],"wp:featuredmedia":[{"embeddable":true,"href":"https:\/\/iberoid.com\/pt\/wp-json\/wp\/v2\/media\/8283"}],"wp:attachment":[{"href":"https:\/\/iberoid.com\/pt\/wp-json\/wp\/v2\/media?parent=8282"}],"wp:term":[{"taxonomy":"product_brand","embeddable":true,"href":"https:\/\/iberoid.com\/pt\/wp-json\/wp\/v2\/product_brand?post=8282"},{"taxonomy":"product_cat","embeddable":true,"href":"https:\/\/iberoid.com\/pt\/wp-json\/wp\/v2\/product_cat?post=8282"},{"taxonomy":"product_tag","embeddable":true,"href":"https:\/\/iberoid.com\/pt\/wp-json\/wp\/v2\/product_tag?post=8282"}],"curies":[{"name":"wp","href":"https:\/\/api.w.org\/{rel}","templated":true}]}}