{"id":8284,"date":"2023-02-20T22:32:43","date_gmt":"2023-02-20T22:32:43","guid":{"rendered":"https:\/\/iberoid.com\/?post_type=product&#038;p=8284"},"modified":"2024-06-03T20:15:51","modified_gmt":"2024-06-03T20:15:51","slug":"nandrolone-decanoate-250-diamond-pharm","status":"publish","type":"product","link":"https:\/\/iberoid.com\/pt\/product\/nandrolone-decanoate-250-diamond-pharm\/","title":{"rendered":"NANDROLONE DECANOATE 250\/DIAMON"},"content":{"rendered":"<p><strong>NANDROLONE DECANOATE 250<\/strong><\/p>\n<p>A nandrolona, conhecida como deca, \u00e9 o produto mais difundido para ciclos de massa muscular, detendo uma porcentagem de at\u00e9 30% de todas as vendas de esteroides. Sua subst\u00e2ncia ativa \u00e9 o decanoato de nandrolona. Modo de administra\u00e7\u00e3o: a dose recomendada varia entre 400 mg e 600 mg por semana. A dose ideal para cada um \u00e9 calculada multiplicando 6 mg de deca durabolin pelo n\u00famero de kg.<\/p>\n<p>Uma vez administrado, permanece ativo no organismo entre 7 e 10 dias. A reten\u00e7\u00e3o h\u00eddrica \u00e9 moderada. Recomenda-se a administra\u00e7\u00e3o adicional de Tamoxifeno ou Clomid durante o tratamento com Deca para evitar efeitos estrog\u00eanicos. \u00c9 importante seguir algumas regras essenciais em qualquer outro tratamento com ester\u00f3ides para obter os resultados desejados.<\/p>","protected":false},"excerpt":{"rendered":"<p>NANDROLONE DECANOATE 250 A nandrolona, conhecida como deca, \u00e9 o produto mais difundido para ciclos de massa muscular, detendo uma<\/p>\n","protected":false},"featured_media":8285,"comment_status":"open","ping_status":"closed","template":"","meta":[],"product_brand":[],"product_cat":[69],"product_tag":[],"class_list":{"0":"post-8284","1":"product","2":"type-product","3":"status-publish","4":"has-post-thumbnail","6":"product_cat-esteroides_inyectables","8":"first","9":"outofstock","10":"shipping-taxable","11":"purchasable","12":"product-type-simple"},"yoast_head":"<!-- This site is optimized with the Yoast SEO Premium plugin v24.4 (Yoast SEO v27.3) - https:\/\/yoast.com\/product\/yoast-seo-premium-wordpress\/ -->\n<title>NANDROLONE DECANOATE 250\/DIAMON - Ester\u00f3ides Online<\/title>\n<meta name=\"robots\" content=\"index, follow, max-snippet:-1, max-image-preview:large, max-video-preview:-1\" \/>\n<link rel=\"canonical\" href=\"https:\/\/iberoid.com\/pt\/product\/nandrolone-decanoate-250-diamond-pharm\/\" \/>\n<meta property=\"og:locale\" content=\"pt_PT\" \/>\n<meta property=\"og:type\" content=\"article\" \/>\n<meta property=\"og:title\" content=\"NANDROLONE DECANOATE 250\/DIAMON\" \/>\n<meta property=\"og:description\" content=\"NANDROLONE DECANOATE 250 A nandrolona, conhecida como deca, \u00e9 o produto mais difundido para ciclos de massa muscular, detendo uma\" \/>\n<meta property=\"og:url\" content=\"https:\/\/iberoid.com\/pt\/product\/nandrolone-decanoate-250-diamond-pharm\/\" \/>\n<meta property=\"og:site_name\" content=\"Ester\u00f3ides Online\" \/>\n<meta property=\"article:modified_time\" content=\"2024-06-03T20:15:51+00:00\" \/>\n<meta property=\"og:image\" content=\"https:\/\/iberoid.com\/wp-content\/uploads\/2023\/02\/IMG_9729.jpg?v=1688372884\" \/>\n\t<meta property=\"og:image:width\" content=\"1000\" \/>\n\t<meta property=\"og:image:height\" content=\"1000\" \/>\n\t<meta property=\"og:image:type\" content=\"image\/jpeg\" \/>\n<meta name=\"twitter:card\" content=\"summary_large_image\" \/>\n<meta name=\"twitter:label1\" content=\"pre\u00e7o\" \/>\n\t<meta name=\"twitter:data1\" content=\"&euro;60.00\" \/>\n\t<meta name=\"twitter:label2\" content=\"Disponibilidade\" \/>\n\t<meta name=\"twitter:data2\" content=\"Esgotado\" \/>\n<script type=\"application\/ld+json\" class=\"yoast-schema-graph\">{\"@context\":\"https:\\\/\\\/schema.org\",\"@graph\":[{\"@type\":\"WebPage\",\"@id\":\"https:\\\/\\\/iberoid.com\\\/pt\\\/product\\\/nandrolone-decanoate-250-diamond-pharm\\\/\",\"url\":\"https:\\\/\\\/iberoid.com\\\/pt\\\/product\\\/nandrolone-decanoate-250-diamond-pharm\\\/\",\"name\":\"NANDROLONE DECANOATE 250\\\/DIAMON - Ester\u00f3ides Online\",\"isPartOf\":{\"@id\":\"https:\\\/\\\/iberoid.com\\\/pt\\\/#website\"},\"primaryImageOfPage\":{\"@id\":\"https:\\\/\\\/iberoid.com\\\/pt\\\/product\\\/nandrolone-decanoate-250-diamond-pharm\\\/#primaryimage\"},\"image\":{\"@id\":\"https:\\\/\\\/iberoid.com\\\/pt\\\/product\\\/nandrolone-decanoate-250-diamond-pharm\\\/#primaryimage\"},\"thumbnailUrl\":\"https:\\\/\\\/iberoid.com\\\/wp-content\\\/uploads\\\/2023\\\/02\\\/IMG_9729.jpg?v=1688372884\",\"datePublished\":\"2023-02-20T22:32:43+00:00\",\"dateModified\":\"2024-06-03T20:15:51+00:00\",\"breadcrumb\":{\"@id\":\"https:\\\/\\\/iberoid.com\\\/pt\\\/product\\\/nandrolone-decanoate-250-diamond-pharm\\\/#breadcrumb\"},\"inLanguage\":\"pt-PT\",\"potentialAction\":[{\"@type\":\"ReadAction\",\"target\":[[\"https:\\\/\\\/iberoid.com\\\/pt\\\/product\\\/nandrolone-decanoate-250-diamond-pharm\\\/\"]]}]},{\"@type\":\"ImageObject\",\"inLanguage\":\"pt-PT\",\"@id\":\"https:\\\/\\\/iberoid.com\\\/pt\\\/product\\\/nandrolone-decanoate-250-diamond-pharm\\\/#primaryimage\",\"url\":\"https:\\\/\\\/iberoid.com\\\/wp-content\\\/uploads\\\/2023\\\/02\\\/IMG_9729.jpg?v=1688372884\",\"contentUrl\":\"https:\\\/\\\/iberoid.com\\\/wp-content\\\/uploads\\\/2023\\\/02\\\/IMG_9729.jpg?v=1688372884\",\"width\":1000,\"height\":1000},{\"@type\":\"BreadcrumbList\",\"@id\":\"https:\\\/\\\/iberoid.com\\\/pt\\\/product\\\/nandrolone-decanoate-250-diamond-pharm\\\/#breadcrumb\",\"itemListElement\":[{\"@type\":\"ListItem\",\"position\":1,\"name\":\"Portada\",\"item\":\"https:\\\/\\\/iberoid.com\\\/pt\\\/\"},{\"@type\":\"ListItem\",\"position\":2,\"name\":\"Loja\",\"item\":\"https:\\\/\\\/iberoid.com\\\/pt\\\/shop\\\/\"},{\"@type\":\"ListItem\",\"position\":3,\"name\":\"NANDROLONE DECANOATE 250\\\/DIAMON\"}]},{\"@type\":\"WebSite\",\"@id\":\"https:\\\/\\\/iberoid.com\\\/pt\\\/#website\",\"url\":\"https:\\\/\\\/iberoid.com\\\/pt\\\/\",\"name\":\"Ester\u00f3ides Online\",\"description\":\"Compre ester\u00f3ides online hoje em Espanha e Portugal. Temos o melhor servi\u00e7o ao cliente do setor e produtos da mais alta qualidade\",\"potentialAction\":[{\"@type\":\"SearchAction\",\"target\":{\"@type\":\"EntryPoint\",\"urlTemplate\":\"https:\\\/\\\/iberoid.com\\\/pt\\\/?s={search_term_string}\"},\"query-input\":{\"@type\":\"PropertyValueSpecification\",\"valueRequired\":true,\"valueName\":\"search_term_string\"}}],\"inLanguage\":\"pt-PT\"}]}<\/script>\n<meta property=\"product:brand\" content=\"Diamond Pharma\" \/>\n<meta property=\"product:price:amount\" content=\"60.00\" \/>\n<meta property=\"product:price:currency\" content=\"EUR\" \/>\n<meta property=\"og:availability\" content=\"out of stock\" \/>\n<meta property=\"product:availability\" content=\"out of stock\" \/>\n<meta property=\"product:condition\" content=\"new\" \/>\n<!-- \/ Yoast SEO Premium plugin. -->","yoast_head_json":{"title":"NANDROLONE DECANOATE 250\/DIAMON - Ester\u00f3ides Online","robots":{"index":"index","follow":"follow","max-snippet":"max-snippet:-1","max-image-preview":"max-image-preview:large","max-video-preview":"max-video-preview:-1"},"canonical":"https:\/\/iberoid.com\/pt\/product\/nandrolone-decanoate-250-diamond-pharm\/","og_locale":"pt_PT","og_type":"article","og_title":"NANDROLONE DECANOATE 250\/DIAMON","og_description":"NANDROLONE DECANOATE 250 A nandrolona, conhecida como deca, \u00e9 o produto mais difundido para ciclos de massa muscular, detendo uma","og_url":"https:\/\/iberoid.com\/pt\/product\/nandrolone-decanoate-250-diamond-pharm\/","og_site_name":"Ester\u00f3ides Online","article_modified_time":"2024-06-03T20:15:51+00:00","og_image":[{"width":1000,"height":1000,"url":"https:\/\/iberoid.com\/wp-content\/uploads\/2023\/02\/IMG_9729.jpg?v=1688372884","type":"image\/jpeg"}],"twitter_card":"summary_large_image","twitter_misc":{"pre\u00e7o":"&euro;60.00","Disponibilidade":"Esgotado"},"schema":{"@context":"https:\/\/schema.org","@graph":[{"@type":"WebPage","@id":"https:\/\/iberoid.com\/pt\/product\/nandrolone-decanoate-250-diamond-pharm\/","url":"https:\/\/iberoid.com\/pt\/product\/nandrolone-decanoate-250-diamond-pharm\/","name":"NANDROLONE DECANOATE 250\/DIAMON - Ester\u00f3ides Online","isPartOf":{"@id":"https:\/\/iberoid.com\/pt\/#website"},"primaryImageOfPage":{"@id":"https:\/\/iberoid.com\/pt\/product\/nandrolone-decanoate-250-diamond-pharm\/#primaryimage"},"image":{"@id":"https:\/\/iberoid.com\/pt\/product\/nandrolone-decanoate-250-diamond-pharm\/#primaryimage"},"thumbnailUrl":"https:\/\/iberoid.com\/wp-content\/uploads\/2023\/02\/IMG_9729.jpg?v=1688372884","datePublished":"2023-02-20T22:32:43+00:00","dateModified":"2024-06-03T20:15:51+00:00","breadcrumb":{"@id":"https:\/\/iberoid.com\/pt\/product\/nandrolone-decanoate-250-diamond-pharm\/#breadcrumb"},"inLanguage":"pt-PT","potentialAction":[{"@type":"ReadAction","target":[["https:\/\/iberoid.com\/pt\/product\/nandrolone-decanoate-250-diamond-pharm\/"]]}]},{"@type":"ImageObject","inLanguage":"pt-PT","@id":"https:\/\/iberoid.com\/pt\/product\/nandrolone-decanoate-250-diamond-pharm\/#primaryimage","url":"https:\/\/iberoid.com\/wp-content\/uploads\/2023\/02\/IMG_9729.jpg?v=1688372884","contentUrl":"https:\/\/iberoid.com\/wp-content\/uploads\/2023\/02\/IMG_9729.jpg?v=1688372884","width":1000,"height":1000},{"@type":"BreadcrumbList","@id":"https:\/\/iberoid.com\/pt\/product\/nandrolone-decanoate-250-diamond-pharm\/#breadcrumb","itemListElement":[{"@type":"ListItem","position":1,"name":"Portada","item":"https:\/\/iberoid.com\/pt\/"},{"@type":"ListItem","position":2,"name":"Loja","item":"https:\/\/iberoid.com\/pt\/shop\/"},{"@type":"ListItem","position":3,"name":"NANDROLONE DECANOATE 250\/DIAMON"}]},{"@type":"WebSite","@id":"https:\/\/iberoid.com\/pt\/#website","url":"https:\/\/iberoid.com\/pt\/","name":"Ester\u00f3ides Online","description":"Compre ester\u00f3ides online hoje em Espanha e Portugal. Temos o melhor servi\u00e7o ao cliente do setor e produtos da mais alta qualidade","potentialAction":[{"@type":"SearchAction","target":{"@type":"EntryPoint","urlTemplate":"https:\/\/iberoid.com\/pt\/?s={search_term_string}"},"query-input":{"@type":"PropertyValueSpecification","valueRequired":true,"valueName":"search_term_string"}}],"inLanguage":"pt-PT"}]},"product_brand":"Diamond Pharma","product_price_amount":"60.00","product_price_currency":"EUR","og_availability":"out of stock","product_availability":"out of stock","product_condition":"new"},"_links":{"self":[{"href":"https:\/\/iberoid.com\/pt\/wp-json\/wp\/v2\/product\/8284","targetHints":{"allow":["GET"]}}],"collection":[{"href":"https:\/\/iberoid.com\/pt\/wp-json\/wp\/v2\/product"}],"about":[{"href":"https:\/\/iberoid.com\/pt\/wp-json\/wp\/v2\/types\/product"}],"replies":[{"embeddable":true,"href":"https:\/\/iberoid.com\/pt\/wp-json\/wp\/v2\/comments?post=8284"}],"wp:featuredmedia":[{"embeddable":true,"href":"https:\/\/iberoid.com\/pt\/wp-json\/wp\/v2\/media\/8285"}],"wp:attachment":[{"href":"https:\/\/iberoid.com\/pt\/wp-json\/wp\/v2\/media?parent=8284"}],"wp:term":[{"taxonomy":"product_brand","embeddable":true,"href":"https:\/\/iberoid.com\/pt\/wp-json\/wp\/v2\/product_brand?post=8284"},{"taxonomy":"product_cat","embeddable":true,"href":"https:\/\/iberoid.com\/pt\/wp-json\/wp\/v2\/product_cat?post=8284"},{"taxonomy":"product_tag","embeddable":true,"href":"https:\/\/iberoid.com\/pt\/wp-json\/wp\/v2\/product_tag?post=8284"}],"curies":[{"name":"wp","href":"https:\/\/api.w.org\/{rel}","templated":true}]}}