{"id":8386,"date":"2023-03-26T12:17:56","date_gmt":"2023-03-26T12:17:56","guid":{"rendered":"https:\/\/iberoid.com\/?post_type=product&#038;p=8386"},"modified":"2026-03-01T14:02:08","modified_gmt":"2026-03-01T14:02:08","slug":"pak2-somatek-75uix2-150-ui-somatropin","status":"publish","type":"product","link":"https:\/\/iberoid.com\/pt\/product\/pak2-somatek-75uix2-150-ui-somatropin\/","title":{"rendered":"PAK2 SOMATEK 75UI X2 &#8211; SOMATROPIN"},"content":{"rendered":"<p><\/p>\n<p class=\"\" data-start=\"0\" data-end=\"86\">Compre <strong data-start=\"7\" data-end=\"40\">PB Laboratories SOMATEK 75 UI<\/strong> horm\u00f4nio do crescimento 191aa dom\u00e9stico 75 UI<\/p>\n<p class=\"\" data-start=\"88\" data-end=\"330\">\u2022 Estimula o crescimento de massa muscular magra<br data-start=\"136\" data-end=\"139\" \/>\u2022 Torna os m\u00fasculos mais densos e firmes<br data-start=\"179\" data-end=\"182\" \/>\u2022 Aumenta a for\u00e7a<br data-start=\"199\" data-end=\"202\" \/>\u2022 Promove a perda de gordura<br data-start=\"230\" data-end=\"233\" \/>\u2022 Efeito antienvelhecimento<br data-start=\"260\" data-end=\"263\" \/>\u2022 Efeito positivo nas articula\u00e7\u00f5es e al\u00edvio da dor nessas regi\u00f5es<\/p>\n<p class=\"\" data-start=\"332\" data-end=\"354\"><strong data-start=\"332\" data-end=\"352\">Caracter\u00edsticas:<\/strong><\/p>\n<ul data-start=\"355\" data-end=\"458\">\n<li class=\"\" data-start=\"355\" data-end=\"387\">\n<p class=\"\" data-start=\"357\" data-end=\"387\">Meia-vida ativa: 3\u20133,5 horas<\/p>\n<\/li>\n<li class=\"\" data-start=\"388\" data-end=\"419\">\n<p class=\"\" data-start=\"390\" data-end=\"419\">Dura\u00e7\u00e3o do ciclo: 2\u20136 meses<\/p>\n<\/li>\n<li class=\"\" data-start=\"420\" data-end=\"458\">\n<p class=\"\" data-start=\"422\" data-end=\"458\">PCT ap\u00f3s o ciclo: N\u00e3o \u00e9 necess\u00e1rio<\/p>\n<\/li>\n<\/ul>\n<p class=\"\" data-start=\"460\" data-end=\"661\">\u00c9 uma outra formula\u00e7\u00e3o do horm\u00f4nio do crescimento humano recombinante (HGH). <strong data-start=\"537\" data-end=\"552\">Somatropina<\/strong> \u00e9 usada para tratar diversas condi\u00e7\u00f5es m\u00e9dicas, semelhante ao <strong data-start=\"615\" data-end=\"627\">Ansomone<\/strong>. Aqui est\u00e3o os principais pontos:<\/p>\n<p class=\"\" data-start=\"663\" data-end=\"674\"><strong data-start=\"663\" data-end=\"672\">Usos:<\/strong><\/p>\n<ul data-start=\"675\" data-end=\"1367\">\n<li class=\"\" data-start=\"675\" data-end=\"797\">\n<p class=\"\" data-start=\"677\" data-end=\"797\"><strong data-start=\"677\" data-end=\"719\">Defici\u00eancia de horm\u00f4nio do crescimento<\/strong>: em crian\u00e7as e adultos que n\u00e3o produzem quantidade suficiente naturalmente.<\/p>\n<\/li>\n<li class=\"\" data-start=\"798\" data-end=\"890\">\n<p class=\"\" data-start=\"800\" data-end=\"890\"><strong data-start=\"800\" data-end=\"822\">S\u00edndrome de Turner<\/strong>: para apoiar o crescimento em meninas com essa condi\u00e7\u00e3o gen\u00e9tica.<\/p>\n<\/li>\n<li class=\"\" data-start=\"891\" data-end=\"968\">\n<p class=\"\" data-start=\"893\" data-end=\"968\"><strong data-start=\"893\" data-end=\"924\">Insufici\u00eancia renal cr\u00f4nica<\/strong>: em crian\u00e7as para promover o crescimento.<\/p>\n<\/li>\n<li class=\"\" data-start=\"969\" data-end=\"1073\">\n<p class=\"\" data-start=\"971\" data-end=\"1073\"><strong data-start=\"971\" data-end=\"1031\">Desperd\u00edcio muscular ou caquexia relacionada ao HIV\/AIDS<\/strong>: para ajudar a manter a massa muscular.<\/p>\n<\/li>\n<li class=\"\" data-start=\"1074\" data-end=\"1150\">\n<p class=\"\" data-start=\"1076\" data-end=\"1150\"><strong data-start=\"1076\" data-end=\"1107\">S\u00edndrome do intestino curto<\/strong>: para melhorar a absor\u00e7\u00e3o de nutrientes.<\/p>\n<\/li>\n<li class=\"\" data-start=\"1151\" data-end=\"1367\">\n<p class=\"\" data-start=\"1153\" data-end=\"1367\"><strong data-start=\"1153\" data-end=\"1214\">Antienvelhecimento e crescimento muscular (uso off-label)<\/strong>: algumas pessoas utilizam pelos potenciais efeitos antienvelhecimento e aumento de massa muscular, embora n\u00e3o seja aprovado pelas autoridades m\u00e9dicas.<\/p>\n<\/li>\n<\/ul>\n<p class=\"\" data-start=\"1369\" data-end=\"1399\"><strong data-start=\"1369\" data-end=\"1397\">Administra\u00e7\u00e3o e dosagem:<\/strong><\/p>\n<ul data-start=\"1400\" data-end=\"1514\">\n<li class=\"\" data-start=\"1400\" data-end=\"1440\">\n<p class=\"\" data-start=\"1402\" data-end=\"1440\">Administrado por inje\u00e7\u00e3o subcut\u00e2nea.<\/p>\n<\/li>\n<li class=\"\" data-start=\"1441\" data-end=\"1514\">\n<p class=\"\" data-start=\"1443\" data-end=\"1514\">A dosagem depende da condi\u00e7\u00e3o a ser tratada e da resposta individual.<\/p>\n<\/li>\n<\/ul>\n<p class=\"\" data-start=\"1516\" data-end=\"1551\"><strong data-start=\"1516\" data-end=\"1549\">Poss\u00edveis efeitos colaterais:<\/strong><\/p>\n<ul data-start=\"1552\" data-end=\"1732\" data-is-last-node=\"\" data-is-only-node=\"\">\n<li class=\"\" data-start=\"1552\" data-end=\"1589\">\n<p class=\"\" data-start=\"1554\" data-end=\"1589\">Dores nas articula\u00e7\u00f5es e m\u00fasculos<\/p>\n<\/li>\n<li class=\"\" data-start=\"1590\" data-end=\"1609\">\n<p class=\"\" data-start=\"1592\" data-end=\"1609\">Incha\u00e7o (edema)<\/p>\n<\/li>\n<li class=\"\" data-start=\"1610\" data-end=\"1640\">\n<p class=\"\" data-start=\"1612\" data-end=\"1640\">S\u00edndrome do t\u00fanel do carpo<\/p>\n<\/li>\n<li class=\"\" data-start=\"1641\" data-end=\"1673\">\n<p class=\"\" data-start=\"1643\" data-end=\"1673\">Aumento do risco de diabetes<\/p>\n<\/li>\n<li class=\"\" data-start=\"1674\" data-end=\"1691\">\n<p class=\"\" data-start=\"1676\" data-end=\"1691\">Dor de cabe\u00e7a<\/p>\n<\/li>\n<li class=\"\" data-start=\"1692\" data-end=\"1702\">\n<p class=\"\" data-start=\"1694\" data-end=\"1702\">N\u00e1usea<\/p>\n<\/li>\n<li class=\"\" data-start=\"1703\" data-end=\"1732\">\n<p class=\"\" data-start=\"1705\" data-end=\"1732\">Rea\u00e7\u00f5es no local da inje\u00e7\u00e3o<\/p>\n<\/li>\n<\/ul>\n<p><\/p>","protected":false},"excerpt":{"rendered":"<p>Compre PB Laboratories SOMATEK 75 UI horm\u00f4nio do crescimento 191aa dom\u00e9stico 75 UI \u2022 Estimula o crescimento de massa muscular<\/p>\n","protected":false},"featured_media":8389,"comment_status":"open","ping_status":"closed","template":"","meta":[],"product_brand":[],"product_cat":[76,3474],"product_tag":[],"class_list":{"0":"post-8386","1":"product","2":"type-product","3":"status-publish","4":"has-post-thumbnail","6":"product_cat-hgh_peptido","7":"product_cat-packs","9":"first","10":"outofstock","11":"sale","12":"shipping-taxable","13":"purchasable","14":"product-type-simple"},"yoast_head":"<!-- This site is optimized with the Yoast SEO Premium plugin v24.4 (Yoast SEO v27.0) - https:\/\/yoast.com\/product\/yoast-seo-premium-wordpress\/ -->\n<title>PAK2 SOMATEK 75UI X2 - SOMATROPIN - Ester\u00f3ides Online<\/title>\n<meta name=\"description\" content=\"SOMATEK HGH (Somatropina): Estimula o m\u00fasculo magro, auxilia na perda de gordura, antienvelhecimento e apoia as articula\u00e7\u00f5es. Horm\u00f4nio de crescimento recombinante.\" \/>\n<meta name=\"robots\" content=\"index, follow, max-snippet:-1, max-image-preview:large, max-video-preview:-1\" \/>\n<link rel=\"canonical\" href=\"https:\/\/iberoid-shop.com\/product\/pak2-somatek-75uix2-150-ui-somatropin\/\" \/>\n<meta property=\"og:locale\" content=\"pt_PT\" \/>\n<meta property=\"og:type\" content=\"article\" \/>\n<meta property=\"og:title\" content=\"PAK2 SOMATEK 75UI X2 - SOMATROPIN\" \/>\n<meta property=\"og:description\" content=\"SOMATEK HGH (Somatropina): Estimula o m\u00fasculo magro, auxilia na perda de gordura, antienvelhecimento e apoia as articula\u00e7\u00f5es. Horm\u00f4nio de crescimento recombinante.\" \/>\n<meta property=\"og:url\" content=\"https:\/\/iberoid-shop.com\/product\/pak2-somatek-75uix2-150-ui-somatropin\/\" \/>\n<meta property=\"og:site_name\" content=\"Ester\u00f3ides Online\" \/>\n<meta property=\"article:modified_time\" content=\"2026-03-01T14:02:08+00:00\" \/>\n<meta property=\"og:image\" content=\"https:\/\/iberoid-shop.com\/wp-content\/uploads\/2023\/03\/2.-som.jpg?v=1710934319\" \/>\n\t<meta property=\"og:image:width\" content=\"1024\" \/>\n\t<meta property=\"og:image:height\" content=\"614\" \/>\n\t<meta property=\"og:image:type\" content=\"image\/jpeg\" \/>\n<meta name=\"twitter:card\" content=\"summary_large_image\" \/>\n<meta name=\"twitter:label1\" content=\"pre\u00e7o\" \/>\n\t<meta name=\"twitter:data1\" content=\"&euro;100.00\" \/>\n\t<meta name=\"twitter:label2\" content=\"Disponibilidade\" \/>\n\t<meta name=\"twitter:data2\" content=\"Esgotado\" \/>\n<script type=\"application\/ld+json\" class=\"yoast-schema-graph\">{\"@context\":\"https:\/\/schema.org\",\"@graph\":[{\"@type\":\"WebPage\",\"@id\":\"https:\/\/iberoid-shop.com\/product\/pak2-somatek-75uix2-150-ui-somatropin\/\",\"url\":\"https:\/\/iberoid-shop.com\/product\/pak2-somatek-75uix2-150-ui-somatropin\/\",\"name\":\"PAK2 SOMATEK 75UI X2 - SOMATROPIN - Ester\u00f3ides Online\",\"isPartOf\":{\"@id\":\"https:\/\/iberoid-shop.com\/#website\"},\"primaryImageOfPage\":{\"@id\":\"https:\/\/iberoid-shop.com\/product\/pak2-somatek-75uix2-150-ui-somatropin\/#primaryimage\"},\"image\":{\"@id\":\"https:\/\/iberoid-shop.com\/product\/pak2-somatek-75uix2-150-ui-somatropin\/#primaryimage\"},\"thumbnailUrl\":\"https:\/\/iberoid.com\/wp-content\/uploads\/2023\/03\/2.-som.jpg?v=1710934319\",\"datePublished\":\"2023-03-26T12:17:56+00:00\",\"dateModified\":\"2026-03-01T14:02:08+00:00\",\"description\":\"SOMATEK HGH (Somatropina): Estimula o m\u00fasculo magro, auxilia na perda de gordura, antienvelhecimento e apoia as articula\u00e7\u00f5es. Horm\u00f4nio de crescimento recombinante.\",\"breadcrumb\":{\"@id\":\"https:\/\/iberoid-shop.com\/product\/pak2-somatek-75uix2-150-ui-somatropin\/#breadcrumb\"},\"inLanguage\":\"pt-PT\",\"potentialAction\":[{\"@type\":\"ReadAction\",\"target\":[[\"https:\/\/iberoid-shop.com\/product\/pak2-somatek-75uix2-150-ui-somatropin\/\"]]}]},{\"@type\":\"ImageObject\",\"inLanguage\":\"pt-PT\",\"@id\":\"https:\/\/iberoid-shop.com\/product\/pak2-somatek-75uix2-150-ui-somatropin\/#primaryimage\",\"url\":\"https:\/\/iberoid.com\/wp-content\/uploads\/2023\/03\/2.-som.jpg?v=1710934319\",\"contentUrl\":\"https:\/\/iberoid.com\/wp-content\/uploads\/2023\/03\/2.-som.jpg?v=1710934319\",\"width\":1024,\"height\":614},{\"@type\":\"BreadcrumbList\",\"@id\":\"https:\/\/iberoid-shop.com\/product\/pak2-somatek-75uix2-150-ui-somatropin\/#breadcrumb\",\"itemListElement\":[{\"@type\":\"ListItem\",\"position\":1,\"name\":\"Portada\",\"item\":\"https:\/\/iberoid.com\/pt\/\"},{\"@type\":\"ListItem\",\"position\":2,\"name\":\"Loja\",\"item\":\"https:\/\/iberoid.com\/pt\/shop\/\"},{\"@type\":\"ListItem\",\"position\":3,\"name\":\"PACK2- SOMATEK 75UI X2 &#8211; 150 ui SOMATROPIN\"}]},{\"@type\":\"WebSite\",\"@id\":\"https:\/\/iberoid-shop.com\/#website\",\"url\":\"https:\/\/iberoid-shop.com\/\",\"name\":\"Ester\u00f3ides Online\",\"description\":\"Compre ester\u00f3ides online hoje em Espanha e Portugal. Temos o melhor servi\u00e7o ao cliente do setor e produtos da mais alta qualidade\",\"potentialAction\":[{\"@type\":\"SearchAction\",\"target\":{\"@type\":\"EntryPoint\",\"urlTemplate\":\"https:\/\/iberoid-shop.com\/?s={search_term_string}\"},\"query-input\":{\"@type\":\"PropertyValueSpecification\",\"valueRequired\":true,\"valueName\":\"search_term_string\"}}],\"inLanguage\":\"pt-PT\"}]}<\/script>\n<meta property=\"product:brand\" content=\"Pb Laboratories\" \/>\n<meta property=\"product:price:amount\" content=\"100.00\" \/>\n<meta property=\"product:price:currency\" content=\"EUR\" \/>\n<meta property=\"og:availability\" content=\"out of stock\" \/>\n<meta property=\"product:availability\" content=\"out of stock\" \/>\n<meta property=\"product:condition\" content=\"new\" \/>\n<!-- \/ Yoast SEO Premium plugin. -->","yoast_head_json":{"title":"PAK2 SOMATEK 75UI X2 - SOMATROPIN - Ester\u00f3ides Online","description":"SOMATEK HGH (Somatropina): Estimula o m\u00fasculo magro, auxilia na perda de gordura, antienvelhecimento e apoia as articula\u00e7\u00f5es. Horm\u00f4nio de crescimento recombinante.","robots":{"index":"index","follow":"follow","max-snippet":"max-snippet:-1","max-image-preview":"max-image-preview:large","max-video-preview":"max-video-preview:-1"},"canonical":"https:\/\/iberoid-shop.com\/product\/pak2-somatek-75uix2-150-ui-somatropin\/","og_locale":"pt_PT","og_type":"article","og_title":"PAK2 SOMATEK 75UI X2 - SOMATROPIN","og_description":"SOMATEK HGH (Somatropina): Estimula o m\u00fasculo magro, auxilia na perda de gordura, antienvelhecimento e apoia as articula\u00e7\u00f5es. Horm\u00f4nio de crescimento recombinante.","og_url":"https:\/\/iberoid-shop.com\/product\/pak2-somatek-75uix2-150-ui-somatropin\/","og_site_name":"Ester\u00f3ides Online","article_modified_time":"2026-03-01T14:02:08+00:00","og_image":[{"width":1024,"height":614,"url":"https:\/\/iberoid-shop.com\/wp-content\/uploads\/2023\/03\/2.-som.jpg?v=1710934319","type":"image\/jpeg"}],"twitter_card":"summary_large_image","twitter_misc":{"pre\u00e7o":"&euro;100.00","Disponibilidade":"Esgotado"},"schema":{"@context":"https:\/\/schema.org","@graph":[{"@type":"WebPage","@id":"https:\/\/iberoid-shop.com\/product\/pak2-somatek-75uix2-150-ui-somatropin\/","url":"https:\/\/iberoid-shop.com\/product\/pak2-somatek-75uix2-150-ui-somatropin\/","name":"PAK2 SOMATEK 75UI X2 - SOMATROPIN - Ester\u00f3ides Online","isPartOf":{"@id":"https:\/\/iberoid-shop.com\/#website"},"primaryImageOfPage":{"@id":"https:\/\/iberoid-shop.com\/product\/pak2-somatek-75uix2-150-ui-somatropin\/#primaryimage"},"image":{"@id":"https:\/\/iberoid-shop.com\/product\/pak2-somatek-75uix2-150-ui-somatropin\/#primaryimage"},"thumbnailUrl":"https:\/\/iberoid.com\/wp-content\/uploads\/2023\/03\/2.-som.jpg?v=1710934319","datePublished":"2023-03-26T12:17:56+00:00","dateModified":"2026-03-01T14:02:08+00:00","description":"SOMATEK HGH (Somatropina): Estimula o m\u00fasculo magro, auxilia na perda de gordura, antienvelhecimento e apoia as articula\u00e7\u00f5es. Horm\u00f4nio de crescimento recombinante.","breadcrumb":{"@id":"https:\/\/iberoid-shop.com\/product\/pak2-somatek-75uix2-150-ui-somatropin\/#breadcrumb"},"inLanguage":"pt-PT","potentialAction":[{"@type":"ReadAction","target":[["https:\/\/iberoid-shop.com\/product\/pak2-somatek-75uix2-150-ui-somatropin\/"]]}]},{"@type":"ImageObject","inLanguage":"pt-PT","@id":"https:\/\/iberoid-shop.com\/product\/pak2-somatek-75uix2-150-ui-somatropin\/#primaryimage","url":"https:\/\/iberoid.com\/wp-content\/uploads\/2023\/03\/2.-som.jpg?v=1710934319","contentUrl":"https:\/\/iberoid.com\/wp-content\/uploads\/2023\/03\/2.-som.jpg?v=1710934319","width":1024,"height":614},{"@type":"BreadcrumbList","@id":"https:\/\/iberoid-shop.com\/product\/pak2-somatek-75uix2-150-ui-somatropin\/#breadcrumb","itemListElement":[{"@type":"ListItem","position":1,"name":"Portada","item":"https:\/\/iberoid.com\/pt\/"},{"@type":"ListItem","position":2,"name":"Loja","item":"https:\/\/iberoid.com\/pt\/shop\/"},{"@type":"ListItem","position":3,"name":"PACK2- SOMATEK 75UI X2 &#8211; 150 ui SOMATROPIN"}]},{"@type":"WebSite","@id":"https:\/\/iberoid-shop.com\/#website","url":"https:\/\/iberoid-shop.com\/","name":"Ester\u00f3ides Online","description":"Compre ester\u00f3ides online hoje em Espanha e Portugal. Temos o melhor servi\u00e7o ao cliente do setor e produtos da mais alta qualidade","potentialAction":[{"@type":"SearchAction","target":{"@type":"EntryPoint","urlTemplate":"https:\/\/iberoid-shop.com\/?s={search_term_string}"},"query-input":{"@type":"PropertyValueSpecification","valueRequired":true,"valueName":"search_term_string"}}],"inLanguage":"pt-PT"}]},"product_brand":"Pb Laboratories","product_price_amount":"100.00","product_price_currency":"EUR","og_availability":"out of stock","product_availability":"out of stock","product_condition":"new"},"_links":{"self":[{"href":"https:\/\/iberoid.com\/pt\/wp-json\/wp\/v2\/product\/8386","targetHints":{"allow":["GET"]}}],"collection":[{"href":"https:\/\/iberoid.com\/pt\/wp-json\/wp\/v2\/product"}],"about":[{"href":"https:\/\/iberoid.com\/pt\/wp-json\/wp\/v2\/types\/product"}],"replies":[{"embeddable":true,"href":"https:\/\/iberoid.com\/pt\/wp-json\/wp\/v2\/comments?post=8386"}],"wp:featuredmedia":[{"embeddable":true,"href":"https:\/\/iberoid.com\/pt\/wp-json\/wp\/v2\/media\/8389"}],"wp:attachment":[{"href":"https:\/\/iberoid.com\/pt\/wp-json\/wp\/v2\/media?parent=8386"}],"wp:term":[{"taxonomy":"product_brand","embeddable":true,"href":"https:\/\/iberoid.com\/pt\/wp-json\/wp\/v2\/product_brand?post=8386"},{"taxonomy":"product_cat","embeddable":true,"href":"https:\/\/iberoid.com\/pt\/wp-json\/wp\/v2\/product_cat?post=8386"},{"taxonomy":"product_tag","embeddable":true,"href":"https:\/\/iberoid.com\/pt\/wp-json\/wp\/v2\/product_tag?post=8386"}],"curies":[{"name":"wp","href":"https:\/\/api.w.org\/{rel}","templated":true}]}}