{"id":8387,"date":"2023-03-26T12:20:49","date_gmt":"2023-03-26T12:20:49","guid":{"rendered":"https:\/\/iberoid.com\/?post_type=product&#038;p=8387"},"modified":"2026-03-01T14:00:12","modified_gmt":"2026-03-01T14:00:12","slug":"pak3-somatek-3x75-ui-225-ui-somatropin","status":"publish","type":"product","link":"https:\/\/iberoid.com\/pt\/product\/pak3-somatek-3x75-ui-225-ui-somatropin\/","title":{"rendered":"PAK3 SOMATEK 3X75 UI &#8211; SOMATROPIN"},"content":{"rendered":"<p><\/p>\n<p class=\"\" data-start=\"0\" data-end=\"814\"><strong data-start=\"0\" data-end=\"11\">SOMATEK<\/strong> tem um efeito pronunciado sobre o metabolismo de gorduras, prote\u00ednas e carboidratos. Em crian\u00e7as com defici\u00eancia do horm\u00f4nio do crescimento (GH), a somatropina estimula o crescimento dos ossos esquel\u00e9ticos em comprimento, atuando sobre as placas epifis\u00e1rias dos ossos longos. Em adultos e crian\u00e7as, a somatropina contribui para a normaliza\u00e7\u00e3o da composi\u00e7\u00e3o corporal, aumentando a massa muscular e reduzindo a gordura corporal. O tecido adiposo visceral \u00e9 especialmente sens\u00edvel \u00e0 a\u00e7\u00e3o da somatropina. Al\u00e9m de intensificar a lip\u00f3lise, a somatropina reduz o fluxo de triglicer\u00eddeos para o tecido adiposo. Sob sua a\u00e7\u00e3o, a concentra\u00e7\u00e3o do fator de crescimento semelhante \u00e0 insulina I (IGF-I) e de sua prote\u00edna de liga\u00e7\u00e3o (IGF-CB3, prote\u00edna de liga\u00e7\u00e3o ao fator de crescimento semelhante \u00e0 insulina) aumenta.<\/p>\n<p class=\"\" data-start=\"816\" data-end=\"868\">Al\u00e9m disso, foram demonstrados os seguintes efeitos:<\/p>\n<p class=\"\" data-start=\"870\" data-end=\"1208\"><strong data-start=\"870\" data-end=\"898\">Metabolismo de gorduras:<\/strong><br data-start=\"898\" data-end=\"901\" \/>A somatropina ativa os receptores de LDL no f\u00edgado e altera o perfil lip\u00eddico e de lipoprote\u00ednas no sangue. De modo geral, o uso de somatropina em pacientes com defici\u00eancia de GH leva \u00e0 redu\u00e7\u00e3o dos n\u00edveis de LDL e apolipoprote\u00edna B no sangue. Tamb\u00e9m \u00e9 observada uma diminui\u00e7\u00e3o na concentra\u00e7\u00e3o de colesterol.<\/p>\n<p class=\"\" data-start=\"1210\" data-end=\"1478\"><strong data-start=\"1210\" data-end=\"1242\">Metabolismo de carboidratos:<\/strong><br data-start=\"1242\" data-end=\"1245\" \/>A somatropina aumenta a libera\u00e7\u00e3o de insulina, mas a concentra\u00e7\u00e3o de glicose geralmente n\u00e3o se altera. Crian\u00e7as com hipopituitarismo podem desenvolver hipoglicemia em jejum, uma condi\u00e7\u00e3o revers\u00edvel com a administra\u00e7\u00e3o de somatropina.<\/p>\n<p class=\"\" data-start=\"1480\" data-end=\"1762\"><strong data-start=\"1480\" data-end=\"1514\">Metabolismo h\u00eddrico e mineral:<\/strong><br data-start=\"1514\" data-end=\"1517\" \/>A defici\u00eancia de GH est\u00e1 associada \u00e0 diminui\u00e7\u00e3o do volume plasm\u00e1tico e do l\u00edquido extracelular. A administra\u00e7\u00e3o de somatropina leva a um aumento r\u00e1pido de ambos os par\u00e2metros. A somatropina contribui para a reten\u00e7\u00e3o de s\u00f3dio, pot\u00e1ssio e f\u00f3sforo.<\/p>\n<p class=\"\" data-start=\"1764\" data-end=\"1984\"><strong data-start=\"1764\" data-end=\"1786\">Metabolismo \u00f3sseo:<\/strong><br data-start=\"1786\" data-end=\"1789\" \/>A somatropina estimula o metabolismo \u00f3sseo. O tratamento prolongado com somatropina em crian\u00e7as com defici\u00eancia de GH e osteoporose leva \u00e0 normaliza\u00e7\u00e3o da composi\u00e7\u00e3o mineral e da densidade \u00f3ssea.<\/p>\n<p class=\"\" data-start=\"1986\" data-end=\"2327\"><strong data-start=\"1986\" data-end=\"2007\">Atividade f\u00edsica:<\/strong><br data-start=\"2007\" data-end=\"2010\" \/>A terapia de reposi\u00e7\u00e3o com somatropina a longo prazo leva ao aumento da for\u00e7a muscular e da resist\u00eancia f\u00edsica. O d\u00e9bito card\u00edaco tamb\u00e9m aumenta, embora o mecanismo desse efeito ainda n\u00e3o seja totalmente compreendido. A redu\u00e7\u00e3o da resist\u00eancia vascular perif\u00e9rica pode explicar parcialmente esse efeito da somatropina.<\/p>\n<p><\/p>","protected":false},"excerpt":{"rendered":"<p>SOMATEK tem um efeito pronunciado sobre o metabolismo de gorduras, prote\u00ednas e carboidratos. Em crian\u00e7as com defici\u00eancia do horm\u00f4nio do<\/p>\n","protected":false},"featured_media":8388,"comment_status":"open","ping_status":"closed","template":"","meta":[],"product_brand":[],"product_cat":[76,3474],"product_tag":[],"class_list":{"0":"post-8387","1":"product","2":"type-product","3":"status-publish","4":"has-post-thumbnail","6":"product_cat-hgh_peptido","7":"product_cat-packs","9":"first","10":"outofstock","11":"sale","12":"shipping-taxable","13":"purchasable","14":"product-type-simple"},"yoast_head":"<!-- This site is optimized with the Yoast SEO Premium plugin v24.4 (Yoast SEO v27.0) - https:\/\/yoast.com\/product\/yoast-seo-premium-wordpress\/ -->\n<title>PAK3 SOMATEK 3X75 UI - SOMATROPIN - Ester\u00f3ides Online<\/title>\n<meta name=\"description\" content=\"SOMATEK (somatropina): Horm\u00f4nio do crescimento que estimula o crescimento \u00f3sseo, aumenta a massa muscular, reduz a gordura corporal e afeta o metabolismo.\" \/>\n<meta name=\"robots\" content=\"index, follow, max-snippet:-1, max-image-preview:large, max-video-preview:-1\" \/>\n<link rel=\"canonical\" href=\"https:\/\/iberoid.com\/pt\/product\/pak3-somatek-3x75-ui-225-ui-somatropin\/\" \/>\n<meta property=\"og:locale\" content=\"pt_PT\" \/>\n<meta property=\"og:type\" content=\"article\" \/>\n<meta property=\"og:title\" content=\"PAK3 SOMATEK 3X75 UI - SOMATROPIN\" \/>\n<meta property=\"og:description\" content=\"SOMATEK (somatropina): Horm\u00f4nio do crescimento que estimula o crescimento \u00f3sseo, aumenta a massa muscular, reduz a gordura corporal e afeta o metabolismo.\" \/>\n<meta property=\"og:url\" content=\"https:\/\/iberoid.com\/pt\/product\/pak3-somatek-3x75-ui-225-ui-somatropin\/\" \/>\n<meta property=\"og:site_name\" content=\"Ester\u00f3ides Online\" \/>\n<meta property=\"article:modified_time\" content=\"2026-03-01T14:00:12+00:00\" \/>\n<meta property=\"og:image\" content=\"https:\/\/iberoid.com\/wp-content\/uploads\/2023\/03\/3.-som.jpg?v=1710934319\" \/>\n\t<meta property=\"og:image:width\" content=\"1024\" \/>\n\t<meta property=\"og:image:height\" content=\"904\" \/>\n\t<meta property=\"og:image:type\" content=\"image\/jpeg\" \/>\n<meta name=\"twitter:card\" content=\"summary_large_image\" \/>\n<meta name=\"twitter:label1\" content=\"pre\u00e7o\" \/>\n\t<meta name=\"twitter:data1\" content=\"&euro;160.00\" \/>\n\t<meta name=\"twitter:label2\" content=\"Disponibilidade\" \/>\n\t<meta name=\"twitter:data2\" content=\"Esgotado\" \/>\n<script type=\"application\/ld+json\" class=\"yoast-schema-graph\">{\"@context\":\"https:\/\/schema.org\",\"@graph\":[{\"@type\":\"WebPage\",\"@id\":\"https:\/\/iberoid.com\/pt\/product\/pak3-somatek-3x75-ui-225-ui-somatropin\/\",\"url\":\"https:\/\/iberoid.com\/pt\/product\/pak3-somatek-3x75-ui-225-ui-somatropin\/\",\"name\":\"PAK3 SOMATEK 3X75 UI - SOMATROPIN - Ester\u00f3ides Online\",\"isPartOf\":{\"@id\":\"https:\/\/iberoid.com\/pt\/#website\"},\"primaryImageOfPage\":{\"@id\":\"https:\/\/iberoid.com\/pt\/product\/pak3-somatek-3x75-ui-225-ui-somatropin\/#primaryimage\"},\"image\":{\"@id\":\"https:\/\/iberoid.com\/pt\/product\/pak3-somatek-3x75-ui-225-ui-somatropin\/#primaryimage\"},\"thumbnailUrl\":\"https:\/\/iberoid.com\/wp-content\/uploads\/2023\/03\/3.-som.jpg?v=1710934319\",\"datePublished\":\"2023-03-26T12:20:49+00:00\",\"dateModified\":\"2026-03-01T14:00:12+00:00\",\"description\":\"SOMATEK (somatropina): Horm\u00f4nio do crescimento que estimula o crescimento \u00f3sseo, aumenta a massa muscular, reduz a gordura corporal e afeta o metabolismo.\",\"breadcrumb\":{\"@id\":\"https:\/\/iberoid.com\/pt\/product\/pak3-somatek-3x75-ui-225-ui-somatropin\/#breadcrumb\"},\"inLanguage\":\"pt-PT\",\"potentialAction\":[{\"@type\":\"ReadAction\",\"target\":[[\"https:\/\/iberoid.com\/pt\/product\/pak3-somatek-3x75-ui-225-ui-somatropin\/\"]]}]},{\"@type\":\"ImageObject\",\"inLanguage\":\"pt-PT\",\"@id\":\"https:\/\/iberoid.com\/pt\/product\/pak3-somatek-3x75-ui-225-ui-somatropin\/#primaryimage\",\"url\":\"https:\/\/iberoid.com\/wp-content\/uploads\/2023\/03\/3.-som.jpg?v=1710934319\",\"contentUrl\":\"https:\/\/iberoid.com\/wp-content\/uploads\/2023\/03\/3.-som.jpg?v=1710934319\",\"width\":1024,\"height\":904},{\"@type\":\"BreadcrumbList\",\"@id\":\"https:\/\/iberoid.com\/pt\/product\/pak3-somatek-3x75-ui-225-ui-somatropin\/#breadcrumb\",\"itemListElement\":[{\"@type\":\"ListItem\",\"position\":1,\"name\":\"Portada\",\"item\":\"https:\/\/iberoid.com\/pt\/\"},{\"@type\":\"ListItem\",\"position\":2,\"name\":\"Loja\",\"item\":\"https:\/\/iberoid.com\/pt\/shop\/\"},{\"@type\":\"ListItem\",\"position\":3,\"name\":\"PAK3 SOMATEK 3X75 UI &#8211; SOMATROPIN\"}]},{\"@type\":\"WebSite\",\"@id\":\"https:\/\/iberoid.com\/pt\/#website\",\"url\":\"https:\/\/iberoid.com\/pt\/\",\"name\":\"Ester\u00f3ides Online\",\"description\":\"Compre ester\u00f3ides online hoje em Espanha e Portugal. Temos o melhor servi\u00e7o ao cliente do setor e produtos da mais alta qualidade\",\"potentialAction\":[{\"@type\":\"SearchAction\",\"target\":{\"@type\":\"EntryPoint\",\"urlTemplate\":\"https:\/\/iberoid.com\/pt\/?s={search_term_string}\"},\"query-input\":{\"@type\":\"PropertyValueSpecification\",\"valueRequired\":true,\"valueName\":\"search_term_string\"}}],\"inLanguage\":\"pt-PT\"}]}<\/script>\n<meta property=\"product:brand\" content=\"Pb Laboratories\" \/>\n<meta property=\"product:price:amount\" content=\"160.00\" \/>\n<meta property=\"product:price:currency\" content=\"EUR\" \/>\n<meta property=\"og:availability\" content=\"out of stock\" \/>\n<meta property=\"product:availability\" content=\"out of stock\" \/>\n<meta property=\"product:condition\" content=\"new\" \/>\n<!-- \/ Yoast SEO Premium plugin. -->","yoast_head_json":{"title":"PAK3 SOMATEK 3X75 UI - SOMATROPIN - Ester\u00f3ides Online","description":"SOMATEK (somatropina): Horm\u00f4nio do crescimento que estimula o crescimento \u00f3sseo, aumenta a massa muscular, reduz a gordura corporal e afeta o metabolismo.","robots":{"index":"index","follow":"follow","max-snippet":"max-snippet:-1","max-image-preview":"max-image-preview:large","max-video-preview":"max-video-preview:-1"},"canonical":"https:\/\/iberoid.com\/pt\/product\/pak3-somatek-3x75-ui-225-ui-somatropin\/","og_locale":"pt_PT","og_type":"article","og_title":"PAK3 SOMATEK 3X75 UI - SOMATROPIN","og_description":"SOMATEK (somatropina): Horm\u00f4nio do crescimento que estimula o crescimento \u00f3sseo, aumenta a massa muscular, reduz a gordura corporal e afeta o metabolismo.","og_url":"https:\/\/iberoid.com\/pt\/product\/pak3-somatek-3x75-ui-225-ui-somatropin\/","og_site_name":"Ester\u00f3ides Online","article_modified_time":"2026-03-01T14:00:12+00:00","og_image":[{"width":1024,"height":904,"url":"https:\/\/iberoid.com\/wp-content\/uploads\/2023\/03\/3.-som.jpg?v=1710934319","type":"image\/jpeg"}],"twitter_card":"summary_large_image","twitter_misc":{"pre\u00e7o":"&euro;160.00","Disponibilidade":"Esgotado"},"schema":{"@context":"https:\/\/schema.org","@graph":[{"@type":"WebPage","@id":"https:\/\/iberoid.com\/pt\/product\/pak3-somatek-3x75-ui-225-ui-somatropin\/","url":"https:\/\/iberoid.com\/pt\/product\/pak3-somatek-3x75-ui-225-ui-somatropin\/","name":"PAK3 SOMATEK 3X75 UI - SOMATROPIN - Ester\u00f3ides Online","isPartOf":{"@id":"https:\/\/iberoid.com\/pt\/#website"},"primaryImageOfPage":{"@id":"https:\/\/iberoid.com\/pt\/product\/pak3-somatek-3x75-ui-225-ui-somatropin\/#primaryimage"},"image":{"@id":"https:\/\/iberoid.com\/pt\/product\/pak3-somatek-3x75-ui-225-ui-somatropin\/#primaryimage"},"thumbnailUrl":"https:\/\/iberoid.com\/wp-content\/uploads\/2023\/03\/3.-som.jpg?v=1710934319","datePublished":"2023-03-26T12:20:49+00:00","dateModified":"2026-03-01T14:00:12+00:00","description":"SOMATEK (somatropina): Horm\u00f4nio do crescimento que estimula o crescimento \u00f3sseo, aumenta a massa muscular, reduz a gordura corporal e afeta o metabolismo.","breadcrumb":{"@id":"https:\/\/iberoid.com\/pt\/product\/pak3-somatek-3x75-ui-225-ui-somatropin\/#breadcrumb"},"inLanguage":"pt-PT","potentialAction":[{"@type":"ReadAction","target":[["https:\/\/iberoid.com\/pt\/product\/pak3-somatek-3x75-ui-225-ui-somatropin\/"]]}]},{"@type":"ImageObject","inLanguage":"pt-PT","@id":"https:\/\/iberoid.com\/pt\/product\/pak3-somatek-3x75-ui-225-ui-somatropin\/#primaryimage","url":"https:\/\/iberoid.com\/wp-content\/uploads\/2023\/03\/3.-som.jpg?v=1710934319","contentUrl":"https:\/\/iberoid.com\/wp-content\/uploads\/2023\/03\/3.-som.jpg?v=1710934319","width":1024,"height":904},{"@type":"BreadcrumbList","@id":"https:\/\/iberoid.com\/pt\/product\/pak3-somatek-3x75-ui-225-ui-somatropin\/#breadcrumb","itemListElement":[{"@type":"ListItem","position":1,"name":"Portada","item":"https:\/\/iberoid.com\/pt\/"},{"@type":"ListItem","position":2,"name":"Loja","item":"https:\/\/iberoid.com\/pt\/shop\/"},{"@type":"ListItem","position":3,"name":"PAK3 SOMATEK 3X75 UI &#8211; SOMATROPIN"}]},{"@type":"WebSite","@id":"https:\/\/iberoid.com\/pt\/#website","url":"https:\/\/iberoid.com\/pt\/","name":"Ester\u00f3ides Online","description":"Compre ester\u00f3ides online hoje em Espanha e Portugal. Temos o melhor servi\u00e7o ao cliente do setor e produtos da mais alta qualidade","potentialAction":[{"@type":"SearchAction","target":{"@type":"EntryPoint","urlTemplate":"https:\/\/iberoid.com\/pt\/?s={search_term_string}"},"query-input":{"@type":"PropertyValueSpecification","valueRequired":true,"valueName":"search_term_string"}}],"inLanguage":"pt-PT"}]},"product_brand":"Pb Laboratories","product_price_amount":"160.00","product_price_currency":"EUR","og_availability":"out of stock","product_availability":"out of stock","product_condition":"new"},"_links":{"self":[{"href":"https:\/\/iberoid.com\/pt\/wp-json\/wp\/v2\/product\/8387","targetHints":{"allow":["GET"]}}],"collection":[{"href":"https:\/\/iberoid.com\/pt\/wp-json\/wp\/v2\/product"}],"about":[{"href":"https:\/\/iberoid.com\/pt\/wp-json\/wp\/v2\/types\/product"}],"replies":[{"embeddable":true,"href":"https:\/\/iberoid.com\/pt\/wp-json\/wp\/v2\/comments?post=8387"}],"wp:featuredmedia":[{"embeddable":true,"href":"https:\/\/iberoid.com\/pt\/wp-json\/wp\/v2\/media\/8388"}],"wp:attachment":[{"href":"https:\/\/iberoid.com\/pt\/wp-json\/wp\/v2\/media?parent=8387"}],"wp:term":[{"taxonomy":"product_brand","embeddable":true,"href":"https:\/\/iberoid.com\/pt\/wp-json\/wp\/v2\/product_brand?post=8387"},{"taxonomy":"product_cat","embeddable":true,"href":"https:\/\/iberoid.com\/pt\/wp-json\/wp\/v2\/product_cat?post=8387"},{"taxonomy":"product_tag","embeddable":true,"href":"https:\/\/iberoid.com\/pt\/wp-json\/wp\/v2\/product_tag?post=8387"}],"curies":[{"name":"wp","href":"https:\/\/api.w.org\/{rel}","templated":true}]}}