{"id":8398,"date":"2023-03-27T14:54:53","date_gmt":"2023-03-27T14:54:53","guid":{"rendered":"https:\/\/iberoid.com\/?post_type=product&#038;p=8398"},"modified":"2026-01-25T14:25:25","modified_gmt":"2026-01-25T14:25:25","slug":"n-ject200-nandrolone-decanoate-mp-pharm","status":"publish","type":"product","link":"https:\/\/iberoid.com\/pt\/product\/n-ject200-nandrolone-decanoate-mp-pharm\/","title":{"rendered":"N-JECT200 \/ NANDROLONE DECANOATE"},"content":{"rendered":"<p>Inje\u00e7\u00e3o de Decanoato de Nandrolona \u00e9 um medicamento produzido pela empresa B.M. Farmac\u00eauticos. A subst\u00e2ncia ativa deste medicamento, o Decanoato de Nandrolona, \u00e9 comumente referida como Deca-Durabolin (ou Deca, para abreviar). Deca-Durabolin \u00e9 o ester\u00f3ide injet\u00e1vel mais comum e mais usado. Sua popularidade se deve \u00e0 variedade de possibilidades de aplica\u00e7\u00e3o e resultados tang\u00edveis. O forte efeito anab\u00f3lico de Deca-Durabolin combina-se com um pequeno componente androg\u00eanico, como resultado, Deca proporciona um bom aumento de massa e for\u00e7a muscular.<\/p>\n<p>Efeitos da Deca<br \/>\nCom o uso correto de Deca Durabolin, voc\u00ea ter\u00e1 a capacidade de ganhar:<\/p>\n<p>Crescimento muscular pronunciado<br \/>\nOssos e ligamentos fortalecidos<br \/>\nElimina\u00e7\u00e3o da dor nas articula\u00e7\u00f5es atrav\u00e9s do aumento da produ\u00e7\u00e3o de l\u00edquido sinovial<br \/>\nAumento da contagem de gl\u00f3bulos vermelhos, o que leva a um melhor transporte de oxig\u00eanio. Isso resulta em maior resist\u00eancia.<br \/>\nSistema imunol\u00f3gico melhorado<br \/>\nConvers\u00e3o em estradiol sem a enzima aromatase<br \/>\nMelhoria da absor\u00e7\u00e3o intestinal de amino\u00e1cidos e outras subst\u00e2ncias \u00fateis<br \/>\nRecomenda\u00e7\u00f5es de uso<br \/>\nA dosagem ideal de Decanoato de Nandrolona est\u00e1 na faixa de 200-600mg por semana. Experimentos cient\u00edficos mostraram que os melhores resultados s\u00e3o alcan\u00e7ados quando se toma 4mg do medicamento por 1kg de peso corporal por semana. Aqueles que escolhem uma dosagem inferior a 200 mg por semana sentir\u00e3o apenas um efeito anab\u00f3lico muito fraco, que \u00e9 significativamente aumentado com o aumento das doses. Na faixa de 200-600mg por semana, o efeito anab\u00f3lico aumenta quase em propor\u00e7\u00e3o direta \u00e0 dosagem. Quem toma 600mg em excesso por semana, desloca a propor\u00e7\u00e3o dos efeitos positivos-negativos para os efeitos colaterais, pois neste caso o efeito anab\u00f3lico n\u00e3o aumenta proporcionalmente \u00e0s dosagens, ou seja, 1000mg por semana n\u00e3o trar\u00e1 resultados melhores que 600mg. Para iniciantes no uso de ester\u00f3ides anabolizantes, \u00e9 melhor manter a dosagem de 200 mg por semana.<\/p>","protected":false},"excerpt":{"rendered":"<p>Inje\u00e7\u00e3o de Decanoato de Nandrolona \u00e9 um medicamento produzido pela empresa B.M. Farmac\u00eauticos. A subst\u00e2ncia ativa deste medicamento, o Decanoato<\/p>\n","protected":false},"featured_media":8399,"comment_status":"open","ping_status":"closed","template":"","meta":[],"product_brand":[],"product_cat":[69],"product_tag":[],"class_list":{"0":"post-8398","1":"product","2":"type-product","3":"status-publish","4":"has-post-thumbnail","6":"product_cat-esteroides_inyectables","8":"first","9":"instock","10":"shipping-taxable","11":"purchasable","12":"product-type-simple"},"yoast_head":"<!-- This site is optimized with the Yoast SEO Premium plugin v24.4 (Yoast SEO v27.0) - https:\/\/yoast.com\/product\/yoast-seo-premium-wordpress\/ -->\n<title>N-JECT200 \/ NANDROLONE DECANOATE - Ester\u00f3ides Online<\/title>\n<meta name=\"description\" content=\"DECADURABOLIN (Decanoato de Nandrolona) aumenta m\u00fasculos, for\u00e7a, resist\u00eancia e sa\u00fade articular com baixos efeitos androg\u00eanicos.\" \/>\n<meta name=\"robots\" content=\"index, follow, max-snippet:-1, max-image-preview:large, max-video-preview:-1\" \/>\n<link rel=\"canonical\" href=\"https:\/\/iberoid.com\/pt\/product\/n-ject200-nandrolone-decanoate-mp-pharm\/\" \/>\n<meta property=\"og:locale\" content=\"pt_PT\" \/>\n<meta property=\"og:type\" content=\"article\" \/>\n<meta property=\"og:title\" content=\"N-JECT200 \/ NANDROLONE DECANOATE\" \/>\n<meta property=\"og:description\" content=\"DECADURABOLIN (Decanoato de Nandrolona) aumenta m\u00fasculos, for\u00e7a, resist\u00eancia e sa\u00fade articular com baixos efeitos androg\u00eanicos.\" \/>\n<meta property=\"og:url\" content=\"https:\/\/iberoid.com\/pt\/product\/n-ject200-nandrolone-decanoate-mp-pharm\/\" \/>\n<meta property=\"og:site_name\" content=\"Ester\u00f3ides Online\" \/>\n<meta property=\"article:modified_time\" content=\"2026-01-25T14:25:25+00:00\" \/>\n<meta property=\"og:image\" content=\"https:\/\/iberoid.com\/wp-content\/uploads\/2023\/03\/nject.jpg?v=1697732449\" \/>\n\t<meta property=\"og:image:width\" content=\"486\" \/>\n\t<meta property=\"og:image:height\" content=\"666\" \/>\n\t<meta property=\"og:image:type\" content=\"image\/jpeg\" \/>\n<meta name=\"twitter:card\" content=\"summary_large_image\" \/>\n<meta name=\"twitter:label1\" content=\"pre\u00e7o\" \/>\n\t<meta name=\"twitter:data1\" content=\"&euro;30.00\" \/>\n\t<meta name=\"twitter:label2\" content=\"Disponibilidade\" \/>\n\t<meta name=\"twitter:data2\" content=\"Em stock\" \/>\n<script type=\"application\/ld+json\" class=\"yoast-schema-graph\">{\"@context\":\"https:\/\/schema.org\",\"@graph\":[{\"@type\":\"WebPage\",\"@id\":\"https:\/\/iberoid.com\/pt\/product\/n-ject200-nandrolone-decanoate-mp-pharm\/\",\"url\":\"https:\/\/iberoid.com\/pt\/product\/n-ject200-nandrolone-decanoate-mp-pharm\/\",\"name\":\"N-JECT200 \/ NANDROLONE DECANOATE - Ester\u00f3ides Online\",\"isPartOf\":{\"@id\":\"https:\/\/iberoid.com\/pt\/#website\"},\"primaryImageOfPage\":{\"@id\":\"https:\/\/iberoid.com\/pt\/product\/n-ject200-nandrolone-decanoate-mp-pharm\/#primaryimage\"},\"image\":{\"@id\":\"https:\/\/iberoid.com\/pt\/product\/n-ject200-nandrolone-decanoate-mp-pharm\/#primaryimage\"},\"thumbnailUrl\":\"https:\/\/iberoid.com\/wp-content\/uploads\/2023\/03\/nject.jpg?v=1697732449\",\"datePublished\":\"2023-03-27T14:54:53+00:00\",\"dateModified\":\"2026-01-25T14:25:25+00:00\",\"description\":\"DECADURABOLIN (Decanoato de Nandrolona) aumenta m\u00fasculos, for\u00e7a, resist\u00eancia e sa\u00fade articular com baixos efeitos androg\u00eanicos.\",\"breadcrumb\":{\"@id\":\"https:\/\/iberoid.com\/pt\/product\/n-ject200-nandrolone-decanoate-mp-pharm\/#breadcrumb\"},\"inLanguage\":\"pt-PT\",\"potentialAction\":[{\"@type\":\"ReadAction\",\"target\":[[\"https:\/\/iberoid.com\/pt\/product\/n-ject200-nandrolone-decanoate-mp-pharm\/\"]]}]},{\"@type\":\"ImageObject\",\"inLanguage\":\"pt-PT\",\"@id\":\"https:\/\/iberoid.com\/pt\/product\/n-ject200-nandrolone-decanoate-mp-pharm\/#primaryimage\",\"url\":\"https:\/\/iberoid.com\/wp-content\/uploads\/2023\/03\/nject.jpg?v=1697732449\",\"contentUrl\":\"https:\/\/iberoid.com\/wp-content\/uploads\/2023\/03\/nject.jpg?v=1697732449\",\"width\":486,\"height\":666},{\"@type\":\"BreadcrumbList\",\"@id\":\"https:\/\/iberoid.com\/pt\/product\/n-ject200-nandrolone-decanoate-mp-pharm\/#breadcrumb\",\"itemListElement\":[{\"@type\":\"ListItem\",\"position\":1,\"name\":\"Portada\",\"item\":\"https:\/\/iberoid.com\/pt\/\"},{\"@type\":\"ListItem\",\"position\":2,\"name\":\"Loja\",\"item\":\"https:\/\/iberoid.com\/pt\/shop\/\"},{\"@type\":\"ListItem\",\"position\":3,\"name\":\"N-JECT200 \/ NANDROLONE DECANOATE\"}]},{\"@type\":\"WebSite\",\"@id\":\"https:\/\/iberoid.com\/pt\/#website\",\"url\":\"https:\/\/iberoid.com\/pt\/\",\"name\":\"Ester\u00f3ides Online\",\"description\":\"Compre ester\u00f3ides online hoje em Espanha e Portugal. Temos o melhor servi\u00e7o ao cliente do setor e produtos da mais alta qualidade\",\"potentialAction\":[{\"@type\":\"SearchAction\",\"target\":{\"@type\":\"EntryPoint\",\"urlTemplate\":\"https:\/\/iberoid.com\/pt\/?s={search_term_string}\"},\"query-input\":{\"@type\":\"PropertyValueSpecification\",\"valueRequired\":true,\"valueName\":\"search_term_string\"}}],\"inLanguage\":\"pt-PT\"}]}<\/script>\n<meta property=\"product:brand\" content=\"Mp-Pharm\" \/>\n<meta property=\"product:price:amount\" content=\"30.00\" \/>\n<meta property=\"product:price:currency\" content=\"EUR\" \/>\n<meta property=\"og:availability\" content=\"instock\" \/>\n<meta property=\"product:availability\" content=\"instock\" \/>\n<meta property=\"product:condition\" content=\"new\" \/>\n<!-- \/ Yoast SEO Premium plugin. -->","yoast_head_json":{"title":"N-JECT200 \/ NANDROLONE DECANOATE - Ester\u00f3ides Online","description":"DECADURABOLIN (Decanoato de Nandrolona) aumenta m\u00fasculos, for\u00e7a, resist\u00eancia e sa\u00fade articular com baixos efeitos androg\u00eanicos.","robots":{"index":"index","follow":"follow","max-snippet":"max-snippet:-1","max-image-preview":"max-image-preview:large","max-video-preview":"max-video-preview:-1"},"canonical":"https:\/\/iberoid.com\/pt\/product\/n-ject200-nandrolone-decanoate-mp-pharm\/","og_locale":"pt_PT","og_type":"article","og_title":"N-JECT200 \/ NANDROLONE DECANOATE","og_description":"DECADURABOLIN (Decanoato de Nandrolona) aumenta m\u00fasculos, for\u00e7a, resist\u00eancia e sa\u00fade articular com baixos efeitos androg\u00eanicos.","og_url":"https:\/\/iberoid.com\/pt\/product\/n-ject200-nandrolone-decanoate-mp-pharm\/","og_site_name":"Ester\u00f3ides Online","article_modified_time":"2026-01-25T14:25:25+00:00","og_image":[{"width":486,"height":666,"url":"https:\/\/iberoid.com\/wp-content\/uploads\/2023\/03\/nject.jpg?v=1697732449","type":"image\/jpeg"}],"twitter_card":"summary_large_image","twitter_misc":{"pre\u00e7o":"&euro;30.00","Disponibilidade":"Em stock"},"schema":{"@context":"https:\/\/schema.org","@graph":[{"@type":"WebPage","@id":"https:\/\/iberoid.com\/pt\/product\/n-ject200-nandrolone-decanoate-mp-pharm\/","url":"https:\/\/iberoid.com\/pt\/product\/n-ject200-nandrolone-decanoate-mp-pharm\/","name":"N-JECT200 \/ NANDROLONE DECANOATE - Ester\u00f3ides Online","isPartOf":{"@id":"https:\/\/iberoid.com\/pt\/#website"},"primaryImageOfPage":{"@id":"https:\/\/iberoid.com\/pt\/product\/n-ject200-nandrolone-decanoate-mp-pharm\/#primaryimage"},"image":{"@id":"https:\/\/iberoid.com\/pt\/product\/n-ject200-nandrolone-decanoate-mp-pharm\/#primaryimage"},"thumbnailUrl":"https:\/\/iberoid.com\/wp-content\/uploads\/2023\/03\/nject.jpg?v=1697732449","datePublished":"2023-03-27T14:54:53+00:00","dateModified":"2026-01-25T14:25:25+00:00","description":"DECADURABOLIN (Decanoato de Nandrolona) aumenta m\u00fasculos, for\u00e7a, resist\u00eancia e sa\u00fade articular com baixos efeitos androg\u00eanicos.","breadcrumb":{"@id":"https:\/\/iberoid.com\/pt\/product\/n-ject200-nandrolone-decanoate-mp-pharm\/#breadcrumb"},"inLanguage":"pt-PT","potentialAction":[{"@type":"ReadAction","target":[["https:\/\/iberoid.com\/pt\/product\/n-ject200-nandrolone-decanoate-mp-pharm\/"]]}]},{"@type":"ImageObject","inLanguage":"pt-PT","@id":"https:\/\/iberoid.com\/pt\/product\/n-ject200-nandrolone-decanoate-mp-pharm\/#primaryimage","url":"https:\/\/iberoid.com\/wp-content\/uploads\/2023\/03\/nject.jpg?v=1697732449","contentUrl":"https:\/\/iberoid.com\/wp-content\/uploads\/2023\/03\/nject.jpg?v=1697732449","width":486,"height":666},{"@type":"BreadcrumbList","@id":"https:\/\/iberoid.com\/pt\/product\/n-ject200-nandrolone-decanoate-mp-pharm\/#breadcrumb","itemListElement":[{"@type":"ListItem","position":1,"name":"Portada","item":"https:\/\/iberoid.com\/pt\/"},{"@type":"ListItem","position":2,"name":"Loja","item":"https:\/\/iberoid.com\/pt\/shop\/"},{"@type":"ListItem","position":3,"name":"N-JECT200 \/ NANDROLONE DECANOATE"}]},{"@type":"WebSite","@id":"https:\/\/iberoid.com\/pt\/#website","url":"https:\/\/iberoid.com\/pt\/","name":"Ester\u00f3ides Online","description":"Compre ester\u00f3ides online hoje em Espanha e Portugal. Temos o melhor servi\u00e7o ao cliente do setor e produtos da mais alta qualidade","potentialAction":[{"@type":"SearchAction","target":{"@type":"EntryPoint","urlTemplate":"https:\/\/iberoid.com\/pt\/?s={search_term_string}"},"query-input":{"@type":"PropertyValueSpecification","valueRequired":true,"valueName":"search_term_string"}}],"inLanguage":"pt-PT"}]},"product_brand":"Mp-Pharm","product_price_amount":"30.00","product_price_currency":"EUR","og_availability":"instock","product_availability":"instock","product_condition":"new"},"_links":{"self":[{"href":"https:\/\/iberoid.com\/pt\/wp-json\/wp\/v2\/product\/8398","targetHints":{"allow":["GET"]}}],"collection":[{"href":"https:\/\/iberoid.com\/pt\/wp-json\/wp\/v2\/product"}],"about":[{"href":"https:\/\/iberoid.com\/pt\/wp-json\/wp\/v2\/types\/product"}],"replies":[{"embeddable":true,"href":"https:\/\/iberoid.com\/pt\/wp-json\/wp\/v2\/comments?post=8398"}],"wp:featuredmedia":[{"embeddable":true,"href":"https:\/\/iberoid.com\/pt\/wp-json\/wp\/v2\/media\/8399"}],"wp:attachment":[{"href":"https:\/\/iberoid.com\/pt\/wp-json\/wp\/v2\/media?parent=8398"}],"wp:term":[{"taxonomy":"product_brand","embeddable":true,"href":"https:\/\/iberoid.com\/pt\/wp-json\/wp\/v2\/product_brand?post=8398"},{"taxonomy":"product_cat","embeddable":true,"href":"https:\/\/iberoid.com\/pt\/wp-json\/wp\/v2\/product_cat?post=8398"},{"taxonomy":"product_tag","embeddable":true,"href":"https:\/\/iberoid.com\/pt\/wp-json\/wp\/v2\/product_tag?post=8398"}],"curies":[{"name":"wp","href":"https:\/\/api.w.org\/{rel}","templated":true}]}}