{"id":8509,"date":"2023-05-13T15:19:11","date_gmt":"2023-05-13T15:19:11","guid":{"rendered":"https:\/\/iberoid.com\/?post_type=product&#038;p=8509"},"modified":"2024-05-09T12:37:28","modified_gmt":"2024-05-09T12:37:28","slug":"nandrolone-decanoate-200mg-golden-dragon","status":"publish","type":"product","link":"https:\/\/iberoid.com\/pt\/product\/nandrolone-decanoate-200mg-golden-dragon\/","title":{"rendered":"NANDROLONE DECANOATE 200mg"},"content":{"rendered":"<p>Os efeitos positivos da droga incluem crescimento muscular, estimula\u00e7\u00e3o do apetite e aumento da produ\u00e7\u00e3o de gl\u00f3bulos vermelhos e densidade \u00f3ssea. Estudos cl\u00ednicos demonstraram que \u00e9 eficaz no tratamento de anemia, osteoporose e algumas formas de neoplasia, incluindo cancro da mama, e tamb\u00e9m actua como contraceptivo \u00e0 base de progestina. Por estas raz\u00f5es, nos Estados Unidos a nandrolona recebeu a aprova\u00e7\u00e3o da FDA em 1983.<\/p>\n<p>POSS\u00cdVEIS EFEITOS COLATERAIS:<br \/>\nComo a nandrolona n\u00e3o \u00e9 decomposta em DHT, o efeito delet\u00e9rio comum \u00e0 maioria dos ester\u00f3ides anabolizantes no couro cabeludo, na pele e na pr\u00f3stata \u00e9 reduzido at\u00e9 certo ponto; mas \u00e9 bastante dividido no andr\u00f3geno diidronandrolona, \u200b\u200bmuito mais fraco. A falta de alquila\u00e7\u00e3o no carbono 17\u00e1 reduz drasticamente a toxicidade hep\u00e1tica da droga. Os efeitos estrog\u00eanicos resultantes da rea\u00e7\u00e3o com a aromatase tamb\u00e9m s\u00e3o atenuados pelo fato da droga ser uma progestina, mas efeitos como ginecomastia e redu\u00e7\u00e3o da libido ainda ocorrem em doses maiores. Outros efeitos colaterais podem incluir disfun\u00e7\u00e3o er\u00e9til e danos cardiovasculares, bem como v\u00e1rias doen\u00e7as resultantes do efeito da droga na redu\u00e7\u00e3o dos n\u00edveis do horm\u00f4nio luteinizante por meio de feedback negativo.<\/p>","protected":false},"excerpt":{"rendered":"<p>Os efeitos positivos da droga incluem crescimento muscular, estimula\u00e7\u00e3o do apetite e aumento da produ\u00e7\u00e3o de gl\u00f3bulos vermelhos e densidade<\/p>\n","protected":false},"featured_media":6576,"comment_status":"open","ping_status":"closed","template":"","meta":[],"product_brand":[],"product_cat":[69],"product_tag":[],"class_list":{"0":"post-8509","1":"product","2":"type-product","3":"status-publish","4":"has-post-thumbnail","6":"product_cat-esteroides_inyectables","8":"first","9":"outofstock","10":"sale","11":"shipping-taxable","12":"purchasable","13":"product-type-simple"},"yoast_head":"<!-- This site is optimized with the Yoast SEO Premium plugin v24.4 (Yoast SEO v27.3) - https:\/\/yoast.com\/product\/yoast-seo-premium-wordpress\/ -->\n<title>NANDROLONE DECANOATE 200mg - Ester\u00f3ides Online<\/title>\n<meta name=\"robots\" content=\"index, follow, max-snippet:-1, max-image-preview:large, max-video-preview:-1\" \/>\n<link rel=\"canonical\" href=\"https:\/\/iberoid.com\/pt\/product\/nandrolone-decanoate-200mg-golden-dragon\/\" \/>\n<meta property=\"og:locale\" content=\"pt_PT\" \/>\n<meta property=\"og:type\" content=\"article\" \/>\n<meta property=\"og:title\" content=\"NANDROLONE DECANOATE 200mg\" \/>\n<meta property=\"og:description\" content=\"Os efeitos positivos da droga incluem crescimento muscular, estimula\u00e7\u00e3o do apetite e aumento da produ\u00e7\u00e3o de gl\u00f3bulos vermelhos e densidade\" \/>\n<meta property=\"og:url\" content=\"https:\/\/iberoid.com\/pt\/product\/nandrolone-decanoate-200mg-golden-dragon\/\" \/>\n<meta property=\"og:site_name\" content=\"Ester\u00f3ides Online\" \/>\n<meta property=\"article:modified_time\" content=\"2024-05-09T12:37:28+00:00\" \/>\n<meta property=\"og:image\" content=\"https:\/\/iberoid.com\/wp-content\/uploads\/2021\/08\/nandroged.jpg?v=1699082603\" \/>\n\t<meta property=\"og:image:width\" content=\"500\" \/>\n\t<meta property=\"og:image:height\" content=\"500\" \/>\n\t<meta property=\"og:image:type\" content=\"image\/jpeg\" \/>\n<meta name=\"twitter:card\" content=\"summary_large_image\" \/>\n<meta name=\"twitter:label1\" content=\"pre\u00e7o\" \/>\n\t<meta name=\"twitter:data1\" content=\"&euro;35.00\" \/>\n\t<meta name=\"twitter:label2\" content=\"Disponibilidade\" \/>\n\t<meta name=\"twitter:data2\" content=\"Esgotado\" \/>\n<script type=\"application\/ld+json\" class=\"yoast-schema-graph\">{\"@context\":\"https:\\\/\\\/schema.org\",\"@graph\":[{\"@type\":\"WebPage\",\"@id\":\"https:\\\/\\\/iberoid.com\\\/pt\\\/product\\\/nandrolone-decanoate-200mg-golden-dragon\\\/\",\"url\":\"https:\\\/\\\/iberoid.com\\\/pt\\\/product\\\/nandrolone-decanoate-200mg-golden-dragon\\\/\",\"name\":\"NANDROLONE DECANOATE 200mg - Ester\u00f3ides Online\",\"isPartOf\":{\"@id\":\"https:\\\/\\\/iberoid.com\\\/pt\\\/#website\"},\"primaryImageOfPage\":{\"@id\":\"https:\\\/\\\/iberoid.com\\\/pt\\\/product\\\/nandrolone-decanoate-200mg-golden-dragon\\\/#primaryimage\"},\"image\":{\"@id\":\"https:\\\/\\\/iberoid.com\\\/pt\\\/product\\\/nandrolone-decanoate-200mg-golden-dragon\\\/#primaryimage\"},\"thumbnailUrl\":\"https:\\\/\\\/iberoid.com\\\/wp-content\\\/uploads\\\/2021\\\/08\\\/nandroged.jpg?v=1699082603\",\"datePublished\":\"2023-05-13T15:19:11+00:00\",\"dateModified\":\"2024-05-09T12:37:28+00:00\",\"breadcrumb\":{\"@id\":\"https:\\\/\\\/iberoid.com\\\/pt\\\/product\\\/nandrolone-decanoate-200mg-golden-dragon\\\/#breadcrumb\"},\"inLanguage\":\"pt-PT\",\"potentialAction\":[{\"@type\":\"ReadAction\",\"target\":[[\"https:\\\/\\\/iberoid.com\\\/pt\\\/product\\\/nandrolone-decanoate-200mg-golden-dragon\\\/\"]]}]},{\"@type\":\"ImageObject\",\"inLanguage\":\"pt-PT\",\"@id\":\"https:\\\/\\\/iberoid.com\\\/pt\\\/product\\\/nandrolone-decanoate-200mg-golden-dragon\\\/#primaryimage\",\"url\":\"https:\\\/\\\/iberoid.com\\\/wp-content\\\/uploads\\\/2021\\\/08\\\/nandroged.jpg?v=1699082603\",\"contentUrl\":\"https:\\\/\\\/iberoid.com\\\/wp-content\\\/uploads\\\/2021\\\/08\\\/nandroged.jpg?v=1699082603\",\"width\":500,\"height\":500},{\"@type\":\"BreadcrumbList\",\"@id\":\"https:\\\/\\\/iberoid.com\\\/pt\\\/product\\\/nandrolone-decanoate-200mg-golden-dragon\\\/#breadcrumb\",\"itemListElement\":[{\"@type\":\"ListItem\",\"position\":1,\"name\":\"Portada\",\"item\":\"https:\\\/\\\/iberoid.com\\\/pt\\\/\"},{\"@type\":\"ListItem\",\"position\":2,\"name\":\"Loja\",\"item\":\"https:\\\/\\\/iberoid.com\\\/pt\\\/shop\\\/\"},{\"@type\":\"ListItem\",\"position\":3,\"name\":\"NANDROLONE DECANOATE 200mg\"}]},{\"@type\":\"WebSite\",\"@id\":\"https:\\\/\\\/iberoid.com\\\/pt\\\/#website\",\"url\":\"https:\\\/\\\/iberoid.com\\\/pt\\\/\",\"name\":\"Ester\u00f3ides Online\",\"description\":\"Compre ester\u00f3ides online hoje em Espanha e Portugal. Temos o melhor servi\u00e7o ao cliente do setor e produtos da mais alta qualidade\",\"potentialAction\":[{\"@type\":\"SearchAction\",\"target\":{\"@type\":\"EntryPoint\",\"urlTemplate\":\"https:\\\/\\\/iberoid.com\\\/pt\\\/?s={search_term_string}\"},\"query-input\":{\"@type\":\"PropertyValueSpecification\",\"valueRequired\":true,\"valueName\":\"search_term_string\"}}],\"inLanguage\":\"pt-PT\"}]}<\/script>\n<meta property=\"product:brand\" content=\"Golden Dragon\" \/>\n<meta property=\"product:price:amount\" content=\"35.00\" \/>\n<meta property=\"product:price:currency\" content=\"EUR\" \/>\n<meta property=\"og:availability\" content=\"out of stock\" \/>\n<meta property=\"product:availability\" content=\"out of stock\" \/>\n<meta property=\"product:condition\" content=\"new\" \/>\n<!-- \/ Yoast SEO Premium plugin. -->","yoast_head_json":{"title":"NANDROLONE DECANOATE 200mg - Ester\u00f3ides Online","robots":{"index":"index","follow":"follow","max-snippet":"max-snippet:-1","max-image-preview":"max-image-preview:large","max-video-preview":"max-video-preview:-1"},"canonical":"https:\/\/iberoid.com\/pt\/product\/nandrolone-decanoate-200mg-golden-dragon\/","og_locale":"pt_PT","og_type":"article","og_title":"NANDROLONE DECANOATE 200mg","og_description":"Os efeitos positivos da droga incluem crescimento muscular, estimula\u00e7\u00e3o do apetite e aumento da produ\u00e7\u00e3o de gl\u00f3bulos vermelhos e densidade","og_url":"https:\/\/iberoid.com\/pt\/product\/nandrolone-decanoate-200mg-golden-dragon\/","og_site_name":"Ester\u00f3ides Online","article_modified_time":"2024-05-09T12:37:28+00:00","og_image":[{"width":500,"height":500,"url":"https:\/\/iberoid.com\/wp-content\/uploads\/2021\/08\/nandroged.jpg?v=1699082603","type":"image\/jpeg"}],"twitter_card":"summary_large_image","twitter_misc":{"pre\u00e7o":"&euro;35.00","Disponibilidade":"Esgotado"},"schema":{"@context":"https:\/\/schema.org","@graph":[{"@type":"WebPage","@id":"https:\/\/iberoid.com\/pt\/product\/nandrolone-decanoate-200mg-golden-dragon\/","url":"https:\/\/iberoid.com\/pt\/product\/nandrolone-decanoate-200mg-golden-dragon\/","name":"NANDROLONE DECANOATE 200mg - Ester\u00f3ides Online","isPartOf":{"@id":"https:\/\/iberoid.com\/pt\/#website"},"primaryImageOfPage":{"@id":"https:\/\/iberoid.com\/pt\/product\/nandrolone-decanoate-200mg-golden-dragon\/#primaryimage"},"image":{"@id":"https:\/\/iberoid.com\/pt\/product\/nandrolone-decanoate-200mg-golden-dragon\/#primaryimage"},"thumbnailUrl":"https:\/\/iberoid.com\/wp-content\/uploads\/2021\/08\/nandroged.jpg?v=1699082603","datePublished":"2023-05-13T15:19:11+00:00","dateModified":"2024-05-09T12:37:28+00:00","breadcrumb":{"@id":"https:\/\/iberoid.com\/pt\/product\/nandrolone-decanoate-200mg-golden-dragon\/#breadcrumb"},"inLanguage":"pt-PT","potentialAction":[{"@type":"ReadAction","target":[["https:\/\/iberoid.com\/pt\/product\/nandrolone-decanoate-200mg-golden-dragon\/"]]}]},{"@type":"ImageObject","inLanguage":"pt-PT","@id":"https:\/\/iberoid.com\/pt\/product\/nandrolone-decanoate-200mg-golden-dragon\/#primaryimage","url":"https:\/\/iberoid.com\/wp-content\/uploads\/2021\/08\/nandroged.jpg?v=1699082603","contentUrl":"https:\/\/iberoid.com\/wp-content\/uploads\/2021\/08\/nandroged.jpg?v=1699082603","width":500,"height":500},{"@type":"BreadcrumbList","@id":"https:\/\/iberoid.com\/pt\/product\/nandrolone-decanoate-200mg-golden-dragon\/#breadcrumb","itemListElement":[{"@type":"ListItem","position":1,"name":"Portada","item":"https:\/\/iberoid.com\/pt\/"},{"@type":"ListItem","position":2,"name":"Loja","item":"https:\/\/iberoid.com\/pt\/shop\/"},{"@type":"ListItem","position":3,"name":"NANDROLONE DECANOATE 200mg"}]},{"@type":"WebSite","@id":"https:\/\/iberoid.com\/pt\/#website","url":"https:\/\/iberoid.com\/pt\/","name":"Ester\u00f3ides Online","description":"Compre ester\u00f3ides online hoje em Espanha e Portugal. Temos o melhor servi\u00e7o ao cliente do setor e produtos da mais alta qualidade","potentialAction":[{"@type":"SearchAction","target":{"@type":"EntryPoint","urlTemplate":"https:\/\/iberoid.com\/pt\/?s={search_term_string}"},"query-input":{"@type":"PropertyValueSpecification","valueRequired":true,"valueName":"search_term_string"}}],"inLanguage":"pt-PT"}]},"product_brand":"Golden Dragon","product_price_amount":"35.00","product_price_currency":"EUR","og_availability":"out of stock","product_availability":"out of stock","product_condition":"new"},"_links":{"self":[{"href":"https:\/\/iberoid.com\/pt\/wp-json\/wp\/v2\/product\/8509","targetHints":{"allow":["GET"]}}],"collection":[{"href":"https:\/\/iberoid.com\/pt\/wp-json\/wp\/v2\/product"}],"about":[{"href":"https:\/\/iberoid.com\/pt\/wp-json\/wp\/v2\/types\/product"}],"replies":[{"embeddable":true,"href":"https:\/\/iberoid.com\/pt\/wp-json\/wp\/v2\/comments?post=8509"}],"wp:featuredmedia":[{"embeddable":true,"href":"https:\/\/iberoid.com\/pt\/wp-json\/wp\/v2\/media\/6576"}],"wp:attachment":[{"href":"https:\/\/iberoid.com\/pt\/wp-json\/wp\/v2\/media?parent=8509"}],"wp:term":[{"taxonomy":"product_brand","embeddable":true,"href":"https:\/\/iberoid.com\/pt\/wp-json\/wp\/v2\/product_brand?post=8509"},{"taxonomy":"product_cat","embeddable":true,"href":"https:\/\/iberoid.com\/pt\/wp-json\/wp\/v2\/product_cat?post=8509"},{"taxonomy":"product_tag","embeddable":true,"href":"https:\/\/iberoid.com\/pt\/wp-json\/wp\/v2\/product_tag?post=8509"}],"curies":[{"name":"wp","href":"https:\/\/api.w.org\/{rel}","templated":true}]}}