{"id":8556,"date":"2023-06-03T14:28:58","date_gmt":"2023-06-03T14:28:58","guid":{"rendered":"https:\/\/iberoid.com\/?post_type=product&#038;p=8556"},"modified":"2026-02-08T12:11:15","modified_gmt":"2026-02-08T12:11:15","slug":"nandrolone-decanoate-nandroged-premium-epf","status":"publish","type":"product","link":"https:\/\/iberoid.com\/pt\/product\/nandrolone-decanoate-nandroged-premium-epf\/","title":{"rendered":"NANDROLONE DECANOATE \/ NANDROGED PREMIUM"},"content":{"rendered":"<p>O decanoato de nandrolona \u00e9 uma forma injet\u00e1vel do ester\u00f3ide anabolizante nandrolona. O \u00e9ster decanoato fornece uma libera\u00e7\u00e3o lenta de nandrolona do local da inje\u00e7\u00e3o, com dura\u00e7\u00e3o de at\u00e9 tr\u00eas semanas. A nandrolona \u00e9 muito semelhante \u00e0 testosterona em estrutura, embora n\u00e3o possua um \u00e1tomo de carbono na 19\u00aa posi\u00e7\u00e3o (da\u00ed seu outro nome, 19nortestosterona). Assim como a testosterona, a nandrolona apresenta propriedades anab\u00f3licas relativamente fortes. Ao contr\u00e1rio da testosterona, no entanto, a sua actividade de constru\u00e7\u00e3o de tecidos \u00e9 acompanhada por propriedades androg\u00e9nicas fracas. Muito disso tem a ver com a redu\u00e7\u00e3o da nandrolona a um ester\u00f3ide mais fraco, a diidronandrolona, nos mesmos tecidos-alvo responsivos aos andr\u00f3genos que potencializam a a\u00e7\u00e3o da testosterona (convertendo-a em DHT). As propriedades suaves do decanoato de nandrolona tornaram-no um dos ester\u00f3ides injet\u00e1veis mais populares em todo o mundo, altamente favorecido pelos atletas por sua capacidade de promover for\u00e7a significativa e ganhos de massa muscular magra sem fortes efeitos colaterais androg\u00eanicos ou estrog\u00eanicos.<\/p>","protected":false},"excerpt":{"rendered":"<p>O decanoato de nandrolona \u00e9 uma forma injet\u00e1vel do ester\u00f3ide anabolizante nandrolona. O \u00e9ster decanoato fornece uma libera\u00e7\u00e3o lenta de<\/p>\n","protected":false},"featured_media":8557,"comment_status":"open","ping_status":"closed","template":"","meta":[],"product_brand":[],"product_cat":[69],"product_tag":[],"class_list":{"0":"post-8556","1":"product","2":"type-product","3":"status-publish","4":"has-post-thumbnail","6":"product_cat-esteroides_inyectables","8":"first","9":"instock","10":"sale","11":"shipping-taxable","12":"purchasable","13":"product-type-simple"},"yoast_head":"<!-- This site is optimized with the Yoast SEO Premium plugin v24.4 (Yoast SEO v27.0) - https:\/\/yoast.com\/product\/yoast-seo-premium-wordpress\/ -->\n<title>NANDROLONE DECANOATE \/ NANDROGED PREMIUM - Ester\u00f3ides Online<\/title>\n<meta name=\"description\" content=\"DECANOATO DE NANDROLONA \u00e9 um esteroide injet\u00e1vel popular que aumenta massa magra, for\u00e7a e recupera\u00e7\u00e3o com efeitos colaterais leves.\" \/>\n<meta name=\"robots\" content=\"index, follow, max-snippet:-1, max-image-preview:large, max-video-preview:-1\" \/>\n<link rel=\"canonical\" href=\"https:\/\/iberoid.com\/pt\/product\/nandrolone-decanoate-nandroged-premium-epf\/\" \/>\n<meta property=\"og:locale\" content=\"pt_PT\" \/>\n<meta property=\"og:type\" content=\"article\" \/>\n<meta property=\"og:title\" content=\"NANDROLONE DECANOATE \/ NANDROGED PREMIUM\" \/>\n<meta property=\"og:description\" content=\"DECANOATO DE NANDROLONA \u00e9 um esteroide injet\u00e1vel popular que aumenta massa magra, for\u00e7a e recupera\u00e7\u00e3o com efeitos colaterais leves.\" \/>\n<meta property=\"og:url\" content=\"https:\/\/iberoid.com\/pt\/product\/nandrolone-decanoate-nandroged-premium-epf\/\" \/>\n<meta property=\"og:site_name\" content=\"Ester\u00f3ides Online\" \/>\n<meta property=\"article:modified_time\" content=\"2026-02-08T12:11:15+00:00\" \/>\n<meta property=\"og:image\" content=\"https:\/\/iberoid.com\/wp-content\/uploads\/2023\/06\/dk.jpg?v=1690929355\" \/>\n\t<meta property=\"og:image:width\" content=\"1024\" \/>\n\t<meta property=\"og:image:height\" content=\"768\" \/>\n\t<meta property=\"og:image:type\" content=\"image\/jpeg\" \/>\n<meta name=\"twitter:card\" content=\"summary_large_image\" \/>\n<meta name=\"twitter:label1\" content=\"pre\u00e7o\" \/>\n\t<meta name=\"twitter:data1\" content=\"&euro;50.00\" \/>\n\t<meta name=\"twitter:label2\" content=\"Disponibilidade\" \/>\n\t<meta name=\"twitter:data2\" content=\"Em stock\" \/>\n<script type=\"application\/ld+json\" class=\"yoast-schema-graph\">{\"@context\":\"https:\/\/schema.org\",\"@graph\":[{\"@type\":\"WebPage\",\"@id\":\"https:\/\/iberoid.com\/pt\/product\/nandrolone-decanoate-nandroged-premium-epf\/\",\"url\":\"https:\/\/iberoid.com\/pt\/product\/nandrolone-decanoate-nandroged-premium-epf\/\",\"name\":\"NANDROLONE DECANOATE \/ NANDROGED PREMIUM - Ester\u00f3ides Online\",\"isPartOf\":{\"@id\":\"https:\/\/iberoid-shop.com\/#website\"},\"primaryImageOfPage\":{\"@id\":\"https:\/\/iberoid.com\/pt\/product\/nandrolone-decanoate-nandroged-premium-epf\/#primaryimage\"},\"image\":{\"@id\":\"https:\/\/iberoid.com\/pt\/product\/nandrolone-decanoate-nandroged-premium-epf\/#primaryimage\"},\"thumbnailUrl\":\"https:\/\/iberoid.com\/wp-content\/uploads\/2023\/06\/dk.jpg?v=1690929355\",\"datePublished\":\"2023-06-03T14:28:58+00:00\",\"dateModified\":\"2026-02-08T12:11:15+00:00\",\"description\":\"DECANOATO DE NANDROLONA \u00e9 um esteroide injet\u00e1vel popular que aumenta massa magra, for\u00e7a e recupera\u00e7\u00e3o com efeitos colaterais leves.\",\"breadcrumb\":{\"@id\":\"https:\/\/iberoid.com\/pt\/product\/nandrolone-decanoate-nandroged-premium-epf\/#breadcrumb\"},\"inLanguage\":\"pt-PT\",\"potentialAction\":[{\"@type\":\"ReadAction\",\"target\":[[\"https:\/\/iberoid.com\/pt\/product\/nandrolone-decanoate-nandroged-premium-epf\/\"]]}]},{\"@type\":\"ImageObject\",\"inLanguage\":\"pt-PT\",\"@id\":\"https:\/\/iberoid.com\/pt\/product\/nandrolone-decanoate-nandroged-premium-epf\/#primaryimage\",\"url\":\"https:\/\/iberoid.com\/wp-content\/uploads\/2023\/06\/dk.jpg?v=1690929355\",\"contentUrl\":\"https:\/\/iberoid.com\/wp-content\/uploads\/2023\/06\/dk.jpg?v=1690929355\",\"width\":1024,\"height\":768},{\"@type\":\"BreadcrumbList\",\"@id\":\"https:\/\/iberoid.com\/pt\/product\/nandrolone-decanoate-nandroged-premium-epf\/#breadcrumb\",\"itemListElement\":[{\"@type\":\"ListItem\",\"position\":1,\"name\":\"Portada\",\"item\":\"https:\/\/iberoid.com\/pt\/\"},{\"@type\":\"ListItem\",\"position\":2,\"name\":\"Loja\",\"item\":\"https:\/\/iberoid.com\/pt\/shop\/\"},{\"@type\":\"ListItem\",\"position\":3,\"name\":\"NANDROLONE DECANOATE \/ NANDROGED PREMIUM\"}]},{\"@type\":\"WebSite\",\"@id\":\"https:\/\/iberoid-shop.com\/#website\",\"url\":\"https:\/\/iberoid-shop.com\/\",\"name\":\"Ester\u00f3ides Online\",\"description\":\"Compre ester\u00f3ides online hoje em Espanha e Portugal. Temos o melhor servi\u00e7o ao cliente do setor e produtos da mais alta qualidade\",\"potentialAction\":[{\"@type\":\"SearchAction\",\"target\":{\"@type\":\"EntryPoint\",\"urlTemplate\":\"https:\/\/iberoid-shop.com\/?s={search_term_string}\"},\"query-input\":{\"@type\":\"PropertyValueSpecification\",\"valueRequired\":true,\"valueName\":\"search_term_string\"}}],\"inLanguage\":\"pt-PT\"}]}<\/script>\n<meta property=\"product:brand\" content=\"Euro Prime Pharmaceuticals (EPF)\" \/>\n<meta property=\"product:price:amount\" content=\"50.00\" \/>\n<meta property=\"product:price:currency\" content=\"EUR\" \/>\n<meta property=\"og:availability\" content=\"instock\" \/>\n<meta property=\"product:availability\" content=\"instock\" \/>\n<meta property=\"product:condition\" content=\"new\" \/>\n<!-- \/ Yoast SEO Premium plugin. -->","yoast_head_json":{"title":"NANDROLONE DECANOATE \/ NANDROGED PREMIUM - Ester\u00f3ides Online","description":"DECANOATO DE NANDROLONA \u00e9 um esteroide injet\u00e1vel popular que aumenta massa magra, for\u00e7a e recupera\u00e7\u00e3o com efeitos colaterais leves.","robots":{"index":"index","follow":"follow","max-snippet":"max-snippet:-1","max-image-preview":"max-image-preview:large","max-video-preview":"max-video-preview:-1"},"canonical":"https:\/\/iberoid.com\/pt\/product\/nandrolone-decanoate-nandroged-premium-epf\/","og_locale":"pt_PT","og_type":"article","og_title":"NANDROLONE DECANOATE \/ NANDROGED PREMIUM","og_description":"DECANOATO DE NANDROLONA \u00e9 um esteroide injet\u00e1vel popular que aumenta massa magra, for\u00e7a e recupera\u00e7\u00e3o com efeitos colaterais leves.","og_url":"https:\/\/iberoid.com\/pt\/product\/nandrolone-decanoate-nandroged-premium-epf\/","og_site_name":"Ester\u00f3ides Online","article_modified_time":"2026-02-08T12:11:15+00:00","og_image":[{"width":1024,"height":768,"url":"https:\/\/iberoid.com\/wp-content\/uploads\/2023\/06\/dk.jpg?v=1690929355","type":"image\/jpeg"}],"twitter_card":"summary_large_image","twitter_misc":{"pre\u00e7o":"&euro;50.00","Disponibilidade":"Em stock"},"schema":{"@context":"https:\/\/schema.org","@graph":[{"@type":"WebPage","@id":"https:\/\/iberoid.com\/pt\/product\/nandrolone-decanoate-nandroged-premium-epf\/","url":"https:\/\/iberoid.com\/pt\/product\/nandrolone-decanoate-nandroged-premium-epf\/","name":"NANDROLONE DECANOATE \/ NANDROGED PREMIUM - Ester\u00f3ides Online","isPartOf":{"@id":"https:\/\/iberoid-shop.com\/#website"},"primaryImageOfPage":{"@id":"https:\/\/iberoid.com\/pt\/product\/nandrolone-decanoate-nandroged-premium-epf\/#primaryimage"},"image":{"@id":"https:\/\/iberoid.com\/pt\/product\/nandrolone-decanoate-nandroged-premium-epf\/#primaryimage"},"thumbnailUrl":"https:\/\/iberoid.com\/wp-content\/uploads\/2023\/06\/dk.jpg?v=1690929355","datePublished":"2023-06-03T14:28:58+00:00","dateModified":"2026-02-08T12:11:15+00:00","description":"DECANOATO DE NANDROLONA \u00e9 um esteroide injet\u00e1vel popular que aumenta massa magra, for\u00e7a e recupera\u00e7\u00e3o com efeitos colaterais leves.","breadcrumb":{"@id":"https:\/\/iberoid.com\/pt\/product\/nandrolone-decanoate-nandroged-premium-epf\/#breadcrumb"},"inLanguage":"pt-PT","potentialAction":[{"@type":"ReadAction","target":[["https:\/\/iberoid.com\/pt\/product\/nandrolone-decanoate-nandroged-premium-epf\/"]]}]},{"@type":"ImageObject","inLanguage":"pt-PT","@id":"https:\/\/iberoid.com\/pt\/product\/nandrolone-decanoate-nandroged-premium-epf\/#primaryimage","url":"https:\/\/iberoid.com\/wp-content\/uploads\/2023\/06\/dk.jpg?v=1690929355","contentUrl":"https:\/\/iberoid.com\/wp-content\/uploads\/2023\/06\/dk.jpg?v=1690929355","width":1024,"height":768},{"@type":"BreadcrumbList","@id":"https:\/\/iberoid.com\/pt\/product\/nandrolone-decanoate-nandroged-premium-epf\/#breadcrumb","itemListElement":[{"@type":"ListItem","position":1,"name":"Portada","item":"https:\/\/iberoid.com\/pt\/"},{"@type":"ListItem","position":2,"name":"Loja","item":"https:\/\/iberoid.com\/pt\/shop\/"},{"@type":"ListItem","position":3,"name":"NANDROLONE DECANOATE \/ NANDROGED PREMIUM"}]},{"@type":"WebSite","@id":"https:\/\/iberoid-shop.com\/#website","url":"https:\/\/iberoid-shop.com\/","name":"Ester\u00f3ides Online","description":"Compre ester\u00f3ides online hoje em Espanha e Portugal. Temos o melhor servi\u00e7o ao cliente do setor e produtos da mais alta qualidade","potentialAction":[{"@type":"SearchAction","target":{"@type":"EntryPoint","urlTemplate":"https:\/\/iberoid-shop.com\/?s={search_term_string}"},"query-input":{"@type":"PropertyValueSpecification","valueRequired":true,"valueName":"search_term_string"}}],"inLanguage":"pt-PT"}]},"product_brand":"Euro Prime Pharmaceuticals (EPF)","product_price_amount":"50.00","product_price_currency":"EUR","og_availability":"instock","product_availability":"instock","product_condition":"new"},"_links":{"self":[{"href":"https:\/\/iberoid.com\/pt\/wp-json\/wp\/v2\/product\/8556","targetHints":{"allow":["GET"]}}],"collection":[{"href":"https:\/\/iberoid.com\/pt\/wp-json\/wp\/v2\/product"}],"about":[{"href":"https:\/\/iberoid.com\/pt\/wp-json\/wp\/v2\/types\/product"}],"replies":[{"embeddable":true,"href":"https:\/\/iberoid.com\/pt\/wp-json\/wp\/v2\/comments?post=8556"}],"wp:featuredmedia":[{"embeddable":true,"href":"https:\/\/iberoid.com\/pt\/wp-json\/wp\/v2\/media\/8557"}],"wp:attachment":[{"href":"https:\/\/iberoid.com\/pt\/wp-json\/wp\/v2\/media?parent=8556"}],"wp:term":[{"taxonomy":"product_brand","embeddable":true,"href":"https:\/\/iberoid.com\/pt\/wp-json\/wp\/v2\/product_brand?post=8556"},{"taxonomy":"product_cat","embeddable":true,"href":"https:\/\/iberoid.com\/pt\/wp-json\/wp\/v2\/product_cat?post=8556"},{"taxonomy":"product_tag","embeddable":true,"href":"https:\/\/iberoid.com\/pt\/wp-json\/wp\/v2\/product_tag?post=8556"}],"curies":[{"name":"wp","href":"https:\/\/api.w.org\/{rel}","templated":true}]}}