{"id":8772,"date":"2023-08-01T14:06:23","date_gmt":"2023-08-01T14:06:23","guid":{"rendered":"https:\/\/iberoid.com\/?post_type=product&#038;p=8772"},"modified":"2025-12-30T14:53:46","modified_gmt":"2025-12-30T14:53:46","slug":"pack3-t-mix-sustanon","status":"publish","type":"product","link":"https:\/\/iberoid.com\/pt\/product\/pack3-t-mix-sustanon\/","title":{"rendered":"PACK3 T MIX \/ SUSTANON"},"content":{"rendered":"<p>Sustanon \u00e9 um ester\u00f3ide anabolizante injet\u00e1vel que cont\u00e9m uma mistura de quatro \u00e9steres de testosterona diferentes, incluindo propionato de testosterona, fenilpropionato de testosterona, isocaproato de testosterona e decanoato de testosterona.<\/p>\n<p>Isso faz do Sustanon uma escolha popular para fisiculturistas e atletas que desejam manter n\u00edveis est\u00e1veis de testosterona ao longo de seus ciclos.<\/p>\n<p>Voc\u00ea est\u00e1 procurando um ester\u00f3ide anabolizante eficaz que possa ajud\u00e1-lo a construir massa muscular, aumentar sua for\u00e7a e melhorar seu desempenho atl\u00e9tico?<\/p>\n<p>Se sim, ent\u00e3o Sustanon pode ser a op\u00e7\u00e3o perfeita para voc\u00ea. Sustanon \u00e9 um ester\u00f3ide anabolizante popular que cont\u00e9m uma mistura de quatro \u00e9steres de testosterona diferentes.<\/p>\n<p>Quando se trata de necessidades de muscula\u00e7\u00e3o, a lista excede em muito as expectativas gerais que possamos ter em mente. Na verdade, o processo \u00e9 cr\u00edtico e n\u00e3o gira necessariamente em torno da necessidade de fortalecer os m\u00fasculos.<\/p>\n<h3>Muscula\u00e7\u00e3o Durateston<\/h3>\n<p>Os fisiculturistas fazem esfor\u00e7os constantes para expandir sua constitui\u00e7\u00e3o com m\u00fasculos mais fibrosos. Mas eles tamb\u00e9m buscam o melhor aproveitamento do seu treinamento e adaptam a defini\u00e7\u00e3o extrema para uma apar\u00eancia completamente transformada.<\/p>\n<p>No entanto, ganhar vantagem em todas as \u00e1reas do condicionamento f\u00edsico em um determinado momento est\u00e1 fora de quest\u00e3o. Para tornar isso vi\u00e1vel, os fisiculturistas e entusiastas do fitness recorrem aos ester\u00f3ides anabolizantes que lhes oferecem a versatilidade que procuram.<\/p>\n<p>Esses derivados artificiais da testosterona s\u00e3o sin\u00f4nimos de muscula\u00e7\u00e3o. E apesar de seus perigos e riscos \u00e0 sa\u00fade, alguns fan\u00e1ticos por fitness preferem aproveit\u00e1-los ao m\u00e1ximo.<\/p>","protected":false},"excerpt":{"rendered":"<p>Sustanon \u00e9 um ester\u00f3ide anabolizante injet\u00e1vel que cont\u00e9m uma mistura de quatro \u00e9steres de testosterona diferentes, incluindo propionato de testosterona,<\/p>\n","protected":false},"featured_media":8397,"comment_status":"open","ping_status":"closed","template":"","meta":[],"product_brand":[],"product_cat":[3474],"product_tag":[],"class_list":{"0":"post-8772","1":"product","2":"type-product","3":"status-publish","4":"has-post-thumbnail","6":"product_cat-packs","8":"first","9":"outofstock","10":"shipping-taxable","11":"purchasable","12":"product-type-simple"},"yoast_head":"<!-- This site is optimized with the Yoast SEO Premium plugin v24.4 (Yoast SEO v27.0) - https:\/\/yoast.com\/product\/yoast-seo-premium-wordpress\/ -->\n<title>PACK3 T MIX \/ SUSTANON - Ester\u00f3ides Online<\/title>\n<meta name=\"description\" content=\"PACK3 T MIX \/ SUSTANON is an injectable anabolic steroid that contains a blend of four different testosterone esters, including testosterone propionate,\" \/>\n<meta name=\"robots\" content=\"index, follow, max-snippet:-1, max-image-preview:large, max-video-preview:-1\" \/>\n<link rel=\"canonical\" href=\"https:\/\/iberoid.com\/pt\/product\/pack3-t-mix-sustanon\/\" \/>\n<meta property=\"og:locale\" content=\"pt_PT\" \/>\n<meta property=\"og:type\" content=\"article\" \/>\n<meta property=\"og:title\" content=\"PACK3 T MIX \/ SUSTANON\" \/>\n<meta property=\"og:description\" content=\"PACK3 T MIX \/ SUSTANON is an injectable anabolic steroid that contains a blend of four different testosterone esters, including testosterone propionate,\" \/>\n<meta property=\"og:url\" content=\"https:\/\/iberoid.com\/pt\/product\/pack3-t-mix-sustanon\/\" \/>\n<meta property=\"og:site_name\" content=\"Ester\u00f3ides Online\" \/>\n<meta property=\"article:modified_time\" content=\"2025-12-30T14:53:46+00:00\" \/>\n<meta property=\"og:image\" content=\"https:\/\/iberoid.com\/wp-content\/uploads\/2023\/03\/tmix.jpg?v=1699545811\" \/>\n\t<meta property=\"og:image:width\" content=\"466\" \/>\n\t<meta property=\"og:image:height\" content=\"642\" \/>\n\t<meta property=\"og:image:type\" content=\"image\/jpeg\" \/>\n<meta name=\"twitter:card\" content=\"summary_large_image\" \/>\n<meta name=\"twitter:label1\" content=\"pre\u00e7o\" \/>\n\t<meta name=\"twitter:data1\" content=\"&euro;55.00\" \/>\n\t<meta name=\"twitter:label2\" content=\"Disponibilidade\" \/>\n\t<meta name=\"twitter:data2\" content=\"Esgotado\" \/>\n<script type=\"application\/ld+json\" class=\"yoast-schema-graph\">{\"@context\":\"https:\/\/schema.org\",\"@graph\":[{\"@type\":\"WebPage\",\"@id\":\"https:\/\/iberoid.com\/pt\/product\/pack3-t-mix-sustanon\/\",\"url\":\"https:\/\/iberoid.com\/pt\/product\/pack3-t-mix-sustanon\/\",\"name\":\"PACK3 T MIX \/ SUSTANON - Ester\u00f3ides Online\",\"isPartOf\":{\"@id\":\"https:\/\/iberoid-shop.com\/#website\"},\"primaryImageOfPage\":{\"@id\":\"https:\/\/iberoid.com\/pt\/product\/pack3-t-mix-sustanon\/#primaryimage\"},\"image\":{\"@id\":\"https:\/\/iberoid.com\/pt\/product\/pack3-t-mix-sustanon\/#primaryimage\"},\"thumbnailUrl\":\"https:\/\/iberoid.com\/wp-content\/uploads\/2023\/03\/tmix.jpg?v=1699545811\",\"datePublished\":\"2023-08-01T14:06:23+00:00\",\"dateModified\":\"2025-12-30T14:53:46+00:00\",\"description\":\"PACK3 T MIX \/ SUSTANON is an injectable anabolic steroid that contains a blend of four different testosterone esters, including testosterone propionate,\",\"breadcrumb\":{\"@id\":\"https:\/\/iberoid.com\/pt\/product\/pack3-t-mix-sustanon\/#breadcrumb\"},\"inLanguage\":\"pt-PT\",\"potentialAction\":[{\"@type\":\"ReadAction\",\"target\":[[\"https:\/\/iberoid.com\/pt\/product\/pack3-t-mix-sustanon\/\"]]}]},{\"@type\":\"ImageObject\",\"inLanguage\":\"pt-PT\",\"@id\":\"https:\/\/iberoid.com\/pt\/product\/pack3-t-mix-sustanon\/#primaryimage\",\"url\":\"https:\/\/iberoid.com\/wp-content\/uploads\/2023\/03\/tmix.jpg?v=1699545811\",\"contentUrl\":\"https:\/\/iberoid.com\/wp-content\/uploads\/2023\/03\/tmix.jpg?v=1699545811\",\"width\":466,\"height\":642,\"caption\":\"PACK3 T MIX \/ SUSTANON\"},{\"@type\":\"BreadcrumbList\",\"@id\":\"https:\/\/iberoid.com\/pt\/product\/pack3-t-mix-sustanon\/#breadcrumb\",\"itemListElement\":[{\"@type\":\"ListItem\",\"position\":1,\"name\":\"Portada\",\"item\":\"https:\/\/iberoid.com\/pt\/\"},{\"@type\":\"ListItem\",\"position\":2,\"name\":\"Loja\",\"item\":\"https:\/\/iberoid.com\/pt\/shop\/\"},{\"@type\":\"ListItem\",\"position\":3,\"name\":\"PACK3 T MIX \/ SUSTANON\"}]},{\"@type\":\"WebSite\",\"@id\":\"https:\/\/iberoid-shop.com\/#website\",\"url\":\"https:\/\/iberoid-shop.com\/\",\"name\":\"Ester\u00f3ides Online\",\"description\":\"Compre ester\u00f3ides online hoje em Espanha e Portugal. Temos o melhor servi\u00e7o ao cliente do setor e produtos da mais alta qualidade\",\"potentialAction\":[{\"@type\":\"SearchAction\",\"target\":{\"@type\":\"EntryPoint\",\"urlTemplate\":\"https:\/\/iberoid-shop.com\/?s={search_term_string}\"},\"query-input\":{\"@type\":\"PropertyValueSpecification\",\"valueRequired\":true,\"valueName\":\"search_term_string\"}}],\"inLanguage\":\"pt-PT\"}]}<\/script>\n<meta property=\"product:brand\" content=\"Muscle Pharm\" \/>\n<meta property=\"product:price:amount\" content=\"55.00\" \/>\n<meta property=\"product:price:currency\" content=\"EUR\" \/>\n<meta property=\"og:availability\" content=\"out of stock\" \/>\n<meta property=\"product:availability\" content=\"out of stock\" \/>\n<meta property=\"product:condition\" content=\"new\" \/>\n<!-- \/ Yoast SEO Premium plugin. -->","yoast_head_json":{"title":"PACK3 T MIX \/ SUSTANON - Ester\u00f3ides Online","description":"PACK3 T MIX \/ SUSTANON is an injectable anabolic steroid that contains a blend of four different testosterone esters, including testosterone propionate,","robots":{"index":"index","follow":"follow","max-snippet":"max-snippet:-1","max-image-preview":"max-image-preview:large","max-video-preview":"max-video-preview:-1"},"canonical":"https:\/\/iberoid.com\/pt\/product\/pack3-t-mix-sustanon\/","og_locale":"pt_PT","og_type":"article","og_title":"PACK3 T MIX \/ SUSTANON","og_description":"PACK3 T MIX \/ SUSTANON is an injectable anabolic steroid that contains a blend of four different testosterone esters, including testosterone propionate,","og_url":"https:\/\/iberoid.com\/pt\/product\/pack3-t-mix-sustanon\/","og_site_name":"Ester\u00f3ides Online","article_modified_time":"2025-12-30T14:53:46+00:00","og_image":[{"width":466,"height":642,"url":"https:\/\/iberoid.com\/wp-content\/uploads\/2023\/03\/tmix.jpg?v=1699545811","type":"image\/jpeg"}],"twitter_card":"summary_large_image","twitter_misc":{"pre\u00e7o":"&euro;55.00","Disponibilidade":"Esgotado"},"schema":{"@context":"https:\/\/schema.org","@graph":[{"@type":"WebPage","@id":"https:\/\/iberoid.com\/pt\/product\/pack3-t-mix-sustanon\/","url":"https:\/\/iberoid.com\/pt\/product\/pack3-t-mix-sustanon\/","name":"PACK3 T MIX \/ SUSTANON - Ester\u00f3ides Online","isPartOf":{"@id":"https:\/\/iberoid-shop.com\/#website"},"primaryImageOfPage":{"@id":"https:\/\/iberoid.com\/pt\/product\/pack3-t-mix-sustanon\/#primaryimage"},"image":{"@id":"https:\/\/iberoid.com\/pt\/product\/pack3-t-mix-sustanon\/#primaryimage"},"thumbnailUrl":"https:\/\/iberoid.com\/wp-content\/uploads\/2023\/03\/tmix.jpg?v=1699545811","datePublished":"2023-08-01T14:06:23+00:00","dateModified":"2025-12-30T14:53:46+00:00","description":"PACK3 T MIX \/ SUSTANON is an injectable anabolic steroid that contains a blend of four different testosterone esters, including testosterone propionate,","breadcrumb":{"@id":"https:\/\/iberoid.com\/pt\/product\/pack3-t-mix-sustanon\/#breadcrumb"},"inLanguage":"pt-PT","potentialAction":[{"@type":"ReadAction","target":[["https:\/\/iberoid.com\/pt\/product\/pack3-t-mix-sustanon\/"]]}]},{"@type":"ImageObject","inLanguage":"pt-PT","@id":"https:\/\/iberoid.com\/pt\/product\/pack3-t-mix-sustanon\/#primaryimage","url":"https:\/\/iberoid.com\/wp-content\/uploads\/2023\/03\/tmix.jpg?v=1699545811","contentUrl":"https:\/\/iberoid.com\/wp-content\/uploads\/2023\/03\/tmix.jpg?v=1699545811","width":466,"height":642,"caption":"PACK3 T MIX \/ SUSTANON"},{"@type":"BreadcrumbList","@id":"https:\/\/iberoid.com\/pt\/product\/pack3-t-mix-sustanon\/#breadcrumb","itemListElement":[{"@type":"ListItem","position":1,"name":"Portada","item":"https:\/\/iberoid.com\/pt\/"},{"@type":"ListItem","position":2,"name":"Loja","item":"https:\/\/iberoid.com\/pt\/shop\/"},{"@type":"ListItem","position":3,"name":"PACK3 T MIX \/ SUSTANON"}]},{"@type":"WebSite","@id":"https:\/\/iberoid-shop.com\/#website","url":"https:\/\/iberoid-shop.com\/","name":"Ester\u00f3ides Online","description":"Compre ester\u00f3ides online hoje em Espanha e Portugal. Temos o melhor servi\u00e7o ao cliente do setor e produtos da mais alta qualidade","potentialAction":[{"@type":"SearchAction","target":{"@type":"EntryPoint","urlTemplate":"https:\/\/iberoid-shop.com\/?s={search_term_string}"},"query-input":{"@type":"PropertyValueSpecification","valueRequired":true,"valueName":"search_term_string"}}],"inLanguage":"pt-PT"}]},"product_brand":"Muscle Pharm","product_price_amount":"55.00","product_price_currency":"EUR","og_availability":"out of stock","product_availability":"out of stock","product_condition":"new"},"_links":{"self":[{"href":"https:\/\/iberoid.com\/pt\/wp-json\/wp\/v2\/product\/8772","targetHints":{"allow":["GET"]}}],"collection":[{"href":"https:\/\/iberoid.com\/pt\/wp-json\/wp\/v2\/product"}],"about":[{"href":"https:\/\/iberoid.com\/pt\/wp-json\/wp\/v2\/types\/product"}],"replies":[{"embeddable":true,"href":"https:\/\/iberoid.com\/pt\/wp-json\/wp\/v2\/comments?post=8772"}],"wp:featuredmedia":[{"embeddable":true,"href":"https:\/\/iberoid.com\/pt\/wp-json\/wp\/v2\/media\/8397"}],"wp:attachment":[{"href":"https:\/\/iberoid.com\/pt\/wp-json\/wp\/v2\/media?parent=8772"}],"wp:term":[{"taxonomy":"product_brand","embeddable":true,"href":"https:\/\/iberoid.com\/pt\/wp-json\/wp\/v2\/product_brand?post=8772"},{"taxonomy":"product_cat","embeddable":true,"href":"https:\/\/iberoid.com\/pt\/wp-json\/wp\/v2\/product_cat?post=8772"},{"taxonomy":"product_tag","embeddable":true,"href":"https:\/\/iberoid.com\/pt\/wp-json\/wp\/v2\/product_tag?post=8772"}],"curies":[{"name":"wp","href":"https:\/\/api.w.org\/{rel}","templated":true}]}}