{"id":8789,"date":"2023-08-05T13:46:25","date_gmt":"2023-08-05T13:46:25","guid":{"rendered":"https:\/\/iberoid.com\/?post_type=product&#038;p=8789"},"modified":"2024-07-06T17:10:59","modified_gmt":"2024-07-06T17:10:59","slug":"winstrol50-mg-50-tabs-pharmagen","status":"publish","type":"product","link":"https:\/\/iberoid.com\/pt\/product\/winstrol50-mg-50-tabs-pharmagen\/","title":{"rendered":"WINSTROL 50 MG\/50 TABS"},"content":{"rendered":"<p>Benef\u00edcios do Winstrol \u2013 Para que \u00e9 usado o Winstrol?<br \/>\nWinstrol, ou Winny, \u00e9 um dos ester\u00f3ides anabolizantes conhecidos, usado por v\u00e1rios motivos e benef\u00edcios. \u00c9 uma atra\u00e7\u00e3o para quem tem muita clareza sobre seus objetivos de condicionamento f\u00edsico definidos. Winstrol sempre foi a melhor escolha e um meio eficaz para ajudar os amantes do fitness a reduzir a gordura e ao mesmo tempo criar um f\u00edsico mais magro e forte. Winstrol tem resultados eficazes com certeza, mas os usu\u00e1rios devem sempre fazer sua pr\u00f3pria pesquisa extensa antes de definir suas dosagens. Se combinado com uma dieta correta e um regime de exerc\u00edcios adequado, o Winstrol produzir\u00e1 \u00f3timos resultados. Apesar de o Winny ter quase sa\u00eddo completamente das prateleiras, as pessoas que conseguem utiliz\u00e1-lo s\u00e3o prova suficiente de qu\u00e3o popular ele \u00e9 entre os usu\u00e1rios devido aos seus efeitos positivos no edif\u00edcio f\u00edsico. Al\u00e9m de usar Winstrol para ganhar massa muscular, os comprimidos de Winstrol tamb\u00e9m t\u00eam sido usados para outros benef\u00edcios listados abaixo:<\/p>\n<p>Para aumentar a for\u00e7a<\/p>\n<p>Winstrol \u00e9 um dos ester\u00f3ides anabolizantes que est\u00e1 no topo da lista quando se trata de melhorar o desempenho, especialmente nos circuitos atl\u00e9ticos. Os usu\u00e1rios relataram que o Winstrol ofereceu aumentos dram\u00e1ticos em sua for\u00e7a f\u00edsica, juntamente com um aumento not\u00e1vel no volume ou na massa muscular. Winny \u00e9 geralmente usado por fisiculturistas para ganhar velocidade e for\u00e7a, mantendo a massa muscular magra e o f\u00edsico definido, em vez de parecer extremamente corpulento.<\/p>\n<p>S\u00edntese de Col\u00e1geno<\/p>\n<p>Estudos cl\u00ednicos sugeriram que o uso de Winstrol resultou num aumento na s\u00edntese de col\u00e1geno. Embora o per\u00edodo de recupera\u00e7\u00e3o seja uma parte importante ap\u00f3s o treino, da mesma forma, a r\u00e1pida cicatriza\u00e7\u00e3o de les\u00f5es e a repara\u00e7\u00e3o dos tecidos s\u00e3o essenciais, o que pode ser feito de forma eficaz devido \u00e0 s\u00edntese de col\u00e1geno.<\/p>\n<p>Para endurecer os m\u00fasculos<br \/>\nAo contr\u00e1rio de outros compostos anab\u00f3licos no mercado, o Winstrol seca adequadamente os usu\u00e1rios. Para esclarecer a afirma\u00e7\u00e3o, essa secagem \u00e9, na verdade, o termo frequentemente referido como os resultados magros que os usu\u00e1rios experimentam ao administrar Winny. Winstrol \u00e9 usado principalmente por fisiculturistas, pois torna os m\u00fasculos mais fibrosos e de apar\u00eancia mais dura. Com seu uso regular, a cintura ficar\u00e1 mais aparada com delt\u00f3ides bem esculpidos. O uso deste ester\u00f3ide anabolizante tamb\u00e9m mascarou bem o aparecimento de qualquer maciez e reten\u00e7\u00e3o de \u00e1gua no processo de ganho muscular.<\/p>\n<p>Para reduzir SHBG<\/p>\n<p>SHBG, globulina de liga\u00e7\u00e3o ao horm\u00f4nio sexual, \u00e9 reduzida drasticamente quando o Winstrol come\u00e7a a fazer seu trabalho. Estes efeitos s\u00e3o mais evidentes ao usar Winstrol em compara\u00e7\u00e3o com os resultados de outros ester\u00f3ides anabolizantes dispon\u00edveis no mercado. Ajuda a aumentar os n\u00edveis de testosterona livre no corpo desde o primeiro dia do ciclo.<\/p>\n<p>Para desencadear a perda de gordura<\/p>\n<p>\u00c9 um dos usos importantes do Winstrol, pois tamb\u00e9m \u00e9 considerado um suplemento para perda de gordura que \u00e9 eficaz para a maioria dos indiv\u00edduos que t\u00eam gordura corporal m\u00ednima. Funciona bem para pessoas que seguem uma rotina r\u00edgida de exerc\u00edcios. Devido \u00e0s suas propriedades de queima de gordura, n\u00e3o deve haver surpresa por que funciona t\u00e3o bem na defini\u00e7\u00e3o do f\u00edsico dos fisiculturistas. Winstrol tamb\u00e9m atua no sentido de acelerar o metabolismo, garantindo ao mesmo tempo que os m\u00fasculos sejam preservados no processo.<\/p>\n<p>Para garantir a preserva\u00e7\u00e3o muscular<\/p>\n<p>Sempre que um fisiculturista come\u00e7a a fazer um ciclo de corte, sua \u00eanfase principal \u00e9 aumentar o cardio e queimar gordura ao m\u00e1ximo, reduzindo tamb\u00e9m as calorias. Fazendo todo esse regime de perda de gordura, \u00e9 muito importante proteger os m\u00fasculos, pois devido ao d\u00e9ficit cal\u00f3rico o corpo acaba utilizando gordura e m\u00fasculo como combust\u00edvel. No entanto, isso obviamente n\u00e3o \u00e9 acolhedor para nenhum fisiculturista. Por esse motivo, o Stanozolol \u00e9 altamente considerado e considerado um ester\u00f3ide eficaz. Com o uso do Winny, os usu\u00e1rios n\u00e3o s\u00f3 aproveitam para tirar a gordura do corpo, mas tamb\u00e9m deixam e preservam os m\u00fasculos definidos.<\/p>\n<p>Para melhorar o desempenho<\/p>\n<p>Outro uso do Winstrol \u00e9 melhorar o desempenho e a resist\u00eancia. Winstrol foi inicialmente desenvolvido para combater a anemia, j\u00e1 que o produto qu\u00edmico estanozolol \u00e9 perfeito para aumentar a contagem de gl\u00f3bulos vermelhos no corpo. Este processo n\u00e3o \u00e9 \u00fatil apenas em geral para as pessoas, mas tamb\u00e9m para fisiculturistas. O oxig\u00eanio e os nutrientes s\u00e3o transportados por todo o corpo atrav\u00e9s da corrente sangu\u00ednea. Quanto maior a circula\u00e7\u00e3o de c\u00e9lulas com os nutrientes, mais energia flui no corpo e mais voc\u00ea pode for\u00e7ar os m\u00fasculos e o corpo a trabalhar. Winstrol ajuda os levantadores de peso a aumentar sua capacidade de levantar pesos e se exercitar por longos per\u00edodos de tempo com menos fadiga muscular e recupera\u00e7\u00e3o mais r\u00e1pida.<\/p>\n<p>Ciclo Winstrol<\/p>\n<p>Uma das partes interessantes desta revis\u00e3o \u00e9 discutir a melhor maneira de fazer o Ciclo Winstrol. O ciclo padr\u00e3o de Winstrol dura entre 4 a 6 semanas. Executar um ciclo al\u00e9m do per\u00edodo normal pode causar hepatoxicidade. Ao usar o ciclo Winstrol, \u00e9 recomendado o uso de suplementos e produtos de suporte que ajudem a proteger o f\u00edgado e outros \u00f3rg\u00e3os do corpo dos efeitos nocivos.<\/p>","protected":false},"excerpt":{"rendered":"<p>Benef\u00edcios do Winstrol \u2013 Para que \u00e9 usado o Winstrol? Winstrol, ou Winny, \u00e9 um dos ester\u00f3ides anabolizantes conhecidos, usado<\/p>\n","protected":false},"featured_media":8791,"comment_status":"open","ping_status":"closed","template":"","meta":[],"product_brand":[],"product_cat":[73],"product_tag":[],"class_list":{"0":"post-8789","1":"product","2":"type-product","3":"status-publish","4":"has-post-thumbnail","6":"product_cat-ssteroides_orales","8":"first","9":"outofstock","10":"shipping-taxable","11":"purchasable","12":"product-type-simple"},"yoast_head":"<!-- This site is optimized with the Yoast SEO Premium plugin v24.4 (Yoast SEO v27.3) - https:\/\/yoast.com\/product\/yoast-seo-premium-wordpress\/ -->\n<title>WINSTROL 50 MG\/50 TABS - Ester\u00f3ides Online<\/title>\n<meta name=\"robots\" content=\"index, follow, max-snippet:-1, max-image-preview:large, max-video-preview:-1\" \/>\n<link rel=\"canonical\" href=\"https:\/\/iberoid.com\/pt\/product\/winstrol50-mg-50-tabs-pharmagen\/\" \/>\n<meta property=\"og:locale\" content=\"pt_PT\" \/>\n<meta property=\"og:type\" content=\"article\" \/>\n<meta property=\"og:title\" content=\"WINSTROL 50 MG\/50 TABS\" \/>\n<meta property=\"og:description\" content=\"Benef\u00edcios do Winstrol \u2013 Para que \u00e9 usado o Winstrol? Winstrol, ou Winny, \u00e9 um dos ester\u00f3ides anabolizantes conhecidos, usado\" \/>\n<meta property=\"og:url\" content=\"https:\/\/iberoid.com\/pt\/product\/winstrol50-mg-50-tabs-pharmagen\/\" \/>\n<meta property=\"og:site_name\" content=\"Ester\u00f3ides Online\" \/>\n<meta property=\"article:modified_time\" content=\"2024-07-06T17:10:59+00:00\" \/>\n<meta property=\"og:image\" content=\"https:\/\/iberoid.com\/wp-content\/uploads\/2023\/08\/winstrol-50mg.png?v=1691243215\" \/>\n\t<meta property=\"og:image:width\" content=\"1250\" \/>\n\t<meta property=\"og:image:height\" content=\"1100\" \/>\n\t<meta property=\"og:image:type\" content=\"image\/png\" \/>\n<meta name=\"twitter:card\" content=\"summary_large_image\" \/>\n<meta name=\"twitter:label1\" content=\"pre\u00e7o\" \/>\n\t<meta name=\"twitter:data1\" content=\"&euro;40.00\" \/>\n\t<meta name=\"twitter:label2\" content=\"Disponibilidade\" \/>\n\t<meta name=\"twitter:data2\" content=\"Esgotado\" \/>\n<script type=\"application\/ld+json\" class=\"yoast-schema-graph\">{\"@context\":\"https:\\\/\\\/schema.org\",\"@graph\":[{\"@type\":\"WebPage\",\"@id\":\"https:\\\/\\\/iberoid.com\\\/pt\\\/product\\\/winstrol50-mg-50-tabs-pharmagen\\\/\",\"url\":\"https:\\\/\\\/iberoid.com\\\/pt\\\/product\\\/winstrol50-mg-50-tabs-pharmagen\\\/\",\"name\":\"WINSTROL 50 MG\\\/50 TABS - Ester\u00f3ides Online\",\"isPartOf\":{\"@id\":\"https:\\\/\\\/iberoid.com\\\/pt\\\/#website\"},\"primaryImageOfPage\":{\"@id\":\"https:\\\/\\\/iberoid.com\\\/pt\\\/product\\\/winstrol50-mg-50-tabs-pharmagen\\\/#primaryimage\"},\"image\":{\"@id\":\"https:\\\/\\\/iberoid.com\\\/pt\\\/product\\\/winstrol50-mg-50-tabs-pharmagen\\\/#primaryimage\"},\"thumbnailUrl\":\"https:\\\/\\\/iberoid.com\\\/wp-content\\\/uploads\\\/2023\\\/08\\\/winstrol-50mg.png?v=1691243215\",\"datePublished\":\"2023-08-05T13:46:25+00:00\",\"dateModified\":\"2024-07-06T17:10:59+00:00\",\"breadcrumb\":{\"@id\":\"https:\\\/\\\/iberoid.com\\\/pt\\\/product\\\/winstrol50-mg-50-tabs-pharmagen\\\/#breadcrumb\"},\"inLanguage\":\"pt-PT\",\"potentialAction\":[{\"@type\":\"ReadAction\",\"target\":[[\"https:\\\/\\\/iberoid.com\\\/pt\\\/product\\\/winstrol50-mg-50-tabs-pharmagen\\\/\"]]}]},{\"@type\":\"ImageObject\",\"inLanguage\":\"pt-PT\",\"@id\":\"https:\\\/\\\/iberoid.com\\\/pt\\\/product\\\/winstrol50-mg-50-tabs-pharmagen\\\/#primaryimage\",\"url\":\"https:\\\/\\\/iberoid.com\\\/wp-content\\\/uploads\\\/2023\\\/08\\\/winstrol-50mg.png?v=1691243215\",\"contentUrl\":\"https:\\\/\\\/iberoid.com\\\/wp-content\\\/uploads\\\/2023\\\/08\\\/winstrol-50mg.png?v=1691243215\",\"width\":1250,\"height\":1100},{\"@type\":\"BreadcrumbList\",\"@id\":\"https:\\\/\\\/iberoid.com\\\/pt\\\/product\\\/winstrol50-mg-50-tabs-pharmagen\\\/#breadcrumb\",\"itemListElement\":[{\"@type\":\"ListItem\",\"position\":1,\"name\":\"Portada\",\"item\":\"https:\\\/\\\/iberoid.com\\\/pt\\\/\"},{\"@type\":\"ListItem\",\"position\":2,\"name\":\"Loja\",\"item\":\"https:\\\/\\\/iberoid.com\\\/pt\\\/shop\\\/\"},{\"@type\":\"ListItem\",\"position\":3,\"name\":\"WINSTROL 50 MG\\\/50 TABS\"}]},{\"@type\":\"WebSite\",\"@id\":\"https:\\\/\\\/iberoid.com\\\/pt\\\/#website\",\"url\":\"https:\\\/\\\/iberoid.com\\\/pt\\\/\",\"name\":\"Ester\u00f3ides Online\",\"description\":\"Compre ester\u00f3ides online hoje em Espanha e Portugal. Temos o melhor servi\u00e7o ao cliente do setor e produtos da mais alta qualidade\",\"potentialAction\":[{\"@type\":\"SearchAction\",\"target\":{\"@type\":\"EntryPoint\",\"urlTemplate\":\"https:\\\/\\\/iberoid.com\\\/pt\\\/?s={search_term_string}\"},\"query-input\":{\"@type\":\"PropertyValueSpecification\",\"valueRequired\":true,\"valueName\":\"search_term_string\"}}],\"inLanguage\":\"pt-PT\"}]}<\/script>\n<meta property=\"product:brand\" content=\"Pharmabol\" \/>\n<meta property=\"product:price:amount\" content=\"40.00\" \/>\n<meta property=\"product:price:currency\" content=\"EUR\" \/>\n<meta property=\"og:availability\" content=\"out of stock\" \/>\n<meta property=\"product:availability\" content=\"out of stock\" \/>\n<meta property=\"product:condition\" content=\"new\" \/>\n<!-- \/ Yoast SEO Premium plugin. -->","yoast_head_json":{"title":"WINSTROL 50 MG\/50 TABS - Ester\u00f3ides Online","robots":{"index":"index","follow":"follow","max-snippet":"max-snippet:-1","max-image-preview":"max-image-preview:large","max-video-preview":"max-video-preview:-1"},"canonical":"https:\/\/iberoid.com\/pt\/product\/winstrol50-mg-50-tabs-pharmagen\/","og_locale":"pt_PT","og_type":"article","og_title":"WINSTROL 50 MG\/50 TABS","og_description":"Benef\u00edcios do Winstrol \u2013 Para que \u00e9 usado o Winstrol? Winstrol, ou Winny, \u00e9 um dos ester\u00f3ides anabolizantes conhecidos, usado","og_url":"https:\/\/iberoid.com\/pt\/product\/winstrol50-mg-50-tabs-pharmagen\/","og_site_name":"Ester\u00f3ides Online","article_modified_time":"2024-07-06T17:10:59+00:00","og_image":[{"width":1250,"height":1100,"url":"https:\/\/iberoid.com\/wp-content\/uploads\/2023\/08\/winstrol-50mg.png?v=1691243215","type":"image\/png"}],"twitter_card":"summary_large_image","twitter_misc":{"pre\u00e7o":"&euro;40.00","Disponibilidade":"Esgotado"},"schema":{"@context":"https:\/\/schema.org","@graph":[{"@type":"WebPage","@id":"https:\/\/iberoid.com\/pt\/product\/winstrol50-mg-50-tabs-pharmagen\/","url":"https:\/\/iberoid.com\/pt\/product\/winstrol50-mg-50-tabs-pharmagen\/","name":"WINSTROL 50 MG\/50 TABS - Ester\u00f3ides Online","isPartOf":{"@id":"https:\/\/iberoid.com\/pt\/#website"},"primaryImageOfPage":{"@id":"https:\/\/iberoid.com\/pt\/product\/winstrol50-mg-50-tabs-pharmagen\/#primaryimage"},"image":{"@id":"https:\/\/iberoid.com\/pt\/product\/winstrol50-mg-50-tabs-pharmagen\/#primaryimage"},"thumbnailUrl":"https:\/\/iberoid.com\/wp-content\/uploads\/2023\/08\/winstrol-50mg.png?v=1691243215","datePublished":"2023-08-05T13:46:25+00:00","dateModified":"2024-07-06T17:10:59+00:00","breadcrumb":{"@id":"https:\/\/iberoid.com\/pt\/product\/winstrol50-mg-50-tabs-pharmagen\/#breadcrumb"},"inLanguage":"pt-PT","potentialAction":[{"@type":"ReadAction","target":[["https:\/\/iberoid.com\/pt\/product\/winstrol50-mg-50-tabs-pharmagen\/"]]}]},{"@type":"ImageObject","inLanguage":"pt-PT","@id":"https:\/\/iberoid.com\/pt\/product\/winstrol50-mg-50-tabs-pharmagen\/#primaryimage","url":"https:\/\/iberoid.com\/wp-content\/uploads\/2023\/08\/winstrol-50mg.png?v=1691243215","contentUrl":"https:\/\/iberoid.com\/wp-content\/uploads\/2023\/08\/winstrol-50mg.png?v=1691243215","width":1250,"height":1100},{"@type":"BreadcrumbList","@id":"https:\/\/iberoid.com\/pt\/product\/winstrol50-mg-50-tabs-pharmagen\/#breadcrumb","itemListElement":[{"@type":"ListItem","position":1,"name":"Portada","item":"https:\/\/iberoid.com\/pt\/"},{"@type":"ListItem","position":2,"name":"Loja","item":"https:\/\/iberoid.com\/pt\/shop\/"},{"@type":"ListItem","position":3,"name":"WINSTROL 50 MG\/50 TABS"}]},{"@type":"WebSite","@id":"https:\/\/iberoid.com\/pt\/#website","url":"https:\/\/iberoid.com\/pt\/","name":"Ester\u00f3ides Online","description":"Compre ester\u00f3ides online hoje em Espanha e Portugal. Temos o melhor servi\u00e7o ao cliente do setor e produtos da mais alta qualidade","potentialAction":[{"@type":"SearchAction","target":{"@type":"EntryPoint","urlTemplate":"https:\/\/iberoid.com\/pt\/?s={search_term_string}"},"query-input":{"@type":"PropertyValueSpecification","valueRequired":true,"valueName":"search_term_string"}}],"inLanguage":"pt-PT"}]},"product_brand":"Pharmabol","product_price_amount":"40.00","product_price_currency":"EUR","og_availability":"out of stock","product_availability":"out of stock","product_condition":"new"},"_links":{"self":[{"href":"https:\/\/iberoid.com\/pt\/wp-json\/wp\/v2\/product\/8789","targetHints":{"allow":["GET"]}}],"collection":[{"href":"https:\/\/iberoid.com\/pt\/wp-json\/wp\/v2\/product"}],"about":[{"href":"https:\/\/iberoid.com\/pt\/wp-json\/wp\/v2\/types\/product"}],"replies":[{"embeddable":true,"href":"https:\/\/iberoid.com\/pt\/wp-json\/wp\/v2\/comments?post=8789"}],"wp:featuredmedia":[{"embeddable":true,"href":"https:\/\/iberoid.com\/pt\/wp-json\/wp\/v2\/media\/8791"}],"wp:attachment":[{"href":"https:\/\/iberoid.com\/pt\/wp-json\/wp\/v2\/media?parent=8789"}],"wp:term":[{"taxonomy":"product_brand","embeddable":true,"href":"https:\/\/iberoid.com\/pt\/wp-json\/wp\/v2\/product_brand?post=8789"},{"taxonomy":"product_cat","embeddable":true,"href":"https:\/\/iberoid.com\/pt\/wp-json\/wp\/v2\/product_cat?post=8789"},{"taxonomy":"product_tag","embeddable":true,"href":"https:\/\/iberoid.com\/pt\/wp-json\/wp\/v2\/product_tag?post=8789"}],"curies":[{"name":"wp","href":"https:\/\/api.w.org\/{rel}","templated":true}]}}