{"id":8823,"date":"2023-08-14T21:56:06","date_gmt":"2023-08-14T21:56:06","guid":{"rendered":"https:\/\/iberoid.com\/?post_type=product&#038;p=8823"},"modified":"2026-01-21T10:17:31","modified_gmt":"2026-01-21T10:17:31","slug":"pack3strombabol-stanozolol10-mg-100-tabs-pharmabol","status":"publish","type":"product","link":"https:\/\/iberoid.com\/pt\/product\/pack3strombabol-stanozolol10-mg-100-tabs-pharmabol\/","title":{"rendered":"pack3 STROMBABOL \/ STANOZOLOL 10 MG &#8211; 100 TABS"},"content":{"rendered":"<p>ESTANOZOLOL cont\u00e9m estanozolol, um ester\u00f3ide anabolizante sint\u00e9tico (um ester\u00f3ide artificial semelhante ao ester\u00f3ide natural testosterona). ESTANOZOLOL atua reduzindo a libera\u00e7\u00e3o de uma subst\u00e2ncia qu\u00edmica chamada bradicinina (um pept\u00eddeo que promove a inflama\u00e7\u00e3o), que \u00e9 respons\u00e1vel pela ruptura e vazamento dos vasos sangu\u00edneos. Este dano aos vasos sangu\u00edneos leva ao ac\u00famulo repentino de fluidos abaixo da pele, causando incha\u00e7o (edema) e tamb\u00e9m vermelhid\u00e3o. Desta forma, o ESTANOZOLOL bloqueia a a\u00e7\u00e3o da bradicinina e trata o angioedema. ESTANOZOLOL tamb\u00e9m \u00e9 utilizado no tratamento da anemia (uma condi\u00e7\u00e3o com diminui\u00e7\u00e3o da contagem de gl\u00f3bulos vermelhos e dos n\u00edveis de hemoglobina no organismo) e da s\u00edndrome de Beh\u00e7et (uma doen\u00e7a rara caracterizada por inflama\u00e7\u00e3o nos vasos sangu\u00edneos).<\/p>\n<p>&nbsp;<\/p>\n<p>STANOZOLOL pertence \u00e0 classe dos \u201cester\u00f3ides anabolizantes\u201d utilizados no tratamento do angioedema heredit\u00e1rio. \u00c9\u00a0uma condi\u00e7\u00e3o gen\u00e9tica rara\u00a0caracterizada por epis\u00f3dios recorrentes de incha\u00e7o grave (angioedema). As \u00e1reas do corpo mais comuns que desenvolvem incha\u00e7o s\u00e3o os membros, a face, o trato intestinal e as vias a\u00e9reas. Pequenos traumas ou estresse podem desencadear um ataque, mas o incha\u00e7o geralmente ocorre sem um gatilho conhecido.<\/p>\n<p>ESTANOZOLOL cont\u00e9m estanozolol, um ester\u00f3ide anabolizante sint\u00e9tico (um ester\u00f3ide artificial semelhante ao ester\u00f3ide natural testosterona). ESTANOZOLOL atua reduzindo a libera\u00e7\u00e3o de uma subst\u00e2ncia qu\u00edmica chamada bradicinina (um pept\u00eddeo que promove a inflama\u00e7\u00e3o), que \u00e9 respons\u00e1vel pela ruptura e vazamento dos vasos sangu\u00edneos. Este dano aos vasos sangu\u00edneos leva ao ac\u00famulo repentino de fluidos abaixo da pele, causando incha\u00e7o (edema) e tamb\u00e9m vermelhid\u00e3o. Desta forma, o ESTANOZOLOL bloqueia a a\u00e7\u00e3o da bradicinina e trata o angioedema.<\/p>","protected":false},"excerpt":{"rendered":"<p>ESTANOZOLOL cont\u00e9m estanozolol, um ester\u00f3ide anabolizante sint\u00e9tico (um ester\u00f3ide artificial semelhante ao ester\u00f3ide natural testosterona). ESTANOZOLOL atua reduzindo a libera\u00e7\u00e3o<\/p>\n","protected":false},"featured_media":8826,"comment_status":"open","ping_status":"closed","template":"","meta":[],"product_brand":[],"product_cat":[73,3474],"product_tag":[],"class_list":{"0":"post-8823","1":"product","2":"type-product","3":"status-publish","4":"has-post-thumbnail","6":"product_cat-ssteroides_orales","7":"product_cat-packs","9":"first","10":"outofstock","11":"sale","12":"shipping-taxable","13":"purchasable","14":"product-type-simple"},"yoast_head":"<!-- This site is optimized with the Yoast SEO Premium plugin v24.4 (Yoast SEO v27.0) - https:\/\/yoast.com\/product\/yoast-seo-premium-wordpress\/ -->\n<title>pack3 STROMBABOL \/ STANOZOLOL 10 MG - 100 TABS - Ester\u00f3ides Online<\/title>\n<meta name=\"description\" content=\"STANOZOLOL: Ester\u00f3ide anab\u00f3lico sint\u00e9tico (similar \u00e0 testosterona). Trata angioedema heredit\u00e1rio bloqueando a bradicinina, reduzindo o incha\u00e7o. Tamb\u00e9m \u00e9 usado para anemia e doen\u00e7a de Beh\u00e7et.\" \/>\n<meta name=\"robots\" content=\"index, follow, max-snippet:-1, max-image-preview:large, max-video-preview:-1\" \/>\n<link rel=\"canonical\" href=\"https:\/\/iberoid.com\/pt\/product\/pack3strombabol-stanozolol10-mg-100-tabs-pharmabol\/\" \/>\n<meta property=\"og:locale\" content=\"pt_PT\" \/>\n<meta property=\"og:type\" content=\"article\" \/>\n<meta property=\"og:title\" content=\"pack3 STROMBABOL \/ STANOZOLOL 10 MG - 100 TABS\" \/>\n<meta property=\"og:description\" content=\"STANOZOLOL: Ester\u00f3ide anab\u00f3lico sint\u00e9tico (similar \u00e0 testosterona). Trata angioedema heredit\u00e1rio bloqueando a bradicinina, reduzindo o incha\u00e7o. Tamb\u00e9m \u00e9 usado para anemia e doen\u00e7a de Beh\u00e7et.\" \/>\n<meta property=\"og:url\" content=\"https:\/\/iberoid.com\/pt\/product\/pack3strombabol-stanozolol10-mg-100-tabs-pharmabol\/\" \/>\n<meta property=\"og:site_name\" content=\"Ester\u00f3ides Online\" \/>\n<meta property=\"article:modified_time\" content=\"2026-01-21T10:17:31+00:00\" \/>\n<meta property=\"og:image\" content=\"https:\/\/iberoid.com\/wp-content\/uploads\/2023\/08\/image_6483441-1-1.jpg?v=1692050384\" \/>\n\t<meta property=\"og:image:width\" content=\"1024\" \/>\n\t<meta property=\"og:image:height\" content=\"818\" \/>\n\t<meta property=\"og:image:type\" content=\"image\/jpeg\" \/>\n<meta name=\"twitter:card\" content=\"summary_large_image\" \/>\n<meta name=\"twitter:label1\" content=\"pre\u00e7o\" \/>\n\t<meta name=\"twitter:data1\" content=\"&euro;40.00\" \/>\n\t<meta name=\"twitter:label2\" content=\"Disponibilidade\" \/>\n\t<meta name=\"twitter:data2\" content=\"Esgotado\" \/>\n<script type=\"application\/ld+json\" class=\"yoast-schema-graph\">{\"@context\":\"https:\/\/schema.org\",\"@graph\":[{\"@type\":\"WebPage\",\"@id\":\"https:\/\/iberoid.com\/pt\/product\/pack3strombabol-stanozolol10-mg-100-tabs-pharmabol\/\",\"url\":\"https:\/\/iberoid.com\/pt\/product\/pack3strombabol-stanozolol10-mg-100-tabs-pharmabol\/\",\"name\":\"pack3 STROMBABOL \/ STANOZOLOL 10 MG - 100 TABS - Ester\u00f3ides Online\",\"isPartOf\":{\"@id\":\"https:\/\/iberoid-shop.com\/#website\"},\"primaryImageOfPage\":{\"@id\":\"https:\/\/iberoid.com\/pt\/product\/pack3strombabol-stanozolol10-mg-100-tabs-pharmabol\/#primaryimage\"},\"image\":{\"@id\":\"https:\/\/iberoid.com\/pt\/product\/pack3strombabol-stanozolol10-mg-100-tabs-pharmabol\/#primaryimage\"},\"thumbnailUrl\":\"https:\/\/iberoid.com\/wp-content\/uploads\/2023\/08\/image_6483441-1-1.jpg?v=1692050384\",\"datePublished\":\"2023-08-14T21:56:06+00:00\",\"dateModified\":\"2026-01-21T10:17:31+00:00\",\"description\":\"STANOZOLOL: Ester\u00f3ide anab\u00f3lico sint\u00e9tico (similar \u00e0 testosterona). Trata angioedema heredit\u00e1rio bloqueando a bradicinina, reduzindo o incha\u00e7o. Tamb\u00e9m \u00e9 usado para anemia e doen\u00e7a de Beh\u00e7et.\",\"breadcrumb\":{\"@id\":\"https:\/\/iberoid.com\/pt\/product\/pack3strombabol-stanozolol10-mg-100-tabs-pharmabol\/#breadcrumb\"},\"inLanguage\":\"pt-PT\",\"potentialAction\":[{\"@type\":\"ReadAction\",\"target\":[[\"https:\/\/iberoid.com\/pt\/product\/pack3strombabol-stanozolol10-mg-100-tabs-pharmabol\/\"]]}]},{\"@type\":\"ImageObject\",\"inLanguage\":\"pt-PT\",\"@id\":\"https:\/\/iberoid.com\/pt\/product\/pack3strombabol-stanozolol10-mg-100-tabs-pharmabol\/#primaryimage\",\"url\":\"https:\/\/iberoid.com\/wp-content\/uploads\/2023\/08\/image_6483441-1-1.jpg?v=1692050384\",\"contentUrl\":\"https:\/\/iberoid.com\/wp-content\/uploads\/2023\/08\/image_6483441-1-1.jpg?v=1692050384\",\"width\":1024,\"height\":818},{\"@type\":\"BreadcrumbList\",\"@id\":\"https:\/\/iberoid.com\/pt\/product\/pack3strombabol-stanozolol10-mg-100-tabs-pharmabol\/#breadcrumb\",\"itemListElement\":[{\"@type\":\"ListItem\",\"position\":1,\"name\":\"Portada\",\"item\":\"https:\/\/iberoid.com\/pt\/\"},{\"@type\":\"ListItem\",\"position\":2,\"name\":\"Loja\",\"item\":\"https:\/\/iberoid.com\/pt\/shop\/\"},{\"@type\":\"ListItem\",\"position\":3,\"name\":\"pack3 STROMBABOL \/ STANOZOLOL 10 MG &#8211; 100 TABS\"}]},{\"@type\":\"WebSite\",\"@id\":\"https:\/\/iberoid-shop.com\/#website\",\"url\":\"https:\/\/iberoid-shop.com\/\",\"name\":\"Ester\u00f3ides Online\",\"description\":\"Compre ester\u00f3ides online hoje em Espanha e Portugal. Temos o melhor servi\u00e7o ao cliente do setor e produtos da mais alta qualidade\",\"potentialAction\":[{\"@type\":\"SearchAction\",\"target\":{\"@type\":\"EntryPoint\",\"urlTemplate\":\"https:\/\/iberoid-shop.com\/?s={search_term_string}\"},\"query-input\":{\"@type\":\"PropertyValueSpecification\",\"valueRequired\":true,\"valueName\":\"search_term_string\"}}],\"inLanguage\":\"pt-PT\"}]}<\/script>\n<meta property=\"product:brand\" content=\"Pharmabol\" \/>\n<meta property=\"product:price:amount\" content=\"40.00\" \/>\n<meta property=\"product:price:currency\" content=\"EUR\" \/>\n<meta property=\"og:availability\" content=\"out of stock\" \/>\n<meta property=\"product:availability\" content=\"out of stock\" \/>\n<meta property=\"product:condition\" content=\"new\" \/>\n<!-- \/ Yoast SEO Premium plugin. -->","yoast_head_json":{"title":"pack3 STROMBABOL \/ STANOZOLOL 10 MG - 100 TABS - Ester\u00f3ides Online","description":"STANOZOLOL: Ester\u00f3ide anab\u00f3lico sint\u00e9tico (similar \u00e0 testosterona). Trata angioedema heredit\u00e1rio bloqueando a bradicinina, reduzindo o incha\u00e7o. Tamb\u00e9m \u00e9 usado para anemia e doen\u00e7a de Beh\u00e7et.","robots":{"index":"index","follow":"follow","max-snippet":"max-snippet:-1","max-image-preview":"max-image-preview:large","max-video-preview":"max-video-preview:-1"},"canonical":"https:\/\/iberoid.com\/pt\/product\/pack3strombabol-stanozolol10-mg-100-tabs-pharmabol\/","og_locale":"pt_PT","og_type":"article","og_title":"pack3 STROMBABOL \/ STANOZOLOL 10 MG - 100 TABS","og_description":"STANOZOLOL: Ester\u00f3ide anab\u00f3lico sint\u00e9tico (similar \u00e0 testosterona). Trata angioedema heredit\u00e1rio bloqueando a bradicinina, reduzindo o incha\u00e7o. Tamb\u00e9m \u00e9 usado para anemia e doen\u00e7a de Beh\u00e7et.","og_url":"https:\/\/iberoid.com\/pt\/product\/pack3strombabol-stanozolol10-mg-100-tabs-pharmabol\/","og_site_name":"Ester\u00f3ides Online","article_modified_time":"2026-01-21T10:17:31+00:00","og_image":[{"width":1024,"height":818,"url":"https:\/\/iberoid.com\/wp-content\/uploads\/2023\/08\/image_6483441-1-1.jpg?v=1692050384","type":"image\/jpeg"}],"twitter_card":"summary_large_image","twitter_misc":{"pre\u00e7o":"&euro;40.00","Disponibilidade":"Esgotado"},"schema":{"@context":"https:\/\/schema.org","@graph":[{"@type":"WebPage","@id":"https:\/\/iberoid.com\/pt\/product\/pack3strombabol-stanozolol10-mg-100-tabs-pharmabol\/","url":"https:\/\/iberoid.com\/pt\/product\/pack3strombabol-stanozolol10-mg-100-tabs-pharmabol\/","name":"pack3 STROMBABOL \/ STANOZOLOL 10 MG - 100 TABS - Ester\u00f3ides Online","isPartOf":{"@id":"https:\/\/iberoid-shop.com\/#website"},"primaryImageOfPage":{"@id":"https:\/\/iberoid.com\/pt\/product\/pack3strombabol-stanozolol10-mg-100-tabs-pharmabol\/#primaryimage"},"image":{"@id":"https:\/\/iberoid.com\/pt\/product\/pack3strombabol-stanozolol10-mg-100-tabs-pharmabol\/#primaryimage"},"thumbnailUrl":"https:\/\/iberoid.com\/wp-content\/uploads\/2023\/08\/image_6483441-1-1.jpg?v=1692050384","datePublished":"2023-08-14T21:56:06+00:00","dateModified":"2026-01-21T10:17:31+00:00","description":"STANOZOLOL: Ester\u00f3ide anab\u00f3lico sint\u00e9tico (similar \u00e0 testosterona). Trata angioedema heredit\u00e1rio bloqueando a bradicinina, reduzindo o incha\u00e7o. Tamb\u00e9m \u00e9 usado para anemia e doen\u00e7a de Beh\u00e7et.","breadcrumb":{"@id":"https:\/\/iberoid.com\/pt\/product\/pack3strombabol-stanozolol10-mg-100-tabs-pharmabol\/#breadcrumb"},"inLanguage":"pt-PT","potentialAction":[{"@type":"ReadAction","target":[["https:\/\/iberoid.com\/pt\/product\/pack3strombabol-stanozolol10-mg-100-tabs-pharmabol\/"]]}]},{"@type":"ImageObject","inLanguage":"pt-PT","@id":"https:\/\/iberoid.com\/pt\/product\/pack3strombabol-stanozolol10-mg-100-tabs-pharmabol\/#primaryimage","url":"https:\/\/iberoid.com\/wp-content\/uploads\/2023\/08\/image_6483441-1-1.jpg?v=1692050384","contentUrl":"https:\/\/iberoid.com\/wp-content\/uploads\/2023\/08\/image_6483441-1-1.jpg?v=1692050384","width":1024,"height":818},{"@type":"BreadcrumbList","@id":"https:\/\/iberoid.com\/pt\/product\/pack3strombabol-stanozolol10-mg-100-tabs-pharmabol\/#breadcrumb","itemListElement":[{"@type":"ListItem","position":1,"name":"Portada","item":"https:\/\/iberoid.com\/pt\/"},{"@type":"ListItem","position":2,"name":"Loja","item":"https:\/\/iberoid.com\/pt\/shop\/"},{"@type":"ListItem","position":3,"name":"pack3 STROMBABOL \/ STANOZOLOL 10 MG &#8211; 100 TABS"}]},{"@type":"WebSite","@id":"https:\/\/iberoid-shop.com\/#website","url":"https:\/\/iberoid-shop.com\/","name":"Ester\u00f3ides Online","description":"Compre ester\u00f3ides online hoje em Espanha e Portugal. Temos o melhor servi\u00e7o ao cliente do setor e produtos da mais alta qualidade","potentialAction":[{"@type":"SearchAction","target":{"@type":"EntryPoint","urlTemplate":"https:\/\/iberoid-shop.com\/?s={search_term_string}"},"query-input":{"@type":"PropertyValueSpecification","valueRequired":true,"valueName":"search_term_string"}}],"inLanguage":"pt-PT"}]},"product_brand":"Pharmabol","product_price_amount":"40.00","product_price_currency":"EUR","og_availability":"out of stock","product_availability":"out of stock","product_condition":"new"},"_links":{"self":[{"href":"https:\/\/iberoid.com\/pt\/wp-json\/wp\/v2\/product\/8823","targetHints":{"allow":["GET"]}}],"collection":[{"href":"https:\/\/iberoid.com\/pt\/wp-json\/wp\/v2\/product"}],"about":[{"href":"https:\/\/iberoid.com\/pt\/wp-json\/wp\/v2\/types\/product"}],"replies":[{"embeddable":true,"href":"https:\/\/iberoid.com\/pt\/wp-json\/wp\/v2\/comments?post=8823"}],"wp:featuredmedia":[{"embeddable":true,"href":"https:\/\/iberoid.com\/pt\/wp-json\/wp\/v2\/media\/8826"}],"wp:attachment":[{"href":"https:\/\/iberoid.com\/pt\/wp-json\/wp\/v2\/media?parent=8823"}],"wp:term":[{"taxonomy":"product_brand","embeddable":true,"href":"https:\/\/iberoid.com\/pt\/wp-json\/wp\/v2\/product_brand?post=8823"},{"taxonomy":"product_cat","embeddable":true,"href":"https:\/\/iberoid.com\/pt\/wp-json\/wp\/v2\/product_cat?post=8823"},{"taxonomy":"product_tag","embeddable":true,"href":"https:\/\/iberoid.com\/pt\/wp-json\/wp\/v2\/product_tag?post=8823"}],"curies":[{"name":"wp","href":"https:\/\/api.w.org\/{rel}","templated":true}]}}