{"id":8827,"date":"2023-08-15T16:19:05","date_gmt":"2023-08-15T16:19:05","guid":{"rendered":"https:\/\/iberoid.com\/?post_type=product&#038;p=8827"},"modified":"2026-03-21T10:35:23","modified_gmt":"2026-03-21T10:35:23","slug":"trenoge-e-premium-trenbolone-enanthate-premium-epf","status":"publish","type":"product","link":"https:\/\/iberoid.com\/pt\/product\/trenoge-e-premium-trenbolone-enanthate-premium-epf\/","title":{"rendered":"TRENOGED E PREMIUM \/ TRENBOLONE ENANTHATE 200mg"},"content":{"rendered":"<p>Trenoged-E 10ml \u00e9 um ester\u00f3ide injet\u00e1vel muito eficaz e popular entre os fisiculturistas com propriedades especiais, que nem sempre s\u00e3o aparentes para os usu\u00e1rios. Para determinar se voc\u00ea se encaixa no Trenoged-E, coletamos todos os fatos sobre o ester\u00f3ide. Para aumentar a efici\u00eancia do per\u00edodo de desintegra\u00e7\u00e3o da trembolona, ela \u00e9 adicionada ao Trenoged-E 10ml em esp\u00e9cie. Ao interagir com o receptor de andr\u00f3geno nas c\u00e9lulas, a trembolona \u00e9 produzida como um metab\u00f3lito. Comparada \u00e0 testosterona, a Trembolona tem um raio androg\u00eanico muito alto: 500 em compara\u00e7\u00e3o com 100 da testosterona. Gra\u00e7as ao alto andr\u00f3geno e \u00e0s mudan\u00e7as na combina\u00e7\u00e3o de estrog\u00eanio e andr\u00f3geno, o ester\u00f3ide tem alta efici\u00eancia e valor para os fisiculturistas: a massa muscular cresce forte e s\u00f3lida, a \u00e1gua n\u00e3o permanece no corpo. E isso n\u00e3o \u00e9 tudo. Devido \u00e0 intera\u00e7\u00e3o dos andr\u00f3genos nas c\u00e9lulas A.R de gordura e m\u00fasculos, ocorre um efeito direto no processo de combust\u00e3o do tecido adiposo. Ou seja, quanto maior a intera\u00e7\u00e3o dos andr\u00f3genos nas c\u00e9lulas A.R, maior \u00e9 o efeito de queima de gordura. Como o uso de alguns ester\u00f3ides aumenta o conte\u00fado das c\u00e9lulas A.R, eles s\u00e3o usados juntamente com o ester\u00f3ide. Por exemplo, em conjunto com a testosterona, o efeito do processo de perda de gordura \u00e9 maximizado.<\/p>\n<p>Gra\u00e7as \u00e0 Trembolona ocorre a forma\u00e7\u00e3o de gl\u00f3bulos vermelhos, a velocidade de produ\u00e7\u00e3o de glicog\u00eanio no corpo aumenta e a taxa de recupera\u00e7\u00e3o melhora. Os efeitos do ester\u00f3ide dependem do n\u00famero de doses tomadas. S\u00f3 isso leva ao crescimento muscular e \u00e0 composi\u00e7\u00e3o corporal. No entanto, \u00e9 importante notar que Trenoged-E afeta o estado mental de uma pessoa, aumentando o n\u00famero de subst\u00e2ncias qu\u00edmicas no c\u00f3rtex cerebral, o que pode levar a manifesta\u00e7\u00f5es de agress\u00e3o. Por\u00e9m, este efeito pode ser considerado ben\u00e9fico para atletas que necessitam melhorar o desempenho de velocidade e pot\u00eancia.<\/p>\n<p>Dosagem<\/p>\n<p>\u00c9 necess\u00e1rio usar o medicamento apenas uma vez a cada sete dias. Em uma por\u00e7\u00e3o, a dose m\u00e9dia para humanos est\u00e1 na faixa de 200 a 600 mg. Quanto \u00e0s mulheres, elas absolutamente n\u00e3o recomendam tomar Trenoged-E porque tem um alto efeito de masculiniza\u00e7\u00e3o. O ester\u00f3ide pode ser usado em conjunto com compostos como Winstrol ou Primobolan. Estes ester\u00f3ides anabolizantes n\u00e3o aromatizam no corpo e contribuem para o crescimento da massa muscular magra. Ao mesmo tempo, medicamentos como Dianabol ou Testosterona podem ser usados. Ap\u00f3s o t\u00e9rmino do ciclo para consolidar os resultados obtidos e recuperar o corpo \u00e9 recomendado tomar HCG, Clomifeno ou Tamoxifeno.<\/p>\n<p>Efeitos colaterais<\/p>\n<p>A estrutura qu\u00edmica do ester\u00f3ide impede que ele seja aromatizado no corpo humano e, portanto, n\u00e3o acumula estrog\u00eanio no corpo. Trenoged-E n\u00e3o causa efeitos negativos como crescimento dos seios (homens), reten\u00e7\u00e3o de \u00e1gua no organismo e redu\u00e7\u00e3o do processo de queima de gordura. Trenoged-E exibe resist\u00eancia \u00e0 enzima 5-alfa-redutase. Esta \u00e9 uma enzima muito perigosa, que provoca efeitos desagrad\u00e1veis como queda de cabelo, pele oleosa, aparecimento de acne, aumento da pr\u00f3stata. Trenoged-E tem propriedades de uma progestina e interage com o horm\u00f4nio sexual feminino progesterona. Essa intera\u00e7\u00e3o pode ter consequ\u00eancias desagrad\u00e1veis, como crescimento mam\u00e1rio, atrofia testicular (homens), aumento dos n\u00edveis de colesterol no sangue, disfun\u00e7\u00e3o hep\u00e1tica e renal. Esses efeitos podem ser combatidos tomando junto com Trenoged-E ester\u00f3ides como Letrozol, Exemestano (antiestrog\u00eanio) e HCG usados. A poderosa fun\u00e7\u00e3o da progestina de Trenoged-E 10ml pode suprimir a produ\u00e7\u00e3o natural de testosterona no corpo por um longo tempo, o que pode levar \u00e0 diminui\u00e7\u00e3o da atividade sexual e \u00e0 disfun\u00e7\u00e3o er\u00e9til. Portanto, \u00e9 muito importante tomar testosterona junto com Trenoged-E. Para manter um n\u00edvel constante de trembolona no sangue, \u00e9 necess\u00e1rio tomar inje\u00e7\u00f5es frequentes. Assim, os principais efeitos colaterais do Trenoged-E podem ser ins\u00f4nia, agressividade, diminui\u00e7\u00e3o da libido, disfun\u00e7\u00e3o er\u00e9til, hipertens\u00e3o. Mas todos estes efeitos secund\u00e1rios podem ser reduzidos ou mesmo completamente removidos.<\/p>","protected":false},"excerpt":{"rendered":"<p>Trenoged-E 10ml \u00e9 um ester\u00f3ide injet\u00e1vel muito eficaz e popular entre os fisiculturistas com propriedades especiais, que nem sempre s\u00e3o<\/p>\n","protected":false},"featured_media":8829,"comment_status":"open","ping_status":"closed","template":"","meta":[],"product_brand":[],"product_cat":[69],"product_tag":[],"class_list":{"0":"post-8827","1":"product","2":"type-product","3":"status-publish","4":"has-post-thumbnail","6":"product_cat-esteroides_inyectables","8":"first","9":"instock","10":"sale","11":"shipping-taxable","12":"purchasable","13":"product-type-simple"},"yoast_head":"<!-- This site is optimized with the Yoast SEO Premium plugin v24.4 (Yoast SEO v27.3) - https:\/\/yoast.com\/product\/yoast-seo-premium-wordpress\/ -->\n<title>TRENOGED E PREMIUM \/ TRENBOLONE ENANTHATE 200mg - Ester\u00f3ides Online<\/title>\n<meta name=\"description\" content=\"Trenoged-E \u00e9 um potente esteroide para ganho de m\u00fasculo s\u00f3lido, for\u00e7a e queima de gordura, sem reten\u00e7\u00e3o de l\u00edquidos.\" \/>\n<meta name=\"robots\" content=\"index, follow, max-snippet:-1, max-image-preview:large, max-video-preview:-1\" \/>\n<link rel=\"canonical\" href=\"https:\/\/iberoid.com\/pt\/product\/trenoge-e-premium-trenbolone-enanthate-premium-epf\/\" \/>\n<meta property=\"og:locale\" content=\"pt_PT\" \/>\n<meta property=\"og:type\" content=\"article\" \/>\n<meta property=\"og:title\" content=\"TRENOGED E PREMIUM \/ TRENBOLONE ENANTHATE 200mg\" \/>\n<meta property=\"og:description\" content=\"Trenoged-E \u00e9 um potente esteroide para ganho de m\u00fasculo s\u00f3lido, for\u00e7a e queima de gordura, sem reten\u00e7\u00e3o de l\u00edquidos.\" \/>\n<meta property=\"og:url\" content=\"https:\/\/iberoid.com\/pt\/product\/trenoge-e-premium-trenbolone-enanthate-premium-epf\/\" \/>\n<meta property=\"og:site_name\" content=\"Ester\u00f3ides Online\" \/>\n<meta property=\"article:modified_time\" content=\"2026-03-21T10:35:23+00:00\" \/>\n<meta property=\"og:image\" content=\"https:\/\/iberoid.com\/wp-content\/uploads\/2023\/08\/epf-trenbolone-e-max-1024x1024-1.jpg?v=1692116328\" \/>\n\t<meta property=\"og:image:width\" content=\"900\" \/>\n\t<meta property=\"og:image:height\" content=\"900\" \/>\n\t<meta property=\"og:image:type\" content=\"image\/jpeg\" \/>\n<meta name=\"twitter:card\" content=\"summary_large_image\" \/>\n<meta name=\"twitter:label1\" content=\"pre\u00e7o\" \/>\n\t<meta name=\"twitter:data1\" content=\"&euro;65.00\" \/>\n\t<meta name=\"twitter:label2\" content=\"Disponibilidade\" \/>\n\t<meta name=\"twitter:data2\" content=\"Em stock\" \/>\n<script type=\"application\/ld+json\" class=\"yoast-schema-graph\">{\"@context\":\"https:\\\/\\\/schema.org\",\"@graph\":[{\"@type\":\"WebPage\",\"@id\":\"https:\\\/\\\/iberoid.com\\\/pt\\\/product\\\/trenoge-e-premium-trenbolone-enanthate-premium-epf\\\/\",\"url\":\"https:\\\/\\\/iberoid.com\\\/pt\\\/product\\\/trenoge-e-premium-trenbolone-enanthate-premium-epf\\\/\",\"name\":\"TRENOGED E PREMIUM \\\/ TRENBOLONE ENANTHATE 200mg - Ester\u00f3ides Online\",\"isPartOf\":{\"@id\":\"https:\\\/\\\/iberoid.com\\\/pt\\\/#website\"},\"primaryImageOfPage\":{\"@id\":\"https:\\\/\\\/iberoid.com\\\/pt\\\/product\\\/trenoge-e-premium-trenbolone-enanthate-premium-epf\\\/#primaryimage\"},\"image\":{\"@id\":\"https:\\\/\\\/iberoid.com\\\/pt\\\/product\\\/trenoge-e-premium-trenbolone-enanthate-premium-epf\\\/#primaryimage\"},\"thumbnailUrl\":\"https:\\\/\\\/iberoid.com\\\/wp-content\\\/uploads\\\/2023\\\/08\\\/epf-trenbolone-e-max-1024x1024-1.jpg?v=1692116328\",\"datePublished\":\"2023-08-15T16:19:05+00:00\",\"dateModified\":\"2026-03-21T10:35:23+00:00\",\"description\":\"Trenoged-E \u00e9 um potente esteroide para ganho de m\u00fasculo s\u00f3lido, for\u00e7a e queima de gordura, sem reten\u00e7\u00e3o de l\u00edquidos.\",\"breadcrumb\":{\"@id\":\"https:\\\/\\\/iberoid.com\\\/pt\\\/product\\\/trenoge-e-premium-trenbolone-enanthate-premium-epf\\\/#breadcrumb\"},\"inLanguage\":\"pt-PT\",\"potentialAction\":[{\"@type\":\"ReadAction\",\"target\":[[\"https:\\\/\\\/iberoid.com\\\/pt\\\/product\\\/trenoge-e-premium-trenbolone-enanthate-premium-epf\\\/\"]]}]},{\"@type\":\"ImageObject\",\"inLanguage\":\"pt-PT\",\"@id\":\"https:\\\/\\\/iberoid.com\\\/pt\\\/product\\\/trenoge-e-premium-trenbolone-enanthate-premium-epf\\\/#primaryimage\",\"url\":\"https:\\\/\\\/iberoid.com\\\/wp-content\\\/uploads\\\/2023\\\/08\\\/epf-trenbolone-e-max-1024x1024-1.jpg?v=1692116328\",\"contentUrl\":\"https:\\\/\\\/iberoid.com\\\/wp-content\\\/uploads\\\/2023\\\/08\\\/epf-trenbolone-e-max-1024x1024-1.jpg?v=1692116328\",\"width\":900,\"height\":900},{\"@type\":\"BreadcrumbList\",\"@id\":\"https:\\\/\\\/iberoid.com\\\/pt\\\/product\\\/trenoge-e-premium-trenbolone-enanthate-premium-epf\\\/#breadcrumb\",\"itemListElement\":[{\"@type\":\"ListItem\",\"position\":1,\"name\":\"Portada\",\"item\":\"https:\\\/\\\/iberoid.com\\\/pt\\\/\"},{\"@type\":\"ListItem\",\"position\":2,\"name\":\"Loja\",\"item\":\"https:\\\/\\\/iberoid.com\\\/pt\\\/shop\\\/\"},{\"@type\":\"ListItem\",\"position\":3,\"name\":\"TRENOGED E PREMIUM \\\/ TRENBOLONE ENANTHATE 200mg\"}]},{\"@type\":\"WebSite\",\"@id\":\"https:\\\/\\\/iberoid.com\\\/pt\\\/#website\",\"url\":\"https:\\\/\\\/iberoid.com\\\/pt\\\/\",\"name\":\"Ester\u00f3ides Online\",\"description\":\"Compre ester\u00f3ides online hoje em Espanha e Portugal. Temos o melhor servi\u00e7o ao cliente do setor e produtos da mais alta qualidade\",\"potentialAction\":[{\"@type\":\"SearchAction\",\"target\":{\"@type\":\"EntryPoint\",\"urlTemplate\":\"https:\\\/\\\/iberoid.com\\\/pt\\\/?s={search_term_string}\"},\"query-input\":{\"@type\":\"PropertyValueSpecification\",\"valueRequired\":true,\"valueName\":\"search_term_string\"}}],\"inLanguage\":\"pt-PT\"}]}<\/script>\n<meta property=\"product:brand\" content=\"Euro Prime Pharmaceuticals (EPF)\" \/>\n<meta property=\"product:price:amount\" content=\"65.00\" \/>\n<meta property=\"product:price:currency\" content=\"EUR\" \/>\n<meta property=\"og:availability\" content=\"instock\" \/>\n<meta property=\"product:availability\" content=\"instock\" \/>\n<meta property=\"product:condition\" content=\"new\" \/>\n<!-- \/ Yoast SEO Premium plugin. -->","yoast_head_json":{"title":"TRENOGED E PREMIUM \/ TRENBOLONE ENANTHATE 200mg - Ester\u00f3ides Online","description":"Trenoged-E \u00e9 um potente esteroide para ganho de m\u00fasculo s\u00f3lido, for\u00e7a e queima de gordura, sem reten\u00e7\u00e3o de l\u00edquidos.","robots":{"index":"index","follow":"follow","max-snippet":"max-snippet:-1","max-image-preview":"max-image-preview:large","max-video-preview":"max-video-preview:-1"},"canonical":"https:\/\/iberoid.com\/pt\/product\/trenoge-e-premium-trenbolone-enanthate-premium-epf\/","og_locale":"pt_PT","og_type":"article","og_title":"TRENOGED E PREMIUM \/ TRENBOLONE ENANTHATE 200mg","og_description":"Trenoged-E \u00e9 um potente esteroide para ganho de m\u00fasculo s\u00f3lido, for\u00e7a e queima de gordura, sem reten\u00e7\u00e3o de l\u00edquidos.","og_url":"https:\/\/iberoid.com\/pt\/product\/trenoge-e-premium-trenbolone-enanthate-premium-epf\/","og_site_name":"Ester\u00f3ides Online","article_modified_time":"2026-03-21T10:35:23+00:00","og_image":[{"width":900,"height":900,"url":"https:\/\/iberoid.com\/wp-content\/uploads\/2023\/08\/epf-trenbolone-e-max-1024x1024-1.jpg?v=1692116328","type":"image\/jpeg"}],"twitter_card":"summary_large_image","twitter_misc":{"pre\u00e7o":"&euro;65.00","Disponibilidade":"Em stock"},"schema":{"@context":"https:\/\/schema.org","@graph":[{"@type":"WebPage","@id":"https:\/\/iberoid.com\/pt\/product\/trenoge-e-premium-trenbolone-enanthate-premium-epf\/","url":"https:\/\/iberoid.com\/pt\/product\/trenoge-e-premium-trenbolone-enanthate-premium-epf\/","name":"TRENOGED E PREMIUM \/ TRENBOLONE ENANTHATE 200mg - Ester\u00f3ides Online","isPartOf":{"@id":"https:\/\/iberoid.com\/pt\/#website"},"primaryImageOfPage":{"@id":"https:\/\/iberoid.com\/pt\/product\/trenoge-e-premium-trenbolone-enanthate-premium-epf\/#primaryimage"},"image":{"@id":"https:\/\/iberoid.com\/pt\/product\/trenoge-e-premium-trenbolone-enanthate-premium-epf\/#primaryimage"},"thumbnailUrl":"https:\/\/iberoid.com\/wp-content\/uploads\/2023\/08\/epf-trenbolone-e-max-1024x1024-1.jpg?v=1692116328","datePublished":"2023-08-15T16:19:05+00:00","dateModified":"2026-03-21T10:35:23+00:00","description":"Trenoged-E \u00e9 um potente esteroide para ganho de m\u00fasculo s\u00f3lido, for\u00e7a e queima de gordura, sem reten\u00e7\u00e3o de l\u00edquidos.","breadcrumb":{"@id":"https:\/\/iberoid.com\/pt\/product\/trenoge-e-premium-trenbolone-enanthate-premium-epf\/#breadcrumb"},"inLanguage":"pt-PT","potentialAction":[{"@type":"ReadAction","target":[["https:\/\/iberoid.com\/pt\/product\/trenoge-e-premium-trenbolone-enanthate-premium-epf\/"]]}]},{"@type":"ImageObject","inLanguage":"pt-PT","@id":"https:\/\/iberoid.com\/pt\/product\/trenoge-e-premium-trenbolone-enanthate-premium-epf\/#primaryimage","url":"https:\/\/iberoid.com\/wp-content\/uploads\/2023\/08\/epf-trenbolone-e-max-1024x1024-1.jpg?v=1692116328","contentUrl":"https:\/\/iberoid.com\/wp-content\/uploads\/2023\/08\/epf-trenbolone-e-max-1024x1024-1.jpg?v=1692116328","width":900,"height":900},{"@type":"BreadcrumbList","@id":"https:\/\/iberoid.com\/pt\/product\/trenoge-e-premium-trenbolone-enanthate-premium-epf\/#breadcrumb","itemListElement":[{"@type":"ListItem","position":1,"name":"Portada","item":"https:\/\/iberoid.com\/pt\/"},{"@type":"ListItem","position":2,"name":"Loja","item":"https:\/\/iberoid.com\/pt\/shop\/"},{"@type":"ListItem","position":3,"name":"TRENOGED E PREMIUM \/ TRENBOLONE ENANTHATE 200mg"}]},{"@type":"WebSite","@id":"https:\/\/iberoid.com\/pt\/#website","url":"https:\/\/iberoid.com\/pt\/","name":"Ester\u00f3ides Online","description":"Compre ester\u00f3ides online hoje em Espanha e Portugal. Temos o melhor servi\u00e7o ao cliente do setor e produtos da mais alta qualidade","potentialAction":[{"@type":"SearchAction","target":{"@type":"EntryPoint","urlTemplate":"https:\/\/iberoid.com\/pt\/?s={search_term_string}"},"query-input":{"@type":"PropertyValueSpecification","valueRequired":true,"valueName":"search_term_string"}}],"inLanguage":"pt-PT"}]},"product_brand":"Euro Prime Pharmaceuticals (EPF)","product_price_amount":"65.00","product_price_currency":"EUR","og_availability":"instock","product_availability":"instock","product_condition":"new"},"_links":{"self":[{"href":"https:\/\/iberoid.com\/pt\/wp-json\/wp\/v2\/product\/8827","targetHints":{"allow":["GET"]}}],"collection":[{"href":"https:\/\/iberoid.com\/pt\/wp-json\/wp\/v2\/product"}],"about":[{"href":"https:\/\/iberoid.com\/pt\/wp-json\/wp\/v2\/types\/product"}],"replies":[{"embeddable":true,"href":"https:\/\/iberoid.com\/pt\/wp-json\/wp\/v2\/comments?post=8827"}],"wp:featuredmedia":[{"embeddable":true,"href":"https:\/\/iberoid.com\/pt\/wp-json\/wp\/v2\/media\/8829"}],"wp:attachment":[{"href":"https:\/\/iberoid.com\/pt\/wp-json\/wp\/v2\/media?parent=8827"}],"wp:term":[{"taxonomy":"product_brand","embeddable":true,"href":"https:\/\/iberoid.com\/pt\/wp-json\/wp\/v2\/product_brand?post=8827"},{"taxonomy":"product_cat","embeddable":true,"href":"https:\/\/iberoid.com\/pt\/wp-json\/wp\/v2\/product_cat?post=8827"},{"taxonomy":"product_tag","embeddable":true,"href":"https:\/\/iberoid.com\/pt\/wp-json\/wp\/v2\/product_tag?post=8827"}],"curies":[{"name":"wp","href":"https:\/\/api.w.org\/{rel}","templated":true}]}}