{"id":8902,"date":"2023-09-15T13:16:41","date_gmt":"2023-09-15T13:16:41","guid":{"rendered":"https:\/\/iberoid.com\/?post_type=product&#038;p=8902"},"modified":"2024-12-12T22:29:14","modified_gmt":"2024-12-12T22:29:14","slug":"liv-pro-gen-protector-hepatico-pharma-gen","status":"publish","type":"product","link":"https:\/\/iberoid.com\/pt\/product\/liv-pro-gen-protector-hepatico-pharma-gen\/","title":{"rendered":"LIV PRO GEN"},"content":{"rendered":"<p>Protege o f\u00edgado contra os danos causados pelos radicais livres e poluentes.<\/p>\n<p>Benef\u00edcios:<\/p>\n<p>Cont\u00e9m ervas que ajudam a melhorar a fun\u00e7\u00e3o hep\u00e1tica e auxiliam o f\u00edgado em seus processos regenerativos normais.<br \/>\nA raiz do dente-de-le\u00e3o tem sido tradicionalmente usada para aumentar a produ\u00e7\u00e3o de bile para a quebra de gorduras. Tamb\u00e9m aumenta a solubilidade da bile, o que pode ajudar a prevenir ou aliviar c\u00e1lculos biliares.<br \/>\nFoi demonstrado que a silimarina, o componente ativo da semente de cardo leiteiro, fornece prote\u00e7\u00e3o ao f\u00edgado contra uma das toxinas hep\u00e1ticas mais virulentas conhecidas, o cogumelo da morte (Amanita phalloides).<br \/>\nA silimarina tamb\u00e9m demonstrou em estudos cient\u00edficos ser \u00fatil no tratamento da hepatite e cirrose hep\u00e1tica.<\/p>\n<p>Como funciona<\/p>\n<p>LIV PRO GEN com Milk Thistle \u00e9 uma poderosa f\u00f3rmula de suporte ao f\u00edgado projetada para ajudar a restaurar o desempenho saud\u00e1vel do f\u00edgado. Fornece nutrientes que ajudam o f\u00edgado a desempenhar sua fun\u00e7\u00e3o como principal \u00f3rg\u00e3o desintoxicante do corpo.<br \/>\nO cardo leiteiro tem sido tradicionalmente usado como protetor do f\u00edgado<br \/>\nConsulte um m\u00e9dico antes de usar Milk Thistle se voc\u00ea tiver insufici\u00eancia hep\u00e1tica<\/p>\n<p>Ingredientes<\/p>\n<p>Cada tablete cont\u00e9m:<br \/>\nBeta Caroteno (Pr\u00f3 Vitamina A) 10.000 UI<br \/>\nVitamina C 240mg<br \/>\nFerro (gluconato ferroso) 5 mg<br \/>\nFatores lipotr\u00f3picos<br \/>\nColina (bitartarato) 60 mg<br \/>\nInositol 60mg<br \/>\nNuma base contendo: 175 mg de extrato de cardo leiteiro (80% silimarina) e raiz de dente de le\u00e3o (150 mg).<\/p>","protected":false},"excerpt":{"rendered":"<p>Protege o f\u00edgado contra os danos causados pelos radicais livres e poluentes. Benef\u00edcios: Cont\u00e9m ervas que ajudam a melhorar a<\/p>\n","protected":false},"featured_media":8909,"comment_status":"open","ping_status":"closed","template":"","meta":[],"product_brand":[],"product_cat":[73],"product_tag":[],"class_list":{"0":"post-8902","1":"product","2":"type-product","3":"status-publish","4":"has-post-thumbnail","6":"product_cat-ssteroides_orales","8":"first","9":"outofstock","10":"shipping-taxable","11":"purchasable","12":"product-type-simple"},"yoast_head":"<!-- This site is optimized with the Yoast SEO Premium plugin v24.4 (Yoast SEO v27.0) - https:\/\/yoast.com\/product\/yoast-seo-premium-wordpress\/ -->\n<title>LIV PRO GEN - Ester\u00f3ides Online<\/title>\n<meta name=\"robots\" content=\"index, follow, max-snippet:-1, max-image-preview:large, max-video-preview:-1\" \/>\n<link rel=\"canonical\" href=\"https:\/\/iberoid.com\/pt\/product\/liv-pro-gen-protector-hepatico-pharma-gen\/\" \/>\n<meta property=\"og:locale\" content=\"pt_PT\" \/>\n<meta property=\"og:type\" content=\"article\" \/>\n<meta property=\"og:title\" content=\"LIV PRO GEN\" \/>\n<meta property=\"og:description\" content=\"Protege o f\u00edgado contra os danos causados pelos radicais livres e poluentes. Benef\u00edcios: Cont\u00e9m ervas que ajudam a melhorar a\" \/>\n<meta property=\"og:url\" content=\"https:\/\/iberoid.com\/pt\/product\/liv-pro-gen-protector-hepatico-pharma-gen\/\" \/>\n<meta property=\"og:site_name\" content=\"Ester\u00f3ides Online\" \/>\n<meta property=\"article:modified_time\" content=\"2024-12-12T22:29:14+00:00\" \/>\n<meta property=\"og:image\" content=\"https:\/\/iberoid.com\/wp-content\/uploads\/2023\/09\/liv-pro-gen.png?v=1694784022\" \/>\n\t<meta property=\"og:image:width\" content=\"1250\" \/>\n\t<meta property=\"og:image:height\" content=\"1100\" \/>\n\t<meta property=\"og:image:type\" content=\"image\/png\" \/>\n<meta name=\"twitter:card\" content=\"summary_large_image\" \/>\n<meta name=\"twitter:label1\" content=\"pre\u00e7o\" \/>\n\t<meta name=\"twitter:data1\" content=\"&euro;25.00\" \/>\n\t<meta name=\"twitter:label2\" content=\"Disponibilidade\" \/>\n\t<meta name=\"twitter:data2\" content=\"Esgotado\" \/>\n<script type=\"application\/ld+json\" class=\"yoast-schema-graph\">{\"@context\":\"https:\/\/schema.org\",\"@graph\":[{\"@type\":\"WebPage\",\"@id\":\"https:\/\/iberoid.com\/pt\/product\/liv-pro-gen-protector-hepatico-pharma-gen\/\",\"url\":\"https:\/\/iberoid.com\/pt\/product\/liv-pro-gen-protector-hepatico-pharma-gen\/\",\"name\":\"LIV PRO GEN - Ester\u00f3ides Online\",\"isPartOf\":{\"@id\":\"https:\/\/iberoid.com\/pt\/#website\"},\"primaryImageOfPage\":{\"@id\":\"https:\/\/iberoid.com\/pt\/product\/liv-pro-gen-protector-hepatico-pharma-gen\/#primaryimage\"},\"image\":{\"@id\":\"https:\/\/iberoid.com\/pt\/product\/liv-pro-gen-protector-hepatico-pharma-gen\/#primaryimage\"},\"thumbnailUrl\":\"https:\/\/iberoid.com\/wp-content\/uploads\/2023\/09\/liv-pro-gen.png?v=1694784022\",\"datePublished\":\"2023-09-15T13:16:41+00:00\",\"dateModified\":\"2024-12-12T22:29:14+00:00\",\"breadcrumb\":{\"@id\":\"https:\/\/iberoid.com\/pt\/product\/liv-pro-gen-protector-hepatico-pharma-gen\/#breadcrumb\"},\"inLanguage\":\"pt-PT\",\"potentialAction\":[{\"@type\":\"ReadAction\",\"target\":[[\"https:\/\/iberoid.com\/pt\/product\/liv-pro-gen-protector-hepatico-pharma-gen\/\"]]}]},{\"@type\":\"ImageObject\",\"inLanguage\":\"pt-PT\",\"@id\":\"https:\/\/iberoid.com\/pt\/product\/liv-pro-gen-protector-hepatico-pharma-gen\/#primaryimage\",\"url\":\"https:\/\/iberoid.com\/wp-content\/uploads\/2023\/09\/liv-pro-gen.png?v=1694784022\",\"contentUrl\":\"https:\/\/iberoid.com\/wp-content\/uploads\/2023\/09\/liv-pro-gen.png?v=1694784022\",\"width\":1250,\"height\":1100},{\"@type\":\"BreadcrumbList\",\"@id\":\"https:\/\/iberoid.com\/pt\/product\/liv-pro-gen-protector-hepatico-pharma-gen\/#breadcrumb\",\"itemListElement\":[{\"@type\":\"ListItem\",\"position\":1,\"name\":\"Portada\",\"item\":\"https:\/\/iberoid.com\/pt\/\"},{\"@type\":\"ListItem\",\"position\":2,\"name\":\"Loja\",\"item\":\"https:\/\/iberoid.com\/pt\/shop\/\"},{\"@type\":\"ListItem\",\"position\":3,\"name\":\"LIV PRO GEN\"}]},{\"@type\":\"WebSite\",\"@id\":\"https:\/\/iberoid.com\/pt\/#website\",\"url\":\"https:\/\/iberoid.com\/pt\/\",\"name\":\"Ester\u00f3ides Online\",\"description\":\"Compre ester\u00f3ides online hoje em Espanha e Portugal. Temos o melhor servi\u00e7o ao cliente do setor e produtos da mais alta qualidade\",\"potentialAction\":[{\"@type\":\"SearchAction\",\"target\":{\"@type\":\"EntryPoint\",\"urlTemplate\":\"https:\/\/iberoid.com\/pt\/?s={search_term_string}\"},\"query-input\":{\"@type\":\"PropertyValueSpecification\",\"valueRequired\":true,\"valueName\":\"search_term_string\"}}],\"inLanguage\":\"pt-PT\"}]}<\/script>\n<meta property=\"product:brand\" content=\"Pharma Gen\" \/>\n<meta property=\"product:price:amount\" content=\"25.00\" \/>\n<meta property=\"product:price:currency\" content=\"EUR\" \/>\n<meta property=\"og:availability\" content=\"out of stock\" \/>\n<meta property=\"product:availability\" content=\"out of stock\" \/>\n<meta property=\"product:condition\" content=\"new\" \/>\n<!-- \/ Yoast SEO Premium plugin. -->","yoast_head_json":{"title":"LIV PRO GEN - Ester\u00f3ides Online","robots":{"index":"index","follow":"follow","max-snippet":"max-snippet:-1","max-image-preview":"max-image-preview:large","max-video-preview":"max-video-preview:-1"},"canonical":"https:\/\/iberoid.com\/pt\/product\/liv-pro-gen-protector-hepatico-pharma-gen\/","og_locale":"pt_PT","og_type":"article","og_title":"LIV PRO GEN","og_description":"Protege o f\u00edgado contra os danos causados pelos radicais livres e poluentes. Benef\u00edcios: Cont\u00e9m ervas que ajudam a melhorar a","og_url":"https:\/\/iberoid.com\/pt\/product\/liv-pro-gen-protector-hepatico-pharma-gen\/","og_site_name":"Ester\u00f3ides Online","article_modified_time":"2024-12-12T22:29:14+00:00","og_image":[{"width":1250,"height":1100,"url":"https:\/\/iberoid.com\/wp-content\/uploads\/2023\/09\/liv-pro-gen.png?v=1694784022","type":"image\/png"}],"twitter_card":"summary_large_image","twitter_misc":{"pre\u00e7o":"&euro;25.00","Disponibilidade":"Esgotado"},"schema":{"@context":"https:\/\/schema.org","@graph":[{"@type":"WebPage","@id":"https:\/\/iberoid.com\/pt\/product\/liv-pro-gen-protector-hepatico-pharma-gen\/","url":"https:\/\/iberoid.com\/pt\/product\/liv-pro-gen-protector-hepatico-pharma-gen\/","name":"LIV PRO GEN - Ester\u00f3ides Online","isPartOf":{"@id":"https:\/\/iberoid.com\/pt\/#website"},"primaryImageOfPage":{"@id":"https:\/\/iberoid.com\/pt\/product\/liv-pro-gen-protector-hepatico-pharma-gen\/#primaryimage"},"image":{"@id":"https:\/\/iberoid.com\/pt\/product\/liv-pro-gen-protector-hepatico-pharma-gen\/#primaryimage"},"thumbnailUrl":"https:\/\/iberoid.com\/wp-content\/uploads\/2023\/09\/liv-pro-gen.png?v=1694784022","datePublished":"2023-09-15T13:16:41+00:00","dateModified":"2024-12-12T22:29:14+00:00","breadcrumb":{"@id":"https:\/\/iberoid.com\/pt\/product\/liv-pro-gen-protector-hepatico-pharma-gen\/#breadcrumb"},"inLanguage":"pt-PT","potentialAction":[{"@type":"ReadAction","target":[["https:\/\/iberoid.com\/pt\/product\/liv-pro-gen-protector-hepatico-pharma-gen\/"]]}]},{"@type":"ImageObject","inLanguage":"pt-PT","@id":"https:\/\/iberoid.com\/pt\/product\/liv-pro-gen-protector-hepatico-pharma-gen\/#primaryimage","url":"https:\/\/iberoid.com\/wp-content\/uploads\/2023\/09\/liv-pro-gen.png?v=1694784022","contentUrl":"https:\/\/iberoid.com\/wp-content\/uploads\/2023\/09\/liv-pro-gen.png?v=1694784022","width":1250,"height":1100},{"@type":"BreadcrumbList","@id":"https:\/\/iberoid.com\/pt\/product\/liv-pro-gen-protector-hepatico-pharma-gen\/#breadcrumb","itemListElement":[{"@type":"ListItem","position":1,"name":"Portada","item":"https:\/\/iberoid.com\/pt\/"},{"@type":"ListItem","position":2,"name":"Loja","item":"https:\/\/iberoid.com\/pt\/shop\/"},{"@type":"ListItem","position":3,"name":"LIV PRO GEN"}]},{"@type":"WebSite","@id":"https:\/\/iberoid.com\/pt\/#website","url":"https:\/\/iberoid.com\/pt\/","name":"Ester\u00f3ides Online","description":"Compre ester\u00f3ides online hoje em Espanha e Portugal. Temos o melhor servi\u00e7o ao cliente do setor e produtos da mais alta qualidade","potentialAction":[{"@type":"SearchAction","target":{"@type":"EntryPoint","urlTemplate":"https:\/\/iberoid.com\/pt\/?s={search_term_string}"},"query-input":{"@type":"PropertyValueSpecification","valueRequired":true,"valueName":"search_term_string"}}],"inLanguage":"pt-PT"}]},"product_brand":"Pharma Gen","product_price_amount":"25.00","product_price_currency":"EUR","og_availability":"out of stock","product_availability":"out of stock","product_condition":"new"},"_links":{"self":[{"href":"https:\/\/iberoid.com\/pt\/wp-json\/wp\/v2\/product\/8902","targetHints":{"allow":["GET"]}}],"collection":[{"href":"https:\/\/iberoid.com\/pt\/wp-json\/wp\/v2\/product"}],"about":[{"href":"https:\/\/iberoid.com\/pt\/wp-json\/wp\/v2\/types\/product"}],"replies":[{"embeddable":true,"href":"https:\/\/iberoid.com\/pt\/wp-json\/wp\/v2\/comments?post=8902"}],"wp:featuredmedia":[{"embeddable":true,"href":"https:\/\/iberoid.com\/pt\/wp-json\/wp\/v2\/media\/8909"}],"wp:attachment":[{"href":"https:\/\/iberoid.com\/pt\/wp-json\/wp\/v2\/media?parent=8902"}],"wp:term":[{"taxonomy":"product_brand","embeddable":true,"href":"https:\/\/iberoid.com\/pt\/wp-json\/wp\/v2\/product_brand?post=8902"},{"taxonomy":"product_cat","embeddable":true,"href":"https:\/\/iberoid.com\/pt\/wp-json\/wp\/v2\/product_cat?post=8902"},{"taxonomy":"product_tag","embeddable":true,"href":"https:\/\/iberoid.com\/pt\/wp-json\/wp\/v2\/product_tag?post=8902"}],"curies":[{"name":"wp","href":"https:\/\/api.w.org\/{rel}","templated":true}]}}