{"id":8910,"date":"2023-09-15T13:29:07","date_gmt":"2023-09-15T13:29:07","guid":{"rendered":"https:\/\/iberoid.com\/?post_type=product&#038;p=8910"},"modified":"2024-07-06T16:37:17","modified_gmt":"2024-07-06T16:37:17","slug":"dianabol-diamond-pharma-group","status":"publish","type":"product","link":"https:\/\/iberoid.com\/pt\/product\/dianabol-diamond-pharma-group\/","title":{"rendered":"DIANABOL 10 mg"},"content":{"rendered":"<p>Dianabol, tamb\u00e9m conhecido como Metandrostenolona, \u00e9 um ester\u00f3ide anab\u00f3lico androg\u00eanico que n\u00e3o tem mais uso m\u00e9dico. Inicialmente, foi desenvolvido para tratar hipogonadismo, osteoporose p\u00f3s-menopausa e nanismo hipofis\u00e1rio deficiente. No entanto, acabou nas m\u00e3os de fisiculturistas e atletas para constru\u00e7\u00e3o muscular e melhoria de desempenho. Dianabol era popular entre os atletas na d\u00e9cada de 80, durante a era de ouro do fisiculturismo, e todos o tomavam. Mas agora foram desenvolvidas vers\u00f5es melhores e seguras dessas variantes sint\u00e9ticas da testosterona. No entanto, ainda usam dianabol em combina\u00e7\u00e3o com outros ester\u00f3ides anabolizantes para aumentar a actividade anab\u00f3lica no corpo e obter resultados m\u00e1ximos em menos tempo. A terapia p\u00f3s-ciclo \u00e9 obrigat\u00f3ria ap\u00f3s passar por um ciclo de dianabol, caso contr\u00e1rio os efeitos colaterais podem deixar sua sa\u00fade comprometida.<\/p>\n<p>Benef\u00edcios<\/p>\n<p>Embora a droga possa n\u00e3o ter muito a oferecer, \u00e9 melhor tom\u00e1-la como um amplificador para outros ester\u00f3ides anabolizantes em combina\u00e7\u00e3o, pois os ajuda a exibir o impacto m\u00e1ximo nos ganhos e tamb\u00e9m contribui para o f\u00edsico geral do atleta. Esses benef\u00edcios adicionais s\u00e3o:<\/p>\n<p>incentiva os m\u00fasculos a crescer<br \/>\nqueima de gordura<br \/>\naumento da resist\u00eancia e energia<br \/>\nresultados r\u00e1pidos<br \/>\ndesempenho geral<\/p>","protected":false},"excerpt":{"rendered":"<p>Dianabol, tamb\u00e9m conhecido como Metandrostenolona, \u00e9 um ester\u00f3ide anab\u00f3lico androg\u00eanico que n\u00e3o tem mais uso m\u00e9dico. Inicialmente, foi desenvolvido para<\/p>\n","protected":false},"featured_media":8922,"comment_status":"open","ping_status":"closed","template":"","meta":[],"product_brand":[],"product_cat":[73],"product_tag":[],"class_list":{"0":"post-8910","1":"product","2":"type-product","3":"status-publish","4":"has-post-thumbnail","6":"product_cat-ssteroides_orales","8":"first","9":"outofstock","10":"sale","11":"shipping-taxable","12":"purchasable","13":"product-type-simple"},"yoast_head":"<!-- This site is optimized with the Yoast SEO Premium plugin v24.4 (Yoast SEO v27.0) - https:\/\/yoast.com\/product\/yoast-seo-premium-wordpress\/ -->\n<title>DIANABOL 10 mg - Ester\u00f3ides Online<\/title>\n<meta name=\"robots\" content=\"index, follow, max-snippet:-1, max-image-preview:large, max-video-preview:-1\" \/>\n<link rel=\"canonical\" href=\"https:\/\/iberoid.com\/pt\/product\/dianabol-diamond-pharma-group\/\" \/>\n<meta property=\"og:locale\" content=\"pt_PT\" \/>\n<meta property=\"og:type\" content=\"article\" \/>\n<meta property=\"og:title\" content=\"DIANABOL 10 mg\" \/>\n<meta property=\"og:description\" content=\"Dianabol, tamb\u00e9m conhecido como Metandrostenolona, \u00e9 um ester\u00f3ide anab\u00f3lico androg\u00eanico que n\u00e3o tem mais uso m\u00e9dico. Inicialmente, foi desenvolvido para\" \/>\n<meta property=\"og:url\" content=\"https:\/\/iberoid.com\/pt\/product\/dianabol-diamond-pharma-group\/\" \/>\n<meta property=\"og:site_name\" content=\"Ester\u00f3ides Online\" \/>\n<meta property=\"article:modified_time\" content=\"2024-07-06T16:37:17+00:00\" \/>\n<meta property=\"og:image\" content=\"https:\/\/iberoid.com\/wp-content\/uploads\/2023\/09\/dianabol-10-2.png?v=1694787548\" \/>\n\t<meta property=\"og:image:width\" content=\"1250\" \/>\n\t<meta property=\"og:image:height\" content=\"1100\" \/>\n\t<meta property=\"og:image:type\" content=\"image\/png\" \/>\n<meta name=\"twitter:card\" content=\"summary_large_image\" \/>\n<meta name=\"twitter:label1\" content=\"pre\u00e7o\" \/>\n\t<meta name=\"twitter:data1\" content=\"&euro;35.00\" \/>\n\t<meta name=\"twitter:label2\" content=\"Disponibilidade\" \/>\n\t<meta name=\"twitter:data2\" content=\"Esgotado\" \/>\n<script type=\"application\/ld+json\" class=\"yoast-schema-graph\">{\"@context\":\"https:\/\/schema.org\",\"@graph\":[{\"@type\":\"WebPage\",\"@id\":\"https:\/\/iberoid.com\/pt\/product\/dianabol-diamond-pharma-group\/\",\"url\":\"https:\/\/iberoid.com\/pt\/product\/dianabol-diamond-pharma-group\/\",\"name\":\"DIANABOL 10 mg - Ester\u00f3ides Online\",\"isPartOf\":{\"@id\":\"https:\/\/iberoid-shop.com\/#website\"},\"primaryImageOfPage\":{\"@id\":\"https:\/\/iberoid.com\/pt\/product\/dianabol-diamond-pharma-group\/#primaryimage\"},\"image\":{\"@id\":\"https:\/\/iberoid.com\/pt\/product\/dianabol-diamond-pharma-group\/#primaryimage\"},\"thumbnailUrl\":\"https:\/\/iberoid.com\/wp-content\/uploads\/2023\/09\/dianabol-10-2.png?v=1694787548\",\"datePublished\":\"2023-09-15T13:29:07+00:00\",\"dateModified\":\"2024-07-06T16:37:17+00:00\",\"breadcrumb\":{\"@id\":\"https:\/\/iberoid.com\/pt\/product\/dianabol-diamond-pharma-group\/#breadcrumb\"},\"inLanguage\":\"pt-PT\",\"potentialAction\":[{\"@type\":\"ReadAction\",\"target\":[[\"https:\/\/iberoid.com\/pt\/product\/dianabol-diamond-pharma-group\/\"]]}]},{\"@type\":\"ImageObject\",\"inLanguage\":\"pt-PT\",\"@id\":\"https:\/\/iberoid.com\/pt\/product\/dianabol-diamond-pharma-group\/#primaryimage\",\"url\":\"https:\/\/iberoid.com\/wp-content\/uploads\/2023\/09\/dianabol-10-2.png?v=1694787548\",\"contentUrl\":\"https:\/\/iberoid.com\/wp-content\/uploads\/2023\/09\/dianabol-10-2.png?v=1694787548\",\"width\":1250,\"height\":1100},{\"@type\":\"BreadcrumbList\",\"@id\":\"https:\/\/iberoid.com\/pt\/product\/dianabol-diamond-pharma-group\/#breadcrumb\",\"itemListElement\":[{\"@type\":\"ListItem\",\"position\":1,\"name\":\"Portada\",\"item\":\"https:\/\/iberoid.com\/pt\/\"},{\"@type\":\"ListItem\",\"position\":2,\"name\":\"Loja\",\"item\":\"https:\/\/iberoid.com\/pt\/shop\/\"},{\"@type\":\"ListItem\",\"position\":3,\"name\":\"DIANABOL 10 mg\"}]},{\"@type\":\"WebSite\",\"@id\":\"https:\/\/iberoid-shop.com\/#website\",\"url\":\"https:\/\/iberoid-shop.com\/\",\"name\":\"Ester\u00f3ides Online\",\"description\":\"Compre ester\u00f3ides online hoje em Espanha e Portugal. Temos o melhor servi\u00e7o ao cliente do setor e produtos da mais alta qualidade\",\"potentialAction\":[{\"@type\":\"SearchAction\",\"target\":{\"@type\":\"EntryPoint\",\"urlTemplate\":\"https:\/\/iberoid-shop.com\/?s={search_term_string}\"},\"query-input\":{\"@type\":\"PropertyValueSpecification\",\"valueRequired\":true,\"valueName\":\"search_term_string\"}}],\"inLanguage\":\"pt-PT\"}]}<\/script>\n<meta property=\"product:brand\" content=\"Diamond Pharma\" \/>\n<meta property=\"product:price:amount\" content=\"35.00\" \/>\n<meta property=\"product:price:currency\" content=\"EUR\" \/>\n<meta property=\"og:availability\" content=\"out of stock\" \/>\n<meta property=\"product:availability\" content=\"out of stock\" \/>\n<meta property=\"product:condition\" content=\"new\" \/>\n<!-- \/ Yoast SEO Premium plugin. -->","yoast_head_json":{"title":"DIANABOL 10 mg - Ester\u00f3ides Online","robots":{"index":"index","follow":"follow","max-snippet":"max-snippet:-1","max-image-preview":"max-image-preview:large","max-video-preview":"max-video-preview:-1"},"canonical":"https:\/\/iberoid.com\/pt\/product\/dianabol-diamond-pharma-group\/","og_locale":"pt_PT","og_type":"article","og_title":"DIANABOL 10 mg","og_description":"Dianabol, tamb\u00e9m conhecido como Metandrostenolona, \u00e9 um ester\u00f3ide anab\u00f3lico androg\u00eanico que n\u00e3o tem mais uso m\u00e9dico. Inicialmente, foi desenvolvido para","og_url":"https:\/\/iberoid.com\/pt\/product\/dianabol-diamond-pharma-group\/","og_site_name":"Ester\u00f3ides Online","article_modified_time":"2024-07-06T16:37:17+00:00","og_image":[{"width":1250,"height":1100,"url":"https:\/\/iberoid.com\/wp-content\/uploads\/2023\/09\/dianabol-10-2.png?v=1694787548","type":"image\/png"}],"twitter_card":"summary_large_image","twitter_misc":{"pre\u00e7o":"&euro;35.00","Disponibilidade":"Esgotado"},"schema":{"@context":"https:\/\/schema.org","@graph":[{"@type":"WebPage","@id":"https:\/\/iberoid.com\/pt\/product\/dianabol-diamond-pharma-group\/","url":"https:\/\/iberoid.com\/pt\/product\/dianabol-diamond-pharma-group\/","name":"DIANABOL 10 mg - Ester\u00f3ides Online","isPartOf":{"@id":"https:\/\/iberoid-shop.com\/#website"},"primaryImageOfPage":{"@id":"https:\/\/iberoid.com\/pt\/product\/dianabol-diamond-pharma-group\/#primaryimage"},"image":{"@id":"https:\/\/iberoid.com\/pt\/product\/dianabol-diamond-pharma-group\/#primaryimage"},"thumbnailUrl":"https:\/\/iberoid.com\/wp-content\/uploads\/2023\/09\/dianabol-10-2.png?v=1694787548","datePublished":"2023-09-15T13:29:07+00:00","dateModified":"2024-07-06T16:37:17+00:00","breadcrumb":{"@id":"https:\/\/iberoid.com\/pt\/product\/dianabol-diamond-pharma-group\/#breadcrumb"},"inLanguage":"pt-PT","potentialAction":[{"@type":"ReadAction","target":[["https:\/\/iberoid.com\/pt\/product\/dianabol-diamond-pharma-group\/"]]}]},{"@type":"ImageObject","inLanguage":"pt-PT","@id":"https:\/\/iberoid.com\/pt\/product\/dianabol-diamond-pharma-group\/#primaryimage","url":"https:\/\/iberoid.com\/wp-content\/uploads\/2023\/09\/dianabol-10-2.png?v=1694787548","contentUrl":"https:\/\/iberoid.com\/wp-content\/uploads\/2023\/09\/dianabol-10-2.png?v=1694787548","width":1250,"height":1100},{"@type":"BreadcrumbList","@id":"https:\/\/iberoid.com\/pt\/product\/dianabol-diamond-pharma-group\/#breadcrumb","itemListElement":[{"@type":"ListItem","position":1,"name":"Portada","item":"https:\/\/iberoid.com\/pt\/"},{"@type":"ListItem","position":2,"name":"Loja","item":"https:\/\/iberoid.com\/pt\/shop\/"},{"@type":"ListItem","position":3,"name":"DIANABOL 10 mg"}]},{"@type":"WebSite","@id":"https:\/\/iberoid-shop.com\/#website","url":"https:\/\/iberoid-shop.com\/","name":"Ester\u00f3ides Online","description":"Compre ester\u00f3ides online hoje em Espanha e Portugal. Temos o melhor servi\u00e7o ao cliente do setor e produtos da mais alta qualidade","potentialAction":[{"@type":"SearchAction","target":{"@type":"EntryPoint","urlTemplate":"https:\/\/iberoid-shop.com\/?s={search_term_string}"},"query-input":{"@type":"PropertyValueSpecification","valueRequired":true,"valueName":"search_term_string"}}],"inLanguage":"pt-PT"}]},"product_brand":"Diamond Pharma","product_price_amount":"35.00","product_price_currency":"EUR","og_availability":"out of stock","product_availability":"out of stock","product_condition":"new"},"_links":{"self":[{"href":"https:\/\/iberoid.com\/pt\/wp-json\/wp\/v2\/product\/8910","targetHints":{"allow":["GET"]}}],"collection":[{"href":"https:\/\/iberoid.com\/pt\/wp-json\/wp\/v2\/product"}],"about":[{"href":"https:\/\/iberoid.com\/pt\/wp-json\/wp\/v2\/types\/product"}],"replies":[{"embeddable":true,"href":"https:\/\/iberoid.com\/pt\/wp-json\/wp\/v2\/comments?post=8910"}],"wp:featuredmedia":[{"embeddable":true,"href":"https:\/\/iberoid.com\/pt\/wp-json\/wp\/v2\/media\/8922"}],"wp:attachment":[{"href":"https:\/\/iberoid.com\/pt\/wp-json\/wp\/v2\/media?parent=8910"}],"wp:term":[{"taxonomy":"product_brand","embeddable":true,"href":"https:\/\/iberoid.com\/pt\/wp-json\/wp\/v2\/product_brand?post=8910"},{"taxonomy":"product_cat","embeddable":true,"href":"https:\/\/iberoid.com\/pt\/wp-json\/wp\/v2\/product_cat?post=8910"},{"taxonomy":"product_tag","embeddable":true,"href":"https:\/\/iberoid.com\/pt\/wp-json\/wp\/v2\/product_tag?post=8910"}],"curies":[{"name":"wp","href":"https:\/\/api.w.org\/{rel}","templated":true}]}}