{"id":8981,"date":"2023-10-06T18:25:14","date_gmt":"2023-10-06T18:25:14","guid":{"rendered":"https:\/\/iberoid.com\/?post_type=product&#038;p=8981"},"modified":"2025-03-29T10:39:30","modified_gmt":"2025-03-29T10:39:30","slug":"testosterone-blend-250mg-sustanon-genetic-life-science-lab","status":"publish","type":"product","link":"https:\/\/iberoid.com\/pt\/product\/testosterone-blend-250mg-sustanon-genetic-life-science-lab\/","title":{"rendered":"Testosterone Blend\/SUSTANON\/250mg"},"content":{"rendered":"<p>Fabricante: <strong>Genetic Life Science<\/strong><\/p>\n<p>Pacote:\u00a0<strong>ampola de 10 x 1ml (250 mg\/ml)<\/strong><\/p>\n<p>Subst\u00e2ncia ativa: <strong>Testosterone Decanoate 100mg, Testosterone Isocaproate 60mg, Testosterone Phenyprop. 60mg, Testosterone Propionate 30mg<\/strong><\/p>\n<p>Mistura de testosterona \u00e9 o medicamento produzido pela mistura de alguns \u00e9steres de testosterona diferentes. Cont\u00e9m a subst\u00e2ncia ativa testosterona em 4 formas: decanoato de testosterona, propionato de testosterona, fenilpropionato de testosterona e isocaproato de testosterona.<\/p>\n<p>A testosterona \u00e9 um horm\u00f4nio masculino natural que faz parte do grupo dos horm\u00f4nios andr\u00f3genos. \u00c9 necess\u00e1rio para o crescimento, desenvolvimento e funcionamento normais dos \u00f3rg\u00e3os genitais masculinos, o desenvolvimento de caracter\u00edsticas masculinas secund\u00e1rias.<\/p>\n<p>A Mistura de Testosterona \u00e9 usada em homens para substituir a testosterona no tratamento de v\u00e1rios problemas de sa\u00fade causados pela falta de testosterona (hipogonadismo masculino). Isto deve ser confirmado por duas medi\u00e7\u00f5es separadas de testosterona no sangue e tamb\u00e9m incluir sintomas cl\u00ednicos como impot\u00eancia, infertilidade, baixo desejo sexual, fadiga, depress\u00e3o, perda \u00f3ssea causada por baixos n\u00edveis do horm\u00f4nio testosterona.<\/p>\n<p>Uma alergia \u00e0 testosterona ou a qualquer outro componente deste medicamento.<br \/>\nPr\u00f3stata dependente de andr\u00f3geno ou c\u00e2ncer de mama.<br \/>\nGravidez e lacta\u00e7\u00e3o.<br \/>\nPessoas menores de 18 anos.<\/p>","protected":false},"excerpt":{"rendered":"<p>Fabricante: Genetic Life Science Pacote:\u00a0ampola de 10 x 1ml (250 mg\/ml) Subst\u00e2ncia ativa: Testosterone Decanoate 100mg, Testosterone Isocaproate 60mg, Testosterone<\/p>\n","protected":false},"featured_media":8983,"comment_status":"open","ping_status":"closed","template":"","meta":[],"product_brand":[],"product_cat":[69],"product_tag":[],"class_list":{"0":"post-8981","1":"product","2":"type-product","3":"status-publish","4":"has-post-thumbnail","6":"product_cat-esteroides_inyectables","8":"first","9":"outofstock","10":"shipping-taxable","11":"purchasable","12":"product-type-simple"},"yoast_head":"<!-- This site is optimized with the Yoast SEO Premium plugin v24.4 (Yoast SEO v27.0) - https:\/\/yoast.com\/product\/yoast-seo-premium-wordpress\/ -->\n<title>Testosterone Blend\/SUSTANON\/250mg - Ester\u00f3ides Online<\/title>\n<meta name=\"robots\" content=\"index, follow, max-snippet:-1, max-image-preview:large, max-video-preview:-1\" \/>\n<link rel=\"canonical\" href=\"https:\/\/iberoid.com\/pt\/product\/testosterone-blend-250mg-sustanon-genetic-life-science-lab\/\" \/>\n<meta property=\"og:locale\" content=\"pt_PT\" \/>\n<meta property=\"og:type\" content=\"article\" \/>\n<meta property=\"og:title\" content=\"Testosterone Blend\/SUSTANON\/250mg\" \/>\n<meta property=\"og:description\" content=\"Fabricante: Genetic Life Science Pacote:\u00a0ampola de 10 x 1ml (250 mg\/ml) Subst\u00e2ncia ativa: Testosterone Decanoate 100mg, Testosterone Isocaproate 60mg, Testosterone\" \/>\n<meta property=\"og:url\" content=\"https:\/\/iberoid.com\/pt\/product\/testosterone-blend-250mg-sustanon-genetic-life-science-lab\/\" \/>\n<meta property=\"og:site_name\" content=\"Ester\u00f3ides Online\" \/>\n<meta property=\"article:modified_time\" content=\"2025-03-29T10:39:30+00:00\" \/>\n<meta property=\"og:image\" content=\"https:\/\/iberoid.com\/wp-content\/uploads\/2023\/10\/ispn6jtzpi-1668536403.jpg?v=1696616659\" \/>\n\t<meta property=\"og:image:width\" content=\"2200\" \/>\n\t<meta property=\"og:image:height\" content=\"1540\" \/>\n\t<meta property=\"og:image:type\" content=\"image\/jpeg\" \/>\n<meta name=\"twitter:card\" content=\"summary_large_image\" \/>\n<meta name=\"twitter:label1\" content=\"pre\u00e7o\" \/>\n\t<meta name=\"twitter:data1\" content=\"&euro;50.00\" \/>\n\t<meta name=\"twitter:label2\" content=\"Disponibilidade\" \/>\n\t<meta name=\"twitter:data2\" content=\"Esgotado\" \/>\n<script type=\"application\/ld+json\" class=\"yoast-schema-graph\">{\"@context\":\"https:\/\/schema.org\",\"@graph\":[{\"@type\":\"WebPage\",\"@id\":\"https:\/\/iberoid.com\/pt\/product\/testosterone-blend-250mg-sustanon-genetic-life-science-lab\/\",\"url\":\"https:\/\/iberoid.com\/pt\/product\/testosterone-blend-250mg-sustanon-genetic-life-science-lab\/\",\"name\":\"Testosterone Blend\/SUSTANON\/250mg - Ester\u00f3ides Online\",\"isPartOf\":{\"@id\":\"https:\/\/iberoid.com\/pt\/#website\"},\"primaryImageOfPage\":{\"@id\":\"https:\/\/iberoid.com\/pt\/product\/testosterone-blend-250mg-sustanon-genetic-life-science-lab\/#primaryimage\"},\"image\":{\"@id\":\"https:\/\/iberoid.com\/pt\/product\/testosterone-blend-250mg-sustanon-genetic-life-science-lab\/#primaryimage\"},\"thumbnailUrl\":\"https:\/\/iberoid.com\/wp-content\/uploads\/2023\/10\/ispn6jtzpi-1668536403.jpg?v=1696616659\",\"datePublished\":\"2023-10-06T18:25:14+00:00\",\"dateModified\":\"2025-03-29T10:39:30+00:00\",\"breadcrumb\":{\"@id\":\"https:\/\/iberoid.com\/pt\/product\/testosterone-blend-250mg-sustanon-genetic-life-science-lab\/#breadcrumb\"},\"inLanguage\":\"pt-PT\",\"potentialAction\":[{\"@type\":\"ReadAction\",\"target\":[[\"https:\/\/iberoid.com\/pt\/product\/testosterone-blend-250mg-sustanon-genetic-life-science-lab\/\"]]}]},{\"@type\":\"ImageObject\",\"inLanguage\":\"pt-PT\",\"@id\":\"https:\/\/iberoid.com\/pt\/product\/testosterone-blend-250mg-sustanon-genetic-life-science-lab\/#primaryimage\",\"url\":\"https:\/\/iberoid.com\/wp-content\/uploads\/2023\/10\/ispn6jtzpi-1668536403.jpg?v=1696616659\",\"contentUrl\":\"https:\/\/iberoid.com\/wp-content\/uploads\/2023\/10\/ispn6jtzpi-1668536403.jpg?v=1696616659\",\"width\":2200,\"height\":1540},{\"@type\":\"BreadcrumbList\",\"@id\":\"https:\/\/iberoid.com\/pt\/product\/testosterone-blend-250mg-sustanon-genetic-life-science-lab\/#breadcrumb\",\"itemListElement\":[{\"@type\":\"ListItem\",\"position\":1,\"name\":\"Portada\",\"item\":\"https:\/\/iberoid.com\/pt\/\"},{\"@type\":\"ListItem\",\"position\":2,\"name\":\"Loja\",\"item\":\"https:\/\/iberoid.com\/pt\/shop\/\"},{\"@type\":\"ListItem\",\"position\":3,\"name\":\"Testosterone Blend\/SUSTANON\/250mg\"}]},{\"@type\":\"WebSite\",\"@id\":\"https:\/\/iberoid.com\/pt\/#website\",\"url\":\"https:\/\/iberoid.com\/pt\/\",\"name\":\"Ester\u00f3ides Online\",\"description\":\"Compre ester\u00f3ides online hoje em Espanha e Portugal. Temos o melhor servi\u00e7o ao cliente do setor e produtos da mais alta qualidade\",\"potentialAction\":[{\"@type\":\"SearchAction\",\"target\":{\"@type\":\"EntryPoint\",\"urlTemplate\":\"https:\/\/iberoid.com\/pt\/?s={search_term_string}\"},\"query-input\":{\"@type\":\"PropertyValueSpecification\",\"valueRequired\":true,\"valueName\":\"search_term_string\"}}],\"inLanguage\":\"pt-PT\"}]}<\/script>\n<meta property=\"product:brand\" content=\"Genetic Life Science\" \/>\n<meta property=\"product:price:amount\" content=\"50.00\" \/>\n<meta property=\"product:price:currency\" content=\"EUR\" \/>\n<meta property=\"og:availability\" content=\"out of stock\" \/>\n<meta property=\"product:availability\" content=\"out of stock\" \/>\n<meta property=\"product:condition\" content=\"new\" \/>\n<!-- \/ Yoast SEO Premium plugin. -->","yoast_head_json":{"title":"Testosterone Blend\/SUSTANON\/250mg - Ester\u00f3ides Online","robots":{"index":"index","follow":"follow","max-snippet":"max-snippet:-1","max-image-preview":"max-image-preview:large","max-video-preview":"max-video-preview:-1"},"canonical":"https:\/\/iberoid.com\/pt\/product\/testosterone-blend-250mg-sustanon-genetic-life-science-lab\/","og_locale":"pt_PT","og_type":"article","og_title":"Testosterone Blend\/SUSTANON\/250mg","og_description":"Fabricante: Genetic Life Science Pacote:\u00a0ampola de 10 x 1ml (250 mg\/ml) Subst\u00e2ncia ativa: Testosterone Decanoate 100mg, Testosterone Isocaproate 60mg, Testosterone","og_url":"https:\/\/iberoid.com\/pt\/product\/testosterone-blend-250mg-sustanon-genetic-life-science-lab\/","og_site_name":"Ester\u00f3ides Online","article_modified_time":"2025-03-29T10:39:30+00:00","og_image":[{"width":2200,"height":1540,"url":"https:\/\/iberoid.com\/wp-content\/uploads\/2023\/10\/ispn6jtzpi-1668536403.jpg?v=1696616659","type":"image\/jpeg"}],"twitter_card":"summary_large_image","twitter_misc":{"pre\u00e7o":"&euro;50.00","Disponibilidade":"Esgotado"},"schema":{"@context":"https:\/\/schema.org","@graph":[{"@type":"WebPage","@id":"https:\/\/iberoid.com\/pt\/product\/testosterone-blend-250mg-sustanon-genetic-life-science-lab\/","url":"https:\/\/iberoid.com\/pt\/product\/testosterone-blend-250mg-sustanon-genetic-life-science-lab\/","name":"Testosterone Blend\/SUSTANON\/250mg - Ester\u00f3ides Online","isPartOf":{"@id":"https:\/\/iberoid.com\/pt\/#website"},"primaryImageOfPage":{"@id":"https:\/\/iberoid.com\/pt\/product\/testosterone-blend-250mg-sustanon-genetic-life-science-lab\/#primaryimage"},"image":{"@id":"https:\/\/iberoid.com\/pt\/product\/testosterone-blend-250mg-sustanon-genetic-life-science-lab\/#primaryimage"},"thumbnailUrl":"https:\/\/iberoid.com\/wp-content\/uploads\/2023\/10\/ispn6jtzpi-1668536403.jpg?v=1696616659","datePublished":"2023-10-06T18:25:14+00:00","dateModified":"2025-03-29T10:39:30+00:00","breadcrumb":{"@id":"https:\/\/iberoid.com\/pt\/product\/testosterone-blend-250mg-sustanon-genetic-life-science-lab\/#breadcrumb"},"inLanguage":"pt-PT","potentialAction":[{"@type":"ReadAction","target":[["https:\/\/iberoid.com\/pt\/product\/testosterone-blend-250mg-sustanon-genetic-life-science-lab\/"]]}]},{"@type":"ImageObject","inLanguage":"pt-PT","@id":"https:\/\/iberoid.com\/pt\/product\/testosterone-blend-250mg-sustanon-genetic-life-science-lab\/#primaryimage","url":"https:\/\/iberoid.com\/wp-content\/uploads\/2023\/10\/ispn6jtzpi-1668536403.jpg?v=1696616659","contentUrl":"https:\/\/iberoid.com\/wp-content\/uploads\/2023\/10\/ispn6jtzpi-1668536403.jpg?v=1696616659","width":2200,"height":1540},{"@type":"BreadcrumbList","@id":"https:\/\/iberoid.com\/pt\/product\/testosterone-blend-250mg-sustanon-genetic-life-science-lab\/#breadcrumb","itemListElement":[{"@type":"ListItem","position":1,"name":"Portada","item":"https:\/\/iberoid.com\/pt\/"},{"@type":"ListItem","position":2,"name":"Loja","item":"https:\/\/iberoid.com\/pt\/shop\/"},{"@type":"ListItem","position":3,"name":"Testosterone Blend\/SUSTANON\/250mg"}]},{"@type":"WebSite","@id":"https:\/\/iberoid.com\/pt\/#website","url":"https:\/\/iberoid.com\/pt\/","name":"Ester\u00f3ides Online","description":"Compre ester\u00f3ides online hoje em Espanha e Portugal. Temos o melhor servi\u00e7o ao cliente do setor e produtos da mais alta qualidade","potentialAction":[{"@type":"SearchAction","target":{"@type":"EntryPoint","urlTemplate":"https:\/\/iberoid.com\/pt\/?s={search_term_string}"},"query-input":{"@type":"PropertyValueSpecification","valueRequired":true,"valueName":"search_term_string"}}],"inLanguage":"pt-PT"}]},"product_brand":"Genetic Life Science","product_price_amount":"50.00","product_price_currency":"EUR","og_availability":"out of stock","product_availability":"out of stock","product_condition":"new"},"_links":{"self":[{"href":"https:\/\/iberoid.com\/pt\/wp-json\/wp\/v2\/product\/8981","targetHints":{"allow":["GET"]}}],"collection":[{"href":"https:\/\/iberoid.com\/pt\/wp-json\/wp\/v2\/product"}],"about":[{"href":"https:\/\/iberoid.com\/pt\/wp-json\/wp\/v2\/types\/product"}],"replies":[{"embeddable":true,"href":"https:\/\/iberoid.com\/pt\/wp-json\/wp\/v2\/comments?post=8981"}],"wp:featuredmedia":[{"embeddable":true,"href":"https:\/\/iberoid.com\/pt\/wp-json\/wp\/v2\/media\/8983"}],"wp:attachment":[{"href":"https:\/\/iberoid.com\/pt\/wp-json\/wp\/v2\/media?parent=8981"}],"wp:term":[{"taxonomy":"product_brand","embeddable":true,"href":"https:\/\/iberoid.com\/pt\/wp-json\/wp\/v2\/product_brand?post=8981"},{"taxonomy":"product_cat","embeddable":true,"href":"https:\/\/iberoid.com\/pt\/wp-json\/wp\/v2\/product_cat?post=8981"},{"taxonomy":"product_tag","embeddable":true,"href":"https:\/\/iberoid.com\/pt\/wp-json\/wp\/v2\/product_tag?post=8981"}],"curies":[{"name":"wp","href":"https:\/\/api.w.org\/{rel}","templated":true}]}}