{"id":8996,"date":"2023-10-06T18:40:51","date_gmt":"2023-10-06T18:40:51","guid":{"rendered":"https:\/\/iberoid.com\/?post_type=product&#038;p=8996"},"modified":"2024-09-15T13:28:05","modified_gmt":"2024-09-15T13:28:05","slug":"vidalista-60mg","status":"publish","type":"product","link":"https:\/\/iberoid.com\/pt\/product\/vidalista-60mg\/","title":{"rendered":"VIDALISTA 60 MG\/1 BLISTER\/20  TABLETAS"},"content":{"rendered":"<p><strong>VIDALISTA 60MG \/ 1 BLISTER \/ 10 comprimidos<\/strong><\/p>\n<p>O comprimido de Vidalista 60 mg \u00e9 utilizado para tratar a disfun\u00e7\u00e3o er\u00e9til em homens. Aumenta o fluxo sangu\u00edneo para o p\u00eanis para ajudar os homens a obter uma ere\u00e7\u00e3o. Ele atua auxiliando no afrouxamento das veias do p\u00eanis, permitindo que o sangue flua para o p\u00eanis quando voc\u00ea fica fisicamente energizado.<\/p>\n<p>O comprimido de Vidalista 60 mg pode ser tomado durante a fome ou durante o jantar. Deve ser totalmente tomado conforme recomendado pelo seu m\u00e9dico de aten\u00e7\u00e3o prim\u00e1ria. A medica\u00e7\u00e3o possivelmente ir\u00e1 ajud\u00e1-lo a obter uma ere\u00e7\u00e3o se voc\u00ea estiver fisicamente revigorado. Voc\u00ea deve tom\u00e1-lo cerca de uma hora antes da inten\u00e7\u00e3o de ter rela\u00e7\u00f5es sexuais. Quanto tempo leva para trabalhar muda de um indiv\u00edduo para outro, mas normalmente requer entre 30 e 60 minutos. Possivelmente leve-o caso queira e tenha sido recomendado por um especialista.<\/p>\n<p><strong>Usos do comprimido de Vidalista 60 mg:<\/strong><\/p>\n<ul>\n<li>Tratamento da disfun\u00e7\u00e3o er\u00e9til<\/li>\n<\/ul>\n<p><strong>Benef\u00edcios do comprimido de Vidalista 60 mg:<\/strong><\/p>\n<p>No tratamento da Disfun\u00e7\u00e3o Er\u00e9til:<\/p>\n<p>O comprimido de Vidalista 60 mg tem lugar com uma cole\u00e7\u00e3o de medicamentos chamados inibidores de pde5. Funciona relaxando as veias do seu p\u00eanis. Isso permite que o sangue flua para o p\u00eanis e produza uma ere\u00e7\u00e3o quando fisicamente excitado.<\/p>\n<p><strong>Mecanismo de a\u00e7\u00e3o Vidalista 60 mg comprimido:<\/strong><\/p>\n<p>O comprimido de Vidalista 60 mg \u00e9 um inibidor da fosfodiesterase (pde-5). Ele atua na disfun\u00e7\u00e3o er\u00e9til, expandindo a corrente sangu\u00ednea para o p\u00eanis e relaxando os m\u00fasculos das veias penianas.<\/p>","protected":false},"excerpt":{"rendered":"<p>VIDALISTA 60MG \/ 1 BLISTER \/ 10 comprimidos O comprimido de Vidalista 60 mg \u00e9 utilizado para tratar a disfun\u00e7\u00e3o<\/p>\n","protected":false},"featured_media":8998,"comment_status":"open","ping_status":"closed","template":"","meta":[],"product_brand":[],"product_cat":[73],"product_tag":[],"class_list":{"0":"post-8996","1":"product","2":"type-product","3":"status-publish","4":"has-post-thumbnail","6":"product_cat-ssteroides_orales","8":"first","9":"outofstock","10":"shipping-taxable","11":"purchasable","12":"product-type-simple"},"yoast_head":"<!-- This site is optimized with the Yoast SEO Premium plugin v24.4 (Yoast SEO v27.0) - https:\/\/yoast.com\/product\/yoast-seo-premium-wordpress\/ -->\n<title>VIDALISTA 60 MG\/1 BLISTER\/20 TABLETAS - Ester\u00f3ides Online<\/title>\n<meta name=\"robots\" content=\"index, follow, max-snippet:-1, max-image-preview:large, max-video-preview:-1\" \/>\n<link rel=\"canonical\" href=\"https:\/\/iberoid.com\/pt\/product\/vidalista-60mg\/\" \/>\n<meta property=\"og:locale\" content=\"pt_PT\" \/>\n<meta property=\"og:type\" content=\"article\" \/>\n<meta property=\"og:title\" content=\"VIDALISTA 60 MG\/1 BLISTER\/20 TABLETAS\" \/>\n<meta property=\"og:description\" content=\"VIDALISTA 60MG \/ 1 BLISTER \/ 10 comprimidos O comprimido de Vidalista 60 mg \u00e9 utilizado para tratar a disfun\u00e7\u00e3o\" \/>\n<meta property=\"og:url\" content=\"https:\/\/iberoid.com\/pt\/product\/vidalista-60mg\/\" \/>\n<meta property=\"og:site_name\" content=\"Ester\u00f3ides Online\" \/>\n<meta property=\"article:modified_time\" content=\"2024-09-15T13:28:05+00:00\" \/>\n<meta property=\"og:image\" content=\"https:\/\/iberoid.com\/wp-content\/uploads\/2023\/10\/vidalista-602064.webp\" \/>\n\t<meta property=\"og:image:width\" content=\"600\" \/>\n\t<meta property=\"og:image:height\" content=\"600\" \/>\n\t<meta property=\"og:image:type\" content=\"image\/webp\" \/>\n<meta name=\"twitter:card\" content=\"summary_large_image\" \/>\n<meta name=\"twitter:label1\" content=\"pre\u00e7o\" \/>\n\t<meta name=\"twitter:data1\" content=\"&euro;20.00\" \/>\n\t<meta name=\"twitter:label2\" content=\"Disponibilidade\" \/>\n\t<meta name=\"twitter:data2\" content=\"Esgotado\" \/>\n<script type=\"application\/ld+json\" class=\"yoast-schema-graph\">{\"@context\":\"https:\/\/schema.org\",\"@graph\":[{\"@type\":\"WebPage\",\"@id\":\"https:\/\/iberoid.com\/pt\/product\/vidalista-60mg\/\",\"url\":\"https:\/\/iberoid.com\/pt\/product\/vidalista-60mg\/\",\"name\":\"VIDALISTA 60 MG\/1 BLISTER\/20 TABLETAS - Ester\u00f3ides Online\",\"isPartOf\":{\"@id\":\"https:\/\/iberoid-shop.com\/#website\"},\"primaryImageOfPage\":{\"@id\":\"https:\/\/iberoid.com\/pt\/product\/vidalista-60mg\/#primaryimage\"},\"image\":{\"@id\":\"https:\/\/iberoid.com\/pt\/product\/vidalista-60mg\/#primaryimage\"},\"thumbnailUrl\":\"https:\/\/iberoid.com\/wp-content\/uploads\/2023\/10\/vidalista-602064.webp\",\"datePublished\":\"2023-10-06T18:40:51+00:00\",\"dateModified\":\"2024-09-15T13:28:05+00:00\",\"breadcrumb\":{\"@id\":\"https:\/\/iberoid.com\/pt\/product\/vidalista-60mg\/#breadcrumb\"},\"inLanguage\":\"pt-PT\",\"potentialAction\":[{\"@type\":\"ReadAction\",\"target\":[[\"https:\/\/iberoid.com\/pt\/product\/vidalista-60mg\/\"]]}]},{\"@type\":\"ImageObject\",\"inLanguage\":\"pt-PT\",\"@id\":\"https:\/\/iberoid.com\/pt\/product\/vidalista-60mg\/#primaryimage\",\"url\":\"https:\/\/iberoid.com\/wp-content\/uploads\/2023\/10\/vidalista-602064.webp\",\"contentUrl\":\"https:\/\/iberoid.com\/wp-content\/uploads\/2023\/10\/vidalista-602064.webp\",\"width\":600,\"height\":600},{\"@type\":\"BreadcrumbList\",\"@id\":\"https:\/\/iberoid.com\/pt\/product\/vidalista-60mg\/#breadcrumb\",\"itemListElement\":[{\"@type\":\"ListItem\",\"position\":1,\"name\":\"Portada\",\"item\":\"https:\/\/iberoid.com\/pt\/\"},{\"@type\":\"ListItem\",\"position\":2,\"name\":\"Loja\",\"item\":\"https:\/\/iberoid.com\/pt\/shop\/\"},{\"@type\":\"ListItem\",\"position\":3,\"name\":\"VIDALISTA 60 MG\/1 BLISTER\/20 TABLETAS\"}]},{\"@type\":\"WebSite\",\"@id\":\"https:\/\/iberoid-shop.com\/#website\",\"url\":\"https:\/\/iberoid-shop.com\/\",\"name\":\"Ester\u00f3ides Online\",\"description\":\"Compre ester\u00f3ides online hoje em Espanha e Portugal. Temos o melhor servi\u00e7o ao cliente do setor e produtos da mais alta qualidade\",\"potentialAction\":[{\"@type\":\"SearchAction\",\"target\":{\"@type\":\"EntryPoint\",\"urlTemplate\":\"https:\/\/iberoid-shop.com\/?s={search_term_string}\"},\"query-input\":{\"@type\":\"PropertyValueSpecification\",\"valueRequired\":true,\"valueName\":\"search_term_string\"}}],\"inLanguage\":\"pt-PT\"}]}<\/script>\n<meta property=\"product:price:amount\" content=\"20.00\" \/>\n<meta property=\"product:price:currency\" content=\"EUR\" \/>\n<meta property=\"og:availability\" content=\"out of stock\" \/>\n<meta property=\"product:availability\" content=\"out of stock\" \/>\n<meta property=\"product:condition\" content=\"new\" \/>\n<!-- \/ Yoast SEO Premium plugin. -->","yoast_head_json":{"title":"VIDALISTA 60 MG\/1 BLISTER\/20 TABLETAS - Ester\u00f3ides Online","robots":{"index":"index","follow":"follow","max-snippet":"max-snippet:-1","max-image-preview":"max-image-preview:large","max-video-preview":"max-video-preview:-1"},"canonical":"https:\/\/iberoid.com\/pt\/product\/vidalista-60mg\/","og_locale":"pt_PT","og_type":"article","og_title":"VIDALISTA 60 MG\/1 BLISTER\/20 TABLETAS","og_description":"VIDALISTA 60MG \/ 1 BLISTER \/ 10 comprimidos O comprimido de Vidalista 60 mg \u00e9 utilizado para tratar a disfun\u00e7\u00e3o","og_url":"https:\/\/iberoid.com\/pt\/product\/vidalista-60mg\/","og_site_name":"Ester\u00f3ides Online","article_modified_time":"2024-09-15T13:28:05+00:00","og_image":[{"width":600,"height":600,"url":"https:\/\/iberoid.com\/wp-content\/uploads\/2023\/10\/vidalista-602064.webp","type":"image\/webp"}],"twitter_card":"summary_large_image","twitter_misc":{"pre\u00e7o":"&euro;20.00","Disponibilidade":"Esgotado"},"schema":{"@context":"https:\/\/schema.org","@graph":[{"@type":"WebPage","@id":"https:\/\/iberoid.com\/pt\/product\/vidalista-60mg\/","url":"https:\/\/iberoid.com\/pt\/product\/vidalista-60mg\/","name":"VIDALISTA 60 MG\/1 BLISTER\/20 TABLETAS - Ester\u00f3ides Online","isPartOf":{"@id":"https:\/\/iberoid-shop.com\/#website"},"primaryImageOfPage":{"@id":"https:\/\/iberoid.com\/pt\/product\/vidalista-60mg\/#primaryimage"},"image":{"@id":"https:\/\/iberoid.com\/pt\/product\/vidalista-60mg\/#primaryimage"},"thumbnailUrl":"https:\/\/iberoid.com\/wp-content\/uploads\/2023\/10\/vidalista-602064.webp","datePublished":"2023-10-06T18:40:51+00:00","dateModified":"2024-09-15T13:28:05+00:00","breadcrumb":{"@id":"https:\/\/iberoid.com\/pt\/product\/vidalista-60mg\/#breadcrumb"},"inLanguage":"pt-PT","potentialAction":[{"@type":"ReadAction","target":[["https:\/\/iberoid.com\/pt\/product\/vidalista-60mg\/"]]}]},{"@type":"ImageObject","inLanguage":"pt-PT","@id":"https:\/\/iberoid.com\/pt\/product\/vidalista-60mg\/#primaryimage","url":"https:\/\/iberoid.com\/wp-content\/uploads\/2023\/10\/vidalista-602064.webp","contentUrl":"https:\/\/iberoid.com\/wp-content\/uploads\/2023\/10\/vidalista-602064.webp","width":600,"height":600},{"@type":"BreadcrumbList","@id":"https:\/\/iberoid.com\/pt\/product\/vidalista-60mg\/#breadcrumb","itemListElement":[{"@type":"ListItem","position":1,"name":"Portada","item":"https:\/\/iberoid.com\/pt\/"},{"@type":"ListItem","position":2,"name":"Loja","item":"https:\/\/iberoid.com\/pt\/shop\/"},{"@type":"ListItem","position":3,"name":"VIDALISTA 60 MG\/1 BLISTER\/20 TABLETAS"}]},{"@type":"WebSite","@id":"https:\/\/iberoid-shop.com\/#website","url":"https:\/\/iberoid-shop.com\/","name":"Ester\u00f3ides Online","description":"Compre ester\u00f3ides online hoje em Espanha e Portugal. Temos o melhor servi\u00e7o ao cliente do setor e produtos da mais alta qualidade","potentialAction":[{"@type":"SearchAction","target":{"@type":"EntryPoint","urlTemplate":"https:\/\/iberoid-shop.com\/?s={search_term_string}"},"query-input":{"@type":"PropertyValueSpecification","valueRequired":true,"valueName":"search_term_string"}}],"inLanguage":"pt-PT"}]},"product_price_amount":"20.00","product_price_currency":"EUR","og_availability":"out of stock","product_availability":"out of stock","product_condition":"new"},"_links":{"self":[{"href":"https:\/\/iberoid.com\/pt\/wp-json\/wp\/v2\/product\/8996","targetHints":{"allow":["GET"]}}],"collection":[{"href":"https:\/\/iberoid.com\/pt\/wp-json\/wp\/v2\/product"}],"about":[{"href":"https:\/\/iberoid.com\/pt\/wp-json\/wp\/v2\/types\/product"}],"replies":[{"embeddable":true,"href":"https:\/\/iberoid.com\/pt\/wp-json\/wp\/v2\/comments?post=8996"}],"wp:featuredmedia":[{"embeddable":true,"href":"https:\/\/iberoid.com\/pt\/wp-json\/wp\/v2\/media\/8998"}],"wp:attachment":[{"href":"https:\/\/iberoid.com\/pt\/wp-json\/wp\/v2\/media?parent=8996"}],"wp:term":[{"taxonomy":"product_brand","embeddable":true,"href":"https:\/\/iberoid.com\/pt\/wp-json\/wp\/v2\/product_brand?post=8996"},{"taxonomy":"product_cat","embeddable":true,"href":"https:\/\/iberoid.com\/pt\/wp-json\/wp\/v2\/product_cat?post=8996"},{"taxonomy":"product_tag","embeddable":true,"href":"https:\/\/iberoid.com\/pt\/wp-json\/wp\/v2\/product_tag?post=8996"}],"curies":[{"name":"wp","href":"https:\/\/api.w.org\/{rel}","templated":true}]}}