{"id":9006,"date":"2023-10-07T12:20:37","date_gmt":"2023-10-07T12:20:37","guid":{"rendered":"https:\/\/iberoid.com\/?post_type=product&#038;p=9006"},"modified":"2025-12-04T17:36:43","modified_gmt":"2025-12-04T17:36:43","slug":"kamagra-oral-jelly-vol-iv","status":"publish","type":"product","link":"https:\/\/iberoid.com\/pt\/product\/kamagra-oral-jelly-vol-iv\/","title":{"rendered":"Kamagra Oral Jelly Vol IV"},"content":{"rendered":"<p>Kamagra Oral Jelly Vol IV, 7 envelopes sabores diferentes<\/p>\n<p><strong>Kamagra Oral Jelly Vol IV<\/strong> \u00e9 um medicamento de prescri\u00e7\u00e3o usado para tratar a disfun\u00e7\u00e3o er\u00e9til (impot\u00eancia) em homens. Funciona aumentando o fluxo sangu\u00edneo para o p\u00eanis. Isso ajuda os homens a obter ou manter uma ere\u00e7\u00e3o. Pertence a um grupo de medicamentos conhecidos como inibidores da fosfodiesterase tipo 5 (PDE 5).<\/p>\n<p><strong>Kamagra Oral Jelly<\/strong>\u00a0pode ser tomado com o est\u00f4mago vazio ou com uma refei\u00e7\u00e3o. Deve ser tomado estritamente conforme recomendado pelo seu m\u00e9dico. Voc\u00ea deve demorar cerca de 1 hora antes de planejar fazer sexo. O tempo que leva para trabalhar varia de pessoa para pessoa, mas normalmente leva entre 30 minutos e 1 hora.<\/p>\n<p>Este medicamento s\u00f3 o ajudar\u00e1 a obter uma ere\u00e7\u00e3o se for estimulado sexualmente. No entanto, voc\u00ea n\u00e3o deve tomar este medicamento se n\u00e3o tiver disfun\u00e7\u00e3o er\u00e9til. N\u00e3o deve ser tomado mais de uma vez por dia.<\/p>\n<p>Os efeitos colaterais mais comuns deste medicamento s\u00e3o rubor (sensa\u00e7\u00e3o de calor), dor de cabe\u00e7a, tontura, vis\u00e3o turva, dor muscular, dor de est\u00f4mago e erup\u00e7\u00e3o na pele. Fale com o seu m\u00e9dico se algum dos efeitos secund\u00e1rios o incomodar ou n\u00e3o desaparecer.<\/p>\n<p><strong>Kamagra Oral Jelly Vol IV<\/strong>\u00a0pode ser perigoso tom\u00e1-lo junto com medicamentos chamados nitratos (geralmente administrados para dor no peito ou angina). N\u00e3o tome este medicamento se tiver problemas card\u00edacos ou hep\u00e1ticos graves, tiver tido recentemente um acidente vascular cerebral ou ataque card\u00edaco ou se tiver press\u00e3o arterial baixa.<\/p>\n<p>Informe o seu m\u00e9dico se voc\u00ea sofre destes ou de quaisquer outros problemas de sa\u00fade antes de tom\u00e1-lo. N\u00e3o deve conduzir se este medicamento lhe causar tonturas. Evite beber \u00e1lcool enquanto estiver a tomar este medicamento, pois aumenta as chances de efeitos colaterais.<\/p>","protected":false},"excerpt":{"rendered":"<p>Kamagra Oral Jelly Vol IV, 7 envelopes sabores diferentes Kamagra Oral Jelly Vol IV \u00e9 um medicamento de prescri\u00e7\u00e3o usado<\/p>\n","protected":false},"featured_media":9008,"comment_status":"open","ping_status":"closed","template":"","meta":[],"product_brand":[],"product_cat":[73],"product_tag":[],"class_list":{"0":"post-9006","1":"product","2":"type-product","3":"status-publish","4":"has-post-thumbnail","6":"product_cat-ssteroides_orales","8":"first","9":"outofstock","10":"shipping-taxable","11":"purchasable","12":"product-type-simple"},"yoast_head":"<!-- This site is optimized with the Yoast SEO Premium plugin v24.4 (Yoast SEO v27.3) - https:\/\/yoast.com\/product\/yoast-seo-premium-wordpress\/ -->\n<title>Kamagra Oral Jelly Vol IV - Ester\u00f3ides Online<\/title>\n<meta name=\"description\" content=\"Kamagra Oral Jelly Vol IV: Geleia aromatizada para disfun\u00e7\u00e3o er\u00e9til (impot\u00eancia) masculina. Inibidor de PDE 5, aumenta o fluxo sangu\u00edneo peniano.\" \/>\n<meta name=\"robots\" content=\"index, follow, max-snippet:-1, max-image-preview:large, max-video-preview:-1\" \/>\n<link rel=\"canonical\" href=\"https:\/\/iberoid.com\/pt\/product\/kamagra-oral-jelly-vol-iv\/\" \/>\n<meta property=\"og:locale\" content=\"pt_PT\" \/>\n<meta property=\"og:type\" content=\"article\" \/>\n<meta property=\"og:title\" content=\"Kamagra Oral Jelly Vol IV\" \/>\n<meta property=\"og:description\" content=\"Kamagra Oral Jelly Vol IV: Geleia aromatizada para disfun\u00e7\u00e3o er\u00e9til (impot\u00eancia) masculina. Inibidor de PDE 5, aumenta o fluxo sangu\u00edneo peniano.\" \/>\n<meta property=\"og:url\" content=\"https:\/\/iberoid.com\/pt\/product\/kamagra-oral-jelly-vol-iv\/\" \/>\n<meta property=\"og:site_name\" content=\"Ester\u00f3ides Online\" \/>\n<meta property=\"article:modified_time\" content=\"2025-12-04T17:36:43+00:00\" \/>\n<meta property=\"og:image\" content=\"https:\/\/iberoid.com\/wp-content\/uploads\/2023\/10\/kamagra-oral-jelly_349.webp\" \/>\n\t<meta property=\"og:image:width\" content=\"600\" \/>\n\t<meta property=\"og:image:height\" content=\"500\" \/>\n\t<meta property=\"og:image:type\" content=\"image\/webp\" \/>\n<meta name=\"twitter:card\" content=\"summary_large_image\" \/>\n<meta name=\"twitter:label1\" content=\"pre\u00e7o\" \/>\n\t<meta name=\"twitter:data1\" content=\"&euro;15.00\" \/>\n\t<meta name=\"twitter:label2\" content=\"Disponibilidade\" \/>\n\t<meta name=\"twitter:data2\" content=\"Esgotado\" \/>\n<script type=\"application\/ld+json\" class=\"yoast-schema-graph\">{\"@context\":\"https:\\\/\\\/schema.org\",\"@graph\":[{\"@type\":\"WebPage\",\"@id\":\"https:\\\/\\\/iberoid.com\\\/pt\\\/product\\\/kamagra-oral-jelly-vol-iv\\\/\",\"url\":\"https:\\\/\\\/iberoid.com\\\/pt\\\/product\\\/kamagra-oral-jelly-vol-iv\\\/\",\"name\":\"Kamagra Oral Jelly Vol IV - Ester\u00f3ides Online\",\"isPartOf\":{\"@id\":\"https:\\\/\\\/iberoid-shop.com\\\/#website\"},\"primaryImageOfPage\":{\"@id\":\"https:\\\/\\\/iberoid.com\\\/pt\\\/product\\\/kamagra-oral-jelly-vol-iv\\\/#primaryimage\"},\"image\":{\"@id\":\"https:\\\/\\\/iberoid.com\\\/pt\\\/product\\\/kamagra-oral-jelly-vol-iv\\\/#primaryimage\"},\"thumbnailUrl\":\"https:\\\/\\\/iberoid.com\\\/wp-content\\\/uploads\\\/2023\\\/10\\\/kamagra-oral-jelly_349.webp\",\"datePublished\":\"2023-10-07T12:20:37+00:00\",\"dateModified\":\"2025-12-04T17:36:43+00:00\",\"description\":\"Kamagra Oral Jelly Vol IV: Geleia aromatizada para disfun\u00e7\u00e3o er\u00e9til (impot\u00eancia) masculina. Inibidor de PDE 5, aumenta o fluxo sangu\u00edneo peniano.\",\"breadcrumb\":{\"@id\":\"https:\\\/\\\/iberoid.com\\\/pt\\\/product\\\/kamagra-oral-jelly-vol-iv\\\/#breadcrumb\"},\"inLanguage\":\"pt-PT\",\"potentialAction\":[{\"@type\":\"ReadAction\",\"target\":[[\"https:\\\/\\\/iberoid.com\\\/pt\\\/product\\\/kamagra-oral-jelly-vol-iv\\\/\"]]}]},{\"@type\":\"ImageObject\",\"inLanguage\":\"pt-PT\",\"@id\":\"https:\\\/\\\/iberoid.com\\\/pt\\\/product\\\/kamagra-oral-jelly-vol-iv\\\/#primaryimage\",\"url\":\"https:\\\/\\\/iberoid.com\\\/wp-content\\\/uploads\\\/2023\\\/10\\\/kamagra-oral-jelly_349.webp\",\"contentUrl\":\"https:\\\/\\\/iberoid.com\\\/wp-content\\\/uploads\\\/2023\\\/10\\\/kamagra-oral-jelly_349.webp\",\"width\":600,\"height\":500},{\"@type\":\"BreadcrumbList\",\"@id\":\"https:\\\/\\\/iberoid.com\\\/pt\\\/product\\\/kamagra-oral-jelly-vol-iv\\\/#breadcrumb\",\"itemListElement\":[{\"@type\":\"ListItem\",\"position\":1,\"name\":\"Portada\",\"item\":\"https:\\\/\\\/iberoid.com\\\/pt\\\/\"},{\"@type\":\"ListItem\",\"position\":2,\"name\":\"Loja\",\"item\":\"https:\\\/\\\/iberoid.com\\\/pt\\\/shop\\\/\"},{\"@type\":\"ListItem\",\"position\":3,\"name\":\"Kamagra Oral Jelly Vol IV\"}]},{\"@type\":\"WebSite\",\"@id\":\"https:\\\/\\\/iberoid-shop.com\\\/#website\",\"url\":\"https:\\\/\\\/iberoid-shop.com\\\/\",\"name\":\"Ester\u00f3ides Online\",\"description\":\"Compre ester\u00f3ides online hoje em Espanha e Portugal. Temos o melhor servi\u00e7o ao cliente do setor e produtos da mais alta qualidade\",\"potentialAction\":[{\"@type\":\"SearchAction\",\"target\":{\"@type\":\"EntryPoint\",\"urlTemplate\":\"https:\\\/\\\/iberoid-shop.com\\\/?s={search_term_string}\"},\"query-input\":{\"@type\":\"PropertyValueSpecification\",\"valueRequired\":true,\"valueName\":\"search_term_string\"}}],\"inLanguage\":\"pt-PT\"}]}<\/script>\n<meta property=\"product:brand\" content=\"Ajanta Pharma\" \/>\n<meta property=\"product:price:amount\" content=\"15.00\" \/>\n<meta property=\"product:price:currency\" content=\"EUR\" \/>\n<meta property=\"og:availability\" content=\"out of stock\" \/>\n<meta property=\"product:availability\" content=\"out of stock\" \/>\n<meta property=\"product:condition\" content=\"new\" \/>\n<!-- \/ Yoast SEO Premium plugin. -->","yoast_head_json":{"title":"Kamagra Oral Jelly Vol IV - Ester\u00f3ides Online","description":"Kamagra Oral Jelly Vol IV: Geleia aromatizada para disfun\u00e7\u00e3o er\u00e9til (impot\u00eancia) masculina. Inibidor de PDE 5, aumenta o fluxo sangu\u00edneo peniano.","robots":{"index":"index","follow":"follow","max-snippet":"max-snippet:-1","max-image-preview":"max-image-preview:large","max-video-preview":"max-video-preview:-1"},"canonical":"https:\/\/iberoid.com\/pt\/product\/kamagra-oral-jelly-vol-iv\/","og_locale":"pt_PT","og_type":"article","og_title":"Kamagra Oral Jelly Vol IV","og_description":"Kamagra Oral Jelly Vol IV: Geleia aromatizada para disfun\u00e7\u00e3o er\u00e9til (impot\u00eancia) masculina. Inibidor de PDE 5, aumenta o fluxo sangu\u00edneo peniano.","og_url":"https:\/\/iberoid.com\/pt\/product\/kamagra-oral-jelly-vol-iv\/","og_site_name":"Ester\u00f3ides Online","article_modified_time":"2025-12-04T17:36:43+00:00","og_image":[{"width":600,"height":500,"url":"https:\/\/iberoid.com\/wp-content\/uploads\/2023\/10\/kamagra-oral-jelly_349.webp","type":"image\/webp"}],"twitter_card":"summary_large_image","twitter_misc":{"pre\u00e7o":"&euro;15.00","Disponibilidade":"Esgotado"},"schema":{"@context":"https:\/\/schema.org","@graph":[{"@type":"WebPage","@id":"https:\/\/iberoid.com\/pt\/product\/kamagra-oral-jelly-vol-iv\/","url":"https:\/\/iberoid.com\/pt\/product\/kamagra-oral-jelly-vol-iv\/","name":"Kamagra Oral Jelly Vol IV - Ester\u00f3ides Online","isPartOf":{"@id":"https:\/\/iberoid-shop.com\/#website"},"primaryImageOfPage":{"@id":"https:\/\/iberoid.com\/pt\/product\/kamagra-oral-jelly-vol-iv\/#primaryimage"},"image":{"@id":"https:\/\/iberoid.com\/pt\/product\/kamagra-oral-jelly-vol-iv\/#primaryimage"},"thumbnailUrl":"https:\/\/iberoid.com\/wp-content\/uploads\/2023\/10\/kamagra-oral-jelly_349.webp","datePublished":"2023-10-07T12:20:37+00:00","dateModified":"2025-12-04T17:36:43+00:00","description":"Kamagra Oral Jelly Vol IV: Geleia aromatizada para disfun\u00e7\u00e3o er\u00e9til (impot\u00eancia) masculina. Inibidor de PDE 5, aumenta o fluxo sangu\u00edneo peniano.","breadcrumb":{"@id":"https:\/\/iberoid.com\/pt\/product\/kamagra-oral-jelly-vol-iv\/#breadcrumb"},"inLanguage":"pt-PT","potentialAction":[{"@type":"ReadAction","target":[["https:\/\/iberoid.com\/pt\/product\/kamagra-oral-jelly-vol-iv\/"]]}]},{"@type":"ImageObject","inLanguage":"pt-PT","@id":"https:\/\/iberoid.com\/pt\/product\/kamagra-oral-jelly-vol-iv\/#primaryimage","url":"https:\/\/iberoid.com\/wp-content\/uploads\/2023\/10\/kamagra-oral-jelly_349.webp","contentUrl":"https:\/\/iberoid.com\/wp-content\/uploads\/2023\/10\/kamagra-oral-jelly_349.webp","width":600,"height":500},{"@type":"BreadcrumbList","@id":"https:\/\/iberoid.com\/pt\/product\/kamagra-oral-jelly-vol-iv\/#breadcrumb","itemListElement":[{"@type":"ListItem","position":1,"name":"Portada","item":"https:\/\/iberoid.com\/pt\/"},{"@type":"ListItem","position":2,"name":"Loja","item":"https:\/\/iberoid.com\/pt\/shop\/"},{"@type":"ListItem","position":3,"name":"Kamagra Oral Jelly Vol IV"}]},{"@type":"WebSite","@id":"https:\/\/iberoid-shop.com\/#website","url":"https:\/\/iberoid-shop.com\/","name":"Ester\u00f3ides Online","description":"Compre ester\u00f3ides online hoje em Espanha e Portugal. Temos o melhor servi\u00e7o ao cliente do setor e produtos da mais alta qualidade","potentialAction":[{"@type":"SearchAction","target":{"@type":"EntryPoint","urlTemplate":"https:\/\/iberoid-shop.com\/?s={search_term_string}"},"query-input":{"@type":"PropertyValueSpecification","valueRequired":true,"valueName":"search_term_string"}}],"inLanguage":"pt-PT"}]},"product_brand":"Ajanta Pharma","product_price_amount":"15.00","product_price_currency":"EUR","og_availability":"out of stock","product_availability":"out of stock","product_condition":"new"},"_links":{"self":[{"href":"https:\/\/iberoid.com\/pt\/wp-json\/wp\/v2\/product\/9006","targetHints":{"allow":["GET"]}}],"collection":[{"href":"https:\/\/iberoid.com\/pt\/wp-json\/wp\/v2\/product"}],"about":[{"href":"https:\/\/iberoid.com\/pt\/wp-json\/wp\/v2\/types\/product"}],"replies":[{"embeddable":true,"href":"https:\/\/iberoid.com\/pt\/wp-json\/wp\/v2\/comments?post=9006"}],"wp:featuredmedia":[{"embeddable":true,"href":"https:\/\/iberoid.com\/pt\/wp-json\/wp\/v2\/media\/9008"}],"wp:attachment":[{"href":"https:\/\/iberoid.com\/pt\/wp-json\/wp\/v2\/media?parent=9006"}],"wp:term":[{"taxonomy":"product_brand","embeddable":true,"href":"https:\/\/iberoid.com\/pt\/wp-json\/wp\/v2\/product_brand?post=9006"},{"taxonomy":"product_cat","embeddable":true,"href":"https:\/\/iberoid.com\/pt\/wp-json\/wp\/v2\/product_cat?post=9006"},{"taxonomy":"product_tag","embeddable":true,"href":"https:\/\/iberoid.com\/pt\/wp-json\/wp\/v2\/product_tag?post=9006"}],"curies":[{"name":"wp","href":"https:\/\/api.w.org\/{rel}","templated":true}]}}