{"id":9167,"date":"2024-01-25T21:44:46","date_gmt":"2024-01-25T21:44:46","guid":{"rendered":"https:\/\/iberoid.com\/?post_type=product&#038;p=9167"},"modified":"2026-03-30T00:29:23","modified_gmt":"2026-03-30T00:29:23","slug":"pack3-trenbolone-enanthate","status":"publish","type":"product","link":"https:\/\/iberoid.com\/pt\/product\/pack3-trenbolone-enanthate\/","title":{"rendered":"PACK 3 TRENBOLONE ENANTHATE"},"content":{"rendered":"<p>PACK 3 TRENBOLONE ENANTATO EPF PREMIUM.<\/p>\n<p><strong>Trembolona Enantato<\/strong> \u00e9 um poderoso medicamento farmacol\u00f3gico esportivo sem aromatiza\u00e7\u00e3o. O principal ingrediente ativo \u00e9 o \u00e9ster ester\u00f3ide enantato de trembolona. A droga \u00e9 amplamente procurada na \u00e1rea de muscula\u00e7\u00e3o. Atletas profissionais recomendam comprar o frasco de enantato de trembolona Magnus Enantato de trembolona 10 ml (200 mg \/ 1 ml) em Almaty para um curso de corte e ganho de peso.<\/p>\n<p><strong>Descri\u00e7\u00e3o<\/strong><\/p>\n<p>A trembolona \u00e9 um ester\u00f3ide de alta qualidade com alta atividade anab\u00f3lica. \u00c9 semelhante em poder \u00e0 testosterona, mas n\u00e3o tem tend\u00eancia a aromatizar. O atleta n\u00e3o estar\u00e1 sujeito a efeitos colaterais como convers\u00e3o de testosterona em estrog\u00eanio ou ginecomastia. A subst\u00e2ncia tamb\u00e9m n\u00e3o \u00e9 t\u00f3xica para o f\u00edgado ou os rins. \u00c9 encontrado no mercado em tr\u00eas formas de \u00e9ter: carbonato de hexahidrobenzila, acetato e enantato. A dura\u00e7\u00e3o da a\u00e7\u00e3o depende do tipo de cadeia \u00e9ster, mas o efeito de cada uma \u00e9 semelhante, j\u00e1 que a trembolona \u00e9 separada do \u00e9ster no corpo.<\/p>\n<p>O enantato de trembolona \u00e9 a segunda forma de \u00e9ster de maior dura\u00e7\u00e3o. O per\u00edodo de a\u00e7\u00e3o da subst\u00e2ncia no organismo leva de 7 a 10 dias. Basta que um atleta injete a droga 1 a 2 vezes por semana para manter sua concentra\u00e7\u00e3o em n\u00edveis constantemente elevados. As propriedades farmacol\u00f3gicas do hexahidrobenzilcarbonato s\u00e3o semelhantes \u00e0s da trembolona.<\/p>\n<p>Os medicamentos \u00e0 base de trembolona s\u00e3o muito procurados na ind\u00fastria esportiva. Eles s\u00e3o usados ativamente para corte e ganho de peso. A subst\u00e2ncia provoca um aumento ativo da massa muscular, for\u00e7a, resist\u00eancia, ao mesmo tempo que proporciona uma secagem de alta qualidade da massa j\u00e1 adquirida, aumentando o seu relevo e densidade.<\/p>\n<p>Trembolona Enantato \u00e9 fabricado pela popular empresa farmac\u00eautica Magnus. Este \u00e9 um fabricante indiano que produz ester\u00f3ides \u00e0 base de trembolona em todo o mundo na forma injet\u00e1vel em um frasco de 10 ml. A concentra\u00e7\u00e3o da subst\u00e2ncia por 1 ml \u00e9 de 200 mg.<\/p>\n<p><strong>Efeito do uso<\/strong><\/p>\n<p>A chave para um efeito de alta qualidade sem interfer\u00eancia negativa \u00e9 um curso devidamente selecionado. Inicialmente, voc\u00ea precisa passar por uma consulta e exame com um m\u00e9dico. Verifique seu corpo quanto a compatibilidade e contra-indica\u00e7\u00f5es. Depois disso, o especialista seleciona um curso individual.<\/p>\n<p>\u00b7 Aumento da for\u00e7a e resist\u00eancia f\u00edsica;<\/p>\n<p>\u00b7 Crescimento muscular ativo;<\/p>\n<p>\u00b7 Redu\u00e7\u00e3o da gordura corporal;<\/p>\n<p>\u00b7 Remo\u00e7\u00e3o de cortisol;<\/p>\n<p>\u00b7 Aumento da libido;<\/p>\n<p>\u00b7 Al\u00edvio e densidade muscular;<\/p>\n<p>\u00b7 Aumento das concentra\u00e7\u00f5es de fator de crescimento semelhante \u00e0 insulina e horm\u00f4nio do crescimento.<\/p>\n<p><strong>Efeitos colaterais<\/strong><\/p>\n<p>A droga tende a apresentar efeitos colaterais menores quando sobredosada. Neste caso, recomenda-se reduzir a dose ou parar de tom\u00e1-la.<\/p>\n<p>\u00b7 Calv\u00edcie;<\/p>\n<p>\u00b7 Crescimento capilar de padr\u00e3o masculino;<\/p>\n<p>\u00b7 Acne;<\/p>\n<p>\u00b7 Pele oleosa;<\/p>\n<p>\u00b7 Problemas de sono;<\/p>\n<p>\u00b7 Aumento da press\u00e3o arterial;<\/p>\n<p>\u00b7 Agress\u00e3o.<\/p>\n<p>Aplicativo<\/p>\n<p>A dura\u00e7\u00e3o do curso \u00e9 de no m\u00ednimo 4 semanas. Se o curso durar mais de 6 semanas, \u00e9 acompanhado pela ingest\u00e3o de gonadotrofina. A dosagem ideal do medicamento \u00e9 de 200-300 mg por semana. \u00c9 obrigat\u00f3rio fazer PCT ap\u00f3s terminar o curso de ester\u00f3ides.<\/p>\n<p>&nbsp;<\/p>","protected":false},"excerpt":{"rendered":"<p>PACK 3 TRENBOLONE ENANTATO EPF PREMIUM. Trembolona Enantato \u00e9 um poderoso medicamento farmacol\u00f3gico esportivo sem aromatiza\u00e7\u00e3o. O principal ingrediente ativo<\/p>\n","protected":false},"featured_media":8860,"comment_status":"open","ping_status":"closed","template":"","meta":[],"product_brand":[],"product_cat":[3474],"product_tag":[],"class_list":{"0":"post-9167","1":"product","2":"type-product","3":"status-publish","4":"has-post-thumbnail","6":"product_cat-packs","8":"first","9":"instock","10":"sale","11":"shipping-taxable","12":"purchasable","13":"product-type-simple"},"yoast_head":"<!-- This site is optimized with the Yoast SEO Premium plugin v24.4 (Yoast SEO v27.3) - https:\/\/yoast.com\/product\/yoast-seo-premium-wordpress\/ -->\n<title>PACK 3 TRENBOLONE ENANTHATE - Ester\u00f3ides Online<\/title>\n<meta name=\"description\" content=\"PACK 3 Enantato de Trenbolona \u00e9 um potente anab\u00f3lico para crescimento muscular, for\u00e7a e defini\u00e7\u00e3o, sem aromatiza\u00e7\u00e3o e com efeitos duradouros.\" \/>\n<meta name=\"robots\" content=\"index, follow, max-snippet:-1, max-image-preview:large, max-video-preview:-1\" \/>\n<link rel=\"canonical\" href=\"https:\/\/iberoid.com\/pt\/product\/pack3-trenbolone-enanthate\/\" \/>\n<meta property=\"og:locale\" content=\"pt_PT\" \/>\n<meta property=\"og:type\" content=\"article\" \/>\n<meta property=\"og:title\" content=\"PACK 3 TRENBOLONE ENANTHATE\" \/>\n<meta property=\"og:description\" content=\"PACK 3 Enantato de Trenbolona \u00e9 um potente anab\u00f3lico para crescimento muscular, for\u00e7a e defini\u00e7\u00e3o, sem aromatiza\u00e7\u00e3o e com efeitos duradouros.\" \/>\n<meta property=\"og:url\" content=\"https:\/\/iberoid.com\/pt\/product\/pack3-trenbolone-enanthate\/\" \/>\n<meta property=\"og:site_name\" content=\"Ester\u00f3ides Online\" \/>\n<meta property=\"article:modified_time\" content=\"2026-03-30T00:29:23+00:00\" \/>\n<meta property=\"og:image\" content=\"https:\/\/iberoid.com\/wp-content\/uploads\/2023\/08\/trr.jpg?v=1693484142\" \/>\n\t<meta property=\"og:image:width\" content=\"720\" \/>\n\t<meta property=\"og:image:height\" content=\"1280\" \/>\n\t<meta property=\"og:image:type\" content=\"image\/jpeg\" \/>\n<meta name=\"twitter:card\" content=\"summary_large_image\" \/>\n<meta name=\"twitter:label1\" content=\"pre\u00e7o\" \/>\n\t<meta name=\"twitter:data1\" content=\"&euro;130.00\" \/>\n\t<meta name=\"twitter:label2\" content=\"Disponibilidade\" \/>\n\t<meta name=\"twitter:data2\" content=\"Em stock\" \/>\n<script type=\"application\/ld+json\" class=\"yoast-schema-graph\">{\"@context\":\"https:\\\/\\\/schema.org\",\"@graph\":[{\"@type\":\"WebPage\",\"@id\":\"https:\\\/\\\/iberoid.com\\\/pt\\\/product\\\/pack3-trenbolone-enanthate\\\/\",\"url\":\"https:\\\/\\\/iberoid.com\\\/pt\\\/product\\\/pack3-trenbolone-enanthate\\\/\",\"name\":\"PACK 3 TRENBOLONE ENANTHATE - Ester\u00f3ides Online\",\"isPartOf\":{\"@id\":\"https:\\\/\\\/iberoid.com\\\/pt\\\/#website\"},\"primaryImageOfPage\":{\"@id\":\"https:\\\/\\\/iberoid.com\\\/pt\\\/product\\\/pack3-trenbolone-enanthate\\\/#primaryimage\"},\"image\":{\"@id\":\"https:\\\/\\\/iberoid.com\\\/pt\\\/product\\\/pack3-trenbolone-enanthate\\\/#primaryimage\"},\"thumbnailUrl\":\"https:\\\/\\\/iberoid.com\\\/wp-content\\\/uploads\\\/2023\\\/08\\\/trr.jpg?v=1693484142\",\"datePublished\":\"2024-01-25T21:44:46+00:00\",\"dateModified\":\"2026-03-30T00:29:23+00:00\",\"description\":\"PACK 3 Enantato de Trenbolona \u00e9 um potente anab\u00f3lico para crescimento muscular, for\u00e7a e defini\u00e7\u00e3o, sem aromatiza\u00e7\u00e3o e com efeitos duradouros.\",\"breadcrumb\":{\"@id\":\"https:\\\/\\\/iberoid.com\\\/pt\\\/product\\\/pack3-trenbolone-enanthate\\\/#breadcrumb\"},\"inLanguage\":\"pt-PT\",\"potentialAction\":[{\"@type\":\"ReadAction\",\"target\":[[\"https:\\\/\\\/iberoid.com\\\/pt\\\/product\\\/pack3-trenbolone-enanthate\\\/\"]]}]},{\"@type\":\"ImageObject\",\"inLanguage\":\"pt-PT\",\"@id\":\"https:\\\/\\\/iberoid.com\\\/pt\\\/product\\\/pack3-trenbolone-enanthate\\\/#primaryimage\",\"url\":\"https:\\\/\\\/iberoid.com\\\/wp-content\\\/uploads\\\/2023\\\/08\\\/trr.jpg?v=1693484142\",\"contentUrl\":\"https:\\\/\\\/iberoid.com\\\/wp-content\\\/uploads\\\/2023\\\/08\\\/trr.jpg?v=1693484142\",\"width\":720,\"height\":1280},{\"@type\":\"BreadcrumbList\",\"@id\":\"https:\\\/\\\/iberoid.com\\\/pt\\\/product\\\/pack3-trenbolone-enanthate\\\/#breadcrumb\",\"itemListElement\":[{\"@type\":\"ListItem\",\"position\":1,\"name\":\"Portada\",\"item\":\"https:\\\/\\\/iberoid.com\\\/pt\\\/\"},{\"@type\":\"ListItem\",\"position\":2,\"name\":\"Loja\",\"item\":\"https:\\\/\\\/iberoid.com\\\/pt\\\/shop\\\/\"},{\"@type\":\"ListItem\",\"position\":3,\"name\":\"PACK 3 TRENBOLONE ENANTHATE\"}]},{\"@type\":\"WebSite\",\"@id\":\"https:\\\/\\\/iberoid.com\\\/pt\\\/#website\",\"url\":\"https:\\\/\\\/iberoid.com\\\/pt\\\/\",\"name\":\"Ester\u00f3ides Online\",\"description\":\"Compre ester\u00f3ides online hoje em Espanha e Portugal. Temos o melhor servi\u00e7o ao cliente do setor e produtos da mais alta qualidade\",\"potentialAction\":[{\"@type\":\"SearchAction\",\"target\":{\"@type\":\"EntryPoint\",\"urlTemplate\":\"https:\\\/\\\/iberoid.com\\\/pt\\\/?s={search_term_string}\"},\"query-input\":{\"@type\":\"PropertyValueSpecification\",\"valueRequired\":true,\"valueName\":\"search_term_string\"}}],\"inLanguage\":\"pt-PT\"}]}<\/script>\n<meta property=\"product:brand\" content=\"Euro Prime Pharmaceuticals (EPF)\" \/>\n<meta property=\"product:price:amount\" content=\"130.00\" \/>\n<meta property=\"product:price:currency\" content=\"EUR\" \/>\n<meta property=\"og:availability\" content=\"instock\" \/>\n<meta property=\"product:availability\" content=\"instock\" \/>\n<meta property=\"product:condition\" content=\"new\" \/>\n<!-- \/ Yoast SEO Premium plugin. -->","yoast_head_json":{"title":"PACK 3 TRENBOLONE ENANTHATE - Ester\u00f3ides Online","description":"PACK 3 Enantato de Trenbolona \u00e9 um potente anab\u00f3lico para crescimento muscular, for\u00e7a e defini\u00e7\u00e3o, sem aromatiza\u00e7\u00e3o e com efeitos duradouros.","robots":{"index":"index","follow":"follow","max-snippet":"max-snippet:-1","max-image-preview":"max-image-preview:large","max-video-preview":"max-video-preview:-1"},"canonical":"https:\/\/iberoid.com\/pt\/product\/pack3-trenbolone-enanthate\/","og_locale":"pt_PT","og_type":"article","og_title":"PACK 3 TRENBOLONE ENANTHATE","og_description":"PACK 3 Enantato de Trenbolona \u00e9 um potente anab\u00f3lico para crescimento muscular, for\u00e7a e defini\u00e7\u00e3o, sem aromatiza\u00e7\u00e3o e com efeitos duradouros.","og_url":"https:\/\/iberoid.com\/pt\/product\/pack3-trenbolone-enanthate\/","og_site_name":"Ester\u00f3ides Online","article_modified_time":"2026-03-30T00:29:23+00:00","og_image":[{"width":720,"height":1280,"url":"https:\/\/iberoid.com\/wp-content\/uploads\/2023\/08\/trr.jpg?v=1693484142","type":"image\/jpeg"}],"twitter_card":"summary_large_image","twitter_misc":{"pre\u00e7o":"&euro;130.00","Disponibilidade":"Em stock"},"schema":{"@context":"https:\/\/schema.org","@graph":[{"@type":"WebPage","@id":"https:\/\/iberoid.com\/pt\/product\/pack3-trenbolone-enanthate\/","url":"https:\/\/iberoid.com\/pt\/product\/pack3-trenbolone-enanthate\/","name":"PACK 3 TRENBOLONE ENANTHATE - Ester\u00f3ides Online","isPartOf":{"@id":"https:\/\/iberoid.com\/pt\/#website"},"primaryImageOfPage":{"@id":"https:\/\/iberoid.com\/pt\/product\/pack3-trenbolone-enanthate\/#primaryimage"},"image":{"@id":"https:\/\/iberoid.com\/pt\/product\/pack3-trenbolone-enanthate\/#primaryimage"},"thumbnailUrl":"https:\/\/iberoid.com\/wp-content\/uploads\/2023\/08\/trr.jpg?v=1693484142","datePublished":"2024-01-25T21:44:46+00:00","dateModified":"2026-03-30T00:29:23+00:00","description":"PACK 3 Enantato de Trenbolona \u00e9 um potente anab\u00f3lico para crescimento muscular, for\u00e7a e defini\u00e7\u00e3o, sem aromatiza\u00e7\u00e3o e com efeitos duradouros.","breadcrumb":{"@id":"https:\/\/iberoid.com\/pt\/product\/pack3-trenbolone-enanthate\/#breadcrumb"},"inLanguage":"pt-PT","potentialAction":[{"@type":"ReadAction","target":[["https:\/\/iberoid.com\/pt\/product\/pack3-trenbolone-enanthate\/"]]}]},{"@type":"ImageObject","inLanguage":"pt-PT","@id":"https:\/\/iberoid.com\/pt\/product\/pack3-trenbolone-enanthate\/#primaryimage","url":"https:\/\/iberoid.com\/wp-content\/uploads\/2023\/08\/trr.jpg?v=1693484142","contentUrl":"https:\/\/iberoid.com\/wp-content\/uploads\/2023\/08\/trr.jpg?v=1693484142","width":720,"height":1280},{"@type":"BreadcrumbList","@id":"https:\/\/iberoid.com\/pt\/product\/pack3-trenbolone-enanthate\/#breadcrumb","itemListElement":[{"@type":"ListItem","position":1,"name":"Portada","item":"https:\/\/iberoid.com\/pt\/"},{"@type":"ListItem","position":2,"name":"Loja","item":"https:\/\/iberoid.com\/pt\/shop\/"},{"@type":"ListItem","position":3,"name":"PACK 3 TRENBOLONE ENANTHATE"}]},{"@type":"WebSite","@id":"https:\/\/iberoid.com\/pt\/#website","url":"https:\/\/iberoid.com\/pt\/","name":"Ester\u00f3ides Online","description":"Compre ester\u00f3ides online hoje em Espanha e Portugal. Temos o melhor servi\u00e7o ao cliente do setor e produtos da mais alta qualidade","potentialAction":[{"@type":"SearchAction","target":{"@type":"EntryPoint","urlTemplate":"https:\/\/iberoid.com\/pt\/?s={search_term_string}"},"query-input":{"@type":"PropertyValueSpecification","valueRequired":true,"valueName":"search_term_string"}}],"inLanguage":"pt-PT"}]},"product_brand":"Euro Prime Pharmaceuticals (EPF)","product_price_amount":"130.00","product_price_currency":"EUR","og_availability":"instock","product_availability":"instock","product_condition":"new"},"_links":{"self":[{"href":"https:\/\/iberoid.com\/pt\/wp-json\/wp\/v2\/product\/9167","targetHints":{"allow":["GET"]}}],"collection":[{"href":"https:\/\/iberoid.com\/pt\/wp-json\/wp\/v2\/product"}],"about":[{"href":"https:\/\/iberoid.com\/pt\/wp-json\/wp\/v2\/types\/product"}],"replies":[{"embeddable":true,"href":"https:\/\/iberoid.com\/pt\/wp-json\/wp\/v2\/comments?post=9167"}],"wp:featuredmedia":[{"embeddable":true,"href":"https:\/\/iberoid.com\/pt\/wp-json\/wp\/v2\/media\/8860"}],"wp:attachment":[{"href":"https:\/\/iberoid.com\/pt\/wp-json\/wp\/v2\/media?parent=9167"}],"wp:term":[{"taxonomy":"product_brand","embeddable":true,"href":"https:\/\/iberoid.com\/pt\/wp-json\/wp\/v2\/product_brand?post=9167"},{"taxonomy":"product_cat","embeddable":true,"href":"https:\/\/iberoid.com\/pt\/wp-json\/wp\/v2\/product_cat?post=9167"},{"taxonomy":"product_tag","embeddable":true,"href":"https:\/\/iberoid.com\/pt\/wp-json\/wp\/v2\/product_tag?post=9167"}],"curies":[{"name":"wp","href":"https:\/\/api.w.org\/{rel}","templated":true}]}}