{"id":9250,"date":"2024-03-03T19:12:28","date_gmt":"2024-03-03T19:12:28","guid":{"rendered":"https:\/\/iberoid.com\/?post_type=product&#038;p=9250"},"modified":"2024-03-25T19:51:56","modified_gmt":"2024-03-25T19:51:56","slug":"testoged-c-testosteron-cypionat-buy-online-best-price","status":"publish","type":"product","link":"https:\/\/iberoid.com\/pt\/product\/testoged-c-testosteron-cypionat-buy-online-best-price\/","title":{"rendered":"Testoged C \/ (Testosteron cypionat)"},"content":{"rendered":"<p>Testoged C \/ (Testosteron cypionat) do fabricante chin\u00eas de produtos farmac\u00eauticos esportivos Golden Dragon \u00e9 um ester\u00f3ide com atividade anab\u00f3lica pronunciada e androg\u00eanica moderada. O principal ingrediente ativo \u00e9 o cipionato de testosterona, que tem um longo per\u00edodo de degrada\u00e7\u00e3o. Dispon\u00edvel na forma de l\u00edquido injet\u00e1vel.<\/p>\n<p>Devido \u00e0s peculiaridades da f\u00f3rmula qu\u00edmica do cipionato de testosterona, seu efeito dura pelo menos duas semanas. Isso permite reduzir o n\u00famero de inje\u00e7\u00f5es, o que torna seu uso muito conveniente.<\/p>\n<p>Uma caracter\u00edstica especial do Testoged-C de Golden Dragon \u00e9 a capacidade do seu principal ingrediente ativo de estimular qualidades emocionais (motiva\u00e7\u00e3o, agressividade) juntamente com as f\u00edsicas (for\u00e7a, resist\u00eancia, velocidade). Entre as desvantagens, os atletas destacam a capacidade de aromatizar, que, se utilizada de forma descontrolada, leva a rea\u00e7\u00f5es adversas.<\/p>\n<p><strong>Efeitos do Testoged C Golden Dragon<\/strong><\/p>\n<ul>\n<li>aumento efetivo do volume muscular com belos relevos;<\/li>\n<li>aumento do apetite para melhor fornecer nutrientes ao corpo;<\/li>\n<li>aumento da libido durante o curso;<\/li>\n<li>fortalecimento de ossos e elementos do aparelho ligamento-articular;<\/li>\n<li>aumentando os indicadores de for\u00e7a, resist\u00eancia, motiva\u00e7\u00e3o, agressividade.<\/li>\n<\/ul>\n<p>Em alguns casos, tomar um ester\u00f3ide pode causar v\u00e1rias rea\u00e7\u00f5es adversas.<\/p>","protected":false},"excerpt":{"rendered":"<p>Testoged C \/ (Testosteron cypionat) do fabricante chin\u00eas de produtos farmac\u00eauticos esportivos Golden Dragon \u00e9 um ester\u00f3ide com atividade anab\u00f3lica<\/p>\n","protected":false},"featured_media":9252,"comment_status":"open","ping_status":"closed","template":"","meta":[],"product_brand":[],"product_cat":[69],"product_tag":[],"class_list":{"0":"post-9250","1":"product","2":"type-product","3":"status-publish","4":"has-post-thumbnail","6":"product_cat-esteroides_inyectables","8":"first","9":"outofstock","10":"sale","11":"featured","12":"shipping-taxable","13":"purchasable","14":"product-type-simple"},"yoast_head":"<!-- This site is optimized with the Yoast SEO Premium plugin v24.4 (Yoast SEO v27.0) - https:\/\/yoast.com\/product\/yoast-seo-premium-wordpress\/ -->\n<title>Testoged C \/ (Testosteron cypionat) - Ester\u00f3ides Online<\/title>\n<meta name=\"description\" content=\"Testoged C is a steroid with pronounced anabolic and moderate androgenic activity. The main active ingredient is testosterone cypionate...\" \/>\n<meta name=\"robots\" content=\"index, follow, max-snippet:-1, max-image-preview:large, max-video-preview:-1\" \/>\n<link rel=\"canonical\" href=\"https:\/\/iberoid.com\/pt\/product\/testoged-c-testosteron-cypionat-buy-online-best-price\/\" \/>\n<meta property=\"og:locale\" content=\"pt_PT\" \/>\n<meta property=\"og:type\" content=\"article\" \/>\n<meta property=\"og:title\" content=\"Testoged C \/ (Testosteron cypionat)\" \/>\n<meta property=\"og:description\" content=\"Testoged C is a steroid with pronounced anabolic and moderate androgenic activity. The main active ingredient is testosterone cypionate...\" \/>\n<meta property=\"og:url\" content=\"https:\/\/iberoid.com\/pt\/product\/testoged-c-testosteron-cypionat-buy-online-best-price\/\" \/>\n<meta property=\"og:site_name\" content=\"Ester\u00f3ides Online\" \/>\n<meta property=\"article:modified_time\" content=\"2024-03-25T19:51:56+00:00\" \/>\n<meta property=\"og:image\" content=\"https:\/\/iberoid.com\/wp-content\/uploads\/2024\/03\/TESTOGED-C-golden-dragon.jpg?v=1709493080\" \/>\n\t<meta property=\"og:image:width\" content=\"500\" \/>\n\t<meta property=\"og:image:height\" content=\"500\" \/>\n\t<meta property=\"og:image:type\" content=\"image\/jpeg\" \/>\n<meta name=\"twitter:card\" content=\"summary_large_image\" \/>\n<meta name=\"twitter:label1\" content=\"pre\u00e7o\" \/>\n\t<meta name=\"twitter:data1\" content=\"&euro;35.00\" \/>\n\t<meta name=\"twitter:label2\" content=\"Disponibilidade\" \/>\n\t<meta name=\"twitter:data2\" content=\"Esgotado\" \/>\n<script type=\"application\/ld+json\" class=\"yoast-schema-graph\">{\"@context\":\"https:\/\/schema.org\",\"@graph\":[{\"@type\":\"WebPage\",\"@id\":\"https:\/\/iberoid.com\/pt\/product\/testoged-c-testosteron-cypionat-buy-online-best-price\/\",\"url\":\"https:\/\/iberoid.com\/pt\/product\/testoged-c-testosteron-cypionat-buy-online-best-price\/\",\"name\":\"Testoged C \/ (Testosteron cypionat) - Ester\u00f3ides Online\",\"isPartOf\":{\"@id\":\"https:\/\/iberoid.com\/pt\/#website\"},\"primaryImageOfPage\":{\"@id\":\"https:\/\/iberoid.com\/pt\/product\/testoged-c-testosteron-cypionat-buy-online-best-price\/#primaryimage\"},\"image\":{\"@id\":\"https:\/\/iberoid.com\/pt\/product\/testoged-c-testosteron-cypionat-buy-online-best-price\/#primaryimage\"},\"thumbnailUrl\":\"https:\/\/iberoid.com\/wp-content\/uploads\/2024\/03\/TESTOGED-C-golden-dragon.jpg?v=1709493080\",\"datePublished\":\"2024-03-03T19:12:28+00:00\",\"dateModified\":\"2024-03-25T19:51:56+00:00\",\"description\":\"Testoged C is a steroid with pronounced anabolic and moderate androgenic activity. The main active ingredient is testosterone cypionate...\",\"breadcrumb\":{\"@id\":\"https:\/\/iberoid.com\/pt\/product\/testoged-c-testosteron-cypionat-buy-online-best-price\/#breadcrumb\"},\"inLanguage\":\"pt-PT\",\"potentialAction\":[{\"@type\":\"ReadAction\",\"target\":[[\"https:\/\/iberoid.com\/pt\/product\/testoged-c-testosteron-cypionat-buy-online-best-price\/\"]]}]},{\"@type\":\"ImageObject\",\"inLanguage\":\"pt-PT\",\"@id\":\"https:\/\/iberoid.com\/pt\/product\/testoged-c-testosteron-cypionat-buy-online-best-price\/#primaryimage\",\"url\":\"https:\/\/iberoid.com\/wp-content\/uploads\/2024\/03\/TESTOGED-C-golden-dragon.jpg?v=1709493080\",\"contentUrl\":\"https:\/\/iberoid.com\/wp-content\/uploads\/2024\/03\/TESTOGED-C-golden-dragon.jpg?v=1709493080\",\"width\":500,\"height\":500,\"caption\":\"Testoged C \/ Testosteron cypionat steroids\"},{\"@type\":\"BreadcrumbList\",\"@id\":\"https:\/\/iberoid.com\/pt\/product\/testoged-c-testosteron-cypionat-buy-online-best-price\/#breadcrumb\",\"itemListElement\":[{\"@type\":\"ListItem\",\"position\":1,\"name\":\"Portada\",\"item\":\"https:\/\/iberoid.com\/pt\/\"},{\"@type\":\"ListItem\",\"position\":2,\"name\":\"Loja\",\"item\":\"https:\/\/iberoid.com\/pt\/shop\/\"},{\"@type\":\"ListItem\",\"position\":3,\"name\":\"Testoged C \/ (Testosteron cypionat)\"}]},{\"@type\":\"WebSite\",\"@id\":\"https:\/\/iberoid.com\/pt\/#website\",\"url\":\"https:\/\/iberoid.com\/pt\/\",\"name\":\"Ester\u00f3ides Online\",\"description\":\"Compre ester\u00f3ides online hoje em Espanha e Portugal. Temos o melhor servi\u00e7o ao cliente do setor e produtos da mais alta qualidade\",\"potentialAction\":[{\"@type\":\"SearchAction\",\"target\":{\"@type\":\"EntryPoint\",\"urlTemplate\":\"https:\/\/iberoid.com\/pt\/?s={search_term_string}\"},\"query-input\":{\"@type\":\"PropertyValueSpecification\",\"valueRequired\":true,\"valueName\":\"search_term_string\"}}],\"inLanguage\":\"pt-PT\"}]}<\/script>\n<meta property=\"product:brand\" content=\"Golden Dragon\" \/>\n<meta property=\"product:price:amount\" content=\"35.00\" \/>\n<meta property=\"product:price:currency\" content=\"EUR\" \/>\n<meta property=\"og:availability\" content=\"out of stock\" \/>\n<meta property=\"product:availability\" content=\"out of stock\" \/>\n<meta property=\"product:condition\" content=\"new\" \/>\n<!-- \/ Yoast SEO Premium plugin. -->","yoast_head_json":{"title":"Testoged C \/ (Testosteron cypionat) - Ester\u00f3ides Online","description":"Testoged C is a steroid with pronounced anabolic and moderate androgenic activity. The main active ingredient is testosterone cypionate...","robots":{"index":"index","follow":"follow","max-snippet":"max-snippet:-1","max-image-preview":"max-image-preview:large","max-video-preview":"max-video-preview:-1"},"canonical":"https:\/\/iberoid.com\/pt\/product\/testoged-c-testosteron-cypionat-buy-online-best-price\/","og_locale":"pt_PT","og_type":"article","og_title":"Testoged C \/ (Testosteron cypionat)","og_description":"Testoged C is a steroid with pronounced anabolic and moderate androgenic activity. The main active ingredient is testosterone cypionate...","og_url":"https:\/\/iberoid.com\/pt\/product\/testoged-c-testosteron-cypionat-buy-online-best-price\/","og_site_name":"Ester\u00f3ides Online","article_modified_time":"2024-03-25T19:51:56+00:00","og_image":[{"width":500,"height":500,"url":"https:\/\/iberoid.com\/wp-content\/uploads\/2024\/03\/TESTOGED-C-golden-dragon.jpg?v=1709493080","type":"image\/jpeg"}],"twitter_card":"summary_large_image","twitter_misc":{"pre\u00e7o":"&euro;35.00","Disponibilidade":"Esgotado"},"schema":{"@context":"https:\/\/schema.org","@graph":[{"@type":"WebPage","@id":"https:\/\/iberoid.com\/pt\/product\/testoged-c-testosteron-cypionat-buy-online-best-price\/","url":"https:\/\/iberoid.com\/pt\/product\/testoged-c-testosteron-cypionat-buy-online-best-price\/","name":"Testoged C \/ (Testosteron cypionat) - Ester\u00f3ides Online","isPartOf":{"@id":"https:\/\/iberoid.com\/pt\/#website"},"primaryImageOfPage":{"@id":"https:\/\/iberoid.com\/pt\/product\/testoged-c-testosteron-cypionat-buy-online-best-price\/#primaryimage"},"image":{"@id":"https:\/\/iberoid.com\/pt\/product\/testoged-c-testosteron-cypionat-buy-online-best-price\/#primaryimage"},"thumbnailUrl":"https:\/\/iberoid.com\/wp-content\/uploads\/2024\/03\/TESTOGED-C-golden-dragon.jpg?v=1709493080","datePublished":"2024-03-03T19:12:28+00:00","dateModified":"2024-03-25T19:51:56+00:00","description":"Testoged C is a steroid with pronounced anabolic and moderate androgenic activity. The main active ingredient is testosterone cypionate...","breadcrumb":{"@id":"https:\/\/iberoid.com\/pt\/product\/testoged-c-testosteron-cypionat-buy-online-best-price\/#breadcrumb"},"inLanguage":"pt-PT","potentialAction":[{"@type":"ReadAction","target":[["https:\/\/iberoid.com\/pt\/product\/testoged-c-testosteron-cypionat-buy-online-best-price\/"]]}]},{"@type":"ImageObject","inLanguage":"pt-PT","@id":"https:\/\/iberoid.com\/pt\/product\/testoged-c-testosteron-cypionat-buy-online-best-price\/#primaryimage","url":"https:\/\/iberoid.com\/wp-content\/uploads\/2024\/03\/TESTOGED-C-golden-dragon.jpg?v=1709493080","contentUrl":"https:\/\/iberoid.com\/wp-content\/uploads\/2024\/03\/TESTOGED-C-golden-dragon.jpg?v=1709493080","width":500,"height":500,"caption":"Testoged C \/ Testosteron cypionat steroids"},{"@type":"BreadcrumbList","@id":"https:\/\/iberoid.com\/pt\/product\/testoged-c-testosteron-cypionat-buy-online-best-price\/#breadcrumb","itemListElement":[{"@type":"ListItem","position":1,"name":"Portada","item":"https:\/\/iberoid.com\/pt\/"},{"@type":"ListItem","position":2,"name":"Loja","item":"https:\/\/iberoid.com\/pt\/shop\/"},{"@type":"ListItem","position":3,"name":"Testoged C \/ (Testosteron cypionat)"}]},{"@type":"WebSite","@id":"https:\/\/iberoid.com\/pt\/#website","url":"https:\/\/iberoid.com\/pt\/","name":"Ester\u00f3ides Online","description":"Compre ester\u00f3ides online hoje em Espanha e Portugal. Temos o melhor servi\u00e7o ao cliente do setor e produtos da mais alta qualidade","potentialAction":[{"@type":"SearchAction","target":{"@type":"EntryPoint","urlTemplate":"https:\/\/iberoid.com\/pt\/?s={search_term_string}"},"query-input":{"@type":"PropertyValueSpecification","valueRequired":true,"valueName":"search_term_string"}}],"inLanguage":"pt-PT"}]},"product_brand":"Golden Dragon","product_price_amount":"35.00","product_price_currency":"EUR","og_availability":"out of stock","product_availability":"out of stock","product_condition":"new"},"_links":{"self":[{"href":"https:\/\/iberoid.com\/pt\/wp-json\/wp\/v2\/product\/9250","targetHints":{"allow":["GET"]}}],"collection":[{"href":"https:\/\/iberoid.com\/pt\/wp-json\/wp\/v2\/product"}],"about":[{"href":"https:\/\/iberoid.com\/pt\/wp-json\/wp\/v2\/types\/product"}],"replies":[{"embeddable":true,"href":"https:\/\/iberoid.com\/pt\/wp-json\/wp\/v2\/comments?post=9250"}],"wp:featuredmedia":[{"embeddable":true,"href":"https:\/\/iberoid.com\/pt\/wp-json\/wp\/v2\/media\/9252"}],"wp:attachment":[{"href":"https:\/\/iberoid.com\/pt\/wp-json\/wp\/v2\/media?parent=9250"}],"wp:term":[{"taxonomy":"product_brand","embeddable":true,"href":"https:\/\/iberoid.com\/pt\/wp-json\/wp\/v2\/product_brand?post=9250"},{"taxonomy":"product_cat","embeddable":true,"href":"https:\/\/iberoid.com\/pt\/wp-json\/wp\/v2\/product_cat?post=9250"},{"taxonomy":"product_tag","embeddable":true,"href":"https:\/\/iberoid.com\/pt\/wp-json\/wp\/v2\/product_tag?post=9250"}],"curies":[{"name":"wp","href":"https:\/\/api.w.org\/{rel}","templated":true}]}}