{"id":9266,"date":"2024-03-10T21:38:53","date_gmt":"2024-03-10T21:38:53","guid":{"rendered":"https:\/\/iberoid.com\/?post_type=product&#038;p=9266"},"modified":"2026-04-08T09:05:00","modified_gmt":"2026-04-08T09:05:00","slug":"masteron-enantate-mastoged-e","status":"publish","type":"product","link":"https:\/\/iberoid.com\/pt\/product\/masteron-enantate-mastoged-e\/","title":{"rendered":"MASTERON ENANTATE \/ MASTOGED E"},"content":{"rendered":"<p>MASTERON ENANTATE \/ MASTOGED E \u00e9 provavelmente um dos ester\u00f3ides mais interessantes utilizados pelos atletas. \u00c9 projetado principalmente para o tratamento de pacientes com c\u00e2ncer de mama para inibir a produ\u00e7\u00e3o de estrog\u00eanio. O estrog\u00eanio \u00e9 o horm\u00f4nio secretado pelas mulheres que lhes confere caracter\u00edsticas de g\u00eanero distintas.<\/p>\n<p>Masteron tornou-se um ester\u00f3ide favorito entre atletas e fisiculturistas competitivos. \u00c9 um ester\u00f3ide anabolizante muito popular. MASTERON ENANTATE \/ MASTOGED E \u00e9 um derivado da diidrotestosterona ou DHT, que restringe a convers\u00e3o em estrog\u00eanio atrav\u00e9s da aromatiza\u00e7\u00e3o. Pode ser que sua capacidade de inibir a intera\u00e7\u00e3o do estrog\u00eanio com a enzima aromatase ou bloqueie o receptor que se liga ao estrog\u00eanio que causa esses fen\u00f4menos. Seja qual for o motivo, devido \u00e0s suas propriedades antiestrog\u00eanicas, bloqueia a convers\u00e3o de testosteronas livres em estrog\u00eanio atrav\u00e9s da aromatiza\u00e7\u00e3o. Isso faz do Masteron uma inclus\u00e3o comum em um ciclo anab\u00f3lico elevado. Como os compostos usados em ciclos para obter ganho de massa e for\u00e7a t\u00eam um conte\u00fado de testosterona muito potente, Masteron \u00e9 usado para prevenir a ocorr\u00eancia de efeitos colaterais estrog\u00eanicos.<\/p>\n<p>Efeitos colaterais de MASTERON ENANTATE\/MASTOGED E<\/p>\n<p>Os efeitos colaterais incluem incha\u00e7o ou reten\u00e7\u00e3o de \u00e1gua e ginecomastia. Embora alguns pensem que h\u00e1 baixa<br \/>\naromatiza\u00e7\u00e3o com Masteron ainda tem efeitos colaterais androg\u00eanicos significativos que se deve esperar ao usar<br \/>\neste ester\u00f3ide. Isso pode incluir epis\u00f3dios de pele oleosa, acne e crescimento de pelos corporais\/faciais. Esteroides anab\u00f3licos\/androg\u00eanicos<br \/>\ntamb\u00e9m pode agravar a queda de cabelo de padr\u00e3o masculino. Os esteroides anab\u00f3licos\/androg\u00eanicos podem ter efeitos delet\u00e9rios no soro<br \/>\ncolesterol. Isso inclui uma tend\u00eancia a reduzir os valores de colesterol HDL (bom) e aumentar o colesterol LDL (ruim).<br \/>\nvalores, o que pode alterar o equil\u00edbrio de HDL para LDL em uma dire\u00e7\u00e3o que causa maior risco de arteriosclerose. Poderia<br \/>\ninterromper a produ\u00e7\u00e3o de testosterona, portanto os usu\u00e1rios devem ter cuidado ao usar isso na terapia p\u00f3s-ciclo porque<br \/>\npoderia realmente retardar a recupera\u00e7\u00e3o.<\/p>","protected":false},"excerpt":{"rendered":"<p>MASTERON ENANTATE \/ MASTOGED E \u00e9 provavelmente um dos ester\u00f3ides mais interessantes utilizados pelos atletas. \u00c9 projetado principalmente para o<\/p>\n","protected":false},"featured_media":9268,"comment_status":"open","ping_status":"closed","template":"","meta":[],"product_brand":[],"product_cat":[69,3533],"product_tag":[],"class_list":{"0":"post-9266","1":"product","2":"type-product","3":"status-publish","4":"has-post-thumbnail","6":"product_cat-esteroides_inyectables","7":"product_cat-sales-rebajas","9":"first","10":"instock","11":"sale","12":"shipping-taxable","13":"purchasable","14":"product-type-simple"},"yoast_head":"<!-- This site is optimized with the Yoast SEO Premium plugin v24.4 (Yoast SEO v27.0) - https:\/\/yoast.com\/product\/yoast-seo-premium-wordpress\/ -->\n<title>MASTERON ENANTATE \/ MASTOGED E - Ester\u00f3ides Online<\/title>\n<meta name=\"description\" content=\"Masteron Enantato (Mastoged E) \u00e9 um esteroide derivado da DHT, conhecido por seus efeitos antiestrog\u00eanicos, tornando-se popular entre atletas e fisiculturistas.\" \/>\n<meta name=\"robots\" content=\"index, follow, max-snippet:-1, max-image-preview:large, max-video-preview:-1\" \/>\n<link rel=\"canonical\" href=\"https:\/\/iberoid.com\/pt\/product\/masteron-enantate-mastoged-e\/\" \/>\n<meta property=\"og:locale\" content=\"pt_PT\" \/>\n<meta property=\"og:type\" content=\"article\" \/>\n<meta property=\"og:title\" content=\"MASTERON ENANTATE \/ MASTOGED E\" \/>\n<meta property=\"og:description\" content=\"Masteron Enantato (Mastoged E) \u00e9 um esteroide derivado da DHT, conhecido por seus efeitos antiestrog\u00eanicos, tornando-se popular entre atletas e fisiculturistas.\" \/>\n<meta property=\"og:url\" content=\"https:\/\/iberoid.com\/pt\/product\/masteron-enantate-mastoged-e\/\" \/>\n<meta property=\"og:site_name\" content=\"Ester\u00f3ides Online\" \/>\n<meta property=\"article:modified_time\" content=\"2026-04-08T09:05:00+00:00\" \/>\n<meta property=\"og:image\" content=\"https:\/\/iberoid.com\/wp-content\/uploads\/2024\/03\/mast.jpg?v=1710106706\" \/>\n\t<meta property=\"og:image:width\" content=\"1080\" \/>\n\t<meta property=\"og:image:height\" content=\"1080\" \/>\n\t<meta property=\"og:image:type\" content=\"image\/jpeg\" \/>\n<meta name=\"twitter:card\" content=\"summary_large_image\" \/>\n<meta name=\"twitter:label1\" content=\"pre\u00e7o\" \/>\n\t<meta name=\"twitter:data1\" content=\"&euro;55.00\" \/>\n\t<meta name=\"twitter:label2\" content=\"Disponibilidade\" \/>\n\t<meta name=\"twitter:data2\" content=\"Em stock\" \/>\n<script type=\"application\/ld+json\" class=\"yoast-schema-graph\">{\"@context\":\"https:\/\/schema.org\",\"@graph\":[{\"@type\":\"WebPage\",\"@id\":\"https:\/\/iberoid.com\/pt\/product\/masteron-enantate-mastoged-e\/\",\"url\":\"https:\/\/iberoid.com\/pt\/product\/masteron-enantate-mastoged-e\/\",\"name\":\"MASTERON ENANTATE \/ MASTOGED E - Ester\u00f3ides Online\",\"isPartOf\":{\"@id\":\"https:\/\/iberoid.com\/pt\/#website\"},\"primaryImageOfPage\":{\"@id\":\"https:\/\/iberoid.com\/pt\/product\/masteron-enantate-mastoged-e\/#primaryimage\"},\"image\":{\"@id\":\"https:\/\/iberoid.com\/pt\/product\/masteron-enantate-mastoged-e\/#primaryimage\"},\"thumbnailUrl\":\"https:\/\/iberoid.com\/wp-content\/uploads\/2024\/03\/mast.jpg?v=1710106706\",\"datePublished\":\"2024-03-10T21:38:53+00:00\",\"dateModified\":\"2026-04-08T09:05:00+00:00\",\"description\":\"Masteron Enantato (Mastoged E) \u00e9 um esteroide derivado da DHT, conhecido por seus efeitos antiestrog\u00eanicos, tornando-se popular entre atletas e fisiculturistas.\",\"breadcrumb\":{\"@id\":\"https:\/\/iberoid.com\/pt\/product\/masteron-enantate-mastoged-e\/#breadcrumb\"},\"inLanguage\":\"pt-PT\",\"potentialAction\":[{\"@type\":\"ReadAction\",\"target\":[[\"https:\/\/iberoid.com\/pt\/product\/masteron-enantate-mastoged-e\/\"]]}]},{\"@type\":\"ImageObject\",\"inLanguage\":\"pt-PT\",\"@id\":\"https:\/\/iberoid.com\/pt\/product\/masteron-enantate-mastoged-e\/#primaryimage\",\"url\":\"https:\/\/iberoid.com\/wp-content\/uploads\/2024\/03\/mast.jpg?v=1710106706\",\"contentUrl\":\"https:\/\/iberoid.com\/wp-content\/uploads\/2024\/03\/mast.jpg?v=1710106706\",\"width\":1080,\"height\":1080},{\"@type\":\"BreadcrumbList\",\"@id\":\"https:\/\/iberoid.com\/pt\/product\/masteron-enantate-mastoged-e\/#breadcrumb\",\"itemListElement\":[{\"@type\":\"ListItem\",\"position\":1,\"name\":\"Portada\",\"item\":\"https:\/\/iberoid.com\/pt\/\"},{\"@type\":\"ListItem\",\"position\":2,\"name\":\"Loja\",\"item\":\"https:\/\/iberoid.com\/pt\/shop\/\"},{\"@type\":\"ListItem\",\"position\":3,\"name\":\"MASTERON ENANTATE \/ MASTOGED E\"}]},{\"@type\":\"WebSite\",\"@id\":\"https:\/\/iberoid.com\/pt\/#website\",\"url\":\"https:\/\/iberoid.com\/pt\/\",\"name\":\"Ester\u00f3ides Online\",\"description\":\"Compre ester\u00f3ides online hoje em Espanha e Portugal. Temos o melhor servi\u00e7o ao cliente do setor e produtos da mais alta qualidade\",\"potentialAction\":[{\"@type\":\"SearchAction\",\"target\":{\"@type\":\"EntryPoint\",\"urlTemplate\":\"https:\/\/iberoid.com\/pt\/?s={search_term_string}\"},\"query-input\":{\"@type\":\"PropertyValueSpecification\",\"valueRequired\":true,\"valueName\":\"search_term_string\"}}],\"inLanguage\":\"pt-PT\"}]}<\/script>\n<meta property=\"product:brand\" content=\"Euro Prime Pharmaceuticals (EPF)\" \/>\n<meta property=\"product:price:amount\" content=\"55.00\" \/>\n<meta property=\"product:price:currency\" content=\"EUR\" \/>\n<meta property=\"og:availability\" content=\"instock\" \/>\n<meta property=\"product:availability\" content=\"instock\" \/>\n<meta property=\"product:condition\" content=\"new\" \/>\n<!-- \/ Yoast SEO Premium plugin. -->","yoast_head_json":{"title":"MASTERON ENANTATE \/ MASTOGED E - Ester\u00f3ides Online","description":"Masteron Enantato (Mastoged E) \u00e9 um esteroide derivado da DHT, conhecido por seus efeitos antiestrog\u00eanicos, tornando-se popular entre atletas e fisiculturistas.","robots":{"index":"index","follow":"follow","max-snippet":"max-snippet:-1","max-image-preview":"max-image-preview:large","max-video-preview":"max-video-preview:-1"},"canonical":"https:\/\/iberoid.com\/pt\/product\/masteron-enantate-mastoged-e\/","og_locale":"pt_PT","og_type":"article","og_title":"MASTERON ENANTATE \/ MASTOGED E","og_description":"Masteron Enantato (Mastoged E) \u00e9 um esteroide derivado da DHT, conhecido por seus efeitos antiestrog\u00eanicos, tornando-se popular entre atletas e fisiculturistas.","og_url":"https:\/\/iberoid.com\/pt\/product\/masteron-enantate-mastoged-e\/","og_site_name":"Ester\u00f3ides Online","article_modified_time":"2026-04-08T09:05:00+00:00","og_image":[{"width":1080,"height":1080,"url":"https:\/\/iberoid.com\/wp-content\/uploads\/2024\/03\/mast.jpg?v=1710106706","type":"image\/jpeg"}],"twitter_card":"summary_large_image","twitter_misc":{"pre\u00e7o":"&euro;55.00","Disponibilidade":"Em stock"},"schema":{"@context":"https:\/\/schema.org","@graph":[{"@type":"WebPage","@id":"https:\/\/iberoid.com\/pt\/product\/masteron-enantate-mastoged-e\/","url":"https:\/\/iberoid.com\/pt\/product\/masteron-enantate-mastoged-e\/","name":"MASTERON ENANTATE \/ MASTOGED E - Ester\u00f3ides Online","isPartOf":{"@id":"https:\/\/iberoid.com\/pt\/#website"},"primaryImageOfPage":{"@id":"https:\/\/iberoid.com\/pt\/product\/masteron-enantate-mastoged-e\/#primaryimage"},"image":{"@id":"https:\/\/iberoid.com\/pt\/product\/masteron-enantate-mastoged-e\/#primaryimage"},"thumbnailUrl":"https:\/\/iberoid.com\/wp-content\/uploads\/2024\/03\/mast.jpg?v=1710106706","datePublished":"2024-03-10T21:38:53+00:00","dateModified":"2026-04-08T09:05:00+00:00","description":"Masteron Enantato (Mastoged E) \u00e9 um esteroide derivado da DHT, conhecido por seus efeitos antiestrog\u00eanicos, tornando-se popular entre atletas e fisiculturistas.","breadcrumb":{"@id":"https:\/\/iberoid.com\/pt\/product\/masteron-enantate-mastoged-e\/#breadcrumb"},"inLanguage":"pt-PT","potentialAction":[{"@type":"ReadAction","target":[["https:\/\/iberoid.com\/pt\/product\/masteron-enantate-mastoged-e\/"]]}]},{"@type":"ImageObject","inLanguage":"pt-PT","@id":"https:\/\/iberoid.com\/pt\/product\/masteron-enantate-mastoged-e\/#primaryimage","url":"https:\/\/iberoid.com\/wp-content\/uploads\/2024\/03\/mast.jpg?v=1710106706","contentUrl":"https:\/\/iberoid.com\/wp-content\/uploads\/2024\/03\/mast.jpg?v=1710106706","width":1080,"height":1080},{"@type":"BreadcrumbList","@id":"https:\/\/iberoid.com\/pt\/product\/masteron-enantate-mastoged-e\/#breadcrumb","itemListElement":[{"@type":"ListItem","position":1,"name":"Portada","item":"https:\/\/iberoid.com\/pt\/"},{"@type":"ListItem","position":2,"name":"Loja","item":"https:\/\/iberoid.com\/pt\/shop\/"},{"@type":"ListItem","position":3,"name":"MASTERON ENANTATE \/ MASTOGED E"}]},{"@type":"WebSite","@id":"https:\/\/iberoid.com\/pt\/#website","url":"https:\/\/iberoid.com\/pt\/","name":"Ester\u00f3ides Online","description":"Compre ester\u00f3ides online hoje em Espanha e Portugal. Temos o melhor servi\u00e7o ao cliente do setor e produtos da mais alta qualidade","potentialAction":[{"@type":"SearchAction","target":{"@type":"EntryPoint","urlTemplate":"https:\/\/iberoid.com\/pt\/?s={search_term_string}"},"query-input":{"@type":"PropertyValueSpecification","valueRequired":true,"valueName":"search_term_string"}}],"inLanguage":"pt-PT"}]},"product_brand":"Euro Prime Pharmaceuticals (EPF)","product_price_amount":"55.00","product_price_currency":"EUR","og_availability":"instock","product_availability":"instock","product_condition":"new"},"_links":{"self":[{"href":"https:\/\/iberoid.com\/pt\/wp-json\/wp\/v2\/product\/9266","targetHints":{"allow":["GET"]}}],"collection":[{"href":"https:\/\/iberoid.com\/pt\/wp-json\/wp\/v2\/product"}],"about":[{"href":"https:\/\/iberoid.com\/pt\/wp-json\/wp\/v2\/types\/product"}],"replies":[{"embeddable":true,"href":"https:\/\/iberoid.com\/pt\/wp-json\/wp\/v2\/comments?post=9266"}],"wp:featuredmedia":[{"embeddable":true,"href":"https:\/\/iberoid.com\/pt\/wp-json\/wp\/v2\/media\/9268"}],"wp:attachment":[{"href":"https:\/\/iberoid.com\/pt\/wp-json\/wp\/v2\/media?parent=9266"}],"wp:term":[{"taxonomy":"product_brand","embeddable":true,"href":"https:\/\/iberoid.com\/pt\/wp-json\/wp\/v2\/product_brand?post=9266"},{"taxonomy":"product_cat","embeddable":true,"href":"https:\/\/iberoid.com\/pt\/wp-json\/wp\/v2\/product_cat?post=9266"},{"taxonomy":"product_tag","embeddable":true,"href":"https:\/\/iberoid.com\/pt\/wp-json\/wp\/v2\/product_tag?post=9266"}],"curies":[{"name":"wp","href":"https:\/\/api.w.org\/{rel}","templated":true}]}}