{"id":9293,"date":"2024-03-24T18:42:04","date_gmt":"2024-03-24T18:42:04","guid":{"rendered":"https:\/\/iberoid.com\/?post_type=product&#038;p=9293"},"modified":"2026-03-29T16:26:31","modified_gmt":"2026-03-29T16:26:31","slug":"anavar","status":"publish","type":"product","link":"https:\/\/iberoid.com\/pt\/product\/anavar\/","title":{"rendered":"ANAVAR"},"content":{"rendered":"<p>ANAVAR \/ 10mg \/ 100 comprimidos &#8211; BIOTECH CANADA<\/p>\n<p>Compre Anavar 10mg \u2013 Para quem est\u00e1 planejando aumentar a massa corporal magra e quer ficar mais musculoso! Este ester\u00f3ide \u00e9 considerado uma mudan\u00e7a de vida para quem constr\u00f3i m\u00fasculos, melhora a for\u00e7a e aumenta o desempenho.<\/p>\n<p><strong>Efeitos:<\/strong><\/p>\n<p>Devido \u00e0 sua natureza bem tolerada, os usu\u00e1rios regulares consideram este ester\u00f3ide seguro para todos os sexos. Anavar n\u00e3o apresenta efeitos colaterais para o usu\u00e1rio. Tamb\u00e9m conhecido como Oxandrolona, Anavar est\u00e1 entre os ester\u00f3ides anabolizantes mais ben\u00e9ficos, com in\u00fameros benef\u00edcios para o seu corpo!<\/p>\n<p><strong>Benef\u00edcios:<\/strong><\/p>\n<p>Aumento do crescimento muscular, que \u00e9 impulsionado principalmente pela promo\u00e7\u00e3o do ganho de massa muscular magra. A oxandrolona promove o aumento de volume fora da temporada, fazendo com que os m\u00fasculos cres\u00e7am de tamanho sem qualquer reten\u00e7\u00e3o de \u00e1gua.<\/p>\n<p>Corte \u2013 Anavar ajuda na perda de gordura sem perturbar a massa muscular. Aumente o desempenho atl\u00e9tico e as perspectivas dos usu\u00e1rios. Al\u00e9m de aumentar a for\u00e7a, tamb\u00e9m ajuda na constru\u00e7\u00e3o de resist\u00eancia.<\/p>","protected":false},"excerpt":{"rendered":"<p>ANAVAR \/ 10mg \/ 100 comprimidos &#8211; BIOTECH CANADA Compre Anavar 10mg \u2013 Para quem est\u00e1 planejando aumentar a massa<\/p>\n","protected":false},"featured_media":9295,"comment_status":"open","ping_status":"closed","template":"","meta":[],"product_brand":[],"product_cat":[73],"product_tag":[],"class_list":{"0":"post-9293","1":"product","2":"type-product","3":"status-publish","4":"has-post-thumbnail","6":"product_cat-ssteroides_orales","8":"first","9":"outofstock","10":"sale","11":"shipping-taxable","12":"purchasable","13":"product-type-simple"},"yoast_head":"<!-- This site is optimized with the Yoast SEO Premium plugin v24.4 (Yoast SEO v27.0) - https:\/\/yoast.com\/product\/yoast-seo-premium-wordpress\/ -->\n<title>ANAVAR - Ester\u00f3ides Online<\/title>\n<meta name=\"description\" content=\"ANAVAR 10mg (100 Comprimidos) \u2013 BIOTECH CANAD\u00c1: Ganhe massa magra, aumente a for\u00e7a e queime gordura com Anavar. Ideal para todos, sem reten\u00e7\u00e3o de l\u00edquidos.\" \/>\n<meta name=\"robots\" content=\"index, follow, max-snippet:-1, max-image-preview:large, max-video-preview:-1\" \/>\n<link rel=\"canonical\" href=\"https:\/\/iberoid.com\/pt\/product\/anavar\/\" \/>\n<meta property=\"og:locale\" content=\"pt_PT\" \/>\n<meta property=\"og:type\" content=\"article\" \/>\n<meta property=\"og:title\" content=\"ANAVAR\" \/>\n<meta property=\"og:description\" content=\"ANAVAR 10mg (100 Comprimidos) \u2013 BIOTECH CANAD\u00c1: Ganhe massa magra, aumente a for\u00e7a e queime gordura com Anavar. Ideal para todos, sem reten\u00e7\u00e3o de l\u00edquidos.\" \/>\n<meta property=\"og:url\" content=\"https:\/\/iberoid.com\/pt\/product\/anavar\/\" \/>\n<meta property=\"og:site_name\" content=\"Ester\u00f3ides Online\" \/>\n<meta property=\"article:modified_time\" content=\"2026-03-29T16:26:31+00:00\" \/>\n<meta property=\"og:image\" content=\"https:\/\/iberoid.com\/wp-content\/uploads\/2024\/03\/0xabi.jpg?v=1711305696\" \/>\n\t<meta property=\"og:image:width\" content=\"1280\" \/>\n\t<meta property=\"og:image:height\" content=\"1280\" \/>\n\t<meta property=\"og:image:type\" content=\"image\/jpeg\" \/>\n<meta name=\"twitter:card\" content=\"summary_large_image\" \/>\n<meta name=\"twitter:label1\" content=\"pre\u00e7o\" \/>\n\t<meta name=\"twitter:data1\" content=\"&euro;45.00\" \/>\n\t<meta name=\"twitter:label2\" content=\"Disponibilidade\" \/>\n\t<meta name=\"twitter:data2\" content=\"Esgotado\" \/>\n<script type=\"application\/ld+json\" class=\"yoast-schema-graph\">{\"@context\":\"https:\/\/schema.org\",\"@graph\":[{\"@type\":\"WebPage\",\"@id\":\"https:\/\/iberoid.com\/pt\/product\/anavar\/\",\"url\":\"https:\/\/iberoid.com\/pt\/product\/anavar\/\",\"name\":\"ANAVAR - Ester\u00f3ides Online\",\"isPartOf\":{\"@id\":\"https:\/\/iberoid.com\/pt\/#website\"},\"primaryImageOfPage\":{\"@id\":\"https:\/\/iberoid.com\/pt\/product\/anavar\/#primaryimage\"},\"image\":{\"@id\":\"https:\/\/iberoid.com\/pt\/product\/anavar\/#primaryimage\"},\"thumbnailUrl\":\"https:\/\/iberoid.com\/wp-content\/uploads\/2024\/03\/0xabi.jpg?v=1711305696\",\"datePublished\":\"2024-03-24T18:42:04+00:00\",\"dateModified\":\"2026-03-29T16:26:31+00:00\",\"description\":\"ANAVAR 10mg (100 Comprimidos) \u2013 BIOTECH CANAD\u00c1: Ganhe massa magra, aumente a for\u00e7a e queime gordura com Anavar. Ideal para todos, sem reten\u00e7\u00e3o de l\u00edquidos.\",\"breadcrumb\":{\"@id\":\"https:\/\/iberoid.com\/pt\/product\/anavar\/#breadcrumb\"},\"inLanguage\":\"pt-PT\",\"potentialAction\":[{\"@type\":\"ReadAction\",\"target\":[[\"https:\/\/iberoid.com\/pt\/product\/anavar\/\"]]}]},{\"@type\":\"ImageObject\",\"inLanguage\":\"pt-PT\",\"@id\":\"https:\/\/iberoid.com\/pt\/product\/anavar\/#primaryimage\",\"url\":\"https:\/\/iberoid.com\/wp-content\/uploads\/2024\/03\/0xabi.jpg?v=1711305696\",\"contentUrl\":\"https:\/\/iberoid.com\/wp-content\/uploads\/2024\/03\/0xabi.jpg?v=1711305696\",\"width\":1280,\"height\":1280},{\"@type\":\"BreadcrumbList\",\"@id\":\"https:\/\/iberoid.com\/pt\/product\/anavar\/#breadcrumb\",\"itemListElement\":[{\"@type\":\"ListItem\",\"position\":1,\"name\":\"Portada\",\"item\":\"https:\/\/iberoid.com\/pt\/\"},{\"@type\":\"ListItem\",\"position\":2,\"name\":\"Loja\",\"item\":\"https:\/\/iberoid.com\/pt\/shop\/\"},{\"@type\":\"ListItem\",\"position\":3,\"name\":\"ANAVAR\"}]},{\"@type\":\"WebSite\",\"@id\":\"https:\/\/iberoid.com\/pt\/#website\",\"url\":\"https:\/\/iberoid.com\/pt\/\",\"name\":\"Ester\u00f3ides Online\",\"description\":\"Compre ester\u00f3ides online hoje em Espanha e Portugal. Temos o melhor servi\u00e7o ao cliente do setor e produtos da mais alta qualidade\",\"potentialAction\":[{\"@type\":\"SearchAction\",\"target\":{\"@type\":\"EntryPoint\",\"urlTemplate\":\"https:\/\/iberoid.com\/pt\/?s={search_term_string}\"},\"query-input\":{\"@type\":\"PropertyValueSpecification\",\"valueRequired\":true,\"valueName\":\"search_term_string\"}}],\"inLanguage\":\"pt-PT\"}]}<\/script>\n<meta property=\"product:brand\" content=\"Canada Biotech Peptides\" \/>\n<meta property=\"product:price:amount\" content=\"45.00\" \/>\n<meta property=\"product:price:currency\" content=\"EUR\" \/>\n<meta property=\"og:availability\" content=\"out of stock\" \/>\n<meta property=\"product:availability\" content=\"out of stock\" \/>\n<meta property=\"product:condition\" content=\"new\" \/>\n<!-- \/ Yoast SEO Premium plugin. -->","yoast_head_json":{"title":"ANAVAR - Ester\u00f3ides Online","description":"ANAVAR 10mg (100 Comprimidos) \u2013 BIOTECH CANAD\u00c1: Ganhe massa magra, aumente a for\u00e7a e queime gordura com Anavar. Ideal para todos, sem reten\u00e7\u00e3o de l\u00edquidos.","robots":{"index":"index","follow":"follow","max-snippet":"max-snippet:-1","max-image-preview":"max-image-preview:large","max-video-preview":"max-video-preview:-1"},"canonical":"https:\/\/iberoid.com\/pt\/product\/anavar\/","og_locale":"pt_PT","og_type":"article","og_title":"ANAVAR","og_description":"ANAVAR 10mg (100 Comprimidos) \u2013 BIOTECH CANAD\u00c1: Ganhe massa magra, aumente a for\u00e7a e queime gordura com Anavar. Ideal para todos, sem reten\u00e7\u00e3o de l\u00edquidos.","og_url":"https:\/\/iberoid.com\/pt\/product\/anavar\/","og_site_name":"Ester\u00f3ides Online","article_modified_time":"2026-03-29T16:26:31+00:00","og_image":[{"width":1280,"height":1280,"url":"https:\/\/iberoid.com\/wp-content\/uploads\/2024\/03\/0xabi.jpg?v=1711305696","type":"image\/jpeg"}],"twitter_card":"summary_large_image","twitter_misc":{"pre\u00e7o":"&euro;45.00","Disponibilidade":"Esgotado"},"schema":{"@context":"https:\/\/schema.org","@graph":[{"@type":"WebPage","@id":"https:\/\/iberoid.com\/pt\/product\/anavar\/","url":"https:\/\/iberoid.com\/pt\/product\/anavar\/","name":"ANAVAR - Ester\u00f3ides Online","isPartOf":{"@id":"https:\/\/iberoid.com\/pt\/#website"},"primaryImageOfPage":{"@id":"https:\/\/iberoid.com\/pt\/product\/anavar\/#primaryimage"},"image":{"@id":"https:\/\/iberoid.com\/pt\/product\/anavar\/#primaryimage"},"thumbnailUrl":"https:\/\/iberoid.com\/wp-content\/uploads\/2024\/03\/0xabi.jpg?v=1711305696","datePublished":"2024-03-24T18:42:04+00:00","dateModified":"2026-03-29T16:26:31+00:00","description":"ANAVAR 10mg (100 Comprimidos) \u2013 BIOTECH CANAD\u00c1: Ganhe massa magra, aumente a for\u00e7a e queime gordura com Anavar. Ideal para todos, sem reten\u00e7\u00e3o de l\u00edquidos.","breadcrumb":{"@id":"https:\/\/iberoid.com\/pt\/product\/anavar\/#breadcrumb"},"inLanguage":"pt-PT","potentialAction":[{"@type":"ReadAction","target":[["https:\/\/iberoid.com\/pt\/product\/anavar\/"]]}]},{"@type":"ImageObject","inLanguage":"pt-PT","@id":"https:\/\/iberoid.com\/pt\/product\/anavar\/#primaryimage","url":"https:\/\/iberoid.com\/wp-content\/uploads\/2024\/03\/0xabi.jpg?v=1711305696","contentUrl":"https:\/\/iberoid.com\/wp-content\/uploads\/2024\/03\/0xabi.jpg?v=1711305696","width":1280,"height":1280},{"@type":"BreadcrumbList","@id":"https:\/\/iberoid.com\/pt\/product\/anavar\/#breadcrumb","itemListElement":[{"@type":"ListItem","position":1,"name":"Portada","item":"https:\/\/iberoid.com\/pt\/"},{"@type":"ListItem","position":2,"name":"Loja","item":"https:\/\/iberoid.com\/pt\/shop\/"},{"@type":"ListItem","position":3,"name":"ANAVAR"}]},{"@type":"WebSite","@id":"https:\/\/iberoid.com\/pt\/#website","url":"https:\/\/iberoid.com\/pt\/","name":"Ester\u00f3ides Online","description":"Compre ester\u00f3ides online hoje em Espanha e Portugal. Temos o melhor servi\u00e7o ao cliente do setor e produtos da mais alta qualidade","potentialAction":[{"@type":"SearchAction","target":{"@type":"EntryPoint","urlTemplate":"https:\/\/iberoid.com\/pt\/?s={search_term_string}"},"query-input":{"@type":"PropertyValueSpecification","valueRequired":true,"valueName":"search_term_string"}}],"inLanguage":"pt-PT"}]},"product_brand":"Canada Biotech Peptides","product_price_amount":"45.00","product_price_currency":"EUR","og_availability":"out of stock","product_availability":"out of stock","product_condition":"new"},"_links":{"self":[{"href":"https:\/\/iberoid.com\/pt\/wp-json\/wp\/v2\/product\/9293","targetHints":{"allow":["GET"]}}],"collection":[{"href":"https:\/\/iberoid.com\/pt\/wp-json\/wp\/v2\/product"}],"about":[{"href":"https:\/\/iberoid.com\/pt\/wp-json\/wp\/v2\/types\/product"}],"replies":[{"embeddable":true,"href":"https:\/\/iberoid.com\/pt\/wp-json\/wp\/v2\/comments?post=9293"}],"wp:featuredmedia":[{"embeddable":true,"href":"https:\/\/iberoid.com\/pt\/wp-json\/wp\/v2\/media\/9295"}],"wp:attachment":[{"href":"https:\/\/iberoid.com\/pt\/wp-json\/wp\/v2\/media?parent=9293"}],"wp:term":[{"taxonomy":"product_brand","embeddable":true,"href":"https:\/\/iberoid.com\/pt\/wp-json\/wp\/v2\/product_brand?post=9293"},{"taxonomy":"product_cat","embeddable":true,"href":"https:\/\/iberoid.com\/pt\/wp-json\/wp\/v2\/product_cat?post=9293"},{"taxonomy":"product_tag","embeddable":true,"href":"https:\/\/iberoid.com\/pt\/wp-json\/wp\/v2\/product_tag?post=9293"}],"curies":[{"name":"wp","href":"https:\/\/api.w.org\/{rel}","templated":true}]}}