{"id":9299,"date":"2024-03-24T18:49:40","date_gmt":"2024-03-24T18:49:40","guid":{"rendered":"https:\/\/iberoid.com\/?post_type=product&#038;p=9299"},"modified":"2026-03-29T16:25:08","modified_gmt":"2026-03-29T16:25:08","slug":"provitech-25-mesterolone","status":"publish","type":"product","link":"https:\/\/iberoid.com\/pt\/product\/provitech-25-mesterolone\/","title":{"rendered":"PROVITECH 25 ( Mesterolone )"},"content":{"rendered":"<p>PROVITECH \/ PROVIRON \/ 25 MG \/ 100tabs \/ BIOTECH<\/p>\n<p>Mesterolona \u00e9 um medicamento usado para substituir a testosterona em homens com hipogonadismo. O hipogonadismo \u00e9 um estado em que o corpo n\u00e3o produz testosterona. A testosterona \u00e9 um horm\u00f4nio respons\u00e1vel pelas caracter\u00edsticas sexuais masculinas. N\u00e3o tome este medicamento se tiver sido diagnosticado com c\u00e2ncer de pr\u00f3stata.<\/p>\n<p>PROVITECH 25 cont\u00e9m Mesterolone que pertence ao grupo de medicamentos chamados Andr\u00f3genos. \u00c9 usado apenas para tratar dist\u00farbios de pot\u00eancia, infertilidade masculina e hipogonadismo masculino. O hipogonadismo masculino \u00e9 uma condi\u00e7\u00e3o em que o corpo n\u00e3o produz testosterona suficiente. A testosterona \u00e9 essencial para o desenvolvimento e manuten\u00e7\u00e3o dos \u00f3rg\u00e3os reprodutivos masculinos, bem como para outras caracter\u00edsticas masculinas, como crescimento do cabelo, voz profunda, desejo sexual, massa muscular e distribui\u00e7\u00e3o de gordura corporal. \u00c9 para uso apenas em pacientes do sexo masculino.<\/p>\n<p>PROVITECH 25 ( Mesterolone ) n\u00e3o \u00e9 recomendado para uso em pacientes com c\u00e2ncer de pr\u00f3stata, c\u00e2ncer de mama masculino, n\u00edveis elevados de c\u00e1lcio no sangue ou porfiria. PROVITECH 25 deve ser usado com cautela em pacientes com doen\u00e7as renais ou card\u00edacas, doen\u00e7as da pr\u00f3stata, diabetes, enxaqueca, convuls\u00f5es ou convuls\u00f5es, gl\u00f3bulos vermelhos anormais ou dist\u00farbios sangu\u00edneos, apn\u00e9ia do sono , etc.<\/p>\n<p>Antes do tratamento com PROVITECH 25 ( Mesterolone ), seu m\u00e9dico pode examinar sua pr\u00f3stata e aconselh\u00e1-lo a fazer testes relevantes para entender sua condi\u00e7\u00e3o. GBNKEYWORD] n\u00e3o \u00e9 recomendado para uso em crian\u00e7as e deve ser usado com cautela em pacientes idosos com 65 anos ou mais. Consulte o seu m\u00e9dico antes de tomar PROVITECH 25 ( Mesterolona ). Os efeitos colaterais mais comuns de tomar PROVITECH 25 s\u00e3o dor de cabe\u00e7a, reten\u00e7\u00e3o de l\u00edquidos, aumento dos seios, aumento do desejo sexual, acne, crescimento excessivo de pelos, puberdade prematura e crescimento atrofiado. Consulte o seu m\u00e9dico se algum dos sintomas piorar.<\/p>\n<p><strong>USOS DE PROVITECH 25 ( Mesterolona )<\/strong><\/p>\n<p>Usado para tratar:<\/p>\n<ul>\n<li>Dist\u00farbios de pot\u00eancia<\/li>\n<li>Infertilidade masculina<\/li>\n<li>Hipogonadismo masculino<\/li>\n<\/ul>\n<p><strong>COMO FUNCIONA PROVITECH 25 ( Mesterolona )<\/strong><\/p>\n<p>PROVITECH 25 funciona de forma semelhante ao horm\u00f4nio sexual masculino chamado testosterona. Este medicamento complementa o horm\u00f4nio masculino produzido pelo organismo. Como resultado, ajuda a tratar condi\u00e7\u00f5es associadas a baixos n\u00edveis de testosterona no corpo.<\/p>\n<p><strong>INSTRU\u00c7\u00d5ES DE USO<\/strong><\/p>\n<p>Tome PROVITECH 25 ( Mesterolone ) conforme orienta\u00e7\u00e3o do seu m\u00e9dico. Engula o medicamento com um copo de \u00e1gua. N\u00e3o esmague ou mastigue o medicamento. O seu m\u00e9dico decidir\u00e1 a dose correta, a dura\u00e7\u00e3o do tratamento e a frequ\u00eancia para voc\u00ea, dependendo da sua idade, peso corporal e condi\u00e7\u00e3o da doen\u00e7a. N\u00e3o pare de tomar PROVITECH 25 sem consultar o seu m\u00e9dico.<\/p>\n<p><strong>EFEITOS COLATERAIS<\/strong><\/p>\n<p><strong>COMUM<\/strong><\/p>\n<ul>\n<li>Dor de cabe\u00e7a<\/li>\n<li>Reten\u00e7\u00e3o de fluidos<\/li>\n<li>Aumento dos seios<\/li>\n<li>Aumento do desejo sexual<\/li>\n<li>Dist\u00farbios psiqui\u00e1tricos, como agress\u00e3o, aumento ou diminui\u00e7\u00e3o dos n\u00edveis de energia, euforia ou irritabilidade<\/li>\n<li>Acne<\/li>\n<li>P\u00ealos excessivos<\/li>\n<li>Puberdade prematura<\/li>\n<li>Crescimento atrofiado<\/li>\n<\/ul>\n<p><strong>CRU<\/strong><\/p>\n<p>Pare de tomar PROVITECH 25 ( Mesterolone ) e entre em contato com seu m\u00e9dico imediatamente se sentir algum dos seguintes efeitos colaterais:<\/p>\n<ul>\n<li>Sintomas de rea\u00e7\u00e3o al\u00e9rgica, como falta de ar, pieira ou dificuldade em respirar, incha\u00e7o da face, l\u00e1bios, l\u00edngua ou outras partes do corpo, erup\u00e7\u00e3o cut\u00e2nea, comich\u00e3o ou urtic\u00e1ria na pele<\/li>\n<li>Sintomas de aumento da pr\u00f3stata, como altera\u00e7\u00f5es na mic\u00e7\u00e3o, sangue na urina ou s\u00eamen<\/li>\n<li>Ere\u00e7\u00f5es indesejadas, frequentes ou prolongadas e dolorosas<\/li>\n<li>Forte dor de est\u00f4mago ou sensibilidade<\/li>\n<li>Sentindo mal<\/li>\n<li>Dor de est\u00f4mago prolongada, sangue nas fezes ou v\u00f3mito ou descolora\u00e7\u00e3o amarelada da pele e dos olhos<\/li>\n<\/ul>\n<p><strong>COMO GERENCIAR OS EFEITOS COLATERAIS<\/strong><\/p>\n<p><strong>Dor de cabe\u00e7a:<\/strong><\/p>\n<p>Descanse e relaxe. Beba muitos l\u00edquidos, como \u00e1gua e eletr\u00f3litos. Aplique um b\u00e1lsamo analg\u00e9sico na testa, se necess\u00e1rio. N\u00e3o consuma \u00e1lcool. Consulte o seu m\u00e9dico se o sintoma n\u00e3o melhorar.<\/p>","protected":false},"excerpt":{"rendered":"<p>PROVITECH \/ PROVIRON \/ 25 MG \/ 100tabs \/ BIOTECH Mesterolona \u00e9 um medicamento usado para substituir a testosterona em<\/p>\n","protected":false},"featured_media":9301,"comment_status":"open","ping_status":"closed","template":"","meta":[],"product_brand":[],"product_cat":[73],"product_tag":[],"class_list":{"0":"post-9299","1":"product","2":"type-product","3":"status-publish","4":"has-post-thumbnail","6":"product_cat-ssteroides_orales","8":"first","9":"instock","10":"sale","11":"shipping-taxable","12":"purchasable","13":"product-type-simple"},"yoast_head":"<!-- This site is optimized with the Yoast SEO Premium plugin v24.4 (Yoast SEO v27.0) - https:\/\/yoast.com\/product\/yoast-seo-premium-wordpress\/ -->\n<title>PROVITECH 25 ( Mesterolone ) - Buy online at Ester\u00f3ides Online<\/title>\n<meta name=\"description\" content=\"PROVITECH 25 (Mesterolone) is a drug used to replace testosterone in men with hypogonadism. Furthermore, hypogonadism is a state where the body does\" \/>\n<meta name=\"robots\" content=\"index, follow, max-snippet:-1, max-image-preview:large, max-video-preview:-1\" \/>\n<link rel=\"canonical\" href=\"https:\/\/iberoid.com\/pt\/product\/provitech-25-mesterolone\/\" \/>\n<meta property=\"og:locale\" content=\"pt_PT\" \/>\n<meta property=\"og:type\" content=\"article\" \/>\n<meta property=\"og:title\" content=\"PROVITECH 25 ( Mesterolone )\" \/>\n<meta property=\"og:description\" content=\"PROVITECH 25 (Mesterolone) is a drug used to replace testosterone in men with hypogonadism. Furthermore, hypogonadism is a state where the body does\" \/>\n<meta property=\"og:url\" content=\"https:\/\/iberoid.com\/pt\/product\/provitech-25-mesterolone\/\" \/>\n<meta property=\"og:site_name\" content=\"Ester\u00f3ides Online\" \/>\n<meta property=\"article:modified_time\" content=\"2026-03-29T16:25:08+00:00\" \/>\n<meta property=\"og:image\" content=\"https:\/\/iberoid.com\/wp-content\/uploads\/2024\/03\/prov-bi.jpg?v=1711306254\" \/>\n\t<meta property=\"og:image:width\" content=\"1622\" \/>\n\t<meta property=\"og:image:height\" content=\"2048\" \/>\n\t<meta property=\"og:image:type\" content=\"image\/jpeg\" \/>\n<meta name=\"twitter:card\" content=\"summary_large_image\" \/>\n<meta name=\"twitter:label1\" content=\"pre\u00e7o\" \/>\n\t<meta name=\"twitter:data1\" content=\"&euro;20.00\" \/>\n\t<meta name=\"twitter:label2\" content=\"Disponibilidade\" \/>\n\t<meta name=\"twitter:data2\" content=\"Em stock\" \/>\n<script type=\"application\/ld+json\" class=\"yoast-schema-graph\">{\"@context\":\"https:\/\/schema.org\",\"@graph\":[{\"@type\":\"WebPage\",\"@id\":\"https:\/\/iberoid.com\/pt\/product\/provitech-25-mesterolone\/\",\"url\":\"https:\/\/iberoid.com\/pt\/product\/provitech-25-mesterolone\/\",\"name\":\"PROVITECH 25 ( Mesterolone ) - Buy online at Ester\u00f3ides Online\",\"isPartOf\":{\"@id\":\"https:\/\/iberoid-shop.com\/#website\"},\"primaryImageOfPage\":{\"@id\":\"https:\/\/iberoid.com\/pt\/product\/provitech-25-mesterolone\/#primaryimage\"},\"image\":{\"@id\":\"https:\/\/iberoid.com\/pt\/product\/provitech-25-mesterolone\/#primaryimage\"},\"thumbnailUrl\":\"https:\/\/iberoid.com\/wp-content\/uploads\/2024\/03\/prov-bi.jpg?v=1711306254\",\"datePublished\":\"2024-03-24T18:49:40+00:00\",\"dateModified\":\"2026-03-29T16:25:08+00:00\",\"description\":\"PROVITECH 25 (Mesterolone) is a drug used to replace testosterone in men with hypogonadism. Furthermore, hypogonadism is a state where the body does\",\"breadcrumb\":{\"@id\":\"https:\/\/iberoid.com\/pt\/product\/provitech-25-mesterolone\/#breadcrumb\"},\"inLanguage\":\"pt-PT\",\"potentialAction\":[{\"@type\":\"ReadAction\",\"target\":[[\"https:\/\/iberoid.com\/pt\/product\/provitech-25-mesterolone\/\"]]}]},{\"@type\":\"ImageObject\",\"inLanguage\":\"pt-PT\",\"@id\":\"https:\/\/iberoid.com\/pt\/product\/provitech-25-mesterolone\/#primaryimage\",\"url\":\"https:\/\/iberoid.com\/wp-content\/uploads\/2024\/03\/prov-bi.jpg?v=1711306254\",\"contentUrl\":\"https:\/\/iberoid.com\/wp-content\/uploads\/2024\/03\/prov-bi.jpg?v=1711306254\",\"width\":1622,\"height\":2048,\"caption\":\"PROVITECH 25 ( Mesterolone )\"},{\"@type\":\"BreadcrumbList\",\"@id\":\"https:\/\/iberoid.com\/pt\/product\/provitech-25-mesterolone\/#breadcrumb\",\"itemListElement\":[{\"@type\":\"ListItem\",\"position\":1,\"name\":\"Portada\",\"item\":\"https:\/\/iberoid.com\/pt\/\"},{\"@type\":\"ListItem\",\"position\":2,\"name\":\"Loja\",\"item\":\"https:\/\/iberoid.com\/pt\/shop\/\"},{\"@type\":\"ListItem\",\"position\":3,\"name\":\"PROVITECH 25 ( Mesterolone )\"}]},{\"@type\":\"WebSite\",\"@id\":\"https:\/\/iberoid-shop.com\/#website\",\"url\":\"https:\/\/iberoid-shop.com\/\",\"name\":\"Ester\u00f3ides Online\",\"description\":\"Compre ester\u00f3ides online hoje em Espanha e Portugal. Temos o melhor servi\u00e7o ao cliente do setor e produtos da mais alta qualidade\",\"potentialAction\":[{\"@type\":\"SearchAction\",\"target\":{\"@type\":\"EntryPoint\",\"urlTemplate\":\"https:\/\/iberoid-shop.com\/?s={search_term_string}\"},\"query-input\":{\"@type\":\"PropertyValueSpecification\",\"valueRequired\":true,\"valueName\":\"search_term_string\"}}],\"inLanguage\":\"pt-PT\"}]}<\/script>\n<meta property=\"product:price:amount\" content=\"20.00\" \/>\n<meta property=\"product:price:currency\" content=\"EUR\" \/>\n<meta property=\"og:availability\" content=\"instock\" \/>\n<meta property=\"product:availability\" content=\"instock\" \/>\n<meta property=\"product:condition\" content=\"new\" \/>\n<!-- \/ Yoast SEO Premium plugin. -->","yoast_head_json":{"title":"PROVITECH 25 ( Mesterolone ) - Buy online at Ester\u00f3ides Online","description":"PROVITECH 25 (Mesterolone) is a drug used to replace testosterone in men with hypogonadism. Furthermore, hypogonadism is a state where the body does","robots":{"index":"index","follow":"follow","max-snippet":"max-snippet:-1","max-image-preview":"max-image-preview:large","max-video-preview":"max-video-preview:-1"},"canonical":"https:\/\/iberoid.com\/pt\/product\/provitech-25-mesterolone\/","og_locale":"pt_PT","og_type":"article","og_title":"PROVITECH 25 ( Mesterolone )","og_description":"PROVITECH 25 (Mesterolone) is a drug used to replace testosterone in men with hypogonadism. Furthermore, hypogonadism is a state where the body does","og_url":"https:\/\/iberoid.com\/pt\/product\/provitech-25-mesterolone\/","og_site_name":"Ester\u00f3ides Online","article_modified_time":"2026-03-29T16:25:08+00:00","og_image":[{"width":1622,"height":2048,"url":"https:\/\/iberoid.com\/wp-content\/uploads\/2024\/03\/prov-bi.jpg?v=1711306254","type":"image\/jpeg"}],"twitter_card":"summary_large_image","twitter_misc":{"pre\u00e7o":"&euro;20.00","Disponibilidade":"Em stock"},"schema":{"@context":"https:\/\/schema.org","@graph":[{"@type":"WebPage","@id":"https:\/\/iberoid.com\/pt\/product\/provitech-25-mesterolone\/","url":"https:\/\/iberoid.com\/pt\/product\/provitech-25-mesterolone\/","name":"PROVITECH 25 ( Mesterolone ) - Buy online at Ester\u00f3ides Online","isPartOf":{"@id":"https:\/\/iberoid-shop.com\/#website"},"primaryImageOfPage":{"@id":"https:\/\/iberoid.com\/pt\/product\/provitech-25-mesterolone\/#primaryimage"},"image":{"@id":"https:\/\/iberoid.com\/pt\/product\/provitech-25-mesterolone\/#primaryimage"},"thumbnailUrl":"https:\/\/iberoid.com\/wp-content\/uploads\/2024\/03\/prov-bi.jpg?v=1711306254","datePublished":"2024-03-24T18:49:40+00:00","dateModified":"2026-03-29T16:25:08+00:00","description":"PROVITECH 25 (Mesterolone) is a drug used to replace testosterone in men with hypogonadism. Furthermore, hypogonadism is a state where the body does","breadcrumb":{"@id":"https:\/\/iberoid.com\/pt\/product\/provitech-25-mesterolone\/#breadcrumb"},"inLanguage":"pt-PT","potentialAction":[{"@type":"ReadAction","target":[["https:\/\/iberoid.com\/pt\/product\/provitech-25-mesterolone\/"]]}]},{"@type":"ImageObject","inLanguage":"pt-PT","@id":"https:\/\/iberoid.com\/pt\/product\/provitech-25-mesterolone\/#primaryimage","url":"https:\/\/iberoid.com\/wp-content\/uploads\/2024\/03\/prov-bi.jpg?v=1711306254","contentUrl":"https:\/\/iberoid.com\/wp-content\/uploads\/2024\/03\/prov-bi.jpg?v=1711306254","width":1622,"height":2048,"caption":"PROVITECH 25 ( Mesterolone )"},{"@type":"BreadcrumbList","@id":"https:\/\/iberoid.com\/pt\/product\/provitech-25-mesterolone\/#breadcrumb","itemListElement":[{"@type":"ListItem","position":1,"name":"Portada","item":"https:\/\/iberoid.com\/pt\/"},{"@type":"ListItem","position":2,"name":"Loja","item":"https:\/\/iberoid.com\/pt\/shop\/"},{"@type":"ListItem","position":3,"name":"PROVITECH 25 ( Mesterolone )"}]},{"@type":"WebSite","@id":"https:\/\/iberoid-shop.com\/#website","url":"https:\/\/iberoid-shop.com\/","name":"Ester\u00f3ides Online","description":"Compre ester\u00f3ides online hoje em Espanha e Portugal. Temos o melhor servi\u00e7o ao cliente do setor e produtos da mais alta qualidade","potentialAction":[{"@type":"SearchAction","target":{"@type":"EntryPoint","urlTemplate":"https:\/\/iberoid-shop.com\/?s={search_term_string}"},"query-input":{"@type":"PropertyValueSpecification","valueRequired":true,"valueName":"search_term_string"}}],"inLanguage":"pt-PT"}]},"product_price_amount":"20.00","product_price_currency":"EUR","og_availability":"instock","product_availability":"instock","product_condition":"new"},"_links":{"self":[{"href":"https:\/\/iberoid.com\/pt\/wp-json\/wp\/v2\/product\/9299","targetHints":{"allow":["GET"]}}],"collection":[{"href":"https:\/\/iberoid.com\/pt\/wp-json\/wp\/v2\/product"}],"about":[{"href":"https:\/\/iberoid.com\/pt\/wp-json\/wp\/v2\/types\/product"}],"replies":[{"embeddable":true,"href":"https:\/\/iberoid.com\/pt\/wp-json\/wp\/v2\/comments?post=9299"}],"wp:featuredmedia":[{"embeddable":true,"href":"https:\/\/iberoid.com\/pt\/wp-json\/wp\/v2\/media\/9301"}],"wp:attachment":[{"href":"https:\/\/iberoid.com\/pt\/wp-json\/wp\/v2\/media?parent=9299"}],"wp:term":[{"taxonomy":"product_brand","embeddable":true,"href":"https:\/\/iberoid.com\/pt\/wp-json\/wp\/v2\/product_brand?post=9299"},{"taxonomy":"product_cat","embeddable":true,"href":"https:\/\/iberoid.com\/pt\/wp-json\/wp\/v2\/product_cat?post=9299"},{"taxonomy":"product_tag","embeddable":true,"href":"https:\/\/iberoid.com\/pt\/wp-json\/wp\/v2\/product_tag?post=9299"}],"curies":[{"name":"wp","href":"https:\/\/api.w.org\/{rel}","templated":true}]}}