{"id":9320,"date":"2024-04-04T20:50:00","date_gmt":"2024-04-04T20:50:00","guid":{"rendered":"https:\/\/iberoid.com\/?post_type=product&#038;p=9320"},"modified":"2026-03-11T16:51:17","modified_gmt":"2026-03-11T16:51:17","slug":"testoged-c-premium-line","status":"publish","type":"product","link":"https:\/\/iberoid.com\/pt\/product\/testoged-c-premium-line\/","title":{"rendered":"TESTOGED C PREMIUM LINE"},"content":{"rendered":"<p>Testoged C tem como subst\u00e2ncia ativa o cipionato de testosterona, um dos \u00e9steres de testosterona. \u00c9 utilizado em curas para ganhos consider\u00e1veis de massa e for\u00e7a muscular. O cipionato de testosterona \u00e9 mais forte que o enantato de testosterona. Testoged C causa reten\u00e7\u00e3o de \u00e1gua, mas isso n\u00e3o o torna menos apreciado. Tendo fortes efeitos androg\u00eanicos, tamb\u00e9m s\u00e3o acompanhados de efeitos colaterais: pele oleosa, acne, crescimento de pelos faciais e corporais.<\/p>\n<p>A dose recomendada varia entre 200 mg e 800 mg por semana. Tamb\u00e9m como efeito colateral est\u00e1 a interrup\u00e7\u00e3o da secre\u00e7\u00e3o de testosterona no organismo, por isso \u00e9 recomendada a terapia p\u00f3s-ciclo que consiste em Clomid e Tamoxifeno. Se for administrado nas doses recomendadas e com terapia p\u00f3s-ciclo, os efeitos colaterais s\u00e3o fixos ou nem aparecem.<\/p>\n<p>Esta terapia p\u00f3s-ciclo visa regular a produ\u00e7\u00e3o de testosterona do pr\u00f3prio corpo e come\u00e7a duas a tr\u00eas semanas ap\u00f3s a \u00faltima inje\u00e7\u00e3o de Sustanon. O tratamento p\u00f3s-ciclo come\u00e7a ap\u00f3s esse per\u00edodo porque o Durateston permanece ativo no organismo por at\u00e9 tr\u00eas semanas. \u00c9 importante que em qualquer outro tratamento com ester\u00f3ides sejam seguidas algumas regras essenciais para obter os resultados desejados.<\/p>\n<p>As principais refei\u00e7\u00f5es do dia s\u00e3o importantes e devem ser respeitadas. Os alimentos devem ser ricos em prote\u00ednas, vitaminas, antioxidantes. Voc\u00ea deve comer carne magra, como carne bovina, peixe, frango. Os vegetais s\u00e3o importantes. As frutas cont\u00eam antioxidantes e d\u00e3o energia ao corpo.<\/p>","protected":false},"excerpt":{"rendered":"<p>Testoged C tem como subst\u00e2ncia ativa o cipionato de testosterona, um dos \u00e9steres de testosterona. \u00c9 utilizado em curas para<\/p>\n","protected":false},"featured_media":9322,"comment_status":"open","ping_status":"closed","template":"","meta":[],"product_brand":[],"product_cat":[69],"product_tag":[],"class_list":{"0":"post-9320","1":"product","2":"type-product","3":"status-publish","4":"has-post-thumbnail","6":"product_cat-esteroides_inyectables","8":"first","9":"instock","10":"shipping-taxable","11":"purchasable","12":"product-type-simple"},"yoast_head":"<!-- This site is optimized with the Yoast SEO Premium plugin v24.4 (Yoast SEO v27.3) - https:\/\/yoast.com\/product\/yoast-seo-premium-wordpress\/ -->\n<title>TESTOGED C PREMIUM LINE - Buy online at Ester\u00f3ides Online<\/title>\n<meta name=\"description\" content=\"TESTOGED C PREMIUM LINE has as its active substance testosterone cypionate, one of the testosterone esters. It is used in cures for considerable gains\" \/>\n<meta name=\"robots\" content=\"index, follow, max-snippet:-1, max-image-preview:large, max-video-preview:-1\" \/>\n<link rel=\"canonical\" href=\"https:\/\/iberoid.com\/pt\/product\/testoged-c-premium-line\/\" \/>\n<meta property=\"og:locale\" content=\"pt_PT\" \/>\n<meta property=\"og:type\" content=\"article\" \/>\n<meta property=\"og:title\" content=\"TESTOGED C PREMIUM LINE\" \/>\n<meta property=\"og:description\" content=\"TESTOGED C PREMIUM LINE has as its active substance testosterone cypionate, one of the testosterone esters. It is used in cures for considerable gains\" \/>\n<meta property=\"og:url\" content=\"https:\/\/iberoid.com\/pt\/product\/testoged-c-premium-line\/\" \/>\n<meta property=\"og:site_name\" content=\"Ester\u00f3ides Online\" \/>\n<meta property=\"article:modified_time\" content=\"2026-03-11T16:51:17+00:00\" \/>\n<meta property=\"og:image\" content=\"https:\/\/iberoid.com\/wp-content\/uploads\/2024\/04\/cypp.jpg?v=1712263595\" \/>\n\t<meta property=\"og:image:width\" content=\"1280\" \/>\n\t<meta property=\"og:image:height\" content=\"1280\" \/>\n\t<meta property=\"og:image:type\" content=\"image\/jpeg\" \/>\n<meta name=\"twitter:card\" content=\"summary_large_image\" \/>\n<meta name=\"twitter:label1\" content=\"pre\u00e7o\" \/>\n\t<meta name=\"twitter:data1\" content=\"&euro;40.00\" \/>\n\t<meta name=\"twitter:label2\" content=\"Disponibilidade\" \/>\n\t<meta name=\"twitter:data2\" content=\"Em stock\" \/>\n<script type=\"application\/ld+json\" class=\"yoast-schema-graph\">{\"@context\":\"https:\\\/\\\/schema.org\",\"@graph\":[{\"@type\":\"WebPage\",\"@id\":\"https:\\\/\\\/iberoid.com\\\/pt\\\/product\\\/testoged-c-premium-line\\\/\",\"url\":\"https:\\\/\\\/iberoid.com\\\/pt\\\/product\\\/testoged-c-premium-line\\\/\",\"name\":\"TESTOGED C PREMIUM LINE - Buy online at Ester\u00f3ides Online\",\"isPartOf\":{\"@id\":\"https:\\\/\\\/iberoid-shop.com\\\/#website\"},\"primaryImageOfPage\":{\"@id\":\"https:\\\/\\\/iberoid.com\\\/pt\\\/product\\\/testoged-c-premium-line\\\/#primaryimage\"},\"image\":{\"@id\":\"https:\\\/\\\/iberoid.com\\\/pt\\\/product\\\/testoged-c-premium-line\\\/#primaryimage\"},\"thumbnailUrl\":\"https:\\\/\\\/iberoid.com\\\/wp-content\\\/uploads\\\/2024\\\/04\\\/cypp.jpg?v=1712263595\",\"datePublished\":\"2024-04-04T20:50:00+00:00\",\"dateModified\":\"2026-03-11T16:51:17+00:00\",\"description\":\"TESTOGED C PREMIUM LINE has as its active substance testosterone cypionate, one of the testosterone esters. It is used in cures for considerable gains\",\"breadcrumb\":{\"@id\":\"https:\\\/\\\/iberoid.com\\\/pt\\\/product\\\/testoged-c-premium-line\\\/#breadcrumb\"},\"inLanguage\":\"pt-PT\",\"potentialAction\":[{\"@type\":\"ReadAction\",\"target\":[[\"https:\\\/\\\/iberoid.com\\\/pt\\\/product\\\/testoged-c-premium-line\\\/\"]]}]},{\"@type\":\"ImageObject\",\"inLanguage\":\"pt-PT\",\"@id\":\"https:\\\/\\\/iberoid.com\\\/pt\\\/product\\\/testoged-c-premium-line\\\/#primaryimage\",\"url\":\"https:\\\/\\\/iberoid.com\\\/wp-content\\\/uploads\\\/2024\\\/04\\\/cypp.jpg?v=1712263595\",\"contentUrl\":\"https:\\\/\\\/iberoid.com\\\/wp-content\\\/uploads\\\/2024\\\/04\\\/cypp.jpg?v=1712263595\",\"width\":1280,\"height\":1280,\"caption\":\"TESTOGED C PREMIUM LINE\"},{\"@type\":\"BreadcrumbList\",\"@id\":\"https:\\\/\\\/iberoid.com\\\/pt\\\/product\\\/testoged-c-premium-line\\\/#breadcrumb\",\"itemListElement\":[{\"@type\":\"ListItem\",\"position\":1,\"name\":\"Portada\",\"item\":\"https:\\\/\\\/iberoid.com\\\/pt\\\/\"},{\"@type\":\"ListItem\",\"position\":2,\"name\":\"Loja\",\"item\":\"https:\\\/\\\/iberoid.com\\\/pt\\\/shop\\\/\"},{\"@type\":\"ListItem\",\"position\":3,\"name\":\"TESTOGED C PREMIUM LINE\"}]},{\"@type\":\"WebSite\",\"@id\":\"https:\\\/\\\/iberoid-shop.com\\\/#website\",\"url\":\"https:\\\/\\\/iberoid-shop.com\\\/\",\"name\":\"Ester\u00f3ides Online\",\"description\":\"Compre ester\u00f3ides online hoje em Espanha e Portugal. Temos o melhor servi\u00e7o ao cliente do setor e produtos da mais alta qualidade\",\"potentialAction\":[{\"@type\":\"SearchAction\",\"target\":{\"@type\":\"EntryPoint\",\"urlTemplate\":\"https:\\\/\\\/iberoid-shop.com\\\/?s={search_term_string}\"},\"query-input\":{\"@type\":\"PropertyValueSpecification\",\"valueRequired\":true,\"valueName\":\"search_term_string\"}}],\"inLanguage\":\"pt-PT\"}]}<\/script>\n<meta property=\"product:brand\" content=\"Euro Prime Pharmaceuticals (EPF)\" \/>\n<meta property=\"product:price:amount\" content=\"40.00\" \/>\n<meta property=\"product:price:currency\" content=\"EUR\" \/>\n<meta property=\"og:availability\" content=\"instock\" \/>\n<meta property=\"product:availability\" content=\"instock\" \/>\n<meta property=\"product:condition\" content=\"new\" \/>\n<!-- \/ Yoast SEO Premium plugin. -->","yoast_head_json":{"title":"TESTOGED C PREMIUM LINE - Buy online at Ester\u00f3ides Online","description":"TESTOGED C PREMIUM LINE has as its active substance testosterone cypionate, one of the testosterone esters. It is used in cures for considerable gains","robots":{"index":"index","follow":"follow","max-snippet":"max-snippet:-1","max-image-preview":"max-image-preview:large","max-video-preview":"max-video-preview:-1"},"canonical":"https:\/\/iberoid.com\/pt\/product\/testoged-c-premium-line\/","og_locale":"pt_PT","og_type":"article","og_title":"TESTOGED C PREMIUM LINE","og_description":"TESTOGED C PREMIUM LINE has as its active substance testosterone cypionate, one of the testosterone esters. It is used in cures for considerable gains","og_url":"https:\/\/iberoid.com\/pt\/product\/testoged-c-premium-line\/","og_site_name":"Ester\u00f3ides Online","article_modified_time":"2026-03-11T16:51:17+00:00","og_image":[{"width":1280,"height":1280,"url":"https:\/\/iberoid.com\/wp-content\/uploads\/2024\/04\/cypp.jpg?v=1712263595","type":"image\/jpeg"}],"twitter_card":"summary_large_image","twitter_misc":{"pre\u00e7o":"&euro;40.00","Disponibilidade":"Em stock"},"schema":{"@context":"https:\/\/schema.org","@graph":[{"@type":"WebPage","@id":"https:\/\/iberoid.com\/pt\/product\/testoged-c-premium-line\/","url":"https:\/\/iberoid.com\/pt\/product\/testoged-c-premium-line\/","name":"TESTOGED C PREMIUM LINE - Buy online at Ester\u00f3ides Online","isPartOf":{"@id":"https:\/\/iberoid-shop.com\/#website"},"primaryImageOfPage":{"@id":"https:\/\/iberoid.com\/pt\/product\/testoged-c-premium-line\/#primaryimage"},"image":{"@id":"https:\/\/iberoid.com\/pt\/product\/testoged-c-premium-line\/#primaryimage"},"thumbnailUrl":"https:\/\/iberoid.com\/wp-content\/uploads\/2024\/04\/cypp.jpg?v=1712263595","datePublished":"2024-04-04T20:50:00+00:00","dateModified":"2026-03-11T16:51:17+00:00","description":"TESTOGED C PREMIUM LINE has as its active substance testosterone cypionate, one of the testosterone esters. It is used in cures for considerable gains","breadcrumb":{"@id":"https:\/\/iberoid.com\/pt\/product\/testoged-c-premium-line\/#breadcrumb"},"inLanguage":"pt-PT","potentialAction":[{"@type":"ReadAction","target":[["https:\/\/iberoid.com\/pt\/product\/testoged-c-premium-line\/"]]}]},{"@type":"ImageObject","inLanguage":"pt-PT","@id":"https:\/\/iberoid.com\/pt\/product\/testoged-c-premium-line\/#primaryimage","url":"https:\/\/iberoid.com\/wp-content\/uploads\/2024\/04\/cypp.jpg?v=1712263595","contentUrl":"https:\/\/iberoid.com\/wp-content\/uploads\/2024\/04\/cypp.jpg?v=1712263595","width":1280,"height":1280,"caption":"TESTOGED C PREMIUM LINE"},{"@type":"BreadcrumbList","@id":"https:\/\/iberoid.com\/pt\/product\/testoged-c-premium-line\/#breadcrumb","itemListElement":[{"@type":"ListItem","position":1,"name":"Portada","item":"https:\/\/iberoid.com\/pt\/"},{"@type":"ListItem","position":2,"name":"Loja","item":"https:\/\/iberoid.com\/pt\/shop\/"},{"@type":"ListItem","position":3,"name":"TESTOGED C PREMIUM LINE"}]},{"@type":"WebSite","@id":"https:\/\/iberoid-shop.com\/#website","url":"https:\/\/iberoid-shop.com\/","name":"Ester\u00f3ides Online","description":"Compre ester\u00f3ides online hoje em Espanha e Portugal. Temos o melhor servi\u00e7o ao cliente do setor e produtos da mais alta qualidade","potentialAction":[{"@type":"SearchAction","target":{"@type":"EntryPoint","urlTemplate":"https:\/\/iberoid-shop.com\/?s={search_term_string}"},"query-input":{"@type":"PropertyValueSpecification","valueRequired":true,"valueName":"search_term_string"}}],"inLanguage":"pt-PT"}]},"product_brand":"Euro Prime Pharmaceuticals (EPF)","product_price_amount":"40.00","product_price_currency":"EUR","og_availability":"instock","product_availability":"instock","product_condition":"new"},"_links":{"self":[{"href":"https:\/\/iberoid.com\/pt\/wp-json\/wp\/v2\/product\/9320","targetHints":{"allow":["GET"]}}],"collection":[{"href":"https:\/\/iberoid.com\/pt\/wp-json\/wp\/v2\/product"}],"about":[{"href":"https:\/\/iberoid.com\/pt\/wp-json\/wp\/v2\/types\/product"}],"replies":[{"embeddable":true,"href":"https:\/\/iberoid.com\/pt\/wp-json\/wp\/v2\/comments?post=9320"}],"wp:featuredmedia":[{"embeddable":true,"href":"https:\/\/iberoid.com\/pt\/wp-json\/wp\/v2\/media\/9322"}],"wp:attachment":[{"href":"https:\/\/iberoid.com\/pt\/wp-json\/wp\/v2\/media?parent=9320"}],"wp:term":[{"taxonomy":"product_brand","embeddable":true,"href":"https:\/\/iberoid.com\/pt\/wp-json\/wp\/v2\/product_brand?post=9320"},{"taxonomy":"product_cat","embeddable":true,"href":"https:\/\/iberoid.com\/pt\/wp-json\/wp\/v2\/product_cat?post=9320"},{"taxonomy":"product_tag","embeddable":true,"href":"https:\/\/iberoid.com\/pt\/wp-json\/wp\/v2\/product_tag?post=9320"}],"curies":[{"name":"wp","href":"https:\/\/api.w.org\/{rel}","templated":true}]}}