{"id":9362,"date":"2024-04-14T11:53:32","date_gmt":"2024-04-14T11:53:32","guid":{"rendered":"https:\/\/iberoid.com\/?post_type=product&#038;p=9362"},"modified":"2025-02-10T16:39:21","modified_gmt":"2025-02-10T16:39:21","slug":"pack-3-cut-meds-150","status":"publish","type":"product","link":"https:\/\/iberoid.com\/pt\/product\/pack-3-cut-meds-150\/","title":{"rendered":"PACK 3 Cut Meds 150"},"content":{"rendered":"<p>PACK 3 CUT-STACK 150 MG \/ 30 AMPOLLAS<\/p>\n<p>Cut Meds 150 \u00e9 uma famosa mistura de tr\u00eas ester\u00f3ides \u2013 Propionato de Drostanolona , Propionato de Testosterona e Acetato de Trembolona em forma injet\u00e1vel.<br \/>\nAnteriormente, os fisiculturistas tinham que combinar esses tr\u00eas ester\u00f3ides ativos injetando-os separadamente, o que levava a ingest\u00f5es frequentes e custos muito mais elevados. Mas tudo isso mudou com a chegada do Cut Meds 150 ao mercado, pois tem tudo o que voc\u00ea precisa em uma s\u00f3 inje\u00e7\u00e3o. Cut Meds 150 ganhou aceita\u00e7\u00e3o pelo fato de apresentar excelentes resultados durante os ciclos de redu\u00e7\u00e3o, estimulando a perda de gordura e melhorando o desempenho atl\u00e9tico e f\u00edsico.<\/p>\n<p>Os principais efeitos do Cut Meds 150<\/p>\n<ul>\n<li>Usando Cut Meds 150, os atletas podem aumentar o ganho de massa muscular magra<\/li>\n<li>Aumentar o desempenho de for\u00e7a e resist\u00eancia<\/li>\n<li>O medicamento tamb\u00e9m ajuda a estimular a recupera\u00e7\u00e3o mais r\u00e1pida do tecido muscular e a acelerar significativamente a queima da gordura subcut\u00e2nea.<\/li>\n<li>Ajuda na drenagem de l\u00edquidos e requer aten\u00e7\u00e3o cuidadosa \u00e0 sa\u00fade das articula\u00e7\u00f5es e ligamentos!<\/li>\n<li>A motiva\u00e7\u00e3o intr\u00ednseca e o desejo de dar o seu melhor ao tomar este medicamento s\u00e3o incrivelmente elevados<\/li>\n<li>Aumento da libido e energia sexual durante um longo ciclo de uso<\/li>\n<\/ul>\n<p><strong>\u00a0<\/strong><\/p>\n<p>Como tomar a mistura de ester\u00f3ides<\/p>\n<p>Todas as dosagens do Cut Meds 150 devem ser tomadas de acordo com as necessidades do organismo, bem como as caracter\u00edsticas individuais do corpo do atleta, sua sensibilidade e toler\u00e2ncia aos componentes do esteroide.<\/p>\n<p>Cut Meds 150 cont\u00e9m : propionato de drostanolona \u2013 50 mg\/ml, propionato de testosterona \u2013 50 mg\/ml, acetato de trembolona \u2013 50 mg\/ml por 1 ml de solu\u00e7\u00e3o.<\/p>\n<p>Os iniciantes devem come\u00e7ar com uma dosagem de 150 mg uma vez por semana. Atletas mais avan\u00e7ados devem usar 300-450 mg por semana. Esta dosagem garante efic\u00e1cia suficiente no corpo. Atletas profissionais e fisiculturistas podem usar 2 ml deste medicamento por dia.<\/p>\n<p>O esteroide tamb\u00e9m pode ser combinado com Turinabol , Metenolona, Oxandrolona, mas para a maioria das pessoas apenas o Cut Meds 150 \u00e9 suficiente.<\/p>\n<p>Voc\u00ea deve consultar um especialista antes de iniciar um tratamento com ester\u00f3ide Cut Meds 150.<\/p>\n<p>Potenciais efeitos colaterais<\/p>\n<p>Os efeitos colaterais mais comuns associados ao uso de Cut Meds 150 s\u00e3o acne, cessa\u00e7\u00e3o tempor\u00e1ria da produ\u00e7\u00e3o de testosterona e aumento dos n\u00edveis de colesterol de baixa densidade. Al\u00e9m disso, um atleta deve adicionar \u0421abergolina ou algum medicamento semelhante ao tratamento com este medicamento. Isto pode eliminar os efeitos negativos causados pelas rea\u00e7\u00f5es progestog\u00eanicas.<\/p>\n<p>Por\u00e9m, vale lembrar que para evitar efeitos colaterais do uso desse medicamento, \u00e9 recomendado recorrer \u00e0 terapia p\u00f3s-c\u00edclica (PCT), em combina\u00e7\u00e3o com Tamoxifeno ou Clomifeno, refor\u00e7os de testosterona e vitaminas.<\/p>","protected":false},"excerpt":{"rendered":"<p>PACK 3 CUT-STACK 150 MG \/ 30 AMPOLLAS Cut Meds 150 \u00e9 uma famosa mistura de tr\u00eas ester\u00f3ides \u2013 Propionato<\/p>\n","protected":false},"featured_media":9364,"comment_status":"open","ping_status":"closed","template":"","meta":[],"product_brand":[],"product_cat":[69,3474],"product_tag":[],"class_list":{"0":"post-9362","1":"product","2":"type-product","3":"status-publish","4":"has-post-thumbnail","6":"product_cat-esteroides_inyectables","7":"product_cat-packs","9":"first","10":"outofstock","11":"sale","12":"shipping-taxable","13":"purchasable","14":"product-type-simple"},"yoast_head":"<!-- This site is optimized with the Yoast SEO Premium plugin v24.4 (Yoast SEO v27.3) - https:\/\/yoast.com\/product\/yoast-seo-premium-wordpress\/ -->\n<title>PACK 3 Cut Meds 150 - buy online at Ester\u00f3ides Online<\/title>\n<meta name=\"description\" content=\"PACK 3 Cut Meds 150 is a famous blend of three steroids \u2013 Drostanolone Propionate, Testosterone Propionate and Trenbolone Acetate in injectable form.\" \/>\n<meta name=\"robots\" content=\"index, follow, max-snippet:-1, max-image-preview:large, max-video-preview:-1\" \/>\n<link rel=\"canonical\" href=\"https:\/\/iberoid.com\/pt\/product\/pack-3-cut-meds-150\/\" \/>\n<meta property=\"og:locale\" content=\"pt_PT\" \/>\n<meta property=\"og:type\" content=\"article\" \/>\n<meta property=\"og:title\" content=\"PACK 3 Cut Meds 150\" \/>\n<meta property=\"og:description\" content=\"PACK 3 Cut Meds 150 is a famous blend of three steroids \u2013 Drostanolone Propionate, Testosterone Propionate and Trenbolone Acetate in injectable form.\" \/>\n<meta property=\"og:url\" content=\"https:\/\/iberoid.com\/pt\/product\/pack-3-cut-meds-150\/\" \/>\n<meta property=\"og:site_name\" content=\"Ester\u00f3ides Online\" \/>\n<meta property=\"article:modified_time\" content=\"2025-02-10T16:39:21+00:00\" \/>\n<meta property=\"og:image\" content=\"https:\/\/iberoid.com\/wp-content\/uploads\/2024\/04\/3cut.jpg?v=1713096168\" \/>\n\t<meta property=\"og:image:width\" content=\"2048\" \/>\n\t<meta property=\"og:image:height\" content=\"1536\" \/>\n\t<meta property=\"og:image:type\" content=\"image\/jpeg\" \/>\n<meta name=\"twitter:card\" content=\"summary_large_image\" \/>\n<meta name=\"twitter:label1\" content=\"pre\u00e7o\" \/>\n\t<meta name=\"twitter:data1\" content=\"&euro;90.00\" \/>\n\t<meta name=\"twitter:label2\" content=\"Disponibilidade\" \/>\n\t<meta name=\"twitter:data2\" content=\"Esgotado\" \/>\n<script type=\"application\/ld+json\" class=\"yoast-schema-graph\">{\"@context\":\"https:\\\/\\\/schema.org\",\"@graph\":[{\"@type\":\"WebPage\",\"@id\":\"https:\\\/\\\/iberoid.com\\\/pt\\\/product\\\/pack-3-cut-meds-150\\\/\",\"url\":\"https:\\\/\\\/iberoid.com\\\/pt\\\/product\\\/pack-3-cut-meds-150\\\/\",\"name\":\"PACK 3 Cut Meds 150 - buy online at Ester\u00f3ides Online\",\"isPartOf\":{\"@id\":\"https:\\\/\\\/iberoid.com\\\/pt\\\/#website\"},\"primaryImageOfPage\":{\"@id\":\"https:\\\/\\\/iberoid.com\\\/pt\\\/product\\\/pack-3-cut-meds-150\\\/#primaryimage\"},\"image\":{\"@id\":\"https:\\\/\\\/iberoid.com\\\/pt\\\/product\\\/pack-3-cut-meds-150\\\/#primaryimage\"},\"thumbnailUrl\":\"https:\\\/\\\/iberoid.com\\\/wp-content\\\/uploads\\\/2024\\\/04\\\/3cut.jpg?v=1713096168\",\"datePublished\":\"2024-04-14T11:53:32+00:00\",\"dateModified\":\"2025-02-10T16:39:21+00:00\",\"description\":\"PACK 3 Cut Meds 150 is a famous blend of three steroids \u2013 Drostanolone Propionate, Testosterone Propionate and Trenbolone Acetate in injectable form.\",\"breadcrumb\":{\"@id\":\"https:\\\/\\\/iberoid.com\\\/pt\\\/product\\\/pack-3-cut-meds-150\\\/#breadcrumb\"},\"inLanguage\":\"pt-PT\",\"potentialAction\":[{\"@type\":\"ReadAction\",\"target\":[[\"https:\\\/\\\/iberoid.com\\\/pt\\\/product\\\/pack-3-cut-meds-150\\\/\"]]}]},{\"@type\":\"ImageObject\",\"inLanguage\":\"pt-PT\",\"@id\":\"https:\\\/\\\/iberoid.com\\\/pt\\\/product\\\/pack-3-cut-meds-150\\\/#primaryimage\",\"url\":\"https:\\\/\\\/iberoid.com\\\/wp-content\\\/uploads\\\/2024\\\/04\\\/3cut.jpg?v=1713096168\",\"contentUrl\":\"https:\\\/\\\/iberoid.com\\\/wp-content\\\/uploads\\\/2024\\\/04\\\/3cut.jpg?v=1713096168\",\"width\":2048,\"height\":1536,\"caption\":\"PACK 3 Cut Meds 150\"},{\"@type\":\"BreadcrumbList\",\"@id\":\"https:\\\/\\\/iberoid.com\\\/pt\\\/product\\\/pack-3-cut-meds-150\\\/#breadcrumb\",\"itemListElement\":[{\"@type\":\"ListItem\",\"position\":1,\"name\":\"Portada\",\"item\":\"https:\\\/\\\/iberoid.com\\\/pt\\\/\"},{\"@type\":\"ListItem\",\"position\":2,\"name\":\"Loja\",\"item\":\"https:\\\/\\\/iberoid.com\\\/pt\\\/shop\\\/\"},{\"@type\":\"ListItem\",\"position\":3,\"name\":\"PACK 3 Cut Meds 150\"}]},{\"@type\":\"WebSite\",\"@id\":\"https:\\\/\\\/iberoid.com\\\/pt\\\/#website\",\"url\":\"https:\\\/\\\/iberoid.com\\\/pt\\\/\",\"name\":\"Ester\u00f3ides Online\",\"description\":\"Compre ester\u00f3ides online hoje em Espanha e Portugal. Temos o melhor servi\u00e7o ao cliente do setor e produtos da mais alta qualidade\",\"potentialAction\":[{\"@type\":\"SearchAction\",\"target\":{\"@type\":\"EntryPoint\",\"urlTemplate\":\"https:\\\/\\\/iberoid.com\\\/pt\\\/?s={search_term_string}\"},\"query-input\":{\"@type\":\"PropertyValueSpecification\",\"valueRequired\":true,\"valueName\":\"search_term_string\"}}],\"inLanguage\":\"pt-PT\"}]}<\/script>\n<meta property=\"product:brand\" content=\"Vitality Meds\" \/>\n<meta property=\"product:price:amount\" content=\"90.00\" \/>\n<meta property=\"product:price:currency\" content=\"EUR\" \/>\n<meta property=\"og:availability\" content=\"out of stock\" \/>\n<meta property=\"product:availability\" content=\"out of stock\" \/>\n<meta property=\"product:condition\" content=\"new\" \/>\n<!-- \/ Yoast SEO Premium plugin. -->","yoast_head_json":{"title":"PACK 3 Cut Meds 150 - buy online at Ester\u00f3ides Online","description":"PACK 3 Cut Meds 150 is a famous blend of three steroids \u2013 Drostanolone Propionate, Testosterone Propionate and Trenbolone Acetate in injectable form.","robots":{"index":"index","follow":"follow","max-snippet":"max-snippet:-1","max-image-preview":"max-image-preview:large","max-video-preview":"max-video-preview:-1"},"canonical":"https:\/\/iberoid.com\/pt\/product\/pack-3-cut-meds-150\/","og_locale":"pt_PT","og_type":"article","og_title":"PACK 3 Cut Meds 150","og_description":"PACK 3 Cut Meds 150 is a famous blend of three steroids \u2013 Drostanolone Propionate, Testosterone Propionate and Trenbolone Acetate in injectable form.","og_url":"https:\/\/iberoid.com\/pt\/product\/pack-3-cut-meds-150\/","og_site_name":"Ester\u00f3ides Online","article_modified_time":"2025-02-10T16:39:21+00:00","og_image":[{"width":2048,"height":1536,"url":"https:\/\/iberoid.com\/wp-content\/uploads\/2024\/04\/3cut.jpg?v=1713096168","type":"image\/jpeg"}],"twitter_card":"summary_large_image","twitter_misc":{"pre\u00e7o":"&euro;90.00","Disponibilidade":"Esgotado"},"schema":{"@context":"https:\/\/schema.org","@graph":[{"@type":"WebPage","@id":"https:\/\/iberoid.com\/pt\/product\/pack-3-cut-meds-150\/","url":"https:\/\/iberoid.com\/pt\/product\/pack-3-cut-meds-150\/","name":"PACK 3 Cut Meds 150 - buy online at Ester\u00f3ides Online","isPartOf":{"@id":"https:\/\/iberoid.com\/pt\/#website"},"primaryImageOfPage":{"@id":"https:\/\/iberoid.com\/pt\/product\/pack-3-cut-meds-150\/#primaryimage"},"image":{"@id":"https:\/\/iberoid.com\/pt\/product\/pack-3-cut-meds-150\/#primaryimage"},"thumbnailUrl":"https:\/\/iberoid.com\/wp-content\/uploads\/2024\/04\/3cut.jpg?v=1713096168","datePublished":"2024-04-14T11:53:32+00:00","dateModified":"2025-02-10T16:39:21+00:00","description":"PACK 3 Cut Meds 150 is a famous blend of three steroids \u2013 Drostanolone Propionate, Testosterone Propionate and Trenbolone Acetate in injectable form.","breadcrumb":{"@id":"https:\/\/iberoid.com\/pt\/product\/pack-3-cut-meds-150\/#breadcrumb"},"inLanguage":"pt-PT","potentialAction":[{"@type":"ReadAction","target":[["https:\/\/iberoid.com\/pt\/product\/pack-3-cut-meds-150\/"]]}]},{"@type":"ImageObject","inLanguage":"pt-PT","@id":"https:\/\/iberoid.com\/pt\/product\/pack-3-cut-meds-150\/#primaryimage","url":"https:\/\/iberoid.com\/wp-content\/uploads\/2024\/04\/3cut.jpg?v=1713096168","contentUrl":"https:\/\/iberoid.com\/wp-content\/uploads\/2024\/04\/3cut.jpg?v=1713096168","width":2048,"height":1536,"caption":"PACK 3 Cut Meds 150"},{"@type":"BreadcrumbList","@id":"https:\/\/iberoid.com\/pt\/product\/pack-3-cut-meds-150\/#breadcrumb","itemListElement":[{"@type":"ListItem","position":1,"name":"Portada","item":"https:\/\/iberoid.com\/pt\/"},{"@type":"ListItem","position":2,"name":"Loja","item":"https:\/\/iberoid.com\/pt\/shop\/"},{"@type":"ListItem","position":3,"name":"PACK 3 Cut Meds 150"}]},{"@type":"WebSite","@id":"https:\/\/iberoid.com\/pt\/#website","url":"https:\/\/iberoid.com\/pt\/","name":"Ester\u00f3ides Online","description":"Compre ester\u00f3ides online hoje em Espanha e Portugal. Temos o melhor servi\u00e7o ao cliente do setor e produtos da mais alta qualidade","potentialAction":[{"@type":"SearchAction","target":{"@type":"EntryPoint","urlTemplate":"https:\/\/iberoid.com\/pt\/?s={search_term_string}"},"query-input":{"@type":"PropertyValueSpecification","valueRequired":true,"valueName":"search_term_string"}}],"inLanguage":"pt-PT"}]},"product_brand":"Vitality Meds","product_price_amount":"90.00","product_price_currency":"EUR","og_availability":"out of stock","product_availability":"out of stock","product_condition":"new"},"_links":{"self":[{"href":"https:\/\/iberoid.com\/pt\/wp-json\/wp\/v2\/product\/9362","targetHints":{"allow":["GET"]}}],"collection":[{"href":"https:\/\/iberoid.com\/pt\/wp-json\/wp\/v2\/product"}],"about":[{"href":"https:\/\/iberoid.com\/pt\/wp-json\/wp\/v2\/types\/product"}],"replies":[{"embeddable":true,"href":"https:\/\/iberoid.com\/pt\/wp-json\/wp\/v2\/comments?post=9362"}],"wp:featuredmedia":[{"embeddable":true,"href":"https:\/\/iberoid.com\/pt\/wp-json\/wp\/v2\/media\/9364"}],"wp:attachment":[{"href":"https:\/\/iberoid.com\/pt\/wp-json\/wp\/v2\/media?parent=9362"}],"wp:term":[{"taxonomy":"product_brand","embeddable":true,"href":"https:\/\/iberoid.com\/pt\/wp-json\/wp\/v2\/product_brand?post=9362"},{"taxonomy":"product_cat","embeddable":true,"href":"https:\/\/iberoid.com\/pt\/wp-json\/wp\/v2\/product_cat?post=9362"},{"taxonomy":"product_tag","embeddable":true,"href":"https:\/\/iberoid.com\/pt\/wp-json\/wp\/v2\/product_tag?post=9362"}],"curies":[{"name":"wp","href":"https:\/\/api.w.org\/{rel}","templated":true}]}}